{"id":21115,"date":"2024-02-16T12:47:43","date_gmt":"2024-02-16T11:47:43","guid":{"rendered":"https:\/\/rls-wacon.de\/hazte-socio\/"},"modified":"2025-05-08T11:23:05","modified_gmt":"2025-05-08T09:23:05","slug":"hazte-socio","status":"publish","type":"page","link":"https:\/\/rls-wacon.de\/es\/hazte-socio\/","title":{"rendered":"Hazte socio"},"content":{"rendered":"\t\t<div data-elementor-type=\"wp-page\" data-elementor-id=\"21115\" class=\"elementor elementor-21115 elementor-4406\" wpc-filter-elementor-widget=\"1\" data-elementor-post-type=\"page\">\n\t\t\t\t<div class=\"elementor-element elementor-element-1227930 e-con-full e-flex e-con e-parent\" data-id=\"1227930\" data-element_type=\"container\" data-e-type=\"container\" data-settings=\"{&quot;background_background&quot;:&quot;classic&quot;}\">\n\t\t<div class=\"elementor-element elementor-element-883d344 e-con-full e-flex e-con e-child\" data-id=\"883d344\" data-element_type=\"container\" data-e-type=\"container\" data-settings=\"{&quot;background_background&quot;:&quot;classic&quot;}\">\n\t\t\t\t<div class=\"elementor-element elementor-element-b85c374 elementor-widget elementor-widget-heading\" data-id=\"b85c374\" data-element_type=\"widget\" data-e-type=\"widget\" data-widget_type=\"heading.default\">\n\t\t\t\t\t<h1 class=\"elementor-heading-title elementor-size-default\">Hazte socio<\/h1>\t\t\t\t<\/div>\n\t\t\t\t<\/div>\n\t\t\t\t<\/div>\n\t\t<div class=\"elementor-element elementor-element-4ed8ef5 e-con-full e-flex e-con e-parent\" data-id=\"4ed8ef5\" data-element_type=\"container\" data-e-type=\"container\" data-settings=\"{&quot;background_background&quot;:&quot;classic&quot;}\">\n\t\t\t\t<div class=\"elementor-element elementor-element-a0ac90c elementor-widget__width-initial elementor-widget-tablet__width-inherit elementor-widget elementor-widget-text-editor\" data-id=\"a0ac90c\" data-element_type=\"widget\" data-e-type=\"widget\" data-widget_type=\"text-editor.default\">\n\t\t\t\t\t\t\t\t\t<div class=\"uk-panel uk-margin\"><p>Somos especialistas en tecnolog\u00eda de medici\u00f3n qu\u00edmica de diversos par\u00e1metros del agua para el tratamiento de aguas industriales.<\/p><p>Te ofrecemos una amplia gama de equipos de prueba manuales y tambi\u00e9n una serie de analizadores autom\u00e1ticos para el control continuo de plantas industriales. Nos centramos en el desarrollo y la producci\u00f3n de aparatos de medici\u00f3n y reactivos qu\u00edmicos. <\/p><p>Siempre buscamos socios comprometidos que quieran utilizar nuestra tecnolog\u00eda de medici\u00f3n en sus propios sistemas o instalarla en proyectos de modernizaci\u00f3n sobre el terreno.<\/p><\/div>\t\t\t\t\t\t\t\t<\/div>\n\t\t\t\t<div class=\"elementor-element elementor-element-9027f95 elementor-widget__width-initial elementor-widget-tablet__width-inherit elementor-widget elementor-widget-image\" data-id=\"9027f95\" data-element_type=\"widget\" data-e-type=\"widget\" data-widget_type=\"image.default\">\n\t\t\t\t\t\t\t\t\t\t\t\t\t\t\t<img fetchpriority=\"high\" decoding=\"async\" width=\"688\" height=\"530\" src=\"https:\/\/rls-wacon.de\/wp-content\/uploads\/2023\/03\/Prufung.jpg\" class=\"attachment-full size-full wp-image-1141\" alt=\"Prufung\" srcset=\"https:\/\/rls-wacon.de\/wp-content\/uploads\/2023\/03\/Prufung.jpg 688w, https:\/\/rls-wacon.de\/wp-content\/uploads\/2023\/03\/Prufung-300x231.jpg 300w, https:\/\/rls-wacon.de\/wp-content\/uploads\/2023\/03\/Prufung-600x462.jpg 600w\" sizes=\"(max-width: 688px) 100vw, 688px\" \/>\t\t\t\t\t\t\t\t\t\t\t\t\t\t\t<\/div>\n\t\t\t\t<\/div>\n\t\t<div class=\"elementor-element elementor-element-0e9eea9 e-con-full e-flex e-con e-parent\" data-id=\"0e9eea9\" data-element_type=\"container\" data-e-type=\"container\" data-settings=\"{&quot;background_background&quot;:&quot;classic&quot;}\">\n\t\t\t\t<div class=\"elementor-element elementor-element-c3e54aa elementor-widget__width-initial elementor-widget-tablet__width-initial elementor-widget elementor-widget-text-editor\" data-id=\"c3e54aa\" data-element_type=\"widget\" data-e-type=\"widget\" data-widget_type=\"text-editor.default\">\n\t\t\t\t\t\t\t\t\t<div class=\"uk-panel uk-margin\"><p>Ampl\u00eda tu cartera de productos con soluciones potentes e innovadoras para el tratamiento del agua. Gracias a tus comentarios, adaptamos constantemente los aparatos a las necesidades actuales. <\/p><p>Como desarrolladores y productores de tecnolog\u00eda de medici\u00f3n segura, nos gustar\u00eda asumir retos contigo como futuro socio y realizarlos juntos.<\/p><p>Si quieres probar nuestros productos o est\u00e1s interesado en una asociaci\u00f3n, estamos deseando conocerte.<\/p><\/div>\t\t\t\t\t\t\t\t<\/div>\n\t\t<div class=\"elementor-element elementor-element-7bf9840 e-con-full e-flex e-con e-child\" data-id=\"7bf9840\" data-element_type=\"container\" data-e-type=\"container\" data-settings=\"{&quot;background_background&quot;:&quot;classic&quot;}\">\n\t\t\t\t<div class=\"elementor-element elementor-element-9ee97f3 elementor-widget elementor-widget-heading\" data-id=\"9ee97f3\" data-element_type=\"widget\" data-e-type=\"widget\" data-widget_type=\"heading.default\">\n\t\t\t\t\t<h4 class=\"elementor-heading-title elementor-size-default\">Puedes contactar con nosotros en\n<\/h4>\t\t\t\t<\/div>\n\t\t\t\t<div class=\"elementor-element elementor-element-200b6c9 elementor-icon-list--layout-traditional elementor-list-item-link-full_width elementor-widget elementor-widget-icon-list\" data-id=\"200b6c9\" data-element_type=\"widget\" data-e-type=\"widget\" data-widget_type=\"icon-list.default\">\n\t\t\t\t\t\t\t<ul class=\"elementor-icon-list-items\">\n\t\t\t\t\t\t\t<li class=\"elementor-icon-list-item\">\n\t\t\t\t\t\t\t\t\t\t\t<a href=\"mailto:\/\/info@rls-wacon.de\" rel=\"nofollow\">\n\n\t\t\t\t\t\t\t\t\t\t\t\t<span class=\"elementor-icon-list-icon\">\n\t\t\t\t\t\t\t<svg aria-hidden=\"true\" class=\"e-font-icon-svg e-fas-mail-bulk\" viewBox=\"0 0 576 512\" xmlns=\"http:\/\/www.w3.org\/2000\/svg\"><path d=\"M160 448c-25.6 0-51.2-22.4-64-32-64-44.8-83.2-60.8-96-70.4V480c0 17.67 14.33 32 32 32h256c17.67 0 32-14.33 32-32V345.6c-12.8 9.6-32 25.6-96 70.4-12.8 9.6-38.4 32-64 32zm128-192H32c-17.67 0-32 14.33-32 32v16c25.6 19.2 22.4 19.2 115.2 86.4 9.6 6.4 28.8 25.6 44.8 25.6s35.2-19.2 44.8-22.4c92.8-67.2 89.6-67.2 115.2-86.4V288c0-17.67-14.33-32-32-32zm256-96H224c-17.67 0-32 14.33-32 32v32h96c33.21 0 60.59 25.42 63.71 57.82l.29-.22V416h192c17.67 0 32-14.33 32-32V192c0-17.67-14.33-32-32-32zm-32 128h-64v-64h64v64zm-352-96c0-35.29 28.71-64 64-64h224V32c0-17.67-14.33-32-32-32H96C78.33 0 64 14.33 64 32v192h96v-32z\"><\/path><\/svg>\t\t\t\t\t\t<\/span>\n\t\t\t\t\t\t\t\t\t\t<span class=\"elementor-icon-list-text\">info@rls-wacon.de<\/span>\n\t\t\t\t\t\t\t\t\t\t\t<\/a>\n\t\t\t\t\t\t\t\t\t<\/li>\n\t\t\t\t\t\t\t\t<li class=\"elementor-icon-list-item\">\n\t\t\t\t\t\t\t\t\t\t\t<a href=\"tel:\/\/+495121281260\">\n\n\t\t\t\t\t\t\t\t\t\t\t\t<span class=\"elementor-icon-list-icon\">\n\t\t\t\t\t\t\t<svg aria-hidden=\"true\" class=\"e-font-icon-svg e-fas-phone-alt\" viewBox=\"0 0 512 512\" xmlns=\"http:\/\/www.w3.org\/2000\/svg\"><path d=\"M497.39 361.8l-112-48a24 24 0 0 0-28 6.9l-49.6 60.6A370.66 370.66 0 0 1 130.6 204.11l60.6-49.6a23.94 23.94 0 0 0 6.9-28l-48-112A24.16 24.16 0 0 0 122.6.61l-104 24A24 24 0 0 0 0 48c0 256.5 207.9 464 464 464a24 24 0 0 0 23.4-18.6l24-104a24.29 24.29 0 0 0-14.01-27.6z\"><\/path><\/svg>\t\t\t\t\t\t<\/span>\n\t\t\t\t\t\t\t\t\t\t<span class=\"elementor-icon-list-text\">+49 (0) 5121 28126 - 0  <\/span>\n\t\t\t\t\t\t\t\t\t\t\t<\/a>\n\t\t\t\t\t\t\t\t\t<\/li>\n\t\t\t\t\t\t\t\t<li class=\"elementor-icon-list-item\">\n\t\t\t\t\t\t\t\t\t\t\t<a href=\"tel:\/\/+4951212812620\">\n\n\t\t\t\t\t\t\t\t\t\t\t\t<span class=\"elementor-icon-list-icon\">\n\t\t\t\t\t\t\t<svg aria-hidden=\"true\" class=\"e-font-icon-svg e-fas-fax\" viewBox=\"0 0 512 512\" xmlns=\"http:\/\/www.w3.org\/2000\/svg\"><path d=\"M480 160V77.25a32 32 0 0 0-9.38-22.63L425.37 9.37A32 32 0 0 0 402.75 0H160a32 32 0 0 0-32 32v448a32 32 0 0 0 32 32h320a32 32 0 0 0 32-32V192a32 32 0 0 0-32-32zM288 432a16 16 0 0 1-16 16h-32a16 16 0 0 1-16-16v-32a16 16 0 0 1 16-16h32a16 16 0 0 1 16 16zm0-128a16 16 0 0 1-16 16h-32a16 16 0 0 1-16-16v-32a16 16 0 0 1 16-16h32a16 16 0 0 1 16 16zm128 128a16 16 0 0 1-16 16h-32a16 16 0 0 1-16-16v-32a16 16 0 0 1 16-16h32a16 16 0 0 1 16 16zm0-128a16 16 0 0 1-16 16h-32a16 16 0 0 1-16-16v-32a16 16 0 0 1 16-16h32a16 16 0 0 1 16 16zm0-112H192V64h160v48a16 16 0 0 0 16 16h48zM64 128H32a32 32 0 0 0-32 32v320a32 32 0 0 0 32 32h32a32 32 0 0 0 32-32V160a32 32 0 0 0-32-32z\"><\/path><\/svg>\t\t\t\t\t\t<\/span>\n\t\t\t\t\t\t\t\t\t\t<span class=\"elementor-icon-list-text\">+49 (0) 5121 28126 - 20<\/span>\n\t\t\t\t\t\t\t\t\t\t\t<\/a>\n\t\t\t\t\t\t\t\t\t<\/li>\n\t\t\t\t\t\t<\/ul>\n\t\t\t\t\t\t<\/div>\n\t\t\t\t<\/div>\n\t\t\t\t<\/div>\n\t\t<div class=\"elementor-element elementor-element-940f565 e-con-full e-flex e-con e-parent\" data-id=\"940f565\" data-element_type=\"container\" data-e-type=\"container\" data-settings=\"{&quot;background_background&quot;:&quot;classic&quot;}\">\n\t\t<div class=\"elementor-element elementor-element-cd815b0 e-con-full e-flex e-con e-child\" data-id=\"cd815b0\" data-element_type=\"container\" data-e-type=\"container\" data-settings=\"{&quot;background_background&quot;:&quot;classic&quot;}\">\n\t\t\t\t<div class=\"elementor-element elementor-element-ef733a0 elementor-widget elementor-widget-heading\" data-id=\"ef733a0\" data-element_type=\"widget\" data-e-type=\"widget\" data-widget_type=\"heading.default\">\n\t\t\t\t\t<h1 class=\"elementor-heading-title elementor-size-default\">Benef\u00edciate de las ventajas de nuestro programa de socios<br><\/h1>\t\t\t\t<\/div>\n\t\t\t\t<\/div>\n\t\t\t\t<\/div>\n\t\t<div class=\"elementor-element elementor-element-37e146a e-con-full e-flex e-con e-parent\" data-id=\"37e146a\" data-element_type=\"container\" data-e-type=\"container\" data-settings=\"{&quot;background_background&quot;:&quot;classic&quot;}\">\n\t\t<div class=\"elementor-element elementor-element-be564bf e-con-full e-flex e-con e-child\" data-id=\"be564bf\" data-element_type=\"container\" data-e-type=\"container\">\n\t\t\t\t<div class=\"elementor-element elementor-element-13a82df headline-oem elementor-widget elementor-widget-heading\" data-id=\"13a82df\" data-element_type=\"widget\" data-e-type=\"widget\" data-widget_type=\"heading.default\">\n\t\t\t\t\t<h2 class=\"elementor-heading-title elementor-size-default\">Descuentos independientes de las ventas del a\u00f1o anterior  <\/h2>\t\t\t\t<\/div>\n\t\t\t\t<div class=\"elementor-element elementor-element-ad46211 elementor-widget elementor-widget-text-editor\" data-id=\"ad46211\" data-element_type=\"widget\" data-e-type=\"widget\" data-widget_type=\"text-editor.default\">\n\t\t\t\t\t\t\t\t\t<div class=\"el-content uk-panel uk-margin-top\">\n<p>Te ofrecemos un descuento sobre nuestro precio de cat\u00e1logo, independientemente de las ventas del a\u00f1o anterior. Esto significa que te beneficias de condiciones favorables desde el principio. <\/p>\n<\/div>\t\t\t\t\t\t\t\t<\/div>\n\t\t\t\t<\/div>\n\t\t<div class=\"elementor-element elementor-element-b36f50d e-con-full e-flex e-con e-child\" data-id=\"b36f50d\" data-element_type=\"container\" data-e-type=\"container\">\n\t\t\t\t<div class=\"elementor-element elementor-element-b937ddb headline-oem elementor-widget elementor-widget-heading\" data-id=\"b937ddb\" data-element_type=\"widget\" data-e-type=\"widget\" data-widget_type=\"heading.default\">\n\t\t\t\t\t<h2 class=\"elementor-heading-title elementor-size-default\">Productos personalizados con tu nombre  <\/h2>\t\t\t\t<\/div>\n\t\t\t\t<div class=\"elementor-element elementor-element-54001e5 elementor-widget elementor-widget-text-editor\" data-id=\"54001e5\" data-element_type=\"widget\" data-e-type=\"widget\" data-widget_type=\"text-editor.default\">\n\t\t\t\t\t\t\t\t\t<div class=\"el-content uk-panel uk-margin-top\">\n<p>Para reforzar la fidelidad de tus clientes, podemos imprimir tus datos de contacto en nuestros productos, como equipos de prueba, aparatos e indicadores, si lo solicitas.<\/p>\n<\/div>\t\t\t\t\t\t\t\t<\/div>\n\t\t\t\t<\/div>\n\t\t<div class=\"elementor-element elementor-element-f19bbe4 e-con-full e-flex e-con e-child\" data-id=\"f19bbe4\" data-element_type=\"container\" data-e-type=\"container\">\n\t\t\t\t<div class=\"elementor-element elementor-element-f0d5038 headline-oem elementor-widget elementor-widget-heading\" data-id=\"f0d5038\" data-element_type=\"widget\" data-e-type=\"widget\" data-widget_type=\"heading.default\">\n\t\t\t\t\t<h2 class=\"elementor-heading-title elementor-size-default\">Servicio y asistencia ampliados  <\/h2>\t\t\t\t<\/div>\n\t\t\t\t<div class=\"elementor-element elementor-element-691371c elementor-widget elementor-widget-text-editor\" data-id=\"691371c\" data-element_type=\"widget\" data-e-type=\"widget\" data-widget_type=\"text-editor.default\">\n\t\t\t\t\t\t\t\t\t<div class=\"el-content uk-panel uk-margin-top\">\n<p>Formamos a tu equipo sobre nuestros productos y proporcionamos ayuda y asesoramiento fiables cuando se requiere servicio. Siempre tenemos en stock piezas de repuesto, consumibles y dispositivos de sustituci\u00f3n completos para que tu cliente pueda recibir ayuda r\u00e1pidamente incluso en caso de problemas graves. <\/p>\n<\/div>\t\t\t\t\t\t\t\t<\/div>\n\t\t\t\t<\/div>\n\t\t\t\t<\/div>\n\t\t<div class=\"elementor-element elementor-element-e4965b6 e-con-full e-flex e-con e-parent\" data-id=\"e4965b6\" data-element_type=\"container\" data-e-type=\"container\" data-settings=\"{&quot;background_background&quot;:&quot;classic&quot;}\">\n\t\t<div class=\"elementor-element elementor-element-5eb4314 e-con-full e-flex e-con e-child\" data-id=\"5eb4314\" data-element_type=\"container\" data-e-type=\"container\">\n\t\t\t\t<div class=\"elementor-element elementor-element-d395664 headline-oem elementor-widget elementor-widget-heading\" data-id=\"d395664\" data-element_type=\"widget\" data-e-type=\"widget\" data-widget_type=\"heading.default\">\n\t\t\t\t\t<h2 class=\"elementor-heading-title elementor-size-default\">Acuerdos marco con acciones rescatables  <\/h2>\t\t\t\t<\/div>\n\t\t\t\t<div class=\"elementor-element elementor-element-cd84c0f elementor-widget elementor-widget-text-editor\" data-id=\"cd84c0f\" data-element_type=\"widget\" data-e-type=\"widget\" data-widget_type=\"text-editor.default\">\n\t\t\t\t\t\t\t\t\t<div class=\"el-content uk-panel uk-margin-top\">\n<p>A veces, las cosas tienen que suceder r\u00e1pidamente. Nos complace ofrecer a nuestros socios acuerdos marco. En ellos, podemos acordar que siempre tendremos tus productos disponibles en nuestros almacenes. Los productos estar\u00e1n listos para su env\u00edo directo a ti o a tu cliente.   <\/p>\n<\/div>\t\t\t\t\t\t\t\t<\/div>\n\t\t\t\t<\/div>\n\t\t<div class=\"elementor-element elementor-element-2c637d7 e-con-full e-flex e-con e-child\" data-id=\"2c637d7\" data-element_type=\"container\" data-e-type=\"container\">\n\t\t\t\t<div class=\"elementor-element elementor-element-90368d0 headline-oem elementor-widget elementor-widget-heading\" data-id=\"90368d0\" data-element_type=\"widget\" data-e-type=\"widget\" data-widget_type=\"heading.default\">\n\t\t\t\t\t<h2 class=\"elementor-heading-title elementor-size-default\">Influir en nuevos productos y funciones  <\/h2>\t\t\t\t<\/div>\n\t\t\t\t<div class=\"elementor-element elementor-element-51c8b98 elementor-widget elementor-widget-text-editor\" data-id=\"51c8b98\" data-element_type=\"widget\" data-e-type=\"widget\" data-widget_type=\"text-editor.default\">\n\t\t\t\t\t\t\t\t\t<div class=\"el-content uk-panel uk-margin-top\">\n<p>Nuestro equipo de desarrollo ampl\u00eda continuamente la cartera y mejora los productos. Tus comentarios son la mayor ayuda en este sentido. Por eso nos complace recibir sugerencias de mejora, que pondremos en pr\u00e1ctica y probaremos y perfeccionaremos contigo.  <\/p>\n<\/div>\t\t\t\t\t\t\t\t<\/div>\n\t\t\t\t<\/div>\n\t\t<div class=\"elementor-element elementor-element-6f15e46 e-con-full e-flex e-con e-child\" data-id=\"6f15e46\" data-element_type=\"container\" data-e-type=\"container\">\n\t\t\t\t<div class=\"elementor-element elementor-element-3eba4a1 headline-oem elementor-widget elementor-widget-heading\" data-id=\"3eba4a1\" data-element_type=\"widget\" data-e-type=\"widget\" data-widget_type=\"heading.default\">\n\t\t\t\t\t<h2 class=\"elementor-heading-title elementor-size-default\">Material de marketing para complementar tus ofertas  <\/h2>\t\t\t\t<\/div>\n\t\t\t\t<div class=\"elementor-element elementor-element-7e71b3c elementor-widget elementor-widget-text-editor\" data-id=\"7e71b3c\" data-element_type=\"widget\" data-e-type=\"widget\" data-widget_type=\"text-editor.default\">\n\t\t\t\t\t\t\t\t\t<div class=\"el-content uk-panel uk-margin-top\">\n<p>Apoyamos tu organizaci\u00f3n de ventas. Recibir\u00e1s de nosotros folletos y cat\u00e1logos de productos, que podr\u00e1s entregar a tus clientes con ofertas y en ferias. <\/p>\n<\/div>\t\t\t\t\t\t\t\t<\/div>\n\t\t\t\t<\/div>\n\t\t\t\t<\/div>\n\t\t<div class=\"elementor-element elementor-element-3902427 e-flex e-con-boxed e-con e-parent\" data-id=\"3902427\" data-element_type=\"container\" data-e-type=\"container\" data-settings=\"{&quot;shape_divider_top&quot;:&quot;waves&quot;}\">\n\t\t\t\t\t<div class=\"e-con-inner\">\n\t\t\t\t<div class=\"elementor-shape elementor-shape-top\" aria-hidden=\"true\" data-negative=\"false\">\n\t\t\t<svg xmlns=\"http:\/\/www.w3.org\/2000\/svg\" viewBox=\"0 0 1000 100\" preserveAspectRatio=\"none\">\n\t<path class=\"elementor-shape-fill\" d=\"M421.9,6.5c22.6-2.5,51.5,0.4,75.5,5.3c23.6,4.9,70.9,23.5,100.5,35.7c75.8,32.2,133.7,44.5,192.6,49.7\n\tc23.6,2.1,48.7,3.5,103.4-2.5c54.7-6,106.2-25.6,106.2-25.6V0H0v30.3c0,0,72,32.6,158.4,30.5c39.2-0.7,92.8-6.7,134-22.4\n\tc21.2-8.1,52.2-18.2,79.7-24.2C399.3,7.9,411.6,7.5,421.9,6.5z\"\/>\n<\/svg>\t\t<\/div>\n\t\t\t\t\t<\/div>\n\t\t\t\t<\/div>\n\t\t\t\t<\/div>\n\t\t","protected":false},"excerpt":{"rendered":"<p>Hazte socio Somos especialistas en tecnolog\u00eda de medici\u00f3n qu\u00edmica de diversos par\u00e1metros del agua para el tratamiento de aguas industriales. Te ofrecemos una amplia gama de equipos de prueba manuales y tambi\u00e9n una serie de analizadores autom\u00e1ticos para el control continuo de plantas industriales. Nos centramos en el desarrollo y la producci\u00f3n de aparatos de [&hellip;]<\/p>\n","protected":false},"author":4,"featured_media":0,"parent":0,"menu_order":0,"comment_status":"closed","ping_status":"closed","template":"","meta":{"_acf_changed":false,"footnotes":""},"class_list":["post-21115","page","type-page","status-publish","hentry"],"acf":[],"yoast_head":"<!-- This site is optimized with the Yoast SEO Premium plugin v27.3 (Yoast SEO v27.3) - https:\/\/yoast.com\/product\/yoast-seo-premium-wordpress\/ -->\n<title>Hazte socio - RLS Wacon analytics<\/title>\n<meta name=\"robots\" content=\"index, follow, max-snippet:-1, max-image-preview:large, max-video-preview:-1\" \/>\n<link rel=\"canonical\" href=\"https:\/\/rls-wacon.de\/partner-werden\/\" \/>\n<meta property=\"og:locale\" content=\"es_ES\" \/>\n<meta property=\"og:type\" content=\"article\" \/>\n<meta property=\"og:title\" content=\"Hazte socio\" \/>\n<meta property=\"og:description\" content=\"Hazte socio Somos especialistas en tecnolog\u00eda de medici\u00f3n qu\u00edmica de diversos par\u00e1metros del agua para el tratamiento de aguas industriales. Te ofrecemos una amplia gama de equipos de prueba manuales y tambi\u00e9n una serie de analizadores autom\u00e1ticos para el control continuo de plantas industriales. Nos centramos en el desarrollo y la producci\u00f3n de aparatos de [&hellip;]\" \/>\n<meta property=\"og:url\" content=\"https:\/\/rls-wacon.de\/partner-werden\/\" \/>\n<meta property=\"og:site_name\" content=\"RLS Wacon analytics\" \/>\n<meta property=\"article:modified_time\" content=\"2025-05-08T09:23:05+00:00\" \/>\n<meta property=\"og:image\" content=\"https:\/\/rls-wacon.de\/wp-content\/uploads\/2023\/03\/Prufung.jpg\" \/>\n\t<meta property=\"og:image:width\" content=\"688\" \/>\n\t<meta property=\"og:image:height\" content=\"530\" \/>\n\t<meta property=\"og:image:type\" content=\"image\/jpeg\" \/>\n<meta name=\"twitter:card\" content=\"summary_large_image\" \/>\n<meta name=\"twitter:label1\" content=\"Tiempo de lectura\" \/>\n\t<meta name=\"twitter:data1\" content=\"2 minutos\" \/>\n<script type=\"application\/ld+json\" class=\"yoast-schema-graph\">{\"@context\":\"https:\\\/\\\/schema.org\",\"@graph\":[{\"@type\":\"WebPage\",\"@id\":\"https:\\\/\\\/rls-wacon.de\\\/partner-werden\\\/\",\"url\":\"https:\\\/\\\/rls-wacon.de\\\/partner-werden\\\/\",\"name\":\"Hazte socio - RLS Wacon analytics\",\"isPartOf\":{\"@id\":\"https:\\\/\\\/rls-wacon.de\\\/#website\"},\"primaryImageOfPage\":{\"@id\":\"https:\\\/\\\/rls-wacon.de\\\/partner-werden\\\/#primaryimage\"},\"image\":{\"@id\":\"https:\\\/\\\/rls-wacon.de\\\/partner-werden\\\/#primaryimage\"},\"thumbnailUrl\":\"https:\\\/\\\/rls-wacon.de\\\/wp-content\\\/uploads\\\/2023\\\/03\\\/Prufung.jpg\",\"datePublished\":\"2024-02-16T11:47:43+00:00\",\"dateModified\":\"2025-05-08T09:23:05+00:00\",\"breadcrumb\":{\"@id\":\"https:\\\/\\\/rls-wacon.de\\\/partner-werden\\\/#breadcrumb\"},\"inLanguage\":\"es\",\"potentialAction\":[{\"@type\":\"ReadAction\",\"target\":[\"https:\\\/\\\/rls-wacon.de\\\/partner-werden\\\/\"]}]},{\"@type\":\"ImageObject\",\"inLanguage\":\"es\",\"@id\":\"https:\\\/\\\/rls-wacon.de\\\/partner-werden\\\/#primaryimage\",\"url\":\"https:\\\/\\\/rls-wacon.de\\\/wp-content\\\/uploads\\\/2023\\\/03\\\/Prufung.jpg\",\"contentUrl\":\"https:\\\/\\\/rls-wacon.de\\\/wp-content\\\/uploads\\\/2023\\\/03\\\/Prufung.jpg\"},{\"@type\":\"BreadcrumbList\",\"@id\":\"https:\\\/\\\/rls-wacon.de\\\/partner-werden\\\/#breadcrumb\",\"itemListElement\":[{\"@type\":\"ListItem\",\"position\":1,\"name\":\"Startseite\",\"item\":\"https:\\\/\\\/rls-wacon.de\\\/pt-br\\\/\"},{\"@type\":\"ListItem\",\"position\":2,\"name\":\"Hazte socio\"}]},{\"@type\":\"WebSite\",\"@id\":\"https:\\\/\\\/rls-wacon.de\\\/#website\",\"url\":\"https:\\\/\\\/rls-wacon.de\\\/\",\"name\":\"RLS Wacon analytics GmbH\",\"description\":\"Experts for water monitoring\",\"publisher\":{\"@id\":\"https:\\\/\\\/rls-wacon.de\\\/#organization\"},\"potentialAction\":[{\"@type\":\"SearchAction\",\"target\":{\"@type\":\"EntryPoint\",\"urlTemplate\":\"https:\\\/\\\/rls-wacon.de\\\/?s={search_term_string}\"},\"query-input\":{\"@type\":\"PropertyValueSpecification\",\"valueRequired\":true,\"valueName\":\"search_term_string\"}}],\"inLanguage\":\"es\"},{\"@type\":\"Organization\",\"@id\":\"https:\\\/\\\/rls-wacon.de\\\/#organization\",\"name\":\"RLS Wacon analytics GmbH\",\"url\":\"https:\\\/\\\/rls-wacon.de\\\/\",\"logo\":{\"@type\":\"ImageObject\",\"inLanguage\":\"es\",\"@id\":\"https:\\\/\\\/rls-wacon.de\\\/#\\\/schema\\\/logo\\\/image\\\/\",\"url\":\"https:\\\/\\\/rls-wacon.de\\\/wp-content\\\/uploads\\\/2022\\\/10\\\/RLSWacon-analytics-Logo-BR-RZ-9_17-768x1591.png\",\"contentUrl\":\"https:\\\/\\\/rls-wacon.de\\\/wp-content\\\/uploads\\\/2022\\\/10\\\/RLSWacon-analytics-Logo-BR-RZ-9_17-768x1591.png\",\"width\":768,\"height\":159,\"caption\":\"RLS Wacon analytics GmbH\"},\"image\":{\"@id\":\"https:\\\/\\\/rls-wacon.de\\\/#\\\/schema\\\/logo\\\/image\\\/\"}}]}<\/script>\n<!-- \/ Yoast SEO Premium plugin. -->","yoast_head_json":{"title":"Hazte socio - RLS Wacon analytics","robots":{"index":"index","follow":"follow","max-snippet":"max-snippet:-1","max-image-preview":"max-image-preview:large","max-video-preview":"max-video-preview:-1"},"canonical":"https:\/\/rls-wacon.de\/partner-werden\/","og_locale":"es_ES","og_type":"article","og_title":"Hazte socio","og_description":"Hazte socio Somos especialistas en tecnolog\u00eda de medici\u00f3n qu\u00edmica de diversos par\u00e1metros del agua para el tratamiento de aguas industriales. Te ofrecemos una amplia gama de equipos de prueba manuales y tambi\u00e9n una serie de analizadores autom\u00e1ticos para el control continuo de plantas industriales. Nos centramos en el desarrollo y la producci\u00f3n de aparatos de [&hellip;]","og_url":"https:\/\/rls-wacon.de\/partner-werden\/","og_site_name":"RLS Wacon analytics","article_modified_time":"2025-05-08T09:23:05+00:00","og_image":[{"width":688,"height":530,"url":"https:\/\/rls-wacon.de\/wp-content\/uploads\/2023\/03\/Prufung.jpg","type":"image\/jpeg"}],"twitter_card":"summary_large_image","twitter_misc":{"Tiempo de lectura":"2 minutos"},"schema":{"@context":"https:\/\/schema.org","@graph":[{"@type":"WebPage","@id":"https:\/\/rls-wacon.de\/partner-werden\/","url":"https:\/\/rls-wacon.de\/partner-werden\/","name":"Hazte socio - RLS Wacon analytics","isPartOf":{"@id":"https:\/\/rls-wacon.de\/#website"},"primaryImageOfPage":{"@id":"https:\/\/rls-wacon.de\/partner-werden\/#primaryimage"},"image":{"@id":"https:\/\/rls-wacon.de\/partner-werden\/#primaryimage"},"thumbnailUrl":"https:\/\/rls-wacon.de\/wp-content\/uploads\/2023\/03\/Prufung.jpg","datePublished":"2024-02-16T11:47:43+00:00","dateModified":"2025-05-08T09:23:05+00:00","breadcrumb":{"@id":"https:\/\/rls-wacon.de\/partner-werden\/#breadcrumb"},"inLanguage":"es","potentialAction":[{"@type":"ReadAction","target":["https:\/\/rls-wacon.de\/partner-werden\/"]}]},{"@type":"ImageObject","inLanguage":"es","@id":"https:\/\/rls-wacon.de\/partner-werden\/#primaryimage","url":"https:\/\/rls-wacon.de\/wp-content\/uploads\/2023\/03\/Prufung.jpg","contentUrl":"https:\/\/rls-wacon.de\/wp-content\/uploads\/2023\/03\/Prufung.jpg"},{"@type":"BreadcrumbList","@id":"https:\/\/rls-wacon.de\/partner-werden\/#breadcrumb","itemListElement":[{"@type":"ListItem","position":1,"name":"Startseite","item":"https:\/\/rls-wacon.de\/pt-br\/"},{"@type":"ListItem","position":2,"name":"Hazte socio"}]},{"@type":"WebSite","@id":"https:\/\/rls-wacon.de\/#website","url":"https:\/\/rls-wacon.de\/","name":"RLS Wacon analytics GmbH","description":"Experts for water monitoring","publisher":{"@id":"https:\/\/rls-wacon.de\/#organization"},"potentialAction":[{"@type":"SearchAction","target":{"@type":"EntryPoint","urlTemplate":"https:\/\/rls-wacon.de\/?s={search_term_string}"},"query-input":{"@type":"PropertyValueSpecification","valueRequired":true,"valueName":"search_term_string"}}],"inLanguage":"es"},{"@type":"Organization","@id":"https:\/\/rls-wacon.de\/#organization","name":"RLS Wacon analytics GmbH","url":"https:\/\/rls-wacon.de\/","logo":{"@type":"ImageObject","inLanguage":"es","@id":"https:\/\/rls-wacon.de\/#\/schema\/logo\/image\/","url":"https:\/\/rls-wacon.de\/wp-content\/uploads\/2022\/10\/RLSWacon-analytics-Logo-BR-RZ-9_17-768x1591.png","contentUrl":"https:\/\/rls-wacon.de\/wp-content\/uploads\/2022\/10\/RLSWacon-analytics-Logo-BR-RZ-9_17-768x1591.png","width":768,"height":159,"caption":"RLS Wacon analytics GmbH"},"image":{"@id":"https:\/\/rls-wacon.de\/#\/schema\/logo\/image\/"}}]}},"_links":{"self":[{"href":"https:\/\/rls-wacon.de\/es\/wp-json\/wp\/v2\/pages\/21115","targetHints":{"allow":["GET"]}}],"collection":[{"href":"https:\/\/rls-wacon.de\/es\/wp-json\/wp\/v2\/pages"}],"about":[{"href":"https:\/\/rls-wacon.de\/es\/wp-json\/wp\/v2\/types\/page"}],"author":[{"embeddable":true,"href":"https:\/\/rls-wacon.de\/es\/wp-json\/wp\/v2\/users\/4"}],"replies":[{"embeddable":true,"href":"https:\/\/rls-wacon.de\/es\/wp-json\/wp\/v2\/comments?post=21115"}],"version-history":[{"count":1,"href":"https:\/\/rls-wacon.de\/es\/wp-json\/wp\/v2\/pages\/21115\/revisions"}],"predecessor-version":[{"id":21117,"href":"https:\/\/rls-wacon.de\/es\/wp-json\/wp\/v2\/pages\/21115\/revisions\/21117"}],"wp:attachment":[{"href":"https:\/\/rls-wacon.de\/es\/wp-json\/wp\/v2\/media?parent=21115"}],"curies":[{"name":"wp","href":"https:\/\/api.w.org\/{rel}","templated":true}]}}