{"id":22764,"date":"2024-02-26T16:37:29","date_gmt":"2024-02-26T15:37:29","guid":{"rendered":"https:\/\/rls-wacon.de\/eliminacion-y-recogida-de-electrodomesticos-viejos\/"},"modified":"2025-08-13T15:55:48","modified_gmt":"2025-08-13T13:55:48","slug":"eliminacion-y-recogida-de-electrodomesticos-viejos","status":"publish","type":"page","link":"https:\/\/rls-wacon.de\/es\/eliminacion-y-recogida-de-electrodomesticos-viejos\/","title":{"rendered":"Eliminaci\u00f3n y recogida de electrodom\u00e9sticos viejos"},"content":{"rendered":"\t\t<div data-elementor-type=\"wp-page\" data-elementor-id=\"22764\" class=\"elementor elementor-22764 elementor-5263\" wpc-filter-elementor-widget=\"1\" data-elementor-post-type=\"page\">\n\t\t\t\t<div class=\"elementor-element elementor-element-2f569a7 e-con-full e-flex e-con e-parent\" data-id=\"2f569a7\" data-element_type=\"container\" data-e-type=\"container\" data-settings=\"{&quot;background_background&quot;:&quot;classic&quot;}\">\n\t\t<div class=\"elementor-element elementor-element-f88bf74 e-con-full e-flex e-con e-child\" data-id=\"f88bf74\" data-element_type=\"container\" data-e-type=\"container\" data-settings=\"{&quot;background_background&quot;:&quot;classic&quot;}\">\n\t\t\t\t<div class=\"elementor-element elementor-element-a1d3528 elementor-widget elementor-widget-heading\" data-id=\"a1d3528\" data-element_type=\"widget\" data-e-type=\"widget\" data-widget_type=\"heading.default\">\n\t\t\t\t\t<h1 class=\"elementor-heading-title elementor-size-default\">Eliminaci\u00f3n de residuos<\/h1>\t\t\t\t<\/div>\n\t\t\t\t<\/div>\n\t\t\t\t<\/div>\n\t\t<div class=\"elementor-element elementor-element-4fcf11c e-con-full e-flex e-con e-parent\" data-id=\"4fcf11c\" data-element_type=\"container\" data-e-type=\"container\" data-settings=\"{&quot;background_background&quot;:&quot;classic&quot;}\">\n\t\t\t\t<div class=\"elementor-element elementor-element-b6f5cf0 elementor-widget__width-inherit elementor-widget elementor-widget-image\" data-id=\"b6f5cf0\" data-element_type=\"widget\" data-e-type=\"widget\" data-widget_type=\"image.default\">\n\t\t\t\t\t\t\t\t\t\t\t\t\t\t\t<img fetchpriority=\"high\" decoding=\"async\" width=\"448\" height=\"640\" src=\"https:\/\/rls-wacon.de\/wp-content\/uploads\/2024\/04\/durchgestrichene_muelltonne_mit_balken-fd66d2b4.webp\" class=\"attachment-full size-full wp-image-22765\" alt=\"Entsorgung &amp; Altger\u00e4ter\u00fccknahme\" srcset=\"https:\/\/rls-wacon.de\/wp-content\/uploads\/2024\/04\/durchgestrichene_muelltonne_mit_balken-fd66d2b4.webp 448w, https:\/\/rls-wacon.de\/wp-content\/uploads\/2024\/04\/durchgestrichene_muelltonne_mit_balken-fd66d2b4-210x300.webp 210w, https:\/\/rls-wacon.de\/wp-content\/uploads\/2024\/04\/durchgestrichene_muelltonne_mit_balken-fd66d2b4-300x429.webp 300w\" sizes=\"(max-width: 448px) 100vw, 448px\" \/>\t\t\t\t\t\t\t\t\t\t\t\t\t\t\t<\/div>\n\t\t\t\t<div class=\"elementor-element elementor-element-66c9090 elementor-widget__width-inherit elementor-widget elementor-widget-text-editor\" data-id=\"66c9090\" data-element_type=\"widget\" data-e-type=\"widget\" data-widget_type=\"text-editor.default\">\n\t\t\t\t\t\t\t\t\t<div class=\"uk-panel uk-margin-remove-vertical\"><h5>\u00bfYa no tiene sentido una reparaci\u00f3n?<\/h5><p>Esta p\u00e1gina te informa sobre el procedimiento en la Uni\u00f3n Europea con respecto a las Directivas 2002\/96\/CE y 2008\/12\/CE de la UE para la eliminaci\u00f3n respetuosa con el medio ambiente de un aparato el\u00e9ctrico con una bater\u00eda en su interior. El analizador est\u00e1 pensado como equipo el\u00e9ctrico profesional para uso comercial (B2B). Las directivas se han transpuesto a la legislaci\u00f3n nacional de los estados miembros y pueden diferir localmente en algunos aspectos. En caso de duda, ponte en contacto con tu empresa local de eliminaci\u00f3n de residuos antes de deshacerte del analizador.   <\/p><\/div><h5>Eliminaci\u00f3n de la bater\u00eda<\/h5><div class=\"uk-panel uk-margin\"><p>Los analizadores con pantalla contienen una pila CR2032 para almacenar la fecha, la hora y los par\u00e1metros de estado. Cuando sustituyas la pila, no debes eliminarla como residuo municipal. Tambi\u00e9n hay que quitar la pila antes de devolver el aparato para su reciclaje. Las pilas vac\u00edas pueden entregarse en los puntos de recogida p\u00fablicos. Alternativamente, la bater\u00eda puede entregarse en cualquier lugar donde se pueda comprar una bater\u00eda del mismo tipo.    <\/p><\/div><p> <\/p>\t\t\t\t\t\t\t\t<\/div>\n\t\t\t\t<\/div>\n\t\t<div class=\"elementor-element elementor-element-bd8c024 e-con-full e-flex e-con e-parent\" data-id=\"bd8c024\" data-element_type=\"container\" data-e-type=\"container\" data-settings=\"{&quot;background_background&quot;:&quot;classic&quot;}\">\n\t\t\t\t<div class=\"elementor-element elementor-element-883fedf elementor-widget__width-inherit elementor-widget elementor-widget-text-editor\" data-id=\"883fedf\" data-element_type=\"widget\" data-e-type=\"widget\" data-widget_type=\"text-editor.default\">\n\t\t\t\t\t\t\t\t\t<h5>Eliminaci\u00f3n de analizadores fuera de servicio<\/h5><div class=\"uk-panel uk-margin\"><p>La obligaci\u00f3n de eliminaci\u00f3n del fabricante de aparatos usados comercialmente se aplica a los aparatos comercializados despu\u00e9s del 13 de agosto de 2005.<\/p><p>Los aparatos el\u00e9ctricos etiquetados con este s\u00edmbolo no deben desecharse con la basura municipal. Devuelve el aparato a los sistemas de eliminaci\u00f3n y recogida de aparatos el\u00e9ctricos para su reciclaje. Alternativamente, puedes devolvernos los analizadores fuera de servicio a nosotros o a tu distribuidor para su eliminaci\u00f3n.  <\/p><p>Desecha el dispositivo y la bater\u00eda por separado. Por razones de protecci\u00f3n de datos, retira o borra la tarjeta SD del dispositivo antes de desecharlo. <\/p><\/div>\t\t\t\t\t\t\t\t<\/div>\n\t\t\t\t<\/div>\n\t\t<div class=\"elementor-element elementor-element-1f83f6a e-con-full e-flex e-con e-parent\" data-id=\"1f83f6a\" data-element_type=\"container\" data-e-type=\"container\" data-settings=\"{&quot;background_background&quot;:&quot;classic&quot;}\">\n\t\t<div class=\"elementor-element elementor-element-2af8739 e-con-full e-flex e-con e-child\" data-id=\"2af8739\" data-element_type=\"container\" data-e-type=\"container\" data-settings=\"{&quot;background_background&quot;:&quot;classic&quot;}\">\n\t\t\t\t<div class=\"elementor-element elementor-element-e0919a9 elementor-widget elementor-widget-heading\" data-id=\"e0919a9\" data-element_type=\"widget\" data-e-type=\"widget\" data-widget_type=\"heading.default\">\n\t\t\t\t\t<h1 class=\"elementor-heading-title elementor-size-default\">Devoluci\u00f3n de aparatos viejos<\/h1>\t\t\t\t<\/div>\n\t\t\t\t<\/div>\n\t\t\t\t<\/div>\n\t\t<div class=\"elementor-element elementor-element-1893bfa e-con-full e-flex e-con e-parent\" data-id=\"1893bfa\" data-element_type=\"container\" data-e-type=\"container\" data-settings=\"{&quot;background_background&quot;:&quot;classic&quot;}\">\n\t\t\t\t<div class=\"elementor-element elementor-element-51df4a7 elementor-widget__width-inherit elementor-widget elementor-widget-text-editor\" data-id=\"51df4a7\" data-element_type=\"widget\" data-e-type=\"widget\" data-widget_type=\"text-editor.default\">\n\t\t\t\t\t\t\t\t\t<h5>Procedimiento de env\u00edo de los analizadores fuera de servicio al fabricante para su eliminaci\u00f3n (RLS Wacon analytics GmbH)<\/h5><div class=\"uk-panel uk-margin\"><p><strong>1. inf\u00f3rmanos antes de enviar tus analizadores fuera de servicio<\/strong><br>&#8211; llamando al <a href=\"tel:\/\/+4951212812624\"> +49 (0) 5121 28 126 24<\/a><br>&#8211; enviando un correo electr\u00f3nico informal (indicando el n\u00famero de serie) a <a href=\"mailto:support@rls-wacon.de\">support@rls-wacon.de<\/a><\/p><p><strong>2. espera una respuesta<\/strong><br>&#8211; En caso de reclamaci\u00f3n de garant\u00eda, recibir\u00e1s una etiqueta de devoluci\u00f3n gratuita<\/p><p><strong>3. limpia el aparato antes de embalarlo<\/strong><br>&#8211; Por seguridad del personal del servicio de transporte y de nuestros empleados, te pedimos que retires bruscamente los reactivos de los tubos, bombas y c\u00e1maras de medici\u00f3n<br>&#8211; Si es posible, embala estos componentes afectados en bolsas a prueba de roturas y herm\u00e9ticas a los l\u00edquidos.<\/p><p><strong>4. si es posible, utiliza el embalaje original<\/strong><br>&#8211; Si el embalaje original ya no est\u00e1 disponible, aseg\u00farate de que est\u00e1 suficientemente acolchado<\/p><p><strong>5. etiqueta tu env\u00edo con las palabras PARA ELIMINACI\u00d3N o RECEPCI\u00d3N DE RAEE<br><\/strong><\/p><p><strong>6. env\u00eda el paquete a la siguiente direcci\u00f3n:<\/strong><br>RLS Wacon analytics GmbH<br>&#8211; Entsorgungsservice<br>Schinkelstr. 11<br>D-31137 Hildesheim <\/p><\/div>\t\t\t\t\t\t\t\t<\/div>\n\t\t\t\t<\/div>\n\t\t<div class=\"elementor-element elementor-element-9d2a2c5 e-flex e-con-boxed e-con e-parent\" data-id=\"9d2a2c5\" data-element_type=\"container\" data-e-type=\"container\" data-settings=\"{&quot;background_background&quot;:&quot;classic&quot;,&quot;shape_divider_bottom&quot;:&quot;mountains&quot;}\">\n\t\t\t\t\t<div class=\"e-con-inner\">\n\t\t\t\t<div class=\"elementor-shape elementor-shape-bottom\" aria-hidden=\"true\" data-negative=\"false\">\n\t\t\t<svg xmlns=\"http:\/\/www.w3.org\/2000\/svg\" viewBox=\"0 0 1000 100\" preserveAspectRatio=\"none\">\n\t<path class=\"elementor-shape-fill\" opacity=\"0.33\" d=\"M473,67.3c-203.9,88.3-263.1-34-320.3,0C66,119.1,0,59.7,0,59.7V0h1000v59.7 c0,0-62.1,26.1-94.9,29.3c-32.8,3.3-62.8-12.3-75.8-22.1C806,49.6,745.3,8.7,694.9,4.7S492.4,59,473,67.3z\"\/>\n\t<path class=\"elementor-shape-fill\" opacity=\"0.66\" d=\"M734,67.3c-45.5,0-77.2-23.2-129.1-39.1c-28.6-8.7-150.3-10.1-254,39.1 s-91.7-34.4-149.2,0C115.7,118.3,0,39.8,0,39.8V0h1000v36.5c0,0-28.2-18.5-92.1-18.5C810.2,18.1,775.7,67.3,734,67.3z\"\/>\n\t<path class=\"elementor-shape-fill\" d=\"M766.1,28.9c-200-57.5-266,65.5-395.1,19.5C242,1.8,242,5.4,184.8,20.6C128,35.8,132.3,44.9,89.9,52.5C28.6,63.7,0,0,0,0 h1000c0,0-9.9,40.9-83.6,48.1S829.6,47,766.1,28.9z\"\/>\n<\/svg>\t\t<\/div>\n\t\t\t\t<div class=\"elementor-element elementor-element-43f0013 elementor-widget elementor-widget-spacer\" data-id=\"43f0013\" data-element_type=\"widget\" data-e-type=\"widget\" data-widget_type=\"spacer.default\">\n\t\t\t\t\t\t\t<div class=\"elementor-spacer\">\n\t\t\t<div class=\"elementor-spacer-inner\"><\/div>\n\t\t<\/div>\n\t\t\t\t\t\t<\/div>\n\t\t\t\t\t<\/div>\n\t\t\t\t<\/div>\n\t\t<div class=\"elementor-element elementor-element-e04ef99 e-con-full e-flex e-con e-parent\" data-id=\"e04ef99\" data-element_type=\"container\" data-e-type=\"container\">\n\t\t<a class=\"elementor-element elementor-element-1ac8c99 e-con-full e-flex e-con e-child\" data-id=\"1ac8c99\" data-element_type=\"container\" data-e-type=\"container\" href=\"https:\/\/rls-wacon.de\/technischer-support\/\">\n\t\t\t\t<div class=\"elementor-element elementor-element-49dfc26 elementor-widget elementor-widget-heading\" data-id=\"49dfc26\" data-element_type=\"widget\" data-e-type=\"widget\" data-widget_type=\"heading.default\">\n\t\t\t\t\t<h2 class=\"elementor-heading-title elementor-size-default\">Asistencia t\u00e9cnica<\/h2>\t\t\t\t<\/div>\n\t\t\t\t<div class=\"elementor-element elementor-element-6001c4a elementor-widget-divider--view-line elementor-widget elementor-widget-divider\" data-id=\"6001c4a\" data-element_type=\"widget\" data-e-type=\"widget\" data-widget_type=\"divider.default\">\n\t\t\t\t\t\t\t<div class=\"elementor-divider\">\n\t\t\t<span class=\"elementor-divider-separator\">\n\t\t\t\t\t\t<\/span>\n\t\t<\/div>\n\t\t\t\t\t\t<\/div>\n\t\t\t\t<div class=\"elementor-element elementor-element-612b00c elementor-widget elementor-widget-heading\" data-id=\"612b00c\" data-element_type=\"widget\" data-e-type=\"widget\" data-widget_type=\"heading.default\">\n\t\t\t\t\t<h2 class=\"elementor-heading-title elementor-size-default\">\u00bfNecesitas asistencia para uno de nuestros productos?<br>Ponte en contacto con nosotros ahora.<\/h2>\t\t\t\t<\/div>\n\t\t\t\t<\/a>\n\t\t<a class=\"elementor-element elementor-element-6a78ad0 e-con-full e-flex e-con e-child\" data-id=\"6a78ad0\" data-element_type=\"container\" data-e-type=\"container\" href=\"https:\/\/rls-wacon.de\/reparaturanfrage\/\">\n\t\t\t\t<div class=\"elementor-element elementor-element-6c21ff2 elementor-widget elementor-widget-heading\" data-id=\"6c21ff2\" data-element_type=\"widget\" data-e-type=\"widget\" data-widget_type=\"heading.default\">\n\t\t\t\t\t<h2 class=\"elementor-heading-title elementor-size-default\">Solicitud de reparaci\u00f3n<\/h2>\t\t\t\t<\/div>\n\t\t\t\t<div class=\"elementor-element elementor-element-870a2f7 elementor-widget-divider--view-line elementor-widget elementor-widget-divider\" data-id=\"870a2f7\" data-element_type=\"widget\" data-e-type=\"widget\" data-widget_type=\"divider.default\">\n\t\t\t\t\t\t\t<div class=\"elementor-divider\">\n\t\t\t<span class=\"elementor-divider-separator\">\n\t\t\t\t\t\t<\/span>\n\t\t<\/div>\n\t\t\t\t\t\t<\/div>\n\t\t\t\t<div class=\"elementor-element elementor-element-96b0384 elementor-widget elementor-widget-heading\" data-id=\"96b0384\" data-element_type=\"widget\" data-e-type=\"widget\" data-widget_type=\"heading.default\">\n\t\t\t\t\t<h2 class=\"elementor-heading-title elementor-size-default\">\u00bfQuieres reparar uno de nuestros productos? M\u00e1s informaci\u00f3n. <\/h2>\t\t\t\t<\/div>\n\t\t\t\t<\/a>\n\t\t\t\t<\/div>\n\t\t\t\t<\/div>\n\t\t","protected":false},"excerpt":{"rendered":"<p>Eliminaci\u00f3n de residuos \u00bfYa no tiene sentido una reparaci\u00f3n? Esta p\u00e1gina te informa sobre el procedimiento en la Uni\u00f3n Europea con respecto a las Directivas 2002\/96\/CE y 2008\/12\/CE de la UE para la eliminaci\u00f3n respetuosa con el medio ambiente de un aparato el\u00e9ctrico con una bater\u00eda en su interior. El analizador est\u00e1 pensado como equipo [&hellip;]<\/p>\n","protected":false},"author":4,"featured_media":0,"parent":0,"menu_order":0,"comment_status":"closed","ping_status":"closed","template":"","meta":{"_acf_changed":false,"footnotes":""},"class_list":["post-22764","page","type-page","status-publish","hentry"],"acf":[],"yoast_head":"<!-- This site is optimized with the Yoast SEO Premium plugin v27.3 (Yoast SEO v27.3) - https:\/\/yoast.com\/product\/yoast-seo-premium-wordpress\/ -->\n<title>Eliminaci\u00f3n y recogida de electrodom\u00e9sticos viejos - RLS Wacon analytics<\/title>\n<meta name=\"robots\" content=\"index, follow, max-snippet:-1, max-image-preview:large, max-video-preview:-1\" \/>\n<link rel=\"canonical\" href=\"https:\/\/rls-wacon.de\/altgeraeteruecknahme\/\" \/>\n<meta property=\"og:locale\" content=\"es_ES\" \/>\n<meta property=\"og:type\" content=\"article\" \/>\n<meta property=\"og:title\" content=\"Eliminaci\u00f3n y recogida de electrodom\u00e9sticos viejos\" \/>\n<meta property=\"og:description\" content=\"Eliminaci\u00f3n de residuos \u00bfYa no tiene sentido una reparaci\u00f3n? Esta p\u00e1gina te informa sobre el procedimiento en la Uni\u00f3n Europea con respecto a las Directivas 2002\/96\/CE y 2008\/12\/CE de la UE para la eliminaci\u00f3n respetuosa con el medio ambiente de un aparato el\u00e9ctrico con una bater\u00eda en su interior. El analizador est\u00e1 pensado como equipo [&hellip;]\" \/>\n<meta property=\"og:url\" content=\"https:\/\/rls-wacon.de\/altgeraeteruecknahme\/\" \/>\n<meta property=\"og:site_name\" content=\"RLS Wacon analytics\" \/>\n<meta property=\"article:modified_time\" content=\"2025-08-13T13:55:48+00:00\" \/>\n<meta property=\"og:image\" content=\"https:\/\/rls-wacon.de\/wp-content\/uploads\/2024\/04\/durchgestrichene_muelltonne_mit_balken-fd66d2b4.webp\" \/>\n\t<meta property=\"og:image:width\" content=\"448\" \/>\n\t<meta property=\"og:image:height\" content=\"640\" \/>\n\t<meta property=\"og:image:type\" content=\"image\/webp\" \/>\n<meta name=\"twitter:card\" content=\"summary_large_image\" \/>\n<meta name=\"twitter:label1\" content=\"Tiempo de lectura\" \/>\n\t<meta name=\"twitter:data1\" content=\"3 minutos\" \/>\n<script type=\"application\/ld+json\" class=\"yoast-schema-graph\">{\"@context\":\"https:\\\/\\\/schema.org\",\"@graph\":[{\"@type\":\"WebPage\",\"@id\":\"https:\\\/\\\/rls-wacon.de\\\/altgeraeteruecknahme\\\/\",\"url\":\"https:\\\/\\\/rls-wacon.de\\\/altgeraeteruecknahme\\\/\",\"name\":\"Eliminaci\u00f3n y recogida de electrodom\u00e9sticos viejos - RLS Wacon analytics\",\"isPartOf\":{\"@id\":\"https:\\\/\\\/rls-wacon.de\\\/#website\"},\"primaryImageOfPage\":{\"@id\":\"https:\\\/\\\/rls-wacon.de\\\/altgeraeteruecknahme\\\/#primaryimage\"},\"image\":{\"@id\":\"https:\\\/\\\/rls-wacon.de\\\/altgeraeteruecknahme\\\/#primaryimage\"},\"thumbnailUrl\":\"https:\\\/\\\/rls-wacon.de\\\/wp-content\\\/uploads\\\/2024\\\/04\\\/durchgestrichene_muelltonne_mit_balken-fd66d2b4.webp\",\"datePublished\":\"2024-02-26T15:37:29+00:00\",\"dateModified\":\"2025-08-13T13:55:48+00:00\",\"breadcrumb\":{\"@id\":\"https:\\\/\\\/rls-wacon.de\\\/altgeraeteruecknahme\\\/#breadcrumb\"},\"inLanguage\":\"es\",\"potentialAction\":[{\"@type\":\"ReadAction\",\"target\":[\"https:\\\/\\\/rls-wacon.de\\\/altgeraeteruecknahme\\\/\"]}]},{\"@type\":\"ImageObject\",\"inLanguage\":\"es\",\"@id\":\"https:\\\/\\\/rls-wacon.de\\\/altgeraeteruecknahme\\\/#primaryimage\",\"url\":\"https:\\\/\\\/rls-wacon.de\\\/wp-content\\\/uploads\\\/2024\\\/04\\\/durchgestrichene_muelltonne_mit_balken-fd66d2b4.webp\",\"contentUrl\":\"https:\\\/\\\/rls-wacon.de\\\/wp-content\\\/uploads\\\/2024\\\/04\\\/durchgestrichene_muelltonne_mit_balken-fd66d2b4.webp\"},{\"@type\":\"BreadcrumbList\",\"@id\":\"https:\\\/\\\/rls-wacon.de\\\/altgeraeteruecknahme\\\/#breadcrumb\",\"itemListElement\":[{\"@type\":\"ListItem\",\"position\":1,\"name\":\"Startseite\",\"item\":\"https:\\\/\\\/rls-wacon.de\\\/pt-br\\\/\"},{\"@type\":\"ListItem\",\"position\":2,\"name\":\"Eliminaci\u00f3n y recogida de electrodom\u00e9sticos viejos\"}]},{\"@type\":\"WebSite\",\"@id\":\"https:\\\/\\\/rls-wacon.de\\\/#website\",\"url\":\"https:\\\/\\\/rls-wacon.de\\\/\",\"name\":\"RLS Wacon analytics GmbH\",\"description\":\"Experts for water monitoring\",\"publisher\":{\"@id\":\"https:\\\/\\\/rls-wacon.de\\\/#organization\"},\"potentialAction\":[{\"@type\":\"SearchAction\",\"target\":{\"@type\":\"EntryPoint\",\"urlTemplate\":\"https:\\\/\\\/rls-wacon.de\\\/?s={search_term_string}\"},\"query-input\":{\"@type\":\"PropertyValueSpecification\",\"valueRequired\":true,\"valueName\":\"search_term_string\"}}],\"inLanguage\":\"es\"},{\"@type\":\"Organization\",\"@id\":\"https:\\\/\\\/rls-wacon.de\\\/#organization\",\"name\":\"RLS Wacon analytics GmbH\",\"url\":\"https:\\\/\\\/rls-wacon.de\\\/\",\"logo\":{\"@type\":\"ImageObject\",\"inLanguage\":\"es\",\"@id\":\"https:\\\/\\\/rls-wacon.de\\\/#\\\/schema\\\/logo\\\/image\\\/\",\"url\":\"https:\\\/\\\/rls-wacon.de\\\/wp-content\\\/uploads\\\/2022\\\/10\\\/RLSWacon-analytics-Logo-BR-RZ-9_17-768x1591.png\",\"contentUrl\":\"https:\\\/\\\/rls-wacon.de\\\/wp-content\\\/uploads\\\/2022\\\/10\\\/RLSWacon-analytics-Logo-BR-RZ-9_17-768x1591.png\",\"width\":768,\"height\":159,\"caption\":\"RLS Wacon analytics GmbH\"},\"image\":{\"@id\":\"https:\\\/\\\/rls-wacon.de\\\/#\\\/schema\\\/logo\\\/image\\\/\"}}]}<\/script>\n<!-- \/ Yoast SEO Premium plugin. -->","yoast_head_json":{"title":"Eliminaci\u00f3n y recogida de electrodom\u00e9sticos viejos - RLS Wacon analytics","robots":{"index":"index","follow":"follow","max-snippet":"max-snippet:-1","max-image-preview":"max-image-preview:large","max-video-preview":"max-video-preview:-1"},"canonical":"https:\/\/rls-wacon.de\/altgeraeteruecknahme\/","og_locale":"es_ES","og_type":"article","og_title":"Eliminaci\u00f3n y recogida de electrodom\u00e9sticos viejos","og_description":"Eliminaci\u00f3n de residuos \u00bfYa no tiene sentido una reparaci\u00f3n? Esta p\u00e1gina te informa sobre el procedimiento en la Uni\u00f3n Europea con respecto a las Directivas 2002\/96\/CE y 2008\/12\/CE de la UE para la eliminaci\u00f3n respetuosa con el medio ambiente de un aparato el\u00e9ctrico con una bater\u00eda en su interior. El analizador est\u00e1 pensado como equipo [&hellip;]","og_url":"https:\/\/rls-wacon.de\/altgeraeteruecknahme\/","og_site_name":"RLS Wacon analytics","article_modified_time":"2025-08-13T13:55:48+00:00","og_image":[{"width":448,"height":640,"url":"https:\/\/rls-wacon.de\/wp-content\/uploads\/2024\/04\/durchgestrichene_muelltonne_mit_balken-fd66d2b4.webp","type":"image\/webp"}],"twitter_card":"summary_large_image","twitter_misc":{"Tiempo de lectura":"3 minutos"},"schema":{"@context":"https:\/\/schema.org","@graph":[{"@type":"WebPage","@id":"https:\/\/rls-wacon.de\/altgeraeteruecknahme\/","url":"https:\/\/rls-wacon.de\/altgeraeteruecknahme\/","name":"Eliminaci\u00f3n y recogida de electrodom\u00e9sticos viejos - RLS Wacon analytics","isPartOf":{"@id":"https:\/\/rls-wacon.de\/#website"},"primaryImageOfPage":{"@id":"https:\/\/rls-wacon.de\/altgeraeteruecknahme\/#primaryimage"},"image":{"@id":"https:\/\/rls-wacon.de\/altgeraeteruecknahme\/#primaryimage"},"thumbnailUrl":"https:\/\/rls-wacon.de\/wp-content\/uploads\/2024\/04\/durchgestrichene_muelltonne_mit_balken-fd66d2b4.webp","datePublished":"2024-02-26T15:37:29+00:00","dateModified":"2025-08-13T13:55:48+00:00","breadcrumb":{"@id":"https:\/\/rls-wacon.de\/altgeraeteruecknahme\/#breadcrumb"},"inLanguage":"es","potentialAction":[{"@type":"ReadAction","target":["https:\/\/rls-wacon.de\/altgeraeteruecknahme\/"]}]},{"@type":"ImageObject","inLanguage":"es","@id":"https:\/\/rls-wacon.de\/altgeraeteruecknahme\/#primaryimage","url":"https:\/\/rls-wacon.de\/wp-content\/uploads\/2024\/04\/durchgestrichene_muelltonne_mit_balken-fd66d2b4.webp","contentUrl":"https:\/\/rls-wacon.de\/wp-content\/uploads\/2024\/04\/durchgestrichene_muelltonne_mit_balken-fd66d2b4.webp"},{"@type":"BreadcrumbList","@id":"https:\/\/rls-wacon.de\/altgeraeteruecknahme\/#breadcrumb","itemListElement":[{"@type":"ListItem","position":1,"name":"Startseite","item":"https:\/\/rls-wacon.de\/pt-br\/"},{"@type":"ListItem","position":2,"name":"Eliminaci\u00f3n y recogida de electrodom\u00e9sticos viejos"}]},{"@type":"WebSite","@id":"https:\/\/rls-wacon.de\/#website","url":"https:\/\/rls-wacon.de\/","name":"RLS Wacon analytics GmbH","description":"Experts for water monitoring","publisher":{"@id":"https:\/\/rls-wacon.de\/#organization"},"potentialAction":[{"@type":"SearchAction","target":{"@type":"EntryPoint","urlTemplate":"https:\/\/rls-wacon.de\/?s={search_term_string}"},"query-input":{"@type":"PropertyValueSpecification","valueRequired":true,"valueName":"search_term_string"}}],"inLanguage":"es"},{"@type":"Organization","@id":"https:\/\/rls-wacon.de\/#organization","name":"RLS Wacon analytics GmbH","url":"https:\/\/rls-wacon.de\/","logo":{"@type":"ImageObject","inLanguage":"es","@id":"https:\/\/rls-wacon.de\/#\/schema\/logo\/image\/","url":"https:\/\/rls-wacon.de\/wp-content\/uploads\/2022\/10\/RLSWacon-analytics-Logo-BR-RZ-9_17-768x1591.png","contentUrl":"https:\/\/rls-wacon.de\/wp-content\/uploads\/2022\/10\/RLSWacon-analytics-Logo-BR-RZ-9_17-768x1591.png","width":768,"height":159,"caption":"RLS Wacon analytics GmbH"},"image":{"@id":"https:\/\/rls-wacon.de\/#\/schema\/logo\/image\/"}}]}},"_links":{"self":[{"href":"https:\/\/rls-wacon.de\/es\/wp-json\/wp\/v2\/pages\/22764","targetHints":{"allow":["GET"]}}],"collection":[{"href":"https:\/\/rls-wacon.de\/es\/wp-json\/wp\/v2\/pages"}],"about":[{"href":"https:\/\/rls-wacon.de\/es\/wp-json\/wp\/v2\/types\/page"}],"author":[{"embeddable":true,"href":"https:\/\/rls-wacon.de\/es\/wp-json\/wp\/v2\/users\/4"}],"replies":[{"embeddable":true,"href":"https:\/\/rls-wacon.de\/es\/wp-json\/wp\/v2\/comments?post=22764"}],"version-history":[{"count":1,"href":"https:\/\/rls-wacon.de\/es\/wp-json\/wp\/v2\/pages\/22764\/revisions"}],"predecessor-version":[{"id":22767,"href":"https:\/\/rls-wacon.de\/es\/wp-json\/wp\/v2\/pages\/22764\/revisions\/22767"}],"wp:attachment":[{"href":"https:\/\/rls-wacon.de\/es\/wp-json\/wp\/v2\/media?parent=22764"}],"curies":[{"name":"wp","href":"https:\/\/api.w.org\/{rel}","templated":true}]}}