{"id":22828,"date":"2023-10-24T15:04:16","date_gmt":"2023-10-24T15:04:16","guid":{"rendered":"https:\/\/rls-wacon.de\/produkt\/indicador-de-direccion-es7400\/"},"modified":"2026-02-16T19:51:22","modified_gmt":"2026-02-16T18:51:22","slug":"indicador-de-direccion-es7400","status":"publish","type":"product","link":"https:\/\/rls-wacon.de\/es\/produkt\/indicador-de-direccion-es7400\/","title":{"rendered":"Indicador de direcci\u00f3n ES7400"},"content":{"rendered":"<hr class=\"system-pagebreak\" title=\"Especificaciones\" \/>\n<table class=\"rls-table\">\n<tbody>\n<tr>\n<td>Par\u00e1metro<\/td>\n<td>Valor<\/td>\n<\/tr>\n<tr>\n<td>Tensi\u00f3n de funcionamiento<\/td>\n<td>16 &#8230; 28 VCA \/ 16 &#8230; 36 VCC<\/td>\n<\/tr>\n<tr>\n<td>Consumo de energ\u00eda<\/td>\n<td>t\u00edp. 2,6 VA<\/td>\n<\/tr>\n<tr>\n<td>Temperatura ambiente<\/td>\n<td>&#8211; de 20 \u00b0C a 60 \u00b0C<\/td>\n<\/tr>\n<tr>\n<td>Grado de protecci\u00f3n<\/td>\n<td>IP 67<\/td>\n<\/tr>\n<tr>\n<td>Profundidad de montaje<\/td>\n<td>56 mm<\/td>\n<\/tr>\n<\/tbody>\n<\/table>\n<hr class=\"system-pagebreak\" title=\"Datos t\u00e9cnicos\" \/>\n<table class=\"rls-table\">\n<tbody>\n<tr>\n<td>Par\u00e1metro<\/td>\n<td>Valor<\/td>\n<\/tr>\n<tr>\n<td>Color del LED<\/td>\n<td>blanco, amarillo<\/td>\n<\/tr>\n<tr>\n<td>Luminosidad<\/td>\n<td>t\u00edp. 60 lx (0,5 m de distancia)<\/td>\n<\/tr>\n<tr>\n<td>Vida \u00fatil del LED<\/td>\n<td>50.000 h<\/td>\n<\/tr>\n<tr>\n<td>Parabrisas<\/td>\n<td>d = 74,5 mm, recto<\/td>\n<\/tr>\n<tr>\n<td>Conexi\u00f3n<\/td>\n<td>3 x 0,5 mm\u00b2, longitud 30 cm, terminales de cable<\/td>\n<\/tr>\n<\/tbody>\n<\/table>\n","protected":false},"excerpt":{"rendered":"<p>El indicador de direcci\u00f3n ES7400 con control de funciones opcional es una barra retroiluminada sobre fondo rojo (s\u00edmbolo de calle de sentido \u00fanico). El sem\u00e1foro ES7400 tiene un alto contraste \u00f3ptico combinado con un bajo consumo y una iluminaci\u00f3n homog\u00e9nea.<\/p>\n<p>Las caracter\u00edsticas especiales son:<\/p>\n<ul>\n<li>Control de funciones opcional<\/li>\n<li>Para instalar en columnas cuadradas o z\u00f3calos con un di\u00e1metro de 75 mm<\/li>\n<li>Parabrisas recto, sustituible<\/li>\n<li>Amplio rango de tensi\u00f3n de entrada<\/li>\n<li>Robusto y duradero<\/li>\n<li>No hay s\u00edmbolos reconocibles en estado sin tensi\u00f3n<\/li>\n<li>Posibilidad de versi\u00f3n especial para 12 V<\/li>\n<\/ul>\n<p>\u00c1mbitos de aplicaci\u00f3n del indicador de direcci\u00f3n ES7400:<\/p>\n<ul>\n<li>Instalaciones de transporte de pasajeros<\/li>\n<li>Control del flujo de tr\u00e1fico<\/li>\n<\/ul>\n","protected":false},"featured_media":19465,"template":"","meta":{"_acf_changed":false},"product_brand":[],"product_cat":[1235],"product_tag":[],"class_list":{"0":"post-22828","1":"product","2":"type-product","3":"status-publish","4":"has-post-thumbnail","6":"product_cat-indicador-de-direccion","7":"pa_frontscheibe-74-mm-es","9":"first","10":"instock","11":"shipping-taxable","12":"purchasable","13":"product-type-variable"},"exclude_global_add_ons":[],"addons":[],"acf":[],"yoast_head":"<!-- This site is optimized with the Yoast SEO Premium plugin v27.3 (Yoast SEO v27.4) - https:\/\/yoast.com\/product\/yoast-seo-premium-wordpress\/ -->\n<title>Indicador de direcci\u00f3n ES7400 - RLS Wacon analytics<\/title>\n<meta name=\"description\" content=\"El indicador de direcci\u00f3n ES7400 con control de funciones opcional es una barra retroiluminada sobre fondo rojo (s\u00edmbolo de calle de sentido \u00fanico).\" \/>\n<meta name=\"robots\" content=\"index, follow, max-snippet:-1, max-image-preview:large, max-video-preview:-1\" \/>\n<link rel=\"canonical\" href=\"https:\/\/rls-wacon.de\/es\/produkt\/indicador-de-direccion-es7400\/\" \/>\n<meta property=\"og:locale\" content=\"es_ES\" \/>\n<meta property=\"og:type\" content=\"article\" \/>\n<meta property=\"og:title\" content=\"Indicador de direcci\u00f3n ES7400\" \/>\n<meta property=\"og:description\" content=\"El indicador de direcci\u00f3n ES7400 con control de funciones opcional es una barra retroiluminada sobre fondo rojo (s\u00edmbolo de calle de sentido \u00fanico).\" \/>\n<meta property=\"og:url\" content=\"https:\/\/rls-wacon.de\/es\/produkt\/indicador-de-direccion-es7400\/\" \/>\n<meta property=\"og:site_name\" content=\"RLS Wacon analytics\" \/>\n<meta property=\"article:modified_time\" content=\"2026-02-16T18:51:22+00:00\" \/>\n<meta property=\"og:image\" content=\"https:\/\/rls-wacon.de\/wp-content\/uploads\/2025\/02\/EX-7400a.jpg\" \/>\n\t<meta property=\"og:image:width\" content=\"1818\" \/>\n\t<meta property=\"og:image:height\" content=\"1920\" \/>\n\t<meta property=\"og:image:type\" content=\"image\/jpeg\" \/>\n<meta name=\"twitter:card\" content=\"summary_large_image\" \/>\n<meta name=\"twitter:label1\" content=\"Disponibilidad\" \/>\n\t<meta name=\"twitter:data1\" content=\"Disponible\" \/>\n<script type=\"application\/ld+json\" class=\"yoast-schema-graph\">{\"@context\":\"https:\\\/\\\/schema.org\",\"@graph\":[{\"@type\":\"WebPage\",\"@id\":\"https:\\\/\\\/rls-wacon.de\\\/es\\\/produkt\\\/indicador-de-direccion-es7400\\\/\",\"url\":\"https:\\\/\\\/rls-wacon.de\\\/es\\\/produkt\\\/indicador-de-direccion-es7400\\\/\",\"name\":\"Indicador de direcci\u00f3n ES7400 - RLS Wacon analytics\",\"isPartOf\":{\"@id\":\"https:\\\/\\\/rls-wacon.de\\\/#website\"},\"primaryImageOfPage\":{\"@id\":\"https:\\\/\\\/rls-wacon.de\\\/es\\\/produkt\\\/indicador-de-direccion-es7400\\\/#primaryimage\"},\"image\":{\"@id\":\"https:\\\/\\\/rls-wacon.de\\\/es\\\/produkt\\\/indicador-de-direccion-es7400\\\/#primaryimage\"},\"thumbnailUrl\":\"https:\\\/\\\/rls-wacon.de\\\/wp-content\\\/uploads\\\/2025\\\/02\\\/EX-7400a.jpg\",\"datePublished\":\"2023-10-24T15:04:16+00:00\",\"dateModified\":\"2026-02-16T18:51:22+00:00\",\"description\":\"El indicador de direcci\u00f3n ES7400 con control de funciones opcional es una barra retroiluminada sobre fondo rojo (s\u00edmbolo de calle de sentido \u00fanico).\",\"breadcrumb\":{\"@id\":\"https:\\\/\\\/rls-wacon.de\\\/es\\\/produkt\\\/indicador-de-direccion-es7400\\\/#breadcrumb\"},\"inLanguage\":\"es\",\"potentialAction\":[{\"@type\":\"ReadAction\",\"target\":[\"https:\\\/\\\/rls-wacon.de\\\/es\\\/produkt\\\/indicador-de-direccion-es7400\\\/\"]}]},{\"@type\":\"ImageObject\",\"inLanguage\":\"es\",\"@id\":\"https:\\\/\\\/rls-wacon.de\\\/es\\\/produkt\\\/indicador-de-direccion-es7400\\\/#primaryimage\",\"url\":\"https:\\\/\\\/rls-wacon.de\\\/wp-content\\\/uploads\\\/2025\\\/02\\\/EX-7400a.jpg\",\"contentUrl\":\"https:\\\/\\\/rls-wacon.de\\\/wp-content\\\/uploads\\\/2025\\\/02\\\/EX-7400a.jpg\",\"width\":1818,\"height\":1920},{\"@type\":\"BreadcrumbList\",\"@id\":\"https:\\\/\\\/rls-wacon.de\\\/es\\\/produkt\\\/indicador-de-direccion-es7400\\\/#breadcrumb\",\"itemListElement\":[{\"@type\":\"ListItem\",\"position\":1,\"name\":\"Startseite\",\"item\":\"https:\\\/\\\/rls-wacon.de\\\/pt-br\\\/\"},{\"@type\":\"ListItem\",\"position\":2,\"name\":\"Productos\",\"item\":\"https:\\\/\\\/rls-wacon.de\\\/shop\\\/\"},{\"@type\":\"ListItem\",\"position\":3,\"name\":\"Indicador de direcci\u00f3n ES7400\"}]},{\"@type\":\"WebSite\",\"@id\":\"https:\\\/\\\/rls-wacon.de\\\/#website\",\"url\":\"https:\\\/\\\/rls-wacon.de\\\/\",\"name\":\"RLS Wacon analytics GmbH\",\"description\":\"Experts for water monitoring\",\"publisher\":{\"@id\":\"https:\\\/\\\/rls-wacon.de\\\/#organization\"},\"potentialAction\":[{\"@type\":\"SearchAction\",\"target\":{\"@type\":\"EntryPoint\",\"urlTemplate\":\"https:\\\/\\\/rls-wacon.de\\\/?s={search_term_string}\"},\"query-input\":{\"@type\":\"PropertyValueSpecification\",\"valueRequired\":true,\"valueName\":\"search_term_string\"}}],\"inLanguage\":\"es\"},{\"@type\":\"Organization\",\"@id\":\"https:\\\/\\\/rls-wacon.de\\\/#organization\",\"name\":\"RLS Wacon analytics GmbH\",\"url\":\"https:\\\/\\\/rls-wacon.de\\\/\",\"logo\":{\"@type\":\"ImageObject\",\"inLanguage\":\"es\",\"@id\":\"https:\\\/\\\/rls-wacon.de\\\/#\\\/schema\\\/logo\\\/image\\\/\",\"url\":\"https:\\\/\\\/rls-wacon.de\\\/wp-content\\\/uploads\\\/2022\\\/10\\\/RLSWacon-analytics-Logo-BR-RZ-9_17-768x1591.png\",\"contentUrl\":\"https:\\\/\\\/rls-wacon.de\\\/wp-content\\\/uploads\\\/2022\\\/10\\\/RLSWacon-analytics-Logo-BR-RZ-9_17-768x1591.png\",\"width\":768,\"height\":159,\"caption\":\"RLS Wacon analytics GmbH\"},\"image\":{\"@id\":\"https:\\\/\\\/rls-wacon.de\\\/#\\\/schema\\\/logo\\\/image\\\/\"}}]}<\/script>\n<meta property=\"og:availability\" content=\"instock\" \/>\n<meta property=\"product:availability\" content=\"instock\" \/>\n<meta property=\"product:condition\" content=\"new\" \/>\n<!-- \/ Yoast SEO Premium plugin. -->","yoast_head_json":{"title":"Indicador de direcci\u00f3n ES7400 - RLS Wacon analytics","description":"El indicador de direcci\u00f3n ES7400 con control de funciones opcional es una barra retroiluminada sobre fondo rojo (s\u00edmbolo de calle de sentido \u00fanico).","robots":{"index":"index","follow":"follow","max-snippet":"max-snippet:-1","max-image-preview":"max-image-preview:large","max-video-preview":"max-video-preview:-1"},"canonical":"https:\/\/rls-wacon.de\/es\/produkt\/indicador-de-direccion-es7400\/","og_locale":"es_ES","og_type":"article","og_title":"Indicador de direcci\u00f3n ES7400","og_description":"El indicador de direcci\u00f3n ES7400 con control de funciones opcional es una barra retroiluminada sobre fondo rojo (s\u00edmbolo de calle de sentido \u00fanico).","og_url":"https:\/\/rls-wacon.de\/es\/produkt\/indicador-de-direccion-es7400\/","og_site_name":"RLS Wacon analytics","article_modified_time":"2026-02-16T18:51:22+00:00","og_image":[{"width":1818,"height":1920,"url":"https:\/\/rls-wacon.de\/wp-content\/uploads\/2025\/02\/EX-7400a.jpg","type":"image\/jpeg"}],"twitter_card":"summary_large_image","twitter_misc":{"Disponibilidad":"Disponible"},"schema":{"@context":"https:\/\/schema.org","@graph":[{"@type":"WebPage","@id":"https:\/\/rls-wacon.de\/es\/produkt\/indicador-de-direccion-es7400\/","url":"https:\/\/rls-wacon.de\/es\/produkt\/indicador-de-direccion-es7400\/","name":"Indicador de direcci\u00f3n ES7400 - RLS Wacon analytics","isPartOf":{"@id":"https:\/\/rls-wacon.de\/#website"},"primaryImageOfPage":{"@id":"https:\/\/rls-wacon.de\/es\/produkt\/indicador-de-direccion-es7400\/#primaryimage"},"image":{"@id":"https:\/\/rls-wacon.de\/es\/produkt\/indicador-de-direccion-es7400\/#primaryimage"},"thumbnailUrl":"https:\/\/rls-wacon.de\/wp-content\/uploads\/2025\/02\/EX-7400a.jpg","datePublished":"2023-10-24T15:04:16+00:00","dateModified":"2026-02-16T18:51:22+00:00","description":"El indicador de direcci\u00f3n ES7400 con control de funciones opcional es una barra retroiluminada sobre fondo rojo (s\u00edmbolo de calle de sentido \u00fanico).","breadcrumb":{"@id":"https:\/\/rls-wacon.de\/es\/produkt\/indicador-de-direccion-es7400\/#breadcrumb"},"inLanguage":"es","potentialAction":[{"@type":"ReadAction","target":["https:\/\/rls-wacon.de\/es\/produkt\/indicador-de-direccion-es7400\/"]}]},{"@type":"ImageObject","inLanguage":"es","@id":"https:\/\/rls-wacon.de\/es\/produkt\/indicador-de-direccion-es7400\/#primaryimage","url":"https:\/\/rls-wacon.de\/wp-content\/uploads\/2025\/02\/EX-7400a.jpg","contentUrl":"https:\/\/rls-wacon.de\/wp-content\/uploads\/2025\/02\/EX-7400a.jpg","width":1818,"height":1920},{"@type":"BreadcrumbList","@id":"https:\/\/rls-wacon.de\/es\/produkt\/indicador-de-direccion-es7400\/#breadcrumb","itemListElement":[{"@type":"ListItem","position":1,"name":"Startseite","item":"https:\/\/rls-wacon.de\/pt-br\/"},{"@type":"ListItem","position":2,"name":"Productos","item":"https:\/\/rls-wacon.de\/shop\/"},{"@type":"ListItem","position":3,"name":"Indicador de direcci\u00f3n ES7400"}]},{"@type":"WebSite","@id":"https:\/\/rls-wacon.de\/#website","url":"https:\/\/rls-wacon.de\/","name":"RLS Wacon analytics GmbH","description":"Experts for water monitoring","publisher":{"@id":"https:\/\/rls-wacon.de\/#organization"},"potentialAction":[{"@type":"SearchAction","target":{"@type":"EntryPoint","urlTemplate":"https:\/\/rls-wacon.de\/?s={search_term_string}"},"query-input":{"@type":"PropertyValueSpecification","valueRequired":true,"valueName":"search_term_string"}}],"inLanguage":"es"},{"@type":"Organization","@id":"https:\/\/rls-wacon.de\/#organization","name":"RLS Wacon analytics GmbH","url":"https:\/\/rls-wacon.de\/","logo":{"@type":"ImageObject","inLanguage":"es","@id":"https:\/\/rls-wacon.de\/#\/schema\/logo\/image\/","url":"https:\/\/rls-wacon.de\/wp-content\/uploads\/2022\/10\/RLSWacon-analytics-Logo-BR-RZ-9_17-768x1591.png","contentUrl":"https:\/\/rls-wacon.de\/wp-content\/uploads\/2022\/10\/RLSWacon-analytics-Logo-BR-RZ-9_17-768x1591.png","width":768,"height":159,"caption":"RLS Wacon analytics GmbH"},"image":{"@id":"https:\/\/rls-wacon.de\/#\/schema\/logo\/image\/"}}]},"og_availability":"instock","product_availability":"instock","product_condition":"new"},"_links":{"self":[{"href":"https:\/\/rls-wacon.de\/es\/wp-json\/wp\/v2\/product\/22828","targetHints":{"allow":["GET"]}}],"collection":[{"href":"https:\/\/rls-wacon.de\/es\/wp-json\/wp\/v2\/product"}],"about":[{"href":"https:\/\/rls-wacon.de\/es\/wp-json\/wp\/v2\/types\/product"}],"version-history":[{"count":1,"href":"https:\/\/rls-wacon.de\/es\/wp-json\/wp\/v2\/product\/22828\/revisions"}],"predecessor-version":[{"id":28676,"href":"https:\/\/rls-wacon.de\/es\/wp-json\/wp\/v2\/product\/22828\/revisions\/28676"}],"wp:featuredmedia":[{"embeddable":true,"href":"https:\/\/rls-wacon.de\/es\/wp-json\/wp\/v2\/media\/19465"}],"wp:attachment":[{"href":"https:\/\/rls-wacon.de\/es\/wp-json\/wp\/v2\/media?parent=22828"}],"wp:term":[{"taxonomy":"product_brand","embeddable":true,"href":"https:\/\/rls-wacon.de\/es\/wp-json\/wp\/v2\/product_brand?post=22828"},{"taxonomy":"product_cat","embeddable":true,"href":"https:\/\/rls-wacon.de\/es\/wp-json\/wp\/v2\/product_cat?post=22828"},{"taxonomy":"product_tag","embeddable":true,"href":"https:\/\/rls-wacon.de\/es\/wp-json\/wp\/v2\/product_tag?post=22828"}],"curies":[{"name":"wp","href":"https:\/\/api.w.org\/{rel}","templated":true}]}}