{"id":22853,"date":"2023-10-24T15:04:22","date_gmt":"2023-10-24T15:04:22","guid":{"rendered":"https:\/\/rls-wacon.de\/produkt\/iluminacion-de-peine-kl60-w\/"},"modified":"2026-02-16T19:54:51","modified_gmt":"2026-02-16T18:54:51","slug":"iluminacion-de-peine-kl60-w","status":"publish","type":"product","link":"https:\/\/rls-wacon.de\/es\/produkt\/iluminacion-de-peine-kl60-w\/","title":{"rendered":"Iluminaci\u00f3n de peine KL60-W"},"content":{"rendered":"<hr class=\"system-pagebreak\" title=\"Especificaciones\" \/>\n<table class=\"rls-table\">\n<tbody>\n<tr>\n<td>Par\u00e1metro<\/td>\n<td>Valor<\/td>\n<\/tr>\n<tr>\n<td>Tensi\u00f3n de funcionamiento<\/td>\n<td>22 &#8230; 28 V CA\/CC<\/td>\n<\/tr>\n<tr>\n<td>Consumo de energ\u00eda<\/td>\n<td>4 VA<\/td>\n<\/tr>\n<tr>\n<td>Temperatura ambiente<\/td>\n<td>de -20 \u00b0C a 60 \u00b0C<\/td>\n<\/tr>\n<tr>\n<td>Grado de protecci\u00f3n<\/td>\n<td>IP 67<\/td>\n<\/tr>\n<tr>\n<td>Dimensiones<\/td>\n<td>212 x 45 mm<\/td>\n<\/tr>\n<tr>\n<td>Profundidad de montaje<\/td>\n<td>22 mm<\/td>\n<\/tr>\n<tr>\n<td>Peso<\/td>\n<td>200 g<\/td>\n<\/tr>\n<\/tbody>\n<\/table>\n<hr class=\"system-pagebreak\" title=\"Datos t\u00e9cnicos\" \/>\n<table class=\"rls-table\">\n<tbody>\n<tr>\n<td>Par\u00e1metro<\/td>\n<td>Valor<\/td>\n<\/tr>\n<tr>\n<td>Color del LED<\/td>\n<td>blanco<\/td>\n<\/tr>\n<tr>\n<td>Luminosidad<\/td>\n<td>500 lx (1 m de distancia)<\/td>\n<\/tr>\n<tr>\n<td>Pantalla frontal<\/td>\n<td>Plexigl\u00e1s PMMA transparente<\/td>\n<\/tr>\n<tr>\n<td>Dimensiones del parabrisas<\/td>\n<td>150 x 28 mm<\/td>\n<\/tr>\n<tr>\n<td>Altura del contorno<\/td>\n<td>3 mm<\/td>\n<\/tr>\n<tr>\n<td>Cable de alimentaci\u00f3n<\/td>\n<td>3 x 0,5 mm\u00b2, longitud 20 cm, \u00d6lflex, terminales de cable<\/td>\n<\/tr>\n<\/tbody>\n<\/table>\n<hr class=\"system-pagebreak\" title=\"Asignaci\u00f3n de cables\" \/>\n<table class=\"rls-table\">\n<tbody>\n<tr>\n<td>Cable<\/td>\n<td>Asignaci\u00f3n<\/td>\n<\/tr>\n<tr>\n<td>Cable 1<\/td>\n<td>Vcc<\/td>\n<\/tr>\n<tr>\n<td>Cable 2<\/td>\n<td>Vcc<\/td>\n<\/tr>\n<tr>\n<td>Cable 3<\/td>\n<td>no utilizado<\/td>\n<\/tr>\n<\/tbody>\n<\/table>\n","protected":false},"excerpt":{"rendered":"<p>La iluminaci\u00f3n de peine KL60-W est\u00e1 equipada con LED superbrillantes, de alta calidad y especialmente duraderos. La adaptaci\u00f3n mec\u00e1nica a las condiciones de tu obra es posible en cualquier momento.<\/p>\n<p>Las caracter\u00edsticas especiales son:<\/p>\n<ul>\n<li>Dise\u00f1o el\u00e9ctrico extremadamente robusto<\/li>\n<li>No se da\u00f1an los LED debido a las fluctuaciones el\u00e9ctricas<\/li>\n<li>Insensible a la suciedad<\/li>\n<li>Estanco hasta IP 67<\/li>\n<\/ul>\n<p>La iluminaci\u00f3n de peine KL60-W se utiliza en la zona de peine de las escaleras mec\u00e1nicas.<\/p>\n<p><img decoding=\"async\" class=\"alignnone size-medium wp-image-18892\" src=\"https:\/\/rls-wacon.de\/wp-content\/uploads\/2023\/10\/KL60-Frontscheibe-300x65.jpg\" alt=\"\" width=\"300\" height=\"65\" srcset=\"https:\/\/rls-wacon.de\/wp-content\/uploads\/2023\/10\/KL60-Frontscheibe-300x65.jpg 300w, https:\/\/rls-wacon.de\/wp-content\/uploads\/2023\/10\/KL60-Frontscheibe-1024x222.jpg 1024w, https:\/\/rls-wacon.de\/wp-content\/uploads\/2023\/10\/KL60-Frontscheibe-768x166.jpg 768w, https:\/\/rls-wacon.de\/wp-content\/uploads\/2023\/10\/KL60-Frontscheibe-600x130.jpg 600w, https:\/\/rls-wacon.de\/wp-content\/uploads\/2023\/10\/KL60-Frontscheibe.jpg 1417w\" sizes=\"(max-width: 300px) 100vw, 300px\" \/><\/p>\n","protected":false},"featured_media":18901,"template":"","meta":{"_acf_changed":false},"product_brand":[],"product_cat":[450],"product_tag":[],"class_list":{"0":"post-22853","1":"product","2":"type-product","3":"status-publish","4":"has-post-thumbnail","6":"product_cat-kammbeleuchtungen","8":"first","9":"instock","10":"shipping-taxable","11":"purchasable","12":"product-type-simple"},"exclude_global_add_ons":[],"addons":[],"acf":[],"yoast_head":"<!-- This site is optimized with the Yoast SEO Premium plugin v27.3 (Yoast SEO v27.4) - https:\/\/yoast.com\/product\/yoast-seo-premium-wordpress\/ -->\n<title>Iluminaci\u00f3n de peine KL60-W - RLS Wacon analytics<\/title>\n<meta name=\"description\" content=\"La iluminaci\u00f3n de peine KL60-W est\u00e1 equipada con LED superbrillantes, de alta calidad y especialmente duraderos.\" \/>\n<meta name=\"robots\" content=\"index, follow, max-snippet:-1, max-image-preview:large, max-video-preview:-1\" \/>\n<link rel=\"canonical\" href=\"https:\/\/rls-wacon.de\/es\/produkt\/iluminacion-de-peine-kl60-w\/\" \/>\n<meta property=\"og:locale\" content=\"es_ES\" \/>\n<meta property=\"og:type\" content=\"article\" \/>\n<meta property=\"og:title\" content=\"Iluminaci\u00f3n de peine KL60-W\" \/>\n<meta property=\"og:description\" content=\"La iluminaci\u00f3n de peine KL60-W est\u00e1 equipada con LED superbrillantes, de alta calidad y especialmente duraderos.\" \/>\n<meta property=\"og:url\" content=\"https:\/\/rls-wacon.de\/es\/produkt\/iluminacion-de-peine-kl60-w\/\" \/>\n<meta property=\"og:site_name\" content=\"RLS Wacon analytics\" \/>\n<meta property=\"article:modified_time\" content=\"2026-02-16T18:54:51+00:00\" \/>\n<meta property=\"og:image\" content=\"https:\/\/rls-wacon.de\/wp-content\/uploads\/2023\/10\/KL60-W.jpg\" \/>\n\t<meta property=\"og:image:width\" content=\"1417\" \/>\n\t<meta property=\"og:image:height\" content=\"299\" \/>\n\t<meta property=\"og:image:type\" content=\"image\/jpeg\" \/>\n<meta name=\"twitter:card\" content=\"summary_large_image\" \/>\n<meta name=\"twitter:label1\" content=\"Precio\" \/>\n\t<meta name=\"twitter:data1\" content=\"9.999,00&nbsp;&euro;\" \/>\n\t<meta name=\"twitter:label2\" content=\"Disponibilidad\" \/>\n\t<meta name=\"twitter:data2\" content=\"Disponible\" \/>\n<script type=\"application\/ld+json\" class=\"yoast-schema-graph\">{\"@context\":\"https:\\\/\\\/schema.org\",\"@graph\":[{\"@type\":\"WebPage\",\"@id\":\"https:\\\/\\\/rls-wacon.de\\\/es\\\/produkt\\\/iluminacion-de-peine-kl60-w\\\/\",\"url\":\"https:\\\/\\\/rls-wacon.de\\\/es\\\/produkt\\\/iluminacion-de-peine-kl60-w\\\/\",\"name\":\"Iluminaci\u00f3n de peine KL60-W - RLS Wacon analytics\",\"isPartOf\":{\"@id\":\"https:\\\/\\\/rls-wacon.de\\\/#website\"},\"primaryImageOfPage\":{\"@id\":\"https:\\\/\\\/rls-wacon.de\\\/es\\\/produkt\\\/iluminacion-de-peine-kl60-w\\\/#primaryimage\"},\"image\":{\"@id\":\"https:\\\/\\\/rls-wacon.de\\\/es\\\/produkt\\\/iluminacion-de-peine-kl60-w\\\/#primaryimage\"},\"thumbnailUrl\":\"https:\\\/\\\/rls-wacon.de\\\/wp-content\\\/uploads\\\/2023\\\/10\\\/KL60-W.jpg\",\"datePublished\":\"2023-10-24T15:04:22+00:00\",\"dateModified\":\"2026-02-16T18:54:51+00:00\",\"description\":\"La iluminaci\u00f3n de peine KL60-W est\u00e1 equipada con LED superbrillantes, de alta calidad y especialmente duraderos.\",\"breadcrumb\":{\"@id\":\"https:\\\/\\\/rls-wacon.de\\\/es\\\/produkt\\\/iluminacion-de-peine-kl60-w\\\/#breadcrumb\"},\"inLanguage\":\"es\",\"potentialAction\":[{\"@type\":\"ReadAction\",\"target\":[\"https:\\\/\\\/rls-wacon.de\\\/es\\\/produkt\\\/iluminacion-de-peine-kl60-w\\\/\"]}]},{\"@type\":\"ImageObject\",\"inLanguage\":\"es\",\"@id\":\"https:\\\/\\\/rls-wacon.de\\\/es\\\/produkt\\\/iluminacion-de-peine-kl60-w\\\/#primaryimage\",\"url\":\"https:\\\/\\\/rls-wacon.de\\\/wp-content\\\/uploads\\\/2023\\\/10\\\/KL60-W.jpg\",\"contentUrl\":\"https:\\\/\\\/rls-wacon.de\\\/wp-content\\\/uploads\\\/2023\\\/10\\\/KL60-W.jpg\",\"width\":1417,\"height\":299},{\"@type\":\"BreadcrumbList\",\"@id\":\"https:\\\/\\\/rls-wacon.de\\\/es\\\/produkt\\\/iluminacion-de-peine-kl60-w\\\/#breadcrumb\",\"itemListElement\":[{\"@type\":\"ListItem\",\"position\":1,\"name\":\"Startseite\",\"item\":\"https:\\\/\\\/rls-wacon.de\\\/pt-br\\\/\"},{\"@type\":\"ListItem\",\"position\":2,\"name\":\"Productos\",\"item\":\"https:\\\/\\\/rls-wacon.de\\\/shop\\\/\"},{\"@type\":\"ListItem\",\"position\":3,\"name\":\"Iluminaci\u00f3n de peine KL60-W\"}]},{\"@type\":\"WebSite\",\"@id\":\"https:\\\/\\\/rls-wacon.de\\\/#website\",\"url\":\"https:\\\/\\\/rls-wacon.de\\\/\",\"name\":\"RLS Wacon analytics GmbH\",\"description\":\"Experts for water monitoring\",\"publisher\":{\"@id\":\"https:\\\/\\\/rls-wacon.de\\\/#organization\"},\"potentialAction\":[{\"@type\":\"SearchAction\",\"target\":{\"@type\":\"EntryPoint\",\"urlTemplate\":\"https:\\\/\\\/rls-wacon.de\\\/?s={search_term_string}\"},\"query-input\":{\"@type\":\"PropertyValueSpecification\",\"valueRequired\":true,\"valueName\":\"search_term_string\"}}],\"inLanguage\":\"es\"},{\"@type\":\"Organization\",\"@id\":\"https:\\\/\\\/rls-wacon.de\\\/#organization\",\"name\":\"RLS Wacon analytics GmbH\",\"url\":\"https:\\\/\\\/rls-wacon.de\\\/\",\"logo\":{\"@type\":\"ImageObject\",\"inLanguage\":\"es\",\"@id\":\"https:\\\/\\\/rls-wacon.de\\\/#\\\/schema\\\/logo\\\/image\\\/\",\"url\":\"https:\\\/\\\/rls-wacon.de\\\/wp-content\\\/uploads\\\/2022\\\/10\\\/RLSWacon-analytics-Logo-BR-RZ-9_17-768x1591.png\",\"contentUrl\":\"https:\\\/\\\/rls-wacon.de\\\/wp-content\\\/uploads\\\/2022\\\/10\\\/RLSWacon-analytics-Logo-BR-RZ-9_17-768x1591.png\",\"width\":768,\"height\":159,\"caption\":\"RLS Wacon analytics GmbH\"},\"image\":{\"@id\":\"https:\\\/\\\/rls-wacon.de\\\/#\\\/schema\\\/logo\\\/image\\\/\"}}]}<\/script>\n<meta property=\"product:price:amount\" content=\"9999.00\" \/>\n<meta property=\"product:price:currency\" content=\"EUR\" \/>\n<meta property=\"og:availability\" content=\"instock\" \/>\n<meta property=\"product:availability\" content=\"instock\" \/>\n<meta property=\"product:retailer_item_id\" content=\"80-000632\" \/>\n<meta property=\"product:condition\" content=\"new\" \/>\n<!-- \/ Yoast SEO Premium plugin. -->","yoast_head_json":{"title":"Iluminaci\u00f3n de peine KL60-W - RLS Wacon analytics","description":"La iluminaci\u00f3n de peine KL60-W est\u00e1 equipada con LED superbrillantes, de alta calidad y especialmente duraderos.","robots":{"index":"index","follow":"follow","max-snippet":"max-snippet:-1","max-image-preview":"max-image-preview:large","max-video-preview":"max-video-preview:-1"},"canonical":"https:\/\/rls-wacon.de\/es\/produkt\/iluminacion-de-peine-kl60-w\/","og_locale":"es_ES","og_type":"article","og_title":"Iluminaci\u00f3n de peine KL60-W","og_description":"La iluminaci\u00f3n de peine KL60-W est\u00e1 equipada con LED superbrillantes, de alta calidad y especialmente duraderos.","og_url":"https:\/\/rls-wacon.de\/es\/produkt\/iluminacion-de-peine-kl60-w\/","og_site_name":"RLS Wacon analytics","article_modified_time":"2026-02-16T18:54:51+00:00","og_image":[{"width":1417,"height":299,"url":"https:\/\/rls-wacon.de\/wp-content\/uploads\/2023\/10\/KL60-W.jpg","type":"image\/jpeg"}],"twitter_card":"summary_large_image","twitter_misc":{"Precio":"9.999,00&nbsp;&euro;","Disponibilidad":"Disponible"},"schema":{"@context":"https:\/\/schema.org","@graph":[{"@type":"WebPage","@id":"https:\/\/rls-wacon.de\/es\/produkt\/iluminacion-de-peine-kl60-w\/","url":"https:\/\/rls-wacon.de\/es\/produkt\/iluminacion-de-peine-kl60-w\/","name":"Iluminaci\u00f3n de peine KL60-W - RLS Wacon analytics","isPartOf":{"@id":"https:\/\/rls-wacon.de\/#website"},"primaryImageOfPage":{"@id":"https:\/\/rls-wacon.de\/es\/produkt\/iluminacion-de-peine-kl60-w\/#primaryimage"},"image":{"@id":"https:\/\/rls-wacon.de\/es\/produkt\/iluminacion-de-peine-kl60-w\/#primaryimage"},"thumbnailUrl":"https:\/\/rls-wacon.de\/wp-content\/uploads\/2023\/10\/KL60-W.jpg","datePublished":"2023-10-24T15:04:22+00:00","dateModified":"2026-02-16T18:54:51+00:00","description":"La iluminaci\u00f3n de peine KL60-W est\u00e1 equipada con LED superbrillantes, de alta calidad y especialmente duraderos.","breadcrumb":{"@id":"https:\/\/rls-wacon.de\/es\/produkt\/iluminacion-de-peine-kl60-w\/#breadcrumb"},"inLanguage":"es","potentialAction":[{"@type":"ReadAction","target":["https:\/\/rls-wacon.de\/es\/produkt\/iluminacion-de-peine-kl60-w\/"]}]},{"@type":"ImageObject","inLanguage":"es","@id":"https:\/\/rls-wacon.de\/es\/produkt\/iluminacion-de-peine-kl60-w\/#primaryimage","url":"https:\/\/rls-wacon.de\/wp-content\/uploads\/2023\/10\/KL60-W.jpg","contentUrl":"https:\/\/rls-wacon.de\/wp-content\/uploads\/2023\/10\/KL60-W.jpg","width":1417,"height":299},{"@type":"BreadcrumbList","@id":"https:\/\/rls-wacon.de\/es\/produkt\/iluminacion-de-peine-kl60-w\/#breadcrumb","itemListElement":[{"@type":"ListItem","position":1,"name":"Startseite","item":"https:\/\/rls-wacon.de\/pt-br\/"},{"@type":"ListItem","position":2,"name":"Productos","item":"https:\/\/rls-wacon.de\/shop\/"},{"@type":"ListItem","position":3,"name":"Iluminaci\u00f3n de peine KL60-W"}]},{"@type":"WebSite","@id":"https:\/\/rls-wacon.de\/#website","url":"https:\/\/rls-wacon.de\/","name":"RLS Wacon analytics GmbH","description":"Experts for water monitoring","publisher":{"@id":"https:\/\/rls-wacon.de\/#organization"},"potentialAction":[{"@type":"SearchAction","target":{"@type":"EntryPoint","urlTemplate":"https:\/\/rls-wacon.de\/?s={search_term_string}"},"query-input":{"@type":"PropertyValueSpecification","valueRequired":true,"valueName":"search_term_string"}}],"inLanguage":"es"},{"@type":"Organization","@id":"https:\/\/rls-wacon.de\/#organization","name":"RLS Wacon analytics GmbH","url":"https:\/\/rls-wacon.de\/","logo":{"@type":"ImageObject","inLanguage":"es","@id":"https:\/\/rls-wacon.de\/#\/schema\/logo\/image\/","url":"https:\/\/rls-wacon.de\/wp-content\/uploads\/2022\/10\/RLSWacon-analytics-Logo-BR-RZ-9_17-768x1591.png","contentUrl":"https:\/\/rls-wacon.de\/wp-content\/uploads\/2022\/10\/RLSWacon-analytics-Logo-BR-RZ-9_17-768x1591.png","width":768,"height":159,"caption":"RLS Wacon analytics GmbH"},"image":{"@id":"https:\/\/rls-wacon.de\/#\/schema\/logo\/image\/"}}]},"product_price_amount":"9999.00","product_price_currency":"EUR","og_availability":"instock","product_availability":"instock","product_retailer_item_id":"80-000632","product_condition":"new"},"_links":{"self":[{"href":"https:\/\/rls-wacon.de\/es\/wp-json\/wp\/v2\/product\/22853","targetHints":{"allow":["GET"]}}],"collection":[{"href":"https:\/\/rls-wacon.de\/es\/wp-json\/wp\/v2\/product"}],"about":[{"href":"https:\/\/rls-wacon.de\/es\/wp-json\/wp\/v2\/types\/product"}],"version-history":[{"count":1,"href":"https:\/\/rls-wacon.de\/es\/wp-json\/wp\/v2\/product\/22853\/revisions"}],"predecessor-version":[{"id":28682,"href":"https:\/\/rls-wacon.de\/es\/wp-json\/wp\/v2\/product\/22853\/revisions\/28682"}],"wp:featuredmedia":[{"embeddable":true,"href":"https:\/\/rls-wacon.de\/es\/wp-json\/wp\/v2\/media\/18901"}],"wp:attachment":[{"href":"https:\/\/rls-wacon.de\/es\/wp-json\/wp\/v2\/media?parent=22853"}],"wp:term":[{"taxonomy":"product_brand","embeddable":true,"href":"https:\/\/rls-wacon.de\/es\/wp-json\/wp\/v2\/product_brand?post=22853"},{"taxonomy":"product_cat","embeddable":true,"href":"https:\/\/rls-wacon.de\/es\/wp-json\/wp\/v2\/product_cat?post=22853"},{"taxonomy":"product_tag","embeddable":true,"href":"https:\/\/rls-wacon.de\/es\/wp-json\/wp\/v2\/product_tag?post=22853"}],"curies":[{"name":"wp","href":"https:\/\/api.w.org\/{rel}","templated":true}]}}