{"id":22856,"date":"2023-10-24T15:04:23","date_gmt":"2023-10-24T15:04:23","guid":{"rendered":"https:\/\/rls-wacon.de\/produkt\/iluminacion-de-peine-kl80-sn\/"},"modified":"2026-02-16T19:56:05","modified_gmt":"2026-02-16T18:56:05","slug":"iluminacion-de-peine-kl80-sn","status":"publish","type":"product","link":"https:\/\/rls-wacon.de\/es\/produkt\/iluminacion-de-peine-kl80-sn\/","title":{"rendered":"Iluminaci\u00f3n de peine KL80 SN"},"content":{"rendered":"<hr class=\"system-pagebreak\" title=\"Especificaciones\" \/>\n<table class=\"rls-table\">\n<tbody>\n<tr>\n<td>Par\u00e1metro<\/td>\n<td>Valor<\/td>\n<\/tr>\n<tr>\n<td>Tensi\u00f3n de funcionamiento<\/td>\n<td>16 &#8230; 28 V AC\/DC \/ 16 &#8230; 36 V CC<\/td>\n<\/tr>\n<tr>\n<td>Consumo de energ\u00eda<\/td>\n<td>3 VA<\/td>\n<\/tr>\n<tr>\n<td>Temperatura ambiente<\/td>\n<td>de -20 \u00b0C a 60 \u00b0C<\/td>\n<\/tr>\n<tr>\n<td>Grado de protecci\u00f3n<\/td>\n<td>IP 67<\/td>\n<\/tr>\n<tr>\n<td>Dimensiones<\/td>\n<td>232 x 55 mm<\/td>\n<\/tr>\n<tr>\n<td>Profundidad de montaje<\/td>\n<td>34 mm<\/td>\n<\/tr>\n<tr>\n<td>Peso<\/td>\n<td>310 g<\/td>\n<\/tr>\n<\/tbody>\n<\/table>\n<hr class=\"system-pagebreak\" title=\"Datos t\u00e9cnicos\" \/>\n<table class=\"rls-table\">\n<tbody>\n<tr>\n<td>Par\u00e1metro<\/td>\n<td>Valor<\/td>\n<\/tr>\n<tr>\n<td>Color del LED<\/td>\n<td>amarillo, amarillo intermitente, verde, blanco, rojo\/verde\/verde intermitente<\/td>\n<\/tr>\n<tr>\n<td>Luminosidad<\/td>\n<td>150 lx (0,5 m de distancia)<\/td>\n<\/tr>\n<tr>\n<td>Parabrisas<\/td>\n<td>Cristal de hielo de plexigl\u00e1s PMMA<\/td>\n<\/tr>\n<tr>\n<td>Dimensiones del parabrisas<\/td>\n<td>182 x 36 mm<\/td>\n<\/tr>\n<tr>\n<td>Altura del contorno<\/td>\n<td>2 mm<\/td>\n<\/tr>\n<tr>\n<td>Cable de alimentaci\u00f3n<\/td>\n<td>2 x 0,5 mm\u00b2, longitud 30 cm, \u00d6lflex<\/td>\n<\/tr>\n<tr>\n<td>Enchufe<\/td>\n<td>HAN 3A (STI), pl\u00e1stico<\/td>\n<\/tr>\n<\/tbody>\n<\/table>\n<hr class=\"system-pagebreak\" title=\"Asignaci\u00f3n de cables\" \/>\n<table class=\"rls-table\">\n<tbody>\n<tr>\n<td>Pin<\/td>\n<td>Asignaci\u00f3n<\/td>\n<\/tr>\n<tr>\n<td>Clavija 1<\/td>\n<td>Vcc<\/td>\n<\/tr>\n<tr>\n<td>Clavija 2<\/td>\n<td>Vcc<\/td>\n<\/tr>\n<tr>\n<td>Clavija 3<\/td>\n<td>no asignado \/ modo intermitente<\/td>\n<\/tr>\n<\/tbody>\n<\/table>\n","protected":false},"excerpt":{"rendered":"<p>El recorte visible en la pantalla frontal de la iluminaci\u00f3n de peine KL80 SN est\u00e1 inclinado hacia la izquierda. El uso de LED en la iluminaci\u00f3n de peine KL80 SN garantiza una larga vida \u00fatil.<\/p>\n<p>Las caracter\u00edsticas especiales son:<\/p>\n<ul>\n<li>Iluminaci\u00f3n LED muy brillante<\/li>\n<li>Dise\u00f1o el\u00e9ctrico extremadamente robusto, no se da\u00f1an los LEDs por fluctuaciones el\u00e9ctricas<\/li>\n<li>Bajo consumo de energ\u00eda<\/li>\n<li>Duradero<\/li>\n<li>Insensible a la suciedad<\/li>\n<li>IP 67<\/li>\n<\/ul>\n<p>La iluminaci\u00f3n de peine KL80 SN se utiliza en la zona de peine de las escaleras mec\u00e1nicas.<\/p>\n<p><img decoding=\"async\" class=\"alignnone size-medium wp-image-18714\" src=\"https:\/\/rls-wacon.de\/wp-content\/uploads\/2023\/10\/KL80-SN-v3.1.1-300x72.jpg\" alt=\"\" width=\"300\" height=\"72\" srcset=\"https:\/\/rls-wacon.de\/wp-content\/uploads\/2023\/10\/KL80-SN-v3.1.1-300x72.jpg 300w, https:\/\/rls-wacon.de\/wp-content\/uploads\/2023\/10\/KL80-SN-v3.1.1-768x184.jpg 768w, https:\/\/rls-wacon.de\/wp-content\/uploads\/2023\/10\/KL80-SN-v3.1.1-600x144.jpg 600w, https:\/\/rls-wacon.de\/wp-content\/uploads\/2023\/10\/KL80-SN-v3.1.1.jpg 945w\" sizes=\"(max-width: 300px) 100vw, 300px\" \/><\/p>\n","protected":false},"featured_media":18748,"template":"","meta":{"_acf_changed":false},"product_brand":[],"product_cat":[1402],"product_tag":[],"class_list":{"0":"post-22856","1":"product","2":"type-product","3":"status-publish","4":"has-post-thumbnail","6":"product_cat-iluminacao-do-pente","8":"first","9":"instock","10":"shipping-taxable","11":"purchasable","12":"product-type-variable"},"exclude_global_add_ons":[],"addons":[],"acf":[],"yoast_head":"<!-- This site is optimized with the Yoast SEO Premium plugin v27.3 (Yoast SEO v27.3) - https:\/\/yoast.com\/product\/yoast-seo-premium-wordpress\/ -->\n<title>Iluminaci\u00f3n de peine KL80 SN - RLS Wacon analytics<\/title>\n<meta name=\"description\" content=\"El recorte visible en la pantalla frontal de la iluminaci\u00f3n de peine KL80 SN est\u00e1 inclinado hacia la izquierda.\" \/>\n<meta name=\"robots\" content=\"index, follow, max-snippet:-1, max-image-preview:large, max-video-preview:-1\" \/>\n<link rel=\"canonical\" href=\"https:\/\/rls-wacon.de\/es\/produkt\/iluminacion-de-peine-kl80-sn\/\" \/>\n<meta property=\"og:locale\" content=\"es_ES\" \/>\n<meta property=\"og:type\" content=\"article\" \/>\n<meta property=\"og:title\" content=\"Iluminaci\u00f3n de peine KL80 SN\" \/>\n<meta property=\"og:description\" content=\"El recorte visible en la pantalla frontal de la iluminaci\u00f3n de peine KL80 SN est\u00e1 inclinado hacia la izquierda.\" \/>\n<meta property=\"og:url\" content=\"https:\/\/rls-wacon.de\/es\/produkt\/iluminacion-de-peine-kl80-sn\/\" \/>\n<meta property=\"og:site_name\" content=\"RLS Wacon analytics\" \/>\n<meta property=\"article:modified_time\" content=\"2026-02-16T18:56:05+00:00\" \/>\n<meta property=\"og:image\" content=\"https:\/\/rls-wacon.de\/wp-content\/uploads\/2023\/10\/KL80-SN.jpg\" \/>\n\t<meta property=\"og:image:width\" content=\"945\" \/>\n\t<meta property=\"og:image:height\" content=\"227\" \/>\n\t<meta property=\"og:image:type\" content=\"image\/jpeg\" \/>\n<meta name=\"twitter:card\" content=\"summary_large_image\" \/>\n<meta name=\"twitter:label1\" content=\"Disponibilidad\" \/>\n\t<meta name=\"twitter:data1\" content=\"Disponible\" \/>\n<script type=\"application\/ld+json\" class=\"yoast-schema-graph\">{\"@context\":\"https:\\\/\\\/schema.org\",\"@graph\":[{\"@type\":\"WebPage\",\"@id\":\"https:\\\/\\\/rls-wacon.de\\\/es\\\/produkt\\\/iluminacion-de-peine-kl80-sn\\\/\",\"url\":\"https:\\\/\\\/rls-wacon.de\\\/es\\\/produkt\\\/iluminacion-de-peine-kl80-sn\\\/\",\"name\":\"Iluminaci\u00f3n de peine KL80 SN - RLS Wacon analytics\",\"isPartOf\":{\"@id\":\"https:\\\/\\\/rls-wacon.de\\\/#website\"},\"primaryImageOfPage\":{\"@id\":\"https:\\\/\\\/rls-wacon.de\\\/es\\\/produkt\\\/iluminacion-de-peine-kl80-sn\\\/#primaryimage\"},\"image\":{\"@id\":\"https:\\\/\\\/rls-wacon.de\\\/es\\\/produkt\\\/iluminacion-de-peine-kl80-sn\\\/#primaryimage\"},\"thumbnailUrl\":\"https:\\\/\\\/rls-wacon.de\\\/wp-content\\\/uploads\\\/2023\\\/10\\\/KL80-SN.jpg\",\"datePublished\":\"2023-10-24T15:04:23+00:00\",\"dateModified\":\"2026-02-16T18:56:05+00:00\",\"description\":\"El recorte visible en la pantalla frontal de la iluminaci\u00f3n de peine KL80 SN est\u00e1 inclinado hacia la izquierda.\",\"breadcrumb\":{\"@id\":\"https:\\\/\\\/rls-wacon.de\\\/es\\\/produkt\\\/iluminacion-de-peine-kl80-sn\\\/#breadcrumb\"},\"inLanguage\":\"es\",\"potentialAction\":[{\"@type\":\"ReadAction\",\"target\":[\"https:\\\/\\\/rls-wacon.de\\\/es\\\/produkt\\\/iluminacion-de-peine-kl80-sn\\\/\"]}]},{\"@type\":\"ImageObject\",\"inLanguage\":\"es\",\"@id\":\"https:\\\/\\\/rls-wacon.de\\\/es\\\/produkt\\\/iluminacion-de-peine-kl80-sn\\\/#primaryimage\",\"url\":\"https:\\\/\\\/rls-wacon.de\\\/wp-content\\\/uploads\\\/2023\\\/10\\\/KL80-SN.jpg\",\"contentUrl\":\"https:\\\/\\\/rls-wacon.de\\\/wp-content\\\/uploads\\\/2023\\\/10\\\/KL80-SN.jpg\",\"width\":945,\"height\":227},{\"@type\":\"BreadcrumbList\",\"@id\":\"https:\\\/\\\/rls-wacon.de\\\/es\\\/produkt\\\/iluminacion-de-peine-kl80-sn\\\/#breadcrumb\",\"itemListElement\":[{\"@type\":\"ListItem\",\"position\":1,\"name\":\"Startseite\",\"item\":\"https:\\\/\\\/rls-wacon.de\\\/pt-br\\\/\"},{\"@type\":\"ListItem\",\"position\":2,\"name\":\"Productos\",\"item\":\"https:\\\/\\\/rls-wacon.de\\\/shop\\\/\"},{\"@type\":\"ListItem\",\"position\":3,\"name\":\"Iluminaci\u00f3n de peine KL80 SN\"}]},{\"@type\":\"WebSite\",\"@id\":\"https:\\\/\\\/rls-wacon.de\\\/#website\",\"url\":\"https:\\\/\\\/rls-wacon.de\\\/\",\"name\":\"RLS Wacon analytics GmbH\",\"description\":\"Experts for water monitoring\",\"publisher\":{\"@id\":\"https:\\\/\\\/rls-wacon.de\\\/#organization\"},\"potentialAction\":[{\"@type\":\"SearchAction\",\"target\":{\"@type\":\"EntryPoint\",\"urlTemplate\":\"https:\\\/\\\/rls-wacon.de\\\/?s={search_term_string}\"},\"query-input\":{\"@type\":\"PropertyValueSpecification\",\"valueRequired\":true,\"valueName\":\"search_term_string\"}}],\"inLanguage\":\"es\"},{\"@type\":\"Organization\",\"@id\":\"https:\\\/\\\/rls-wacon.de\\\/#organization\",\"name\":\"RLS Wacon analytics GmbH\",\"url\":\"https:\\\/\\\/rls-wacon.de\\\/\",\"logo\":{\"@type\":\"ImageObject\",\"inLanguage\":\"es\",\"@id\":\"https:\\\/\\\/rls-wacon.de\\\/#\\\/schema\\\/logo\\\/image\\\/\",\"url\":\"https:\\\/\\\/rls-wacon.de\\\/wp-content\\\/uploads\\\/2022\\\/10\\\/RLSWacon-analytics-Logo-BR-RZ-9_17-768x1591.png\",\"contentUrl\":\"https:\\\/\\\/rls-wacon.de\\\/wp-content\\\/uploads\\\/2022\\\/10\\\/RLSWacon-analytics-Logo-BR-RZ-9_17-768x1591.png\",\"width\":768,\"height\":159,\"caption\":\"RLS Wacon analytics GmbH\"},\"image\":{\"@id\":\"https:\\\/\\\/rls-wacon.de\\\/#\\\/schema\\\/logo\\\/image\\\/\"}}]}<\/script>\n<meta property=\"og:availability\" content=\"instock\" \/>\n<meta property=\"product:availability\" content=\"instock\" \/>\n<meta property=\"product:condition\" content=\"new\" \/>\n<!-- \/ Yoast SEO Premium plugin. -->","yoast_head_json":{"title":"Iluminaci\u00f3n de peine KL80 SN - RLS Wacon analytics","description":"El recorte visible en la pantalla frontal de la iluminaci\u00f3n de peine KL80 SN est\u00e1 inclinado hacia la izquierda.","robots":{"index":"index","follow":"follow","max-snippet":"max-snippet:-1","max-image-preview":"max-image-preview:large","max-video-preview":"max-video-preview:-1"},"canonical":"https:\/\/rls-wacon.de\/es\/produkt\/iluminacion-de-peine-kl80-sn\/","og_locale":"es_ES","og_type":"article","og_title":"Iluminaci\u00f3n de peine KL80 SN","og_description":"El recorte visible en la pantalla frontal de la iluminaci\u00f3n de peine KL80 SN est\u00e1 inclinado hacia la izquierda.","og_url":"https:\/\/rls-wacon.de\/es\/produkt\/iluminacion-de-peine-kl80-sn\/","og_site_name":"RLS Wacon analytics","article_modified_time":"2026-02-16T18:56:05+00:00","og_image":[{"width":945,"height":227,"url":"https:\/\/rls-wacon.de\/wp-content\/uploads\/2023\/10\/KL80-SN.jpg","type":"image\/jpeg"}],"twitter_card":"summary_large_image","twitter_misc":{"Disponibilidad":"Disponible"},"schema":{"@context":"https:\/\/schema.org","@graph":[{"@type":"WebPage","@id":"https:\/\/rls-wacon.de\/es\/produkt\/iluminacion-de-peine-kl80-sn\/","url":"https:\/\/rls-wacon.de\/es\/produkt\/iluminacion-de-peine-kl80-sn\/","name":"Iluminaci\u00f3n de peine KL80 SN - RLS Wacon analytics","isPartOf":{"@id":"https:\/\/rls-wacon.de\/#website"},"primaryImageOfPage":{"@id":"https:\/\/rls-wacon.de\/es\/produkt\/iluminacion-de-peine-kl80-sn\/#primaryimage"},"image":{"@id":"https:\/\/rls-wacon.de\/es\/produkt\/iluminacion-de-peine-kl80-sn\/#primaryimage"},"thumbnailUrl":"https:\/\/rls-wacon.de\/wp-content\/uploads\/2023\/10\/KL80-SN.jpg","datePublished":"2023-10-24T15:04:23+00:00","dateModified":"2026-02-16T18:56:05+00:00","description":"El recorte visible en la pantalla frontal de la iluminaci\u00f3n de peine KL80 SN est\u00e1 inclinado hacia la izquierda.","breadcrumb":{"@id":"https:\/\/rls-wacon.de\/es\/produkt\/iluminacion-de-peine-kl80-sn\/#breadcrumb"},"inLanguage":"es","potentialAction":[{"@type":"ReadAction","target":["https:\/\/rls-wacon.de\/es\/produkt\/iluminacion-de-peine-kl80-sn\/"]}]},{"@type":"ImageObject","inLanguage":"es","@id":"https:\/\/rls-wacon.de\/es\/produkt\/iluminacion-de-peine-kl80-sn\/#primaryimage","url":"https:\/\/rls-wacon.de\/wp-content\/uploads\/2023\/10\/KL80-SN.jpg","contentUrl":"https:\/\/rls-wacon.de\/wp-content\/uploads\/2023\/10\/KL80-SN.jpg","width":945,"height":227},{"@type":"BreadcrumbList","@id":"https:\/\/rls-wacon.de\/es\/produkt\/iluminacion-de-peine-kl80-sn\/#breadcrumb","itemListElement":[{"@type":"ListItem","position":1,"name":"Startseite","item":"https:\/\/rls-wacon.de\/pt-br\/"},{"@type":"ListItem","position":2,"name":"Productos","item":"https:\/\/rls-wacon.de\/shop\/"},{"@type":"ListItem","position":3,"name":"Iluminaci\u00f3n de peine KL80 SN"}]},{"@type":"WebSite","@id":"https:\/\/rls-wacon.de\/#website","url":"https:\/\/rls-wacon.de\/","name":"RLS Wacon analytics GmbH","description":"Experts for water monitoring","publisher":{"@id":"https:\/\/rls-wacon.de\/#organization"},"potentialAction":[{"@type":"SearchAction","target":{"@type":"EntryPoint","urlTemplate":"https:\/\/rls-wacon.de\/?s={search_term_string}"},"query-input":{"@type":"PropertyValueSpecification","valueRequired":true,"valueName":"search_term_string"}}],"inLanguage":"es"},{"@type":"Organization","@id":"https:\/\/rls-wacon.de\/#organization","name":"RLS Wacon analytics GmbH","url":"https:\/\/rls-wacon.de\/","logo":{"@type":"ImageObject","inLanguage":"es","@id":"https:\/\/rls-wacon.de\/#\/schema\/logo\/image\/","url":"https:\/\/rls-wacon.de\/wp-content\/uploads\/2022\/10\/RLSWacon-analytics-Logo-BR-RZ-9_17-768x1591.png","contentUrl":"https:\/\/rls-wacon.de\/wp-content\/uploads\/2022\/10\/RLSWacon-analytics-Logo-BR-RZ-9_17-768x1591.png","width":768,"height":159,"caption":"RLS Wacon analytics GmbH"},"image":{"@id":"https:\/\/rls-wacon.de\/#\/schema\/logo\/image\/"}}]},"og_availability":"instock","product_availability":"instock","product_condition":"new"},"_links":{"self":[{"href":"https:\/\/rls-wacon.de\/es\/wp-json\/wp\/v2\/product\/22856","targetHints":{"allow":["GET"]}}],"collection":[{"href":"https:\/\/rls-wacon.de\/es\/wp-json\/wp\/v2\/product"}],"about":[{"href":"https:\/\/rls-wacon.de\/es\/wp-json\/wp\/v2\/types\/product"}],"version-history":[{"count":1,"href":"https:\/\/rls-wacon.de\/es\/wp-json\/wp\/v2\/product\/22856\/revisions"}],"predecessor-version":[{"id":28684,"href":"https:\/\/rls-wacon.de\/es\/wp-json\/wp\/v2\/product\/22856\/revisions\/28684"}],"wp:featuredmedia":[{"embeddable":true,"href":"https:\/\/rls-wacon.de\/es\/wp-json\/wp\/v2\/media\/18748"}],"wp:attachment":[{"href":"https:\/\/rls-wacon.de\/es\/wp-json\/wp\/v2\/media?parent=22856"}],"wp:term":[{"taxonomy":"product_brand","embeddable":true,"href":"https:\/\/rls-wacon.de\/es\/wp-json\/wp\/v2\/product_brand?post=22856"},{"taxonomy":"product_cat","embeddable":true,"href":"https:\/\/rls-wacon.de\/es\/wp-json\/wp\/v2\/product_cat?post=22856"},{"taxonomy":"product_tag","embeddable":true,"href":"https:\/\/rls-wacon.de\/es\/wp-json\/wp\/v2\/product_tag?post=22856"}],"curies":[{"name":"wp","href":"https:\/\/api.w.org\/{rel}","templated":true}]}}