{"id":22950,"date":"2023-09-14T13:54:47","date_gmt":"2023-09-14T13:54:47","guid":{"rendered":"https:\/\/rls-wacon.de\/produkt\/refrigerador-de-muestras-ac-100-sin-valvulas\/"},"modified":"2026-02-16T20:08:06","modified_gmt":"2026-02-16T19:08:06","slug":"refrigerador-de-muestras-ac-100-sin-valvulas","status":"publish","type":"product","link":"https:\/\/rls-wacon.de\/es\/produkt\/refrigerador-de-muestras-ac-100-sin-valvulas\/","title":{"rendered":"Refrigerador de muestras AC 100 sin v\u00e1lvulas"},"content":{"rendered":"<p>El refrigerador de muestras AC 100 se utiliza para tomar una muestra de agua de una tuber\u00eda de agua caliente para su an\u00e1lisis manual. Instal\u00e1ndolo en la tuber\u00eda de toma de muestras y conectando una tuber\u00eda de agua fr\u00eda, se pueden controlar cualitativamente muestras como el agua de la caldera, el agua de alimentaci\u00f3n de la caldera y el condensado. A continuaci\u00f3n, las muestras se analizan con nuestros kits de prueba CALDUR, por ejemplo.<\/p>\n<p>Las caracter\u00edsticas especiales de los refrigeradores de muestras de la serie PC incluyen<\/p>\n<ul>\n<li>Dise\u00f1o compacto<\/li>\n<li>Uso de acero inoxidable de alta calidad<\/li>\n<li>Presi\u00f3n de entrada de agua de refrigeraci\u00f3n hasta 8 bar<\/li>\n<\/ul>\n<hr class=\"system-pagebreak\" title=\"Especificaciones generales\" \/>\n<table class=\"wacon-table\">\n<tbody>\n<tr>\n<td>Par\u00e1metros<\/td>\n<td>Valor \/ Rango<\/td>\n<\/tr>\n<tr>\n<td>Peso<\/td>\n<td>2,4 kg<\/td>\n<\/tr>\n<tr>\n<td>Dimensiones<\/td>\n<td>Cuerpo 100 x 225 mm \/ bobina de refrigeraci\u00f3n 2,6 m x 8 mm<\/td>\n<\/tr>\n<tr>\n<td>material<\/td>\n<td>Acero inoxidable 1.4571, electropulido<\/td>\n<\/tr>\n<\/tbody>\n<\/table>\n<hr class=\"system-pagebreak\" title=\"Datos t\u00e9cnicos\" \/>\n<table class=\"wacon-table\">\n<tbody>\n<tr>\n<td>Par\u00e1metros<\/td>\n<td>Valor \/ Rango<\/td>\n<\/tr>\n<tr>\n<td>instalaci\u00f3n<\/td>\n<td>Montaje mural en locales cerrados<\/td>\n<\/tr>\n<tr>\n<td>Entrada de agua de refrigeraci\u00f3n<\/td>\n<td>8 mm<\/td>\n<\/tr>\n<tr>\n<td>Salida de agua de refrigeraci\u00f3n<\/td>\n<td>1\/2&#8243; rosca exterior<\/td>\n<\/tr>\n<tr>\n<td>Entrada de agua de muestra<\/td>\n<td>8 mm<\/td>\n<\/tr>\n<tr>\n<td>Salida de agua de muestreo<\/td>\n<td>8 mm<\/td>\n<\/tr>\n<tr>\n<td>Presi\u00f3n nominal<\/td>\n<td>8 bar (salidas abiertas)<\/td>\n<\/tr>\n<tr>\n<td>Bater\u00eda de refrigeraci\u00f3n<\/td>\n<td>16 bar<\/td>\n<\/tr>\n<tr>\n<td>Montaje<\/td>\n<td>2 pliegues, distancia 54 mm, di\u00e1metro del tornillo 4 mm<\/td>\n<\/tr>\n<\/tbody>\n<\/table>\n","protected":false},"excerpt":{"rendered":"<p>Nuestros refrigeradores de muestras de la serie AC son ideales para tomar manualmente muestras de agua que deben enfriarse a temperatura ambiente normal para fines anal\u00edticos. Los refrigeradores de muestras de RLS Wacon se utilizan sobre todo en calderas.<\/p>\n<p>Las caracter\u00edsticas especiales de los refrigeradores de muestras de la serie AC incluyen<\/p>\n<ul>\n<li>Enfriador de muestras opcionalmente con o sin v\u00e1lvula<\/li>\n<li>Dise\u00f1o compacto<\/li>\n<li>Uso de acero inoxidable de alta calidad<\/li>\n<\/ul>\n<p>&nbsp;<\/p>\n","protected":false},"featured_media":22951,"template":"","meta":{"_acf_changed":false},"product_brand":[],"product_cat":[1286],"product_tag":[],"class_list":{"0":"post-22950","1":"product","2":"type-product","3":"status-publish","4":"has-post-thumbnail","6":"product_cat-muestreo-y-refrigerador","8":"first","9":"instock","10":"shipping-taxable","11":"purchasable","12":"product-type-simple"},"exclude_global_add_ons":[],"addons":[],"acf":[],"yoast_head":"<!-- This site is optimized with the Yoast SEO Premium plugin v27.3 (Yoast SEO v27.4) - https:\/\/yoast.com\/product\/yoast-seo-premium-wordpress\/ -->\n<title>Refrigerador de muestras AC 100 sin v\u00e1lvulas - RLS Wacon analytics<\/title>\n<meta name=\"description\" content=\"Nuestros refrigeradores de muestras de la serie AC son ideales para tomar manualmente muestras de agua que deben enfriarse a temperatura ambiente normal\u2026\" \/>\n<meta name=\"robots\" content=\"index, follow, max-snippet:-1, max-image-preview:large, max-video-preview:-1\" \/>\n<link rel=\"canonical\" href=\"https:\/\/rls-wacon.de\/es\/produkt\/refrigerador-de-muestras-ac-100-sin-valvulas\/\" \/>\n<meta property=\"og:locale\" content=\"es_ES\" \/>\n<meta property=\"og:type\" content=\"article\" \/>\n<meta property=\"og:title\" content=\"Refrigerador de muestras AC 100 sin v\u00e1lvulas\" \/>\n<meta property=\"og:description\" content=\"Nuestros refrigeradores de muestras de la serie AC son ideales para tomar manualmente muestras de agua que deben enfriarse a temperatura ambiente normal\u2026\" \/>\n<meta property=\"og:url\" content=\"https:\/\/rls-wacon.de\/es\/produkt\/refrigerador-de-muestras-ac-100-sin-valvulas\/\" \/>\n<meta property=\"og:site_name\" content=\"RLS Wacon analytics\" \/>\n<meta property=\"article:modified_time\" content=\"2026-02-16T19:08:06+00:00\" \/>\n<meta property=\"og:image\" content=\"https:\/\/rls-wacon.de\/wp-content\/uploads\/2023\/09\/probenkuehler-ac-100-mit-ventilen_l.jpg\" \/>\n\t<meta property=\"og:image:width\" content=\"194\" \/>\n\t<meta property=\"og:image:height\" content=\"300\" \/>\n\t<meta property=\"og:image:type\" content=\"image\/jpeg\" \/>\n<meta name=\"twitter:card\" content=\"summary_large_image\" \/>\n<meta name=\"twitter:label1\" content=\"Precio\" \/>\n\t<meta name=\"twitter:data1\" content=\"9.999,00&nbsp;&euro;\" \/>\n\t<meta name=\"twitter:label2\" content=\"Disponibilidad\" \/>\n\t<meta name=\"twitter:data2\" content=\"Disponible\" \/>\n<script type=\"application\/ld+json\" class=\"yoast-schema-graph\">{\"@context\":\"https:\\\/\\\/schema.org\",\"@graph\":[{\"@type\":\"WebPage\",\"@id\":\"https:\\\/\\\/rls-wacon.de\\\/es\\\/produkt\\\/refrigerador-de-muestras-ac-100-sin-valvulas\\\/\",\"url\":\"https:\\\/\\\/rls-wacon.de\\\/es\\\/produkt\\\/refrigerador-de-muestras-ac-100-sin-valvulas\\\/\",\"name\":\"Refrigerador de muestras AC 100 sin v\u00e1lvulas - RLS Wacon analytics\",\"isPartOf\":{\"@id\":\"https:\\\/\\\/rls-wacon.de\\\/#website\"},\"primaryImageOfPage\":{\"@id\":\"https:\\\/\\\/rls-wacon.de\\\/es\\\/produkt\\\/refrigerador-de-muestras-ac-100-sin-valvulas\\\/#primaryimage\"},\"image\":{\"@id\":\"https:\\\/\\\/rls-wacon.de\\\/es\\\/produkt\\\/refrigerador-de-muestras-ac-100-sin-valvulas\\\/#primaryimage\"},\"thumbnailUrl\":\"https:\\\/\\\/rls-wacon.de\\\/wp-content\\\/uploads\\\/2023\\\/09\\\/probenkuehler-ac-100-mit-ventilen_l.jpg\",\"datePublished\":\"2023-09-14T13:54:47+00:00\",\"dateModified\":\"2026-02-16T19:08:06+00:00\",\"description\":\"Nuestros refrigeradores de muestras de la serie AC son ideales para tomar manualmente muestras de agua que deben enfriarse a temperatura ambiente normal\u2026\",\"breadcrumb\":{\"@id\":\"https:\\\/\\\/rls-wacon.de\\\/es\\\/produkt\\\/refrigerador-de-muestras-ac-100-sin-valvulas\\\/#breadcrumb\"},\"inLanguage\":\"es\",\"potentialAction\":[{\"@type\":\"ReadAction\",\"target\":[\"https:\\\/\\\/rls-wacon.de\\\/es\\\/produkt\\\/refrigerador-de-muestras-ac-100-sin-valvulas\\\/\"]}]},{\"@type\":\"ImageObject\",\"inLanguage\":\"es\",\"@id\":\"https:\\\/\\\/rls-wacon.de\\\/es\\\/produkt\\\/refrigerador-de-muestras-ac-100-sin-valvulas\\\/#primaryimage\",\"url\":\"https:\\\/\\\/rls-wacon.de\\\/wp-content\\\/uploads\\\/2023\\\/09\\\/probenkuehler-ac-100-mit-ventilen_l.jpg\",\"contentUrl\":\"https:\\\/\\\/rls-wacon.de\\\/wp-content\\\/uploads\\\/2023\\\/09\\\/probenkuehler-ac-100-mit-ventilen_l.jpg\",\"width\":194,\"height\":300,\"caption\":\"Refrigerador de muestras AC 100 con v\u00e1lvulas\"},{\"@type\":\"BreadcrumbList\",\"@id\":\"https:\\\/\\\/rls-wacon.de\\\/es\\\/produkt\\\/refrigerador-de-muestras-ac-100-sin-valvulas\\\/#breadcrumb\",\"itemListElement\":[{\"@type\":\"ListItem\",\"position\":1,\"name\":\"Startseite\",\"item\":\"https:\\\/\\\/rls-wacon.de\\\/pt-br\\\/\"},{\"@type\":\"ListItem\",\"position\":2,\"name\":\"Productos\",\"item\":\"https:\\\/\\\/rls-wacon.de\\\/shop\\\/\"},{\"@type\":\"ListItem\",\"position\":3,\"name\":\"Refrigerador de muestras AC 100 sin v\u00e1lvulas\"}]},{\"@type\":\"WebSite\",\"@id\":\"https:\\\/\\\/rls-wacon.de\\\/#website\",\"url\":\"https:\\\/\\\/rls-wacon.de\\\/\",\"name\":\"RLS Wacon analytics GmbH\",\"description\":\"Experts for water monitoring\",\"publisher\":{\"@id\":\"https:\\\/\\\/rls-wacon.de\\\/#organization\"},\"potentialAction\":[{\"@type\":\"SearchAction\",\"target\":{\"@type\":\"EntryPoint\",\"urlTemplate\":\"https:\\\/\\\/rls-wacon.de\\\/?s={search_term_string}\"},\"query-input\":{\"@type\":\"PropertyValueSpecification\",\"valueRequired\":true,\"valueName\":\"search_term_string\"}}],\"inLanguage\":\"es\"},{\"@type\":\"Organization\",\"@id\":\"https:\\\/\\\/rls-wacon.de\\\/#organization\",\"name\":\"RLS Wacon analytics GmbH\",\"url\":\"https:\\\/\\\/rls-wacon.de\\\/\",\"logo\":{\"@type\":\"ImageObject\",\"inLanguage\":\"es\",\"@id\":\"https:\\\/\\\/rls-wacon.de\\\/#\\\/schema\\\/logo\\\/image\\\/\",\"url\":\"https:\\\/\\\/rls-wacon.de\\\/wp-content\\\/uploads\\\/2022\\\/10\\\/RLSWacon-analytics-Logo-BR-RZ-9_17-768x1591.png\",\"contentUrl\":\"https:\\\/\\\/rls-wacon.de\\\/wp-content\\\/uploads\\\/2022\\\/10\\\/RLSWacon-analytics-Logo-BR-RZ-9_17-768x1591.png\",\"width\":768,\"height\":159,\"caption\":\"RLS Wacon analytics GmbH\"},\"image\":{\"@id\":\"https:\\\/\\\/rls-wacon.de\\\/#\\\/schema\\\/logo\\\/image\\\/\"}}]}<\/script>\n<meta property=\"product:price:amount\" content=\"9999.00\" \/>\n<meta property=\"product:price:currency\" content=\"EUR\" \/>\n<meta property=\"og:availability\" content=\"instock\" \/>\n<meta property=\"product:availability\" content=\"instock\" \/>\n<meta property=\"product:condition\" content=\"new\" \/>\n<!-- \/ Yoast SEO Premium plugin. -->","yoast_head_json":{"title":"Refrigerador de muestras AC 100 sin v\u00e1lvulas - RLS Wacon analytics","description":"Nuestros refrigeradores de muestras de la serie AC son ideales para tomar manualmente muestras de agua que deben enfriarse a temperatura ambiente normal\u2026","robots":{"index":"index","follow":"follow","max-snippet":"max-snippet:-1","max-image-preview":"max-image-preview:large","max-video-preview":"max-video-preview:-1"},"canonical":"https:\/\/rls-wacon.de\/es\/produkt\/refrigerador-de-muestras-ac-100-sin-valvulas\/","og_locale":"es_ES","og_type":"article","og_title":"Refrigerador de muestras AC 100 sin v\u00e1lvulas","og_description":"Nuestros refrigeradores de muestras de la serie AC son ideales para tomar manualmente muestras de agua que deben enfriarse a temperatura ambiente normal\u2026","og_url":"https:\/\/rls-wacon.de\/es\/produkt\/refrigerador-de-muestras-ac-100-sin-valvulas\/","og_site_name":"RLS Wacon analytics","article_modified_time":"2026-02-16T19:08:06+00:00","og_image":[{"width":194,"height":300,"url":"https:\/\/rls-wacon.de\/wp-content\/uploads\/2023\/09\/probenkuehler-ac-100-mit-ventilen_l.jpg","type":"image\/jpeg"}],"twitter_card":"summary_large_image","twitter_misc":{"Precio":"9.999,00&nbsp;&euro;","Disponibilidad":"Disponible"},"schema":{"@context":"https:\/\/schema.org","@graph":[{"@type":"WebPage","@id":"https:\/\/rls-wacon.de\/es\/produkt\/refrigerador-de-muestras-ac-100-sin-valvulas\/","url":"https:\/\/rls-wacon.de\/es\/produkt\/refrigerador-de-muestras-ac-100-sin-valvulas\/","name":"Refrigerador de muestras AC 100 sin v\u00e1lvulas - RLS Wacon analytics","isPartOf":{"@id":"https:\/\/rls-wacon.de\/#website"},"primaryImageOfPage":{"@id":"https:\/\/rls-wacon.de\/es\/produkt\/refrigerador-de-muestras-ac-100-sin-valvulas\/#primaryimage"},"image":{"@id":"https:\/\/rls-wacon.de\/es\/produkt\/refrigerador-de-muestras-ac-100-sin-valvulas\/#primaryimage"},"thumbnailUrl":"https:\/\/rls-wacon.de\/wp-content\/uploads\/2023\/09\/probenkuehler-ac-100-mit-ventilen_l.jpg","datePublished":"2023-09-14T13:54:47+00:00","dateModified":"2026-02-16T19:08:06+00:00","description":"Nuestros refrigeradores de muestras de la serie AC son ideales para tomar manualmente muestras de agua que deben enfriarse a temperatura ambiente normal\u2026","breadcrumb":{"@id":"https:\/\/rls-wacon.de\/es\/produkt\/refrigerador-de-muestras-ac-100-sin-valvulas\/#breadcrumb"},"inLanguage":"es","potentialAction":[{"@type":"ReadAction","target":["https:\/\/rls-wacon.de\/es\/produkt\/refrigerador-de-muestras-ac-100-sin-valvulas\/"]}]},{"@type":"ImageObject","inLanguage":"es","@id":"https:\/\/rls-wacon.de\/es\/produkt\/refrigerador-de-muestras-ac-100-sin-valvulas\/#primaryimage","url":"https:\/\/rls-wacon.de\/wp-content\/uploads\/2023\/09\/probenkuehler-ac-100-mit-ventilen_l.jpg","contentUrl":"https:\/\/rls-wacon.de\/wp-content\/uploads\/2023\/09\/probenkuehler-ac-100-mit-ventilen_l.jpg","width":194,"height":300,"caption":"Refrigerador de muestras AC 100 con v\u00e1lvulas"},{"@type":"BreadcrumbList","@id":"https:\/\/rls-wacon.de\/es\/produkt\/refrigerador-de-muestras-ac-100-sin-valvulas\/#breadcrumb","itemListElement":[{"@type":"ListItem","position":1,"name":"Startseite","item":"https:\/\/rls-wacon.de\/pt-br\/"},{"@type":"ListItem","position":2,"name":"Productos","item":"https:\/\/rls-wacon.de\/shop\/"},{"@type":"ListItem","position":3,"name":"Refrigerador de muestras AC 100 sin v\u00e1lvulas"}]},{"@type":"WebSite","@id":"https:\/\/rls-wacon.de\/#website","url":"https:\/\/rls-wacon.de\/","name":"RLS Wacon analytics GmbH","description":"Experts for water monitoring","publisher":{"@id":"https:\/\/rls-wacon.de\/#organization"},"potentialAction":[{"@type":"SearchAction","target":{"@type":"EntryPoint","urlTemplate":"https:\/\/rls-wacon.de\/?s={search_term_string}"},"query-input":{"@type":"PropertyValueSpecification","valueRequired":true,"valueName":"search_term_string"}}],"inLanguage":"es"},{"@type":"Organization","@id":"https:\/\/rls-wacon.de\/#organization","name":"RLS Wacon analytics GmbH","url":"https:\/\/rls-wacon.de\/","logo":{"@type":"ImageObject","inLanguage":"es","@id":"https:\/\/rls-wacon.de\/#\/schema\/logo\/image\/","url":"https:\/\/rls-wacon.de\/wp-content\/uploads\/2022\/10\/RLSWacon-analytics-Logo-BR-RZ-9_17-768x1591.png","contentUrl":"https:\/\/rls-wacon.de\/wp-content\/uploads\/2022\/10\/RLSWacon-analytics-Logo-BR-RZ-9_17-768x1591.png","width":768,"height":159,"caption":"RLS Wacon analytics GmbH"},"image":{"@id":"https:\/\/rls-wacon.de\/#\/schema\/logo\/image\/"}}]},"product_price_amount":"9999.00","product_price_currency":"EUR","og_availability":"instock","product_availability":"instock","product_condition":"new"},"_links":{"self":[{"href":"https:\/\/rls-wacon.de\/es\/wp-json\/wp\/v2\/product\/22950","targetHints":{"allow":["GET"]}}],"collection":[{"href":"https:\/\/rls-wacon.de\/es\/wp-json\/wp\/v2\/product"}],"about":[{"href":"https:\/\/rls-wacon.de\/es\/wp-json\/wp\/v2\/types\/product"}],"version-history":[{"count":1,"href":"https:\/\/rls-wacon.de\/es\/wp-json\/wp\/v2\/product\/22950\/revisions"}],"predecessor-version":[{"id":28703,"href":"https:\/\/rls-wacon.de\/es\/wp-json\/wp\/v2\/product\/22950\/revisions\/28703"}],"wp:featuredmedia":[{"embeddable":true,"href":"https:\/\/rls-wacon.de\/es\/wp-json\/wp\/v2\/media\/22951"}],"wp:attachment":[{"href":"https:\/\/rls-wacon.de\/es\/wp-json\/wp\/v2\/media?parent=22950"}],"wp:term":[{"taxonomy":"product_brand","embeddable":true,"href":"https:\/\/rls-wacon.de\/es\/wp-json\/wp\/v2\/product_brand?post=22950"},{"taxonomy":"product_cat","embeddable":true,"href":"https:\/\/rls-wacon.de\/es\/wp-json\/wp\/v2\/product_cat?post=22950"},{"taxonomy":"product_tag","embeddable":true,"href":"https:\/\/rls-wacon.de\/es\/wp-json\/wp\/v2\/product_tag?post=22950"}],"curies":[{"name":"wp","href":"https:\/\/api.w.org\/{rel}","templated":true}]}}