{"id":23138,"date":"2023-10-24T15:04:15","date_gmt":"2023-10-24T15:04:15","guid":{"rendered":"https:\/\/rls-wacon.de\/produkt\/indicador-de-direccion-es70114-y-r-check\/"},"modified":"2026-02-16T20:39:29","modified_gmt":"2026-02-16T19:39:29","slug":"indicador-de-direccion-es70114-y-r-check","status":"publish","type":"product","link":"https:\/\/rls-wacon.de\/es\/produkt\/indicador-de-direccion-es70114-y-r-check\/","title":{"rendered":"Indicador de direcci\u00f3n ES70114-Y-R-check"},"content":{"rendered":"<hr class=\"system-pagebreak\" title=\"Especificaciones\" \/>\n<table class=\"rls-table\">\n<tbody>\n<tr>\n<td>Par\u00e1metro<\/td>\n<td>Valor<\/td>\n<\/tr>\n<tr>\n<td>Tensi\u00f3n de funcionamiento<\/td>\n<td>16 &#8230; 28 V AC \/ 16 &#8230; 36 V CC<\/td>\n<\/tr>\n<tr>\n<td>Consumo de energ\u00eda<\/td>\n<td>t\u00edp. 2,6 VA<\/td>\n<\/tr>\n<tr>\n<td>Temperatura ambiente<\/td>\n<td>de -20 \u00b0C a 60 \u00b0C<\/td>\n<\/tr>\n<tr>\n<td>Grado de protecci\u00f3n<\/td>\n<td>IP 67<\/td>\n<\/tr>\n<\/tbody>\n<\/table>\n<hr class=\"system-pagebreak\" title=\"Datos t\u00e9cnicos\" \/>\n<table class=\"rls-table\">\n<tbody>\n<tr>\n<td>Par\u00e1metro<\/td>\n<td>Valor<\/td>\n<\/tr>\n<tr>\n<td>Color del LED<\/td>\n<td>Amarillo<\/td>\n<\/tr>\n<tr>\n<td>Luminosidad<\/td>\n<td>t\u00edp. 30 lx (0,5 m de distancia)<\/td>\n<\/tr>\n<tr>\n<td>Parabrisas delantero<\/td>\n<td>d = 70 mm, curvado<\/td>\n<\/tr>\n<tr>\n<td>Conexi\u00f3n<\/td>\n<td>2 x 0,5 mm\u00b2, longitud 30 cm, terminales de cable<\/td>\n<\/tr>\n<\/tbody>\n<\/table>\n","protected":false},"excerpt":{"rendered":"<p>El indicador de direcci\u00f3n ES70114-Y-R-check con control de funcionamiento es una barra retroiluminada amarilla sobre fondo rojo (s\u00edmbolo de calle de sentido \u00fanico). El sem\u00e1foro ES70114-Y-R-check tiene un alto contraste visual con un bajo consumo y una iluminaci\u00f3n homog\u00e9nea.<\/p>\n<p>Las caracter\u00edsticas especiales son:<\/p>\n<ul>\n<li>Supervisi\u00f3n de funciones<\/li>\n<li>Para instalaci\u00f3n en columnas redondas de 114 mm de di\u00e1metro<\/li>\n<li>Pantalla frontal para instalaci\u00f3n en hueco de 70 mm<\/li>\n<li>Parabrisas curvado<\/li>\n<li>Amplio rango de tensi\u00f3n de entrada<\/li>\n<li>Robusto y duradero<\/li>\n<li>No hay s\u00edmbolos reconocibles en estado sin tensi\u00f3n<\/li>\n<li>Posibilidad de versi\u00f3n especial para 12 V<\/li>\n<\/ul>\n<p>\u00c1mbitos de aplicaci\u00f3n del indicador de direcci\u00f3n ES70114-Y-R-check:<\/p>\n<ul>\n<li>Instalaciones de transporte de pasajeros<\/li>\n<li>Control del flujo de tr\u00e1fico<\/li>\n<li>Control de acceso<\/li>\n<\/ul>\n","protected":false},"featured_media":0,"template":"","meta":{"_acf_changed":false},"product_brand":[],"product_cat":[1235],"product_tag":[],"class_list":{"0":"post-23138","1":"product","2":"type-product","3":"status-publish","5":"product_cat-indicador-de-direccion","7":"first","8":"instock","9":"shipping-taxable","10":"purchasable","11":"product-type-simple"},"exclude_global_add_ons":[],"addons":[],"acf":[],"yoast_head":"<!-- This site is optimized with the Yoast SEO Premium plugin v27.3 (Yoast SEO v27.3) - https:\/\/yoast.com\/product\/yoast-seo-premium-wordpress\/ -->\n<title>Indicador de direcci\u00f3n ES70114-Y-R-check - RLS Wacon analytics<\/title>\n<meta name=\"description\" content=\"El indicador de direcci\u00f3n ES70114-Y-R-check con control de funcionamiento es una barra retroiluminada amarilla sobre fondo rojo (s\u00edmbolo de calle de\u2026\" \/>\n<meta name=\"robots\" content=\"index, follow, max-snippet:-1, max-image-preview:large, max-video-preview:-1\" \/>\n<link rel=\"canonical\" href=\"https:\/\/rls-wacon.de\/es\/produkt\/indicador-de-direccion-es70114-y-r-check\/\" \/>\n<meta property=\"og:locale\" content=\"es_ES\" \/>\n<meta property=\"og:type\" content=\"article\" \/>\n<meta property=\"og:title\" content=\"Indicador de direcci\u00f3n ES70114-Y-R-check\" \/>\n<meta property=\"og:description\" content=\"El indicador de direcci\u00f3n ES70114-Y-R-check con control de funcionamiento es una barra retroiluminada amarilla sobre fondo rojo (s\u00edmbolo de calle de\u2026\" \/>\n<meta property=\"og:url\" content=\"https:\/\/rls-wacon.de\/es\/produkt\/indicador-de-direccion-es70114-y-r-check\/\" \/>\n<meta property=\"og:site_name\" content=\"RLS Wacon analytics\" \/>\n<meta property=\"article:modified_time\" content=\"2026-02-16T19:39:29+00:00\" \/>\n<meta name=\"twitter:card\" content=\"summary_large_image\" \/>\n<meta name=\"twitter:label1\" content=\"Precio\" \/>\n\t<meta name=\"twitter:data1\" content=\"9.999,00&nbsp;&euro;\" \/>\n\t<meta name=\"twitter:label2\" content=\"Disponibilidad\" \/>\n\t<meta name=\"twitter:data2\" content=\"Disponible\" \/>\n<script type=\"application\/ld+json\" class=\"yoast-schema-graph\">{\"@context\":\"https:\\\/\\\/schema.org\",\"@graph\":[{\"@type\":\"WebPage\",\"@id\":\"https:\\\/\\\/rls-wacon.de\\\/es\\\/produkt\\\/indicador-de-direccion-es70114-y-r-check\\\/\",\"url\":\"https:\\\/\\\/rls-wacon.de\\\/es\\\/produkt\\\/indicador-de-direccion-es70114-y-r-check\\\/\",\"name\":\"Indicador de direcci\u00f3n ES70114-Y-R-check - RLS Wacon analytics\",\"isPartOf\":{\"@id\":\"https:\\\/\\\/rls-wacon.de\\\/#website\"},\"datePublished\":\"2023-10-24T15:04:15+00:00\",\"dateModified\":\"2026-02-16T19:39:29+00:00\",\"description\":\"El indicador de direcci\u00f3n ES70114-Y-R-check con control de funcionamiento es una barra retroiluminada amarilla sobre fondo rojo (s\u00edmbolo de calle de\u2026\",\"breadcrumb\":{\"@id\":\"https:\\\/\\\/rls-wacon.de\\\/es\\\/produkt\\\/indicador-de-direccion-es70114-y-r-check\\\/#breadcrumb\"},\"inLanguage\":\"es\",\"potentialAction\":[{\"@type\":\"ReadAction\",\"target\":[\"https:\\\/\\\/rls-wacon.de\\\/es\\\/produkt\\\/indicador-de-direccion-es70114-y-r-check\\\/\"]}]},{\"@type\":\"BreadcrumbList\",\"@id\":\"https:\\\/\\\/rls-wacon.de\\\/es\\\/produkt\\\/indicador-de-direccion-es70114-y-r-check\\\/#breadcrumb\",\"itemListElement\":[{\"@type\":\"ListItem\",\"position\":1,\"name\":\"Startseite\",\"item\":\"https:\\\/\\\/rls-wacon.de\\\/pt-br\\\/\"},{\"@type\":\"ListItem\",\"position\":2,\"name\":\"Productos\",\"item\":\"https:\\\/\\\/rls-wacon.de\\\/shop\\\/\"},{\"@type\":\"ListItem\",\"position\":3,\"name\":\"Indicador de direcci\u00f3n ES70114-Y-R-check\"}]},{\"@type\":\"WebSite\",\"@id\":\"https:\\\/\\\/rls-wacon.de\\\/#website\",\"url\":\"https:\\\/\\\/rls-wacon.de\\\/\",\"name\":\"RLS Wacon analytics GmbH\",\"description\":\"Experts for water monitoring\",\"publisher\":{\"@id\":\"https:\\\/\\\/rls-wacon.de\\\/#organization\"},\"potentialAction\":[{\"@type\":\"SearchAction\",\"target\":{\"@type\":\"EntryPoint\",\"urlTemplate\":\"https:\\\/\\\/rls-wacon.de\\\/?s={search_term_string}\"},\"query-input\":{\"@type\":\"PropertyValueSpecification\",\"valueRequired\":true,\"valueName\":\"search_term_string\"}}],\"inLanguage\":\"es\"},{\"@type\":\"Organization\",\"@id\":\"https:\\\/\\\/rls-wacon.de\\\/#organization\",\"name\":\"RLS Wacon analytics GmbH\",\"url\":\"https:\\\/\\\/rls-wacon.de\\\/\",\"logo\":{\"@type\":\"ImageObject\",\"inLanguage\":\"es\",\"@id\":\"https:\\\/\\\/rls-wacon.de\\\/#\\\/schema\\\/logo\\\/image\\\/\",\"url\":\"https:\\\/\\\/rls-wacon.de\\\/wp-content\\\/uploads\\\/2022\\\/10\\\/RLSWacon-analytics-Logo-BR-RZ-9_17-768x1591.png\",\"contentUrl\":\"https:\\\/\\\/rls-wacon.de\\\/wp-content\\\/uploads\\\/2022\\\/10\\\/RLSWacon-analytics-Logo-BR-RZ-9_17-768x1591.png\",\"width\":768,\"height\":159,\"caption\":\"RLS Wacon analytics GmbH\"},\"image\":{\"@id\":\"https:\\\/\\\/rls-wacon.de\\\/#\\\/schema\\\/logo\\\/image\\\/\"}}]}<\/script>\n<meta property=\"product:price:amount\" content=\"9999.00\" \/>\n<meta property=\"product:price:currency\" content=\"EUR\" \/>\n<meta property=\"og:availability\" content=\"instock\" \/>\n<meta property=\"product:availability\" content=\"instock\" \/>\n<meta property=\"product:condition\" content=\"new\" \/>\n<!-- \/ Yoast SEO Premium plugin. -->","yoast_head_json":{"title":"Indicador de direcci\u00f3n ES70114-Y-R-check - RLS Wacon analytics","description":"El indicador de direcci\u00f3n ES70114-Y-R-check con control de funcionamiento es una barra retroiluminada amarilla sobre fondo rojo (s\u00edmbolo de calle de\u2026","robots":{"index":"index","follow":"follow","max-snippet":"max-snippet:-1","max-image-preview":"max-image-preview:large","max-video-preview":"max-video-preview:-1"},"canonical":"https:\/\/rls-wacon.de\/es\/produkt\/indicador-de-direccion-es70114-y-r-check\/","og_locale":"es_ES","og_type":"article","og_title":"Indicador de direcci\u00f3n ES70114-Y-R-check","og_description":"El indicador de direcci\u00f3n ES70114-Y-R-check con control de funcionamiento es una barra retroiluminada amarilla sobre fondo rojo (s\u00edmbolo de calle de\u2026","og_url":"https:\/\/rls-wacon.de\/es\/produkt\/indicador-de-direccion-es70114-y-r-check\/","og_site_name":"RLS Wacon analytics","article_modified_time":"2026-02-16T19:39:29+00:00","twitter_card":"summary_large_image","twitter_misc":{"Precio":"9.999,00&nbsp;&euro;","Disponibilidad":"Disponible"},"schema":{"@context":"https:\/\/schema.org","@graph":[{"@type":"WebPage","@id":"https:\/\/rls-wacon.de\/es\/produkt\/indicador-de-direccion-es70114-y-r-check\/","url":"https:\/\/rls-wacon.de\/es\/produkt\/indicador-de-direccion-es70114-y-r-check\/","name":"Indicador de direcci\u00f3n ES70114-Y-R-check - RLS Wacon analytics","isPartOf":{"@id":"https:\/\/rls-wacon.de\/#website"},"datePublished":"2023-10-24T15:04:15+00:00","dateModified":"2026-02-16T19:39:29+00:00","description":"El indicador de direcci\u00f3n ES70114-Y-R-check con control de funcionamiento es una barra retroiluminada amarilla sobre fondo rojo (s\u00edmbolo de calle de\u2026","breadcrumb":{"@id":"https:\/\/rls-wacon.de\/es\/produkt\/indicador-de-direccion-es70114-y-r-check\/#breadcrumb"},"inLanguage":"es","potentialAction":[{"@type":"ReadAction","target":["https:\/\/rls-wacon.de\/es\/produkt\/indicador-de-direccion-es70114-y-r-check\/"]}]},{"@type":"BreadcrumbList","@id":"https:\/\/rls-wacon.de\/es\/produkt\/indicador-de-direccion-es70114-y-r-check\/#breadcrumb","itemListElement":[{"@type":"ListItem","position":1,"name":"Startseite","item":"https:\/\/rls-wacon.de\/pt-br\/"},{"@type":"ListItem","position":2,"name":"Productos","item":"https:\/\/rls-wacon.de\/shop\/"},{"@type":"ListItem","position":3,"name":"Indicador de direcci\u00f3n ES70114-Y-R-check"}]},{"@type":"WebSite","@id":"https:\/\/rls-wacon.de\/#website","url":"https:\/\/rls-wacon.de\/","name":"RLS Wacon analytics GmbH","description":"Experts for water monitoring","publisher":{"@id":"https:\/\/rls-wacon.de\/#organization"},"potentialAction":[{"@type":"SearchAction","target":{"@type":"EntryPoint","urlTemplate":"https:\/\/rls-wacon.de\/?s={search_term_string}"},"query-input":{"@type":"PropertyValueSpecification","valueRequired":true,"valueName":"search_term_string"}}],"inLanguage":"es"},{"@type":"Organization","@id":"https:\/\/rls-wacon.de\/#organization","name":"RLS Wacon analytics GmbH","url":"https:\/\/rls-wacon.de\/","logo":{"@type":"ImageObject","inLanguage":"es","@id":"https:\/\/rls-wacon.de\/#\/schema\/logo\/image\/","url":"https:\/\/rls-wacon.de\/wp-content\/uploads\/2022\/10\/RLSWacon-analytics-Logo-BR-RZ-9_17-768x1591.png","contentUrl":"https:\/\/rls-wacon.de\/wp-content\/uploads\/2022\/10\/RLSWacon-analytics-Logo-BR-RZ-9_17-768x1591.png","width":768,"height":159,"caption":"RLS Wacon analytics GmbH"},"image":{"@id":"https:\/\/rls-wacon.de\/#\/schema\/logo\/image\/"}}]},"product_price_amount":"9999.00","product_price_currency":"EUR","og_availability":"instock","product_availability":"instock","product_condition":"new"},"_links":{"self":[{"href":"https:\/\/rls-wacon.de\/es\/wp-json\/wp\/v2\/product\/23138","targetHints":{"allow":["GET"]}}],"collection":[{"href":"https:\/\/rls-wacon.de\/es\/wp-json\/wp\/v2\/product"}],"about":[{"href":"https:\/\/rls-wacon.de\/es\/wp-json\/wp\/v2\/types\/product"}],"version-history":[{"count":1,"href":"https:\/\/rls-wacon.de\/es\/wp-json\/wp\/v2\/product\/23138\/revisions"}],"predecessor-version":[{"id":28757,"href":"https:\/\/rls-wacon.de\/es\/wp-json\/wp\/v2\/product\/23138\/revisions\/28757"}],"wp:attachment":[{"href":"https:\/\/rls-wacon.de\/es\/wp-json\/wp\/v2\/media?parent=23138"}],"wp:term":[{"taxonomy":"product_brand","embeddable":true,"href":"https:\/\/rls-wacon.de\/es\/wp-json\/wp\/v2\/product_brand?post=23138"},{"taxonomy":"product_cat","embeddable":true,"href":"https:\/\/rls-wacon.de\/es\/wp-json\/wp\/v2\/product_cat?post=23138"},{"taxonomy":"product_tag","embeddable":true,"href":"https:\/\/rls-wacon.de\/es\/wp-json\/wp\/v2\/product_tag?post=23138"}],"curies":[{"name":"wp","href":"https:\/\/api.w.org\/{rel}","templated":true}]}}