{"id":23179,"date":"2023-10-24T15:04:21","date_gmt":"2023-10-24T15:04:21","guid":{"rendered":"https:\/\/rls-wacon.de\/produkt\/indicador-de-velocidad-mprc\/"},"modified":"2026-02-16T20:45:35","modified_gmt":"2026-02-16T19:45:35","slug":"indicador-de-velocidad-mprc","status":"publish","type":"product","link":"https:\/\/rls-wacon.de\/es\/produkt\/indicador-de-velocidad-mprc\/","title":{"rendered":"Indicador de velocidad MPRC"},"content":{"rendered":"<hr class=\"system-pagebreak\" title=\"Especificaciones\" \/>\n<table class=\"rls-table\">\n<tbody>\n<tr>\n<td>Par\u00e1metro<\/td>\n<td>Valor<\/td>\n<\/tr>\n<tr>\n<td>Tensi\u00f3n de funcionamiento<\/td>\n<td>18 &#8230; 28 V<\/td>\n<\/tr>\n<tr>\n<td>Consumo de energ\u00eda<\/td>\n<td>m\u00e1x. 0,8 W<\/td>\n<\/tr>\n<\/tbody>\n<\/table>\n<hr class=\"system-pagebreak\" title=\"Datos t\u00e9cnicos\" \/>\n<table class=\"rls-table\">\n<tbody>\n<tr>\n<td>Par\u00e1metro<\/td>\n<td>Valor<\/td>\n<\/tr>\n<tr>\n<td>Visualizaci\u00f3n a <sub>fnenn=<\/sub> 66 <sub>2\/3<\/sub> Hz<\/td>\n<td><\/td>\n<\/tr>\n<tr>\n<td>Ajuste 9,46 mm \/ pulso<\/td>\n<td>0,63 m\/s<\/td>\n<\/tr>\n<tr>\n<td>Ajuste 9,46 mm \/ pulso<\/td>\n<td>0,48 m\/s<\/td>\n<\/tr>\n<tr>\n<td><sub>Ionmax<\/sub><\/td>\n<td>60 mA<\/td>\n<\/tr>\n<tr>\n<td><sub>Ionrevmax<\/sub><\/td>\n<td>60 mA<\/td>\n<\/tr>\n<tr>\n<td>Corriente continua m\u00e1x. para entrada de impulsos<\/td>\n<td>60 mA<\/td>\n<\/tr>\n<\/tbody>\n<\/table>\n","protected":false},"excerpt":{"rendered":"<p>El indicador de velocidad MPRC se utiliza para mostrar la velocidad de la banda de pelda\u00f1os de la escalera mec\u00e1nica. La velocidad actual se muestra en m\/s midiendo la velocidad del motor de la escalera mec\u00e1nica, teniendo en cuenta la relaci\u00f3n de transmisi\u00f3n. El MPRC recibe la informaci\u00f3n sobre la velocidad de las levas fijadas al volante de inercia del motor de la escalera mec\u00e1nica. Se utilizan interruptores de proximidad inductivos para generar impulsos que se utilizan para controlar la velocidad de la escalera mec\u00e1nica. Los impulsos generados se env\u00edan primero al monitor de velocidad RC3 para controlar la velocidad seg\u00fan la norma EN115.<\/p>\n<p>Las caracter\u00edsticas especiales son:<\/p>\n<ul>\n<li>Indicaci\u00f3n de la velocidad teniendo en cuenta la relaci\u00f3n de transmisi\u00f3n<\/li>\n<li>Especificaci\u00f3n de la velocidad en m\/s<\/li>\n<li>Compatible con el control de velocidad RC3<\/li>\n<li>Dise\u00f1o compacto<\/li>\n<\/ul>\n<p>El indicador de velocidad MPRC se utiliza en las escaleras mec\u00e1nicas.<\/p>\n","protected":false},"featured_media":23180,"template":"","meta":{"_acf_changed":false},"product_brand":[],"product_cat":[1331],"product_tag":[],"class_list":{"0":"post-23179","1":"product","2":"type-product","3":"status-publish","4":"has-post-thumbnail","6":"product_cat-control-de-velocidad","8":"first","9":"instock","10":"shipping-taxable","11":"purchasable","12":"product-type-simple"},"exclude_global_add_ons":[],"addons":[],"acf":[],"yoast_head":"<!-- This site is optimized with the Yoast SEO Premium plugin v27.5 (Yoast SEO v27.5) - https:\/\/yoast.com\/product\/yoast-seo-premium-wordpress\/ -->\n<title>Indicador de velocidad MPRC - RLS Wacon analytics<\/title>\n<meta name=\"description\" content=\"El indicador de velocidad MPRC se utiliza para mostrar la velocidad de la banda de pelda\u00f1os de la escalera mec\u00e1nica.\" \/>\n<meta name=\"robots\" content=\"index, follow, max-snippet:-1, max-image-preview:large, max-video-preview:-1\" \/>\n<link rel=\"canonical\" href=\"https:\/\/rls-wacon.de\/es\/produkt\/indicador-de-velocidad-mprc\/\" \/>\n<meta property=\"og:locale\" content=\"es_ES\" \/>\n<meta property=\"og:type\" content=\"article\" \/>\n<meta property=\"og:title\" content=\"Indicador de velocidad MPRC\" \/>\n<meta property=\"og:description\" content=\"El indicador de velocidad MPRC se utiliza para mostrar la velocidad de la banda de pelda\u00f1os de la escalera mec\u00e1nica.\" \/>\n<meta property=\"og:url\" content=\"https:\/\/rls-wacon.de\/es\/produkt\/indicador-de-velocidad-mprc\/\" \/>\n<meta property=\"og:site_name\" content=\"RLS Wacon analytics\" \/>\n<meta property=\"article:modified_time\" content=\"2026-02-16T19:45:35+00:00\" \/>\n<meta property=\"og:image\" content=\"https:\/\/rls-wacon.de\/wp-content\/uploads\/2023\/10\/geschwindigkeitsanzeige-mprc_f.jpg\" \/>\n\t<meta property=\"og:image:width\" content=\"1357\" \/>\n\t<meta property=\"og:image:height\" content=\"1920\" \/>\n\t<meta property=\"og:image:type\" content=\"image\/jpeg\" \/>\n<meta name=\"twitter:card\" content=\"summary_large_image\" \/>\n<meta name=\"twitter:label1\" content=\"Precio\" \/>\n\t<meta name=\"twitter:data1\" content=\"9.999,00&nbsp;&euro;\" \/>\n\t<meta name=\"twitter:label2\" content=\"Disponibilidad\" \/>\n\t<meta name=\"twitter:data2\" content=\"Disponible\" \/>\n<script type=\"application\/ld+json\" class=\"yoast-schema-graph\">{\"@context\":\"https:\\\/\\\/schema.org\",\"@graph\":[{\"@type\":\"WebPage\",\"@id\":\"https:\\\/\\\/rls-wacon.de\\\/es\\\/produkt\\\/indicador-de-velocidad-mprc\\\/\",\"url\":\"https:\\\/\\\/rls-wacon.de\\\/es\\\/produkt\\\/indicador-de-velocidad-mprc\\\/\",\"name\":\"Indicador de velocidad MPRC - RLS Wacon analytics\",\"isPartOf\":{\"@id\":\"https:\\\/\\\/rls-wacon.de\\\/#website\"},\"primaryImageOfPage\":{\"@id\":\"https:\\\/\\\/rls-wacon.de\\\/es\\\/produkt\\\/indicador-de-velocidad-mprc\\\/#primaryimage\"},\"image\":{\"@id\":\"https:\\\/\\\/rls-wacon.de\\\/es\\\/produkt\\\/indicador-de-velocidad-mprc\\\/#primaryimage\"},\"thumbnailUrl\":\"https:\\\/\\\/rls-wacon.de\\\/wp-content\\\/uploads\\\/2023\\\/10\\\/geschwindigkeitsanzeige-mprc_f.jpg\",\"datePublished\":\"2023-10-24T15:04:21+00:00\",\"dateModified\":\"2026-02-16T19:45:35+00:00\",\"description\":\"El indicador de velocidad MPRC se utiliza para mostrar la velocidad de la banda de pelda\u00f1os de la escalera mec\u00e1nica.\",\"breadcrumb\":{\"@id\":\"https:\\\/\\\/rls-wacon.de\\\/es\\\/produkt\\\/indicador-de-velocidad-mprc\\\/#breadcrumb\"},\"inLanguage\":\"es\",\"potentialAction\":[{\"@type\":\"ReadAction\",\"target\":[\"https:\\\/\\\/rls-wacon.de\\\/es\\\/produkt\\\/indicador-de-velocidad-mprc\\\/\"]}]},{\"@type\":\"ImageObject\",\"inLanguage\":\"es\",\"@id\":\"https:\\\/\\\/rls-wacon.de\\\/es\\\/produkt\\\/indicador-de-velocidad-mprc\\\/#primaryimage\",\"url\":\"https:\\\/\\\/rls-wacon.de\\\/wp-content\\\/uploads\\\/2023\\\/10\\\/geschwindigkeitsanzeige-mprc_f.jpg\",\"contentUrl\":\"https:\\\/\\\/rls-wacon.de\\\/wp-content\\\/uploads\\\/2023\\\/10\\\/geschwindigkeitsanzeige-mprc_f.jpg\",\"width\":1357,\"height\":1920,\"caption\":\"Geschwindigkeitsanzeige MPRC\"},{\"@type\":\"BreadcrumbList\",\"@id\":\"https:\\\/\\\/rls-wacon.de\\\/es\\\/produkt\\\/indicador-de-velocidad-mprc\\\/#breadcrumb\",\"itemListElement\":[{\"@type\":\"ListItem\",\"position\":1,\"name\":\"Startseite\",\"item\":\"https:\\\/\\\/rls-wacon.de\\\/pt-br\\\/\"},{\"@type\":\"ListItem\",\"position\":2,\"name\":\"Productos\",\"item\":\"https:\\\/\\\/rls-wacon.de\\\/shop\\\/\"},{\"@type\":\"ListItem\",\"position\":3,\"name\":\"Indicador de velocidad MPRC\"}]},{\"@type\":\"WebSite\",\"@id\":\"https:\\\/\\\/rls-wacon.de\\\/#website\",\"url\":\"https:\\\/\\\/rls-wacon.de\\\/\",\"name\":\"RLS Wacon analytics GmbH\",\"description\":\"Experts for water monitoring\",\"publisher\":{\"@id\":\"https:\\\/\\\/rls-wacon.de\\\/#organization\"},\"potentialAction\":[{\"@type\":\"SearchAction\",\"target\":{\"@type\":\"EntryPoint\",\"urlTemplate\":\"https:\\\/\\\/rls-wacon.de\\\/?s={search_term_string}\"},\"query-input\":{\"@type\":\"PropertyValueSpecification\",\"valueRequired\":true,\"valueName\":\"search_term_string\"}}],\"inLanguage\":\"es\"},{\"@type\":\"Organization\",\"@id\":\"https:\\\/\\\/rls-wacon.de\\\/#organization\",\"name\":\"RLS Wacon analytics GmbH\",\"url\":\"https:\\\/\\\/rls-wacon.de\\\/\",\"logo\":{\"@type\":\"ImageObject\",\"inLanguage\":\"es\",\"@id\":\"https:\\\/\\\/rls-wacon.de\\\/#\\\/schema\\\/logo\\\/image\\\/\",\"url\":\"https:\\\/\\\/rls-wacon.de\\\/wp-content\\\/uploads\\\/2022\\\/10\\\/RLSWacon-analytics-Logo-BR-RZ-9_17-768x1591.png\",\"contentUrl\":\"https:\\\/\\\/rls-wacon.de\\\/wp-content\\\/uploads\\\/2022\\\/10\\\/RLSWacon-analytics-Logo-BR-RZ-9_17-768x1591.png\",\"width\":768,\"height\":159,\"caption\":\"RLS Wacon analytics GmbH\"},\"image\":{\"@id\":\"https:\\\/\\\/rls-wacon.de\\\/#\\\/schema\\\/logo\\\/image\\\/\"}}]}<\/script>\n<meta property=\"product:price:amount\" content=\"9999.00\" \/>\n<meta property=\"product:price:currency\" content=\"EUR\" \/>\n<meta property=\"og:availability\" content=\"instock\" \/>\n<meta property=\"product:availability\" content=\"instock\" \/>\n<meta property=\"product:condition\" content=\"new\" \/>\n<!-- \/ Yoast SEO Premium plugin. -->","yoast_head_json":{"title":"Indicador de velocidad MPRC - RLS Wacon analytics","description":"El indicador de velocidad MPRC se utiliza para mostrar la velocidad de la banda de pelda\u00f1os de la escalera mec\u00e1nica.","robots":{"index":"index","follow":"follow","max-snippet":"max-snippet:-1","max-image-preview":"max-image-preview:large","max-video-preview":"max-video-preview:-1"},"canonical":"https:\/\/rls-wacon.de\/es\/produkt\/indicador-de-velocidad-mprc\/","og_locale":"es_ES","og_type":"article","og_title":"Indicador de velocidad MPRC","og_description":"El indicador de velocidad MPRC se utiliza para mostrar la velocidad de la banda de pelda\u00f1os de la escalera mec\u00e1nica.","og_url":"https:\/\/rls-wacon.de\/es\/produkt\/indicador-de-velocidad-mprc\/","og_site_name":"RLS Wacon analytics","article_modified_time":"2026-02-16T19:45:35+00:00","og_image":[{"width":1357,"height":1920,"url":"https:\/\/rls-wacon.de\/wp-content\/uploads\/2023\/10\/geschwindigkeitsanzeige-mprc_f.jpg","type":"image\/jpeg"}],"twitter_card":"summary_large_image","twitter_misc":{"Precio":"9.999,00&nbsp;&euro;","Disponibilidad":"Disponible"},"schema":{"@context":"https:\/\/schema.org","@graph":[{"@type":"WebPage","@id":"https:\/\/rls-wacon.de\/es\/produkt\/indicador-de-velocidad-mprc\/","url":"https:\/\/rls-wacon.de\/es\/produkt\/indicador-de-velocidad-mprc\/","name":"Indicador de velocidad MPRC - RLS Wacon analytics","isPartOf":{"@id":"https:\/\/rls-wacon.de\/#website"},"primaryImageOfPage":{"@id":"https:\/\/rls-wacon.de\/es\/produkt\/indicador-de-velocidad-mprc\/#primaryimage"},"image":{"@id":"https:\/\/rls-wacon.de\/es\/produkt\/indicador-de-velocidad-mprc\/#primaryimage"},"thumbnailUrl":"https:\/\/rls-wacon.de\/wp-content\/uploads\/2023\/10\/geschwindigkeitsanzeige-mprc_f.jpg","datePublished":"2023-10-24T15:04:21+00:00","dateModified":"2026-02-16T19:45:35+00:00","description":"El indicador de velocidad MPRC se utiliza para mostrar la velocidad de la banda de pelda\u00f1os de la escalera mec\u00e1nica.","breadcrumb":{"@id":"https:\/\/rls-wacon.de\/es\/produkt\/indicador-de-velocidad-mprc\/#breadcrumb"},"inLanguage":"es","potentialAction":[{"@type":"ReadAction","target":["https:\/\/rls-wacon.de\/es\/produkt\/indicador-de-velocidad-mprc\/"]}]},{"@type":"ImageObject","inLanguage":"es","@id":"https:\/\/rls-wacon.de\/es\/produkt\/indicador-de-velocidad-mprc\/#primaryimage","url":"https:\/\/rls-wacon.de\/wp-content\/uploads\/2023\/10\/geschwindigkeitsanzeige-mprc_f.jpg","contentUrl":"https:\/\/rls-wacon.de\/wp-content\/uploads\/2023\/10\/geschwindigkeitsanzeige-mprc_f.jpg","width":1357,"height":1920,"caption":"Geschwindigkeitsanzeige MPRC"},{"@type":"BreadcrumbList","@id":"https:\/\/rls-wacon.de\/es\/produkt\/indicador-de-velocidad-mprc\/#breadcrumb","itemListElement":[{"@type":"ListItem","position":1,"name":"Startseite","item":"https:\/\/rls-wacon.de\/pt-br\/"},{"@type":"ListItem","position":2,"name":"Productos","item":"https:\/\/rls-wacon.de\/shop\/"},{"@type":"ListItem","position":3,"name":"Indicador de velocidad MPRC"}]},{"@type":"WebSite","@id":"https:\/\/rls-wacon.de\/#website","url":"https:\/\/rls-wacon.de\/","name":"RLS Wacon analytics GmbH","description":"Experts for water monitoring","publisher":{"@id":"https:\/\/rls-wacon.de\/#organization"},"potentialAction":[{"@type":"SearchAction","target":{"@type":"EntryPoint","urlTemplate":"https:\/\/rls-wacon.de\/?s={search_term_string}"},"query-input":{"@type":"PropertyValueSpecification","valueRequired":true,"valueName":"search_term_string"}}],"inLanguage":"es"},{"@type":"Organization","@id":"https:\/\/rls-wacon.de\/#organization","name":"RLS Wacon analytics GmbH","url":"https:\/\/rls-wacon.de\/","logo":{"@type":"ImageObject","inLanguage":"es","@id":"https:\/\/rls-wacon.de\/#\/schema\/logo\/image\/","url":"https:\/\/rls-wacon.de\/wp-content\/uploads\/2022\/10\/RLSWacon-analytics-Logo-BR-RZ-9_17-768x1591.png","contentUrl":"https:\/\/rls-wacon.de\/wp-content\/uploads\/2022\/10\/RLSWacon-analytics-Logo-BR-RZ-9_17-768x1591.png","width":768,"height":159,"caption":"RLS Wacon analytics GmbH"},"image":{"@id":"https:\/\/rls-wacon.de\/#\/schema\/logo\/image\/"}}]},"product_price_amount":"9999.00","product_price_currency":"EUR","og_availability":"instock","product_availability":"instock","product_condition":"new"},"_links":{"self":[{"href":"https:\/\/rls-wacon.de\/es\/wp-json\/wp\/v2\/product\/23179","targetHints":{"allow":["GET"]}}],"collection":[{"href":"https:\/\/rls-wacon.de\/es\/wp-json\/wp\/v2\/product"}],"about":[{"href":"https:\/\/rls-wacon.de\/es\/wp-json\/wp\/v2\/types\/product"}],"version-history":[{"count":1,"href":"https:\/\/rls-wacon.de\/es\/wp-json\/wp\/v2\/product\/23179\/revisions"}],"predecessor-version":[{"id":28768,"href":"https:\/\/rls-wacon.de\/es\/wp-json\/wp\/v2\/product\/23179\/revisions\/28768"}],"wp:featuredmedia":[{"embeddable":true,"href":"https:\/\/rls-wacon.de\/es\/wp-json\/wp\/v2\/media\/23180"}],"wp:attachment":[{"href":"https:\/\/rls-wacon.de\/es\/wp-json\/wp\/v2\/media?parent=23179"}],"wp:term":[{"taxonomy":"product_brand","embeddable":true,"href":"https:\/\/rls-wacon.de\/es\/wp-json\/wp\/v2\/product_brand?post=23179"},{"taxonomy":"product_cat","embeddable":true,"href":"https:\/\/rls-wacon.de\/es\/wp-json\/wp\/v2\/product_cat?post=23179"},{"taxonomy":"product_tag","embeddable":true,"href":"https:\/\/rls-wacon.de\/es\/wp-json\/wp\/v2\/product_tag?post=23179"}],"curies":[{"name":"wp","href":"https:\/\/api.w.org\/{rel}","templated":true}]}}