{"id":23191,"date":"2023-10-24T15:04:22","date_gmt":"2023-10-24T15:04:22","guid":{"rendered":"https:\/\/rls-wacon.de\/produkt\/iluminacion-de-peine-kl70-w\/"},"modified":"2026-02-16T20:46:43","modified_gmt":"2026-02-16T19:46:43","slug":"iluminacion-de-peine-kl70-w","status":"publish","type":"product","link":"https:\/\/rls-wacon.de\/es\/produkt\/iluminacion-de-peine-kl70-w\/","title":{"rendered":"Iluminaci\u00f3n de peine KL70-W"},"content":{"rendered":"<hr class=\"system-pagebreak\" title=\"Especificaciones\" \/>\n<table class=\"rls-table\">\n<tbody>\n<tr>\n<td>Par\u00e1metro<\/td>\n<td>Valor<\/td>\n<\/tr>\n<tr>\n<td>Tensi\u00f3n de funcionamiento<\/td>\n<td>16 &#8230; 28 V CA\/CC<\/td>\n<\/tr>\n<tr>\n<td>Consumo de energ\u00eda<\/td>\n<td>6 VA<\/td>\n<\/tr>\n<tr>\n<td>Temperatura ambiente<\/td>\n<td>de -20 \u00b0C a 60 \u00b0C<\/td>\n<\/tr>\n<tr>\n<td>Grado de protecci\u00f3n<\/td>\n<td>IP 67<\/td>\n<\/tr>\n<tr>\n<td>Dimensiones<\/td>\n<td>232 x 50 mm<\/td>\n<\/tr>\n<tr>\n<td>Profundidad de montaje<\/td>\n<td>49 mm<\/td>\n<\/tr>\n<tr>\n<td>Peso<\/td>\n<td>470 g<\/td>\n<\/tr>\n<\/tbody>\n<\/table>\n<hr class=\"system-pagebreak\" title=\"Datos t\u00e9cnicos\" \/>\n<table class=\"rls-table\">\n<tbody>\n<tr>\n<td>Par\u00e1metro<\/td>\n<td>Valor<\/td>\n<\/tr>\n<tr>\n<td>Color del LED<\/td>\n<td>blanco<\/td>\n<\/tr>\n<tr>\n<td>Luminosidad<\/td>\n<td>580 lx (0,5 m de distancia)<\/td>\n<\/tr>\n<tr>\n<td>Pantalla frontal<\/td>\n<td>PC, satinado<\/td>\n<\/tr>\n<tr>\n<td>Dimensiones del parabrisas<\/td>\n<td>182 x 37 mm<\/td>\n<\/tr>\n<tr>\n<td>Altura del contorno<\/td>\n<td>2 mm<\/td>\n<\/tr>\n<tr>\n<td>Cable de alimentaci\u00f3n<\/td>\n<td>2 x 0,75 mm\u00b2, longitud 30 cm, \u00d6lflex<\/td>\n<\/tr>\n<tr>\n<td>Enchufe<\/td>\n<td>HAN 3A (STI), met\u00e1lico<\/td>\n<\/tr>\n<\/tbody>\n<\/table>\n<hr class=\"system-pagebreak\" title=\"Asignaci\u00f3n de cables\" \/>\n<table class=\"rls-table\">\n<tbody>\n<tr>\n<td>Pin<\/td>\n<td>Asignaci\u00f3n<\/td>\n<\/tr>\n<tr>\n<td>Clavija 1<\/td>\n<td>Vcc<\/td>\n<\/tr>\n<tr>\n<td>Clavija 2<\/td>\n<td>Vcc<\/td>\n<\/tr>\n<tr>\n<td>Clavija 3<\/td>\n<td>No asignada<\/td>\n<\/tr>\n<\/tbody>\n<\/table>\n","protected":false},"excerpt":{"rendered":"<p>El uso de LED en la iluminaci\u00f3n de peine KL70-W garantiza una larga vida \u00fatil. El dise\u00f1o especial de los difusores crea una iluminaci\u00f3n homog\u00e9nea.<\/p>\n<p>Las caracter\u00edsticas especiales son:<\/p>\n<ul>\n<li>Iluminaci\u00f3n LED muy brillante<\/li>\n<li>Dise\u00f1o el\u00e9ctrico extremadamente robusto, no se da\u00f1an los LEDs por fluctuaciones el\u00e9ctricas<\/li>\n<li>Duradero<\/li>\n<li>Insensible a la suciedad<\/li>\n<li>Estanco hasta IP 67<\/li>\n<\/ul>\n<p>La iluminaci\u00f3n de peine KL70-W se utiliza en la zona de peine de las escaleras mec\u00e1nicas.<\/p>\n<p><img decoding=\"async\" class=\"alignnone size-medium wp-image-18908\" src=\"https:\/\/rls-wacon.de\/wp-content\/uploads\/2023\/10\/80-000665-KL70-v3.1.1-300x73.jpg\" alt=\"\" width=\"300\" height=\"73\" srcset=\"https:\/\/rls-wacon.de\/wp-content\/uploads\/2023\/10\/80-000665-KL70-v3.1.1-300x73.jpg 300w, https:\/\/rls-wacon.de\/wp-content\/uploads\/2023\/10\/80-000665-KL70-v3.1.1-1024x248.jpg 1024w, https:\/\/rls-wacon.de\/wp-content\/uploads\/2023\/10\/80-000665-KL70-v3.1.1-768x186.jpg 768w, https:\/\/rls-wacon.de\/wp-content\/uploads\/2023\/10\/80-000665-KL70-v3.1.1-600x145.jpg 600w, https:\/\/rls-wacon.de\/wp-content\/uploads\/2023\/10\/80-000665-KL70-v3.1.1.jpg 1417w\" sizes=\"(max-width: 300px) 100vw, 300px\" \/><\/p>\n","protected":false},"featured_media":18907,"template":"","meta":{"_acf_changed":false},"product_brand":[],"product_cat":[450],"product_tag":[],"class_list":{"0":"post-23191","1":"product","2":"type-product","3":"status-publish","4":"has-post-thumbnail","6":"product_cat-kammbeleuchtungen","8":"first","9":"instock","10":"shipping-taxable","11":"purchasable","12":"product-type-simple"},"exclude_global_add_ons":[],"addons":[],"acf":[],"yoast_head":"<!-- This site is optimized with the Yoast SEO Premium plugin v27.3 (Yoast SEO v27.4) - https:\/\/yoast.com\/product\/yoast-seo-premium-wordpress\/ -->\n<title>Iluminaci\u00f3n de peine KL70-W - RLS Wacon analytics<\/title>\n<meta name=\"description\" content=\"El uso de LED en la iluminaci\u00f3n de peine KL70-W garantiza una larga vida \u00fatil. El dise\u00f1o especial de los difusores crea una iluminaci\u00f3n homog\u00e9nea.\" \/>\n<meta name=\"robots\" content=\"index, follow, max-snippet:-1, max-image-preview:large, max-video-preview:-1\" \/>\n<link rel=\"canonical\" href=\"https:\/\/rls-wacon.de\/es\/produkt\/iluminacion-de-peine-kl70-w\/\" \/>\n<meta property=\"og:locale\" content=\"es_ES\" \/>\n<meta property=\"og:type\" content=\"article\" \/>\n<meta property=\"og:title\" content=\"Iluminaci\u00f3n de peine KL70-W\" \/>\n<meta property=\"og:description\" content=\"El uso de LED en la iluminaci\u00f3n de peine KL70-W garantiza una larga vida \u00fatil. El dise\u00f1o especial de los difusores crea una iluminaci\u00f3n homog\u00e9nea.\" \/>\n<meta property=\"og:url\" content=\"https:\/\/rls-wacon.de\/es\/produkt\/iluminacion-de-peine-kl70-w\/\" \/>\n<meta property=\"og:site_name\" content=\"RLS Wacon analytics\" \/>\n<meta property=\"article:modified_time\" content=\"2026-02-16T19:46:43+00:00\" \/>\n<meta property=\"og:image\" content=\"https:\/\/rls-wacon.de\/wp-content\/uploads\/2023\/10\/KL70-W.jpg\" \/>\n\t<meta property=\"og:image:width\" content=\"1417\" \/>\n\t<meta property=\"og:image:height\" content=\"307\" \/>\n\t<meta property=\"og:image:type\" content=\"image\/jpeg\" \/>\n<meta name=\"twitter:card\" content=\"summary_large_image\" \/>\n<meta name=\"twitter:label1\" content=\"Precio\" \/>\n\t<meta name=\"twitter:data1\" content=\"9.999,00&nbsp;&euro;\" \/>\n\t<meta name=\"twitter:label2\" content=\"Disponibilidad\" \/>\n\t<meta name=\"twitter:data2\" content=\"Disponible\" \/>\n<script type=\"application\/ld+json\" class=\"yoast-schema-graph\">{\"@context\":\"https:\\\/\\\/schema.org\",\"@graph\":[{\"@type\":\"WebPage\",\"@id\":\"https:\\\/\\\/rls-wacon.de\\\/es\\\/produkt\\\/iluminacion-de-peine-kl70-w\\\/\",\"url\":\"https:\\\/\\\/rls-wacon.de\\\/es\\\/produkt\\\/iluminacion-de-peine-kl70-w\\\/\",\"name\":\"Iluminaci\u00f3n de peine KL70-W - RLS Wacon analytics\",\"isPartOf\":{\"@id\":\"https:\\\/\\\/rls-wacon.de\\\/#website\"},\"primaryImageOfPage\":{\"@id\":\"https:\\\/\\\/rls-wacon.de\\\/es\\\/produkt\\\/iluminacion-de-peine-kl70-w\\\/#primaryimage\"},\"image\":{\"@id\":\"https:\\\/\\\/rls-wacon.de\\\/es\\\/produkt\\\/iluminacion-de-peine-kl70-w\\\/#primaryimage\"},\"thumbnailUrl\":\"https:\\\/\\\/rls-wacon.de\\\/wp-content\\\/uploads\\\/2023\\\/10\\\/KL70-W.jpg\",\"datePublished\":\"2023-10-24T15:04:22+00:00\",\"dateModified\":\"2026-02-16T19:46:43+00:00\",\"description\":\"El uso de LED en la iluminaci\u00f3n de peine KL70-W garantiza una larga vida \u00fatil. El dise\u00f1o especial de los difusores crea una iluminaci\u00f3n homog\u00e9nea.\",\"breadcrumb\":{\"@id\":\"https:\\\/\\\/rls-wacon.de\\\/es\\\/produkt\\\/iluminacion-de-peine-kl70-w\\\/#breadcrumb\"},\"inLanguage\":\"es\",\"potentialAction\":[{\"@type\":\"ReadAction\",\"target\":[\"https:\\\/\\\/rls-wacon.de\\\/es\\\/produkt\\\/iluminacion-de-peine-kl70-w\\\/\"]}]},{\"@type\":\"ImageObject\",\"inLanguage\":\"es\",\"@id\":\"https:\\\/\\\/rls-wacon.de\\\/es\\\/produkt\\\/iluminacion-de-peine-kl70-w\\\/#primaryimage\",\"url\":\"https:\\\/\\\/rls-wacon.de\\\/wp-content\\\/uploads\\\/2023\\\/10\\\/KL70-W.jpg\",\"contentUrl\":\"https:\\\/\\\/rls-wacon.de\\\/wp-content\\\/uploads\\\/2023\\\/10\\\/KL70-W.jpg\",\"width\":1417,\"height\":307},{\"@type\":\"BreadcrumbList\",\"@id\":\"https:\\\/\\\/rls-wacon.de\\\/es\\\/produkt\\\/iluminacion-de-peine-kl70-w\\\/#breadcrumb\",\"itemListElement\":[{\"@type\":\"ListItem\",\"position\":1,\"name\":\"Startseite\",\"item\":\"https:\\\/\\\/rls-wacon.de\\\/pt-br\\\/\"},{\"@type\":\"ListItem\",\"position\":2,\"name\":\"Productos\",\"item\":\"https:\\\/\\\/rls-wacon.de\\\/shop\\\/\"},{\"@type\":\"ListItem\",\"position\":3,\"name\":\"Iluminaci\u00f3n de peine KL70-W\"}]},{\"@type\":\"WebSite\",\"@id\":\"https:\\\/\\\/rls-wacon.de\\\/#website\",\"url\":\"https:\\\/\\\/rls-wacon.de\\\/\",\"name\":\"RLS Wacon analytics GmbH\",\"description\":\"Experts for water monitoring\",\"publisher\":{\"@id\":\"https:\\\/\\\/rls-wacon.de\\\/#organization\"},\"potentialAction\":[{\"@type\":\"SearchAction\",\"target\":{\"@type\":\"EntryPoint\",\"urlTemplate\":\"https:\\\/\\\/rls-wacon.de\\\/?s={search_term_string}\"},\"query-input\":{\"@type\":\"PropertyValueSpecification\",\"valueRequired\":true,\"valueName\":\"search_term_string\"}}],\"inLanguage\":\"es\"},{\"@type\":\"Organization\",\"@id\":\"https:\\\/\\\/rls-wacon.de\\\/#organization\",\"name\":\"RLS Wacon analytics GmbH\",\"url\":\"https:\\\/\\\/rls-wacon.de\\\/\",\"logo\":{\"@type\":\"ImageObject\",\"inLanguage\":\"es\",\"@id\":\"https:\\\/\\\/rls-wacon.de\\\/#\\\/schema\\\/logo\\\/image\\\/\",\"url\":\"https:\\\/\\\/rls-wacon.de\\\/wp-content\\\/uploads\\\/2022\\\/10\\\/RLSWacon-analytics-Logo-BR-RZ-9_17-768x1591.png\",\"contentUrl\":\"https:\\\/\\\/rls-wacon.de\\\/wp-content\\\/uploads\\\/2022\\\/10\\\/RLSWacon-analytics-Logo-BR-RZ-9_17-768x1591.png\",\"width\":768,\"height\":159,\"caption\":\"RLS Wacon analytics GmbH\"},\"image\":{\"@id\":\"https:\\\/\\\/rls-wacon.de\\\/#\\\/schema\\\/logo\\\/image\\\/\"}}]}<\/script>\n<meta property=\"product:price:amount\" content=\"9999.00\" \/>\n<meta property=\"product:price:currency\" content=\"EUR\" \/>\n<meta property=\"og:availability\" content=\"instock\" \/>\n<meta property=\"product:availability\" content=\"instock\" \/>\n<meta property=\"product:retailer_item_id\" content=\"80-000665\" \/>\n<meta property=\"product:condition\" content=\"new\" \/>\n<!-- \/ Yoast SEO Premium plugin. -->","yoast_head_json":{"title":"Iluminaci\u00f3n de peine KL70-W - RLS Wacon analytics","description":"El uso de LED en la iluminaci\u00f3n de peine KL70-W garantiza una larga vida \u00fatil. El dise\u00f1o especial de los difusores crea una iluminaci\u00f3n homog\u00e9nea.","robots":{"index":"index","follow":"follow","max-snippet":"max-snippet:-1","max-image-preview":"max-image-preview:large","max-video-preview":"max-video-preview:-1"},"canonical":"https:\/\/rls-wacon.de\/es\/produkt\/iluminacion-de-peine-kl70-w\/","og_locale":"es_ES","og_type":"article","og_title":"Iluminaci\u00f3n de peine KL70-W","og_description":"El uso de LED en la iluminaci\u00f3n de peine KL70-W garantiza una larga vida \u00fatil. El dise\u00f1o especial de los difusores crea una iluminaci\u00f3n homog\u00e9nea.","og_url":"https:\/\/rls-wacon.de\/es\/produkt\/iluminacion-de-peine-kl70-w\/","og_site_name":"RLS Wacon analytics","article_modified_time":"2026-02-16T19:46:43+00:00","og_image":[{"width":1417,"height":307,"url":"https:\/\/rls-wacon.de\/wp-content\/uploads\/2023\/10\/KL70-W.jpg","type":"image\/jpeg"}],"twitter_card":"summary_large_image","twitter_misc":{"Precio":"9.999,00&nbsp;&euro;","Disponibilidad":"Disponible"},"schema":{"@context":"https:\/\/schema.org","@graph":[{"@type":"WebPage","@id":"https:\/\/rls-wacon.de\/es\/produkt\/iluminacion-de-peine-kl70-w\/","url":"https:\/\/rls-wacon.de\/es\/produkt\/iluminacion-de-peine-kl70-w\/","name":"Iluminaci\u00f3n de peine KL70-W - RLS Wacon analytics","isPartOf":{"@id":"https:\/\/rls-wacon.de\/#website"},"primaryImageOfPage":{"@id":"https:\/\/rls-wacon.de\/es\/produkt\/iluminacion-de-peine-kl70-w\/#primaryimage"},"image":{"@id":"https:\/\/rls-wacon.de\/es\/produkt\/iluminacion-de-peine-kl70-w\/#primaryimage"},"thumbnailUrl":"https:\/\/rls-wacon.de\/wp-content\/uploads\/2023\/10\/KL70-W.jpg","datePublished":"2023-10-24T15:04:22+00:00","dateModified":"2026-02-16T19:46:43+00:00","description":"El uso de LED en la iluminaci\u00f3n de peine KL70-W garantiza una larga vida \u00fatil. El dise\u00f1o especial de los difusores crea una iluminaci\u00f3n homog\u00e9nea.","breadcrumb":{"@id":"https:\/\/rls-wacon.de\/es\/produkt\/iluminacion-de-peine-kl70-w\/#breadcrumb"},"inLanguage":"es","potentialAction":[{"@type":"ReadAction","target":["https:\/\/rls-wacon.de\/es\/produkt\/iluminacion-de-peine-kl70-w\/"]}]},{"@type":"ImageObject","inLanguage":"es","@id":"https:\/\/rls-wacon.de\/es\/produkt\/iluminacion-de-peine-kl70-w\/#primaryimage","url":"https:\/\/rls-wacon.de\/wp-content\/uploads\/2023\/10\/KL70-W.jpg","contentUrl":"https:\/\/rls-wacon.de\/wp-content\/uploads\/2023\/10\/KL70-W.jpg","width":1417,"height":307},{"@type":"BreadcrumbList","@id":"https:\/\/rls-wacon.de\/es\/produkt\/iluminacion-de-peine-kl70-w\/#breadcrumb","itemListElement":[{"@type":"ListItem","position":1,"name":"Startseite","item":"https:\/\/rls-wacon.de\/pt-br\/"},{"@type":"ListItem","position":2,"name":"Productos","item":"https:\/\/rls-wacon.de\/shop\/"},{"@type":"ListItem","position":3,"name":"Iluminaci\u00f3n de peine KL70-W"}]},{"@type":"WebSite","@id":"https:\/\/rls-wacon.de\/#website","url":"https:\/\/rls-wacon.de\/","name":"RLS Wacon analytics GmbH","description":"Experts for water monitoring","publisher":{"@id":"https:\/\/rls-wacon.de\/#organization"},"potentialAction":[{"@type":"SearchAction","target":{"@type":"EntryPoint","urlTemplate":"https:\/\/rls-wacon.de\/?s={search_term_string}"},"query-input":{"@type":"PropertyValueSpecification","valueRequired":true,"valueName":"search_term_string"}}],"inLanguage":"es"},{"@type":"Organization","@id":"https:\/\/rls-wacon.de\/#organization","name":"RLS Wacon analytics GmbH","url":"https:\/\/rls-wacon.de\/","logo":{"@type":"ImageObject","inLanguage":"es","@id":"https:\/\/rls-wacon.de\/#\/schema\/logo\/image\/","url":"https:\/\/rls-wacon.de\/wp-content\/uploads\/2022\/10\/RLSWacon-analytics-Logo-BR-RZ-9_17-768x1591.png","contentUrl":"https:\/\/rls-wacon.de\/wp-content\/uploads\/2022\/10\/RLSWacon-analytics-Logo-BR-RZ-9_17-768x1591.png","width":768,"height":159,"caption":"RLS Wacon analytics GmbH"},"image":{"@id":"https:\/\/rls-wacon.de\/#\/schema\/logo\/image\/"}}]},"product_price_amount":"9999.00","product_price_currency":"EUR","og_availability":"instock","product_availability":"instock","product_retailer_item_id":"80-000665","product_condition":"new"},"_links":{"self":[{"href":"https:\/\/rls-wacon.de\/es\/wp-json\/wp\/v2\/product\/23191","targetHints":{"allow":["GET"]}}],"collection":[{"href":"https:\/\/rls-wacon.de\/es\/wp-json\/wp\/v2\/product"}],"about":[{"href":"https:\/\/rls-wacon.de\/es\/wp-json\/wp\/v2\/types\/product"}],"version-history":[{"count":1,"href":"https:\/\/rls-wacon.de\/es\/wp-json\/wp\/v2\/product\/23191\/revisions"}],"predecessor-version":[{"id":28770,"href":"https:\/\/rls-wacon.de\/es\/wp-json\/wp\/v2\/product\/23191\/revisions\/28770"}],"wp:featuredmedia":[{"embeddable":true,"href":"https:\/\/rls-wacon.de\/es\/wp-json\/wp\/v2\/media\/18907"}],"wp:attachment":[{"href":"https:\/\/rls-wacon.de\/es\/wp-json\/wp\/v2\/media?parent=23191"}],"wp:term":[{"taxonomy":"product_brand","embeddable":true,"href":"https:\/\/rls-wacon.de\/es\/wp-json\/wp\/v2\/product_brand?post=23191"},{"taxonomy":"product_cat","embeddable":true,"href":"https:\/\/rls-wacon.de\/es\/wp-json\/wp\/v2\/product_cat?post=23191"},{"taxonomy":"product_tag","embeddable":true,"href":"https:\/\/rls-wacon.de\/es\/wp-json\/wp\/v2\/product_tag?post=23191"}],"curies":[{"name":"wp","href":"https:\/\/api.w.org\/{rel}","templated":true}]}}