{"id":23233,"date":"2023-10-24T15:04:27","date_gmt":"2023-10-24T15:04:27","guid":{"rendered":"https:\/\/rls-wacon.de\/produkt\/iluminacion-de-peine-klt76\/"},"modified":"2026-02-16T20:50:35","modified_gmt":"2026-02-16T19:50:35","slug":"iluminacion-de-peine-klt76","status":"publish","type":"product","link":"https:\/\/rls-wacon.de\/es\/produkt\/iluminacion-de-peine-klt76\/","title":{"rendered":"Iluminaci\u00f3n de peine KLT76"},"content":{"rendered":"<hr class=\"system-pagebreak\" title=\"Especificaciones\" \/>\n<table class=\"rls-table\">\n<tbody>\n<tr>\n<td>Par\u00e1metro<\/td>\n<td>Valor<\/td>\n<\/tr>\n<tr>\n<td>Tensi\u00f3n de funcionamiento<\/td>\n<td>24V: 16 &#8230; 28 V AC\/ 16 &#8230; 36 V CC<\/p>\n<p>230V: 230 VAC<\/td>\n<\/tr>\n<tr>\n<td>Consumo de energ\u00eda<\/td>\n<td>5 VA<\/td>\n<\/tr>\n<tr>\n<td>Temperatura ambiente<\/td>\n<td>de -20 \u00b0C a 60 \u00b0C<\/td>\n<\/tr>\n<tr>\n<td>Grado de protecci\u00f3n<\/td>\n<td>IP 67<\/td>\n<\/tr>\n<tr>\n<td>Dimensiones<\/td>\n<td>460 x 60 mm<\/td>\n<\/tr>\n<tr>\n<td>Profundidad de montaje<\/td>\n<td>38 mm<\/td>\n<\/tr>\n<tr>\n<td>Peso<\/td>\n<td>620 g<\/td>\n<\/tr>\n<\/tbody>\n<\/table>\n<hr class=\"system-pagebreak\" title=\"Datos t\u00e9cnicos\" \/>\n<table class=\"rls-table\">\n<tbody>\n<tr>\n<td>Par\u00e1metro<\/td>\n<td>Valor<\/td>\n<\/tr>\n<tr>\n<td>Color del LED<\/td>\n<td>rojo\/verde, blanco, amarillo<\/td>\n<\/tr>\n<tr>\n<td>Luminosidad (1 m de distancia)<\/td>\n<td>120 lx (rojo\/verde), 300 lx (blanco, amarillo)<\/td>\n<\/tr>\n<tr>\n<td>Parabrisas<\/td>\n<td>Cristal de hielo de plexigl\u00e1s PMMA<\/td>\n<\/tr>\n<tr>\n<td>Dimensiones del parabrisas<\/td>\n<td>400 x 40 mm<\/td>\n<\/tr>\n<tr>\n<td>Altura del contorno<\/td>\n<td>2 mm<\/td>\n<\/tr>\n<tr>\n<td>Cable de alimentaci\u00f3n<\/td>\n<td>3 x 0,5 mm\u00b2, longitud 30 cm, \u00d6lflex, terminales de cable<\/td>\n<\/tr>\n<\/tbody>\n<\/table>\n<hr class=\"system-pagebreak\" title=\"Asignaci\u00f3n de cables\" \/>\n<p>KLT76-G\/R<\/p>\n<table class=\"rls-table\">\n<tbody>\n<tr>\n<td>Cable<\/td>\n<td>Asignaci\u00f3n<\/td>\n<\/tr>\n<tr>\n<td>N\u00facleo 1<\/td>\n<td>COM<\/td>\n<\/tr>\n<tr>\n<td>Cable 2<\/td>\n<td>Vcc rojo<\/td>\n<\/tr>\n<tr>\n<td>Cable 3<\/td>\n<td>Vcc verde<\/td>\n<\/tr>\n<\/tbody>\n<\/table>\n<p>KLT76 \/ KLT 230V<\/p>\n<table class=\"rls-table\">\n<tbody>\n<tr>\n<td>Cable<\/td>\n<td>Asignaci\u00f3n<\/td>\n<\/tr>\n<tr>\n<td>Cable 1<\/td>\n<td>Vcc<\/td>\n<\/tr>\n<tr>\n<td>Cable 2<\/td>\n<td>Vcc<\/td>\n<\/tr>\n<\/tbody>\n<\/table>\n","protected":false},"excerpt":{"rendered":"<p>La iluminaci\u00f3n de peine conmutable rojo\/verde KLT76-G\/R est\u00e1 equipada con LED superbrillantes, de alta calidad y especialmente duraderos. La adaptaci\u00f3n mec\u00e1nica a tus condiciones locales es posible en cualquier momento.<\/p>\n<p>Las caracter\u00edsticas especiales son:<\/p>\n<ul>\n<li>Iluminaci\u00f3n LED muy brillante<\/li>\n<li>Dise\u00f1o el\u00e9ctrico extremadamente robusto, no se da\u00f1an los LEDs por fluctuaciones el\u00e9ctricas<\/li>\n<li>Duradero<\/li>\n<li>Insensible a la suciedad<\/li>\n<li>Estanco hasta IP 67<\/li>\n<\/ul>\n<p>La iluminaci\u00f3n de peine KLT76-G\/R se utiliza en la zona de peine de las escaleras mec\u00e1nicas.<\/p>\n<p><img decoding=\"async\" class=\"alignnone size-medium wp-image-18777\" src=\"https:\/\/rls-wacon.de\/wp-content\/uploads\/2023\/10\/KLT76_-300x41.jpg\" alt=\"\" width=\"300\" height=\"41\" srcset=\"https:\/\/rls-wacon.de\/wp-content\/uploads\/2023\/10\/KLT76_-300x41.jpg 300w, https:\/\/rls-wacon.de\/wp-content\/uploads\/2023\/10\/KLT76_-1024x141.jpg 1024w, https:\/\/rls-wacon.de\/wp-content\/uploads\/2023\/10\/KLT76_-768x106.jpg 768w, https:\/\/rls-wacon.de\/wp-content\/uploads\/2023\/10\/KLT76_-600x83.jpg 600w, https:\/\/rls-wacon.de\/wp-content\/uploads\/2023\/10\/KLT76_.jpg 1287w\" sizes=\"(max-width: 300px) 100vw, 300px\" \/><\/p>\n","protected":false},"featured_media":18786,"template":"","meta":{"_acf_changed":false},"product_brand":[],"product_cat":[1247],"product_tag":[],"class_list":{"0":"post-23233","1":"product","2":"type-product","3":"status-publish","4":"has-post-thumbnail","6":"product_cat-iluminacion-del-peine","8":"first","9":"instock","10":"shipping-taxable","11":"purchasable","12":"product-type-variable"},"exclude_global_add_ons":[],"addons":[],"acf":[],"yoast_head":"<!-- This site is optimized with the Yoast SEO Premium plugin v27.3 (Yoast SEO v27.4) - https:\/\/yoast.com\/product\/yoast-seo-premium-wordpress\/ -->\n<title>Iluminaci\u00f3n de peine KLT76 - RLS Wacon analytics<\/title>\n<meta name=\"description\" content=\"La iluminaci\u00f3n de peine conmutable rojo\/verde KLT76-G\/R est\u00e1 equipada con LED superbrillantes, de alta calidad y especialmente duraderos.\" \/>\n<meta name=\"robots\" content=\"index, follow, max-snippet:-1, max-image-preview:large, max-video-preview:-1\" \/>\n<link rel=\"canonical\" href=\"https:\/\/rls-wacon.de\/es\/produkt\/iluminacion-de-peine-klt76\/\" \/>\n<meta property=\"og:locale\" content=\"es_ES\" \/>\n<meta property=\"og:type\" content=\"article\" \/>\n<meta property=\"og:title\" content=\"Iluminaci\u00f3n de peine KLT76\" \/>\n<meta property=\"og:description\" content=\"La iluminaci\u00f3n de peine conmutable rojo\/verde KLT76-G\/R est\u00e1 equipada con LED superbrillantes, de alta calidad y especialmente duraderos.\" \/>\n<meta property=\"og:url\" content=\"https:\/\/rls-wacon.de\/es\/produkt\/iluminacion-de-peine-klt76\/\" \/>\n<meta property=\"og:site_name\" content=\"RLS Wacon analytics\" \/>\n<meta property=\"article:modified_time\" content=\"2026-02-16T19:50:35+00:00\" \/>\n<meta property=\"og:image\" content=\"https:\/\/rls-wacon.de\/wp-content\/uploads\/2023\/10\/KLT76.jpg\" \/>\n\t<meta property=\"og:image:width\" content=\"1890\" \/>\n\t<meta property=\"og:image:height\" content=\"251\" \/>\n\t<meta property=\"og:image:type\" content=\"image\/jpeg\" \/>\n<meta name=\"twitter:card\" content=\"summary_large_image\" \/>\n<meta name=\"twitter:label1\" content=\"Disponibilidad\" \/>\n\t<meta name=\"twitter:data1\" content=\"Disponible\" \/>\n<script type=\"application\/ld+json\" class=\"yoast-schema-graph\">{\"@context\":\"https:\\\/\\\/schema.org\",\"@graph\":[{\"@type\":\"WebPage\",\"@id\":\"https:\\\/\\\/rls-wacon.de\\\/es\\\/produkt\\\/iluminacion-de-peine-klt76\\\/\",\"url\":\"https:\\\/\\\/rls-wacon.de\\\/es\\\/produkt\\\/iluminacion-de-peine-klt76\\\/\",\"name\":\"Iluminaci\u00f3n de peine KLT76 - RLS Wacon analytics\",\"isPartOf\":{\"@id\":\"https:\\\/\\\/rls-wacon.de\\\/#website\"},\"primaryImageOfPage\":{\"@id\":\"https:\\\/\\\/rls-wacon.de\\\/es\\\/produkt\\\/iluminacion-de-peine-klt76\\\/#primaryimage\"},\"image\":{\"@id\":\"https:\\\/\\\/rls-wacon.de\\\/es\\\/produkt\\\/iluminacion-de-peine-klt76\\\/#primaryimage\"},\"thumbnailUrl\":\"https:\\\/\\\/rls-wacon.de\\\/wp-content\\\/uploads\\\/2023\\\/10\\\/KLT76.jpg\",\"datePublished\":\"2023-10-24T15:04:27+00:00\",\"dateModified\":\"2026-02-16T19:50:35+00:00\",\"description\":\"La iluminaci\u00f3n de peine conmutable rojo\\\/verde KLT76-G\\\/R est\u00e1 equipada con LED superbrillantes, de alta calidad y especialmente duraderos.\",\"breadcrumb\":{\"@id\":\"https:\\\/\\\/rls-wacon.de\\\/es\\\/produkt\\\/iluminacion-de-peine-klt76\\\/#breadcrumb\"},\"inLanguage\":\"es\",\"potentialAction\":[{\"@type\":\"ReadAction\",\"target\":[\"https:\\\/\\\/rls-wacon.de\\\/es\\\/produkt\\\/iluminacion-de-peine-klt76\\\/\"]}]},{\"@type\":\"ImageObject\",\"inLanguage\":\"es\",\"@id\":\"https:\\\/\\\/rls-wacon.de\\\/es\\\/produkt\\\/iluminacion-de-peine-klt76\\\/#primaryimage\",\"url\":\"https:\\\/\\\/rls-wacon.de\\\/wp-content\\\/uploads\\\/2023\\\/10\\\/KLT76.jpg\",\"contentUrl\":\"https:\\\/\\\/rls-wacon.de\\\/wp-content\\\/uploads\\\/2023\\\/10\\\/KLT76.jpg\",\"width\":1890,\"height\":251},{\"@type\":\"BreadcrumbList\",\"@id\":\"https:\\\/\\\/rls-wacon.de\\\/es\\\/produkt\\\/iluminacion-de-peine-klt76\\\/#breadcrumb\",\"itemListElement\":[{\"@type\":\"ListItem\",\"position\":1,\"name\":\"Startseite\",\"item\":\"https:\\\/\\\/rls-wacon.de\\\/pt-br\\\/\"},{\"@type\":\"ListItem\",\"position\":2,\"name\":\"Productos\",\"item\":\"https:\\\/\\\/rls-wacon.de\\\/shop\\\/\"},{\"@type\":\"ListItem\",\"position\":3,\"name\":\"Iluminaci\u00f3n de peine KLT76\"}]},{\"@type\":\"WebSite\",\"@id\":\"https:\\\/\\\/rls-wacon.de\\\/#website\",\"url\":\"https:\\\/\\\/rls-wacon.de\\\/\",\"name\":\"RLS Wacon analytics GmbH\",\"description\":\"Experts for water monitoring\",\"publisher\":{\"@id\":\"https:\\\/\\\/rls-wacon.de\\\/#organization\"},\"potentialAction\":[{\"@type\":\"SearchAction\",\"target\":{\"@type\":\"EntryPoint\",\"urlTemplate\":\"https:\\\/\\\/rls-wacon.de\\\/?s={search_term_string}\"},\"query-input\":{\"@type\":\"PropertyValueSpecification\",\"valueRequired\":true,\"valueName\":\"search_term_string\"}}],\"inLanguage\":\"es\"},{\"@type\":\"Organization\",\"@id\":\"https:\\\/\\\/rls-wacon.de\\\/#organization\",\"name\":\"RLS Wacon analytics GmbH\",\"url\":\"https:\\\/\\\/rls-wacon.de\\\/\",\"logo\":{\"@type\":\"ImageObject\",\"inLanguage\":\"es\",\"@id\":\"https:\\\/\\\/rls-wacon.de\\\/#\\\/schema\\\/logo\\\/image\\\/\",\"url\":\"https:\\\/\\\/rls-wacon.de\\\/wp-content\\\/uploads\\\/2022\\\/10\\\/RLSWacon-analytics-Logo-BR-RZ-9_17-768x1591.png\",\"contentUrl\":\"https:\\\/\\\/rls-wacon.de\\\/wp-content\\\/uploads\\\/2022\\\/10\\\/RLSWacon-analytics-Logo-BR-RZ-9_17-768x1591.png\",\"width\":768,\"height\":159,\"caption\":\"RLS Wacon analytics GmbH\"},\"image\":{\"@id\":\"https:\\\/\\\/rls-wacon.de\\\/#\\\/schema\\\/logo\\\/image\\\/\"}}]}<\/script>\n<meta property=\"og:availability\" content=\"instock\" \/>\n<meta property=\"product:availability\" content=\"instock\" \/>\n<meta property=\"product:condition\" content=\"new\" \/>\n<!-- \/ Yoast SEO Premium plugin. -->","yoast_head_json":{"title":"Iluminaci\u00f3n de peine KLT76 - RLS Wacon analytics","description":"La iluminaci\u00f3n de peine conmutable rojo\/verde KLT76-G\/R est\u00e1 equipada con LED superbrillantes, de alta calidad y especialmente duraderos.","robots":{"index":"index","follow":"follow","max-snippet":"max-snippet:-1","max-image-preview":"max-image-preview:large","max-video-preview":"max-video-preview:-1"},"canonical":"https:\/\/rls-wacon.de\/es\/produkt\/iluminacion-de-peine-klt76\/","og_locale":"es_ES","og_type":"article","og_title":"Iluminaci\u00f3n de peine KLT76","og_description":"La iluminaci\u00f3n de peine conmutable rojo\/verde KLT76-G\/R est\u00e1 equipada con LED superbrillantes, de alta calidad y especialmente duraderos.","og_url":"https:\/\/rls-wacon.de\/es\/produkt\/iluminacion-de-peine-klt76\/","og_site_name":"RLS Wacon analytics","article_modified_time":"2026-02-16T19:50:35+00:00","og_image":[{"width":1890,"height":251,"url":"https:\/\/rls-wacon.de\/wp-content\/uploads\/2023\/10\/KLT76.jpg","type":"image\/jpeg"}],"twitter_card":"summary_large_image","twitter_misc":{"Disponibilidad":"Disponible"},"schema":{"@context":"https:\/\/schema.org","@graph":[{"@type":"WebPage","@id":"https:\/\/rls-wacon.de\/es\/produkt\/iluminacion-de-peine-klt76\/","url":"https:\/\/rls-wacon.de\/es\/produkt\/iluminacion-de-peine-klt76\/","name":"Iluminaci\u00f3n de peine KLT76 - RLS Wacon analytics","isPartOf":{"@id":"https:\/\/rls-wacon.de\/#website"},"primaryImageOfPage":{"@id":"https:\/\/rls-wacon.de\/es\/produkt\/iluminacion-de-peine-klt76\/#primaryimage"},"image":{"@id":"https:\/\/rls-wacon.de\/es\/produkt\/iluminacion-de-peine-klt76\/#primaryimage"},"thumbnailUrl":"https:\/\/rls-wacon.de\/wp-content\/uploads\/2023\/10\/KLT76.jpg","datePublished":"2023-10-24T15:04:27+00:00","dateModified":"2026-02-16T19:50:35+00:00","description":"La iluminaci\u00f3n de peine conmutable rojo\/verde KLT76-G\/R est\u00e1 equipada con LED superbrillantes, de alta calidad y especialmente duraderos.","breadcrumb":{"@id":"https:\/\/rls-wacon.de\/es\/produkt\/iluminacion-de-peine-klt76\/#breadcrumb"},"inLanguage":"es","potentialAction":[{"@type":"ReadAction","target":["https:\/\/rls-wacon.de\/es\/produkt\/iluminacion-de-peine-klt76\/"]}]},{"@type":"ImageObject","inLanguage":"es","@id":"https:\/\/rls-wacon.de\/es\/produkt\/iluminacion-de-peine-klt76\/#primaryimage","url":"https:\/\/rls-wacon.de\/wp-content\/uploads\/2023\/10\/KLT76.jpg","contentUrl":"https:\/\/rls-wacon.de\/wp-content\/uploads\/2023\/10\/KLT76.jpg","width":1890,"height":251},{"@type":"BreadcrumbList","@id":"https:\/\/rls-wacon.de\/es\/produkt\/iluminacion-de-peine-klt76\/#breadcrumb","itemListElement":[{"@type":"ListItem","position":1,"name":"Startseite","item":"https:\/\/rls-wacon.de\/pt-br\/"},{"@type":"ListItem","position":2,"name":"Productos","item":"https:\/\/rls-wacon.de\/shop\/"},{"@type":"ListItem","position":3,"name":"Iluminaci\u00f3n de peine KLT76"}]},{"@type":"WebSite","@id":"https:\/\/rls-wacon.de\/#website","url":"https:\/\/rls-wacon.de\/","name":"RLS Wacon analytics GmbH","description":"Experts for water monitoring","publisher":{"@id":"https:\/\/rls-wacon.de\/#organization"},"potentialAction":[{"@type":"SearchAction","target":{"@type":"EntryPoint","urlTemplate":"https:\/\/rls-wacon.de\/?s={search_term_string}"},"query-input":{"@type":"PropertyValueSpecification","valueRequired":true,"valueName":"search_term_string"}}],"inLanguage":"es"},{"@type":"Organization","@id":"https:\/\/rls-wacon.de\/#organization","name":"RLS Wacon analytics GmbH","url":"https:\/\/rls-wacon.de\/","logo":{"@type":"ImageObject","inLanguage":"es","@id":"https:\/\/rls-wacon.de\/#\/schema\/logo\/image\/","url":"https:\/\/rls-wacon.de\/wp-content\/uploads\/2022\/10\/RLSWacon-analytics-Logo-BR-RZ-9_17-768x1591.png","contentUrl":"https:\/\/rls-wacon.de\/wp-content\/uploads\/2022\/10\/RLSWacon-analytics-Logo-BR-RZ-9_17-768x1591.png","width":768,"height":159,"caption":"RLS Wacon analytics GmbH"},"image":{"@id":"https:\/\/rls-wacon.de\/#\/schema\/logo\/image\/"}}]},"og_availability":"instock","product_availability":"instock","product_condition":"new"},"_links":{"self":[{"href":"https:\/\/rls-wacon.de\/es\/wp-json\/wp\/v2\/product\/23233","targetHints":{"allow":["GET"]}}],"collection":[{"href":"https:\/\/rls-wacon.de\/es\/wp-json\/wp\/v2\/product"}],"about":[{"href":"https:\/\/rls-wacon.de\/es\/wp-json\/wp\/v2\/types\/product"}],"version-history":[{"count":1,"href":"https:\/\/rls-wacon.de\/es\/wp-json\/wp\/v2\/product\/23233\/revisions"}],"predecessor-version":[{"id":28777,"href":"https:\/\/rls-wacon.de\/es\/wp-json\/wp\/v2\/product\/23233\/revisions\/28777"}],"wp:featuredmedia":[{"embeddable":true,"href":"https:\/\/rls-wacon.de\/es\/wp-json\/wp\/v2\/media\/18786"}],"wp:attachment":[{"href":"https:\/\/rls-wacon.de\/es\/wp-json\/wp\/v2\/media?parent=23233"}],"wp:term":[{"taxonomy":"product_brand","embeddable":true,"href":"https:\/\/rls-wacon.de\/es\/wp-json\/wp\/v2\/product_brand?post=23233"},{"taxonomy":"product_cat","embeddable":true,"href":"https:\/\/rls-wacon.de\/es\/wp-json\/wp\/v2\/product_cat?post=23233"},{"taxonomy":"product_tag","embeddable":true,"href":"https:\/\/rls-wacon.de\/es\/wp-json\/wp\/v2\/product_tag?post=23233"}],"curies":[{"name":"wp","href":"https:\/\/api.w.org\/{rel}","templated":true}]}}