{"id":23311,"date":"2023-10-24T15:04:31","date_gmt":"2023-10-24T15:04:31","guid":{"rendered":"https:\/\/rls-wacon.de\/produkt\/sensor-de-radar-rms-2-m12\/"},"modified":"2026-02-16T20:56:18","modified_gmt":"2026-02-16T19:56:18","slug":"sensor-de-radar-rms-2-m12","status":"publish","type":"product","link":"https:\/\/rls-wacon.de\/es\/produkt\/sensor-de-radar-rms-2-m12\/","title":{"rendered":"Sensor de radar RMS-2 (M12)"},"content":{"rendered":"<hr class=\"system-pagebreak\" title=\"Especificaciones\" \/>\n<table class=\"rls-table\">\n<tbody>\n<tr>\n<td>Par\u00e1metro<\/td>\n<td>Valor<\/td>\n<td>m\u00edn.<\/td>\n<td>t\u00edp.<\/td>\n<td>m\u00e1x.<\/td>\n<\/tr>\n<tr>\n<td>Tensi\u00f3n de funcionamiento<\/td>\n<td><\/td>\n<td>10 VCC<\/td>\n<td><\/td>\n<td>30 VCC<\/td>\n<\/tr>\n<tr>\n<td>Consumo de energ\u00eda<\/td>\n<td><\/td>\n<td><\/td>\n<td>0,5 W<\/td>\n<td><\/td>\n<\/tr>\n<tr>\n<td>Rango de temperatura<\/td>\n<td><\/td>\n<td>&#8211; 30 \u00b0C<\/td>\n<td><\/td>\n<td>80 \u00b0C<\/td>\n<\/tr>\n<tr>\n<td>Grado de protecci\u00f3n<\/td>\n<td>IP 66<\/td>\n<td><\/td>\n<td><\/td>\n<td><\/td>\n<\/tr>\n<tr>\n<td>Material de la carcasa<\/td>\n<td>PC<\/td>\n<td><\/td>\n<td><\/td>\n<td><\/td>\n<\/tr>\n<tr>\n<td>Dimensiones<\/td>\n<td>65 x 50 x 35 mm<\/td>\n<td><\/td>\n<td><\/td>\n<td><\/td>\n<\/tr>\n<\/tbody>\n<\/table>\n<p>&nbsp;<\/p>\n<hr class=\"system-pagebreak\" title=\"Datos t\u00e9cnicos\" \/>\n<table class=\"rls-table\">\n<tbody>\n<tr>\n<td>Par\u00e1metro<\/td>\n<td>Valor<\/td>\n<td>m\u00edn.<\/td>\n<td>t\u00edp.<\/td>\n<td>m\u00e1x.<\/td>\n<\/tr>\n<tr>\n<td>Alcance de detecci\u00f3n<\/td>\n<td><\/td>\n<td>1 m<\/td>\n<td><\/td>\n<td>6 m<\/td>\n<\/tr>\n<tr>\n<td>\u00c1ngulo del haz, horizontal<\/td>\n<td><\/td>\n<td><\/td>\n<td>70 \u00b0<\/td>\n<td><\/td>\n<\/tr>\n<tr>\n<td>\u00c1ngulo del haz, vertical<\/td>\n<td><\/td>\n<td><\/td>\n<td>36 \u00b0<\/td>\n<td><\/td>\n<\/tr>\n<tr>\n<td>Potencia de transmisi\u00f3n<\/td>\n<td><\/td>\n<td><\/td>\n<td>100 mW EIRP<\/td>\n<td><\/td>\n<\/tr>\n<tr>\n<td>Se\u00f1al de salida<\/td>\n<td>activo bajo\/alto, push pull<\/td>\n<td><\/td>\n<td><\/td>\n<td><\/td>\n<\/tr>\n<tr>\n<td>Duraci\u00f3n del impulso de salida ajustable<\/td>\n<td>1 s, 5 s, 10 s, 30 s<\/td>\n<td><\/td>\n<td><\/td>\n<td><\/td>\n<\/tr>\n<tr>\n<td>Conexi\u00f3n<\/td>\n<td>M12 macho, 4 polos<\/td>\n<td><\/td>\n<td><\/td>\n<td><\/td>\n<\/tr>\n<tr>\n<td>Direcci\u00f3n<\/td>\n<td>aproximada y\/o lejana<\/td>\n<td><\/td>\n<td><\/td>\n<td><\/td>\n<\/tr>\n<tr>\n<td>Alineaci\u00f3n de la antena<\/td>\n<td>0\u00b0<\/td>\n<td><\/td>\n<td><\/td>\n<td><\/td>\n<\/tr>\n<tr>\n<td>LED de estado<\/td>\n<td>interno<\/td>\n<td><\/td>\n<td><\/td>\n<td><\/td>\n<\/tr>\n<\/tbody>\n<\/table>\n<p>&nbsp;<\/p>\n<hr class=\"system-pagebreak\" title=\"Normas\" \/>\n<table class=\"rls-table\">\n<tbody>\n<tr>\n<td>Est\u00e1ndar<\/td>\n<\/tr>\n<tr>\n<td>ETSI EN300440-1 V1.3.1 (2001-09)<\/td>\n<\/tr>\n<tr>\n<td>ETSI EN300440-2 V1.1.1 (2001-09<\/td>\n<\/tr>\n<tr>\n<td>VDE 0848(08\/2000) Parte 1<\/td>\n<\/tr>\n<tr>\n<td>VDE 0848(01\/1991) Parte 2<\/td>\n<\/tr>\n<tr>\n<td>Directrices de la ICNIRP (04\/1998)<\/td>\n<\/tr>\n<tr>\n<td>EN50 081-1<\/td>\n<\/tr>\n<tr>\n<td>EN50 082-1<\/td>\n<\/tr>\n<\/tbody>\n<\/table>\n<p>&nbsp;<\/p>\n<hr class=\"system-pagebreak\" title=\"Asignaci\u00f3n de cables\" \/>\n<table class=\"rls-table\">\n<tbody>\n<tr>\n<td>Clavija M12<\/td>\n<td>Se\u00f1al<\/td>\n<\/tr>\n<tr>\n<td>1<\/td>\n<td>10 &#8230; 30 V CC<\/td>\n<\/tr>\n<tr>\n<td>2<\/td>\n<td>aproximadamente<\/td>\n<\/tr>\n<tr>\n<td>3<\/td>\n<td>Masa<\/td>\n<\/tr>\n<tr>\n<td>4<\/td>\n<td>quitar<\/td>\n<\/tr>\n<\/tbody>\n<\/table>\n","protected":false},"excerpt":{"rendered":"<p>El sensor de radar RMS-2 (M12) con sensibilidad ajustable es un detector de movimiento. A diferencia de otros sensores, el RMS-2 distingue entre objetos que se aproximan y objetos en movimiento. El usuario dispone de esta informaci\u00f3n a trav\u00e9s de dos salidas de conmutaci\u00f3n independientes. La sensibilidad del dispositivo se puede configurar en cuatro etapas mediante una tira de puentes interna. El RMS-2 (M12) se conecta mediante un conector est\u00e1ndar.<\/p>\n<p>Las caracter\u00edsticas especiales son:<\/p>\n<ul>\n<li>Ajuste sencillo de la sensibilidad en el lugar de uso<\/li>\n<li>Tiempo de conmutaci\u00f3n ajustable para la detecci\u00f3n de objetos<\/li>\n<li>Insensible a los movimientos laterales<\/li>\n<li>Selecci\u00f3n del rango de medici\u00f3n mediante montaje horizontal o vertical<\/li>\n<li>Bajo consumo de energ\u00eda<\/li>\n<li>Posibilidad de instalaci\u00f3n oculta<\/li>\n<li>Sin mantenimiento<\/li>\n<li>Montaje sencillo<\/li>\n<\/ul>\n<p>&nbsp;<\/p>\n<p>El sensor de radar RMS-2 (M12) se utiliza sobre todo en los siguientes \u00e1mbitos:<\/p>\n<ul>\n<li>Control de acceso y entrada<\/li>\n<li>Mando de la puerta<\/li>\n<li>Reconocimiento de personas y objetos<\/li>\n<li>Detecci\u00f3n de movimiento sensible a la direcci\u00f3n<\/li>\n<\/ul>\n<p>&nbsp;<\/p>\n","protected":false},"featured_media":15526,"template":"","meta":{"_acf_changed":false},"product_brand":[],"product_cat":[1260],"product_tag":[],"class_list":{"0":"post-23311","1":"product","2":"type-product","3":"status-publish","4":"has-post-thumbnail","6":"product_cat-sensores-de-radar-es","8":"first","9":"instock","10":"shipping-taxable","11":"purchasable","12":"product-type-simple"},"exclude_global_add_ons":[],"addons":[],"acf":[],"yoast_head":"<!-- This site is optimized with the Yoast SEO Premium plugin v27.3 (Yoast SEO v27.4) - https:\/\/yoast.com\/product\/yoast-seo-premium-wordpress\/ -->\n<title>Sensor de radar RMS-2 (M12) - RLS Wacon analytics<\/title>\n<meta name=\"description\" content=\"El sensor de radar RMS-2 (M12) con sensibilidad ajustable es un detector de movimiento.\" \/>\n<meta name=\"robots\" content=\"index, follow, max-snippet:-1, max-image-preview:large, max-video-preview:-1\" \/>\n<link rel=\"canonical\" href=\"https:\/\/rls-wacon.de\/es\/produkt\/sensor-de-radar-rms-2-m12\/\" \/>\n<meta property=\"og:locale\" content=\"es_ES\" \/>\n<meta property=\"og:type\" content=\"article\" \/>\n<meta property=\"og:title\" content=\"Sensor de radar RMS-2 (M12)\" \/>\n<meta property=\"og:description\" content=\"El sensor de radar RMS-2 (M12) con sensibilidad ajustable es un detector de movimiento.\" \/>\n<meta property=\"og:url\" content=\"https:\/\/rls-wacon.de\/es\/produkt\/sensor-de-radar-rms-2-m12\/\" \/>\n<meta property=\"og:site_name\" content=\"RLS Wacon analytics\" \/>\n<meta property=\"article:modified_time\" content=\"2026-02-16T19:56:18+00:00\" \/>\n<meta property=\"og:image\" content=\"https:\/\/rls-wacon.de\/wp-content\/uploads\/2023\/10\/DSC00204-scaled.webp\" \/>\n\t<meta property=\"og:image:width\" content=\"2560\" \/>\n\t<meta property=\"og:image:height\" content=\"1707\" \/>\n\t<meta property=\"og:image:type\" content=\"image\/jpeg\" \/>\n<meta name=\"twitter:card\" content=\"summary_large_image\" \/>\n<meta name=\"twitter:label1\" content=\"Precio\" \/>\n\t<meta name=\"twitter:data1\" content=\"9.999,00&nbsp;&euro;\" \/>\n\t<meta name=\"twitter:label2\" content=\"Disponibilidad\" \/>\n\t<meta name=\"twitter:data2\" content=\"Disponible\" \/>\n<script type=\"application\/ld+json\" class=\"yoast-schema-graph\">{\"@context\":\"https:\\\/\\\/schema.org\",\"@graph\":[{\"@type\":\"WebPage\",\"@id\":\"https:\\\/\\\/rls-wacon.de\\\/es\\\/produkt\\\/sensor-de-radar-rms-2-m12\\\/\",\"url\":\"https:\\\/\\\/rls-wacon.de\\\/es\\\/produkt\\\/sensor-de-radar-rms-2-m12\\\/\",\"name\":\"Sensor de radar RMS-2 (M12) - RLS Wacon analytics\",\"isPartOf\":{\"@id\":\"https:\\\/\\\/rls-wacon.de\\\/#website\"},\"primaryImageOfPage\":{\"@id\":\"https:\\\/\\\/rls-wacon.de\\\/es\\\/produkt\\\/sensor-de-radar-rms-2-m12\\\/#primaryimage\"},\"image\":{\"@id\":\"https:\\\/\\\/rls-wacon.de\\\/es\\\/produkt\\\/sensor-de-radar-rms-2-m12\\\/#primaryimage\"},\"thumbnailUrl\":\"https:\\\/\\\/rls-wacon.de\\\/wp-content\\\/uploads\\\/2023\\\/10\\\/DSC00204-scaled.webp\",\"datePublished\":\"2023-10-24T15:04:31+00:00\",\"dateModified\":\"2026-02-16T19:56:18+00:00\",\"description\":\"El sensor de radar RMS-2 (M12) con sensibilidad ajustable es un detector de movimiento.\",\"breadcrumb\":{\"@id\":\"https:\\\/\\\/rls-wacon.de\\\/es\\\/produkt\\\/sensor-de-radar-rms-2-m12\\\/#breadcrumb\"},\"inLanguage\":\"es\",\"potentialAction\":[{\"@type\":\"ReadAction\",\"target\":[\"https:\\\/\\\/rls-wacon.de\\\/es\\\/produkt\\\/sensor-de-radar-rms-2-m12\\\/\"]}]},{\"@type\":\"ImageObject\",\"inLanguage\":\"es\",\"@id\":\"https:\\\/\\\/rls-wacon.de\\\/es\\\/produkt\\\/sensor-de-radar-rms-2-m12\\\/#primaryimage\",\"url\":\"https:\\\/\\\/rls-wacon.de\\\/wp-content\\\/uploads\\\/2023\\\/10\\\/DSC00204-scaled.webp\",\"contentUrl\":\"https:\\\/\\\/rls-wacon.de\\\/wp-content\\\/uploads\\\/2023\\\/10\\\/DSC00204-scaled.webp\",\"width\":2560,\"height\":1707,\"caption\":\"Sensor de radar RMS-2 (M12)\"},{\"@type\":\"BreadcrumbList\",\"@id\":\"https:\\\/\\\/rls-wacon.de\\\/es\\\/produkt\\\/sensor-de-radar-rms-2-m12\\\/#breadcrumb\",\"itemListElement\":[{\"@type\":\"ListItem\",\"position\":1,\"name\":\"Startseite\",\"item\":\"https:\\\/\\\/rls-wacon.de\\\/pt-br\\\/\"},{\"@type\":\"ListItem\",\"position\":2,\"name\":\"Productos\",\"item\":\"https:\\\/\\\/rls-wacon.de\\\/shop\\\/\"},{\"@type\":\"ListItem\",\"position\":3,\"name\":\"Sensor de radar RMS-2 (M12)\"}]},{\"@type\":\"WebSite\",\"@id\":\"https:\\\/\\\/rls-wacon.de\\\/#website\",\"url\":\"https:\\\/\\\/rls-wacon.de\\\/\",\"name\":\"RLS Wacon analytics GmbH\",\"description\":\"Experts for water monitoring\",\"publisher\":{\"@id\":\"https:\\\/\\\/rls-wacon.de\\\/#organization\"},\"potentialAction\":[{\"@type\":\"SearchAction\",\"target\":{\"@type\":\"EntryPoint\",\"urlTemplate\":\"https:\\\/\\\/rls-wacon.de\\\/?s={search_term_string}\"},\"query-input\":{\"@type\":\"PropertyValueSpecification\",\"valueRequired\":true,\"valueName\":\"search_term_string\"}}],\"inLanguage\":\"es\"},{\"@type\":\"Organization\",\"@id\":\"https:\\\/\\\/rls-wacon.de\\\/#organization\",\"name\":\"RLS Wacon analytics GmbH\",\"url\":\"https:\\\/\\\/rls-wacon.de\\\/\",\"logo\":{\"@type\":\"ImageObject\",\"inLanguage\":\"es\",\"@id\":\"https:\\\/\\\/rls-wacon.de\\\/#\\\/schema\\\/logo\\\/image\\\/\",\"url\":\"https:\\\/\\\/rls-wacon.de\\\/wp-content\\\/uploads\\\/2022\\\/10\\\/RLSWacon-analytics-Logo-BR-RZ-9_17-768x1591.png\",\"contentUrl\":\"https:\\\/\\\/rls-wacon.de\\\/wp-content\\\/uploads\\\/2022\\\/10\\\/RLSWacon-analytics-Logo-BR-RZ-9_17-768x1591.png\",\"width\":768,\"height\":159,\"caption\":\"RLS Wacon analytics GmbH\"},\"image\":{\"@id\":\"https:\\\/\\\/rls-wacon.de\\\/#\\\/schema\\\/logo\\\/image\\\/\"}}]}<\/script>\n<meta property=\"product:price:amount\" content=\"9999.00\" \/>\n<meta property=\"product:price:currency\" content=\"EUR\" \/>\n<meta property=\"og:availability\" content=\"instock\" \/>\n<meta property=\"product:availability\" content=\"instock\" \/>\n<meta property=\"product:condition\" content=\"new\" \/>\n<!-- \/ Yoast SEO Premium plugin. -->","yoast_head_json":{"title":"Sensor de radar RMS-2 (M12) - RLS Wacon analytics","description":"El sensor de radar RMS-2 (M12) con sensibilidad ajustable es un detector de movimiento.","robots":{"index":"index","follow":"follow","max-snippet":"max-snippet:-1","max-image-preview":"max-image-preview:large","max-video-preview":"max-video-preview:-1"},"canonical":"https:\/\/rls-wacon.de\/es\/produkt\/sensor-de-radar-rms-2-m12\/","og_locale":"es_ES","og_type":"article","og_title":"Sensor de radar RMS-2 (M12)","og_description":"El sensor de radar RMS-2 (M12) con sensibilidad ajustable es un detector de movimiento.","og_url":"https:\/\/rls-wacon.de\/es\/produkt\/sensor-de-radar-rms-2-m12\/","og_site_name":"RLS Wacon analytics","article_modified_time":"2026-02-16T19:56:18+00:00","og_image":[{"width":2560,"height":1707,"url":"https:\/\/rls-wacon.de\/wp-content\/uploads\/2023\/10\/DSC00204-scaled.webp","type":"image\/jpeg"}],"twitter_card":"summary_large_image","twitter_misc":{"Precio":"9.999,00&nbsp;&euro;","Disponibilidad":"Disponible"},"schema":{"@context":"https:\/\/schema.org","@graph":[{"@type":"WebPage","@id":"https:\/\/rls-wacon.de\/es\/produkt\/sensor-de-radar-rms-2-m12\/","url":"https:\/\/rls-wacon.de\/es\/produkt\/sensor-de-radar-rms-2-m12\/","name":"Sensor de radar RMS-2 (M12) - RLS Wacon analytics","isPartOf":{"@id":"https:\/\/rls-wacon.de\/#website"},"primaryImageOfPage":{"@id":"https:\/\/rls-wacon.de\/es\/produkt\/sensor-de-radar-rms-2-m12\/#primaryimage"},"image":{"@id":"https:\/\/rls-wacon.de\/es\/produkt\/sensor-de-radar-rms-2-m12\/#primaryimage"},"thumbnailUrl":"https:\/\/rls-wacon.de\/wp-content\/uploads\/2023\/10\/DSC00204-scaled.webp","datePublished":"2023-10-24T15:04:31+00:00","dateModified":"2026-02-16T19:56:18+00:00","description":"El sensor de radar RMS-2 (M12) con sensibilidad ajustable es un detector de movimiento.","breadcrumb":{"@id":"https:\/\/rls-wacon.de\/es\/produkt\/sensor-de-radar-rms-2-m12\/#breadcrumb"},"inLanguage":"es","potentialAction":[{"@type":"ReadAction","target":["https:\/\/rls-wacon.de\/es\/produkt\/sensor-de-radar-rms-2-m12\/"]}]},{"@type":"ImageObject","inLanguage":"es","@id":"https:\/\/rls-wacon.de\/es\/produkt\/sensor-de-radar-rms-2-m12\/#primaryimage","url":"https:\/\/rls-wacon.de\/wp-content\/uploads\/2023\/10\/DSC00204-scaled.webp","contentUrl":"https:\/\/rls-wacon.de\/wp-content\/uploads\/2023\/10\/DSC00204-scaled.webp","width":2560,"height":1707,"caption":"Sensor de radar RMS-2 (M12)"},{"@type":"BreadcrumbList","@id":"https:\/\/rls-wacon.de\/es\/produkt\/sensor-de-radar-rms-2-m12\/#breadcrumb","itemListElement":[{"@type":"ListItem","position":1,"name":"Startseite","item":"https:\/\/rls-wacon.de\/pt-br\/"},{"@type":"ListItem","position":2,"name":"Productos","item":"https:\/\/rls-wacon.de\/shop\/"},{"@type":"ListItem","position":3,"name":"Sensor de radar RMS-2 (M12)"}]},{"@type":"WebSite","@id":"https:\/\/rls-wacon.de\/#website","url":"https:\/\/rls-wacon.de\/","name":"RLS Wacon analytics GmbH","description":"Experts for water monitoring","publisher":{"@id":"https:\/\/rls-wacon.de\/#organization"},"potentialAction":[{"@type":"SearchAction","target":{"@type":"EntryPoint","urlTemplate":"https:\/\/rls-wacon.de\/?s={search_term_string}"},"query-input":{"@type":"PropertyValueSpecification","valueRequired":true,"valueName":"search_term_string"}}],"inLanguage":"es"},{"@type":"Organization","@id":"https:\/\/rls-wacon.de\/#organization","name":"RLS Wacon analytics GmbH","url":"https:\/\/rls-wacon.de\/","logo":{"@type":"ImageObject","inLanguage":"es","@id":"https:\/\/rls-wacon.de\/#\/schema\/logo\/image\/","url":"https:\/\/rls-wacon.de\/wp-content\/uploads\/2022\/10\/RLSWacon-analytics-Logo-BR-RZ-9_17-768x1591.png","contentUrl":"https:\/\/rls-wacon.de\/wp-content\/uploads\/2022\/10\/RLSWacon-analytics-Logo-BR-RZ-9_17-768x1591.png","width":768,"height":159,"caption":"RLS Wacon analytics GmbH"},"image":{"@id":"https:\/\/rls-wacon.de\/#\/schema\/logo\/image\/"}}]},"product_price_amount":"9999.00","product_price_currency":"EUR","og_availability":"instock","product_availability":"instock","product_condition":"new"},"_links":{"self":[{"href":"https:\/\/rls-wacon.de\/es\/wp-json\/wp\/v2\/product\/23311","targetHints":{"allow":["GET"]}}],"collection":[{"href":"https:\/\/rls-wacon.de\/es\/wp-json\/wp\/v2\/product"}],"about":[{"href":"https:\/\/rls-wacon.de\/es\/wp-json\/wp\/v2\/types\/product"}],"version-history":[{"count":1,"href":"https:\/\/rls-wacon.de\/es\/wp-json\/wp\/v2\/product\/23311\/revisions"}],"predecessor-version":[{"id":28787,"href":"https:\/\/rls-wacon.de\/es\/wp-json\/wp\/v2\/product\/23311\/revisions\/28787"}],"wp:featuredmedia":[{"embeddable":true,"href":"https:\/\/rls-wacon.de\/es\/wp-json\/wp\/v2\/media\/15526"}],"wp:attachment":[{"href":"https:\/\/rls-wacon.de\/es\/wp-json\/wp\/v2\/media?parent=23311"}],"wp:term":[{"taxonomy":"product_brand","embeddable":true,"href":"https:\/\/rls-wacon.de\/es\/wp-json\/wp\/v2\/product_brand?post=23311"},{"taxonomy":"product_cat","embeddable":true,"href":"https:\/\/rls-wacon.de\/es\/wp-json\/wp\/v2\/product_cat?post=23311"},{"taxonomy":"product_tag","embeddable":true,"href":"https:\/\/rls-wacon.de\/es\/wp-json\/wp\/v2\/product_tag?post=23311"}],"curies":[{"name":"wp","href":"https:\/\/api.w.org\/{rel}","templated":true}]}}