{"id":23318,"date":"2023-10-24T15:04:32","date_gmt":"2023-10-24T15:04:32","guid":{"rendered":"https:\/\/rls-wacon.de\/produkt\/sensor-radar-rms-cv-adj\/"},"modified":"2026-02-16T20:57:56","modified_gmt":"2026-02-16T19:57:56","slug":"sensor-radar-rms-cv-adj","status":"publish","type":"product","link":"https:\/\/rls-wacon.de\/es\/produkt\/sensor-radar-rms-cv-adj\/","title":{"rendered":"Sensor radar RMS-CV-Adj"},"content":{"rendered":"<hr class=\"system-pagebreak\" title=\"Especificaciones\" \/>\n<table class=\"rls-table\">\n<tbody>\n<tr>\n<td>Par\u00e1metro<\/td>\n<td>Valor<\/td>\n<td>m\u00edn.<\/td>\n<td>t\u00edp.<\/td>\n<td>m\u00e1x.<\/td>\n<\/tr>\n<tr>\n<td>Tensi\u00f3n de funcionamiento<\/td>\n<td><\/td>\n<td>10 VCC<\/td>\n<td>24 VCC<\/td>\n<td>30 VCC<\/td>\n<\/tr>\n<tr>\n<td>Consumo de energ\u00eda<\/td>\n<td><\/td>\n<td><\/td>\n<td><\/td>\n<td>0,5 W<\/td>\n<\/tr>\n<tr>\n<td>Rango de temperatura<\/td>\n<td><\/td>\n<td>&#8211; 20 \u00b0C<\/td>\n<td><\/td>\n<td>60 \u00b0C<\/td>\n<\/tr>\n<tr>\n<td>Grado de protecci\u00f3n<\/td>\n<td>IP 67<\/td>\n<td><\/td>\n<td><\/td>\n<td><\/td>\n<\/tr>\n<tr>\n<td>Material de la carcasa<\/td>\n<td>PC<\/td>\n<td><\/td>\n<td><\/td>\n<td><\/td>\n<\/tr>\n<tr>\n<td>Dimensiones<\/td>\n<td>56 x 46 x 22 mm<\/td>\n<td><\/td>\n<td><\/td>\n<td><\/td>\n<\/tr>\n<\/tbody>\n<\/table>\n<p>&nbsp;<\/p>\n<hr class=\"system-pagebreak\" title=\"Datos t\u00e9cnicos\" \/>\n<table class=\"rls-table\">\n<tbody>\n<tr>\n<td>Par\u00e1metro<\/td>\n<td>Valor<\/td>\n<td>m\u00edn.<\/td>\n<td>t\u00edp.<\/td>\n<td>m\u00e1x.<\/td>\n<\/tr>\n<tr>\n<td>Alcance de detecci\u00f3n<\/td>\n<td><\/td>\n<td>0,5 m<\/td>\n<td><\/td>\n<td>5,0 m<\/td>\n<\/tr>\n<tr>\n<td>\u00c1ngulo del haz, horizontal<\/td>\n<td><\/td>\n<td><\/td>\n<td>80 \u00b0<\/td>\n<td><\/td>\n<\/tr>\n<tr>\n<td>\u00c1ngulo del haz, vertical<\/td>\n<td><\/td>\n<td><\/td>\n<td>32 \u00b0<\/td>\n<td><\/td>\n<\/tr>\n<tr>\n<td>Frecuencia<\/td>\n<td><\/td>\n<td><\/td>\n<td>24 GHz<\/td>\n<td><\/td>\n<\/tr>\n<tr>\n<td>Potencia de transmisi\u00f3n<\/td>\n<td><\/td>\n<td><\/td>\n<td><\/td>\n<td>15 dBm EIRP<\/td>\n<\/tr>\n<tr>\n<td>Salida de se\u00f1al<\/td>\n<td>activo bajo \/ optoacoplador, conectable en cascada<\/td>\n<td><\/td>\n<td><\/td>\n<td><\/td>\n<\/tr>\n<tr>\n<td>Cable de conexi\u00f3n<\/td>\n<td>5 m LIYY 4 x 0,25 m\u00b2<\/td>\n<td><\/td>\n<td><\/td>\n<td><\/td>\n<\/tr>\n<tr>\n<td>direcci\u00f3n<\/td>\n<td>aproximadamente<\/td>\n<td><\/td>\n<td><\/td>\n<td><\/td>\n<\/tr>\n<tr>\n<td>Alineaci\u00f3n de la antena<\/td>\n<td>0\u00b0<\/td>\n<td><\/td>\n<td><\/td>\n<td><\/td>\n<\/tr>\n<tr>\n<td>LED de estado<\/td>\n<td>Parte trasera<\/td>\n<td><\/td>\n<td><\/td>\n<td><\/td>\n<\/tr>\n<\/tbody>\n<\/table>\n<p>&nbsp;<\/p>\n<hr class=\"system-pagebreak\" title=\"Normas\" \/>\n<table class=\"rls-table\">\n<tbody>\n<tr>\n<td>Est\u00e1ndar<\/td>\n<\/tr>\n<tr>\n<td>ETSI EN300440-1 V1.3.1 (2001-09)<\/td>\n<\/tr>\n<tr>\n<td>ETSI EN300440-2 V1.1.1 (2001-09<\/td>\n<\/tr>\n<tr>\n<td>VDE 0848(08\/2000) Parte 1<\/td>\n<\/tr>\n<tr>\n<td>VDE 0848(01\/1991) Parte 2<\/td>\n<\/tr>\n<tr>\n<td>Directrices de la ICNIRP (04\/1998)<\/td>\n<\/tr>\n<tr>\n<td>EN50 081-1<\/td>\n<\/tr>\n<tr>\n<td>EN50 082-1<\/td>\n<\/tr>\n<\/tbody>\n<\/table>\n<p>&nbsp;<\/p>\n<hr class=\"system-pagebreak\" title=\"Asignaci\u00f3n de cables\" \/>\n<table class=\"rls-table\">\n<tbody>\n<tr>\n<td>Color<\/td>\n<td>Asignaci\u00f3n<\/td>\n<\/tr>\n<tr>\n<td>marr\u00f3n<\/td>\n<td>+ 24 V CC<\/td>\n<\/tr>\n<tr>\n<td>blanco<\/td>\n<td>GND<\/td>\n<\/tr>\n<tr>\n<td>verde<\/td>\n<td>Optoacoplador de salida &#8211;<\/td>\n<\/tr>\n<tr>\n<td>Amarillo<\/td>\n<td>Optoacoplador de salida +<\/td>\n<\/tr>\n<\/tbody>\n<\/table>\n","protected":false},"excerpt":{"rendered":"<p>El sensor de radar RMS-CV-Adj con sensibilidad ajustable se utiliza como detector de movimiento para objetos que se aproximan. Se puede montar directamente en la aplicaci\u00f3n. As\u00ed se puede ajustar con precisi\u00f3n la sensibilidad \u00f3ptima.<\/p>\n<p>Las caracter\u00edsticas especiales son:<\/p>\n<ul>\n<li>Ajuste sencillo de la sensibilidad en el lugar de uso<\/li>\n<li>Tiempo de conmutaci\u00f3n ajustable para la detecci\u00f3n de objetos<\/li>\n<li>Insensible a los movimientos laterales<\/li>\n<li>Selecci\u00f3n del rango de medici\u00f3n mediante montaje horizontal o vertical<\/li>\n<li>Amplio rango de tensi\u00f3n de entrada<\/li>\n<li>Bajo consumo de energ\u00eda<\/li>\n<li>Posibilidad de instalaci\u00f3n oculta<\/li>\n<li>Sin mantenimiento<\/li>\n<li>Montaje sencillo<\/li>\n<\/ul>\n<p>&nbsp;<\/p>\n<p>El sensor de radar RMS-CV-Adj se utiliza, en particular, en los siguientes \u00e1mbitos:<\/p>\n<ul>\n<li>Control de acceso<\/li>\n<li>Mando de la puerta<\/li>\n<li>Reconocimiento de personas y objetos<\/li>\n<li>Detecci\u00f3n de movimiento<\/li>\n<\/ul>\n<p>&nbsp;<\/p>\n","protected":false},"featured_media":0,"template":"","meta":{"_acf_changed":false},"product_brand":[],"product_cat":[1260],"product_tag":[],"class_list":{"0":"post-23318","1":"product","2":"type-product","3":"status-publish","5":"product_cat-sensores-de-radar-es","7":"first","8":"instock","9":"shipping-taxable","10":"purchasable","11":"product-type-simple"},"exclude_global_add_ons":[],"addons":[],"acf":[],"yoast_head":"<!-- This site is optimized with the Yoast SEO Premium plugin v27.3 (Yoast SEO v27.4) - https:\/\/yoast.com\/product\/yoast-seo-premium-wordpress\/ -->\n<title>Sensor radar RMS-CV-Adj - RLS Wacon analytics<\/title>\n<meta name=\"description\" content=\"El sensor de radar RMS-CV-Adj con sensibilidad ajustable se utiliza como detector de movimiento para objetos que se aproximan.\" \/>\n<meta name=\"robots\" content=\"index, follow, max-snippet:-1, max-image-preview:large, max-video-preview:-1\" \/>\n<link rel=\"canonical\" href=\"https:\/\/rls-wacon.de\/es\/produkt\/sensor-radar-rms-cv-adj\/\" \/>\n<meta property=\"og:locale\" content=\"es_ES\" \/>\n<meta property=\"og:type\" content=\"article\" \/>\n<meta property=\"og:title\" content=\"Sensor radar RMS-CV-Adj\" \/>\n<meta property=\"og:description\" content=\"El sensor de radar RMS-CV-Adj con sensibilidad ajustable se utiliza como detector de movimiento para objetos que se aproximan.\" \/>\n<meta property=\"og:url\" content=\"https:\/\/rls-wacon.de\/es\/produkt\/sensor-radar-rms-cv-adj\/\" \/>\n<meta property=\"og:site_name\" content=\"RLS Wacon analytics\" \/>\n<meta property=\"article:modified_time\" content=\"2026-02-16T19:57:56+00:00\" \/>\n<meta name=\"twitter:card\" content=\"summary_large_image\" \/>\n<meta name=\"twitter:label1\" content=\"Precio\" \/>\n\t<meta name=\"twitter:data1\" content=\"9.999,00&nbsp;&euro;\" \/>\n\t<meta name=\"twitter:label2\" content=\"Disponibilidad\" \/>\n\t<meta name=\"twitter:data2\" content=\"Disponible\" \/>\n<script type=\"application\/ld+json\" class=\"yoast-schema-graph\">{\"@context\":\"https:\\\/\\\/schema.org\",\"@graph\":[{\"@type\":\"WebPage\",\"@id\":\"https:\\\/\\\/rls-wacon.de\\\/es\\\/produkt\\\/sensor-radar-rms-cv-adj\\\/\",\"url\":\"https:\\\/\\\/rls-wacon.de\\\/es\\\/produkt\\\/sensor-radar-rms-cv-adj\\\/\",\"name\":\"Sensor radar RMS-CV-Adj - RLS Wacon analytics\",\"isPartOf\":{\"@id\":\"https:\\\/\\\/rls-wacon.de\\\/#website\"},\"datePublished\":\"2023-10-24T15:04:32+00:00\",\"dateModified\":\"2026-02-16T19:57:56+00:00\",\"description\":\"El sensor de radar RMS-CV-Adj con sensibilidad ajustable se utiliza como detector de movimiento para objetos que se aproximan.\",\"breadcrumb\":{\"@id\":\"https:\\\/\\\/rls-wacon.de\\\/es\\\/produkt\\\/sensor-radar-rms-cv-adj\\\/#breadcrumb\"},\"inLanguage\":\"es\",\"potentialAction\":[{\"@type\":\"ReadAction\",\"target\":[\"https:\\\/\\\/rls-wacon.de\\\/es\\\/produkt\\\/sensor-radar-rms-cv-adj\\\/\"]}]},{\"@type\":\"BreadcrumbList\",\"@id\":\"https:\\\/\\\/rls-wacon.de\\\/es\\\/produkt\\\/sensor-radar-rms-cv-adj\\\/#breadcrumb\",\"itemListElement\":[{\"@type\":\"ListItem\",\"position\":1,\"name\":\"Startseite\",\"item\":\"https:\\\/\\\/rls-wacon.de\\\/pt-br\\\/\"},{\"@type\":\"ListItem\",\"position\":2,\"name\":\"Productos\",\"item\":\"https:\\\/\\\/rls-wacon.de\\\/shop\\\/\"},{\"@type\":\"ListItem\",\"position\":3,\"name\":\"Sensor radar RMS-CV-Adj\"}]},{\"@type\":\"WebSite\",\"@id\":\"https:\\\/\\\/rls-wacon.de\\\/#website\",\"url\":\"https:\\\/\\\/rls-wacon.de\\\/\",\"name\":\"RLS Wacon analytics GmbH\",\"description\":\"Experts for water monitoring\",\"publisher\":{\"@id\":\"https:\\\/\\\/rls-wacon.de\\\/#organization\"},\"potentialAction\":[{\"@type\":\"SearchAction\",\"target\":{\"@type\":\"EntryPoint\",\"urlTemplate\":\"https:\\\/\\\/rls-wacon.de\\\/?s={search_term_string}\"},\"query-input\":{\"@type\":\"PropertyValueSpecification\",\"valueRequired\":true,\"valueName\":\"search_term_string\"}}],\"inLanguage\":\"es\"},{\"@type\":\"Organization\",\"@id\":\"https:\\\/\\\/rls-wacon.de\\\/#organization\",\"name\":\"RLS Wacon analytics GmbH\",\"url\":\"https:\\\/\\\/rls-wacon.de\\\/\",\"logo\":{\"@type\":\"ImageObject\",\"inLanguage\":\"es\",\"@id\":\"https:\\\/\\\/rls-wacon.de\\\/#\\\/schema\\\/logo\\\/image\\\/\",\"url\":\"https:\\\/\\\/rls-wacon.de\\\/wp-content\\\/uploads\\\/2022\\\/10\\\/RLSWacon-analytics-Logo-BR-RZ-9_17-768x1591.png\",\"contentUrl\":\"https:\\\/\\\/rls-wacon.de\\\/wp-content\\\/uploads\\\/2022\\\/10\\\/RLSWacon-analytics-Logo-BR-RZ-9_17-768x1591.png\",\"width\":768,\"height\":159,\"caption\":\"RLS Wacon analytics GmbH\"},\"image\":{\"@id\":\"https:\\\/\\\/rls-wacon.de\\\/#\\\/schema\\\/logo\\\/image\\\/\"}}]}<\/script>\n<meta property=\"product:price:amount\" content=\"9999.00\" \/>\n<meta property=\"product:price:currency\" content=\"EUR\" \/>\n<meta property=\"og:availability\" content=\"instock\" \/>\n<meta property=\"product:availability\" content=\"instock\" \/>\n<meta property=\"product:condition\" content=\"new\" \/>\n<!-- \/ Yoast SEO Premium plugin. -->","yoast_head_json":{"title":"Sensor radar RMS-CV-Adj - RLS Wacon analytics","description":"El sensor de radar RMS-CV-Adj con sensibilidad ajustable se utiliza como detector de movimiento para objetos que se aproximan.","robots":{"index":"index","follow":"follow","max-snippet":"max-snippet:-1","max-image-preview":"max-image-preview:large","max-video-preview":"max-video-preview:-1"},"canonical":"https:\/\/rls-wacon.de\/es\/produkt\/sensor-radar-rms-cv-adj\/","og_locale":"es_ES","og_type":"article","og_title":"Sensor radar RMS-CV-Adj","og_description":"El sensor de radar RMS-CV-Adj con sensibilidad ajustable se utiliza como detector de movimiento para objetos que se aproximan.","og_url":"https:\/\/rls-wacon.de\/es\/produkt\/sensor-radar-rms-cv-adj\/","og_site_name":"RLS Wacon analytics","article_modified_time":"2026-02-16T19:57:56+00:00","twitter_card":"summary_large_image","twitter_misc":{"Precio":"9.999,00&nbsp;&euro;","Disponibilidad":"Disponible"},"schema":{"@context":"https:\/\/schema.org","@graph":[{"@type":"WebPage","@id":"https:\/\/rls-wacon.de\/es\/produkt\/sensor-radar-rms-cv-adj\/","url":"https:\/\/rls-wacon.de\/es\/produkt\/sensor-radar-rms-cv-adj\/","name":"Sensor radar RMS-CV-Adj - RLS Wacon analytics","isPartOf":{"@id":"https:\/\/rls-wacon.de\/#website"},"datePublished":"2023-10-24T15:04:32+00:00","dateModified":"2026-02-16T19:57:56+00:00","description":"El sensor de radar RMS-CV-Adj con sensibilidad ajustable se utiliza como detector de movimiento para objetos que se aproximan.","breadcrumb":{"@id":"https:\/\/rls-wacon.de\/es\/produkt\/sensor-radar-rms-cv-adj\/#breadcrumb"},"inLanguage":"es","potentialAction":[{"@type":"ReadAction","target":["https:\/\/rls-wacon.de\/es\/produkt\/sensor-radar-rms-cv-adj\/"]}]},{"@type":"BreadcrumbList","@id":"https:\/\/rls-wacon.de\/es\/produkt\/sensor-radar-rms-cv-adj\/#breadcrumb","itemListElement":[{"@type":"ListItem","position":1,"name":"Startseite","item":"https:\/\/rls-wacon.de\/pt-br\/"},{"@type":"ListItem","position":2,"name":"Productos","item":"https:\/\/rls-wacon.de\/shop\/"},{"@type":"ListItem","position":3,"name":"Sensor radar RMS-CV-Adj"}]},{"@type":"WebSite","@id":"https:\/\/rls-wacon.de\/#website","url":"https:\/\/rls-wacon.de\/","name":"RLS Wacon analytics GmbH","description":"Experts for water monitoring","publisher":{"@id":"https:\/\/rls-wacon.de\/#organization"},"potentialAction":[{"@type":"SearchAction","target":{"@type":"EntryPoint","urlTemplate":"https:\/\/rls-wacon.de\/?s={search_term_string}"},"query-input":{"@type":"PropertyValueSpecification","valueRequired":true,"valueName":"search_term_string"}}],"inLanguage":"es"},{"@type":"Organization","@id":"https:\/\/rls-wacon.de\/#organization","name":"RLS Wacon analytics GmbH","url":"https:\/\/rls-wacon.de\/","logo":{"@type":"ImageObject","inLanguage":"es","@id":"https:\/\/rls-wacon.de\/#\/schema\/logo\/image\/","url":"https:\/\/rls-wacon.de\/wp-content\/uploads\/2022\/10\/RLSWacon-analytics-Logo-BR-RZ-9_17-768x1591.png","contentUrl":"https:\/\/rls-wacon.de\/wp-content\/uploads\/2022\/10\/RLSWacon-analytics-Logo-BR-RZ-9_17-768x1591.png","width":768,"height":159,"caption":"RLS Wacon analytics GmbH"},"image":{"@id":"https:\/\/rls-wacon.de\/#\/schema\/logo\/image\/"}}]},"product_price_amount":"9999.00","product_price_currency":"EUR","og_availability":"instock","product_availability":"instock","product_condition":"new"},"_links":{"self":[{"href":"https:\/\/rls-wacon.de\/es\/wp-json\/wp\/v2\/product\/23318","targetHints":{"allow":["GET"]}}],"collection":[{"href":"https:\/\/rls-wacon.de\/es\/wp-json\/wp\/v2\/product"}],"about":[{"href":"https:\/\/rls-wacon.de\/es\/wp-json\/wp\/v2\/types\/product"}],"version-history":[{"count":1,"href":"https:\/\/rls-wacon.de\/es\/wp-json\/wp\/v2\/product\/23318\/revisions"}],"predecessor-version":[{"id":28790,"href":"https:\/\/rls-wacon.de\/es\/wp-json\/wp\/v2\/product\/23318\/revisions\/28790"}],"wp:attachment":[{"href":"https:\/\/rls-wacon.de\/es\/wp-json\/wp\/v2\/media?parent=23318"}],"wp:term":[{"taxonomy":"product_brand","embeddable":true,"href":"https:\/\/rls-wacon.de\/es\/wp-json\/wp\/v2\/product_brand?post=23318"},{"taxonomy":"product_cat","embeddable":true,"href":"https:\/\/rls-wacon.de\/es\/wp-json\/wp\/v2\/product_cat?post=23318"},{"taxonomy":"product_tag","embeddable":true,"href":"https:\/\/rls-wacon.de\/es\/wp-json\/wp\/v2\/product_tag?post=23318"}],"curies":[{"name":"wp","href":"https:\/\/api.w.org\/{rel}","templated":true}]}}