{"id":23329,"date":"2023-10-24T15:04:34","date_gmt":"2023-10-24T15:04:34","guid":{"rendered":"https:\/\/rls-wacon.de\/produkt\/iluminacion-de-huecos-escalonados-sl800\/"},"modified":"2026-02-16T21:02:08","modified_gmt":"2026-02-16T20:02:08","slug":"iluminacion-de-huecos-escalonados-sl800","status":"publish","type":"product","link":"https:\/\/rls-wacon.de\/es\/produkt\/iluminacion-de-huecos-escalonados-sl800\/","title":{"rendered":"Iluminaci\u00f3n de huecos escalonados SL800"},"content":{"rendered":"<hr class=\"system-pagebreak\" title=\"Especificaciones\" \/>\n<p>&nbsp;<\/p>\n<table class=\"rls-table\">\n<tbody>\n<tr>\n<td>Par\u00e1metro<\/td>\n<td>Valor<\/td>\n<\/tr>\n<tr>\n<td>Tensi\u00f3n de funcionamiento<\/td>\n<td>24 V CC +\/- 5<\/td>\n<\/tr>\n<tr>\n<td>Consumo de energ\u00eda<\/td>\n<td>10 VA (m\u00e1x. 11 VA)<\/td>\n<\/tr>\n<tr>\n<td>Temperatura ambiente<\/td>\n<td>de -20 \u00b0C a 60 \u00b0C<\/td>\n<\/tr>\n<tr>\n<td>Grado de protecci\u00f3n<\/td>\n<td>IP 67<\/td>\n<\/tr>\n<tr>\n<td>Dimensiones<\/td>\n<td>850 x 30 x 33 mm<\/td>\n<\/tr>\n<tr>\n<td>Peso<\/td>\n<td>aprox. 0,2 kg<\/td>\n<\/tr>\n<tr>\n<td>Conexi\u00f3n<\/td>\n<td>SL800: 2&#215;0,5mm\u00b2, longitud 100cm<\/p>\n<p>SL800-RG, SLX: 3&#215;0,5mm\u00b2, longitud 100cm<\/p>\n<p>SL800-RGB: 4&#215;0,5mm\u00b2, longitud 100cm<\/td>\n<\/tr>\n<\/tbody>\n<\/table>\n<p>SL800:<\/p>\n<table class=\"rls-table\">\n<tbody>\n<tr>\n<td>Color<\/td>\n<td>Asignaci\u00f3n<\/td>\n<\/tr>\n<tr>\n<td>rojo (cable 1)<\/td>\n<td>Vcc (24 V CC)<\/td>\n<\/tr>\n<tr>\n<td>blanco (cable 2)<\/td>\n<td>GND<\/td>\n<\/tr>\n<\/tbody>\n<\/table>\n","protected":false},"excerpt":{"rendered":"<p>La iluminaci\u00f3n de huecos de pelda\u00f1os SL800 se instala debajo de los pelda\u00f1os en la zona de entrada y salida de la escalera mec\u00e1nica y se utiliza para iluminar el hueco de los pelda\u00f1os en la zona del peine. Durante el movimiento continuo de los pelda\u00f1os, se genera un efecto intermitente que atrae la atenci\u00f3n del usuario hacia la escalera mec\u00e1nica.<\/p>\n<p>Las caracter\u00edsticas especiales son:<\/p>\n<ul>\n<li>48 LED SMD superbrillantes (72 LED SL800-RGB, 96 LED SLX800-RG)<\/li>\n<li>Bajo consumo de energ\u00eda<\/li>\n<li>Iluminaci\u00f3n muy brillante y homog\u00e9nea<\/li>\n<li>Robusto y duradero<\/li>\n<\/ul>\n<p>La iluminaci\u00f3n de huecos de pelda\u00f1os SL800 se utiliza en escaleras mec\u00e1nicas.<\/p>\n<p><img decoding=\"async\" class=\"alignnone size-medium wp-image-18996\" src=\"https:\/\/rls-wacon.de\/wp-content\/uploads\/2023\/10\/SL800-300x12.jpg\" alt=\"\" width=\"300\" height=\"12\" srcset=\"https:\/\/rls-wacon.de\/wp-content\/uploads\/2023\/10\/SL800-300x12.jpg 300w, https:\/\/rls-wacon.de\/wp-content\/uploads\/2023\/10\/SL800-1024x40.jpg 1024w, https:\/\/rls-wacon.de\/wp-content\/uploads\/2023\/10\/SL800-768x30.jpg 768w, https:\/\/rls-wacon.de\/wp-content\/uploads\/2023\/10\/SL800-1536x59.jpg 1536w, https:\/\/rls-wacon.de\/wp-content\/uploads\/2023\/10\/SL800-2048x79.jpg 2048w, https:\/\/rls-wacon.de\/wp-content\/uploads\/2023\/10\/SL800-600x23.jpg 600w\" sizes=\"(max-width: 300px) 100vw, 300px\" \/><\/p>\n<p>&nbsp;<\/p>\n","protected":false},"featured_media":19006,"template":"","meta":{"_acf_changed":false},"product_brand":[],"product_cat":[451],"product_tag":[],"class_list":{"0":"post-23329","1":"product","2":"type-product","3":"status-publish","4":"has-post-thumbnail","6":"product_cat-stufenspaltbeleuchtungen","8":"first","9":"instock","10":"shipping-taxable","11":"purchasable","12":"product-type-variable"},"exclude_global_add_ons":[],"addons":[],"acf":[],"yoast_head":"<!-- This site is optimized with the Yoast SEO Premium plugin v27.3 (Yoast SEO v27.4) - https:\/\/yoast.com\/product\/yoast-seo-premium-wordpress\/ -->\n<title>Iluminaci\u00f3n de huecos escalonados SL800 - RLS Wacon analytics<\/title>\n<meta name=\"description\" content=\"La iluminaci\u00f3n de huecos de pelda\u00f1os SL800 se instala debajo de los pelda\u00f1os en la zona de entrada y salida de la escalera mec\u00e1nica y se utiliza para\u2026\" \/>\n<meta name=\"robots\" content=\"index, follow, max-snippet:-1, max-image-preview:large, max-video-preview:-1\" \/>\n<link rel=\"canonical\" href=\"https:\/\/rls-wacon.de\/es\/produkt\/iluminacion-de-huecos-escalonados-sl800\/\" \/>\n<meta property=\"og:locale\" content=\"es_ES\" \/>\n<meta property=\"og:type\" content=\"article\" \/>\n<meta property=\"og:title\" content=\"Iluminaci\u00f3n de huecos escalonados SL800\" \/>\n<meta property=\"og:description\" content=\"La iluminaci\u00f3n de huecos de pelda\u00f1os SL800 se instala debajo de los pelda\u00f1os en la zona de entrada y salida de la escalera mec\u00e1nica y se utiliza para\u2026\" \/>\n<meta property=\"og:url\" content=\"https:\/\/rls-wacon.de\/es\/produkt\/iluminacion-de-huecos-escalonados-sl800\/\" \/>\n<meta property=\"og:site_name\" content=\"RLS Wacon analytics\" \/>\n<meta property=\"article:modified_time\" content=\"2026-02-16T20:02:08+00:00\" \/>\n<meta property=\"og:image\" content=\"https:\/\/rls-wacon.de\/wp-content\/uploads\/2023\/10\/SL800-R-Anwendung.jpg\" \/>\n\t<meta property=\"og:image:width\" content=\"1417\" \/>\n\t<meta property=\"og:image:height\" content=\"901\" \/>\n\t<meta property=\"og:image:type\" content=\"image\/jpeg\" \/>\n<meta name=\"twitter:card\" content=\"summary_large_image\" \/>\n<meta name=\"twitter:label1\" content=\"Disponibilidad\" \/>\n\t<meta name=\"twitter:data1\" content=\"Disponible\" \/>\n<script type=\"application\/ld+json\" class=\"yoast-schema-graph\">{\"@context\":\"https:\\\/\\\/schema.org\",\"@graph\":[{\"@type\":\"WebPage\",\"@id\":\"https:\\\/\\\/rls-wacon.de\\\/es\\\/produkt\\\/iluminacion-de-huecos-escalonados-sl800\\\/\",\"url\":\"https:\\\/\\\/rls-wacon.de\\\/es\\\/produkt\\\/iluminacion-de-huecos-escalonados-sl800\\\/\",\"name\":\"Iluminaci\u00f3n de huecos escalonados SL800 - RLS Wacon analytics\",\"isPartOf\":{\"@id\":\"https:\\\/\\\/rls-wacon.de\\\/#website\"},\"primaryImageOfPage\":{\"@id\":\"https:\\\/\\\/rls-wacon.de\\\/es\\\/produkt\\\/iluminacion-de-huecos-escalonados-sl800\\\/#primaryimage\"},\"image\":{\"@id\":\"https:\\\/\\\/rls-wacon.de\\\/es\\\/produkt\\\/iluminacion-de-huecos-escalonados-sl800\\\/#primaryimage\"},\"thumbnailUrl\":\"https:\\\/\\\/rls-wacon.de\\\/wp-content\\\/uploads\\\/2023\\\/10\\\/SL800-R-Anwendung.jpg\",\"datePublished\":\"2023-10-24T15:04:34+00:00\",\"dateModified\":\"2026-02-16T20:02:08+00:00\",\"description\":\"La iluminaci\u00f3n de huecos de pelda\u00f1os SL800 se instala debajo de los pelda\u00f1os en la zona de entrada y salida de la escalera mec\u00e1nica y se utiliza para\u2026\",\"breadcrumb\":{\"@id\":\"https:\\\/\\\/rls-wacon.de\\\/es\\\/produkt\\\/iluminacion-de-huecos-escalonados-sl800\\\/#breadcrumb\"},\"inLanguage\":\"es\",\"potentialAction\":[{\"@type\":\"ReadAction\",\"target\":[\"https:\\\/\\\/rls-wacon.de\\\/es\\\/produkt\\\/iluminacion-de-huecos-escalonados-sl800\\\/\"]}]},{\"@type\":\"ImageObject\",\"inLanguage\":\"es\",\"@id\":\"https:\\\/\\\/rls-wacon.de\\\/es\\\/produkt\\\/iluminacion-de-huecos-escalonados-sl800\\\/#primaryimage\",\"url\":\"https:\\\/\\\/rls-wacon.de\\\/wp-content\\\/uploads\\\/2023\\\/10\\\/SL800-R-Anwendung.jpg\",\"contentUrl\":\"https:\\\/\\\/rls-wacon.de\\\/wp-content\\\/uploads\\\/2023\\\/10\\\/SL800-R-Anwendung.jpg\",\"width\":1417,\"height\":901},{\"@type\":\"BreadcrumbList\",\"@id\":\"https:\\\/\\\/rls-wacon.de\\\/es\\\/produkt\\\/iluminacion-de-huecos-escalonados-sl800\\\/#breadcrumb\",\"itemListElement\":[{\"@type\":\"ListItem\",\"position\":1,\"name\":\"Startseite\",\"item\":\"https:\\\/\\\/rls-wacon.de\\\/pt-br\\\/\"},{\"@type\":\"ListItem\",\"position\":2,\"name\":\"Productos\",\"item\":\"https:\\\/\\\/rls-wacon.de\\\/shop\\\/\"},{\"@type\":\"ListItem\",\"position\":3,\"name\":\"Iluminaci\u00f3n de huecos escalonados SL800\"}]},{\"@type\":\"WebSite\",\"@id\":\"https:\\\/\\\/rls-wacon.de\\\/#website\",\"url\":\"https:\\\/\\\/rls-wacon.de\\\/\",\"name\":\"RLS Wacon analytics GmbH\",\"description\":\"Experts for water monitoring\",\"publisher\":{\"@id\":\"https:\\\/\\\/rls-wacon.de\\\/#organization\"},\"potentialAction\":[{\"@type\":\"SearchAction\",\"target\":{\"@type\":\"EntryPoint\",\"urlTemplate\":\"https:\\\/\\\/rls-wacon.de\\\/?s={search_term_string}\"},\"query-input\":{\"@type\":\"PropertyValueSpecification\",\"valueRequired\":true,\"valueName\":\"search_term_string\"}}],\"inLanguage\":\"es\"},{\"@type\":\"Organization\",\"@id\":\"https:\\\/\\\/rls-wacon.de\\\/#organization\",\"name\":\"RLS Wacon analytics GmbH\",\"url\":\"https:\\\/\\\/rls-wacon.de\\\/\",\"logo\":{\"@type\":\"ImageObject\",\"inLanguage\":\"es\",\"@id\":\"https:\\\/\\\/rls-wacon.de\\\/#\\\/schema\\\/logo\\\/image\\\/\",\"url\":\"https:\\\/\\\/rls-wacon.de\\\/wp-content\\\/uploads\\\/2022\\\/10\\\/RLSWacon-analytics-Logo-BR-RZ-9_17-768x1591.png\",\"contentUrl\":\"https:\\\/\\\/rls-wacon.de\\\/wp-content\\\/uploads\\\/2022\\\/10\\\/RLSWacon-analytics-Logo-BR-RZ-9_17-768x1591.png\",\"width\":768,\"height\":159,\"caption\":\"RLS Wacon analytics GmbH\"},\"image\":{\"@id\":\"https:\\\/\\\/rls-wacon.de\\\/#\\\/schema\\\/logo\\\/image\\\/\"}}]}<\/script>\n<meta property=\"og:availability\" content=\"instock\" \/>\n<meta property=\"product:availability\" content=\"instock\" \/>\n<meta property=\"product:condition\" content=\"new\" \/>\n<!-- \/ Yoast SEO Premium plugin. -->","yoast_head_json":{"title":"Iluminaci\u00f3n de huecos escalonados SL800 - RLS Wacon analytics","description":"La iluminaci\u00f3n de huecos de pelda\u00f1os SL800 se instala debajo de los pelda\u00f1os en la zona de entrada y salida de la escalera mec\u00e1nica y se utiliza para\u2026","robots":{"index":"index","follow":"follow","max-snippet":"max-snippet:-1","max-image-preview":"max-image-preview:large","max-video-preview":"max-video-preview:-1"},"canonical":"https:\/\/rls-wacon.de\/es\/produkt\/iluminacion-de-huecos-escalonados-sl800\/","og_locale":"es_ES","og_type":"article","og_title":"Iluminaci\u00f3n de huecos escalonados SL800","og_description":"La iluminaci\u00f3n de huecos de pelda\u00f1os SL800 se instala debajo de los pelda\u00f1os en la zona de entrada y salida de la escalera mec\u00e1nica y se utiliza para\u2026","og_url":"https:\/\/rls-wacon.de\/es\/produkt\/iluminacion-de-huecos-escalonados-sl800\/","og_site_name":"RLS Wacon analytics","article_modified_time":"2026-02-16T20:02:08+00:00","og_image":[{"width":1417,"height":901,"url":"https:\/\/rls-wacon.de\/wp-content\/uploads\/2023\/10\/SL800-R-Anwendung.jpg","type":"image\/jpeg"}],"twitter_card":"summary_large_image","twitter_misc":{"Disponibilidad":"Disponible"},"schema":{"@context":"https:\/\/schema.org","@graph":[{"@type":"WebPage","@id":"https:\/\/rls-wacon.de\/es\/produkt\/iluminacion-de-huecos-escalonados-sl800\/","url":"https:\/\/rls-wacon.de\/es\/produkt\/iluminacion-de-huecos-escalonados-sl800\/","name":"Iluminaci\u00f3n de huecos escalonados SL800 - RLS Wacon analytics","isPartOf":{"@id":"https:\/\/rls-wacon.de\/#website"},"primaryImageOfPage":{"@id":"https:\/\/rls-wacon.de\/es\/produkt\/iluminacion-de-huecos-escalonados-sl800\/#primaryimage"},"image":{"@id":"https:\/\/rls-wacon.de\/es\/produkt\/iluminacion-de-huecos-escalonados-sl800\/#primaryimage"},"thumbnailUrl":"https:\/\/rls-wacon.de\/wp-content\/uploads\/2023\/10\/SL800-R-Anwendung.jpg","datePublished":"2023-10-24T15:04:34+00:00","dateModified":"2026-02-16T20:02:08+00:00","description":"La iluminaci\u00f3n de huecos de pelda\u00f1os SL800 se instala debajo de los pelda\u00f1os en la zona de entrada y salida de la escalera mec\u00e1nica y se utiliza para\u2026","breadcrumb":{"@id":"https:\/\/rls-wacon.de\/es\/produkt\/iluminacion-de-huecos-escalonados-sl800\/#breadcrumb"},"inLanguage":"es","potentialAction":[{"@type":"ReadAction","target":["https:\/\/rls-wacon.de\/es\/produkt\/iluminacion-de-huecos-escalonados-sl800\/"]}]},{"@type":"ImageObject","inLanguage":"es","@id":"https:\/\/rls-wacon.de\/es\/produkt\/iluminacion-de-huecos-escalonados-sl800\/#primaryimage","url":"https:\/\/rls-wacon.de\/wp-content\/uploads\/2023\/10\/SL800-R-Anwendung.jpg","contentUrl":"https:\/\/rls-wacon.de\/wp-content\/uploads\/2023\/10\/SL800-R-Anwendung.jpg","width":1417,"height":901},{"@type":"BreadcrumbList","@id":"https:\/\/rls-wacon.de\/es\/produkt\/iluminacion-de-huecos-escalonados-sl800\/#breadcrumb","itemListElement":[{"@type":"ListItem","position":1,"name":"Startseite","item":"https:\/\/rls-wacon.de\/pt-br\/"},{"@type":"ListItem","position":2,"name":"Productos","item":"https:\/\/rls-wacon.de\/shop\/"},{"@type":"ListItem","position":3,"name":"Iluminaci\u00f3n de huecos escalonados SL800"}]},{"@type":"WebSite","@id":"https:\/\/rls-wacon.de\/#website","url":"https:\/\/rls-wacon.de\/","name":"RLS Wacon analytics GmbH","description":"Experts for water monitoring","publisher":{"@id":"https:\/\/rls-wacon.de\/#organization"},"potentialAction":[{"@type":"SearchAction","target":{"@type":"EntryPoint","urlTemplate":"https:\/\/rls-wacon.de\/?s={search_term_string}"},"query-input":{"@type":"PropertyValueSpecification","valueRequired":true,"valueName":"search_term_string"}}],"inLanguage":"es"},{"@type":"Organization","@id":"https:\/\/rls-wacon.de\/#organization","name":"RLS Wacon analytics GmbH","url":"https:\/\/rls-wacon.de\/","logo":{"@type":"ImageObject","inLanguage":"es","@id":"https:\/\/rls-wacon.de\/#\/schema\/logo\/image\/","url":"https:\/\/rls-wacon.de\/wp-content\/uploads\/2022\/10\/RLSWacon-analytics-Logo-BR-RZ-9_17-768x1591.png","contentUrl":"https:\/\/rls-wacon.de\/wp-content\/uploads\/2022\/10\/RLSWacon-analytics-Logo-BR-RZ-9_17-768x1591.png","width":768,"height":159,"caption":"RLS Wacon analytics GmbH"},"image":{"@id":"https:\/\/rls-wacon.de\/#\/schema\/logo\/image\/"}}]},"og_availability":"instock","product_availability":"instock","product_condition":"new"},"_links":{"self":[{"href":"https:\/\/rls-wacon.de\/es\/wp-json\/wp\/v2\/product\/23329","targetHints":{"allow":["GET"]}}],"collection":[{"href":"https:\/\/rls-wacon.de\/es\/wp-json\/wp\/v2\/product"}],"about":[{"href":"https:\/\/rls-wacon.de\/es\/wp-json\/wp\/v2\/types\/product"}],"version-history":[{"count":1,"href":"https:\/\/rls-wacon.de\/es\/wp-json\/wp\/v2\/product\/23329\/revisions"}],"predecessor-version":[{"id":28797,"href":"https:\/\/rls-wacon.de\/es\/wp-json\/wp\/v2\/product\/23329\/revisions\/28797"}],"wp:featuredmedia":[{"embeddable":true,"href":"https:\/\/rls-wacon.de\/es\/wp-json\/wp\/v2\/media\/19006"}],"wp:attachment":[{"href":"https:\/\/rls-wacon.de\/es\/wp-json\/wp\/v2\/media?parent=23329"}],"wp:term":[{"taxonomy":"product_brand","embeddable":true,"href":"https:\/\/rls-wacon.de\/es\/wp-json\/wp\/v2\/product_brand?post=23329"},{"taxonomy":"product_cat","embeddable":true,"href":"https:\/\/rls-wacon.de\/es\/wp-json\/wp\/v2\/product_cat?post=23329"},{"taxonomy":"product_tag","embeddable":true,"href":"https:\/\/rls-wacon.de\/es\/wp-json\/wp\/v2\/product_tag?post=23329"}],"curies":[{"name":"wp","href":"https:\/\/api.w.org\/{rel}","templated":true}]}}