{"id":23373,"date":"2023-10-24T15:04:34","date_gmt":"2023-10-24T13:04:34","guid":{"rendered":"https:\/\/rls-wacon.de\/produkt\/iluminacion-de-huecos-escalonados-sl800-2\/"},"modified":"2023-10-24T15:04:34","modified_gmt":"2023-10-24T13:04:34","slug":"iluminacion-de-huecos-escalonados-sl800-2","status":"publish","type":"product","link":"https:\/\/rls-wacon.de\/es\/produkt\/iluminacion-de-huecos-escalonados-sl800-2\/","title":{"rendered":"Iluminaci\u00f3n de huecos escalonados SL800"},"content":{"rendered":"<hr class=\"system-pagebreak\" title=\"Especificaciones\">\n<table class=\"rls-table\">\n<tbody>\n<tr>\n<td>Par\u00e1metros<\/td>\n<td>Valor<\/td>\n<\/tr>\n<tr>\n<td>Tensi\u00f3n de funcionamiento<\/td>\n<td>24 V CC +\/- 5<\/td>\n<\/tr>\n<tr>\n<td>Consumo de energ\u00eda<\/td>\n<td>10 VA (m\u00e1x. 11 VA)<\/td>\n<\/tr>\n<tr>\n<td>Temperatura ambiente<\/td>\n<td>de -20 \u00b0C a 60 \u00b0C<\/td>\n<\/tr>\n<tr>\n<td>Grado de protecci\u00f3n<\/td>\n<td>IP 67<\/td>\n<\/tr>\n<tr>\n<td>Dimensiones<\/td>\n<td>850 x 30 x 33 mm<\/td>\n<\/tr>\n<tr>\n<td>Peso<\/td>\n<td>aprox. 0,2 kg <\/td>\n<\/tr>\n<\/tbody>\n<\/table>\n<p>&nbsp;<\/p>\n<table class=\"rls-table\">\n<tbody>\n<tr>\n<td>Color<\/td>\n<td>Ocupaci\u00f3n<\/td>\n<\/tr>\n<tr>\n<td>rojo (cable 1)<\/td>\n<td>Vcc (24 V CC)<\/td>\n<\/tr>\n<tr>\n<td>blanco (cable 2)<\/td>\n<td>GND<\/td>\n<\/tr>\n<\/tbody>\n<\/table>\n","protected":false},"excerpt":{"rendered":"<p>La iluminaci\u00f3n del hueco entre escalones SL800-Y se instala debajo de los escalones en la zona de entrada y salida de la escalera mec\u00e1nica y se utiliza para iluminar el hueco entre escalones en la zona del peine. Durante el movimiento continuo de los pelda\u00f1os, se genera un efecto intermitente que atrae la atenci\u00f3n del usuario hacia la escalera mec\u00e1nica. <\/p>\n<p>Las caracter\u00edsticas especiales son:<\/p>\n<ul>\n<li>48 LED SMD superbrillantes<\/li>\n<li>Bajo consumo de energ\u00eda<\/li>\n<li>Iluminaci\u00f3n muy brillante y homog\u00e9nea<\/li>\n<li>Robusto y duradero<\/li>\n<\/ul>\n<p>&nbsp;<\/p>\n<p>La iluminaci\u00f3n de huecos de pelda\u00f1os SL800-Y se utiliza en escaleras mec\u00e1nicas.<\/p>\n<p>&nbsp;<\/p>\n","protected":false},"featured_media":0,"template":"","meta":{"_acf_changed":false},"product_brand":[],"product_cat":[15],"product_tag":[],"class_list":{"0":"post-23373","1":"product","2":"type-product","3":"status-publish","5":"product_cat-uncategorized","7":"first","8":"instock","9":"shipping-taxable","10":"purchasable","11":"product-type-simple"},"exclude_global_add_ons":[],"addons":[],"acf":[],"yoast_head":"<!-- This site is optimized with the Yoast SEO Premium plugin v27.3 (Yoast SEO v27.4) - https:\/\/yoast.com\/product\/yoast-seo-premium-wordpress\/ -->\n<title>Iluminaci\u00f3n de huecos escalonados SL800 - RLS Wacon analytics<\/title>\n<meta name=\"robots\" content=\"index, follow, max-snippet:-1, max-image-preview:large, max-video-preview:-1\" \/>\n<link rel=\"canonical\" href=\"https:\/\/rls-wacon.de\/produkt\/step-gap-lighting-sl800\/\" \/>\n<meta property=\"og:locale\" content=\"es_ES\" \/>\n<meta property=\"og:type\" content=\"article\" \/>\n<meta property=\"og:title\" content=\"Iluminaci\u00f3n de huecos escalonados SL800\" \/>\n<meta property=\"og:description\" content=\"La iluminaci\u00f3n del hueco entre escalones SL800-Y se instala debajo de los escalones en la zona de entrada y salida de la escalera mec\u00e1nica y se utiliza para iluminar el hueco entre escalones en la zona del peine. Durante el movimiento continuo de los pelda\u00f1os, se genera un efecto intermitente que atrae la atenci\u00f3n del usuario hacia la escalera mec\u00e1nica.  Las caracter\u00edsticas especiales son:  48 LED SMD superbrillantes  Bajo consumo de energ\u00eda  Iluminaci\u00f3n muy brillante y homog\u00e9nea  Robusto y duradero &nbsp; La iluminaci\u00f3n de huecos de pelda\u00f1os SL800-Y se utiliza en escaleras mec\u00e1nicas. &nbsp;\" \/>\n<meta property=\"og:url\" content=\"https:\/\/rls-wacon.de\/produkt\/step-gap-lighting-sl800\/\" \/>\n<meta property=\"og:site_name\" content=\"RLS Wacon analytics\" \/>\n<meta name=\"twitter:card\" content=\"summary_large_image\" \/>\n<meta name=\"twitter:label1\" content=\"Precio\" \/>\n\t<meta name=\"twitter:data1\" content=\"9.999,00&nbsp;&euro;\" \/>\n\t<meta name=\"twitter:label2\" content=\"Disponibilidad\" \/>\n\t<meta name=\"twitter:data2\" content=\"Disponible\" \/>\n<script type=\"application\/ld+json\" class=\"yoast-schema-graph\">{\"@context\":\"https:\\\/\\\/schema.org\",\"@graph\":[{\"@type\":\"WebPage\",\"@id\":\"https:\\\/\\\/rls-wacon.de\\\/produkt\\\/step-gap-lighting-sl800\\\/\",\"url\":\"https:\\\/\\\/rls-wacon.de\\\/produkt\\\/step-gap-lighting-sl800\\\/\",\"name\":\"Iluminaci\u00f3n de huecos escalonados SL800 - RLS Wacon analytics\",\"isPartOf\":{\"@id\":\"https:\\\/\\\/rls-wacon.de\\\/#website\"},\"datePublished\":\"2023-10-24T13:04:34+00:00\",\"breadcrumb\":{\"@id\":\"https:\\\/\\\/rls-wacon.de\\\/produkt\\\/step-gap-lighting-sl800\\\/#breadcrumb\"},\"inLanguage\":\"es\",\"potentialAction\":[{\"@type\":\"ReadAction\",\"target\":[\"https:\\\/\\\/rls-wacon.de\\\/produkt\\\/step-gap-lighting-sl800\\\/\"]}]},{\"@type\":\"BreadcrumbList\",\"@id\":\"https:\\\/\\\/rls-wacon.de\\\/produkt\\\/step-gap-lighting-sl800\\\/#breadcrumb\",\"itemListElement\":[{\"@type\":\"ListItem\",\"position\":1,\"name\":\"Startseite\",\"item\":\"https:\\\/\\\/rls-wacon.de\\\/pt-br\\\/\"},{\"@type\":\"ListItem\",\"position\":2,\"name\":\"Productos\",\"item\":\"https:\\\/\\\/rls-wacon.de\\\/shop\\\/\"},{\"@type\":\"ListItem\",\"position\":3,\"name\":\"Iluminaci\u00f3n de huecos escalonados SL800\"}]},{\"@type\":\"WebSite\",\"@id\":\"https:\\\/\\\/rls-wacon.de\\\/#website\",\"url\":\"https:\\\/\\\/rls-wacon.de\\\/\",\"name\":\"RLS Wacon analytics GmbH\",\"description\":\"Experts for water monitoring\",\"publisher\":{\"@id\":\"https:\\\/\\\/rls-wacon.de\\\/#organization\"},\"potentialAction\":[{\"@type\":\"SearchAction\",\"target\":{\"@type\":\"EntryPoint\",\"urlTemplate\":\"https:\\\/\\\/rls-wacon.de\\\/?s={search_term_string}\"},\"query-input\":{\"@type\":\"PropertyValueSpecification\",\"valueRequired\":true,\"valueName\":\"search_term_string\"}}],\"inLanguage\":\"es\"},{\"@type\":\"Organization\",\"@id\":\"https:\\\/\\\/rls-wacon.de\\\/#organization\",\"name\":\"RLS Wacon analytics GmbH\",\"url\":\"https:\\\/\\\/rls-wacon.de\\\/\",\"logo\":{\"@type\":\"ImageObject\",\"inLanguage\":\"es\",\"@id\":\"https:\\\/\\\/rls-wacon.de\\\/#\\\/schema\\\/logo\\\/image\\\/\",\"url\":\"https:\\\/\\\/rls-wacon.de\\\/wp-content\\\/uploads\\\/2022\\\/10\\\/RLSWacon-analytics-Logo-BR-RZ-9_17-768x1591.png\",\"contentUrl\":\"https:\\\/\\\/rls-wacon.de\\\/wp-content\\\/uploads\\\/2022\\\/10\\\/RLSWacon-analytics-Logo-BR-RZ-9_17-768x1591.png\",\"width\":768,\"height\":159,\"caption\":\"RLS Wacon analytics GmbH\"},\"image\":{\"@id\":\"https:\\\/\\\/rls-wacon.de\\\/#\\\/schema\\\/logo\\\/image\\\/\"}}]}<\/script>\n<meta property=\"product:price:amount\" content=\"9999.00\" \/>\n<meta property=\"product:price:currency\" content=\"EUR\" \/>\n<meta property=\"og:availability\" content=\"instock\" \/>\n<meta property=\"product:availability\" content=\"instock\" \/>\n<meta property=\"product:condition\" content=\"new\" \/>\n<!-- \/ Yoast SEO Premium plugin. -->","yoast_head_json":{"title":"Iluminaci\u00f3n de huecos escalonados SL800 - RLS Wacon analytics","robots":{"index":"index","follow":"follow","max-snippet":"max-snippet:-1","max-image-preview":"max-image-preview:large","max-video-preview":"max-video-preview:-1"},"canonical":"https:\/\/rls-wacon.de\/produkt\/step-gap-lighting-sl800\/","og_locale":"es_ES","og_type":"article","og_title":"Iluminaci\u00f3n de huecos escalonados SL800","og_description":"La iluminaci\u00f3n del hueco entre escalones SL800-Y se instala debajo de los escalones en la zona de entrada y salida de la escalera mec\u00e1nica y se utiliza para iluminar el hueco entre escalones en la zona del peine. Durante el movimiento continuo de los pelda\u00f1os, se genera un efecto intermitente que atrae la atenci\u00f3n del usuario hacia la escalera mec\u00e1nica.  Las caracter\u00edsticas especiales son:  48 LED SMD superbrillantes  Bajo consumo de energ\u00eda  Iluminaci\u00f3n muy brillante y homog\u00e9nea  Robusto y duradero &nbsp; La iluminaci\u00f3n de huecos de pelda\u00f1os SL800-Y se utiliza en escaleras mec\u00e1nicas. &nbsp;","og_url":"https:\/\/rls-wacon.de\/produkt\/step-gap-lighting-sl800\/","og_site_name":"RLS Wacon analytics","twitter_card":"summary_large_image","twitter_misc":{"Precio":"9.999,00&nbsp;&euro;","Disponibilidad":"Disponible"},"schema":{"@context":"https:\/\/schema.org","@graph":[{"@type":"WebPage","@id":"https:\/\/rls-wacon.de\/produkt\/step-gap-lighting-sl800\/","url":"https:\/\/rls-wacon.de\/produkt\/step-gap-lighting-sl800\/","name":"Iluminaci\u00f3n de huecos escalonados SL800 - RLS Wacon analytics","isPartOf":{"@id":"https:\/\/rls-wacon.de\/#website"},"datePublished":"2023-10-24T13:04:34+00:00","breadcrumb":{"@id":"https:\/\/rls-wacon.de\/produkt\/step-gap-lighting-sl800\/#breadcrumb"},"inLanguage":"es","potentialAction":[{"@type":"ReadAction","target":["https:\/\/rls-wacon.de\/produkt\/step-gap-lighting-sl800\/"]}]},{"@type":"BreadcrumbList","@id":"https:\/\/rls-wacon.de\/produkt\/step-gap-lighting-sl800\/#breadcrumb","itemListElement":[{"@type":"ListItem","position":1,"name":"Startseite","item":"https:\/\/rls-wacon.de\/pt-br\/"},{"@type":"ListItem","position":2,"name":"Productos","item":"https:\/\/rls-wacon.de\/shop\/"},{"@type":"ListItem","position":3,"name":"Iluminaci\u00f3n de huecos escalonados SL800"}]},{"@type":"WebSite","@id":"https:\/\/rls-wacon.de\/#website","url":"https:\/\/rls-wacon.de\/","name":"RLS Wacon analytics GmbH","description":"Experts for water monitoring","publisher":{"@id":"https:\/\/rls-wacon.de\/#organization"},"potentialAction":[{"@type":"SearchAction","target":{"@type":"EntryPoint","urlTemplate":"https:\/\/rls-wacon.de\/?s={search_term_string}"},"query-input":{"@type":"PropertyValueSpecification","valueRequired":true,"valueName":"search_term_string"}}],"inLanguage":"es"},{"@type":"Organization","@id":"https:\/\/rls-wacon.de\/#organization","name":"RLS Wacon analytics GmbH","url":"https:\/\/rls-wacon.de\/","logo":{"@type":"ImageObject","inLanguage":"es","@id":"https:\/\/rls-wacon.de\/#\/schema\/logo\/image\/","url":"https:\/\/rls-wacon.de\/wp-content\/uploads\/2022\/10\/RLSWacon-analytics-Logo-BR-RZ-9_17-768x1591.png","contentUrl":"https:\/\/rls-wacon.de\/wp-content\/uploads\/2022\/10\/RLSWacon-analytics-Logo-BR-RZ-9_17-768x1591.png","width":768,"height":159,"caption":"RLS Wacon analytics GmbH"},"image":{"@id":"https:\/\/rls-wacon.de\/#\/schema\/logo\/image\/"}}]},"product_price_amount":"9999.00","product_price_currency":"EUR","og_availability":"instock","product_availability":"instock","product_condition":"new"},"_links":{"self":[{"href":"https:\/\/rls-wacon.de\/es\/wp-json\/wp\/v2\/product\/23373","targetHints":{"allow":["GET"]}}],"collection":[{"href":"https:\/\/rls-wacon.de\/es\/wp-json\/wp\/v2\/product"}],"about":[{"href":"https:\/\/rls-wacon.de\/es\/wp-json\/wp\/v2\/types\/product"}],"version-history":[{"count":0,"href":"https:\/\/rls-wacon.de\/es\/wp-json\/wp\/v2\/product\/23373\/revisions"}],"wp:attachment":[{"href":"https:\/\/rls-wacon.de\/es\/wp-json\/wp\/v2\/media?parent=23373"}],"wp:term":[{"taxonomy":"product_brand","embeddable":true,"href":"https:\/\/rls-wacon.de\/es\/wp-json\/wp\/v2\/product_brand?post=23373"},{"taxonomy":"product_cat","embeddable":true,"href":"https:\/\/rls-wacon.de\/es\/wp-json\/wp\/v2\/product_cat?post=23373"},{"taxonomy":"product_tag","embeddable":true,"href":"https:\/\/rls-wacon.de\/es\/wp-json\/wp\/v2\/product_tag?post=23373"}],"curies":[{"name":"wp","href":"https:\/\/api.w.org\/{rel}","templated":true}]}}