{"id":23577,"date":"2023-03-11T21:12:59","date_gmt":"2023-03-11T21:12:59","guid":{"rendered":"https:\/\/rls-wacon.de\/produkt\/indicador-ca\/"},"modified":"2023-03-11T21:12:59","modified_gmt":"2023-03-11T20:12:59","slug":"indicador-ca","status":"publish","type":"product","link":"https:\/\/rls-wacon.de\/es\/produkt\/indicador-ca\/","title":{"rendered":"Indicador CA"},"content":{"rendered":"<hr title=\"\u00c1rea de an\u00e1lisis\" class=\"system-pagebreak\">\n<table class=\"wacon-table\" style=\"width: 240px; height: 105px;\">\n<tbody>\n<tr>\n<td>Rango de medici\u00f3n Sycon 3000 C<\/td>\n<td>Unidad de medida<\/td>\n<\/tr>\n<tr>\n<td>0,15 &#8230; 3,00<\/td>\n<td>\u00b0dH<\/td>\n<\/tr>\n<tr>\n<td>2,67 &#8230; 53,4<\/td>\n<td>ppm<\/td>\n<\/tr>\n<tr>\n<td>0,27 &#8230; 5,34<\/td>\n<td>\u00b0f<\/td>\n<\/tr>\n<tr>\n<td>0,19 &#8230; 3,76<\/td>\n<td>\u00b0e<\/td>\n<\/tr>\n<\/tbody>\n<\/table>\n<hr title=\"Analizadores compatibles\" class=\"system-pagebreak\">\n<table class=\"wacon-table\" style=\"width: 611px; height: 177px;\">\n<tbody>\n<tr>\n<td>Dispositivo<\/td>\n<td>Compatible<\/td>\n<td>Observaci\u00f3n<\/td>\n<\/tr>\n<tr>\n<td>Sycon 2500<\/td>\n<td>no<\/td>\n<td>Analizador descatalogado, sustituido por el analizador Sycon 2502<\/td>\n<\/tr>\n<tr>\n<td>Sycon 2501<\/td>\n<td>no<\/td>\n<td>Analizador descatalogado, sustituido por el analizador Sycon 2502<\/td>\n<\/tr>\n<tr>\n<td>Sycon 2502<\/td>\n<td>no<\/td>\n<td> <\/td>\n<\/tr>\n<tr>\n<td>Sycon 2800<\/td>\n<td>no<\/td>\n<td> <\/td>\n<\/tr>\n<tr>\n<td>Sycon 3000 C<\/td>\n<td>S\u00ed<\/td>\n<td> Analizador descatalogado, sustituido por el analizador Sycon 2800<\/td>\n<\/tr>\n<\/tbody>\n<\/table>\n<hr title=\"Datos t\u00e9cnicos\" class=\"system-pagebreak\">\n<table class=\"wacon-table\">\n<tbody>\n<tr>\n<td>Par\u00e1metros<\/td>\n<td>Valor \/ Rango<\/td>\n<\/tr>\n<tr>\n<td>Tiempo de conservaci\u00f3n<\/td>\n<td>24 meses<\/td>\n<\/tr>\n<tr>\n<td>Cantidad<\/td>\n<td>500 ml<\/td>\n<\/tr>\n<tr>\n<td>Botella<\/td>\n<td>cuadrado<\/td>\n<\/tr>\n<\/tbody>\n<\/table>\n","protected":false},"excerpt":{"rendered":"<p>El indicador CA 3 es un indicador para determinar la dureza de carbonatos que se utiliza en el analizador Sycon 3000 C.<\/p>\n<p>Como todos nuestros indicadores para nuestros propios analizadores, el CA 3 se caracteriza por lo siguiente<\/p>\n<ul>\n<li>Utilizaci\u00f3n de materias primas de alta calidad<\/li>\n<li>Producci\u00f3n seg\u00fan receta propia<\/li>\n<li>Caducidad 24 meses<\/li>\n<\/ul><\/p>\n","protected":false},"featured_media":0,"template":"","meta":{"_acf_changed":false},"product_brand":[],"product_cat":[15],"product_tag":[],"class_list":{"0":"post-23577","1":"product","2":"type-product","3":"status-publish","5":"product_cat-uncategorized","7":"first","8":"instock","9":"shipping-taxable","10":"purchasable","11":"product-type-variable"},"exclude_global_add_ons":[],"addons":[],"acf":[],"yoast_head":"<!-- This site is optimized with the Yoast SEO Premium plugin v27.3 (Yoast SEO v27.4) - https:\/\/yoast.com\/product\/yoast-seo-premium-wordpress\/ -->\n<title>Indicador CA - RLS Wacon analytics<\/title>\n<meta name=\"robots\" content=\"index, follow, max-snippet:-1, max-image-preview:large, max-video-preview:-1\" \/>\n<link rel=\"canonical\" href=\"https:\/\/rls-wacon.de\/produkt\/indikator-ca\/\" \/>\n<meta property=\"og:locale\" content=\"es_ES\" \/>\n<meta property=\"og:type\" content=\"article\" \/>\n<meta property=\"og:title\" content=\"Indicador CA\" \/>\n<meta property=\"og:description\" content=\"El indicador CA 3 es un indicador para determinar la dureza de carbonatos que se utiliza en el analizador Sycon 3000 C. Como todos nuestros indicadores para nuestros propios analizadores, el CA 3 se caracteriza por lo siguiente Utilizaci\u00f3n de materias primas de alta calidad Producci\u00f3n seg\u00fan receta propia Caducidad 24 meses\" \/>\n<meta property=\"og:url\" content=\"https:\/\/rls-wacon.de\/produkt\/indikator-ca\/\" \/>\n<meta property=\"og:site_name\" content=\"RLS Wacon analytics\" \/>\n<meta name=\"twitter:card\" content=\"summary_large_image\" \/>\n<meta name=\"twitter:label1\" content=\"Disponibilidad\" \/>\n\t<meta name=\"twitter:data1\" content=\"Disponible\" \/>\n<script type=\"application\/ld+json\" class=\"yoast-schema-graph\">{\"@context\":\"https:\\\/\\\/schema.org\",\"@graph\":[{\"@type\":\"WebPage\",\"@id\":\"https:\\\/\\\/rls-wacon.de\\\/produkt\\\/indikator-ca\\\/\",\"url\":\"https:\\\/\\\/rls-wacon.de\\\/produkt\\\/indikator-ca\\\/\",\"name\":\"Indicador CA - RLS Wacon analytics\",\"isPartOf\":{\"@id\":\"https:\\\/\\\/rls-wacon.de\\\/#website\"},\"datePublished\":\"2023-03-11T21:12:59+00:00\",\"breadcrumb\":{\"@id\":\"https:\\\/\\\/rls-wacon.de\\\/produkt\\\/indikator-ca\\\/#breadcrumb\"},\"inLanguage\":\"es\",\"potentialAction\":[{\"@type\":\"ReadAction\",\"target\":[\"https:\\\/\\\/rls-wacon.de\\\/produkt\\\/indikator-ca\\\/\"]}]},{\"@type\":\"BreadcrumbList\",\"@id\":\"https:\\\/\\\/rls-wacon.de\\\/produkt\\\/indikator-ca\\\/#breadcrumb\",\"itemListElement\":[{\"@type\":\"ListItem\",\"position\":1,\"name\":\"Startseite\",\"item\":\"https:\\\/\\\/rls-wacon.de\\\/pt-br\\\/\"},{\"@type\":\"ListItem\",\"position\":2,\"name\":\"Productos\",\"item\":\"https:\\\/\\\/rls-wacon.de\\\/shop\\\/\"},{\"@type\":\"ListItem\",\"position\":3,\"name\":\"Indicador CA\"}]},{\"@type\":\"WebSite\",\"@id\":\"https:\\\/\\\/rls-wacon.de\\\/#website\",\"url\":\"https:\\\/\\\/rls-wacon.de\\\/\",\"name\":\"RLS Wacon analytics GmbH\",\"description\":\"Experts for water monitoring\",\"publisher\":{\"@id\":\"https:\\\/\\\/rls-wacon.de\\\/#organization\"},\"potentialAction\":[{\"@type\":\"SearchAction\",\"target\":{\"@type\":\"EntryPoint\",\"urlTemplate\":\"https:\\\/\\\/rls-wacon.de\\\/?s={search_term_string}\"},\"query-input\":{\"@type\":\"PropertyValueSpecification\",\"valueRequired\":true,\"valueName\":\"search_term_string\"}}],\"inLanguage\":\"es\"},{\"@type\":\"Organization\",\"@id\":\"https:\\\/\\\/rls-wacon.de\\\/#organization\",\"name\":\"RLS Wacon analytics GmbH\",\"url\":\"https:\\\/\\\/rls-wacon.de\\\/\",\"logo\":{\"@type\":\"ImageObject\",\"inLanguage\":\"es\",\"@id\":\"https:\\\/\\\/rls-wacon.de\\\/#\\\/schema\\\/logo\\\/image\\\/\",\"url\":\"https:\\\/\\\/rls-wacon.de\\\/wp-content\\\/uploads\\\/2022\\\/10\\\/RLSWacon-analytics-Logo-BR-RZ-9_17-768x1591.png\",\"contentUrl\":\"https:\\\/\\\/rls-wacon.de\\\/wp-content\\\/uploads\\\/2022\\\/10\\\/RLSWacon-analytics-Logo-BR-RZ-9_17-768x1591.png\",\"width\":768,\"height\":159,\"caption\":\"RLS Wacon analytics GmbH\"},\"image\":{\"@id\":\"https:\\\/\\\/rls-wacon.de\\\/#\\\/schema\\\/logo\\\/image\\\/\"}}]}<\/script>\n<meta property=\"og:availability\" content=\"instock\" \/>\n<meta property=\"product:availability\" content=\"instock\" \/>\n<meta property=\"product:condition\" content=\"new\" \/>\n<!-- \/ Yoast SEO Premium plugin. -->","yoast_head_json":{"title":"Indicador CA - RLS Wacon analytics","robots":{"index":"index","follow":"follow","max-snippet":"max-snippet:-1","max-image-preview":"max-image-preview:large","max-video-preview":"max-video-preview:-1"},"canonical":"https:\/\/rls-wacon.de\/produkt\/indikator-ca\/","og_locale":"es_ES","og_type":"article","og_title":"Indicador CA","og_description":"El indicador CA 3 es un indicador para determinar la dureza de carbonatos que se utiliza en el analizador Sycon 3000 C. Como todos nuestros indicadores para nuestros propios analizadores, el CA 3 se caracteriza por lo siguiente Utilizaci\u00f3n de materias primas de alta calidad Producci\u00f3n seg\u00fan receta propia Caducidad 24 meses","og_url":"https:\/\/rls-wacon.de\/produkt\/indikator-ca\/","og_site_name":"RLS Wacon analytics","twitter_card":"summary_large_image","twitter_misc":{"Disponibilidad":"Disponible"},"schema":{"@context":"https:\/\/schema.org","@graph":[{"@type":"WebPage","@id":"https:\/\/rls-wacon.de\/produkt\/indikator-ca\/","url":"https:\/\/rls-wacon.de\/produkt\/indikator-ca\/","name":"Indicador CA - RLS Wacon analytics","isPartOf":{"@id":"https:\/\/rls-wacon.de\/#website"},"datePublished":"2023-03-11T21:12:59+00:00","breadcrumb":{"@id":"https:\/\/rls-wacon.de\/produkt\/indikator-ca\/#breadcrumb"},"inLanguage":"es","potentialAction":[{"@type":"ReadAction","target":["https:\/\/rls-wacon.de\/produkt\/indikator-ca\/"]}]},{"@type":"BreadcrumbList","@id":"https:\/\/rls-wacon.de\/produkt\/indikator-ca\/#breadcrumb","itemListElement":[{"@type":"ListItem","position":1,"name":"Startseite","item":"https:\/\/rls-wacon.de\/pt-br\/"},{"@type":"ListItem","position":2,"name":"Productos","item":"https:\/\/rls-wacon.de\/shop\/"},{"@type":"ListItem","position":3,"name":"Indicador CA"}]},{"@type":"WebSite","@id":"https:\/\/rls-wacon.de\/#website","url":"https:\/\/rls-wacon.de\/","name":"RLS Wacon analytics GmbH","description":"Experts for water monitoring","publisher":{"@id":"https:\/\/rls-wacon.de\/#organization"},"potentialAction":[{"@type":"SearchAction","target":{"@type":"EntryPoint","urlTemplate":"https:\/\/rls-wacon.de\/?s={search_term_string}"},"query-input":{"@type":"PropertyValueSpecification","valueRequired":true,"valueName":"search_term_string"}}],"inLanguage":"es"},{"@type":"Organization","@id":"https:\/\/rls-wacon.de\/#organization","name":"RLS Wacon analytics GmbH","url":"https:\/\/rls-wacon.de\/","logo":{"@type":"ImageObject","inLanguage":"es","@id":"https:\/\/rls-wacon.de\/#\/schema\/logo\/image\/","url":"https:\/\/rls-wacon.de\/wp-content\/uploads\/2022\/10\/RLSWacon-analytics-Logo-BR-RZ-9_17-768x1591.png","contentUrl":"https:\/\/rls-wacon.de\/wp-content\/uploads\/2022\/10\/RLSWacon-analytics-Logo-BR-RZ-9_17-768x1591.png","width":768,"height":159,"caption":"RLS Wacon analytics GmbH"},"image":{"@id":"https:\/\/rls-wacon.de\/#\/schema\/logo\/image\/"}}]},"og_availability":"instock","product_availability":"instock","product_condition":"new"},"_links":{"self":[{"href":"https:\/\/rls-wacon.de\/es\/wp-json\/wp\/v2\/product\/23577","targetHints":{"allow":["GET"]}}],"collection":[{"href":"https:\/\/rls-wacon.de\/es\/wp-json\/wp\/v2\/product"}],"about":[{"href":"https:\/\/rls-wacon.de\/es\/wp-json\/wp\/v2\/types\/product"}],"version-history":[{"count":0,"href":"https:\/\/rls-wacon.de\/es\/wp-json\/wp\/v2\/product\/23577\/revisions"}],"wp:attachment":[{"href":"https:\/\/rls-wacon.de\/es\/wp-json\/wp\/v2\/media?parent=23577"}],"wp:term":[{"taxonomy":"product_brand","embeddable":true,"href":"https:\/\/rls-wacon.de\/es\/wp-json\/wp\/v2\/product_brand?post=23577"},{"taxonomy":"product_cat","embeddable":true,"href":"https:\/\/rls-wacon.de\/es\/wp-json\/wp\/v2\/product_cat?post=23577"},{"taxonomy":"product_tag","embeddable":true,"href":"https:\/\/rls-wacon.de\/es\/wp-json\/wp\/v2\/product_tag?post=23577"}],"curies":[{"name":"wp","href":"https:\/\/api.w.org\/{rel}","templated":true}]}}