{"id":23632,"date":"2023-03-11T21:12:59","date_gmt":"2023-03-11T21:12:59","guid":{"rendered":"https:\/\/rls-wacon.de\/produkt\/hanna-phep-4\/"},"modified":"2026-02-16T21:08:36","modified_gmt":"2026-02-16T20:08:36","slug":"hanna-phep-4","status":"publish","type":"product","link":"https:\/\/rls-wacon.de\/es\/produkt\/hanna-phep-4\/","title":{"rendered":"Hanna pHep 4"},"content":{"rendered":"<table class=\"wacon-table\" style=\"height: 510px; width: 544px;\">\n<tbody>\n<tr>\n<td><strong>Comprobador de pH<\/strong><\/td>\n<td style=\"text-align: center;\"><strong><sup>pHep\u00ae4<\/sup><\/strong><\/td>\n<td style=\"text-align: center;\"><strong><sup>pHep\u00ae5<\/sup><\/strong><\/td>\n<\/tr>\n<tr>\n<td>N\u00famero de art\u00edculo<\/td>\n<td style=\"text-align: center;\">30-078140<\/td>\n<td style=\"text-align: center;\">30-078150<\/td>\n<\/tr>\n<tr>\n<td>Rango de medici\u00f3n pH<\/td>\n<td style=\"text-align: center;\" colspan=\"2\">-2,0 a 16,0 pH<\/td>\n<\/tr>\n<tr>\n<td>Rango de medici\u00f3n de la temperatura<\/td>\n<td style=\"text-align: center;\" colspan=\"2\">-5,0 a 60,0\u00b0C<\/td>\n<\/tr>\n<tr>\n<td>Resoluci\u00f3n pH<\/td>\n<td style=\"text-align: center;\">0,1 pH<\/td>\n<td style=\"text-align: center;\">0,01 pH<\/td>\n<\/tr>\n<tr>\n<td>Resoluci\u00f3n de temperatura<\/td>\n<td style=\"text-align: center;\" colspan=\"2\">0,1\u00b0C<\/td>\n<\/tr>\n<tr>\n<td>Precisi\u00f3n (a 20\u00b0C) pH<\/td>\n<td style=\"text-align: center;\">\u00b10,1 pH<\/td>\n<td style=\"text-align: center;\">\u00b10,05 pH<\/td>\n<\/tr>\n<tr>\n<td>Precisi\u00f3n (a 20\u00b0C) Temperatura<\/td>\n<td style=\"text-align: center;\" colspan=\"2\">\u00b10,5\u00b0C<\/td>\n<\/tr>\n<tr>\n<td>Calibraci\u00f3n del pH<\/td>\n<td style=\"text-align: center;\" colspan=\"2\">Calibraci\u00f3n autom\u00e1tica de uno o dos puntos con dos juegos de tampones est\u00e1ndar (pH 4,01 &#8211; 7,01 &#8211; 10,01 o 4,01 &#8211; 6,86, &#8211; 9,18)<\/td>\n<\/tr>\n<\/tbody>\n<\/table>\n","protected":false},"excerpt":{"rendered":"<p>Los comprobadores de pH de Hanna Instruments combinan rendimiento y facilidad de uso en un tama\u00f1o de bolsillo. Los dos comprobadores <sup>pHep\u00ae4<\/sup>y <sup>pHep\u00ae5<\/sup>est\u00e1n equipados con una carcasa 100% impermeable y flotante, un electrodo reemplazable con diafragma textil y un sensor de temperatura integrado. Garantizan mediciones r\u00e1pidas y fiables in situ y en el laboratorio. El valor del pH y la temperatura se muestran simult\u00e1neamente en la pantalla.<\/p>\n","protected":false},"featured_media":28185,"template":"","meta":{"_acf_changed":false},"product_brand":[],"product_cat":[1322],"product_tag":[],"class_list":{"0":"post-23632","1":"product","2":"type-product","3":"status-publish","4":"has-post-thumbnail","6":"product_cat-ph-metro","8":"first","9":"instock","10":"shipping-taxable","11":"purchasable","12":"product-type-simple"},"exclude_global_add_ons":[],"addons":[],"acf":[],"yoast_head":"<!-- This site is optimized with the Yoast SEO Premium plugin v27.3 (Yoast SEO v27.3) - https:\/\/yoast.com\/product\/yoast-seo-premium-wordpress\/ -->\n<title>Hanna pHep 4 - RLS Wacon analytics<\/title>\n<meta name=\"description\" content=\"Los comprobadores de pH de Hanna Instruments combinan rendimiento y facilidad de uso en un tama\u00f1o de bolsillo.\" \/>\n<meta name=\"robots\" content=\"index, follow, max-snippet:-1, max-image-preview:large, max-video-preview:-1\" \/>\n<link rel=\"canonical\" href=\"https:\/\/rls-wacon.de\/es\/produkt\/hanna-phep-4\/\" \/>\n<meta property=\"og:locale\" content=\"es_ES\" \/>\n<meta property=\"og:type\" content=\"article\" \/>\n<meta property=\"og:title\" content=\"Hanna pHep 4\" \/>\n<meta property=\"og:description\" content=\"Los comprobadores de pH de Hanna Instruments combinan rendimiento y facilidad de uso en un tama\u00f1o de bolsillo.\" \/>\n<meta property=\"og:url\" content=\"https:\/\/rls-wacon.de\/es\/produkt\/hanna-phep-4\/\" \/>\n<meta property=\"og:site_name\" content=\"RLS Wacon analytics\" \/>\n<meta property=\"article:modified_time\" content=\"2026-02-16T20:08:36+00:00\" \/>\n<meta property=\"og:image\" content=\"https:\/\/rls-wacon.de\/wp-content\/uploads\/2023\/03\/30-078140-Hanna-pHep-4-scaled.jpg\" \/>\n\t<meta property=\"og:image:width\" content=\"2560\" \/>\n\t<meta property=\"og:image:height\" content=\"1707\" \/>\n\t<meta property=\"og:image:type\" content=\"image\/jpeg\" \/>\n<meta name=\"twitter:card\" content=\"summary_large_image\" \/>\n<meta name=\"twitter:label1\" content=\"Precio\" \/>\n\t<meta name=\"twitter:data1\" content=\"9.999,00&nbsp;&euro;\" \/>\n\t<meta name=\"twitter:label2\" content=\"Disponibilidad\" \/>\n\t<meta name=\"twitter:data2\" content=\"Disponible\" \/>\n<script type=\"application\/ld+json\" class=\"yoast-schema-graph\">{\"@context\":\"https:\\\/\\\/schema.org\",\"@graph\":[{\"@type\":\"WebPage\",\"@id\":\"https:\\\/\\\/rls-wacon.de\\\/es\\\/produkt\\\/hanna-phep-4\\\/\",\"url\":\"https:\\\/\\\/rls-wacon.de\\\/es\\\/produkt\\\/hanna-phep-4\\\/\",\"name\":\"Hanna pHep 4 - RLS Wacon analytics\",\"isPartOf\":{\"@id\":\"https:\\\/\\\/rls-wacon.de\\\/#website\"},\"primaryImageOfPage\":{\"@id\":\"https:\\\/\\\/rls-wacon.de\\\/es\\\/produkt\\\/hanna-phep-4\\\/#primaryimage\"},\"image\":{\"@id\":\"https:\\\/\\\/rls-wacon.de\\\/es\\\/produkt\\\/hanna-phep-4\\\/#primaryimage\"},\"thumbnailUrl\":\"https:\\\/\\\/rls-wacon.de\\\/wp-content\\\/uploads\\\/2023\\\/03\\\/30-078140-Hanna-pHep-4-scaled.jpg\",\"datePublished\":\"2023-03-11T21:12:59+00:00\",\"dateModified\":\"2026-02-16T20:08:36+00:00\",\"description\":\"Los comprobadores de pH de Hanna Instruments combinan rendimiento y facilidad de uso en un tama\u00f1o de bolsillo.\",\"breadcrumb\":{\"@id\":\"https:\\\/\\\/rls-wacon.de\\\/es\\\/produkt\\\/hanna-phep-4\\\/#breadcrumb\"},\"inLanguage\":\"es\",\"potentialAction\":[{\"@type\":\"ReadAction\",\"target\":[\"https:\\\/\\\/rls-wacon.de\\\/es\\\/produkt\\\/hanna-phep-4\\\/\"]}]},{\"@type\":\"ImageObject\",\"inLanguage\":\"es\",\"@id\":\"https:\\\/\\\/rls-wacon.de\\\/es\\\/produkt\\\/hanna-phep-4\\\/#primaryimage\",\"url\":\"https:\\\/\\\/rls-wacon.de\\\/wp-content\\\/uploads\\\/2023\\\/03\\\/30-078140-Hanna-pHep-4-scaled.jpg\",\"contentUrl\":\"https:\\\/\\\/rls-wacon.de\\\/wp-content\\\/uploads\\\/2023\\\/03\\\/30-078140-Hanna-pHep-4-scaled.jpg\",\"width\":2560,\"height\":1707,\"caption\":\"30-078140 Hanna pHep 4\"},{\"@type\":\"BreadcrumbList\",\"@id\":\"https:\\\/\\\/rls-wacon.de\\\/es\\\/produkt\\\/hanna-phep-4\\\/#breadcrumb\",\"itemListElement\":[{\"@type\":\"ListItem\",\"position\":1,\"name\":\"Startseite\",\"item\":\"https:\\\/\\\/rls-wacon.de\\\/pt-br\\\/\"},{\"@type\":\"ListItem\",\"position\":2,\"name\":\"Productos\",\"item\":\"https:\\\/\\\/rls-wacon.de\\\/shop\\\/\"},{\"@type\":\"ListItem\",\"position\":3,\"name\":\"Hanna pHep 4\"}]},{\"@type\":\"WebSite\",\"@id\":\"https:\\\/\\\/rls-wacon.de\\\/#website\",\"url\":\"https:\\\/\\\/rls-wacon.de\\\/\",\"name\":\"RLS Wacon analytics GmbH\",\"description\":\"Experts for water monitoring\",\"publisher\":{\"@id\":\"https:\\\/\\\/rls-wacon.de\\\/#organization\"},\"potentialAction\":[{\"@type\":\"SearchAction\",\"target\":{\"@type\":\"EntryPoint\",\"urlTemplate\":\"https:\\\/\\\/rls-wacon.de\\\/?s={search_term_string}\"},\"query-input\":{\"@type\":\"PropertyValueSpecification\",\"valueRequired\":true,\"valueName\":\"search_term_string\"}}],\"inLanguage\":\"es\"},{\"@type\":\"Organization\",\"@id\":\"https:\\\/\\\/rls-wacon.de\\\/#organization\",\"name\":\"RLS Wacon analytics GmbH\",\"url\":\"https:\\\/\\\/rls-wacon.de\\\/\",\"logo\":{\"@type\":\"ImageObject\",\"inLanguage\":\"es\",\"@id\":\"https:\\\/\\\/rls-wacon.de\\\/#\\\/schema\\\/logo\\\/image\\\/\",\"url\":\"https:\\\/\\\/rls-wacon.de\\\/wp-content\\\/uploads\\\/2022\\\/10\\\/RLSWacon-analytics-Logo-BR-RZ-9_17-768x1591.png\",\"contentUrl\":\"https:\\\/\\\/rls-wacon.de\\\/wp-content\\\/uploads\\\/2022\\\/10\\\/RLSWacon-analytics-Logo-BR-RZ-9_17-768x1591.png\",\"width\":768,\"height\":159,\"caption\":\"RLS Wacon analytics GmbH\"},\"image\":{\"@id\":\"https:\\\/\\\/rls-wacon.de\\\/#\\\/schema\\\/logo\\\/image\\\/\"}}]}<\/script>\n<meta property=\"product:price:amount\" content=\"9999.00\" \/>\n<meta property=\"product:price:currency\" content=\"EUR\" \/>\n<meta property=\"og:availability\" content=\"instock\" \/>\n<meta property=\"product:availability\" content=\"instock\" \/>\n<meta property=\"product:retailer_item_id\" content=\"30-078140\" \/>\n<meta property=\"product:condition\" content=\"new\" \/>\n<!-- \/ Yoast SEO Premium plugin. -->","yoast_head_json":{"title":"Hanna pHep 4 - RLS Wacon analytics","description":"Los comprobadores de pH de Hanna Instruments combinan rendimiento y facilidad de uso en un tama\u00f1o de bolsillo.","robots":{"index":"index","follow":"follow","max-snippet":"max-snippet:-1","max-image-preview":"max-image-preview:large","max-video-preview":"max-video-preview:-1"},"canonical":"https:\/\/rls-wacon.de\/es\/produkt\/hanna-phep-4\/","og_locale":"es_ES","og_type":"article","og_title":"Hanna pHep 4","og_description":"Los comprobadores de pH de Hanna Instruments combinan rendimiento y facilidad de uso en un tama\u00f1o de bolsillo.","og_url":"https:\/\/rls-wacon.de\/es\/produkt\/hanna-phep-4\/","og_site_name":"RLS Wacon analytics","article_modified_time":"2026-02-16T20:08:36+00:00","og_image":[{"width":2560,"height":1707,"url":"https:\/\/rls-wacon.de\/wp-content\/uploads\/2023\/03\/30-078140-Hanna-pHep-4-scaled.jpg","type":"image\/jpeg"}],"twitter_card":"summary_large_image","twitter_misc":{"Precio":"9.999,00&nbsp;&euro;","Disponibilidad":"Disponible"},"schema":{"@context":"https:\/\/schema.org","@graph":[{"@type":"WebPage","@id":"https:\/\/rls-wacon.de\/es\/produkt\/hanna-phep-4\/","url":"https:\/\/rls-wacon.de\/es\/produkt\/hanna-phep-4\/","name":"Hanna pHep 4 - RLS Wacon analytics","isPartOf":{"@id":"https:\/\/rls-wacon.de\/#website"},"primaryImageOfPage":{"@id":"https:\/\/rls-wacon.de\/es\/produkt\/hanna-phep-4\/#primaryimage"},"image":{"@id":"https:\/\/rls-wacon.de\/es\/produkt\/hanna-phep-4\/#primaryimage"},"thumbnailUrl":"https:\/\/rls-wacon.de\/wp-content\/uploads\/2023\/03\/30-078140-Hanna-pHep-4-scaled.jpg","datePublished":"2023-03-11T21:12:59+00:00","dateModified":"2026-02-16T20:08:36+00:00","description":"Los comprobadores de pH de Hanna Instruments combinan rendimiento y facilidad de uso en un tama\u00f1o de bolsillo.","breadcrumb":{"@id":"https:\/\/rls-wacon.de\/es\/produkt\/hanna-phep-4\/#breadcrumb"},"inLanguage":"es","potentialAction":[{"@type":"ReadAction","target":["https:\/\/rls-wacon.de\/es\/produkt\/hanna-phep-4\/"]}]},{"@type":"ImageObject","inLanguage":"es","@id":"https:\/\/rls-wacon.de\/es\/produkt\/hanna-phep-4\/#primaryimage","url":"https:\/\/rls-wacon.de\/wp-content\/uploads\/2023\/03\/30-078140-Hanna-pHep-4-scaled.jpg","contentUrl":"https:\/\/rls-wacon.de\/wp-content\/uploads\/2023\/03\/30-078140-Hanna-pHep-4-scaled.jpg","width":2560,"height":1707,"caption":"30-078140 Hanna pHep 4"},{"@type":"BreadcrumbList","@id":"https:\/\/rls-wacon.de\/es\/produkt\/hanna-phep-4\/#breadcrumb","itemListElement":[{"@type":"ListItem","position":1,"name":"Startseite","item":"https:\/\/rls-wacon.de\/pt-br\/"},{"@type":"ListItem","position":2,"name":"Productos","item":"https:\/\/rls-wacon.de\/shop\/"},{"@type":"ListItem","position":3,"name":"Hanna pHep 4"}]},{"@type":"WebSite","@id":"https:\/\/rls-wacon.de\/#website","url":"https:\/\/rls-wacon.de\/","name":"RLS Wacon analytics GmbH","description":"Experts for water monitoring","publisher":{"@id":"https:\/\/rls-wacon.de\/#organization"},"potentialAction":[{"@type":"SearchAction","target":{"@type":"EntryPoint","urlTemplate":"https:\/\/rls-wacon.de\/?s={search_term_string}"},"query-input":{"@type":"PropertyValueSpecification","valueRequired":true,"valueName":"search_term_string"}}],"inLanguage":"es"},{"@type":"Organization","@id":"https:\/\/rls-wacon.de\/#organization","name":"RLS Wacon analytics GmbH","url":"https:\/\/rls-wacon.de\/","logo":{"@type":"ImageObject","inLanguage":"es","@id":"https:\/\/rls-wacon.de\/#\/schema\/logo\/image\/","url":"https:\/\/rls-wacon.de\/wp-content\/uploads\/2022\/10\/RLSWacon-analytics-Logo-BR-RZ-9_17-768x1591.png","contentUrl":"https:\/\/rls-wacon.de\/wp-content\/uploads\/2022\/10\/RLSWacon-analytics-Logo-BR-RZ-9_17-768x1591.png","width":768,"height":159,"caption":"RLS Wacon analytics GmbH"},"image":{"@id":"https:\/\/rls-wacon.de\/#\/schema\/logo\/image\/"}}]},"product_price_amount":"9999.00","product_price_currency":"EUR","og_availability":"instock","product_availability":"instock","product_retailer_item_id":"30-078140","product_condition":"new"},"_links":{"self":[{"href":"https:\/\/rls-wacon.de\/es\/wp-json\/wp\/v2\/product\/23632","targetHints":{"allow":["GET"]}}],"collection":[{"href":"https:\/\/rls-wacon.de\/es\/wp-json\/wp\/v2\/product"}],"about":[{"href":"https:\/\/rls-wacon.de\/es\/wp-json\/wp\/v2\/types\/product"}],"version-history":[{"count":1,"href":"https:\/\/rls-wacon.de\/es\/wp-json\/wp\/v2\/product\/23632\/revisions"}],"predecessor-version":[{"id":28807,"href":"https:\/\/rls-wacon.de\/es\/wp-json\/wp\/v2\/product\/23632\/revisions\/28807"}],"wp:featuredmedia":[{"embeddable":true,"href":"https:\/\/rls-wacon.de\/es\/wp-json\/wp\/v2\/media\/28185"}],"wp:attachment":[{"href":"https:\/\/rls-wacon.de\/es\/wp-json\/wp\/v2\/media?parent=23632"}],"wp:term":[{"taxonomy":"product_brand","embeddable":true,"href":"https:\/\/rls-wacon.de\/es\/wp-json\/wp\/v2\/product_brand?post=23632"},{"taxonomy":"product_cat","embeddable":true,"href":"https:\/\/rls-wacon.de\/es\/wp-json\/wp\/v2\/product_cat?post=23632"},{"taxonomy":"product_tag","embeddable":true,"href":"https:\/\/rls-wacon.de\/es\/wp-json\/wp\/v2\/product_tag?post=23632"}],"curies":[{"name":"wp","href":"https:\/\/api.w.org\/{rel}","templated":true}]}}