{"id":23655,"date":"2023-03-11T21:13:00","date_gmt":"2023-03-11T21:13:00","guid":{"rendered":"https:\/\/rls-wacon.de\/produkt\/indicador-fe-4\/"},"modified":"2023-03-11T21:13:00","modified_gmt":"2023-03-11T20:13:00","slug":"indicador-fe-4","status":"publish","type":"product","link":"https:\/\/rls-wacon.de\/es\/produkt\/indicador-fe-4\/","title":{"rendered":"Indicador FE 4"},"content":{"rendered":"<hr class=\"system-pagebreak\" title=\"\u00c1rea de an\u00e1lisis\">\n<table class=\"wacon-table\" style=\"width: 253px; height: 105px;\">\n<tbody>\n<tr>\n<td>Rango de medici\u00f3n Sycon 3000 Fe<\/td>\n<td>Unidad de medida<\/td>\n<\/tr>\n<tr>\n<td>0,04 &#8230; 4<\/td>\n<td>mg \/ l Fe<\/td>\n<\/tr>\n<\/tbody>\n<\/table>\n<hr class=\"system-pagebreak\" title=\"Analizadores compatibles\">\n<table class=\"wacon-table\" style=\"width: 611px; height: 177px;\">\n<tbody>\n<tr>\n<td>Dispositivo<\/td>\n<td>Compatible<\/td>\n<td>Observaci\u00f3n<\/td>\n<\/tr>\n<tr>\n<td>Sycon 2500<\/td>\n<td>no<\/td>\n<td>Analizador descatalogado, sustituido por el analizador Sycon 2502<\/td>\n<\/tr>\n<tr>\n<td>Sycon 2501<\/td>\n<td>no<\/td>\n<td>Analizador descatalogado, sustituido por el analizador Sycon 2502<\/td>\n<\/tr>\n<tr>\n<td>Sycon 2502<\/td>\n<td>no<\/td>\n<td><\/td>\n<\/tr>\n<tr>\n<td>Sycon 2800<\/td>\n<td>no<\/td>\n<td><\/td>\n<\/tr>\n<tr>\n<td>Sycon 3000 Fe<\/td>\n<td>s\u00ed<\/td>\n<td> Analizador descatalogado, sustituido por el analizador Sycon 2800<\/td>\n<\/tr>\n<\/tbody>\n<\/table>\n<hr class=\"system-pagebreak\" title=\"Datos t\u00e9cnicos\">\n<table class=\"wacon-table\">\n<tbody>\n<tr>\n<td>Par\u00e1metros<\/td>\n<td>Valor \/ Rango<\/td>\n<\/tr>\n<tr>\n<td>Tiempo de conservaci\u00f3n<\/td>\n<td>24 meses<\/td>\n<\/tr>\n<tr>\n<td>Cantidad<\/td>\n<td>250 ml<\/td>\n<\/tr>\n<tr>\n<td>Botella<\/td>\n<td>cuadrado<\/td>\n<\/tr>\n<\/tbody>\n<\/table>\n","protected":false},"excerpt":{"rendered":"<p>El indicador FE 4 es un indicador para determinar el contenido de hierro que se utiliza en el analizador Sycon 3000 Fe.<\/p>\n<p>Como todos nuestros indicadores para nuestros propios analizadores, el FE 4 se caracteriza por lo siguiente<\/p>\n<ul>\n<li>Utilizaci\u00f3n de materias primas de alta calidad<\/li>\n<li>Producci\u00f3n seg\u00fan receta propia<\/li>\n<li>Caducidad 24 meses<\/li>\n<\/ul>\n","protected":false},"featured_media":28117,"template":"","meta":{"_acf_changed":false},"product_brand":[],"product_cat":[1281],"product_tag":[],"class_list":{"0":"post-23655","1":"product","2":"type-product","3":"status-publish","4":"has-post-thumbnail","6":"product_cat-sin-categoria","8":"first","9":"instock","10":"shipping-taxable","11":"purchasable","12":"product-type-simple"},"exclude_global_add_ons":[],"addons":[],"acf":[],"yoast_head":"<!-- This site is optimized with the Yoast SEO Premium plugin v27.5 (Yoast SEO v27.5) - https:\/\/yoast.com\/product\/yoast-seo-premium-wordpress\/ -->\n<title>Indicador FE 4 - RLS Wacon analytics<\/title>\n<meta name=\"robots\" content=\"index, follow, max-snippet:-1, max-image-preview:large, max-video-preview:-1\" \/>\n<link rel=\"canonical\" href=\"https:\/\/rls-wacon.de\/produkt\/indikator-fe-4\/\" \/>\n<meta property=\"og:locale\" content=\"es_ES\" \/>\n<meta property=\"og:type\" content=\"article\" \/>\n<meta property=\"og:title\" content=\"Indicador FE 4\" \/>\n<meta property=\"og:description\" content=\"El indicador FE 4 es un indicador para determinar el contenido de hierro que se utiliza en el analizador Sycon 3000 Fe. Como todos nuestros indicadores para nuestros propios analizadores, el FE 4 se caracteriza por lo siguiente  Utilizaci\u00f3n de materias primas de alta calidad  Producci\u00f3n seg\u00fan receta propia  Caducidad 24 meses\" \/>\n<meta property=\"og:url\" content=\"https:\/\/rls-wacon.de\/produkt\/indikator-fe-4\/\" \/>\n<meta property=\"og:site_name\" content=\"RLS Wacon analytics\" \/>\n<meta property=\"og:image\" content=\"https:\/\/rls-wacon.de\/wp-content\/uploads\/2023\/03\/indikator-fe-4.jpg\" \/>\n\t<meta property=\"og:image:width\" content=\"1920\" \/>\n\t<meta property=\"og:image:height\" content=\"1280\" \/>\n\t<meta property=\"og:image:type\" content=\"image\/jpeg\" \/>\n<meta name=\"twitter:card\" content=\"summary_large_image\" \/>\n<meta name=\"twitter:label1\" content=\"Precio\" \/>\n\t<meta name=\"twitter:data1\" content=\"9.999,00&nbsp;&euro;\" \/>\n\t<meta name=\"twitter:label2\" content=\"Disponibilidad\" \/>\n\t<meta name=\"twitter:data2\" content=\"Disponible\" \/>\n<script type=\"application\/ld+json\" class=\"yoast-schema-graph\">{\"@context\":\"https:\\\/\\\/schema.org\",\"@graph\":[{\"@type\":\"WebPage\",\"@id\":\"https:\\\/\\\/rls-wacon.de\\\/produkt\\\/indikator-fe-4\\\/\",\"url\":\"https:\\\/\\\/rls-wacon.de\\\/produkt\\\/indikator-fe-4\\\/\",\"name\":\"Indicador FE 4 - RLS Wacon analytics\",\"isPartOf\":{\"@id\":\"https:\\\/\\\/rls-wacon.de\\\/#website\"},\"primaryImageOfPage\":{\"@id\":\"https:\\\/\\\/rls-wacon.de\\\/produkt\\\/indikator-fe-4\\\/#primaryimage\"},\"image\":{\"@id\":\"https:\\\/\\\/rls-wacon.de\\\/produkt\\\/indikator-fe-4\\\/#primaryimage\"},\"thumbnailUrl\":\"https:\\\/\\\/rls-wacon.de\\\/wp-content\\\/uploads\\\/2023\\\/03\\\/indikator-fe-4.jpg\",\"datePublished\":\"2023-03-11T21:13:00+00:00\",\"breadcrumb\":{\"@id\":\"https:\\\/\\\/rls-wacon.de\\\/produkt\\\/indikator-fe-4\\\/#breadcrumb\"},\"inLanguage\":\"es\",\"potentialAction\":[{\"@type\":\"ReadAction\",\"target\":[\"https:\\\/\\\/rls-wacon.de\\\/produkt\\\/indikator-fe-4\\\/\"]}]},{\"@type\":\"ImageObject\",\"inLanguage\":\"es\",\"@id\":\"https:\\\/\\\/rls-wacon.de\\\/produkt\\\/indikator-fe-4\\\/#primaryimage\",\"url\":\"https:\\\/\\\/rls-wacon.de\\\/wp-content\\\/uploads\\\/2023\\\/03\\\/indikator-fe-4.jpg\",\"contentUrl\":\"https:\\\/\\\/rls-wacon.de\\\/wp-content\\\/uploads\\\/2023\\\/03\\\/indikator-fe-4.jpg\",\"width\":1920,\"height\":1280,\"caption\":\"indikator-fe-4\"},{\"@type\":\"BreadcrumbList\",\"@id\":\"https:\\\/\\\/rls-wacon.de\\\/produkt\\\/indikator-fe-4\\\/#breadcrumb\",\"itemListElement\":[{\"@type\":\"ListItem\",\"position\":1,\"name\":\"Startseite\",\"item\":\"https:\\\/\\\/rls-wacon.de\\\/pt-br\\\/\"},{\"@type\":\"ListItem\",\"position\":2,\"name\":\"Productos\",\"item\":\"https:\\\/\\\/rls-wacon.de\\\/shop\\\/\"},{\"@type\":\"ListItem\",\"position\":3,\"name\":\"Indicador FE 4\"}]},{\"@type\":\"WebSite\",\"@id\":\"https:\\\/\\\/rls-wacon.de\\\/#website\",\"url\":\"https:\\\/\\\/rls-wacon.de\\\/\",\"name\":\"RLS Wacon analytics GmbH\",\"description\":\"Experts for water monitoring\",\"publisher\":{\"@id\":\"https:\\\/\\\/rls-wacon.de\\\/#organization\"},\"potentialAction\":[{\"@type\":\"SearchAction\",\"target\":{\"@type\":\"EntryPoint\",\"urlTemplate\":\"https:\\\/\\\/rls-wacon.de\\\/?s={search_term_string}\"},\"query-input\":{\"@type\":\"PropertyValueSpecification\",\"valueRequired\":true,\"valueName\":\"search_term_string\"}}],\"inLanguage\":\"es\"},{\"@type\":\"Organization\",\"@id\":\"https:\\\/\\\/rls-wacon.de\\\/#organization\",\"name\":\"RLS Wacon analytics GmbH\",\"url\":\"https:\\\/\\\/rls-wacon.de\\\/\",\"logo\":{\"@type\":\"ImageObject\",\"inLanguage\":\"es\",\"@id\":\"https:\\\/\\\/rls-wacon.de\\\/#\\\/schema\\\/logo\\\/image\\\/\",\"url\":\"https:\\\/\\\/rls-wacon.de\\\/wp-content\\\/uploads\\\/2022\\\/10\\\/RLSWacon-analytics-Logo-BR-RZ-9_17-768x1591.png\",\"contentUrl\":\"https:\\\/\\\/rls-wacon.de\\\/wp-content\\\/uploads\\\/2022\\\/10\\\/RLSWacon-analytics-Logo-BR-RZ-9_17-768x1591.png\",\"width\":768,\"height\":159,\"caption\":\"RLS Wacon analytics GmbH\"},\"image\":{\"@id\":\"https:\\\/\\\/rls-wacon.de\\\/#\\\/schema\\\/logo\\\/image\\\/\"}}]}<\/script>\n<meta property=\"product:price:amount\" content=\"9999.00\" \/>\n<meta property=\"product:price:currency\" content=\"EUR\" \/>\n<meta property=\"og:availability\" content=\"instock\" \/>\n<meta property=\"product:availability\" content=\"instock\" \/>\n<meta property=\"product:retailer_item_id\" content=\"32-080310\" \/>\n<meta property=\"product:condition\" content=\"new\" \/>\n<!-- \/ Yoast SEO Premium plugin. -->","yoast_head_json":{"title":"Indicador FE 4 - RLS Wacon analytics","robots":{"index":"index","follow":"follow","max-snippet":"max-snippet:-1","max-image-preview":"max-image-preview:large","max-video-preview":"max-video-preview:-1"},"canonical":"https:\/\/rls-wacon.de\/produkt\/indikator-fe-4\/","og_locale":"es_ES","og_type":"article","og_title":"Indicador FE 4","og_description":"El indicador FE 4 es un indicador para determinar el contenido de hierro que se utiliza en el analizador Sycon 3000 Fe. Como todos nuestros indicadores para nuestros propios analizadores, el FE 4 se caracteriza por lo siguiente  Utilizaci\u00f3n de materias primas de alta calidad  Producci\u00f3n seg\u00fan receta propia  Caducidad 24 meses","og_url":"https:\/\/rls-wacon.de\/produkt\/indikator-fe-4\/","og_site_name":"RLS Wacon analytics","og_image":[{"width":1920,"height":1280,"url":"https:\/\/rls-wacon.de\/wp-content\/uploads\/2023\/03\/indikator-fe-4.jpg","type":"image\/jpeg"}],"twitter_card":"summary_large_image","twitter_misc":{"Precio":"9.999,00&nbsp;&euro;","Disponibilidad":"Disponible"},"schema":{"@context":"https:\/\/schema.org","@graph":[{"@type":"WebPage","@id":"https:\/\/rls-wacon.de\/produkt\/indikator-fe-4\/","url":"https:\/\/rls-wacon.de\/produkt\/indikator-fe-4\/","name":"Indicador FE 4 - RLS Wacon analytics","isPartOf":{"@id":"https:\/\/rls-wacon.de\/#website"},"primaryImageOfPage":{"@id":"https:\/\/rls-wacon.de\/produkt\/indikator-fe-4\/#primaryimage"},"image":{"@id":"https:\/\/rls-wacon.de\/produkt\/indikator-fe-4\/#primaryimage"},"thumbnailUrl":"https:\/\/rls-wacon.de\/wp-content\/uploads\/2023\/03\/indikator-fe-4.jpg","datePublished":"2023-03-11T21:13:00+00:00","breadcrumb":{"@id":"https:\/\/rls-wacon.de\/produkt\/indikator-fe-4\/#breadcrumb"},"inLanguage":"es","potentialAction":[{"@type":"ReadAction","target":["https:\/\/rls-wacon.de\/produkt\/indikator-fe-4\/"]}]},{"@type":"ImageObject","inLanguage":"es","@id":"https:\/\/rls-wacon.de\/produkt\/indikator-fe-4\/#primaryimage","url":"https:\/\/rls-wacon.de\/wp-content\/uploads\/2023\/03\/indikator-fe-4.jpg","contentUrl":"https:\/\/rls-wacon.de\/wp-content\/uploads\/2023\/03\/indikator-fe-4.jpg","width":1920,"height":1280,"caption":"indikator-fe-4"},{"@type":"BreadcrumbList","@id":"https:\/\/rls-wacon.de\/produkt\/indikator-fe-4\/#breadcrumb","itemListElement":[{"@type":"ListItem","position":1,"name":"Startseite","item":"https:\/\/rls-wacon.de\/pt-br\/"},{"@type":"ListItem","position":2,"name":"Productos","item":"https:\/\/rls-wacon.de\/shop\/"},{"@type":"ListItem","position":3,"name":"Indicador FE 4"}]},{"@type":"WebSite","@id":"https:\/\/rls-wacon.de\/#website","url":"https:\/\/rls-wacon.de\/","name":"RLS Wacon analytics GmbH","description":"Experts for water monitoring","publisher":{"@id":"https:\/\/rls-wacon.de\/#organization"},"potentialAction":[{"@type":"SearchAction","target":{"@type":"EntryPoint","urlTemplate":"https:\/\/rls-wacon.de\/?s={search_term_string}"},"query-input":{"@type":"PropertyValueSpecification","valueRequired":true,"valueName":"search_term_string"}}],"inLanguage":"es"},{"@type":"Organization","@id":"https:\/\/rls-wacon.de\/#organization","name":"RLS Wacon analytics GmbH","url":"https:\/\/rls-wacon.de\/","logo":{"@type":"ImageObject","inLanguage":"es","@id":"https:\/\/rls-wacon.de\/#\/schema\/logo\/image\/","url":"https:\/\/rls-wacon.de\/wp-content\/uploads\/2022\/10\/RLSWacon-analytics-Logo-BR-RZ-9_17-768x1591.png","contentUrl":"https:\/\/rls-wacon.de\/wp-content\/uploads\/2022\/10\/RLSWacon-analytics-Logo-BR-RZ-9_17-768x1591.png","width":768,"height":159,"caption":"RLS Wacon analytics GmbH"},"image":{"@id":"https:\/\/rls-wacon.de\/#\/schema\/logo\/image\/"}}]},"product_price_amount":"9999.00","product_price_currency":"EUR","og_availability":"instock","product_availability":"instock","product_retailer_item_id":"32-080310","product_condition":"new"},"_links":{"self":[{"href":"https:\/\/rls-wacon.de\/es\/wp-json\/wp\/v2\/product\/23655","targetHints":{"allow":["GET"]}}],"collection":[{"href":"https:\/\/rls-wacon.de\/es\/wp-json\/wp\/v2\/product"}],"about":[{"href":"https:\/\/rls-wacon.de\/es\/wp-json\/wp\/v2\/types\/product"}],"version-history":[{"count":0,"href":"https:\/\/rls-wacon.de\/es\/wp-json\/wp\/v2\/product\/23655\/revisions"}],"wp:featuredmedia":[{"embeddable":true,"href":"https:\/\/rls-wacon.de\/es\/wp-json\/wp\/v2\/media\/28117"}],"wp:attachment":[{"href":"https:\/\/rls-wacon.de\/es\/wp-json\/wp\/v2\/media?parent=23655"}],"wp:term":[{"taxonomy":"product_brand","embeddable":true,"href":"https:\/\/rls-wacon.de\/es\/wp-json\/wp\/v2\/product_brand?post=23655"},{"taxonomy":"product_cat","embeddable":true,"href":"https:\/\/rls-wacon.de\/es\/wp-json\/wp\/v2\/product_cat?post=23655"},{"taxonomy":"product_tag","embeddable":true,"href":"https:\/\/rls-wacon.de\/es\/wp-json\/wp\/v2\/product_tag?post=23655"}],"curies":[{"name":"wp","href":"https:\/\/api.w.org\/{rel}","templated":true}]}}