{"id":23742,"date":"2023-03-11T21:13:05","date_gmt":"2023-03-11T21:13:05","guid":{"rendered":"https:\/\/rls-wacon.de\/produkt\/limesplus\/"},"modified":"2026-02-16T21:18:21","modified_gmt":"2026-02-16T20:18:21","slug":"limesplus","status":"publish","type":"product","link":"https:\/\/rls-wacon.de\/es\/produkt\/limesplus\/","title":{"rendered":"LIMESPLUS"},"content":{"rendered":"<ul>\n<li>Control fiable y preciso de la dureza del agua mediante un indicador calibrado en laboratorio.<\/li>\n<li>Control de un valor l\u00edmite definido, determinado por el indicador LHV utilizado.<\/li>\n<li>Sin comportamiento de respuesta retardada en comparaci\u00f3n con un sensor de resina hinchable.<\/li>\n<li>Sin calibraci\u00f3n ni efectos de deriva en comparaci\u00f3n con una medici\u00f3n por electrodo.<\/li>\n<li>No es necesario desgastar ni regenerar el sensor.<\/li>\n<li>Cables de conexi\u00f3n independientes para la alimentaci\u00f3n, el rel\u00e9 y el contacto de entrada.<\/li>\n<li>Pantalla de estado con cuatro LED para el cumplimiento del valor l\u00edmite, el estado del an\u00e1lisis, el estado del aparato y el servicio pendiente.<\/li>\n<\/ul>\n<h3>Informaci\u00f3n sobre el producto LIMESPLUS<\/h3>\n<ul>\n<li>Indicador LED de estado<\/li>\n<li>lengua neutra<\/li>\n<li>Supresi\u00f3n del primer valor para evitar falsas alarmas<\/li>\n<li>Duraci\u00f3n del lavado ajustable a la longitud del conducto de alimentaci\u00f3n<\/li>\n<li>Funcionamiento autom\u00e1tico por intervalos: control del valor l\u00edmite del sistema a intervalos ajustables de 10, 20 \u00f3 30 minutos<\/li>\n<li>Conexiones:\n<ul>\n<li>2 salidas libres de potencial:\n<ul>\n<li>Valor l\u00edmite superado<\/li>\n<li>Fallo del aparato<\/li>\n<\/ul>\n<\/li>\n<li>Contacto de entrada para interruptor sin potencial\n<ul>\n<li>Inicio del an\u00e1lisis externo<\/li>\n<li>Pausa del intervalo interno mediante un interruptor de flujo<\/li>\n<\/ul>\n<\/li>\n<\/ul>\n<\/li>\n<li>Programa de diagn\u00f3stico para comprobar los conjuntos<\/li>\n<\/ul>\n","protected":false},"excerpt":{"rendered":"<p>Los dispositivos de control de la dureza Limes permiten un control rentable de los sistemas de \u00f3smosis inversa con un an\u00e1lisis qu\u00edmico fiable.<\/p>\n<p>&nbsp;<\/p>\n","protected":false},"featured_media":29172,"template":"","meta":{"_acf_changed":false},"product_brand":[],"product_cat":[1326,1320],"product_tag":[],"class_list":{"0":"post-23742","1":"product","2":"type-product","3":"status-publish","4":"has-post-thumbnail","6":"product_cat-dureza-total-es","7":"product_cat-limes-es","9":"first","10":"instock","11":"shipping-taxable","12":"purchasable","13":"product-type-simple"},"exclude_global_add_ons":[],"addons":[],"acf":[],"yoast_head":"<!-- This site is optimized with the Yoast SEO Premium plugin v27.3 (Yoast SEO v27.4) - https:\/\/yoast.com\/product\/yoast-seo-premium-wordpress\/ -->\n<title>LIMESPLUS - RLS Wacon analytics<\/title>\n<meta name=\"description\" content=\"Los dispositivos de control de la dureza Limes permiten un control rentable de los sistemas de \u00f3smosis inversa con un an\u00e1lisis qu\u00edmico fiable.\" \/>\n<meta name=\"robots\" content=\"index, follow, max-snippet:-1, max-image-preview:large, max-video-preview:-1\" \/>\n<link rel=\"canonical\" href=\"https:\/\/rls-wacon.de\/es\/produkt\/limesplus\/\" \/>\n<meta property=\"og:locale\" content=\"es_ES\" \/>\n<meta property=\"og:type\" content=\"article\" \/>\n<meta property=\"og:title\" content=\"LIMESPLUS\" \/>\n<meta property=\"og:description\" content=\"Los dispositivos de control de la dureza Limes permiten un control rentable de los sistemas de \u00f3smosis inversa con un an\u00e1lisis qu\u00edmico fiable.\" \/>\n<meta property=\"og:url\" content=\"https:\/\/rls-wacon.de\/es\/produkt\/limesplus\/\" \/>\n<meta property=\"og:site_name\" content=\"RLS Wacon analytics\" \/>\n<meta property=\"article:modified_time\" content=\"2026-02-16T20:18:21+00:00\" \/>\n<meta property=\"og:image\" content=\"https:\/\/rls-wacon.de\/wp-content\/uploads\/2023\/03\/LimesPlus-scaled.webp\" \/>\n\t<meta property=\"og:image:width\" content=\"2079\" \/>\n\t<meta property=\"og:image:height\" content=\"2560\" \/>\n\t<meta property=\"og:image:type\" content=\"image\/jpeg\" \/>\n<meta name=\"twitter:card\" content=\"summary_large_image\" \/>\n<meta name=\"twitter:label1\" content=\"Precio\" \/>\n\t<meta name=\"twitter:data1\" content=\"9.999,00&nbsp;&euro;\" \/>\n\t<meta name=\"twitter:label2\" content=\"Disponibilidad\" \/>\n\t<meta name=\"twitter:data2\" content=\"Disponible\" \/>\n<script type=\"application\/ld+json\" class=\"yoast-schema-graph\">{\"@context\":\"https:\\\/\\\/schema.org\",\"@graph\":[{\"@type\":\"WebPage\",\"@id\":\"https:\\\/\\\/rls-wacon.de\\\/es\\\/produkt\\\/limesplus\\\/\",\"url\":\"https:\\\/\\\/rls-wacon.de\\\/es\\\/produkt\\\/limesplus\\\/\",\"name\":\"LIMESPLUS - RLS Wacon analytics\",\"isPartOf\":{\"@id\":\"https:\\\/\\\/rls-wacon.de\\\/#website\"},\"primaryImageOfPage\":{\"@id\":\"https:\\\/\\\/rls-wacon.de\\\/es\\\/produkt\\\/limesplus\\\/#primaryimage\"},\"image\":{\"@id\":\"https:\\\/\\\/rls-wacon.de\\\/es\\\/produkt\\\/limesplus\\\/#primaryimage\"},\"thumbnailUrl\":\"https:\\\/\\\/rls-wacon.de\\\/wp-content\\\/uploads\\\/2026\\\/02\\\/LimesPlus-im-neuen-Gehaeuse.png\",\"datePublished\":\"2023-03-11T21:13:05+00:00\",\"dateModified\":\"2026-02-16T20:18:21+00:00\",\"description\":\"Los dispositivos de control de la dureza Limes permiten un control rentable de los sistemas de \u00f3smosis inversa con un an\u00e1lisis qu\u00edmico fiable.\",\"breadcrumb\":{\"@id\":\"https:\\\/\\\/rls-wacon.de\\\/es\\\/produkt\\\/limesplus\\\/#breadcrumb\"},\"inLanguage\":\"es\",\"potentialAction\":[{\"@type\":\"ReadAction\",\"target\":[\"https:\\\/\\\/rls-wacon.de\\\/es\\\/produkt\\\/limesplus\\\/\"]}]},{\"@type\":\"ImageObject\",\"inLanguage\":\"es\",\"@id\":\"https:\\\/\\\/rls-wacon.de\\\/es\\\/produkt\\\/limesplus\\\/#primaryimage\",\"url\":\"https:\\\/\\\/rls-wacon.de\\\/wp-content\\\/uploads\\\/2026\\\/02\\\/LimesPlus-im-neuen-Gehaeuse.png\",\"contentUrl\":\"https:\\\/\\\/rls-wacon.de\\\/wp-content\\\/uploads\\\/2026\\\/02\\\/LimesPlus-im-neuen-Gehaeuse.png\",\"width\":1065,\"height\":1293},{\"@type\":\"BreadcrumbList\",\"@id\":\"https:\\\/\\\/rls-wacon.de\\\/es\\\/produkt\\\/limesplus\\\/#breadcrumb\",\"itemListElement\":[{\"@type\":\"ListItem\",\"position\":1,\"name\":\"Startseite\",\"item\":\"https:\\\/\\\/rls-wacon.de\\\/pt-br\\\/\"},{\"@type\":\"ListItem\",\"position\":2,\"name\":\"Productos\",\"item\":\"https:\\\/\\\/rls-wacon.de\\\/shop\\\/\"},{\"@type\":\"ListItem\",\"position\":3,\"name\":\"LIMESPLUS\"}]},{\"@type\":\"WebSite\",\"@id\":\"https:\\\/\\\/rls-wacon.de\\\/#website\",\"url\":\"https:\\\/\\\/rls-wacon.de\\\/\",\"name\":\"RLS Wacon analytics GmbH\",\"description\":\"Experts for water monitoring\",\"publisher\":{\"@id\":\"https:\\\/\\\/rls-wacon.de\\\/#organization\"},\"potentialAction\":[{\"@type\":\"SearchAction\",\"target\":{\"@type\":\"EntryPoint\",\"urlTemplate\":\"https:\\\/\\\/rls-wacon.de\\\/?s={search_term_string}\"},\"query-input\":{\"@type\":\"PropertyValueSpecification\",\"valueRequired\":true,\"valueName\":\"search_term_string\"}}],\"inLanguage\":\"es\"},{\"@type\":\"Organization\",\"@id\":\"https:\\\/\\\/rls-wacon.de\\\/#organization\",\"name\":\"RLS Wacon analytics GmbH\",\"url\":\"https:\\\/\\\/rls-wacon.de\\\/\",\"logo\":{\"@type\":\"ImageObject\",\"inLanguage\":\"es\",\"@id\":\"https:\\\/\\\/rls-wacon.de\\\/#\\\/schema\\\/logo\\\/image\\\/\",\"url\":\"https:\\\/\\\/rls-wacon.de\\\/wp-content\\\/uploads\\\/2022\\\/10\\\/RLSWacon-analytics-Logo-BR-RZ-9_17-768x1591.png\",\"contentUrl\":\"https:\\\/\\\/rls-wacon.de\\\/wp-content\\\/uploads\\\/2022\\\/10\\\/RLSWacon-analytics-Logo-BR-RZ-9_17-768x1591.png\",\"width\":768,\"height\":159,\"caption\":\"RLS Wacon analytics GmbH\"},\"image\":{\"@id\":\"https:\\\/\\\/rls-wacon.de\\\/#\\\/schema\\\/logo\\\/image\\\/\"}}]}<\/script>\n<meta property=\"product:price:amount\" content=\"9999.00\" \/>\n<meta property=\"product:price:currency\" content=\"EUR\" \/>\n<meta property=\"og:availability\" content=\"instock\" \/>\n<meta property=\"product:availability\" content=\"instock\" \/>\n<meta property=\"product:retailer_item_id\" content=\"30-003502\" \/>\n<meta property=\"product:condition\" content=\"new\" \/>\n<!-- \/ Yoast SEO Premium plugin. -->","yoast_head_json":{"title":"LIMESPLUS - RLS Wacon analytics","description":"Los dispositivos de control de la dureza Limes permiten un control rentable de los sistemas de \u00f3smosis inversa con un an\u00e1lisis qu\u00edmico fiable.","robots":{"index":"index","follow":"follow","max-snippet":"max-snippet:-1","max-image-preview":"max-image-preview:large","max-video-preview":"max-video-preview:-1"},"canonical":"https:\/\/rls-wacon.de\/es\/produkt\/limesplus\/","og_locale":"es_ES","og_type":"article","og_title":"LIMESPLUS","og_description":"Los dispositivos de control de la dureza Limes permiten un control rentable de los sistemas de \u00f3smosis inversa con un an\u00e1lisis qu\u00edmico fiable.","og_url":"https:\/\/rls-wacon.de\/es\/produkt\/limesplus\/","og_site_name":"RLS Wacon analytics","article_modified_time":"2026-02-16T20:18:21+00:00","og_image":[{"width":2079,"height":2560,"url":"https:\/\/rls-wacon.de\/wp-content\/uploads\/2023\/03\/LimesPlus-scaled.webp","type":"image\/jpeg"}],"twitter_card":"summary_large_image","twitter_misc":{"Precio":"9.999,00&nbsp;&euro;","Disponibilidad":"Disponible"},"schema":{"@context":"https:\/\/schema.org","@graph":[{"@type":"WebPage","@id":"https:\/\/rls-wacon.de\/es\/produkt\/limesplus\/","url":"https:\/\/rls-wacon.de\/es\/produkt\/limesplus\/","name":"LIMESPLUS - RLS Wacon analytics","isPartOf":{"@id":"https:\/\/rls-wacon.de\/#website"},"primaryImageOfPage":{"@id":"https:\/\/rls-wacon.de\/es\/produkt\/limesplus\/#primaryimage"},"image":{"@id":"https:\/\/rls-wacon.de\/es\/produkt\/limesplus\/#primaryimage"},"thumbnailUrl":"https:\/\/rls-wacon.de\/wp-content\/uploads\/2026\/02\/LimesPlus-im-neuen-Gehaeuse.png","datePublished":"2023-03-11T21:13:05+00:00","dateModified":"2026-02-16T20:18:21+00:00","description":"Los dispositivos de control de la dureza Limes permiten un control rentable de los sistemas de \u00f3smosis inversa con un an\u00e1lisis qu\u00edmico fiable.","breadcrumb":{"@id":"https:\/\/rls-wacon.de\/es\/produkt\/limesplus\/#breadcrumb"},"inLanguage":"es","potentialAction":[{"@type":"ReadAction","target":["https:\/\/rls-wacon.de\/es\/produkt\/limesplus\/"]}]},{"@type":"ImageObject","inLanguage":"es","@id":"https:\/\/rls-wacon.de\/es\/produkt\/limesplus\/#primaryimage","url":"https:\/\/rls-wacon.de\/wp-content\/uploads\/2026\/02\/LimesPlus-im-neuen-Gehaeuse.png","contentUrl":"https:\/\/rls-wacon.de\/wp-content\/uploads\/2026\/02\/LimesPlus-im-neuen-Gehaeuse.png","width":1065,"height":1293},{"@type":"BreadcrumbList","@id":"https:\/\/rls-wacon.de\/es\/produkt\/limesplus\/#breadcrumb","itemListElement":[{"@type":"ListItem","position":1,"name":"Startseite","item":"https:\/\/rls-wacon.de\/pt-br\/"},{"@type":"ListItem","position":2,"name":"Productos","item":"https:\/\/rls-wacon.de\/shop\/"},{"@type":"ListItem","position":3,"name":"LIMESPLUS"}]},{"@type":"WebSite","@id":"https:\/\/rls-wacon.de\/#website","url":"https:\/\/rls-wacon.de\/","name":"RLS Wacon analytics GmbH","description":"Experts for water monitoring","publisher":{"@id":"https:\/\/rls-wacon.de\/#organization"},"potentialAction":[{"@type":"SearchAction","target":{"@type":"EntryPoint","urlTemplate":"https:\/\/rls-wacon.de\/?s={search_term_string}"},"query-input":{"@type":"PropertyValueSpecification","valueRequired":true,"valueName":"search_term_string"}}],"inLanguage":"es"},{"@type":"Organization","@id":"https:\/\/rls-wacon.de\/#organization","name":"RLS Wacon analytics GmbH","url":"https:\/\/rls-wacon.de\/","logo":{"@type":"ImageObject","inLanguage":"es","@id":"https:\/\/rls-wacon.de\/#\/schema\/logo\/image\/","url":"https:\/\/rls-wacon.de\/wp-content\/uploads\/2022\/10\/RLSWacon-analytics-Logo-BR-RZ-9_17-768x1591.png","contentUrl":"https:\/\/rls-wacon.de\/wp-content\/uploads\/2022\/10\/RLSWacon-analytics-Logo-BR-RZ-9_17-768x1591.png","width":768,"height":159,"caption":"RLS Wacon analytics GmbH"},"image":{"@id":"https:\/\/rls-wacon.de\/#\/schema\/logo\/image\/"}}]},"product_price_amount":"9999.00","product_price_currency":"EUR","og_availability":"instock","product_availability":"instock","product_retailer_item_id":"30-003502","product_condition":"new"},"_links":{"self":[{"href":"https:\/\/rls-wacon.de\/es\/wp-json\/wp\/v2\/product\/23742","targetHints":{"allow":["GET"]}}],"collection":[{"href":"https:\/\/rls-wacon.de\/es\/wp-json\/wp\/v2\/product"}],"about":[{"href":"https:\/\/rls-wacon.de\/es\/wp-json\/wp\/v2\/types\/product"}],"version-history":[{"count":1,"href":"https:\/\/rls-wacon.de\/es\/wp-json\/wp\/v2\/product\/23742\/revisions"}],"predecessor-version":[{"id":28820,"href":"https:\/\/rls-wacon.de\/es\/wp-json\/wp\/v2\/product\/23742\/revisions\/28820"}],"wp:featuredmedia":[{"embeddable":true,"href":"https:\/\/rls-wacon.de\/es\/wp-json\/wp\/v2\/media\/29172"}],"wp:attachment":[{"href":"https:\/\/rls-wacon.de\/es\/wp-json\/wp\/v2\/media?parent=23742"}],"wp:term":[{"taxonomy":"product_brand","embeddable":true,"href":"https:\/\/rls-wacon.de\/es\/wp-json\/wp\/v2\/product_brand?post=23742"},{"taxonomy":"product_cat","embeddable":true,"href":"https:\/\/rls-wacon.de\/es\/wp-json\/wp\/v2\/product_cat?post=23742"},{"taxonomy":"product_tag","embeddable":true,"href":"https:\/\/rls-wacon.de\/es\/wp-json\/wp\/v2\/product_tag?post=23742"}],"curies":[{"name":"wp","href":"https:\/\/api.w.org\/{rel}","templated":true}]}}