{"id":23954,"date":"2023-03-11T21:13:11","date_gmt":"2023-03-11T21:13:11","guid":{"rendered":"https:\/\/rls-wacon.de\/produkt\/sycon-2502-en-carcasa-24-vca-cc-2\/"},"modified":"2026-02-17T11:58:42","modified_gmt":"2026-02-17T10:58:42","slug":"sycon-2502-en-carcasa-24-vca-cc-2","status":"publish","type":"product","link":"https:\/\/rls-wacon.de\/es\/produkt\/sycon-2502-en-carcasa-24-vca-cc-2\/","title":{"rendered":"SYCON 2502 en carcasa (24 VCA\/CC)"},"content":{"rendered":"<ul>\n<li>Control de un valor l\u00edmite<\/li>\n<li>Dureza residual, dureza total o Alcalinidad (capacidad \u00e1cida)<\/li>\n<li>Indicador de deficiencia de alarma \/ funcionalidad BOB<\/li>\n<li>Indicador LED de estado<\/li>\n<li>lengua neutra<\/li>\n<li>Funcionamiento autom\u00e1tico a intervalos. Tiempo de intervalo ajustable mediante microinterruptor. <\/li>\n<li>Interrupci\u00f3n del intervalo por interruptor externo fuera de los tiempos de funcionamiento<\/li>\n<li>Conexiones:\n<ul>\n<li>3 salidas libres de potencial:\n<ul>\n<li>Valor l\u00edmite superado<\/li>\n<li>Fallo del aparato<\/li>\n<li>An\u00e1lisis activo (por ejemplo: v\u00e1lvula de agua de refrigeraci\u00f3n de un refrigerador de muestras)<\/li>\n<\/ul>\n<\/li>\n<li>Entrada de contacto libre de potencial para la activaci\u00f3n del an\u00e1lisis externo o la pausa del intervalo de an\u00e1lisis interno<\/li>\n<\/ul>\n<\/li>\n<\/ul>\n","protected":false},"excerpt":{"rendered":"<p>El SYCON 2502 es el analizador ideal para controlar los valores l\u00edmite de los sistemas de descalcificaci\u00f3n de agua. Permite activar la regeneraci\u00f3n controlada por demanda y controlar el retorno de condensado de tu sala de calderas. El valor l\u00edmite del analizador SYCON 2502 viene determinado por el indicador utilizado y se comprueba a intervalos de tiempo fijos. Si se supera el valor l\u00edmite, se env\u00eda una se\u00f1al a la unidad de control.   <\/p>\n","protected":false},"featured_media":28195,"template":"","meta":{"_acf_changed":false},"product_brand":[],"product_cat":[1281],"product_tag":[],"class_list":{"0":"post-23954","1":"product","2":"type-product","3":"status-publish","4":"has-post-thumbnail","6":"product_cat-sin-categoria","8":"first","9":"instock","10":"shipping-taxable","11":"purchasable","12":"product-type-simple"},"exclude_global_add_ons":[],"addons":[],"acf":[],"yoast_head":"<!-- This site is optimized with the Yoast SEO Premium plugin v27.3 (Yoast SEO v27.4) - https:\/\/yoast.com\/product\/yoast-seo-premium-wordpress\/ -->\n<title>SYCON 2502 en carcasa (24 VCA\/CC) - RLS Wacon analytics<\/title>\n<meta name=\"description\" content=\"El SYCON 2502 es el analizador ideal para controlar los valores l\u00edmite de los sistemas de descalcificaci\u00f3n de agua.\" \/>\n<meta name=\"robots\" content=\"index, follow, max-snippet:-1, max-image-preview:large, max-video-preview:-1\" \/>\n<link rel=\"canonical\" href=\"https:\/\/rls-wacon.de\/es\/produkt\/sycon-2502-en-carcasa-24-vca-cc-2\/\" \/>\n<meta property=\"og:locale\" content=\"es_ES\" \/>\n<meta property=\"og:type\" content=\"article\" \/>\n<meta property=\"og:title\" content=\"SYCON 2502 en carcasa (24 VCA\/CC)\" \/>\n<meta property=\"og:description\" content=\"El SYCON 2502 es el analizador ideal para controlar los valores l\u00edmite de los sistemas de descalcificaci\u00f3n de agua.\" \/>\n<meta property=\"og:url\" content=\"https:\/\/rls-wacon.de\/es\/produkt\/sycon-2502-en-carcasa-24-vca-cc-2\/\" \/>\n<meta property=\"og:site_name\" content=\"RLS Wacon analytics\" \/>\n<meta property=\"article:modified_time\" content=\"2026-02-17T10:58:42+00:00\" \/>\n<meta property=\"og:image\" content=\"https:\/\/rls-wacon.de\/wp-content\/uploads\/2023\/03\/sycon-2502.5.jpg\" \/>\n\t<meta property=\"og:image:width\" content=\"517\" \/>\n\t<meta property=\"og:image:height\" content=\"538\" \/>\n\t<meta property=\"og:image:type\" content=\"image\/jpeg\" \/>\n<meta name=\"twitter:card\" content=\"summary_large_image\" \/>\n<meta name=\"twitter:label1\" content=\"Precio\" \/>\n\t<meta name=\"twitter:data1\" content=\"9.999,00&nbsp;&euro;\" \/>\n\t<meta name=\"twitter:label2\" content=\"Disponibilidad\" \/>\n\t<meta name=\"twitter:data2\" content=\"Disponible\" \/>\n<script type=\"application\/ld+json\" class=\"yoast-schema-graph\">{\"@context\":\"https:\\\/\\\/schema.org\",\"@graph\":[{\"@type\":\"WebPage\",\"@id\":\"https:\\\/\\\/rls-wacon.de\\\/es\\\/produkt\\\/sycon-2502-en-carcasa-24-vca-cc-2\\\/\",\"url\":\"https:\\\/\\\/rls-wacon.de\\\/es\\\/produkt\\\/sycon-2502-en-carcasa-24-vca-cc-2\\\/\",\"name\":\"SYCON 2502 en carcasa (24 VCA\\\/CC) - RLS Wacon analytics\",\"isPartOf\":{\"@id\":\"https:\\\/\\\/rls-wacon.de\\\/#website\"},\"primaryImageOfPage\":{\"@id\":\"https:\\\/\\\/rls-wacon.de\\\/es\\\/produkt\\\/sycon-2502-en-carcasa-24-vca-cc-2\\\/#primaryimage\"},\"image\":{\"@id\":\"https:\\\/\\\/rls-wacon.de\\\/es\\\/produkt\\\/sycon-2502-en-carcasa-24-vca-cc-2\\\/#primaryimage\"},\"thumbnailUrl\":\"https:\\\/\\\/rls-wacon.de\\\/wp-content\\\/uploads\\\/2023\\\/03\\\/sycon-2502.5.jpg\",\"datePublished\":\"2023-03-11T21:13:11+00:00\",\"dateModified\":\"2026-02-17T10:58:42+00:00\",\"description\":\"El SYCON 2502 es el analizador ideal para controlar los valores l\u00edmite de los sistemas de descalcificaci\u00f3n de agua.\",\"breadcrumb\":{\"@id\":\"https:\\\/\\\/rls-wacon.de\\\/es\\\/produkt\\\/sycon-2502-en-carcasa-24-vca-cc-2\\\/#breadcrumb\"},\"inLanguage\":\"es\",\"potentialAction\":[{\"@type\":\"ReadAction\",\"target\":[\"https:\\\/\\\/rls-wacon.de\\\/es\\\/produkt\\\/sycon-2502-en-carcasa-24-vca-cc-2\\\/\"]}]},{\"@type\":\"ImageObject\",\"inLanguage\":\"es\",\"@id\":\"https:\\\/\\\/rls-wacon.de\\\/es\\\/produkt\\\/sycon-2502-en-carcasa-24-vca-cc-2\\\/#primaryimage\",\"url\":\"https:\\\/\\\/rls-wacon.de\\\/wp-content\\\/uploads\\\/2023\\\/03\\\/sycon-2502.5.jpg\",\"contentUrl\":\"https:\\\/\\\/rls-wacon.de\\\/wp-content\\\/uploads\\\/2023\\\/03\\\/sycon-2502.5.jpg\",\"width\":517,\"height\":538,\"caption\":\"sycon-2502.5\"},{\"@type\":\"BreadcrumbList\",\"@id\":\"https:\\\/\\\/rls-wacon.de\\\/es\\\/produkt\\\/sycon-2502-en-carcasa-24-vca-cc-2\\\/#breadcrumb\",\"itemListElement\":[{\"@type\":\"ListItem\",\"position\":1,\"name\":\"Startseite\",\"item\":\"https:\\\/\\\/rls-wacon.de\\\/pt-br\\\/\"},{\"@type\":\"ListItem\",\"position\":2,\"name\":\"Productos\",\"item\":\"https:\\\/\\\/rls-wacon.de\\\/shop\\\/\"},{\"@type\":\"ListItem\",\"position\":3,\"name\":\"SYCON 2502 en carcasa (24 VCA\\\/CC)\"}]},{\"@type\":\"WebSite\",\"@id\":\"https:\\\/\\\/rls-wacon.de\\\/#website\",\"url\":\"https:\\\/\\\/rls-wacon.de\\\/\",\"name\":\"RLS Wacon analytics GmbH\",\"description\":\"Experts for water monitoring\",\"publisher\":{\"@id\":\"https:\\\/\\\/rls-wacon.de\\\/#organization\"},\"potentialAction\":[{\"@type\":\"SearchAction\",\"target\":{\"@type\":\"EntryPoint\",\"urlTemplate\":\"https:\\\/\\\/rls-wacon.de\\\/?s={search_term_string}\"},\"query-input\":{\"@type\":\"PropertyValueSpecification\",\"valueRequired\":true,\"valueName\":\"search_term_string\"}}],\"inLanguage\":\"es\"},{\"@type\":\"Organization\",\"@id\":\"https:\\\/\\\/rls-wacon.de\\\/#organization\",\"name\":\"RLS Wacon analytics GmbH\",\"url\":\"https:\\\/\\\/rls-wacon.de\\\/\",\"logo\":{\"@type\":\"ImageObject\",\"inLanguage\":\"es\",\"@id\":\"https:\\\/\\\/rls-wacon.de\\\/#\\\/schema\\\/logo\\\/image\\\/\",\"url\":\"https:\\\/\\\/rls-wacon.de\\\/wp-content\\\/uploads\\\/2022\\\/10\\\/RLSWacon-analytics-Logo-BR-RZ-9_17-768x1591.png\",\"contentUrl\":\"https:\\\/\\\/rls-wacon.de\\\/wp-content\\\/uploads\\\/2022\\\/10\\\/RLSWacon-analytics-Logo-BR-RZ-9_17-768x1591.png\",\"width\":768,\"height\":159,\"caption\":\"RLS Wacon analytics GmbH\"},\"image\":{\"@id\":\"https:\\\/\\\/rls-wacon.de\\\/#\\\/schema\\\/logo\\\/image\\\/\"}}]}<\/script>\n<meta property=\"product:price:amount\" content=\"9999.00\" \/>\n<meta property=\"product:price:currency\" content=\"EUR\" \/>\n<meta property=\"og:availability\" content=\"instock\" \/>\n<meta property=\"product:availability\" content=\"instock\" \/>\n<meta property=\"product:condition\" content=\"new\" \/>\n<!-- \/ Yoast SEO Premium plugin. -->","yoast_head_json":{"title":"SYCON 2502 en carcasa (24 VCA\/CC) - RLS Wacon analytics","description":"El SYCON 2502 es el analizador ideal para controlar los valores l\u00edmite de los sistemas de descalcificaci\u00f3n de agua.","robots":{"index":"index","follow":"follow","max-snippet":"max-snippet:-1","max-image-preview":"max-image-preview:large","max-video-preview":"max-video-preview:-1"},"canonical":"https:\/\/rls-wacon.de\/es\/produkt\/sycon-2502-en-carcasa-24-vca-cc-2\/","og_locale":"es_ES","og_type":"article","og_title":"SYCON 2502 en carcasa (24 VCA\/CC)","og_description":"El SYCON 2502 es el analizador ideal para controlar los valores l\u00edmite de los sistemas de descalcificaci\u00f3n de agua.","og_url":"https:\/\/rls-wacon.de\/es\/produkt\/sycon-2502-en-carcasa-24-vca-cc-2\/","og_site_name":"RLS Wacon analytics","article_modified_time":"2026-02-17T10:58:42+00:00","og_image":[{"width":517,"height":538,"url":"https:\/\/rls-wacon.de\/wp-content\/uploads\/2023\/03\/sycon-2502.5.jpg","type":"image\/jpeg"}],"twitter_card":"summary_large_image","twitter_misc":{"Precio":"9.999,00&nbsp;&euro;","Disponibilidad":"Disponible"},"schema":{"@context":"https:\/\/schema.org","@graph":[{"@type":"WebPage","@id":"https:\/\/rls-wacon.de\/es\/produkt\/sycon-2502-en-carcasa-24-vca-cc-2\/","url":"https:\/\/rls-wacon.de\/es\/produkt\/sycon-2502-en-carcasa-24-vca-cc-2\/","name":"SYCON 2502 en carcasa (24 VCA\/CC) - RLS Wacon analytics","isPartOf":{"@id":"https:\/\/rls-wacon.de\/#website"},"primaryImageOfPage":{"@id":"https:\/\/rls-wacon.de\/es\/produkt\/sycon-2502-en-carcasa-24-vca-cc-2\/#primaryimage"},"image":{"@id":"https:\/\/rls-wacon.de\/es\/produkt\/sycon-2502-en-carcasa-24-vca-cc-2\/#primaryimage"},"thumbnailUrl":"https:\/\/rls-wacon.de\/wp-content\/uploads\/2023\/03\/sycon-2502.5.jpg","datePublished":"2023-03-11T21:13:11+00:00","dateModified":"2026-02-17T10:58:42+00:00","description":"El SYCON 2502 es el analizador ideal para controlar los valores l\u00edmite de los sistemas de descalcificaci\u00f3n de agua.","breadcrumb":{"@id":"https:\/\/rls-wacon.de\/es\/produkt\/sycon-2502-en-carcasa-24-vca-cc-2\/#breadcrumb"},"inLanguage":"es","potentialAction":[{"@type":"ReadAction","target":["https:\/\/rls-wacon.de\/es\/produkt\/sycon-2502-en-carcasa-24-vca-cc-2\/"]}]},{"@type":"ImageObject","inLanguage":"es","@id":"https:\/\/rls-wacon.de\/es\/produkt\/sycon-2502-en-carcasa-24-vca-cc-2\/#primaryimage","url":"https:\/\/rls-wacon.de\/wp-content\/uploads\/2023\/03\/sycon-2502.5.jpg","contentUrl":"https:\/\/rls-wacon.de\/wp-content\/uploads\/2023\/03\/sycon-2502.5.jpg","width":517,"height":538,"caption":"sycon-2502.5"},{"@type":"BreadcrumbList","@id":"https:\/\/rls-wacon.de\/es\/produkt\/sycon-2502-en-carcasa-24-vca-cc-2\/#breadcrumb","itemListElement":[{"@type":"ListItem","position":1,"name":"Startseite","item":"https:\/\/rls-wacon.de\/pt-br\/"},{"@type":"ListItem","position":2,"name":"Productos","item":"https:\/\/rls-wacon.de\/shop\/"},{"@type":"ListItem","position":3,"name":"SYCON 2502 en carcasa (24 VCA\/CC)"}]},{"@type":"WebSite","@id":"https:\/\/rls-wacon.de\/#website","url":"https:\/\/rls-wacon.de\/","name":"RLS Wacon analytics GmbH","description":"Experts for water monitoring","publisher":{"@id":"https:\/\/rls-wacon.de\/#organization"},"potentialAction":[{"@type":"SearchAction","target":{"@type":"EntryPoint","urlTemplate":"https:\/\/rls-wacon.de\/?s={search_term_string}"},"query-input":{"@type":"PropertyValueSpecification","valueRequired":true,"valueName":"search_term_string"}}],"inLanguage":"es"},{"@type":"Organization","@id":"https:\/\/rls-wacon.de\/#organization","name":"RLS Wacon analytics GmbH","url":"https:\/\/rls-wacon.de\/","logo":{"@type":"ImageObject","inLanguage":"es","@id":"https:\/\/rls-wacon.de\/#\/schema\/logo\/image\/","url":"https:\/\/rls-wacon.de\/wp-content\/uploads\/2022\/10\/RLSWacon-analytics-Logo-BR-RZ-9_17-768x1591.png","contentUrl":"https:\/\/rls-wacon.de\/wp-content\/uploads\/2022\/10\/RLSWacon-analytics-Logo-BR-RZ-9_17-768x1591.png","width":768,"height":159,"caption":"RLS Wacon analytics GmbH"},"image":{"@id":"https:\/\/rls-wacon.de\/#\/schema\/logo\/image\/"}}]},"product_price_amount":"9999.00","product_price_currency":"EUR","og_availability":"instock","product_availability":"instock","product_condition":"new"},"_links":{"self":[{"href":"https:\/\/rls-wacon.de\/es\/wp-json\/wp\/v2\/product\/23954","targetHints":{"allow":["GET"]}}],"collection":[{"href":"https:\/\/rls-wacon.de\/es\/wp-json\/wp\/v2\/product"}],"about":[{"href":"https:\/\/rls-wacon.de\/es\/wp-json\/wp\/v2\/types\/product"}],"version-history":[{"count":2,"href":"https:\/\/rls-wacon.de\/es\/wp-json\/wp\/v2\/product\/23954\/revisions"}],"predecessor-version":[{"id":29095,"href":"https:\/\/rls-wacon.de\/es\/wp-json\/wp\/v2\/product\/23954\/revisions\/29095"}],"wp:featuredmedia":[{"embeddable":true,"href":"https:\/\/rls-wacon.de\/es\/wp-json\/wp\/v2\/media\/28195"}],"wp:attachment":[{"href":"https:\/\/rls-wacon.de\/es\/wp-json\/wp\/v2\/media?parent=23954"}],"wp:term":[{"taxonomy":"product_brand","embeddable":true,"href":"https:\/\/rls-wacon.de\/es\/wp-json\/wp\/v2\/product_brand?post=23954"},{"taxonomy":"product_cat","embeddable":true,"href":"https:\/\/rls-wacon.de\/es\/wp-json\/wp\/v2\/product_cat?post=23954"},{"taxonomy":"product_tag","embeddable":true,"href":"https:\/\/rls-wacon.de\/es\/wp-json\/wp\/v2\/product_tag?post=23954"}],"curies":[{"name":"wp","href":"https:\/\/api.w.org\/{rel}","templated":true}]}}