{"id":23961,"date":"2023-03-11T22:13:11","date_gmt":"2023-03-11T21:13:11","guid":{"rendered":"https:\/\/rls-wacon.de\/produkt\/sinc-2602\/"},"modified":"2026-03-25T15:50:18","modified_gmt":"2026-03-25T14:50:18","slug":"sinc-2602","status":"publish","type":"product","link":"https:\/\/rls-wacon.de\/es\/produkt\/sinc-2602\/","title":{"rendered":"SINC 2602"},"content":{"rendered":"<h2 style=\"color: #0069b3;\">SYCON 2602 &#8211; Control del valor l\u00edmite de la dureza del agua y la dureza de carbonath\u00e4rte<\/h2>\n<h3 style=\"color: #0069b3;\">\u00bfPor qu\u00e9 hay que controlar la dureza del agua?<\/h3>\n<p>En el tratamiento del agua, el control fiable de la dureza del agua es un factor decisivo para la protecci\u00f3n de los sistemas y procesos posteriores. Los sistemas de descalcificaci\u00f3n que funcionan a base de intercambiadores de iones deben regenerarse a tiempo, antes de que los iones formadores de dureza (calcio y magnesio) atraviesen el intercambiador. <strong>Una ruptura puede provocar incrustaciones en tuber\u00edas, intercambiadores de calor y calderas de vapor<\/strong>, con los consiguientes costes considerables por p\u00e9rdidas de energ\u00eda, paradas de producci\u00f3n y costosas limpiezas. <\/p>\n<p>El control del valor l\u00edmite tambi\u00e9n es esencial para la protecci\u00f3n de los sistemas de \u00f3smosis inversa: si se supera la dureza permitida en el agua de alimentaci\u00f3n, existe el riesgo de que se produzcan da\u00f1os irreversibles en la membrana debido a la formaci\u00f3n de incrustaciones. La detecci\u00f3n precoz de una ruptura de dureza permite una intervenci\u00f3n inmediata, ya sea mediante un disparo de regeneraci\u00f3n controlado por demanda o una parada de seguridad del sistema aguas abajo. <\/p>\n<h3 style=\"color: #0069b3;\">\u00bfQu\u00e9 es el SYCON 2602?<\/h3>\n<p>El SYCON 2602 de RLS Wacon es un analizador en l\u00ednea totalmente autom\u00e1tico para controlar el valor l\u00edmite de la dureza total o la dureza carbonatada (capacidad \u00e1cida KS 4,3) en aguas de proceso e industriales. Como modelo b\u00e1sico de la serie SYCON, ofrece una evaluaci\u00f3n fiable de la calidad del agua: el aparato comprueba si el valor l\u00edmite definido por el indicador utilizado se cumple o se supera en cada an\u00e1lisis e informa del resultado a trav\u00e9s de hasta tres salidas de rel\u00e9 libres de potencial. <\/p>\n<p>Adem\u00e1s del estado del valor l\u00edmite, la pantalla gr\u00e1fica en color tambi\u00e9n muestra informaci\u00f3n como el intervalo de an\u00e1lisis, el suministro del indicador, el estado del aparato y el historial de errores. El men\u00fa de navegaci\u00f3n est\u00e1 disponible en nueve idiomas: Alem\u00e1n, ingl\u00e9s, franc\u00e9s, italiano, espa\u00f1ol, ruso, polaco, neerland\u00e9s y dan\u00e9s. <\/p>\n<h3 style=\"color: #0069b3;\">\u00bfC\u00f3mo funciona el SYCON 2602?<\/h3>\n<p>El SYCON 2602 funciona seg\u00fan el principio del <strong>m\u00e9todo del valor l\u00edmite colorim\u00e9trico<\/strong>. Para cada an\u00e1lisis, se introduce autom\u00e1ticamente una muestra de agua en la c\u00e9lula de medici\u00f3n y se a\u00f1ade el indicador correspondiente (serie H25 para la dureza total o serie C25 para la dureza de Carbonath\u00e4rte). Un sensor RGB a todo color que no requiere mantenimiento, en combinaci\u00f3n con un LED blanco de alto rendimiento, eval\u00faa el cambio de color de la muestra.  <\/p>\n<p>Si la dureza del agua de la muestra est\u00e1 por debajo del valor l\u00edmite del indicador, la muestra se decolora y el resultado es \u00abBUENA\u00bb. Si no hay decoloraci\u00f3n o es demasiado d\u00e9bil, se informa de que se ha superado el valor l\u00edmite (\u00abPOBRE\u00bb) y el rel\u00e9 1 conmuta. Despu\u00e9s de la medici\u00f3n, la c\u00e9lula de medici\u00f3n se lava autom\u00e1ticamente con presi\u00f3n de l\u00ednea para que ning\u00fan residuo del indicador afecte al siguiente an\u00e1lisis.  <\/p>\n<p>El sensor de color se calibra autom\u00e1ticamente frente a la luz ambiental, la contaminaci\u00f3n y la turbidez de la muestra de agua durante cada medici\u00f3n. Un autodiagn\u00f3stico integrado con control de plausibilidad de los datos del sensor garantiza una fiabilidad operativa adicional. Todos los resultados de las mediciones se registran autom\u00e1ticamente en una tarjeta SD.  <\/p>\n<h3 style=\"color: #0069b3;\">Funcionalidad BOB &#8211; funcionamiento sin supervisi\u00f3n<\/h3>\n<p>El SYCON 2602 controla autom\u00e1ticamente el suministro de indicador y avisa mediante la salida de rel\u00e9 3 configurable cuando el nivel de llenado es bajo. La funci\u00f3n BOB (funcionamiento sin supervisi\u00f3n) permite un funcionamiento continuo y sin supervisi\u00f3n durante al menos 72 horas: con un consumo de indicador inferior a 0,1 ml por an\u00e1lisis y al menos 5.000 an\u00e1lisis por botella de 500 ml, es posible funcionar durante semanas sin rellenar. <\/p>\n<h3 style=\"color: #0069b3;\">Ventajas del SYCON 2602<\/h3>\n<ul class=\"feature-list\">\n<li>Control fiable de los valores l\u00edmite de la dureza total y la dureza carbonatada\n<p style=\"text-indent: 30px; font-style: italic;\">Evaluaci\u00f3n autom\u00e1tica bueno\/malo con alarma inmediata mediante salida de rel\u00e9<\/p>\n<\/li>\n<li>11 valores l\u00edmite para la dureza total, 4 para la dureza carbonath\u00e4rte\n<p style=\"text-indent: 30px; font-style: italic;\">De 0,02 a 10 \u00b0dH (dureza total) y de 1 a 3 \u00b0dH (dureza carbonatada) &#8211; adecuado para cualquier aplicaci\u00f3n<\/p>\n<\/li>\n<li>Sensor autocalibrado a todo color\n<p style=\"text-indent: 30px; font-style: italic;\">No requiere calibraci\u00f3n manual: compensaci\u00f3n autom\u00e1tica de la luz ambiental, la contaminaci\u00f3n y la turbidez<\/p>\n<\/li>\n<li>Consumo de indicadores muy bajo\n<p style=\"text-indent: 30px; font-style: italic;\">Menos de 0,1 ml por an\u00e1lisis &#8211; al menos 5.000 an\u00e1lisis por frasco de 500 ml<\/p>\n<\/li>\n<li>Puesta en marcha sencilla mediante el asistente de instalaci\u00f3n\n<p style=\"text-indent: 30px; font-style: italic;\">Gu\u00eda paso a paso en la pantalla gr\u00e1fica, incluso sin conocimientos previos<\/p>\n<\/li>\n<li>3 salidas de rel\u00e9 sin potencial\n<p style=\"text-indent: 30px; font-style: italic;\">Alarma de valor l\u00edmite, fallo del aparato y an\u00e1lisis activo \/ mensaje BOB \/ nivel de llenado del indicador &#8211; libremente configurable<\/p>\n<\/li>\n<li>Bajo esfuerzo de mantenimiento\n<p style=\"text-indent: 30px; font-style: italic;\">Tecnolog\u00eda de bomba perist\u00e1ltica y lavado autom\u00e1tico de la c\u00e9lula de medici\u00f3n con la presi\u00f3n de la l\u00ednea &#8211; Mantenimiento programado cada 2 a\u00f1os o 30.000 an\u00e1lisis<\/p>\n<\/li>\n<li>Pantalla gr\u00e1fica en 9 idiomas\n<p style=\"text-indent: 30px; font-style: italic;\">DE, EN, FR, IT, ES, RU, PL, NL, DK &#8211; ideal para uso internacional<\/p>\n<\/li>\n<li>Tarjeta SD para registro de valores medidos\n<p style=\"text-indent: 30px; font-style: italic;\">Documentaci\u00f3n completa de todos los resultados de los an\u00e1lisis con sello de tiempo<\/p>\n<\/li>\n<li>Dise\u00f1o compacto: soporte mural o carcasa\n<p style=\"text-indent: 30px; font-style: italic;\">274 \u00d7 275 \u00d7 129 mm (soporte de pared IP43) o 332 \u00d7 345 \u00d7 190 mm (carcasa IP54)<\/p>\n<\/li>\n<\/ul>\n","protected":false},"excerpt":{"rendered":"<p>SYCON 2602 &#8211; Control del valor l\u00edmite de la dureza del agua y la dureza de carbonath\u00e4rte \u00bfPor qu\u00e9 hay que controlar la dureza del agua? En el tratamiento del agua, el control fiable de la dureza del agua es un factor decisivo para la protecci\u00f3n de los sistemas y procesos posteriores. Los sistemas de [&hellip;]<\/p>\n","protected":false},"featured_media":27207,"template":"","meta":{"_acf_changed":false},"product_brand":[],"product_cat":[1327,1326,1319],"product_tag":[2580,2578,2572,2570,1555,1556,2363,2568,2574,2576],"class_list":{"0":"post-23961","1":"product","2":"type-product","3":"status-publish","4":"has-post-thumbnail","6":"product_cat-dureza-carbonatada-es","7":"product_cat-dureza-total-es","8":"product_cat-sycon-es","9":"product_tag-analisis-del-agua","10":"product_tag-analisis-en-linea","11":"product_tag-carbonathaerte","12":"product_tag-control-del-valor-limite","13":"product_tag-dureza-del-agua","14":"product_tag-dureza-total","15":"product_tag-osmosis-inversa","16":"product_tag-sinc-2602","17":"product_tag-sistema-de-ablandamiento","18":"product_tag-valoracion","19":"pa_bauart-carcasa-ip54","20":"pa_bauart-soporte-de-pared-ip43","22":"first","23":"instock","24":"featured","25":"shipping-taxable","26":"purchasable","27":"product-type-variable","28":"has-default-attributes"},"exclude_global_add_ons":[],"addons":[],"acf":[],"yoast_head":"<!-- This site is optimized with the Yoast SEO Premium plugin v27.3 (Yoast SEO v27.3) - https:\/\/yoast.com\/product\/yoast-seo-premium-wordpress\/ -->\n<title>SINC 2602 - RLS Wacon analytics<\/title>\n<meta name=\"description\" content=\"El SYCON 2602 es un dispositivo de control de valores l\u00edmite totalmente autom\u00e1tico para la dureza total y la dureza de carbonath\u00e4rte. M\u00e9todo colorim\u00e9trico, 3 salidas de rel\u00e9, sensor de color autocalibrado, tarjeta SD. Fabricado en Alemania.\" \/>\n<meta name=\"robots\" content=\"index, follow, max-snippet:-1, max-image-preview:large, max-video-preview:-1\" \/>\n<link rel=\"canonical\" href=\"https:\/\/rls-wacon.de\/es\/produkt\/sinc-2602\/\" \/>\n<meta property=\"og:locale\" content=\"es_ES\" \/>\n<meta property=\"og:type\" content=\"article\" \/>\n<meta property=\"og:title\" content=\"SINC 2602\" \/>\n<meta property=\"og:description\" content=\"El SYCON 2602 es un dispositivo de control de valores l\u00edmite totalmente autom\u00e1tico para la dureza total y la dureza de carbonath\u00e4rte. M\u00e9todo colorim\u00e9trico, 3 salidas de rel\u00e9, sensor de color autocalibrado, tarjeta SD. Fabricado en Alemania.\" \/>\n<meta property=\"og:url\" content=\"https:\/\/rls-wacon.de\/es\/produkt\/sinc-2602\/\" \/>\n<meta property=\"og:site_name\" content=\"RLS Wacon analytics\" \/>\n<meta property=\"article:modified_time\" content=\"2026-03-25T14:50:18+00:00\" \/>\n<meta property=\"og:image\" content=\"https:\/\/rls-wacon.de\/wp-content\/uploads\/2023\/03\/Sycon-2602-im-Gehaeuse.png\" \/>\n\t<meta property=\"og:image:width\" content=\"1421\" \/>\n\t<meta property=\"og:image:height\" content=\"1292\" \/>\n\t<meta property=\"og:image:type\" content=\"image\/png\" \/>\n<meta name=\"twitter:card\" content=\"summary_large_image\" \/>\n<meta name=\"twitter:label1\" content=\"Disponibilidad\" \/>\n\t<meta name=\"twitter:data1\" content=\"Disponible\" \/>\n<script type=\"application\/ld+json\" class=\"yoast-schema-graph\">{\"@context\":\"https:\\\/\\\/schema.org\",\"@graph\":[{\"@type\":\"WebPage\",\"@id\":\"https:\\\/\\\/rls-wacon.de\\\/es\\\/produkt\\\/sinc-2602\\\/\",\"url\":\"https:\\\/\\\/rls-wacon.de\\\/es\\\/produkt\\\/sinc-2602\\\/\",\"name\":\"SINC 2602 - RLS Wacon analytics\",\"isPartOf\":{\"@id\":\"https:\\\/\\\/rls-wacon.de\\\/#website\"},\"primaryImageOfPage\":{\"@id\":\"https:\\\/\\\/rls-wacon.de\\\/es\\\/produkt\\\/sinc-2602\\\/#primaryimage\"},\"image\":{\"@id\":\"https:\\\/\\\/rls-wacon.de\\\/es\\\/produkt\\\/sinc-2602\\\/#primaryimage\"},\"thumbnailUrl\":\"https:\\\/\\\/rls-wacon.de\\\/wp-content\\\/uploads\\\/2023\\\/03\\\/Sycon-2602-im-Gehaeuse.png\",\"datePublished\":\"2023-03-11T21:13:11+00:00\",\"dateModified\":\"2026-03-25T14:50:18+00:00\",\"description\":\"El SYCON 2602 es un dispositivo de control de valores l\u00edmite totalmente autom\u00e1tico para la dureza total y la dureza de carbonath\u00e4rte. M\u00e9todo colorim\u00e9trico, 3 salidas de rel\u00e9, sensor de color autocalibrado, tarjeta SD. Fabricado en Alemania.\",\"breadcrumb\":{\"@id\":\"https:\\\/\\\/rls-wacon.de\\\/es\\\/produkt\\\/sinc-2602\\\/#breadcrumb\"},\"inLanguage\":\"es\",\"potentialAction\":[{\"@type\":\"ReadAction\",\"target\":[\"https:\\\/\\\/rls-wacon.de\\\/es\\\/produkt\\\/sinc-2602\\\/\"]}]},{\"@type\":\"ImageObject\",\"inLanguage\":\"es\",\"@id\":\"https:\\\/\\\/rls-wacon.de\\\/es\\\/produkt\\\/sinc-2602\\\/#primaryimage\",\"url\":\"https:\\\/\\\/rls-wacon.de\\\/wp-content\\\/uploads\\\/2023\\\/03\\\/Sycon-2602-im-Gehaeuse.png\",\"contentUrl\":\"https:\\\/\\\/rls-wacon.de\\\/wp-content\\\/uploads\\\/2023\\\/03\\\/Sycon-2602-im-Gehaeuse.png\",\"width\":1421,\"height\":1292},{\"@type\":\"BreadcrumbList\",\"@id\":\"https:\\\/\\\/rls-wacon.de\\\/es\\\/produkt\\\/sinc-2602\\\/#breadcrumb\",\"itemListElement\":[{\"@type\":\"ListItem\",\"position\":1,\"name\":\"Startseite\",\"item\":\"https:\\\/\\\/rls-wacon.de\\\/pt-br\\\/\"},{\"@type\":\"ListItem\",\"position\":2,\"name\":\"Productos\",\"item\":\"https:\\\/\\\/rls-wacon.de\\\/shop\\\/\"},{\"@type\":\"ListItem\",\"position\":3,\"name\":\"SINC 2602\"}]},{\"@type\":\"WebSite\",\"@id\":\"https:\\\/\\\/rls-wacon.de\\\/#website\",\"url\":\"https:\\\/\\\/rls-wacon.de\\\/\",\"name\":\"RLS Wacon analytics GmbH\",\"description\":\"Experts for water monitoring\",\"publisher\":{\"@id\":\"https:\\\/\\\/rls-wacon.de\\\/#organization\"},\"potentialAction\":[{\"@type\":\"SearchAction\",\"target\":{\"@type\":\"EntryPoint\",\"urlTemplate\":\"https:\\\/\\\/rls-wacon.de\\\/?s={search_term_string}\"},\"query-input\":{\"@type\":\"PropertyValueSpecification\",\"valueRequired\":true,\"valueName\":\"search_term_string\"}}],\"inLanguage\":\"es\"},{\"@type\":\"Organization\",\"@id\":\"https:\\\/\\\/rls-wacon.de\\\/#organization\",\"name\":\"RLS Wacon analytics GmbH\",\"url\":\"https:\\\/\\\/rls-wacon.de\\\/\",\"logo\":{\"@type\":\"ImageObject\",\"inLanguage\":\"es\",\"@id\":\"https:\\\/\\\/rls-wacon.de\\\/#\\\/schema\\\/logo\\\/image\\\/\",\"url\":\"https:\\\/\\\/rls-wacon.de\\\/wp-content\\\/uploads\\\/2022\\\/10\\\/RLSWacon-analytics-Logo-BR-RZ-9_17-768x1591.png\",\"contentUrl\":\"https:\\\/\\\/rls-wacon.de\\\/wp-content\\\/uploads\\\/2022\\\/10\\\/RLSWacon-analytics-Logo-BR-RZ-9_17-768x1591.png\",\"width\":768,\"height\":159,\"caption\":\"RLS Wacon analytics GmbH\"},\"image\":{\"@id\":\"https:\\\/\\\/rls-wacon.de\\\/#\\\/schema\\\/logo\\\/image\\\/\"}}]}<\/script>\n<meta property=\"og:availability\" content=\"instock\" \/>\n<meta property=\"product:availability\" content=\"instock\" \/>\n<meta property=\"product:retailer_item_id\" content=\"30-410160\" \/>\n<meta property=\"product:condition\" content=\"new\" \/>\n<!-- \/ Yoast SEO Premium plugin. -->","yoast_head_json":{"title":"SINC 2602 - RLS Wacon analytics","description":"El SYCON 2602 es un dispositivo de control de valores l\u00edmite totalmente autom\u00e1tico para la dureza total y la dureza de carbonath\u00e4rte. M\u00e9todo colorim\u00e9trico, 3 salidas de rel\u00e9, sensor de color autocalibrado, tarjeta SD. Fabricado en Alemania.","robots":{"index":"index","follow":"follow","max-snippet":"max-snippet:-1","max-image-preview":"max-image-preview:large","max-video-preview":"max-video-preview:-1"},"canonical":"https:\/\/rls-wacon.de\/es\/produkt\/sinc-2602\/","og_locale":"es_ES","og_type":"article","og_title":"SINC 2602","og_description":"El SYCON 2602 es un dispositivo de control de valores l\u00edmite totalmente autom\u00e1tico para la dureza total y la dureza de carbonath\u00e4rte. M\u00e9todo colorim\u00e9trico, 3 salidas de rel\u00e9, sensor de color autocalibrado, tarjeta SD. Fabricado en Alemania.","og_url":"https:\/\/rls-wacon.de\/es\/produkt\/sinc-2602\/","og_site_name":"RLS Wacon analytics","article_modified_time":"2026-03-25T14:50:18+00:00","og_image":[{"width":1421,"height":1292,"url":"https:\/\/rls-wacon.de\/wp-content\/uploads\/2023\/03\/Sycon-2602-im-Gehaeuse.png","type":"image\/png"}],"twitter_card":"summary_large_image","twitter_misc":{"Disponibilidad":"Disponible"},"schema":{"@context":"https:\/\/schema.org","@graph":[{"@type":"WebPage","@id":"https:\/\/rls-wacon.de\/es\/produkt\/sinc-2602\/","url":"https:\/\/rls-wacon.de\/es\/produkt\/sinc-2602\/","name":"SINC 2602 - RLS Wacon analytics","isPartOf":{"@id":"https:\/\/rls-wacon.de\/#website"},"primaryImageOfPage":{"@id":"https:\/\/rls-wacon.de\/es\/produkt\/sinc-2602\/#primaryimage"},"image":{"@id":"https:\/\/rls-wacon.de\/es\/produkt\/sinc-2602\/#primaryimage"},"thumbnailUrl":"https:\/\/rls-wacon.de\/wp-content\/uploads\/2023\/03\/Sycon-2602-im-Gehaeuse.png","datePublished":"2023-03-11T21:13:11+00:00","dateModified":"2026-03-25T14:50:18+00:00","description":"El SYCON 2602 es un dispositivo de control de valores l\u00edmite totalmente autom\u00e1tico para la dureza total y la dureza de carbonath\u00e4rte. M\u00e9todo colorim\u00e9trico, 3 salidas de rel\u00e9, sensor de color autocalibrado, tarjeta SD. Fabricado en Alemania.","breadcrumb":{"@id":"https:\/\/rls-wacon.de\/es\/produkt\/sinc-2602\/#breadcrumb"},"inLanguage":"es","potentialAction":[{"@type":"ReadAction","target":["https:\/\/rls-wacon.de\/es\/produkt\/sinc-2602\/"]}]},{"@type":"ImageObject","inLanguage":"es","@id":"https:\/\/rls-wacon.de\/es\/produkt\/sinc-2602\/#primaryimage","url":"https:\/\/rls-wacon.de\/wp-content\/uploads\/2023\/03\/Sycon-2602-im-Gehaeuse.png","contentUrl":"https:\/\/rls-wacon.de\/wp-content\/uploads\/2023\/03\/Sycon-2602-im-Gehaeuse.png","width":1421,"height":1292},{"@type":"BreadcrumbList","@id":"https:\/\/rls-wacon.de\/es\/produkt\/sinc-2602\/#breadcrumb","itemListElement":[{"@type":"ListItem","position":1,"name":"Startseite","item":"https:\/\/rls-wacon.de\/pt-br\/"},{"@type":"ListItem","position":2,"name":"Productos","item":"https:\/\/rls-wacon.de\/shop\/"},{"@type":"ListItem","position":3,"name":"SINC 2602"}]},{"@type":"WebSite","@id":"https:\/\/rls-wacon.de\/#website","url":"https:\/\/rls-wacon.de\/","name":"RLS Wacon analytics GmbH","description":"Experts for water monitoring","publisher":{"@id":"https:\/\/rls-wacon.de\/#organization"},"potentialAction":[{"@type":"SearchAction","target":{"@type":"EntryPoint","urlTemplate":"https:\/\/rls-wacon.de\/?s={search_term_string}"},"query-input":{"@type":"PropertyValueSpecification","valueRequired":true,"valueName":"search_term_string"}}],"inLanguage":"es"},{"@type":"Organization","@id":"https:\/\/rls-wacon.de\/#organization","name":"RLS Wacon analytics GmbH","url":"https:\/\/rls-wacon.de\/","logo":{"@type":"ImageObject","inLanguage":"es","@id":"https:\/\/rls-wacon.de\/#\/schema\/logo\/image\/","url":"https:\/\/rls-wacon.de\/wp-content\/uploads\/2022\/10\/RLSWacon-analytics-Logo-BR-RZ-9_17-768x1591.png","contentUrl":"https:\/\/rls-wacon.de\/wp-content\/uploads\/2022\/10\/RLSWacon-analytics-Logo-BR-RZ-9_17-768x1591.png","width":768,"height":159,"caption":"RLS Wacon analytics GmbH"},"image":{"@id":"https:\/\/rls-wacon.de\/#\/schema\/logo\/image\/"}}]},"og_availability":"instock","product_availability":"instock","product_retailer_item_id":"30-410160","product_condition":"new"},"_links":{"self":[{"href":"https:\/\/rls-wacon.de\/es\/wp-json\/wp\/v2\/product\/23961","targetHints":{"allow":["GET"]}}],"collection":[{"href":"https:\/\/rls-wacon.de\/es\/wp-json\/wp\/v2\/product"}],"about":[{"href":"https:\/\/rls-wacon.de\/es\/wp-json\/wp\/v2\/types\/product"}],"version-history":[{"count":4,"href":"https:\/\/rls-wacon.de\/es\/wp-json\/wp\/v2\/product\/23961\/revisions"}],"predecessor-version":[{"id":31024,"href":"https:\/\/rls-wacon.de\/es\/wp-json\/wp\/v2\/product\/23961\/revisions\/31024"}],"wp:featuredmedia":[{"embeddable":true,"href":"https:\/\/rls-wacon.de\/es\/wp-json\/wp\/v2\/media\/27207"}],"wp:attachment":[{"href":"https:\/\/rls-wacon.de\/es\/wp-json\/wp\/v2\/media?parent=23961"}],"wp:term":[{"taxonomy":"product_brand","embeddable":true,"href":"https:\/\/rls-wacon.de\/es\/wp-json\/wp\/v2\/product_brand?post=23961"},{"taxonomy":"product_cat","embeddable":true,"href":"https:\/\/rls-wacon.de\/es\/wp-json\/wp\/v2\/product_cat?post=23961"},{"taxonomy":"product_tag","embeddable":true,"href":"https:\/\/rls-wacon.de\/es\/wp-json\/wp\/v2\/product_tag?post=23961"}],"curies":[{"name":"wp","href":"https:\/\/api.w.org\/{rel}","templated":true}]}}