{"id":23973,"date":"2023-03-11T22:13:12","date_gmt":"2023-03-11T21:13:12","guid":{"rendered":"https:\/\/rls-wacon.de\/produkt\/sinc-2702\/"},"modified":"2026-03-25T15:49:49","modified_gmt":"2026-03-25T14:49:49","slug":"sinc-2702","status":"publish","type":"product","link":"https:\/\/rls-wacon.de\/es\/produkt\/sinc-2702\/","title":{"rendered":"SINC 2702"},"content":{"rendered":"<h2 style=\"color: #0069b3;\">SYCON 2702 &#8211; Dispositivo de valoraci\u00f3n para medir la dureza del agua<\/h2>\n<h3 style=\"color: #0069b3;\">\u00bfPor qu\u00e9 hay que medir con precisi\u00f3n la dureza del agua?<\/h3>\n<p>En muchos \u00e1mbitos del tratamiento del agua, el simple control de los valores l\u00edmite no es suficiente. Si quieres hacer funcionar un sistema de descalcificaci\u00f3n o un sistema de \u00f3smosis inversa de forma econ\u00f3mica y segura, necesitas mediciones exactas de la dureza del agua, no s\u00f3lo una declaraci\u00f3n de bueno\/malo.  <strong>S\u00f3lo con un valor medido cuantitativo se pueden identificar las tendencias, evaluar el rendimiento del sistema y optimizar los ciclos de regeneraci\u00f3n.<\/strong><\/p>\n<p>Un aumento gradual de la dureza residual indica una disminuci\u00f3n de la capacidad del intercambiador de iones, mucho antes de que se produzca una rotura. Del mismo modo, el valor de retenci\u00f3n de las membranas de un sistema de \u00f3smosis inversa s\u00f3lo puede evaluarse con fiabilidad si se conocen cuantitativamente la dureza del permeado y de la alimentaci\u00f3n. Una medici\u00f3n precisa permite un mantenimiento predictivo y evita paradas imprevistas.  <\/p>\n<h3 style=\"color: #0069b3;\">\u00bfQu\u00e9 es el SYCON 2702?<\/h3>\n<p>El SYCON 2702 de RLS Wacon es un aparato de valoraci\u00f3n en l\u00ednea totalmente autom\u00e1tico para la medici\u00f3n cuantitativa de la dureza total o la dureza carbonatada (capacidad \u00e1cida KS 4,3) en aguas de proceso e industriales. A diferencia del SYCON 2602, que s\u00f3lo proporciona una declaraci\u00f3n de valor l\u00edmite, el SYCON 2702 determina el <strong>valor exacto de<\/strong> dureza dentro del intervalo de medici\u00f3n seleccionado para cada an\u00e1lisis. Adem\u00e1s, el aparato controla un valor l\u00edmite libremente programable y se\u00f1ala si se supera o no mediante salidas de rel\u00e9 libres de potencial.  <\/p>\n<p>El SYCON 2702 tiene una interfaz anal\u00f3gica de corriente (0-20 mA o 4-20 mA) que puede enviar el valor medido actual o el estado del aparato a un PLC o a un sistema de gesti\u00f3n de edificios. Esto lo hace ideal para su integraci\u00f3n en sistemas de control y supervisi\u00f3n de nivel superior. <\/p>\n<h3 style=\"color: #0069b3;\">\u00bfC\u00f3mo funciona el SYCON 2702?<\/h3>\n<p>El SYCON 2702 funciona seg\u00fan el principio del <strong>m\u00e9todo de valoraci\u00f3n colorim\u00e9trica<\/strong>. Para cada an\u00e1lisis, se introduce autom\u00e1ticamente una muestra de agua en la c\u00e9lula de medici\u00f3n. A continuaci\u00f3n, el indicador (serie H25 para la dureza total o serie C25 para la dureza carbonatada) se dosifica paso a paso en la muestra. Un sensor RGB a todo color que no requiere mantenimiento, en combinaci\u00f3n con un LED blanco de alto rendimiento, eval\u00faa el cambio progresivo de color.   <\/p>\n<p>El aparato calcula la concentraci\u00f3n exacta de dureza de la muestra de agua a partir de la cantidad dosificada de indicador. Los valores medidos se muestran en la pantalla gr\u00e1fica en color y se registran autom\u00e1ticamente en una tarjeta SD. Adem\u00e1s, el valor medido actual puede transmitirse a un PLC a trav\u00e9s de la salida anal\u00f3gica de 4-20 mA.  <\/p>\n<p>Tras la medici\u00f3n, la c\u00e9lula de medici\u00f3n se lava autom\u00e1ticamente con la presi\u00f3n de la l\u00ednea. El sensor de color se calibra autom\u00e1ticamente frente a la luz ambiental, la contaminaci\u00f3n y la turbidez durante cada an\u00e1lisis. Un autodiagn\u00f3stico integrado con control de plausibilidad de los datos del sensor garantiza una seguridad de funcionamiento adicional. Si se sobrepasan los valores l\u00edmite, se puede repetir autom\u00e1ticamente una medici\u00f3n de control para evitar falsas alarmas causadas por efectos contrai\u00f3nicos.   <\/p>\n<h3 style=\"color: #0069b3;\">Precisi\u00f3n de medici\u00f3n y reproducibilidad<\/h3>\n<p>El SYCON 2702 alcanza una precisi\u00f3n de medici\u00f3n de <strong>\u00b1 5 % del valor final del intervalo de medici\u00f3n<\/strong> del indicador utilizado, con una repetibilidad de <strong>\u00b1 2,5 %<\/strong>. El tiempo de an\u00e1lisis es de unos 3 minutos, dependiendo del grado de dureza y del tiempo de aclarado. Son posibles al menos 10.000 an\u00e1lisis por botella de 500 ml de indicador, con un consumo inferior a 0,05 ml por an\u00e1lisis para el agua blanda. Los valores medidos se pueden visualizar en seis unidades: \u00b0dH, \u00b0f, ppm CaCO\u2083, mmol\/l, \u00b0e y \u00b0Zh.   <\/p>\n<h3 style=\"color: #0069b3;\">Ventajas del SYCON 2702<\/h3>\n<ul class=\"feature-list\">\n<li>Determinaci\u00f3n exacta de los valores medidos por el m\u00e9todo de valoraci\u00f3n\n<p style=\"text-indent: 30px; font-style: italic;\">Determinaci\u00f3n cuantitativa de la dureza del agua: no s\u00f3lo el valor l\u00edmite, sino el valor real de dureza<\/p>\n<\/li>\n<li>Alta precisi\u00f3n de medici\u00f3n: \u00b1 5 %, repetibilidad \u00b1 2,5\n<p style=\"text-indent: 30px; font-style: italic;\">Resultados fiables para la supervisi\u00f3n y documentaci\u00f3n del proceso<\/p>\n<\/li>\n<li>11 rangos de medici\u00f3n para la dureza total (0,012-30 \u00b0dH), 4 para la dureza de carbonatos (0,3-22,5 \u00b0dH)\n<p style=\"text-indent: 30px; font-style: italic;\">Amplia selecci\u00f3n de indicadores H25 y C25 para cada aplicaci\u00f3n<\/p>\n<\/li>\n<li>Salida anal\u00f3gica 0\/4-20 mA para conexi\u00f3n PLC\n<p style=\"text-indent: 30px; font-style: italic;\">Transmisi\u00f3n del valor medido o del estado al sistema de gesti\u00f3n del edificio, resoluci\u00f3n &lt; 100 \u00b5A, carga m\u00e1x. 750 \u03a9 <\/p>\n<\/li>\n<li>Valor l\u00edmite libremente programable con medida de control\n<p style=\"text-indent: 30px; font-style: italic;\">Repetici\u00f3n autom\u00e1tica cuando se superan los valores l\u00edmite para evitar falsas alarmas<\/p>\n<\/li>\n<li>Sensor autocalibrado a todo color\n<p style=\"text-indent: 30px; font-style: italic;\">Sin calibraci\u00f3n manual: compensaci\u00f3n autom\u00e1tica de la luz ambiental, la contaminaci\u00f3n y la turbidez<\/p>\n<\/li>\n<li>Consumo de indicadores muy bajo\n<p style=\"text-indent: 30px; font-style: italic;\">Menos de 0,05 ml por an\u00e1lisis &#8211; al menos 10.000 an\u00e1lisis por botella de 500 ml<\/p>\n<\/li>\n<li>Tiempo de an\u00e1lisis r\u00e1pido de aprox. 3 minutos\n<p style=\"text-indent: 30px; font-style: italic;\">Posibilidad de intervalos de medici\u00f3n m\u00e1s frecuentes que con el m\u00e9todo del valor l\u00edmite<\/p>\n<\/li>\n<li>Puesta en marcha sencilla mediante el asistente de instalaci\u00f3n\n<p style=\"text-indent: 30px; font-style: italic;\">Gu\u00eda paso a paso en la pantalla gr\u00e1fica en 9 idiomas<\/p>\n<\/li>\n<li>Bajo esfuerzo de mantenimiento\n<p style=\"text-indent: 30px; font-style: italic;\">Tecnolog\u00eda de bomba perist\u00e1ltica y aclarado autom\u00e1tico &#8211; Mantenimiento programado cada 2 a\u00f1os o 30.000 an\u00e1lisis<\/p>\n<\/li>\n<li>Tarjeta SD para el registro completo de los valores medidos\n<p style=\"text-indent: 30px; font-style: italic;\">Todos los resultados de los an\u00e1lisis con marca de tiempo &#8211; tambi\u00e9n puede utilizarse para actualizar el software<\/p>\n<\/li>\n<\/ul>\n","protected":false},"excerpt":{"rendered":"<p>El SYCON 2702 es un dispositivo de valoraci\u00f3n para uso \u00f3ptimo en un sistema de descalcificaci\u00f3n de agua o para proteger un sistema de \u00f3smosis inversa. El valor l\u00edmite a controlar y el intervalo de medici\u00f3n se pueden programar libremente. Adem\u00e1s, dos rel\u00e9s y una interfaz de 4&#8230;20 mA permiten la conexi\u00f3n a diversos sistemas de control. Los valores medidos se almacenan en una tarjeta SD interna<\/p>\n","protected":false},"featured_media":27214,"template":"","meta":{"_acf_changed":false},"product_brand":[],"product_cat":[1327,1326,1319],"product_tag":[2604,2580,2578,2572,1555,1556,2363,2603,2574,2576],"class_list":{"0":"post-23973","1":"product","2":"type-product","3":"status-publish","4":"has-post-thumbnail","6":"product_cat-dureza-carbonatada-es","7":"product_cat-dureza-total-es","8":"product_cat-sycon-es","9":"product_tag-4-20-ma","10":"product_tag-analisis-del-agua","11":"product_tag-analisis-en-linea","12":"product_tag-carbonathaerte","13":"product_tag-dureza-del-agua","14":"product_tag-dureza-total","15":"product_tag-osmosis-inversa","16":"product_tag-sinc-2702","17":"product_tag-sistema-de-ablandamiento","18":"product_tag-valoracion","19":"pa_bauart-carcasa-ip54","20":"pa_bauart-soporte-de-pared-ip43","22":"first","23":"instock","24":"featured","25":"shipping-taxable","26":"purchasable","27":"product-type-variable","28":"has-default-attributes"},"exclude_global_add_ons":[],"addons":[],"acf":[],"yoast_head":"<!-- This site is optimized with the Yoast SEO Premium plugin v27.3 (Yoast SEO v27.4) - https:\/\/yoast.com\/product\/yoast-seo-premium-wordpress\/ -->\n<title>SINC 2702 - RLS Wacon analytics<\/title>\n<meta name=\"description\" content=\"El SYCON 2702 es un aparato de valoraci\u00f3n totalmente autom\u00e1tico para la medici\u00f3n cuantitativa de la dureza del agua. Precisi\u00f3n de \u00b1 5 %, salida anal\u00f3gica de 4-20 mA, sensor de color autocalibrado. Fabricado en Alemania.\" \/>\n<meta name=\"robots\" content=\"index, follow, max-snippet:-1, max-image-preview:large, max-video-preview:-1\" \/>\n<link rel=\"canonical\" href=\"https:\/\/rls-wacon.de\/es\/produkt\/sinc-2702\/\" \/>\n<meta property=\"og:locale\" content=\"es_ES\" \/>\n<meta property=\"og:type\" content=\"article\" \/>\n<meta property=\"og:title\" content=\"SINC 2702\" \/>\n<meta property=\"og:description\" content=\"El SYCON 2702 es un aparato de valoraci\u00f3n totalmente autom\u00e1tico para la medici\u00f3n cuantitativa de la dureza del agua. Precisi\u00f3n de \u00b1 5 %, salida anal\u00f3gica de 4-20 mA, sensor de color autocalibrado. Fabricado en Alemania.\" \/>\n<meta property=\"og:url\" content=\"https:\/\/rls-wacon.de\/es\/produkt\/sinc-2702\/\" \/>\n<meta property=\"og:site_name\" content=\"RLS Wacon analytics\" \/>\n<meta property=\"article:modified_time\" content=\"2026-03-25T14:49:49+00:00\" \/>\n<meta property=\"og:image\" content=\"https:\/\/rls-wacon.de\/wp-content\/uploads\/2023\/03\/Sycon-2702-im-Gehaeuse.png\" \/>\n\t<meta property=\"og:image:width\" content=\"1420\" \/>\n\t<meta property=\"og:image:height\" content=\"1288\" \/>\n\t<meta property=\"og:image:type\" content=\"image\/png\" \/>\n<meta name=\"twitter:card\" content=\"summary_large_image\" \/>\n<meta name=\"twitter:label1\" content=\"Disponibilidad\" \/>\n\t<meta name=\"twitter:data1\" content=\"Disponible\" \/>\n<script type=\"application\/ld+json\" class=\"yoast-schema-graph\">{\"@context\":\"https:\\\/\\\/schema.org\",\"@graph\":[{\"@type\":\"WebPage\",\"@id\":\"https:\\\/\\\/rls-wacon.de\\\/es\\\/produkt\\\/sinc-2702\\\/\",\"url\":\"https:\\\/\\\/rls-wacon.de\\\/es\\\/produkt\\\/sinc-2702\\\/\",\"name\":\"SINC 2702 - RLS Wacon analytics\",\"isPartOf\":{\"@id\":\"https:\\\/\\\/rls-wacon.de\\\/#website\"},\"primaryImageOfPage\":{\"@id\":\"https:\\\/\\\/rls-wacon.de\\\/es\\\/produkt\\\/sinc-2702\\\/#primaryimage\"},\"image\":{\"@id\":\"https:\\\/\\\/rls-wacon.de\\\/es\\\/produkt\\\/sinc-2702\\\/#primaryimage\"},\"thumbnailUrl\":\"https:\\\/\\\/rls-wacon.de\\\/wp-content\\\/uploads\\\/2023\\\/03\\\/Sycon-2702-im-Gehaeuse.png\",\"datePublished\":\"2023-03-11T21:13:12+00:00\",\"dateModified\":\"2026-03-25T14:49:49+00:00\",\"description\":\"El SYCON 2702 es un aparato de valoraci\u00f3n totalmente autom\u00e1tico para la medici\u00f3n cuantitativa de la dureza del agua. Precisi\u00f3n de \u00b1 5 %, salida anal\u00f3gica de 4-20 mA, sensor de color autocalibrado. Fabricado en Alemania.\",\"breadcrumb\":{\"@id\":\"https:\\\/\\\/rls-wacon.de\\\/es\\\/produkt\\\/sinc-2702\\\/#breadcrumb\"},\"inLanguage\":\"es\",\"potentialAction\":[{\"@type\":\"ReadAction\",\"target\":[\"https:\\\/\\\/rls-wacon.de\\\/es\\\/produkt\\\/sinc-2702\\\/\"]}]},{\"@type\":\"ImageObject\",\"inLanguage\":\"es\",\"@id\":\"https:\\\/\\\/rls-wacon.de\\\/es\\\/produkt\\\/sinc-2702\\\/#primaryimage\",\"url\":\"https:\\\/\\\/rls-wacon.de\\\/wp-content\\\/uploads\\\/2023\\\/03\\\/Sycon-2702-im-Gehaeuse.png\",\"contentUrl\":\"https:\\\/\\\/rls-wacon.de\\\/wp-content\\\/uploads\\\/2023\\\/03\\\/Sycon-2702-im-Gehaeuse.png\",\"width\":1420,\"height\":1288},{\"@type\":\"BreadcrumbList\",\"@id\":\"https:\\\/\\\/rls-wacon.de\\\/es\\\/produkt\\\/sinc-2702\\\/#breadcrumb\",\"itemListElement\":[{\"@type\":\"ListItem\",\"position\":1,\"name\":\"Startseite\",\"item\":\"https:\\\/\\\/rls-wacon.de\\\/pt-br\\\/\"},{\"@type\":\"ListItem\",\"position\":2,\"name\":\"Productos\",\"item\":\"https:\\\/\\\/rls-wacon.de\\\/shop\\\/\"},{\"@type\":\"ListItem\",\"position\":3,\"name\":\"SINC 2702\"}]},{\"@type\":\"WebSite\",\"@id\":\"https:\\\/\\\/rls-wacon.de\\\/#website\",\"url\":\"https:\\\/\\\/rls-wacon.de\\\/\",\"name\":\"RLS Wacon analytics GmbH\",\"description\":\"Experts for water monitoring\",\"publisher\":{\"@id\":\"https:\\\/\\\/rls-wacon.de\\\/#organization\"},\"potentialAction\":[{\"@type\":\"SearchAction\",\"target\":{\"@type\":\"EntryPoint\",\"urlTemplate\":\"https:\\\/\\\/rls-wacon.de\\\/?s={search_term_string}\"},\"query-input\":{\"@type\":\"PropertyValueSpecification\",\"valueRequired\":true,\"valueName\":\"search_term_string\"}}],\"inLanguage\":\"es\"},{\"@type\":\"Organization\",\"@id\":\"https:\\\/\\\/rls-wacon.de\\\/#organization\",\"name\":\"RLS Wacon analytics GmbH\",\"url\":\"https:\\\/\\\/rls-wacon.de\\\/\",\"logo\":{\"@type\":\"ImageObject\",\"inLanguage\":\"es\",\"@id\":\"https:\\\/\\\/rls-wacon.de\\\/#\\\/schema\\\/logo\\\/image\\\/\",\"url\":\"https:\\\/\\\/rls-wacon.de\\\/wp-content\\\/uploads\\\/2022\\\/10\\\/RLSWacon-analytics-Logo-BR-RZ-9_17-768x1591.png\",\"contentUrl\":\"https:\\\/\\\/rls-wacon.de\\\/wp-content\\\/uploads\\\/2022\\\/10\\\/RLSWacon-analytics-Logo-BR-RZ-9_17-768x1591.png\",\"width\":768,\"height\":159,\"caption\":\"RLS Wacon analytics GmbH\"},\"image\":{\"@id\":\"https:\\\/\\\/rls-wacon.de\\\/#\\\/schema\\\/logo\\\/image\\\/\"}}]}<\/script>\n<meta property=\"og:availability\" content=\"instock\" \/>\n<meta property=\"product:availability\" content=\"instock\" \/>\n<meta property=\"product:retailer_item_id\" content=\"30-210162\" \/>\n<meta property=\"product:condition\" content=\"new\" \/>\n<!-- \/ Yoast SEO Premium plugin. -->","yoast_head_json":{"title":"SINC 2702 - RLS Wacon analytics","description":"El SYCON 2702 es un aparato de valoraci\u00f3n totalmente autom\u00e1tico para la medici\u00f3n cuantitativa de la dureza del agua. Precisi\u00f3n de \u00b1 5 %, salida anal\u00f3gica de 4-20 mA, sensor de color autocalibrado. Fabricado en Alemania.","robots":{"index":"index","follow":"follow","max-snippet":"max-snippet:-1","max-image-preview":"max-image-preview:large","max-video-preview":"max-video-preview:-1"},"canonical":"https:\/\/rls-wacon.de\/es\/produkt\/sinc-2702\/","og_locale":"es_ES","og_type":"article","og_title":"SINC 2702","og_description":"El SYCON 2702 es un aparato de valoraci\u00f3n totalmente autom\u00e1tico para la medici\u00f3n cuantitativa de la dureza del agua. Precisi\u00f3n de \u00b1 5 %, salida anal\u00f3gica de 4-20 mA, sensor de color autocalibrado. Fabricado en Alemania.","og_url":"https:\/\/rls-wacon.de\/es\/produkt\/sinc-2702\/","og_site_name":"RLS Wacon analytics","article_modified_time":"2026-03-25T14:49:49+00:00","og_image":[{"width":1420,"height":1288,"url":"https:\/\/rls-wacon.de\/wp-content\/uploads\/2023\/03\/Sycon-2702-im-Gehaeuse.png","type":"image\/png"}],"twitter_card":"summary_large_image","twitter_misc":{"Disponibilidad":"Disponible"},"schema":{"@context":"https:\/\/schema.org","@graph":[{"@type":"WebPage","@id":"https:\/\/rls-wacon.de\/es\/produkt\/sinc-2702\/","url":"https:\/\/rls-wacon.de\/es\/produkt\/sinc-2702\/","name":"SINC 2702 - RLS Wacon analytics","isPartOf":{"@id":"https:\/\/rls-wacon.de\/#website"},"primaryImageOfPage":{"@id":"https:\/\/rls-wacon.de\/es\/produkt\/sinc-2702\/#primaryimage"},"image":{"@id":"https:\/\/rls-wacon.de\/es\/produkt\/sinc-2702\/#primaryimage"},"thumbnailUrl":"https:\/\/rls-wacon.de\/wp-content\/uploads\/2023\/03\/Sycon-2702-im-Gehaeuse.png","datePublished":"2023-03-11T21:13:12+00:00","dateModified":"2026-03-25T14:49:49+00:00","description":"El SYCON 2702 es un aparato de valoraci\u00f3n totalmente autom\u00e1tico para la medici\u00f3n cuantitativa de la dureza del agua. Precisi\u00f3n de \u00b1 5 %, salida anal\u00f3gica de 4-20 mA, sensor de color autocalibrado. Fabricado en Alemania.","breadcrumb":{"@id":"https:\/\/rls-wacon.de\/es\/produkt\/sinc-2702\/#breadcrumb"},"inLanguage":"es","potentialAction":[{"@type":"ReadAction","target":["https:\/\/rls-wacon.de\/es\/produkt\/sinc-2702\/"]}]},{"@type":"ImageObject","inLanguage":"es","@id":"https:\/\/rls-wacon.de\/es\/produkt\/sinc-2702\/#primaryimage","url":"https:\/\/rls-wacon.de\/wp-content\/uploads\/2023\/03\/Sycon-2702-im-Gehaeuse.png","contentUrl":"https:\/\/rls-wacon.de\/wp-content\/uploads\/2023\/03\/Sycon-2702-im-Gehaeuse.png","width":1420,"height":1288},{"@type":"BreadcrumbList","@id":"https:\/\/rls-wacon.de\/es\/produkt\/sinc-2702\/#breadcrumb","itemListElement":[{"@type":"ListItem","position":1,"name":"Startseite","item":"https:\/\/rls-wacon.de\/pt-br\/"},{"@type":"ListItem","position":2,"name":"Productos","item":"https:\/\/rls-wacon.de\/shop\/"},{"@type":"ListItem","position":3,"name":"SINC 2702"}]},{"@type":"WebSite","@id":"https:\/\/rls-wacon.de\/#website","url":"https:\/\/rls-wacon.de\/","name":"RLS Wacon analytics GmbH","description":"Experts for water monitoring","publisher":{"@id":"https:\/\/rls-wacon.de\/#organization"},"potentialAction":[{"@type":"SearchAction","target":{"@type":"EntryPoint","urlTemplate":"https:\/\/rls-wacon.de\/?s={search_term_string}"},"query-input":{"@type":"PropertyValueSpecification","valueRequired":true,"valueName":"search_term_string"}}],"inLanguage":"es"},{"@type":"Organization","@id":"https:\/\/rls-wacon.de\/#organization","name":"RLS Wacon analytics GmbH","url":"https:\/\/rls-wacon.de\/","logo":{"@type":"ImageObject","inLanguage":"es","@id":"https:\/\/rls-wacon.de\/#\/schema\/logo\/image\/","url":"https:\/\/rls-wacon.de\/wp-content\/uploads\/2022\/10\/RLSWacon-analytics-Logo-BR-RZ-9_17-768x1591.png","contentUrl":"https:\/\/rls-wacon.de\/wp-content\/uploads\/2022\/10\/RLSWacon-analytics-Logo-BR-RZ-9_17-768x1591.png","width":768,"height":159,"caption":"RLS Wacon analytics GmbH"},"image":{"@id":"https:\/\/rls-wacon.de\/#\/schema\/logo\/image\/"}}]},"og_availability":"instock","product_availability":"instock","product_retailer_item_id":"30-210162","product_condition":"new"},"_links":{"self":[{"href":"https:\/\/rls-wacon.de\/es\/wp-json\/wp\/v2\/product\/23973","targetHints":{"allow":["GET"]}}],"collection":[{"href":"https:\/\/rls-wacon.de\/es\/wp-json\/wp\/v2\/product"}],"about":[{"href":"https:\/\/rls-wacon.de\/es\/wp-json\/wp\/v2\/types\/product"}],"version-history":[{"count":3,"href":"https:\/\/rls-wacon.de\/es\/wp-json\/wp\/v2\/product\/23973\/revisions"}],"predecessor-version":[{"id":31054,"href":"https:\/\/rls-wacon.de\/es\/wp-json\/wp\/v2\/product\/23973\/revisions\/31054"}],"wp:featuredmedia":[{"embeddable":true,"href":"https:\/\/rls-wacon.de\/es\/wp-json\/wp\/v2\/media\/27214"}],"wp:attachment":[{"href":"https:\/\/rls-wacon.de\/es\/wp-json\/wp\/v2\/media?parent=23973"}],"wp:term":[{"taxonomy":"product_brand","embeddable":true,"href":"https:\/\/rls-wacon.de\/es\/wp-json\/wp\/v2\/product_brand?post=23973"},{"taxonomy":"product_cat","embeddable":true,"href":"https:\/\/rls-wacon.de\/es\/wp-json\/wp\/v2\/product_cat?post=23973"},{"taxonomy":"product_tag","embeddable":true,"href":"https:\/\/rls-wacon.de\/es\/wp-json\/wp\/v2\/product_tag?post=23973"}],"curies":[{"name":"wp","href":"https:\/\/api.w.org\/{rel}","templated":true}]}}