{"id":24011,"date":"2023-03-11T22:13:12","date_gmt":"2023-03-11T21:13:12","guid":{"rendered":"https:\/\/rls-wacon.de\/produkt\/sinc-2802\/"},"modified":"2026-03-25T15:49:28","modified_gmt":"2026-03-25T14:49:28","slug":"sinc-2802","status":"publish","type":"product","link":"https:\/\/rls-wacon.de\/es\/produkt\/sinc-2802\/","title":{"rendered":"SINC 2802"},"content":{"rendered":"<h2 style=\"color: #0069b3;\">SYCON 2802 &#8211; Valorador de dureza del agua Premium con Modbus RTU<\/h2>\n<h3 style=\"color: #0069b3;\">\u00bfPor qu\u00e9 el SYCON 2802?<\/h3>\n<p>En las plantas complejas de tratamiento de agua, las mayores exigencias se plantean a la monitorizaci\u00f3n del proceso. Adem\u00e1s de la medici\u00f3n precisa de la dureza del agua, los valores medidos deben transmitirse en tiempo real a sistemas de control de nivel superior (PLC, SCADA, sistemas de gesti\u00f3n de edificios).   <strong>Varios valores l\u00edmite permiten una respuesta diferenciada: por ejemplo, una prealarma si se superan ligeramente los valores y una desconexi\u00f3n de seguridad si los valores son cr\u00edticos.<\/strong><\/p>\n<p>El SYCON 2802 es el buque insignia de la serie SYCON y combina todas las funciones del SYCON 2702 con interfaces y opciones de control adicionales. Es la primera elecci\u00f3n para aplicaciones industriales exigentes en las que se requiere una integraci\u00f3n perfecta en la automatizaci\u00f3n de la planta y una documentaci\u00f3n completa del proceso. <\/p>\n<h3 style=\"color: #0069b3;\">\u00bfQu\u00e9 es el SYCON 2802?<\/h3>\n<p>El SYCON 2802 de RLS Wacon es un aparato de valoraci\u00f3n en l\u00ednea totalmente autom\u00e1tico para la medici\u00f3n cuantitativa de la dureza total o la dureza de carbonath\u00e4rte (capacidad \u00e1cida KS 4,3) en aguas de proceso e industriales. En comparaci\u00f3n con el SYCON 2702, ofrece dos salidas de rel\u00e9 adicionales (4 en total), una interfaz RS485 con protocolo Modbus RTU, una segunda entrada digital y un segundo valor l\u00edmite libremente programable. <\/p>\n<p>El segundo valor l\u00edmite permite una supervisi\u00f3n diferenciada: por ejemplo, el valor l\u00edmite 1 puede configurarse como prealarma y el valor l\u00edmite 2 como alarma principal. Alternativamente, se puede supervisar una superposici\u00f3n de agua con dos valores l\u00edmite: con un valor umbral inferior y otro superior para la dureza de mezcla deseada. <\/p>\n<h3 style=\"color: #0069b3;\">\u00bfC\u00f3mo funciona el SYCON 2802?<\/h3>\n<p>El principio de medici\u00f3n es id\u00e9ntico al del SYCON 2702: <strong>m\u00e9todo de valoraci\u00f3n colorim\u00e9trica<\/strong>. Se introduce autom\u00e1ticamente una muestra de agua en la c\u00e9lula de medici\u00f3n y se a\u00f1ade el indicador (serie H25 o serie C25) por etapas. El sensor RGB a todo color, que no requiere mantenimiento, eval\u00faa el cambio de color y calcula la concentraci\u00f3n exacta de dureza. El tiempo de an\u00e1lisis es de unos 3 minutos y el consumo de indicador es inferior a 0,05 ml por an\u00e1lisis.   <\/p>\n<p>La diferencia decisiva radica en las interfaces ampliadas: A trav\u00e9s de la interfaz RS485 con protocolo Modbus RTU, los valores medidos y los par\u00e1metros del aparato se pueden consultar directamente desde un PLC. Tambi\u00e9n est\u00e1 disponible la salida anal\u00f3gica (0\/4-20 mA). Cuatro salidas de rel\u00e9 ofrecen la m\u00e1xima flexibilidad para la se\u00f1alizaci\u00f3n y el control del sistema.  <\/p>\n<h3 style=\"color: #0069b3;\">Funciones ampliadas en comparaci\u00f3n con el SYCON 2702<\/h3>\n<table class=\"h3-table\">\n<thead>\n<tr>\n<th style=\"background-color: #0069b3; color: #ffffff;\">Funci\u00f3n<\/th>\n<th style=\"background-color: #0069b3; color: #ffffff;\">SYCON 2702<\/th>\n<th style=\"background-color: #0069b3; color: #ffffff;\">SYCON 2802<\/th>\n<\/tr>\n<\/thead>\n<tbody>\n<tr>\n<td><strong>Salidas de rel\u00e9<\/strong><\/td>\n<td>2<\/td>\n<td><strong>4<\/strong><\/td>\n<\/tr>\n<tr>\n<td><strong>Valores l\u00edmite programables<\/strong><\/td>\n<td>1<\/td>\n<td><strong>2<\/strong><\/td>\n<\/tr>\n<tr>\n<td><strong>Entradas digitales<\/strong><\/td>\n<td>1<\/td>\n<td><strong>2<\/strong><\/td>\n<\/tr>\n<tr>\n<td><strong>RS485 \/ Modbus RTU<\/strong><\/td>\n<td>&#8211;<\/td>\n<td><strong>S\u00ed<\/strong><\/td>\n<\/tr>\n<tr>\n<td><strong>Control de la v\u00e1lvula de agua de refrigeraci\u00f3n<\/strong><\/td>\n<td>&#8211;<\/td>\n<td><strong>S\u00ed (a trav\u00e9s del rel\u00e9 4)<\/strong><\/td>\n<\/tr>\n<tr>\n<td><strong>Salida anal\u00f3gica 0\/4-20 mA<\/strong><\/td>\n<td>S\u00ed<\/td>\n<td>S\u00ed<\/td>\n<\/tr>\n<\/tbody>\n<\/table>\n<h3 style=\"color: #0069b3;\">Ventajas del SYCON 2802<\/h3>\n<ul class=\"feature-list\">\n<li>Determinaci\u00f3n exacta de los valores medidos por el m\u00e9todo de valoraci\u00f3n\n<p style=\"text-indent: 30px; font-style: italic;\">Determinaci\u00f3n cuantitativa de la dureza del agua con una precisi\u00f3n de \u00b1 5 % y una repetibilidad de \u00b1 2,5<\/p>\n<\/li>\n<li>Interfaz RS485 con Modbus RTU\n<p style=\"text-indent: 30px; font-style: italic;\">Consulta directa de los valores medidos y de los par\u00e1metros del aparato a trav\u00e9s de un PLC: integraci\u00f3n perfecta en la automatizaci\u00f3n del sistema<\/p>\n<\/li>\n<li>Dos valores l\u00edmite libremente programables\n<p style=\"text-indent: 30px; font-style: italic;\">Prealarma y alarma principal o vigilancia de un solapamiento de agua con valor umbral inferior y superior<\/p>\n<\/li>\n<li>4 salidas de rel\u00e9 sin potencial\n<p style=\"text-indent: 30px; font-style: italic;\">Valor l\u00edmite 1, valor l\u00edmite 2 \/ nivel del indicador, fallo del aparato, an\u00e1lisis activo \/ v\u00e1lvula de agua de refrigeraci\u00f3n<\/p>\n<\/li>\n<li>Salida anal\u00f3gica 0\/4-20 mA adem\u00e1s de Modbus\n<p style=\"text-indent: 30px; font-style: italic;\">Salida paralela del valor medido mediante interfaz anal\u00f3gica y digital<\/p>\n<\/li>\n<li>2 entradas digitales\n<p style=\"text-indent: 30px; font-style: italic;\">Inicio de an\u00e1lisis externo, contador de agua, controlador de caudal, restablecimiento por intervalos, restablecimiento remoto &#8211; configurable de forma flexible<\/p>\n<\/li>\n<li>Control de una v\u00e1lvula externa de agua de refrigeraci\u00f3n\n<p style=\"text-indent: 30px; font-style: italic;\">El rel\u00e9 4 puede configurarse para controlar autom\u00e1ticamente una v\u00e1lvula del refrigerador de muestras<\/p>\n<\/li>\n<li>Sensor autocalibrado a todo color\n<p style=\"text-indent: 30px; font-style: italic;\">Sin calibraci\u00f3n manual: compensaci\u00f3n autom\u00e1tica de la luz ambiental, la contaminaci\u00f3n y la turbidez<\/p>\n<\/li>\n<li>Consumo de indicadores muy bajo\n<p style=\"text-indent: 30px; font-style: italic;\">Menos de 0,05 ml por an\u00e1lisis &#8211; al menos 10.000 an\u00e1lisis por botella de 500 ml<\/p>\n<\/li>\n<li>Pantalla gr\u00e1fica en 9 idiomas con tarjeta SD\n<p style=\"text-indent: 30px; font-style: italic;\">Registro completo, asistente de instalaci\u00f3n, actualizaciones de software mediante tarjeta SD<\/p>\n<\/li>\n<\/ul>\n","protected":false},"excerpt":{"rendered":"<p>El SYCON 2702 es un aparato de valoraci\u00f3n para medir la dureza o la alcalinidad del agua.<br \/>\nEn comparaci\u00f3n con el SYCON 2702, el analizador Onlie dispone de dos rel\u00e9s adicionales, lo que posibilita un gran n\u00famero de nuevas variantes de conexi\u00f3n. Tambi\u00e9n dispone de una interfaz RS485 con protocolo Modbus RTU y un contacto de entrada adicional. Un segundo valor l\u00edmite adicional programable permite controlar un solapamiento de agua o una prealarma. Los contactos de rel\u00e9 adicionales permiten controlar una v\u00e1lvula de agua de refrigeraci\u00f3n externa para un refrigerador de muestras.   <\/p>\n","protected":false},"featured_media":31075,"template":"","meta":{"_acf_changed":false},"product_brand":[],"product_cat":[1327,1326,1319],"product_tag":[2580,2578,2572,1555,1556,2610,2363,2612,2611,2609,2574,2576],"class_list":{"0":"post-24011","1":"product","2":"type-product","3":"status-publish","4":"has-post-thumbnail","6":"product_cat-dureza-carbonatada-es","7":"product_cat-dureza-total-es","8":"product_cat-sycon-es","9":"product_tag-analisis-del-agua","10":"product_tag-analisis-en-linea","11":"product_tag-carbonathaerte","12":"product_tag-dureza-del-agua","13":"product_tag-dureza-total","14":"product_tag-modbus-rtu","15":"product_tag-osmosis-inversa","16":"product_tag-plc","17":"product_tag-rs485","18":"product_tag-sinc-2802","19":"product_tag-sistema-de-ablandamiento","20":"product_tag-valoracion","21":"pa_bauart-carcasa-ip54","22":"pa_bauart-soporte-de-pared-ip43","24":"first","25":"instock","26":"featured","27":"shipping-taxable","28":"purchasable","29":"product-type-variable","30":"has-default-attributes"},"exclude_global_add_ons":[],"addons":[],"acf":[],"yoast_head":"<!-- This site is optimized with the Yoast SEO Premium plugin v27.3 (Yoast SEO v27.3) - https:\/\/yoast.com\/product\/yoast-seo-premium-wordpress\/ -->\n<title>SINC 2802 - RLS Wacon analytics<\/title>\n<meta name=\"description\" content=\"El SYCON 2802 es el dispositivo de valoraci\u00f3n premium de la serie SYCON. RS485 Modbus RTU, 4 rel\u00e9s, 2 valores l\u00edmite, salida anal\u00f3gica 4-20 mA, sensor de color autocalibrado. Fabricado en Alemania.\" \/>\n<meta name=\"robots\" content=\"index, follow, max-snippet:-1, max-image-preview:large, max-video-preview:-1\" \/>\n<link rel=\"canonical\" href=\"https:\/\/rls-wacon.de\/es\/produkt\/sinc-2802\/\" \/>\n<meta property=\"og:locale\" content=\"es_ES\" \/>\n<meta property=\"og:type\" content=\"article\" \/>\n<meta property=\"og:title\" content=\"SINC 2802\" \/>\n<meta property=\"og:description\" content=\"El SYCON 2802 es el dispositivo de valoraci\u00f3n premium de la serie SYCON. RS485 Modbus RTU, 4 rel\u00e9s, 2 valores l\u00edmite, salida anal\u00f3gica 4-20 mA, sensor de color autocalibrado. Fabricado en Alemania.\" \/>\n<meta property=\"og:url\" content=\"https:\/\/rls-wacon.de\/es\/produkt\/sinc-2802\/\" \/>\n<meta property=\"og:site_name\" content=\"RLS Wacon analytics\" \/>\n<meta property=\"article:modified_time\" content=\"2026-03-25T14:49:28+00:00\" \/>\n<meta property=\"og:image\" content=\"https:\/\/rls-wacon.de\/wp-content\/uploads\/2023\/03\/Sycon-2802-im-Gehaeuse.png\" \/>\n\t<meta property=\"og:image:width\" content=\"1421\" \/>\n\t<meta property=\"og:image:height\" content=\"1292\" \/>\n\t<meta property=\"og:image:type\" content=\"image\/png\" \/>\n<meta name=\"twitter:card\" content=\"summary_large_image\" \/>\n<meta name=\"twitter:label1\" content=\"Disponibilidad\" \/>\n\t<meta name=\"twitter:data1\" content=\"Disponible\" \/>\n<script type=\"application\/ld+json\" class=\"yoast-schema-graph\">{\"@context\":\"https:\\\/\\\/schema.org\",\"@graph\":[{\"@type\":\"WebPage\",\"@id\":\"https:\\\/\\\/rls-wacon.de\\\/es\\\/produkt\\\/sinc-2802\\\/\",\"url\":\"https:\\\/\\\/rls-wacon.de\\\/es\\\/produkt\\\/sinc-2802\\\/\",\"name\":\"SINC 2802 - RLS Wacon analytics\",\"isPartOf\":{\"@id\":\"https:\\\/\\\/rls-wacon.de\\\/#website\"},\"primaryImageOfPage\":{\"@id\":\"https:\\\/\\\/rls-wacon.de\\\/es\\\/produkt\\\/sinc-2802\\\/#primaryimage\"},\"image\":{\"@id\":\"https:\\\/\\\/rls-wacon.de\\\/es\\\/produkt\\\/sinc-2802\\\/#primaryimage\"},\"thumbnailUrl\":\"https:\\\/\\\/rls-wacon.de\\\/wp-content\\\/uploads\\\/2026\\\/03\\\/Sycon-2802-im-Gehaeuse-2.png\",\"datePublished\":\"2023-03-11T21:13:12+00:00\",\"dateModified\":\"2026-03-25T14:49:28+00:00\",\"description\":\"El SYCON 2802 es el dispositivo de valoraci\u00f3n premium de la serie SYCON. RS485 Modbus RTU, 4 rel\u00e9s, 2 valores l\u00edmite, salida anal\u00f3gica 4-20 mA, sensor de color autocalibrado. Fabricado en Alemania.\",\"breadcrumb\":{\"@id\":\"https:\\\/\\\/rls-wacon.de\\\/es\\\/produkt\\\/sinc-2802\\\/#breadcrumb\"},\"inLanguage\":\"es\",\"potentialAction\":[{\"@type\":\"ReadAction\",\"target\":[\"https:\\\/\\\/rls-wacon.de\\\/es\\\/produkt\\\/sinc-2802\\\/\"]}]},{\"@type\":\"ImageObject\",\"inLanguage\":\"es\",\"@id\":\"https:\\\/\\\/rls-wacon.de\\\/es\\\/produkt\\\/sinc-2802\\\/#primaryimage\",\"url\":\"https:\\\/\\\/rls-wacon.de\\\/wp-content\\\/uploads\\\/2026\\\/03\\\/Sycon-2802-im-Gehaeuse-2.png\",\"contentUrl\":\"https:\\\/\\\/rls-wacon.de\\\/wp-content\\\/uploads\\\/2026\\\/03\\\/Sycon-2802-im-Gehaeuse-2.png\",\"width\":894,\"height\":839},{\"@type\":\"BreadcrumbList\",\"@id\":\"https:\\\/\\\/rls-wacon.de\\\/es\\\/produkt\\\/sinc-2802\\\/#breadcrumb\",\"itemListElement\":[{\"@type\":\"ListItem\",\"position\":1,\"name\":\"Startseite\",\"item\":\"https:\\\/\\\/rls-wacon.de\\\/pt-br\\\/\"},{\"@type\":\"ListItem\",\"position\":2,\"name\":\"Productos\",\"item\":\"https:\\\/\\\/rls-wacon.de\\\/shop\\\/\"},{\"@type\":\"ListItem\",\"position\":3,\"name\":\"SINC 2802\"}]},{\"@type\":\"WebSite\",\"@id\":\"https:\\\/\\\/rls-wacon.de\\\/#website\",\"url\":\"https:\\\/\\\/rls-wacon.de\\\/\",\"name\":\"RLS Wacon analytics GmbH\",\"description\":\"Experts for water monitoring\",\"publisher\":{\"@id\":\"https:\\\/\\\/rls-wacon.de\\\/#organization\"},\"potentialAction\":[{\"@type\":\"SearchAction\",\"target\":{\"@type\":\"EntryPoint\",\"urlTemplate\":\"https:\\\/\\\/rls-wacon.de\\\/?s={search_term_string}\"},\"query-input\":{\"@type\":\"PropertyValueSpecification\",\"valueRequired\":true,\"valueName\":\"search_term_string\"}}],\"inLanguage\":\"es\"},{\"@type\":\"Organization\",\"@id\":\"https:\\\/\\\/rls-wacon.de\\\/#organization\",\"name\":\"RLS Wacon analytics GmbH\",\"url\":\"https:\\\/\\\/rls-wacon.de\\\/\",\"logo\":{\"@type\":\"ImageObject\",\"inLanguage\":\"es\",\"@id\":\"https:\\\/\\\/rls-wacon.de\\\/#\\\/schema\\\/logo\\\/image\\\/\",\"url\":\"https:\\\/\\\/rls-wacon.de\\\/wp-content\\\/uploads\\\/2022\\\/10\\\/RLSWacon-analytics-Logo-BR-RZ-9_17-768x1591.png\",\"contentUrl\":\"https:\\\/\\\/rls-wacon.de\\\/wp-content\\\/uploads\\\/2022\\\/10\\\/RLSWacon-analytics-Logo-BR-RZ-9_17-768x1591.png\",\"width\":768,\"height\":159,\"caption\":\"RLS Wacon analytics GmbH\"},\"image\":{\"@id\":\"https:\\\/\\\/rls-wacon.de\\\/#\\\/schema\\\/logo\\\/image\\\/\"}}]}<\/script>\n<meta property=\"og:availability\" content=\"instock\" \/>\n<meta property=\"product:availability\" content=\"instock\" \/>\n<meta property=\"product:retailer_item_id\" content=\"30-210164\" \/>\n<meta property=\"product:condition\" content=\"new\" \/>\n<!-- \/ Yoast SEO Premium plugin. -->","yoast_head_json":{"title":"SINC 2802 - RLS Wacon analytics","description":"El SYCON 2802 es el dispositivo de valoraci\u00f3n premium de la serie SYCON. RS485 Modbus RTU, 4 rel\u00e9s, 2 valores l\u00edmite, salida anal\u00f3gica 4-20 mA, sensor de color autocalibrado. Fabricado en Alemania.","robots":{"index":"index","follow":"follow","max-snippet":"max-snippet:-1","max-image-preview":"max-image-preview:large","max-video-preview":"max-video-preview:-1"},"canonical":"https:\/\/rls-wacon.de\/es\/produkt\/sinc-2802\/","og_locale":"es_ES","og_type":"article","og_title":"SINC 2802","og_description":"El SYCON 2802 es el dispositivo de valoraci\u00f3n premium de la serie SYCON. RS485 Modbus RTU, 4 rel\u00e9s, 2 valores l\u00edmite, salida anal\u00f3gica 4-20 mA, sensor de color autocalibrado. Fabricado en Alemania.","og_url":"https:\/\/rls-wacon.de\/es\/produkt\/sinc-2802\/","og_site_name":"RLS Wacon analytics","article_modified_time":"2026-03-25T14:49:28+00:00","og_image":[{"width":1421,"height":1292,"url":"https:\/\/rls-wacon.de\/wp-content\/uploads\/2023\/03\/Sycon-2802-im-Gehaeuse.png","type":"image\/png"}],"twitter_card":"summary_large_image","twitter_misc":{"Disponibilidad":"Disponible"},"schema":{"@context":"https:\/\/schema.org","@graph":[{"@type":"WebPage","@id":"https:\/\/rls-wacon.de\/es\/produkt\/sinc-2802\/","url":"https:\/\/rls-wacon.de\/es\/produkt\/sinc-2802\/","name":"SINC 2802 - RLS Wacon analytics","isPartOf":{"@id":"https:\/\/rls-wacon.de\/#website"},"primaryImageOfPage":{"@id":"https:\/\/rls-wacon.de\/es\/produkt\/sinc-2802\/#primaryimage"},"image":{"@id":"https:\/\/rls-wacon.de\/es\/produkt\/sinc-2802\/#primaryimage"},"thumbnailUrl":"https:\/\/rls-wacon.de\/wp-content\/uploads\/2026\/03\/Sycon-2802-im-Gehaeuse-2.png","datePublished":"2023-03-11T21:13:12+00:00","dateModified":"2026-03-25T14:49:28+00:00","description":"El SYCON 2802 es el dispositivo de valoraci\u00f3n premium de la serie SYCON. RS485 Modbus RTU, 4 rel\u00e9s, 2 valores l\u00edmite, salida anal\u00f3gica 4-20 mA, sensor de color autocalibrado. Fabricado en Alemania.","breadcrumb":{"@id":"https:\/\/rls-wacon.de\/es\/produkt\/sinc-2802\/#breadcrumb"},"inLanguage":"es","potentialAction":[{"@type":"ReadAction","target":["https:\/\/rls-wacon.de\/es\/produkt\/sinc-2802\/"]}]},{"@type":"ImageObject","inLanguage":"es","@id":"https:\/\/rls-wacon.de\/es\/produkt\/sinc-2802\/#primaryimage","url":"https:\/\/rls-wacon.de\/wp-content\/uploads\/2026\/03\/Sycon-2802-im-Gehaeuse-2.png","contentUrl":"https:\/\/rls-wacon.de\/wp-content\/uploads\/2026\/03\/Sycon-2802-im-Gehaeuse-2.png","width":894,"height":839},{"@type":"BreadcrumbList","@id":"https:\/\/rls-wacon.de\/es\/produkt\/sinc-2802\/#breadcrumb","itemListElement":[{"@type":"ListItem","position":1,"name":"Startseite","item":"https:\/\/rls-wacon.de\/pt-br\/"},{"@type":"ListItem","position":2,"name":"Productos","item":"https:\/\/rls-wacon.de\/shop\/"},{"@type":"ListItem","position":3,"name":"SINC 2802"}]},{"@type":"WebSite","@id":"https:\/\/rls-wacon.de\/#website","url":"https:\/\/rls-wacon.de\/","name":"RLS Wacon analytics GmbH","description":"Experts for water monitoring","publisher":{"@id":"https:\/\/rls-wacon.de\/#organization"},"potentialAction":[{"@type":"SearchAction","target":{"@type":"EntryPoint","urlTemplate":"https:\/\/rls-wacon.de\/?s={search_term_string}"},"query-input":{"@type":"PropertyValueSpecification","valueRequired":true,"valueName":"search_term_string"}}],"inLanguage":"es"},{"@type":"Organization","@id":"https:\/\/rls-wacon.de\/#organization","name":"RLS Wacon analytics GmbH","url":"https:\/\/rls-wacon.de\/","logo":{"@type":"ImageObject","inLanguage":"es","@id":"https:\/\/rls-wacon.de\/#\/schema\/logo\/image\/","url":"https:\/\/rls-wacon.de\/wp-content\/uploads\/2022\/10\/RLSWacon-analytics-Logo-BR-RZ-9_17-768x1591.png","contentUrl":"https:\/\/rls-wacon.de\/wp-content\/uploads\/2022\/10\/RLSWacon-analytics-Logo-BR-RZ-9_17-768x1591.png","width":768,"height":159,"caption":"RLS Wacon analytics GmbH"},"image":{"@id":"https:\/\/rls-wacon.de\/#\/schema\/logo\/image\/"}}]},"og_availability":"instock","product_availability":"instock","product_retailer_item_id":"30-210164","product_condition":"new"},"_links":{"self":[{"href":"https:\/\/rls-wacon.de\/es\/wp-json\/wp\/v2\/product\/24011","targetHints":{"allow":["GET"]}}],"collection":[{"href":"https:\/\/rls-wacon.de\/es\/wp-json\/wp\/v2\/product"}],"about":[{"href":"https:\/\/rls-wacon.de\/es\/wp-json\/wp\/v2\/types\/product"}],"version-history":[{"count":2,"href":"https:\/\/rls-wacon.de\/es\/wp-json\/wp\/v2\/product\/24011\/revisions"}],"predecessor-version":[{"id":31041,"href":"https:\/\/rls-wacon.de\/es\/wp-json\/wp\/v2\/product\/24011\/revisions\/31041"}],"wp:featuredmedia":[{"embeddable":true,"href":"https:\/\/rls-wacon.de\/es\/wp-json\/wp\/v2\/media\/31075"}],"wp:attachment":[{"href":"https:\/\/rls-wacon.de\/es\/wp-json\/wp\/v2\/media?parent=24011"}],"wp:term":[{"taxonomy":"product_brand","embeddable":true,"href":"https:\/\/rls-wacon.de\/es\/wp-json\/wp\/v2\/product_brand?post=24011"},{"taxonomy":"product_cat","embeddable":true,"href":"https:\/\/rls-wacon.de\/es\/wp-json\/wp\/v2\/product_cat?post=24011"},{"taxonomy":"product_tag","embeddable":true,"href":"https:\/\/rls-wacon.de\/es\/wp-json\/wp\/v2\/product_tag?post=24011"}],"curies":[{"name":"wp","href":"https:\/\/api.w.org\/{rel}","templated":true}]}}