{"id":24032,"date":"2023-03-11T21:13:14","date_gmt":"2023-03-11T21:13:14","guid":{"rendered":"https:\/\/rls-wacon.de\/produkt\/sycon-sio2\/"},"modified":"2026-02-17T11:58:08","modified_gmt":"2026-02-17T10:58:08","slug":"sycon-sio2","status":"publish","type":"product","link":"https:\/\/rls-wacon.de\/es\/produkt\/sycon-sio2\/","title":{"rendered":"SYCON SiO2"},"content":{"rendered":"<hr class=\"system-pagebreak\" title=\"Especificaciones\">\n<table class=\"wacon-table\">\n<tbody>\n<tr>\n<td>Par\u00e1metros<\/td>\n<td>Valor \/ Rango<\/td>\n<\/tr>\n<tr>\n<td>Suministro el\u00e9ctrico<\/td>\n<td>110 \/ 230 V a 47 &#8230; 440 Hz<\/td>\n<\/tr>\n<tr>\n<td>Consumo de energ\u00eda<\/td>\n<td>25 VA (en funcionamiento)<\/td>\n<\/tr>\n<tr>\n<td>Grado de protecci\u00f3n<\/td>\n<td>IP 43<\/td>\n<\/tr>\n<tr>\n<td>Temperatura ambiente<\/td>\n<td>5 &#8230; 45 \u00b0C<\/td>\n<\/tr>\n<tr>\n<td>Temperatura del agua de la muestra<\/td>\n<td>5 &#8230; 45 \u00b0C<\/td>\n<\/tr>\n<tr>\n<td>Humedad del aire<\/td>\n<td>20 &#8230; 90 % HR sin condensaci\u00f3n<\/td>\n<\/tr>\n<\/tbody>\n<\/table>\n<hr class=\"system-pagebreak\" title=\"Datos t\u00e9cnicos\">\n<p>&nbsp;<\/p>\n<table class=\"wacon-table\" style=\"width: 598px; height: 337.067px;\">\n<tbody>\n<tr style=\"height: 25.3333px;\">\n<td style=\"height: 25.3333px;\">Par\u00e1metros<\/td>\n<td style=\"height: 25.3333px;\">Valor \/ Rango<\/td>\n<\/tr>\n<tr style=\"height: 25.3333px;\">\n<td style=\"height: 25.3333px;\">instalaci\u00f3n<\/td>\n<td style=\"height: 25.3333px;\">Montaje mural en locales cerrados<\/td>\n<\/tr>\n<tr style=\"height: 25.3333px;\">\n<td style=\"height: 25.3333px;\">Dimensiones<\/td>\n<td style=\"height: 25.3333px;\">490 x 600 x 260 mm<\/td>\n<\/tr>\n<tr style=\"height: 25.3333px;\">\n<td style=\"height: 25.3333px;\">Peso<\/td>\n<td style=\"height: 25.3333px;\">9,2 kg<\/td>\n<\/tr>\n<tr style=\"height: 200.4px;\">\n<td style=\"height: 200.4px;\">Salidas de rel\u00e9<\/td>\n<td style=\"height: 200.4px;\">4 rel\u00e9s<br \/>\n250 VAC \/ VDC 4 A<br \/>\nSalidas libres NC\/NO<\/p>\n<ul>\n<li>Valor l\u00edmite<\/li>\n<li>Deficiencia del indicador<\/li>\n<li>Fallo del aparato<\/li>\n<li>An\u00e1lisis activo<\/li>\n<\/ul>\n<\/td>\n<\/tr>\n<tr style=\"height: 25.3333px;\">\n<td style=\"height: 25.3333px;\">Entradas de se\u00f1ales<\/td>\n<td style=\"height: 25.3333px;\">Entradas de contacto libre de potencial<\/p>\n<p>Entrada 1:<\/p>\n<ul>\n<li>Inicio del an\u00e1lisis<\/li>\n<li>Interrupci\u00f3n del intervalo<\/li>\n<li>Monitor de caudal<\/li>\n<li>Contador de agua<\/li>\n<\/ul>\n<p>Entrada 2:<\/p>\n<ul>\n<li>Reinicio por aver\u00eda<\/li>\n<li>Abortar an\u00e1lisis<\/li>\n<\/ul>\n<\/td>\n<\/tr>\n<tr style=\"height: 10px;\">\n<td style=\"height: 10px;\">Interfaz de corriente<\/td>\n<td style=\"height: 10px;\">0\/4 .. 20 mA Valor medido o salida de estado<\/td>\n<\/tr>\n<tr style=\"height: 10px;\">\n<td style=\"height: 10px;\">Modbus RTU<\/td>\n<td style=\"height: 10px;\">RS485 para salida de valor medido, estado del aparato y parametrizaci\u00f3n<\/td>\n<\/tr>\n<tr style=\"height: 10px;\">\n<td style=\"height: 10px;\">Conexi\u00f3n de entrada \/ salida<\/td>\n<td style=\"height: 10px;\">Manguera de 6 mm de di\u00e1metro exterior<\/td>\n<\/tr>\n<\/tbody>\n<\/table>\n<hr class=\"system-pagebreak\" title=\"Propiedades de an\u00e1lisis\">\n<table class=\"wacon-table\">\n<tbody>\n<tr>\n<td>Par\u00e1metros<\/td>\n<td>Valor \/ Rango<\/td>\n<\/tr>\n<tr>\n<td>Principio de medici\u00f3n<\/td>\n<td>Fotom\u00e9trico<\/td>\n<\/tr>\n<tr>\n<td>Rango de medici\u00f3n<\/td>\n<td>\n<table>\n<tbody>\n<tr>\n<td>Valor<\/td>\n<td>Unidad<\/td>\n<\/tr>\n<tr>\n<td>LR: 0,02 a 10<br \/>\nHR: 10 a 150<\/td>\n<td>mg\/l de SiO2<\/td>\n<\/tr>\n<\/tbody>\n<\/table>\n<\/td>\n<\/tr>\n<tr>\n<td>Caducidad Reactivo<\/td>\n<td>24 meses<\/td>\n<\/tr>\n<tr>\n<td>Consumo de agua<\/td>\n<td>El consumo de agua var\u00eda en funci\u00f3n de la presi\u00f3n de entrada y del tiempo de aclarado.<\/td>\n<\/tr>\n<tr>\n<td>Presi\u00f3n del agua de entrada<\/td>\n<td>Si la presi\u00f3n de entrada supera los 2 bares, hay que utilizar un reductor de presi\u00f3n\/acelerador.<\/td>\n<\/tr>\n<tr>\n<td>Muestra de agua<\/td>\n<td>transparente, incoloro, sin s\u00f3lidos, sin burbujas de gas<\/p>\n<table>\n<tbody>\n<tr>\n<td>Par\u00e1metro<\/td>\n<td>Valor<\/td>\n<td>Unidad<\/td>\n<\/tr>\n<tr>\n<td>ph<\/td>\n<td>4 &#8230; 10,5<\/td>\n<td><\/td>\n<\/tr>\n<tr>\n<td>Hierro<\/td>\n<td>&lt; 3<\/td>\n<td>ppm<\/td>\n<\/tr>\n<tr>\n<td>Cobre<\/td>\n<td>&lt; 0,2<\/td>\n<td>ppm<\/td>\n<\/tr>\n<tr>\n<td>Aluminio<\/td>\n<td>&lt; 0,1<\/td>\n<td>ppm<\/td>\n<\/tr>\n<tr>\n<td>Manganeso<\/td>\n<td>&lt; 0,2<\/td>\n<td>ppm<\/td>\n<\/tr>\n<tr>\n<td>Capacidad \u00e1cida KS 4,3<\/td>\n<td>&lt; 5<\/td>\n<td>mmol\/l<\/td>\n<\/tr>\n<\/tbody>\n<\/table>\n<\/td>\n<\/tr>\n<\/tbody>\n<\/table>\n","protected":false},"excerpt":{"rendered":"<p>El SYCON SiO2 es un analizador para controlar el silicato en el intervalo de ppm.<br \/>\nPara la medici\u00f3n en el intervalo bajo (LR: 0,02-10 mg\/l) se requiere un juego de indicadores A, B y C.<br \/>\nPara concentraciones m\u00e1s altas (HR: 10-150 mg\/l) se requiere un juego de indicadores B y C.<\/p>\n<p>Las caracter\u00edsticas especiales del analizador SYCON SiO2 incluyen<\/p>\n<ul>\n<li>Dise\u00f1o compacto con componentes f\u00e1cilmente accesibles<\/li>\n<li>Mantenimiento de la c\u00e9lula de medici\u00f3n sin herramientas<\/li>\n<li>Manejo sencillo e intuitivo mediante 8 botones y una gran pantalla<\/li>\n<li>Tecnolog\u00eda de an\u00e1lisis duradera y precisa<\/li>\n<li>Amplio equipamiento de serie<\/li>\n<\/ul>\n<p>El analizador de silicatos SYCON muestra de forma fiable las siguientes funciones:<\/p>\n<ul>\n<li>Ajuste autom\u00e1tico del punto cero antes de cada medici\u00f3n<\/li>\n<li>Un valor l\u00edmite ajustable individualmente para la funci\u00f3n de alarma mediante rel\u00e9<\/li>\n<li>Interfaces para salida de valores medidos\n<ul>\n<li>Valores medidos y registro en tarjeta SD<\/li>\n<li>Modbus RTU<\/li>\n<li>Salida anal\u00f3gica 4 &#8211; 20 mA para valor medido o mensajes de estado detallados<\/li>\n<li>Cuatro salidas de rel\u00e9 para mensajes individuales de alarma y advertencia y para controlar otros componentes (por ejemplo, bomba de muestreo para agua de muestra no presurizada)<\/li>\n<\/ul>\n<\/li>\n<li>Dos entradas digitales programables<\/li>\n<\/ul>\n<p>&nbsp;<\/p>\n","protected":false},"featured_media":24036,"template":"","meta":{"_acf_changed":false},"product_brand":[],"product_cat":[1225,1319],"product_tag":[],"class_list":{"0":"post-24032","1":"product","2":"type-product","3":"status-publish","4":"has-post-thumbnail","6":"product_cat-silicato","7":"product_cat-sycon-es","9":"first","10":"instock","11":"shipping-taxable","12":"purchasable","13":"product-type-variable"},"exclude_global_add_ons":[],"addons":[],"acf":[],"yoast_head":"<!-- This site is optimized with the Yoast SEO Premium plugin v27.3 (Yoast SEO v27.3) - https:\/\/yoast.com\/product\/yoast-seo-premium-wordpress\/ -->\n<title>SYCON SiO2 - RLS Wacon analytics<\/title>\n<meta name=\"description\" content=\"El SYCON SiO2 es un analizador para controlar el silicato en el intervalo de ppm.\" \/>\n<meta name=\"robots\" content=\"index, follow, max-snippet:-1, max-image-preview:large, max-video-preview:-1\" \/>\n<link rel=\"canonical\" href=\"https:\/\/rls-wacon.de\/es\/produkt\/sycon-sio2\/\" \/>\n<meta property=\"og:locale\" content=\"es_ES\" \/>\n<meta property=\"og:type\" content=\"article\" \/>\n<meta property=\"og:title\" content=\"SYCON SiO2\" \/>\n<meta property=\"og:description\" content=\"El SYCON SiO2 es un analizador para controlar el silicato en el intervalo de ppm.\" \/>\n<meta property=\"og:url\" content=\"https:\/\/rls-wacon.de\/es\/produkt\/sycon-sio2\/\" \/>\n<meta property=\"og:site_name\" content=\"RLS Wacon analytics\" \/>\n<meta property=\"article:modified_time\" content=\"2026-02-17T10:58:08+00:00\" \/>\n<meta property=\"og:image\" content=\"https:\/\/rls-wacon.de\/wp-content\/uploads\/2023\/03\/sycon-sio2.jpg\" \/>\n\t<meta property=\"og:image:width\" content=\"1920\" \/>\n\t<meta property=\"og:image:height\" content=\"1334\" \/>\n\t<meta property=\"og:image:type\" content=\"image\/jpeg\" \/>\n<meta name=\"twitter:card\" content=\"summary_large_image\" \/>\n<meta name=\"twitter:label1\" content=\"Disponibilidad\" \/>\n\t<meta name=\"twitter:data1\" content=\"Disponible\" \/>\n<script type=\"application\/ld+json\" class=\"yoast-schema-graph\">{\"@context\":\"https:\\\/\\\/schema.org\",\"@graph\":[{\"@type\":\"WebPage\",\"@id\":\"https:\\\/\\\/rls-wacon.de\\\/es\\\/produkt\\\/sycon-sio2\\\/\",\"url\":\"https:\\\/\\\/rls-wacon.de\\\/es\\\/produkt\\\/sycon-sio2\\\/\",\"name\":\"SYCON SiO2 - RLS Wacon analytics\",\"isPartOf\":{\"@id\":\"https:\\\/\\\/rls-wacon.de\\\/#website\"},\"primaryImageOfPage\":{\"@id\":\"https:\\\/\\\/rls-wacon.de\\\/es\\\/produkt\\\/sycon-sio2\\\/#primaryimage\"},\"image\":{\"@id\":\"https:\\\/\\\/rls-wacon.de\\\/es\\\/produkt\\\/sycon-sio2\\\/#primaryimage\"},\"thumbnailUrl\":\"https:\\\/\\\/rls-wacon.de\\\/wp-content\\\/uploads\\\/2023\\\/03\\\/sycon-sio2.jpg\",\"datePublished\":\"2023-03-11T21:13:14+00:00\",\"dateModified\":\"2026-02-17T10:58:08+00:00\",\"description\":\"El SYCON SiO2 es un analizador para controlar el silicato en el intervalo de ppm.\",\"breadcrumb\":{\"@id\":\"https:\\\/\\\/rls-wacon.de\\\/es\\\/produkt\\\/sycon-sio2\\\/#breadcrumb\"},\"inLanguage\":\"es\",\"potentialAction\":[{\"@type\":\"ReadAction\",\"target\":[\"https:\\\/\\\/rls-wacon.de\\\/es\\\/produkt\\\/sycon-sio2\\\/\"]}]},{\"@type\":\"ImageObject\",\"inLanguage\":\"es\",\"@id\":\"https:\\\/\\\/rls-wacon.de\\\/es\\\/produkt\\\/sycon-sio2\\\/#primaryimage\",\"url\":\"https:\\\/\\\/rls-wacon.de\\\/wp-content\\\/uploads\\\/2023\\\/03\\\/sycon-sio2.jpg\",\"contentUrl\":\"https:\\\/\\\/rls-wacon.de\\\/wp-content\\\/uploads\\\/2023\\\/03\\\/sycon-sio2.jpg\",\"width\":1920,\"height\":1334,\"caption\":\"sycon-sio2\"},{\"@type\":\"BreadcrumbList\",\"@id\":\"https:\\\/\\\/rls-wacon.de\\\/es\\\/produkt\\\/sycon-sio2\\\/#breadcrumb\",\"itemListElement\":[{\"@type\":\"ListItem\",\"position\":1,\"name\":\"Startseite\",\"item\":\"https:\\\/\\\/rls-wacon.de\\\/pt-br\\\/\"},{\"@type\":\"ListItem\",\"position\":2,\"name\":\"Productos\",\"item\":\"https:\\\/\\\/rls-wacon.de\\\/shop\\\/\"},{\"@type\":\"ListItem\",\"position\":3,\"name\":\"SYCON SiO2\"}]},{\"@type\":\"WebSite\",\"@id\":\"https:\\\/\\\/rls-wacon.de\\\/#website\",\"url\":\"https:\\\/\\\/rls-wacon.de\\\/\",\"name\":\"RLS Wacon analytics GmbH\",\"description\":\"Experts for water monitoring\",\"publisher\":{\"@id\":\"https:\\\/\\\/rls-wacon.de\\\/#organization\"},\"potentialAction\":[{\"@type\":\"SearchAction\",\"target\":{\"@type\":\"EntryPoint\",\"urlTemplate\":\"https:\\\/\\\/rls-wacon.de\\\/?s={search_term_string}\"},\"query-input\":{\"@type\":\"PropertyValueSpecification\",\"valueRequired\":true,\"valueName\":\"search_term_string\"}}],\"inLanguage\":\"es\"},{\"@type\":\"Organization\",\"@id\":\"https:\\\/\\\/rls-wacon.de\\\/#organization\",\"name\":\"RLS Wacon analytics GmbH\",\"url\":\"https:\\\/\\\/rls-wacon.de\\\/\",\"logo\":{\"@type\":\"ImageObject\",\"inLanguage\":\"es\",\"@id\":\"https:\\\/\\\/rls-wacon.de\\\/#\\\/schema\\\/logo\\\/image\\\/\",\"url\":\"https:\\\/\\\/rls-wacon.de\\\/wp-content\\\/uploads\\\/2022\\\/10\\\/RLSWacon-analytics-Logo-BR-RZ-9_17-768x1591.png\",\"contentUrl\":\"https:\\\/\\\/rls-wacon.de\\\/wp-content\\\/uploads\\\/2022\\\/10\\\/RLSWacon-analytics-Logo-BR-RZ-9_17-768x1591.png\",\"width\":768,\"height\":159,\"caption\":\"RLS Wacon analytics GmbH\"},\"image\":{\"@id\":\"https:\\\/\\\/rls-wacon.de\\\/#\\\/schema\\\/logo\\\/image\\\/\"}}]}<\/script>\n<meta property=\"og:availability\" content=\"instock\" \/>\n<meta property=\"product:availability\" content=\"instock\" \/>\n<meta property=\"product:retailer_item_id\" content=\"30-000178\" \/>\n<meta property=\"product:condition\" content=\"new\" \/>\n<!-- \/ Yoast SEO Premium plugin. -->","yoast_head_json":{"title":"SYCON SiO2 - RLS Wacon analytics","description":"El SYCON SiO2 es un analizador para controlar el silicato en el intervalo de ppm.","robots":{"index":"index","follow":"follow","max-snippet":"max-snippet:-1","max-image-preview":"max-image-preview:large","max-video-preview":"max-video-preview:-1"},"canonical":"https:\/\/rls-wacon.de\/es\/produkt\/sycon-sio2\/","og_locale":"es_ES","og_type":"article","og_title":"SYCON SiO2","og_description":"El SYCON SiO2 es un analizador para controlar el silicato en el intervalo de ppm.","og_url":"https:\/\/rls-wacon.de\/es\/produkt\/sycon-sio2\/","og_site_name":"RLS Wacon analytics","article_modified_time":"2026-02-17T10:58:08+00:00","og_image":[{"width":1920,"height":1334,"url":"https:\/\/rls-wacon.de\/wp-content\/uploads\/2023\/03\/sycon-sio2.jpg","type":"image\/jpeg"}],"twitter_card":"summary_large_image","twitter_misc":{"Disponibilidad":"Disponible"},"schema":{"@context":"https:\/\/schema.org","@graph":[{"@type":"WebPage","@id":"https:\/\/rls-wacon.de\/es\/produkt\/sycon-sio2\/","url":"https:\/\/rls-wacon.de\/es\/produkt\/sycon-sio2\/","name":"SYCON SiO2 - RLS Wacon analytics","isPartOf":{"@id":"https:\/\/rls-wacon.de\/#website"},"primaryImageOfPage":{"@id":"https:\/\/rls-wacon.de\/es\/produkt\/sycon-sio2\/#primaryimage"},"image":{"@id":"https:\/\/rls-wacon.de\/es\/produkt\/sycon-sio2\/#primaryimage"},"thumbnailUrl":"https:\/\/rls-wacon.de\/wp-content\/uploads\/2023\/03\/sycon-sio2.jpg","datePublished":"2023-03-11T21:13:14+00:00","dateModified":"2026-02-17T10:58:08+00:00","description":"El SYCON SiO2 es un analizador para controlar el silicato en el intervalo de ppm.","breadcrumb":{"@id":"https:\/\/rls-wacon.de\/es\/produkt\/sycon-sio2\/#breadcrumb"},"inLanguage":"es","potentialAction":[{"@type":"ReadAction","target":["https:\/\/rls-wacon.de\/es\/produkt\/sycon-sio2\/"]}]},{"@type":"ImageObject","inLanguage":"es","@id":"https:\/\/rls-wacon.de\/es\/produkt\/sycon-sio2\/#primaryimage","url":"https:\/\/rls-wacon.de\/wp-content\/uploads\/2023\/03\/sycon-sio2.jpg","contentUrl":"https:\/\/rls-wacon.de\/wp-content\/uploads\/2023\/03\/sycon-sio2.jpg","width":1920,"height":1334,"caption":"sycon-sio2"},{"@type":"BreadcrumbList","@id":"https:\/\/rls-wacon.de\/es\/produkt\/sycon-sio2\/#breadcrumb","itemListElement":[{"@type":"ListItem","position":1,"name":"Startseite","item":"https:\/\/rls-wacon.de\/pt-br\/"},{"@type":"ListItem","position":2,"name":"Productos","item":"https:\/\/rls-wacon.de\/shop\/"},{"@type":"ListItem","position":3,"name":"SYCON SiO2"}]},{"@type":"WebSite","@id":"https:\/\/rls-wacon.de\/#website","url":"https:\/\/rls-wacon.de\/","name":"RLS Wacon analytics GmbH","description":"Experts for water monitoring","publisher":{"@id":"https:\/\/rls-wacon.de\/#organization"},"potentialAction":[{"@type":"SearchAction","target":{"@type":"EntryPoint","urlTemplate":"https:\/\/rls-wacon.de\/?s={search_term_string}"},"query-input":{"@type":"PropertyValueSpecification","valueRequired":true,"valueName":"search_term_string"}}],"inLanguage":"es"},{"@type":"Organization","@id":"https:\/\/rls-wacon.de\/#organization","name":"RLS Wacon analytics GmbH","url":"https:\/\/rls-wacon.de\/","logo":{"@type":"ImageObject","inLanguage":"es","@id":"https:\/\/rls-wacon.de\/#\/schema\/logo\/image\/","url":"https:\/\/rls-wacon.de\/wp-content\/uploads\/2022\/10\/RLSWacon-analytics-Logo-BR-RZ-9_17-768x1591.png","contentUrl":"https:\/\/rls-wacon.de\/wp-content\/uploads\/2022\/10\/RLSWacon-analytics-Logo-BR-RZ-9_17-768x1591.png","width":768,"height":159,"caption":"RLS Wacon analytics GmbH"},"image":{"@id":"https:\/\/rls-wacon.de\/#\/schema\/logo\/image\/"}}]},"og_availability":"instock","product_availability":"instock","product_retailer_item_id":"30-000178","product_condition":"new"},"_links":{"self":[{"href":"https:\/\/rls-wacon.de\/es\/wp-json\/wp\/v2\/product\/24032","targetHints":{"allow":["GET"]}}],"collection":[{"href":"https:\/\/rls-wacon.de\/es\/wp-json\/wp\/v2\/product"}],"about":[{"href":"https:\/\/rls-wacon.de\/es\/wp-json\/wp\/v2\/types\/product"}],"version-history":[{"count":1,"href":"https:\/\/rls-wacon.de\/es\/wp-json\/wp\/v2\/product\/24032\/revisions"}],"predecessor-version":[{"id":29084,"href":"https:\/\/rls-wacon.de\/es\/wp-json\/wp\/v2\/product\/24032\/revisions\/29084"}],"wp:featuredmedia":[{"embeddable":true,"href":"https:\/\/rls-wacon.de\/es\/wp-json\/wp\/v2\/media\/24036"}],"wp:attachment":[{"href":"https:\/\/rls-wacon.de\/es\/wp-json\/wp\/v2\/media?parent=24032"}],"wp:term":[{"taxonomy":"product_brand","embeddable":true,"href":"https:\/\/rls-wacon.de\/es\/wp-json\/wp\/v2\/product_brand?post=24032"},{"taxonomy":"product_cat","embeddable":true,"href":"https:\/\/rls-wacon.de\/es\/wp-json\/wp\/v2\/product_cat?post=24032"},{"taxonomy":"product_tag","embeddable":true,"href":"https:\/\/rls-wacon.de\/es\/wp-json\/wp\/v2\/product_tag?post=24032"}],"curies":[{"name":"wp","href":"https:\/\/api.w.org\/{rel}","templated":true}]}}