{"id":24065,"date":"2023-03-11T21:13:13","date_gmt":"2023-03-11T21:13:13","guid":{"rendered":"https:\/\/rls-wacon.de\/produkt\/sycon-bob\/"},"modified":"2026-02-17T12:12:49","modified_gmt":"2026-02-17T11:12:49","slug":"sycon-bob","status":"publish","type":"product","link":"https:\/\/rls-wacon.de\/es\/produkt\/sycon-bob\/","title":{"rendered":"SYCON BoB"},"content":{"rendered":"<hr class=\"system-pagebreak\" title=\"Dureza total Serie H25\">\n<p>Nosotros mismos fabricamos nuestros indicadores. S\u00f3lo utilizamos materias primas de alta calidad y comprobamos en nuestro laboratorio que cada lote de producci\u00f3n cumple el valor l\u00edmite especificado. <\/p>\n<table class=\"wacon-table\" style=\"width: 100%;\">\n<tbody>\n<tr>\n<td>Indicador<\/td>\n<td colspan=\"2\">N\u00famero de posici\u00f3n<\/td>\n<td colspan=\"4\">Valor l\u00edmite<\/td>\n<\/tr>\n<tr>\n<td><\/td>\n<td>Botella individual<\/td>\n<td>Paquete de valor<\/td>\n<td>\u00b0dH<\/td>\n<td>mmol\/l<\/td>\n<td>Tipo de caldera<\/td>\n<td>Est\u00e1ndar<\/td>\n<\/tr>\n<tr>\n<td>H25-0,05<\/td>\n<td>32-084125<\/td>\n<td>32-484125<\/td>\n<td>0,03<\/td>\n<td>0,005<\/td>\n<td>Tanque de circulaci\u00f3n<\/td>\n<td>EN12952-12<\/td>\n<\/tr>\n<tr>\n<td>H25-0,1<\/td>\n<td>32-084135<\/td>\n<td>32-484135<\/td>\n<td>0,05<\/td>\n<td>0,01<\/td>\n<td>Caldera de agua de gran capacidad<\/td>\n<td>EN12953-10<\/td>\n<\/tr>\n<\/tbody>\n<\/table>\n<hr class=\"system-pagebreak\" title=\"Accesorios\">\n<p>Tambi\u00e9n ofrecemos accesorios para nuestros aparatos para facilitar su instalaci\u00f3n y mantenimiento<\/p>\n<table class=\"wacon-table\" style=\"width: 100%;\">\n<tbody>\n<tr>\n<td>Designaci\u00f3n<\/td>\n<td>N\u00famero de art\u00edculo<\/td>\n<td>Descripci\u00f3n<\/td>\n<\/tr>\n<tr>\n<td>Conjunto de conexiones SYCON<\/td>\n<td>33-000701<\/td>\n<td>Para conectar un analizador SYCON a una l\u00ednea de muestra con 1\/2&#8243; o 1\/4&#8243;<\/p>\n<ul>\n<li>Boquilla reductora de 1\/2&#8243; a 1\/4&#8243;<\/li>\n<li>Llave esf\u00e9rica de acero inoxidable Manguera de pl\u00e1stico de 1\/4&#8243; a 6 mm para cerrar, por ejemplo, durante el mantenimiento<\/li>\n<li>Manguera de pl\u00e1stico de 5 m apta para entrada y salida SYCON<\/li>\n<\/ul>\n<\/td>\n<\/tr>\n<tr>\n<td>Reductor de presi\u00f3n con filtro incl. Man\u00f3metro para SYCON <\/td>\n<td>33-090738<\/td>\n<td>Recomendado para presiones de entrada superiores a 2 bar<\/p>\n<ul>\n<li>Margen de regulaci\u00f3n 0 -4 bar<\/li>\n<li>Presi\u00f3n de entrada hasta 13 bar<\/li>\n<li>Man\u00f3metro integrado<\/li>\n<li>incluye filtro con tama\u00f1o de poro de 20 \u00b5m<\/li>\n<\/ul>\n<\/td>\n<\/tr>\n<tr>\n<td>Set de limpieza SYCON Clean<\/td>\n<td>30-010900<\/td>\n<td>Set de limpieza para peines medidores<\/p>\n<ul>\n<li>Caja de almacenamiento<\/li>\n<li>Instrucciones<\/li>\n<li>Guantes<\/li>\n<li>Cepillos<\/li>\n<li>Embudo<\/li>\n<li>L\u00edquido limpiador FIT3000 (1000 ml)<\/li>\n<\/ul>\n<\/td>\n<\/tr>\n<tr>\n<td>L\u00edquido limpiador FIT3000<\/td>\n<td>32-089100<\/td>\n<td>Limpiador para c\u00e1maras de medici\u00f3n (1000 ml)<\/td>\n<\/tr>\n<tr>\n<td>Kit de mantenimiento SYCON 2702- 2802 \/ FE \/ BOB<\/td>\n<td>33-030025<\/td>\n<td>Juego de piezas de recambio para SYCON 2702 &#8211; 2802 \/ FE \/ BOB<\/p>\n<ul>\n<li>Juntas t\u00f3ricas<\/li>\n<li>Casete de bomba perist\u00e1ltica<\/li>\n<li>Mangueras indicadoras<\/li>\n<\/ul>\n<\/td>\n<\/tr>\n<\/tbody>\n<\/table>\n","protected":false},"excerpt":{"rendered":"<p>El SYCON BoB es un analizador en l\u00ednea para controlar el agua blanda en funcionamiento sin supervisi\u00f3n constante para un funcionamiento seguro durante 72 horas (BOB 72 horas). Los contactos de rel\u00e9 adicionales permiten controlar una v\u00e1lvula de agua de refrigeraci\u00f3n externa para un refrigerador de muestras. El estado del dispositivo puede conectarse a mantenimiento remoto mediante la interfaz RS-485 existente con protocolo Modbus RTU.  <\/p>\n<h3>Informaci\u00f3n sobre el producto SYCON BoB<\/h3>\n<ul>\n<li style=\"list-style-type: none;\">\n<ul>\n<li style=\"list-style-type: none;\">\n<ul>\n<li><strong>Certificado T\u00dcV de acuerdo con la hoja de datos VdT\u00dcV BP WAUE 0100 para funcionamiento sin supervisi\u00f3n constante para un funcionamiento seguro durante 72 horas (BOB 72 horas)<\/strong><\/li>\n<li>Uso en calderas de agua de gran capacidad con funcionamiento salino, bajo en sal o sin sal con un valor l\u00edmite de 0,01 mmol\/l o 0,05 \u00b0dH seg\u00fan EN12953-10 (indicador H25-0.1)<\/li>\n<li>Uso en calderas de circulaci\u00f3n con un valor l\u00edmite de 0,005 mmol\/l o 0,03 \u00b0dH seg\u00fan EN12952-12 (indicador H25-0,05)<\/li>\n<li>Control del agua de alimentaci\u00f3n de la caldera, del agua de la caldera o del retorno de condensados<\/li>\n<li>Control del nivel del indicador mediante una sonda de nivel<\/li>\n<li>Visualizaci\u00f3n gr\u00e1fica, navegaci\u00f3n por los men\u00fas en alem\u00e1n, ingl\u00e9s, italiano, franc\u00e9s, espa\u00f1ol, ruso, polaco, neerland\u00e9s y dan\u00e9s.<\/li>\n<li>Puesta en marcha sencilla mediante el asistente de instalaci\u00f3n<\/li>\n<li>Documentaci\u00f3n de todos los resultados de las mediciones en una tarjeta SD<\/li>\n<li>Bajo mantenimiento gracias a la tecnolog\u00eda de bomba perist\u00e1ltica y al lavado de la c\u00e9lula de medici\u00f3n con presi\u00f3n de l\u00ednea<\/li>\n<li>Autocalibraci\u00f3n frente a la luz ambiental, la contaminaci\u00f3n y la turbidez de la muestra de agua<\/li>\n<li>Fiable gracias al autodiagn\u00f3stico y al control de verosimilitud de los datos de los sensores durante el an\u00e1lisis<\/li>\n<li>Sensor a todo color sin mantenimiento<\/li>\n<li>Conexiones:\n<ul>\n<li>4 salidas libres de potencial:\n<ul>\n<li>Valor l\u00edmite superado<\/li>\n<li>Valor l\u00edmite superado \/ valor l\u00edmite no alcanzado \/ nivel del indicador bajo<\/li>\n<li>Fallo del aparato<\/li>\n<li>An\u00e1lisis activo \/ v\u00e1lvula de agua de refrigeraci\u00f3n \/ nivel del indicador bajo<\/li>\n<\/ul>\n<\/li>\n<li>Interfaz de corriente configurable como 0 &#8211; 20mA o 4 -20mA para salida de valor medido o mensaje de estado<\/li>\n<li>Entrada para contacto libre de potencial para activaci\u00f3n de an\u00e1lisis externo, contador de agua para intervalo de volumen o pausa del intervalo de an\u00e1lisis interno<\/li>\n<li>Entrada para reposo a distancia mediante mando externo<\/li>\n<li>Modbus RTU para consultar los valores medidos y los par\u00e1metros del aparato a trav\u00e9s de un PLC<\/li>\n<\/ul>\n<\/li>\n<\/ul>\n<\/li>\n<\/ul>\n<\/li>\n<\/ul>\n<p><strong>Datos t\u00e9cnicos<br \/>\n<\/strong><\/p>\n<table class=\"wacon-table\" style=\"width: 100%;\">\n<tbody>\n<tr>\n<td>Par\u00e1metros<\/td>\n<td>Valor \/ Rango<\/td>\n<\/tr>\n<tr>\n<td>Alimentaci\u00f3n<\/td>\n<td>85 &#8230; 265 VCA a 47 &#8230; 440 Hz<\/td>\n<\/tr>\n<tr>\n<td>Consumo de energ\u00eda<\/td>\n<td>25 VA (pico)<\/td>\n<\/tr>\n<tr>\n<td>Clase de protecci\u00f3n<\/td>\n<td>I<\/td>\n<\/tr>\n<tr>\n<td>Grado de protecci\u00f3n<\/td>\n<td>IP 54<\/td>\n<\/tr>\n<tr>\n<td>Temperatura ambiente<\/td>\n<td>10 &#8230; 45 \u00b0C<\/td>\n<\/tr>\n<tr>\n<td>Temperatura del agua de la muestra<\/td>\n<td>5 &#8230; 40 \u00b0C<\/td>\n<\/tr>\n<tr>\n<td>Conexi\u00f3n de la muestra<\/td>\n<td>Manguera 6 mm<\/td>\n<\/tr>\n<tr>\n<td>Dimensiones (ancho x largo x fondo)<\/td>\n<td>274 x 275 x 130 mm<\/td>\n<\/tr>\n<tr>\n<td>Peso<\/td>\n<td>3,8 kg<\/td>\n<\/tr>\n<tr>\n<td>Presi\u00f3n de funcionamiento<\/td>\n<td>0,5 .. 5 bar<\/td>\n<\/tr>\n<tr>\n<td>Indicadores<\/td>\n<td>H25-0,05<br \/>\nH25-0,1<\/td>\n<\/tr>\n<tr>\n<td>Indicador de durabilidad<\/td>\n<td>24 meses<\/td>\n<\/tr>\n<\/tbody>\n<\/table>\n<p style=\"text-align: left;\"><strong>Homologado seg\u00fan la ficha t\u00e9cnica VdT\u00dcV BP WAUE 0100<\/strong><\/p>\n","protected":false},"featured_media":24069,"template":"","meta":{"_acf_changed":false},"product_brand":[],"product_cat":[1326,1319],"product_tag":[],"class_list":{"0":"post-24065","1":"product","2":"type-product","3":"status-publish","4":"has-post-thumbnail","6":"product_cat-dureza-total-es","7":"product_cat-sycon-es","9":"first","10":"instock","11":"featured","12":"shipping-taxable","13":"purchasable","14":"product-type-variable"},"exclude_global_add_ons":[],"addons":[],"acf":[],"yoast_head":"<!-- This site is optimized with the Yoast SEO Premium plugin v27.3 (Yoast SEO v27.3) - https:\/\/yoast.com\/product\/yoast-seo-premium-wordpress\/ -->\n<title>SYCON BoB - RLS Wacon analytics<\/title>\n<meta name=\"description\" content=\"El SYCON BoB es un analizador en l\u00ednea para controlar el funcionamiento del agua blanda sin supervisi\u00f3n constante para un funcionamiento seguro durante 72 horas (BOB 72 horas).\" \/>\n<meta name=\"robots\" content=\"index, follow, max-snippet:-1, max-image-preview:large, max-video-preview:-1\" \/>\n<link rel=\"canonical\" href=\"https:\/\/rls-wacon.de\/es\/produkt\/sycon-bob\/\" \/>\n<meta property=\"og:locale\" content=\"es_ES\" \/>\n<meta property=\"og:type\" content=\"article\" \/>\n<meta property=\"og:title\" content=\"SYCON BoB\" \/>\n<meta property=\"og:description\" content=\"El SYCON BoB es un analizador en l\u00ednea para controlar el funcionamiento del agua blanda sin supervisi\u00f3n constante para un funcionamiento seguro durante 72 horas (BOB 72 horas).\" \/>\n<meta property=\"og:url\" content=\"https:\/\/rls-wacon.de\/es\/produkt\/sycon-bob\/\" \/>\n<meta property=\"og:site_name\" content=\"RLS Wacon analytics\" \/>\n<meta property=\"article:modified_time\" content=\"2026-02-17T11:12:49+00:00\" \/>\n<meta property=\"og:image\" content=\"https:\/\/rls-wacon.de\/wp-content\/uploads\/2023\/03\/sycon-bob-d.jpg\" \/>\n\t<meta property=\"og:image:width\" content=\"1920\" \/>\n\t<meta property=\"og:image:height\" content=\"1744\" \/>\n\t<meta property=\"og:image:type\" content=\"image\/jpeg\" \/>\n<meta name=\"twitter:card\" content=\"summary_large_image\" \/>\n<meta name=\"twitter:label1\" content=\"Disponibilidad\" \/>\n\t<meta name=\"twitter:data1\" content=\"Disponible\" \/>\n<script type=\"application\/ld+json\" class=\"yoast-schema-graph\">{\"@context\":\"https:\\\/\\\/schema.org\",\"@graph\":[{\"@type\":\"WebPage\",\"@id\":\"https:\\\/\\\/rls-wacon.de\\\/es\\\/produkt\\\/sycon-bob\\\/\",\"url\":\"https:\\\/\\\/rls-wacon.de\\\/es\\\/produkt\\\/sycon-bob\\\/\",\"name\":\"SYCON BoB - RLS Wacon analytics\",\"isPartOf\":{\"@id\":\"https:\\\/\\\/rls-wacon.de\\\/#website\"},\"primaryImageOfPage\":{\"@id\":\"https:\\\/\\\/rls-wacon.de\\\/es\\\/produkt\\\/sycon-bob\\\/#primaryimage\"},\"image\":{\"@id\":\"https:\\\/\\\/rls-wacon.de\\\/es\\\/produkt\\\/sycon-bob\\\/#primaryimage\"},\"thumbnailUrl\":\"https:\\\/\\\/rls-wacon.de\\\/wp-content\\\/uploads\\\/2023\\\/03\\\/sycon-bob-d.jpg\",\"datePublished\":\"2023-03-11T21:13:13+00:00\",\"dateModified\":\"2026-02-17T11:12:49+00:00\",\"description\":\"El SYCON BoB es un analizador en l\u00ednea para controlar el funcionamiento del agua blanda sin supervisi\u00f3n constante para un funcionamiento seguro durante 72 horas (BOB 72 horas).\",\"breadcrumb\":{\"@id\":\"https:\\\/\\\/rls-wacon.de\\\/es\\\/produkt\\\/sycon-bob\\\/#breadcrumb\"},\"inLanguage\":\"es\",\"potentialAction\":[{\"@type\":\"ReadAction\",\"target\":[\"https:\\\/\\\/rls-wacon.de\\\/es\\\/produkt\\\/sycon-bob\\\/\"]}]},{\"@type\":\"ImageObject\",\"inLanguage\":\"es\",\"@id\":\"https:\\\/\\\/rls-wacon.de\\\/es\\\/produkt\\\/sycon-bob\\\/#primaryimage\",\"url\":\"https:\\\/\\\/rls-wacon.de\\\/wp-content\\\/uploads\\\/2023\\\/03\\\/sycon-bob-d.jpg\",\"contentUrl\":\"https:\\\/\\\/rls-wacon.de\\\/wp-content\\\/uploads\\\/2023\\\/03\\\/sycon-bob-d.jpg\",\"width\":1920,\"height\":1744,\"caption\":\"sycon-bob-d\"},{\"@type\":\"BreadcrumbList\",\"@id\":\"https:\\\/\\\/rls-wacon.de\\\/es\\\/produkt\\\/sycon-bob\\\/#breadcrumb\",\"itemListElement\":[{\"@type\":\"ListItem\",\"position\":1,\"name\":\"Startseite\",\"item\":\"https:\\\/\\\/rls-wacon.de\\\/pt-br\\\/\"},{\"@type\":\"ListItem\",\"position\":2,\"name\":\"Productos\",\"item\":\"https:\\\/\\\/rls-wacon.de\\\/shop\\\/\"},{\"@type\":\"ListItem\",\"position\":3,\"name\":\"SYCON BoB\"}]},{\"@type\":\"WebSite\",\"@id\":\"https:\\\/\\\/rls-wacon.de\\\/#website\",\"url\":\"https:\\\/\\\/rls-wacon.de\\\/\",\"name\":\"RLS Wacon analytics GmbH\",\"description\":\"Experts for water monitoring\",\"publisher\":{\"@id\":\"https:\\\/\\\/rls-wacon.de\\\/#organization\"},\"potentialAction\":[{\"@type\":\"SearchAction\",\"target\":{\"@type\":\"EntryPoint\",\"urlTemplate\":\"https:\\\/\\\/rls-wacon.de\\\/?s={search_term_string}\"},\"query-input\":{\"@type\":\"PropertyValueSpecification\",\"valueRequired\":true,\"valueName\":\"search_term_string\"}}],\"inLanguage\":\"es\"},{\"@type\":\"Organization\",\"@id\":\"https:\\\/\\\/rls-wacon.de\\\/#organization\",\"name\":\"RLS Wacon analytics GmbH\",\"url\":\"https:\\\/\\\/rls-wacon.de\\\/\",\"logo\":{\"@type\":\"ImageObject\",\"inLanguage\":\"es\",\"@id\":\"https:\\\/\\\/rls-wacon.de\\\/#\\\/schema\\\/logo\\\/image\\\/\",\"url\":\"https:\\\/\\\/rls-wacon.de\\\/wp-content\\\/uploads\\\/2022\\\/10\\\/RLSWacon-analytics-Logo-BR-RZ-9_17-768x1591.png\",\"contentUrl\":\"https:\\\/\\\/rls-wacon.de\\\/wp-content\\\/uploads\\\/2022\\\/10\\\/RLSWacon-analytics-Logo-BR-RZ-9_17-768x1591.png\",\"width\":768,\"height\":159,\"caption\":\"RLS Wacon analytics GmbH\"},\"image\":{\"@id\":\"https:\\\/\\\/rls-wacon.de\\\/#\\\/schema\\\/logo\\\/image\\\/\"}}]}<\/script>\n<meta property=\"og:availability\" content=\"instock\" \/>\n<meta property=\"product:availability\" content=\"instock\" \/>\n<meta property=\"product:retailer_item_id\" content=\"30-610164\" \/>\n<meta property=\"product:condition\" content=\"new\" \/>\n<!-- \/ Yoast SEO Premium plugin. -->","yoast_head_json":{"title":"SYCON BoB - RLS Wacon analytics","description":"El SYCON BoB es un analizador en l\u00ednea para controlar el funcionamiento del agua blanda sin supervisi\u00f3n constante para un funcionamiento seguro durante 72 horas (BOB 72 horas).","robots":{"index":"index","follow":"follow","max-snippet":"max-snippet:-1","max-image-preview":"max-image-preview:large","max-video-preview":"max-video-preview:-1"},"canonical":"https:\/\/rls-wacon.de\/es\/produkt\/sycon-bob\/","og_locale":"es_ES","og_type":"article","og_title":"SYCON BoB","og_description":"El SYCON BoB es un analizador en l\u00ednea para controlar el funcionamiento del agua blanda sin supervisi\u00f3n constante para un funcionamiento seguro durante 72 horas (BOB 72 horas).","og_url":"https:\/\/rls-wacon.de\/es\/produkt\/sycon-bob\/","og_site_name":"RLS Wacon analytics","article_modified_time":"2026-02-17T11:12:49+00:00","og_image":[{"width":1920,"height":1744,"url":"https:\/\/rls-wacon.de\/wp-content\/uploads\/2023\/03\/sycon-bob-d.jpg","type":"image\/jpeg"}],"twitter_card":"summary_large_image","twitter_misc":{"Disponibilidad":"Disponible"},"schema":{"@context":"https:\/\/schema.org","@graph":[{"@type":"WebPage","@id":"https:\/\/rls-wacon.de\/es\/produkt\/sycon-bob\/","url":"https:\/\/rls-wacon.de\/es\/produkt\/sycon-bob\/","name":"SYCON BoB - RLS Wacon analytics","isPartOf":{"@id":"https:\/\/rls-wacon.de\/#website"},"primaryImageOfPage":{"@id":"https:\/\/rls-wacon.de\/es\/produkt\/sycon-bob\/#primaryimage"},"image":{"@id":"https:\/\/rls-wacon.de\/es\/produkt\/sycon-bob\/#primaryimage"},"thumbnailUrl":"https:\/\/rls-wacon.de\/wp-content\/uploads\/2023\/03\/sycon-bob-d.jpg","datePublished":"2023-03-11T21:13:13+00:00","dateModified":"2026-02-17T11:12:49+00:00","description":"El SYCON BoB es un analizador en l\u00ednea para controlar el funcionamiento del agua blanda sin supervisi\u00f3n constante para un funcionamiento seguro durante 72 horas (BOB 72 horas).","breadcrumb":{"@id":"https:\/\/rls-wacon.de\/es\/produkt\/sycon-bob\/#breadcrumb"},"inLanguage":"es","potentialAction":[{"@type":"ReadAction","target":["https:\/\/rls-wacon.de\/es\/produkt\/sycon-bob\/"]}]},{"@type":"ImageObject","inLanguage":"es","@id":"https:\/\/rls-wacon.de\/es\/produkt\/sycon-bob\/#primaryimage","url":"https:\/\/rls-wacon.de\/wp-content\/uploads\/2023\/03\/sycon-bob-d.jpg","contentUrl":"https:\/\/rls-wacon.de\/wp-content\/uploads\/2023\/03\/sycon-bob-d.jpg","width":1920,"height":1744,"caption":"sycon-bob-d"},{"@type":"BreadcrumbList","@id":"https:\/\/rls-wacon.de\/es\/produkt\/sycon-bob\/#breadcrumb","itemListElement":[{"@type":"ListItem","position":1,"name":"Startseite","item":"https:\/\/rls-wacon.de\/pt-br\/"},{"@type":"ListItem","position":2,"name":"Productos","item":"https:\/\/rls-wacon.de\/shop\/"},{"@type":"ListItem","position":3,"name":"SYCON BoB"}]},{"@type":"WebSite","@id":"https:\/\/rls-wacon.de\/#website","url":"https:\/\/rls-wacon.de\/","name":"RLS Wacon analytics GmbH","description":"Experts for water monitoring","publisher":{"@id":"https:\/\/rls-wacon.de\/#organization"},"potentialAction":[{"@type":"SearchAction","target":{"@type":"EntryPoint","urlTemplate":"https:\/\/rls-wacon.de\/?s={search_term_string}"},"query-input":{"@type":"PropertyValueSpecification","valueRequired":true,"valueName":"search_term_string"}}],"inLanguage":"es"},{"@type":"Organization","@id":"https:\/\/rls-wacon.de\/#organization","name":"RLS Wacon analytics GmbH","url":"https:\/\/rls-wacon.de\/","logo":{"@type":"ImageObject","inLanguage":"es","@id":"https:\/\/rls-wacon.de\/#\/schema\/logo\/image\/","url":"https:\/\/rls-wacon.de\/wp-content\/uploads\/2022\/10\/RLSWacon-analytics-Logo-BR-RZ-9_17-768x1591.png","contentUrl":"https:\/\/rls-wacon.de\/wp-content\/uploads\/2022\/10\/RLSWacon-analytics-Logo-BR-RZ-9_17-768x1591.png","width":768,"height":159,"caption":"RLS Wacon analytics GmbH"},"image":{"@id":"https:\/\/rls-wacon.de\/#\/schema\/logo\/image\/"}}]},"og_availability":"instock","product_availability":"instock","product_retailer_item_id":"30-610164","product_condition":"new"},"_links":{"self":[{"href":"https:\/\/rls-wacon.de\/es\/wp-json\/wp\/v2\/product\/24065","targetHints":{"allow":["GET"]}}],"collection":[{"href":"https:\/\/rls-wacon.de\/es\/wp-json\/wp\/v2\/product"}],"about":[{"href":"https:\/\/rls-wacon.de\/es\/wp-json\/wp\/v2\/types\/product"}],"version-history":[{"count":2,"href":"https:\/\/rls-wacon.de\/es\/wp-json\/wp\/v2\/product\/24065\/revisions"}],"predecessor-version":[{"id":29138,"href":"https:\/\/rls-wacon.de\/es\/wp-json\/wp\/v2\/product\/24065\/revisions\/29138"}],"wp:featuredmedia":[{"embeddable":true,"href":"https:\/\/rls-wacon.de\/es\/wp-json\/wp\/v2\/media\/24069"}],"wp:attachment":[{"href":"https:\/\/rls-wacon.de\/es\/wp-json\/wp\/v2\/media?parent=24065"}],"wp:term":[{"taxonomy":"product_brand","embeddable":true,"href":"https:\/\/rls-wacon.de\/es\/wp-json\/wp\/v2\/product_brand?post=24065"},{"taxonomy":"product_cat","embeddable":true,"href":"https:\/\/rls-wacon.de\/es\/wp-json\/wp\/v2\/product_cat?post=24065"},{"taxonomy":"product_tag","embeddable":true,"href":"https:\/\/rls-wacon.de\/es\/wp-json\/wp\/v2\/product_tag?post=24065"}],"curies":[{"name":"wp","href":"https:\/\/api.w.org\/{rel}","templated":true}]}}