{"id":24099,"date":"2023-03-11T21:13:15","date_gmt":"2023-03-11T21:13:15","guid":{"rendered":"https:\/\/rls-wacon.de\/produkt\/refrigerador-ascendente-pc-200\/"},"modified":"2026-02-16T21:40:41","modified_gmt":"2026-02-16T20:40:41","slug":"refrigerador-ascendente-pc-200","status":"publish","type":"product","link":"https:\/\/rls-wacon.de\/es\/produkt\/refrigerador-ascendente-pc-200\/","title":{"rendered":"Refrigerador ascendente PC 200"},"content":{"rendered":"<p><strong>Datos t\u00e9cnicos<\/strong><\/p>\n<table class=\"wacon-table\">\n<tbody>\n<tr>\n<td>Par\u00e1metros<\/td>\n<td>Valor \/ Rango<\/td>\n<\/tr>\n<tr>\n<td>instalaci\u00f3n<\/td>\n<td>Montaje mural en locales cerrados<\/td>\n<\/tr>\n<tr>\n<td>Peso<\/td>\n<td>1,7 kg<\/td>\n<\/tr>\n<tr>\n<td>Dimensiones<\/td>\n<td>Cuerpo 128 mm x 375 mm<br \/>\nBobina de refrigeraci\u00f3n 2,6 m x 8 mm<\/td>\n<\/tr>\n<tr>\n<td>material<\/td>\n<td>Acero al titanio AISI316Ti4, EN 1.4571<\/td>\n<\/tr>\n<tr>\n<td>Montaje<\/td>\n<td>2 pliegues, distancia 58 mm, di\u00e1metro del tornillo 4 mm<\/td>\n<\/tr>\n<tr>\n<td>Entrada de agua de refrigeraci\u00f3n<\/td>\n<td>Tubo, 8 mm de di\u00e1metro exterior<\/td>\n<\/tr>\n<tr>\n<td>Salida de agua de refrigeraci\u00f3n<\/td>\n<td>Tubo, 8 mm de di\u00e1metro exterior<\/td>\n<\/tr>\n<tr>\n<td>Entrada de agua de muestra<\/td>\n<td>Tubo, 8 mm de di\u00e1metro exterior<\/td>\n<\/tr>\n<tr>\n<td>Salida de agua de la muestra<\/td>\n<td>Tubo, 8 mm de di\u00e1metro exterior<\/td>\n<\/tr>\n<tr>\n<td>Presi\u00f3n nominal<\/td>\n<td>m\u00e1x. 8 bar<\/td>\n<\/tr>\n<tr>\n<td>Serpent\u00edn de refrigeraci\u00f3n<\/td>\n<td>m\u00e1x. 16 bar<\/td>\n<\/tr>\n<\/tbody>\n<\/table>\n","protected":false},"excerpt":{"rendered":"<p>El preenfriador PC 200 sirve para tomar una muestra de agua de una tuber\u00eda de agua caliente hasta 80 \u00b0C. Instal\u00e1ndolo en la l\u00ednea de muestreo y conectando una l\u00ednea de agua fr\u00eda, se puede controlar autom\u00e1ticamente la calidad de muestras como el agua de caldera, el agua de alimentaci\u00f3n de caldera y el condensado. Nuestro analizador en l\u00ednea SYCON BOB se utiliza despu\u00e9s del refrigerador de muestras para determinar la dureza del agua.<\/p>\n<p>Las caracter\u00edsticas especiales de los refrigeradores de muestras de la serie PC incluyen<\/p>\n<ul>\n<li>Dise\u00f1o compacto<\/li>\n<li>Adaptaci\u00f3n \u00f3ptima a los analizadores de la serie Sycon<\/li>\n<li>Uso de acero inoxidable de alta calidad<\/li>\n<li>Presi\u00f3n de entrada del agua de muestreo hasta 16 bar<\/li>\n<li>Presi\u00f3n de entrada de agua de refrigeraci\u00f3n hasta 8 bar<\/li>\n<\/ul>\n","protected":false},"featured_media":24100,"template":"","meta":{"_acf_changed":false},"product_brand":[],"product_cat":[316],"product_tag":[],"class_list":{"0":"post-24099","1":"product","2":"type-product","3":"status-publish","4":"has-post-thumbnail","6":"product_cat-probenahme-kuehler","8":"first","9":"instock","10":"shipping-taxable","11":"purchasable","12":"product-type-simple"},"exclude_global_add_ons":[],"addons":[],"acf":[],"yoast_head":"<!-- This site is optimized with the Yoast SEO Premium plugin v27.3 (Yoast SEO v27.4) - https:\/\/yoast.com\/product\/yoast-seo-premium-wordpress\/ -->\n<title>Refrigerador ascendente PC 200 - RLS Wacon analytics<\/title>\n<meta name=\"description\" content=\"El preenfriador PC 200 sirve para tomar una muestra de agua de una tuber\u00eda de agua caliente hasta 80 \u00b0C.\" \/>\n<meta name=\"robots\" content=\"index, follow, max-snippet:-1, max-image-preview:large, max-video-preview:-1\" \/>\n<link rel=\"canonical\" href=\"https:\/\/rls-wacon.de\/es\/produkt\/refrigerador-ascendente-pc-200\/\" \/>\n<meta property=\"og:locale\" content=\"es_ES\" \/>\n<meta property=\"og:type\" content=\"article\" \/>\n<meta property=\"og:title\" content=\"Refrigerador ascendente PC 200\" \/>\n<meta property=\"og:description\" content=\"El preenfriador PC 200 sirve para tomar una muestra de agua de una tuber\u00eda de agua caliente hasta 80 \u00b0C.\" \/>\n<meta property=\"og:url\" content=\"https:\/\/rls-wacon.de\/es\/produkt\/refrigerador-ascendente-pc-200\/\" \/>\n<meta property=\"og:site_name\" content=\"RLS Wacon analytics\" \/>\n<meta property=\"article:modified_time\" content=\"2026-02-16T20:40:41+00:00\" \/>\n<meta property=\"og:image\" content=\"https:\/\/rls-wacon.de\/wp-content\/uploads\/2023\/03\/vorschaltkuehler-pc-200_l.png\" \/>\n\t<meta property=\"og:image:width\" content=\"119\" \/>\n\t<meta property=\"og:image:height\" content=\"300\" \/>\n\t<meta property=\"og:image:type\" content=\"image\/png\" \/>\n<meta name=\"twitter:card\" content=\"summary_large_image\" \/>\n<meta name=\"twitter:label1\" content=\"Precio\" \/>\n\t<meta name=\"twitter:data1\" content=\"9.999,00&nbsp;&euro;\" \/>\n\t<meta name=\"twitter:label2\" content=\"Disponibilidad\" \/>\n\t<meta name=\"twitter:data2\" content=\"Disponible\" \/>\n<script type=\"application\/ld+json\" class=\"yoast-schema-graph\">{\"@context\":\"https:\\\/\\\/schema.org\",\"@graph\":[{\"@type\":\"WebPage\",\"@id\":\"https:\\\/\\\/rls-wacon.de\\\/es\\\/produkt\\\/refrigerador-ascendente-pc-200\\\/\",\"url\":\"https:\\\/\\\/rls-wacon.de\\\/es\\\/produkt\\\/refrigerador-ascendente-pc-200\\\/\",\"name\":\"Refrigerador ascendente PC 200 - RLS Wacon analytics\",\"isPartOf\":{\"@id\":\"https:\\\/\\\/rls-wacon.de\\\/#website\"},\"primaryImageOfPage\":{\"@id\":\"https:\\\/\\\/rls-wacon.de\\\/es\\\/produkt\\\/refrigerador-ascendente-pc-200\\\/#primaryimage\"},\"image\":{\"@id\":\"https:\\\/\\\/rls-wacon.de\\\/es\\\/produkt\\\/refrigerador-ascendente-pc-200\\\/#primaryimage\"},\"thumbnailUrl\":\"https:\\\/\\\/rls-wacon.de\\\/wp-content\\\/uploads\\\/2023\\\/03\\\/vorschaltkuehler-pc-200_l.png\",\"datePublished\":\"2023-03-11T21:13:15+00:00\",\"dateModified\":\"2026-02-16T20:40:41+00:00\",\"description\":\"El preenfriador PC 200 sirve para tomar una muestra de agua de una tuber\u00eda de agua caliente hasta 80 \u00b0C.\",\"breadcrumb\":{\"@id\":\"https:\\\/\\\/rls-wacon.de\\\/es\\\/produkt\\\/refrigerador-ascendente-pc-200\\\/#breadcrumb\"},\"inLanguage\":\"es\",\"potentialAction\":[{\"@type\":\"ReadAction\",\"target\":[\"https:\\\/\\\/rls-wacon.de\\\/es\\\/produkt\\\/refrigerador-ascendente-pc-200\\\/\"]}]},{\"@type\":\"ImageObject\",\"inLanguage\":\"es\",\"@id\":\"https:\\\/\\\/rls-wacon.de\\\/es\\\/produkt\\\/refrigerador-ascendente-pc-200\\\/#primaryimage\",\"url\":\"https:\\\/\\\/rls-wacon.de\\\/wp-content\\\/uploads\\\/2023\\\/03\\\/vorschaltkuehler-pc-200_l.png\",\"contentUrl\":\"https:\\\/\\\/rls-wacon.de\\\/wp-content\\\/uploads\\\/2023\\\/03\\\/vorschaltkuehler-pc-200_l.png\",\"width\":119,\"height\":300,\"caption\":\"Vorschaltk\u00fchler PC 200\"},{\"@type\":\"BreadcrumbList\",\"@id\":\"https:\\\/\\\/rls-wacon.de\\\/es\\\/produkt\\\/refrigerador-ascendente-pc-200\\\/#breadcrumb\",\"itemListElement\":[{\"@type\":\"ListItem\",\"position\":1,\"name\":\"Startseite\",\"item\":\"https:\\\/\\\/rls-wacon.de\\\/pt-br\\\/\"},{\"@type\":\"ListItem\",\"position\":2,\"name\":\"Productos\",\"item\":\"https:\\\/\\\/rls-wacon.de\\\/shop\\\/\"},{\"@type\":\"ListItem\",\"position\":3,\"name\":\"Refrigerador ascendente PC 200\"}]},{\"@type\":\"WebSite\",\"@id\":\"https:\\\/\\\/rls-wacon.de\\\/#website\",\"url\":\"https:\\\/\\\/rls-wacon.de\\\/\",\"name\":\"RLS Wacon analytics GmbH\",\"description\":\"Experts for water monitoring\",\"publisher\":{\"@id\":\"https:\\\/\\\/rls-wacon.de\\\/#organization\"},\"potentialAction\":[{\"@type\":\"SearchAction\",\"target\":{\"@type\":\"EntryPoint\",\"urlTemplate\":\"https:\\\/\\\/rls-wacon.de\\\/?s={search_term_string}\"},\"query-input\":{\"@type\":\"PropertyValueSpecification\",\"valueRequired\":true,\"valueName\":\"search_term_string\"}}],\"inLanguage\":\"es\"},{\"@type\":\"Organization\",\"@id\":\"https:\\\/\\\/rls-wacon.de\\\/#organization\",\"name\":\"RLS Wacon analytics GmbH\",\"url\":\"https:\\\/\\\/rls-wacon.de\\\/\",\"logo\":{\"@type\":\"ImageObject\",\"inLanguage\":\"es\",\"@id\":\"https:\\\/\\\/rls-wacon.de\\\/#\\\/schema\\\/logo\\\/image\\\/\",\"url\":\"https:\\\/\\\/rls-wacon.de\\\/wp-content\\\/uploads\\\/2022\\\/10\\\/RLSWacon-analytics-Logo-BR-RZ-9_17-768x1591.png\",\"contentUrl\":\"https:\\\/\\\/rls-wacon.de\\\/wp-content\\\/uploads\\\/2022\\\/10\\\/RLSWacon-analytics-Logo-BR-RZ-9_17-768x1591.png\",\"width\":768,\"height\":159,\"caption\":\"RLS Wacon analytics GmbH\"},\"image\":{\"@id\":\"https:\\\/\\\/rls-wacon.de\\\/#\\\/schema\\\/logo\\\/image\\\/\"}}]}<\/script>\n<meta property=\"product:price:amount\" content=\"9999.00\" \/>\n<meta property=\"product:price:currency\" content=\"EUR\" \/>\n<meta property=\"og:availability\" content=\"instock\" \/>\n<meta property=\"product:availability\" content=\"instock\" \/>\n<meta property=\"product:retailer_item_id\" content=\"30-015100\" \/>\n<meta property=\"product:condition\" content=\"new\" \/>\n<!-- \/ Yoast SEO Premium plugin. -->","yoast_head_json":{"title":"Refrigerador ascendente PC 200 - RLS Wacon analytics","description":"El preenfriador PC 200 sirve para tomar una muestra de agua de una tuber\u00eda de agua caliente hasta 80 \u00b0C.","robots":{"index":"index","follow":"follow","max-snippet":"max-snippet:-1","max-image-preview":"max-image-preview:large","max-video-preview":"max-video-preview:-1"},"canonical":"https:\/\/rls-wacon.de\/es\/produkt\/refrigerador-ascendente-pc-200\/","og_locale":"es_ES","og_type":"article","og_title":"Refrigerador ascendente PC 200","og_description":"El preenfriador PC 200 sirve para tomar una muestra de agua de una tuber\u00eda de agua caliente hasta 80 \u00b0C.","og_url":"https:\/\/rls-wacon.de\/es\/produkt\/refrigerador-ascendente-pc-200\/","og_site_name":"RLS Wacon analytics","article_modified_time":"2026-02-16T20:40:41+00:00","og_image":[{"width":119,"height":300,"url":"https:\/\/rls-wacon.de\/wp-content\/uploads\/2023\/03\/vorschaltkuehler-pc-200_l.png","type":"image\/png"}],"twitter_card":"summary_large_image","twitter_misc":{"Precio":"9.999,00&nbsp;&euro;","Disponibilidad":"Disponible"},"schema":{"@context":"https:\/\/schema.org","@graph":[{"@type":"WebPage","@id":"https:\/\/rls-wacon.de\/es\/produkt\/refrigerador-ascendente-pc-200\/","url":"https:\/\/rls-wacon.de\/es\/produkt\/refrigerador-ascendente-pc-200\/","name":"Refrigerador ascendente PC 200 - RLS Wacon analytics","isPartOf":{"@id":"https:\/\/rls-wacon.de\/#website"},"primaryImageOfPage":{"@id":"https:\/\/rls-wacon.de\/es\/produkt\/refrigerador-ascendente-pc-200\/#primaryimage"},"image":{"@id":"https:\/\/rls-wacon.de\/es\/produkt\/refrigerador-ascendente-pc-200\/#primaryimage"},"thumbnailUrl":"https:\/\/rls-wacon.de\/wp-content\/uploads\/2023\/03\/vorschaltkuehler-pc-200_l.png","datePublished":"2023-03-11T21:13:15+00:00","dateModified":"2026-02-16T20:40:41+00:00","description":"El preenfriador PC 200 sirve para tomar una muestra de agua de una tuber\u00eda de agua caliente hasta 80 \u00b0C.","breadcrumb":{"@id":"https:\/\/rls-wacon.de\/es\/produkt\/refrigerador-ascendente-pc-200\/#breadcrumb"},"inLanguage":"es","potentialAction":[{"@type":"ReadAction","target":["https:\/\/rls-wacon.de\/es\/produkt\/refrigerador-ascendente-pc-200\/"]}]},{"@type":"ImageObject","inLanguage":"es","@id":"https:\/\/rls-wacon.de\/es\/produkt\/refrigerador-ascendente-pc-200\/#primaryimage","url":"https:\/\/rls-wacon.de\/wp-content\/uploads\/2023\/03\/vorschaltkuehler-pc-200_l.png","contentUrl":"https:\/\/rls-wacon.de\/wp-content\/uploads\/2023\/03\/vorschaltkuehler-pc-200_l.png","width":119,"height":300,"caption":"Vorschaltk\u00fchler PC 200"},{"@type":"BreadcrumbList","@id":"https:\/\/rls-wacon.de\/es\/produkt\/refrigerador-ascendente-pc-200\/#breadcrumb","itemListElement":[{"@type":"ListItem","position":1,"name":"Startseite","item":"https:\/\/rls-wacon.de\/pt-br\/"},{"@type":"ListItem","position":2,"name":"Productos","item":"https:\/\/rls-wacon.de\/shop\/"},{"@type":"ListItem","position":3,"name":"Refrigerador ascendente PC 200"}]},{"@type":"WebSite","@id":"https:\/\/rls-wacon.de\/#website","url":"https:\/\/rls-wacon.de\/","name":"RLS Wacon analytics GmbH","description":"Experts for water monitoring","publisher":{"@id":"https:\/\/rls-wacon.de\/#organization"},"potentialAction":[{"@type":"SearchAction","target":{"@type":"EntryPoint","urlTemplate":"https:\/\/rls-wacon.de\/?s={search_term_string}"},"query-input":{"@type":"PropertyValueSpecification","valueRequired":true,"valueName":"search_term_string"}}],"inLanguage":"es"},{"@type":"Organization","@id":"https:\/\/rls-wacon.de\/#organization","name":"RLS Wacon analytics GmbH","url":"https:\/\/rls-wacon.de\/","logo":{"@type":"ImageObject","inLanguage":"es","@id":"https:\/\/rls-wacon.de\/#\/schema\/logo\/image\/","url":"https:\/\/rls-wacon.de\/wp-content\/uploads\/2022\/10\/RLSWacon-analytics-Logo-BR-RZ-9_17-768x1591.png","contentUrl":"https:\/\/rls-wacon.de\/wp-content\/uploads\/2022\/10\/RLSWacon-analytics-Logo-BR-RZ-9_17-768x1591.png","width":768,"height":159,"caption":"RLS Wacon analytics GmbH"},"image":{"@id":"https:\/\/rls-wacon.de\/#\/schema\/logo\/image\/"}}]},"product_price_amount":"9999.00","product_price_currency":"EUR","og_availability":"instock","product_availability":"instock","product_retailer_item_id":"30-015100","product_condition":"new"},"_links":{"self":[{"href":"https:\/\/rls-wacon.de\/es\/wp-json\/wp\/v2\/product\/24099","targetHints":{"allow":["GET"]}}],"collection":[{"href":"https:\/\/rls-wacon.de\/es\/wp-json\/wp\/v2\/product"}],"about":[{"href":"https:\/\/rls-wacon.de\/es\/wp-json\/wp\/v2\/types\/product"}],"version-history":[{"count":1,"href":"https:\/\/rls-wacon.de\/es\/wp-json\/wp\/v2\/product\/24099\/revisions"}],"predecessor-version":[{"id":28856,"href":"https:\/\/rls-wacon.de\/es\/wp-json\/wp\/v2\/product\/24099\/revisions\/28856"}],"wp:featuredmedia":[{"embeddable":true,"href":"https:\/\/rls-wacon.de\/es\/wp-json\/wp\/v2\/media\/24100"}],"wp:attachment":[{"href":"https:\/\/rls-wacon.de\/es\/wp-json\/wp\/v2\/media?parent=24099"}],"wp:term":[{"taxonomy":"product_brand","embeddable":true,"href":"https:\/\/rls-wacon.de\/es\/wp-json\/wp\/v2\/product_brand?post=24099"},{"taxonomy":"product_cat","embeddable":true,"href":"https:\/\/rls-wacon.de\/es\/wp-json\/wp\/v2\/product_cat?post=24099"},{"taxonomy":"product_tag","embeddable":true,"href":"https:\/\/rls-wacon.de\/es\/wp-json\/wp\/v2\/product_tag?post=24099"}],"curies":[{"name":"wp","href":"https:\/\/api.w.org\/{rel}","templated":true}]}}