{"id":24114,"date":"2023-09-14T13:54:41","date_gmt":"2023-09-14T13:54:41","guid":{"rendered":"https:\/\/rls-wacon.de\/produkt\/preenfriador-spirax-sarco-scs-20\/"},"modified":"2026-02-16T21:43:09","modified_gmt":"2026-02-16T20:43:09","slug":"preenfriador-spirax-sarco-scs-20","status":"publish","type":"product","link":"https:\/\/rls-wacon.de\/es\/produkt\/preenfriador-spirax-sarco-scs-20\/","title":{"rendered":"Preenfriador Spirax Sarco SCS 20"},"content":{"rendered":"<hr class=\"system-pagebreak\" title=\"Especificaciones generales\" \/>\n<table class=\"wacon-table\">\n<tbody>\n<tr>\n<td>Par\u00e1metros<\/td>\n<td>Valor \/ Rango<\/td>\n<\/tr>\n<tr>\n<td>Dimensiones<\/td>\n<td>Cuerpo 410 mm x 90 mm<\/td>\n<\/tr>\n<tr>\n<td>Peso<\/td>\n<td>4,2 kg<\/td>\n<\/tr>\n<tr>\n<td>material<\/td>\n<td>Acero inoxidable 1.4404<\/td>\n<\/tr>\n<\/tbody>\n<\/table>\n<hr class=\"system-pagebreak\" title=\"Datos t\u00e9cnicos\" \/>\n<table class=\"wacon-table\">\n<tbody>\n<tr>\n<td>Par\u00e1metros<\/td>\n<td>Valor \/ Rango<\/td>\n<\/tr>\n<tr>\n<td>instalaci\u00f3n<\/td>\n<td>Montaje mural en locales cerrados<\/td>\n<\/tr>\n<tr>\n<td>Tubos<\/td>\n<td>6 mm de di\u00e1metro exterior<\/td>\n<\/tr>\n<tr>\n<td>Serpent\u00edn de refrigeraci\u00f3n<\/td>\n<td>20 bar<\/td>\n<\/tr>\n<tr>\n<td>Carcasa<\/td>\n<td>10 bar<\/td>\n<\/tr>\n<\/tbody>\n<\/table>\n","protected":false},"excerpt":{"rendered":"<p>El preenfriador SCS 20 sirve para tomar una muestra de agua de una tuber\u00eda de agua caliente hasta 100 \u00b0C. Instal\u00e1ndolo en la l\u00ednea de muestreo y conectando una l\u00ednea de agua fr\u00eda, se puede controlar autom\u00e1ticamente la calidad de muestras como el agua de caldera, el agua de alimentaci\u00f3n de caldera y el condensado. Nuestro analizador en l\u00ednea SYCON BOB se utiliza despu\u00e9s del refrigerador de muestras para determinar la dureza del agua.<\/p>\n<p>Las caracter\u00edsticas especiales de los refrigeradores de muestras incluyen<\/p>\n<ul>\n<li>Dise\u00f1o compacto<\/li>\n<li>Adaptaci\u00f3n \u00f3ptima a los analizadores de la serie Sycon<\/li>\n<li>Uso de acero inoxidable de alta calidad<\/li>\n<li>Presi\u00f3n de entrada del agua de muestreo hasta 20 bar<\/li>\n<li>Presi\u00f3n de entrada de agua de refrigeraci\u00f3n hasta 10 bar<\/li>\n<\/ul>\n<p>&nbsp;<\/p>\n","protected":false},"featured_media":24116,"template":"","meta":{"_acf_changed":false},"product_brand":[],"product_cat":[1286],"product_tag":[],"class_list":{"0":"post-24114","1":"product","2":"type-product","3":"status-publish","4":"has-post-thumbnail","6":"product_cat-muestreo-y-refrigerador","8":"first","9":"instock","10":"shipping-taxable","11":"purchasable","12":"product-type-simple"},"exclude_global_add_ons":[],"addons":[],"acf":[],"yoast_head":"<!-- This site is optimized with the Yoast SEO Premium plugin v27.3 (Yoast SEO v27.3) - https:\/\/yoast.com\/product\/yoast-seo-premium-wordpress\/ -->\n<title>Preenfriador Spirax Sarco SCS 20 - RLS Wacon analytics<\/title>\n<meta name=\"description\" content=\"El preenfriador SCS 20 sirve para tomar una muestra de agua de una tuber\u00eda de agua caliente hasta 100 \u00b0C.\" \/>\n<meta name=\"robots\" content=\"index, follow, max-snippet:-1, max-image-preview:large, max-video-preview:-1\" \/>\n<link rel=\"canonical\" href=\"https:\/\/rls-wacon.de\/es\/produkt\/preenfriador-spirax-sarco-scs-20\/\" \/>\n<meta property=\"og:locale\" content=\"es_ES\" \/>\n<meta property=\"og:type\" content=\"article\" \/>\n<meta property=\"og:title\" content=\"Preenfriador Spirax Sarco SCS 20\" \/>\n<meta property=\"og:description\" content=\"El preenfriador SCS 20 sirve para tomar una muestra de agua de una tuber\u00eda de agua caliente hasta 100 \u00b0C.\" \/>\n<meta property=\"og:url\" content=\"https:\/\/rls-wacon.de\/es\/produkt\/preenfriador-spirax-sarco-scs-20\/\" \/>\n<meta property=\"og:site_name\" content=\"RLS Wacon analytics\" \/>\n<meta property=\"article:modified_time\" content=\"2026-02-16T20:43:09+00:00\" \/>\n<meta property=\"og:image\" content=\"https:\/\/rls-wacon.de\/wp-content\/uploads\/2023\/03\/vorschaltkuehler-spirax-sarco-scs-20_f.jpg\" \/>\n\t<meta property=\"og:image:width\" content=\"492\" \/>\n\t<meta property=\"og:image:height\" content=\"1920\" \/>\n\t<meta property=\"og:image:type\" content=\"image\/jpeg\" \/>\n<meta name=\"twitter:card\" content=\"summary_large_image\" \/>\n<meta name=\"twitter:label1\" content=\"Precio\" \/>\n\t<meta name=\"twitter:data1\" content=\"9.999,00&nbsp;&euro;\" \/>\n\t<meta name=\"twitter:label2\" content=\"Disponibilidad\" \/>\n\t<meta name=\"twitter:data2\" content=\"Disponible\" \/>\n<script type=\"application\/ld+json\" class=\"yoast-schema-graph\">{\"@context\":\"https:\\\/\\\/schema.org\",\"@graph\":[{\"@type\":\"WebPage\",\"@id\":\"https:\\\/\\\/rls-wacon.de\\\/es\\\/produkt\\\/preenfriador-spirax-sarco-scs-20\\\/\",\"url\":\"https:\\\/\\\/rls-wacon.de\\\/es\\\/produkt\\\/preenfriador-spirax-sarco-scs-20\\\/\",\"name\":\"Preenfriador Spirax Sarco SCS 20 - RLS Wacon analytics\",\"isPartOf\":{\"@id\":\"https:\\\/\\\/rls-wacon.de\\\/#website\"},\"primaryImageOfPage\":{\"@id\":\"https:\\\/\\\/rls-wacon.de\\\/es\\\/produkt\\\/preenfriador-spirax-sarco-scs-20\\\/#primaryimage\"},\"image\":{\"@id\":\"https:\\\/\\\/rls-wacon.de\\\/es\\\/produkt\\\/preenfriador-spirax-sarco-scs-20\\\/#primaryimage\"},\"thumbnailUrl\":\"https:\\\/\\\/rls-wacon.de\\\/wp-content\\\/uploads\\\/2023\\\/03\\\/vorschaltkuehler-spirax-sarco-scs-20_f.jpg\",\"datePublished\":\"2023-09-14T13:54:41+00:00\",\"dateModified\":\"2026-02-16T20:43:09+00:00\",\"description\":\"El preenfriador SCS 20 sirve para tomar una muestra de agua de una tuber\u00eda de agua caliente hasta 100 \u00b0C.\",\"breadcrumb\":{\"@id\":\"https:\\\/\\\/rls-wacon.de\\\/es\\\/produkt\\\/preenfriador-spirax-sarco-scs-20\\\/#breadcrumb\"},\"inLanguage\":\"es\",\"potentialAction\":[{\"@type\":\"ReadAction\",\"target\":[\"https:\\\/\\\/rls-wacon.de\\\/es\\\/produkt\\\/preenfriador-spirax-sarco-scs-20\\\/\"]}]},{\"@type\":\"ImageObject\",\"inLanguage\":\"es\",\"@id\":\"https:\\\/\\\/rls-wacon.de\\\/es\\\/produkt\\\/preenfriador-spirax-sarco-scs-20\\\/#primaryimage\",\"url\":\"https:\\\/\\\/rls-wacon.de\\\/wp-content\\\/uploads\\\/2023\\\/03\\\/vorschaltkuehler-spirax-sarco-scs-20_f.jpg\",\"contentUrl\":\"https:\\\/\\\/rls-wacon.de\\\/wp-content\\\/uploads\\\/2023\\\/03\\\/vorschaltkuehler-spirax-sarco-scs-20_f.jpg\",\"width\":492,\"height\":1920,\"caption\":\"vorschaltkuehler-spirax-sarco-scs-20_f\"},{\"@type\":\"BreadcrumbList\",\"@id\":\"https:\\\/\\\/rls-wacon.de\\\/es\\\/produkt\\\/preenfriador-spirax-sarco-scs-20\\\/#breadcrumb\",\"itemListElement\":[{\"@type\":\"ListItem\",\"position\":1,\"name\":\"Startseite\",\"item\":\"https:\\\/\\\/rls-wacon.de\\\/pt-br\\\/\"},{\"@type\":\"ListItem\",\"position\":2,\"name\":\"Productos\",\"item\":\"https:\\\/\\\/rls-wacon.de\\\/shop\\\/\"},{\"@type\":\"ListItem\",\"position\":3,\"name\":\"Preenfriador Spirax Sarco SCS 20\"}]},{\"@type\":\"WebSite\",\"@id\":\"https:\\\/\\\/rls-wacon.de\\\/#website\",\"url\":\"https:\\\/\\\/rls-wacon.de\\\/\",\"name\":\"RLS Wacon analytics GmbH\",\"description\":\"Experts for water monitoring\",\"publisher\":{\"@id\":\"https:\\\/\\\/rls-wacon.de\\\/#organization\"},\"potentialAction\":[{\"@type\":\"SearchAction\",\"target\":{\"@type\":\"EntryPoint\",\"urlTemplate\":\"https:\\\/\\\/rls-wacon.de\\\/?s={search_term_string}\"},\"query-input\":{\"@type\":\"PropertyValueSpecification\",\"valueRequired\":true,\"valueName\":\"search_term_string\"}}],\"inLanguage\":\"es\"},{\"@type\":\"Organization\",\"@id\":\"https:\\\/\\\/rls-wacon.de\\\/#organization\",\"name\":\"RLS Wacon analytics GmbH\",\"url\":\"https:\\\/\\\/rls-wacon.de\\\/\",\"logo\":{\"@type\":\"ImageObject\",\"inLanguage\":\"es\",\"@id\":\"https:\\\/\\\/rls-wacon.de\\\/#\\\/schema\\\/logo\\\/image\\\/\",\"url\":\"https:\\\/\\\/rls-wacon.de\\\/wp-content\\\/uploads\\\/2022\\\/10\\\/RLSWacon-analytics-Logo-BR-RZ-9_17-768x1591.png\",\"contentUrl\":\"https:\\\/\\\/rls-wacon.de\\\/wp-content\\\/uploads\\\/2022\\\/10\\\/RLSWacon-analytics-Logo-BR-RZ-9_17-768x1591.png\",\"width\":768,\"height\":159,\"caption\":\"RLS Wacon analytics GmbH\"},\"image\":{\"@id\":\"https:\\\/\\\/rls-wacon.de\\\/#\\\/schema\\\/logo\\\/image\\\/\"}}]}<\/script>\n<meta property=\"product:price:amount\" content=\"9999.00\" \/>\n<meta property=\"product:price:currency\" content=\"EUR\" \/>\n<meta property=\"og:availability\" content=\"instock\" \/>\n<meta property=\"product:availability\" content=\"instock\" \/>\n<meta property=\"product:condition\" content=\"new\" \/>\n<!-- \/ Yoast SEO Premium plugin. -->","yoast_head_json":{"title":"Preenfriador Spirax Sarco SCS 20 - RLS Wacon analytics","description":"El preenfriador SCS 20 sirve para tomar una muestra de agua de una tuber\u00eda de agua caliente hasta 100 \u00b0C.","robots":{"index":"index","follow":"follow","max-snippet":"max-snippet:-1","max-image-preview":"max-image-preview:large","max-video-preview":"max-video-preview:-1"},"canonical":"https:\/\/rls-wacon.de\/es\/produkt\/preenfriador-spirax-sarco-scs-20\/","og_locale":"es_ES","og_type":"article","og_title":"Preenfriador Spirax Sarco SCS 20","og_description":"El preenfriador SCS 20 sirve para tomar una muestra de agua de una tuber\u00eda de agua caliente hasta 100 \u00b0C.","og_url":"https:\/\/rls-wacon.de\/es\/produkt\/preenfriador-spirax-sarco-scs-20\/","og_site_name":"RLS Wacon analytics","article_modified_time":"2026-02-16T20:43:09+00:00","og_image":[{"width":492,"height":1920,"url":"https:\/\/rls-wacon.de\/wp-content\/uploads\/2023\/03\/vorschaltkuehler-spirax-sarco-scs-20_f.jpg","type":"image\/jpeg"}],"twitter_card":"summary_large_image","twitter_misc":{"Precio":"9.999,00&nbsp;&euro;","Disponibilidad":"Disponible"},"schema":{"@context":"https:\/\/schema.org","@graph":[{"@type":"WebPage","@id":"https:\/\/rls-wacon.de\/es\/produkt\/preenfriador-spirax-sarco-scs-20\/","url":"https:\/\/rls-wacon.de\/es\/produkt\/preenfriador-spirax-sarco-scs-20\/","name":"Preenfriador Spirax Sarco SCS 20 - RLS Wacon analytics","isPartOf":{"@id":"https:\/\/rls-wacon.de\/#website"},"primaryImageOfPage":{"@id":"https:\/\/rls-wacon.de\/es\/produkt\/preenfriador-spirax-sarco-scs-20\/#primaryimage"},"image":{"@id":"https:\/\/rls-wacon.de\/es\/produkt\/preenfriador-spirax-sarco-scs-20\/#primaryimage"},"thumbnailUrl":"https:\/\/rls-wacon.de\/wp-content\/uploads\/2023\/03\/vorschaltkuehler-spirax-sarco-scs-20_f.jpg","datePublished":"2023-09-14T13:54:41+00:00","dateModified":"2026-02-16T20:43:09+00:00","description":"El preenfriador SCS 20 sirve para tomar una muestra de agua de una tuber\u00eda de agua caliente hasta 100 \u00b0C.","breadcrumb":{"@id":"https:\/\/rls-wacon.de\/es\/produkt\/preenfriador-spirax-sarco-scs-20\/#breadcrumb"},"inLanguage":"es","potentialAction":[{"@type":"ReadAction","target":["https:\/\/rls-wacon.de\/es\/produkt\/preenfriador-spirax-sarco-scs-20\/"]}]},{"@type":"ImageObject","inLanguage":"es","@id":"https:\/\/rls-wacon.de\/es\/produkt\/preenfriador-spirax-sarco-scs-20\/#primaryimage","url":"https:\/\/rls-wacon.de\/wp-content\/uploads\/2023\/03\/vorschaltkuehler-spirax-sarco-scs-20_f.jpg","contentUrl":"https:\/\/rls-wacon.de\/wp-content\/uploads\/2023\/03\/vorschaltkuehler-spirax-sarco-scs-20_f.jpg","width":492,"height":1920,"caption":"vorschaltkuehler-spirax-sarco-scs-20_f"},{"@type":"BreadcrumbList","@id":"https:\/\/rls-wacon.de\/es\/produkt\/preenfriador-spirax-sarco-scs-20\/#breadcrumb","itemListElement":[{"@type":"ListItem","position":1,"name":"Startseite","item":"https:\/\/rls-wacon.de\/pt-br\/"},{"@type":"ListItem","position":2,"name":"Productos","item":"https:\/\/rls-wacon.de\/shop\/"},{"@type":"ListItem","position":3,"name":"Preenfriador Spirax Sarco SCS 20"}]},{"@type":"WebSite","@id":"https:\/\/rls-wacon.de\/#website","url":"https:\/\/rls-wacon.de\/","name":"RLS Wacon analytics GmbH","description":"Experts for water monitoring","publisher":{"@id":"https:\/\/rls-wacon.de\/#organization"},"potentialAction":[{"@type":"SearchAction","target":{"@type":"EntryPoint","urlTemplate":"https:\/\/rls-wacon.de\/?s={search_term_string}"},"query-input":{"@type":"PropertyValueSpecification","valueRequired":true,"valueName":"search_term_string"}}],"inLanguage":"es"},{"@type":"Organization","@id":"https:\/\/rls-wacon.de\/#organization","name":"RLS Wacon analytics GmbH","url":"https:\/\/rls-wacon.de\/","logo":{"@type":"ImageObject","inLanguage":"es","@id":"https:\/\/rls-wacon.de\/#\/schema\/logo\/image\/","url":"https:\/\/rls-wacon.de\/wp-content\/uploads\/2022\/10\/RLSWacon-analytics-Logo-BR-RZ-9_17-768x1591.png","contentUrl":"https:\/\/rls-wacon.de\/wp-content\/uploads\/2022\/10\/RLSWacon-analytics-Logo-BR-RZ-9_17-768x1591.png","width":768,"height":159,"caption":"RLS Wacon analytics GmbH"},"image":{"@id":"https:\/\/rls-wacon.de\/#\/schema\/logo\/image\/"}}]},"product_price_amount":"9999.00","product_price_currency":"EUR","og_availability":"instock","product_availability":"instock","product_condition":"new"},"_links":{"self":[{"href":"https:\/\/rls-wacon.de\/es\/wp-json\/wp\/v2\/product\/24114","targetHints":{"allow":["GET"]}}],"collection":[{"href":"https:\/\/rls-wacon.de\/es\/wp-json\/wp\/v2\/product"}],"about":[{"href":"https:\/\/rls-wacon.de\/es\/wp-json\/wp\/v2\/types\/product"}],"version-history":[{"count":1,"href":"https:\/\/rls-wacon.de\/es\/wp-json\/wp\/v2\/product\/24114\/revisions"}],"predecessor-version":[{"id":28860,"href":"https:\/\/rls-wacon.de\/es\/wp-json\/wp\/v2\/product\/24114\/revisions\/28860"}],"wp:featuredmedia":[{"embeddable":true,"href":"https:\/\/rls-wacon.de\/es\/wp-json\/wp\/v2\/media\/24116"}],"wp:attachment":[{"href":"https:\/\/rls-wacon.de\/es\/wp-json\/wp\/v2\/media?parent=24114"}],"wp:term":[{"taxonomy":"product_brand","embeddable":true,"href":"https:\/\/rls-wacon.de\/es\/wp-json\/wp\/v2\/product_brand?post=24114"},{"taxonomy":"product_cat","embeddable":true,"href":"https:\/\/rls-wacon.de\/es\/wp-json\/wp\/v2\/product_cat?post=24114"},{"taxonomy":"product_tag","embeddable":true,"href":"https:\/\/rls-wacon.de\/es\/wp-json\/wp\/v2\/product_tag?post=24114"}],"curies":[{"name":"wp","href":"https:\/\/api.w.org\/{rel}","templated":true}]}}