{"id":29459,"date":"2026-03-11T11:21:07","date_gmt":"2026-03-11T10:21:07","guid":{"rendered":"https:\/\/rls-wacon.de\/produkt\/dureza-total-serie-h25\/"},"modified":"2026-03-18T15:27:30","modified_gmt":"2026-03-18T14:27:30","slug":"dureza-total-serie-h25","status":"publish","type":"product","link":"https:\/\/rls-wacon.de\/es\/produkt\/dureza-total-serie-h25\/","title":{"rendered":"Dureza total Serie H25"},"content":{"rendered":"<h2>Valor total del indicador Serie H25<\/h2>\n<h3>\u00bfCu\u00e1l es el valor total medido?<\/h3>\n<p>La dureza total (tambi\u00e9n dureza del agua) describe la concentraci\u00f3n de iones alcalinot\u00e9rreos disueltos en el agua, en particular calcio y magnesio. Una medici\u00f3n fiable de la dureza es indispensable en muchos \u00e1mbitos del tratamiento del agua: <\/p>\n<ul class=\"feature-list\">\n<li><strong>Agua de alimentaci\u00f3n de la caldera y generaci\u00f3n de vapor:<\/strong> Incluso los residuos m\u00e1s peque\u00f1os producen dep\u00f3sitos calc\u00e1reos (incrustaciones), que pueden perjudicar la transferencia de calor y da\u00f1ar el sistema.<\/li>\n<li><strong>Monitorizaci\u00f3n del intercambiador de iones:<\/strong> La medici\u00f3n precisa de la dureza permite la detecci\u00f3n precoz de roturas de la resina y la regeneraci\u00f3n en funci\u00f3n de las necesidades.<\/li>\n<li><strong>Sistemas de \u00f3smosis inversa:<\/strong> Control continuo de la calidad del permeado para proteger los procesos posteriores.<\/li>\n<li><strong>Sistemas de agua de refrigeraci\u00f3n:<\/strong> Prevenci\u00f3n de dep\u00f3sitos y corrosi\u00f3n en torres de refrigeraci\u00f3n e intercambiadores de calor.<\/li>\n<li><strong>Agua potable y de proceso:<\/strong> Control de la calidad del agua de acuerdo con las especificaciones operativas.<\/li>\n<\/ul>\n<p>En el tratamiento de aguas industriales, el control preciso y continuo de la dureza residual es crucial para un funcionamiento seguro, eficaz y econ\u00f3mico de la planta.<\/p>\n<h3>\u00bfC\u00f3mo funciona el indicador?<\/h3>\n<p>Los indicadores H25 son reactivos colorim\u00e9tricos l\u00edquidos para el an\u00e1lisis totalmente autom\u00e1tico del agua con analizadores de la serie SYCON de RLS Wacon. El principio de medici\u00f3n se basa en una reacci\u00f3n colorim\u00e9trica: <\/p>\n<p>El analizador toma autom\u00e1ticamente una muestra de agua a intervalos libremente configurables, a\u00f1ade el indicador con precisi\u00f3n y mide fotom\u00e9tricamente el color resultante. La intensidad del color es directamente proporcional a la concentraci\u00f3n de dureza en el agua. <\/p>\n<p>El muestreo y el an\u00e1lisis totalmente autom\u00e1ticos eliminan los errores de funcionamiento y garantizan una supervisi\u00f3n ininterrumpida, incluso en puntos de medici\u00f3n de dif\u00edcil acceso.<\/p>\n<h3>Ventajas de la serie H25<\/h3>\n<ul class=\"feature-list\">\n<li>11 niveles de concentraci\u00f3n de 0,02 a 10 \u00b0dH\n<p style=\"text-indent: 30px; font-style: italic;\">Selecci\u00f3n precisa para cada rango de medici\u00f3n y valor l\u00edmite<\/p>\n<\/li>\n<li>Medici\u00f3n totalmente autom\u00e1tica con analizadores SYCON\n<p style=\"text-indent: 30px; font-style: italic;\">Vigilancia 24\/7 sin intervenci\u00f3n manual<\/p>\n<\/li>\n<li>Compatible con SYCON 2602, 2702, 2802 y SYCON BoB\n<p style=\"text-indent: 30px; font-style: italic;\">Posibilidades de aplicaci\u00f3n flexibles para dispositivos de valor l\u00edmite y rango de medida<\/p>\n<\/li>\n<li>Materias primas de alta calidad y receta propia\n<p style=\"text-indent: 30px; font-style: italic;\">Fabricado por RLS Wacon &#8211; Made in Germany<\/p>\n<\/li>\n<li>Producci\u00f3n propia y calibraci\u00f3n de lotes individuales\n<p style=\"text-indent: 30px; font-style: italic;\">Alta calidad y precisi\u00f3n constantes en cada entrega<\/p>\n<\/li>\n<li>24 meses de caducidad desde la producci\u00f3n\n<p style=\"text-indent: 30px; font-style: italic;\">Almacenamiento rentable y flexible<\/p>\n<\/li>\n<li>Disponible en botella individual (500 ml) y en envase de valor (4 \u00d7 500 ml)\n<p style=\"text-indent: 30px; font-style: italic;\">Tama\u00f1os de envases econ\u00f3micos para cada necesidad<\/p>\n<\/li>\n<\/ul>\n","protected":false},"excerpt":{"rendered":"<p>Valor total del indicador Serie H25 \u00bfCu\u00e1l es el valor total medido? La dureza total (tambi\u00e9n dureza del agua) describe la concentraci\u00f3n de iones alcalinot\u00e9rreos disueltos en el agua, en particular calcio y magnesio. Una medici\u00f3n fiable de la dureza es indispensable en muchos \u00e1mbitos del tratamiento del agua: Agua de alimentaci\u00f3n de la caldera [&hellip;]<\/p>\n","protected":false},"featured_media":24129,"template":"","meta":{"_acf_changed":false},"product_brand":[],"product_cat":[1326,1224],"product_tag":[],"class_list":{"0":"post-29459","1":"product","2":"type-product","3":"status-publish","4":"has-post-thumbnail","6":"product_cat-dureza-total-es","7":"product_cat-indicadores","9":"first","10":"instock","11":"shipping-taxable","12":"purchasable","13":"product-type-variable"},"exclude_global_add_ons":[],"addons":[],"acf":[],"yoast_head":"<!-- This site is optimized with the Yoast SEO Premium plugin v27.3 (Yoast SEO v27.4) - https:\/\/yoast.com\/product\/yoast-seo-premium-wordpress\/ -->\n<title>Dureza total Serie H25 - RLS Wacon analytics<\/title>\n<meta name=\"description\" content=\"Los indicadores de la serie H25 son indicadores para determinar la dureza residual o\" \/>\n<meta name=\"robots\" content=\"index, follow, max-snippet:-1, max-image-preview:large, max-video-preview:-1\" \/>\n<link rel=\"canonical\" href=\"https:\/\/rls-wacon.de\/es\/produkt\/dureza-total-serie-h25\/\" \/>\n<meta property=\"og:locale\" content=\"es_ES\" \/>\n<meta property=\"og:type\" content=\"article\" \/>\n<meta property=\"og:title\" content=\"Dureza total Serie H25\" \/>\n<meta property=\"og:description\" content=\"Los indicadores de la serie H25 son indicadores para determinar la dureza residual o\" \/>\n<meta property=\"og:url\" content=\"https:\/\/rls-wacon.de\/es\/produkt\/dureza-total-serie-h25\/\" \/>\n<meta property=\"og:site_name\" content=\"RLS Wacon analytics\" \/>\n<meta property=\"article:modified_time\" content=\"2026-03-18T14:27:30+00:00\" \/>\n<meta property=\"og:image\" content=\"https:\/\/rls-wacon.de\/wp-content\/uploads\/2023\/03\/32-484155-Vorteilspackung-Indikator-H25-03-Gebinde-4-x-500-ml-scaled.jpg\" \/>\n\t<meta property=\"og:image:width\" content=\"2560\" \/>\n\t<meta property=\"og:image:height\" content=\"1707\" \/>\n\t<meta property=\"og:image:type\" content=\"image\/jpeg\" \/>\n<meta name=\"twitter:card\" content=\"summary_large_image\" \/>\n<meta name=\"twitter:label1\" content=\"Disponibilidad\" \/>\n\t<meta name=\"twitter:data1\" content=\"Disponible\" \/>\n<script type=\"application\/ld+json\" class=\"yoast-schema-graph\">{\"@context\":\"https:\\\/\\\/schema.org\",\"@graph\":[{\"@type\":\"WebPage\",\"@id\":\"https:\\\/\\\/rls-wacon.de\\\/es\\\/produkt\\\/dureza-total-serie-h25\\\/\",\"url\":\"https:\\\/\\\/rls-wacon.de\\\/es\\\/produkt\\\/dureza-total-serie-h25\\\/\",\"name\":\"Dureza total Serie H25 - RLS Wacon analytics\",\"isPartOf\":{\"@id\":\"https:\\\/\\\/rls-wacon.de\\\/#website\"},\"primaryImageOfPage\":{\"@id\":\"https:\\\/\\\/rls-wacon.de\\\/es\\\/produkt\\\/dureza-total-serie-h25\\\/#primaryimage\"},\"image\":{\"@id\":\"https:\\\/\\\/rls-wacon.de\\\/es\\\/produkt\\\/dureza-total-serie-h25\\\/#primaryimage\"},\"thumbnailUrl\":\"https:\\\/\\\/rls-wacon.de\\\/wp-content\\\/uploads\\\/2023\\\/03\\\/32-484155-Vorteilspackung-Indikator-H25-03-Gebinde-4-x-500-ml-scaled.jpg\",\"datePublished\":\"2026-03-11T10:21:07+00:00\",\"dateModified\":\"2026-03-18T14:27:30+00:00\",\"description\":\"Los indicadores de la serie H25 son indicadores para determinar la dureza residual o\",\"breadcrumb\":{\"@id\":\"https:\\\/\\\/rls-wacon.de\\\/es\\\/produkt\\\/dureza-total-serie-h25\\\/#breadcrumb\"},\"inLanguage\":\"es\",\"potentialAction\":[{\"@type\":\"ReadAction\",\"target\":[\"https:\\\/\\\/rls-wacon.de\\\/es\\\/produkt\\\/dureza-total-serie-h25\\\/\"]}]},{\"@type\":\"ImageObject\",\"inLanguage\":\"es\",\"@id\":\"https:\\\/\\\/rls-wacon.de\\\/es\\\/produkt\\\/dureza-total-serie-h25\\\/#primaryimage\",\"url\":\"https:\\\/\\\/rls-wacon.de\\\/wp-content\\\/uploads\\\/2023\\\/03\\\/32-484155-Vorteilspackung-Indikator-H25-03-Gebinde-4-x-500-ml-scaled.jpg\",\"contentUrl\":\"https:\\\/\\\/rls-wacon.de\\\/wp-content\\\/uploads\\\/2023\\\/03\\\/32-484155-Vorteilspackung-Indikator-H25-03-Gebinde-4-x-500-ml-scaled.jpg\",\"width\":2560,\"height\":1707,\"caption\":\"32-484155 Indicador de valor H25 - 0,3 (envase 4 x 500 ml)\"},{\"@type\":\"BreadcrumbList\",\"@id\":\"https:\\\/\\\/rls-wacon.de\\\/es\\\/produkt\\\/dureza-total-serie-h25\\\/#breadcrumb\",\"itemListElement\":[{\"@type\":\"ListItem\",\"position\":1,\"name\":\"Startseite\",\"item\":\"https:\\\/\\\/rls-wacon.de\\\/pt-br\\\/\"},{\"@type\":\"ListItem\",\"position\":2,\"name\":\"Productos\",\"item\":\"https:\\\/\\\/rls-wacon.de\\\/shop\\\/\"},{\"@type\":\"ListItem\",\"position\":3,\"name\":\"Dureza total Serie H25\"}]},{\"@type\":\"WebSite\",\"@id\":\"https:\\\/\\\/rls-wacon.de\\\/#website\",\"url\":\"https:\\\/\\\/rls-wacon.de\\\/\",\"name\":\"RLS Wacon analytics GmbH\",\"description\":\"Experts for water monitoring\",\"publisher\":{\"@id\":\"https:\\\/\\\/rls-wacon.de\\\/#organization\"},\"potentialAction\":[{\"@type\":\"SearchAction\",\"target\":{\"@type\":\"EntryPoint\",\"urlTemplate\":\"https:\\\/\\\/rls-wacon.de\\\/?s={search_term_string}\"},\"query-input\":{\"@type\":\"PropertyValueSpecification\",\"valueRequired\":true,\"valueName\":\"search_term_string\"}}],\"inLanguage\":\"es\"},{\"@type\":\"Organization\",\"@id\":\"https:\\\/\\\/rls-wacon.de\\\/#organization\",\"name\":\"RLS Wacon analytics GmbH\",\"url\":\"https:\\\/\\\/rls-wacon.de\\\/\",\"logo\":{\"@type\":\"ImageObject\",\"inLanguage\":\"es\",\"@id\":\"https:\\\/\\\/rls-wacon.de\\\/#\\\/schema\\\/logo\\\/image\\\/\",\"url\":\"https:\\\/\\\/rls-wacon.de\\\/wp-content\\\/uploads\\\/2022\\\/10\\\/RLSWacon-analytics-Logo-BR-RZ-9_17-768x1591.png\",\"contentUrl\":\"https:\\\/\\\/rls-wacon.de\\\/wp-content\\\/uploads\\\/2022\\\/10\\\/RLSWacon-analytics-Logo-BR-RZ-9_17-768x1591.png\",\"width\":768,\"height\":159,\"caption\":\"RLS Wacon analytics GmbH\"},\"image\":{\"@id\":\"https:\\\/\\\/rls-wacon.de\\\/#\\\/schema\\\/logo\\\/image\\\/\"}}]}<\/script>\n<meta property=\"og:availability\" content=\"instock\" \/>\n<meta property=\"product:availability\" content=\"instock\" \/>\n<meta property=\"product:condition\" content=\"new\" \/>\n<!-- \/ Yoast SEO Premium plugin. -->","yoast_head_json":{"title":"Dureza total Serie H25 - RLS Wacon analytics","description":"Los indicadores de la serie H25 son indicadores para determinar la dureza residual o","robots":{"index":"index","follow":"follow","max-snippet":"max-snippet:-1","max-image-preview":"max-image-preview:large","max-video-preview":"max-video-preview:-1"},"canonical":"https:\/\/rls-wacon.de\/es\/produkt\/dureza-total-serie-h25\/","og_locale":"es_ES","og_type":"article","og_title":"Dureza total Serie H25","og_description":"Los indicadores de la serie H25 son indicadores para determinar la dureza residual o","og_url":"https:\/\/rls-wacon.de\/es\/produkt\/dureza-total-serie-h25\/","og_site_name":"RLS Wacon analytics","article_modified_time":"2026-03-18T14:27:30+00:00","og_image":[{"width":2560,"height":1707,"url":"https:\/\/rls-wacon.de\/wp-content\/uploads\/2023\/03\/32-484155-Vorteilspackung-Indikator-H25-03-Gebinde-4-x-500-ml-scaled.jpg","type":"image\/jpeg"}],"twitter_card":"summary_large_image","twitter_misc":{"Disponibilidad":"Disponible"},"schema":{"@context":"https:\/\/schema.org","@graph":[{"@type":"WebPage","@id":"https:\/\/rls-wacon.de\/es\/produkt\/dureza-total-serie-h25\/","url":"https:\/\/rls-wacon.de\/es\/produkt\/dureza-total-serie-h25\/","name":"Dureza total Serie H25 - RLS Wacon analytics","isPartOf":{"@id":"https:\/\/rls-wacon.de\/#website"},"primaryImageOfPage":{"@id":"https:\/\/rls-wacon.de\/es\/produkt\/dureza-total-serie-h25\/#primaryimage"},"image":{"@id":"https:\/\/rls-wacon.de\/es\/produkt\/dureza-total-serie-h25\/#primaryimage"},"thumbnailUrl":"https:\/\/rls-wacon.de\/wp-content\/uploads\/2023\/03\/32-484155-Vorteilspackung-Indikator-H25-03-Gebinde-4-x-500-ml-scaled.jpg","datePublished":"2026-03-11T10:21:07+00:00","dateModified":"2026-03-18T14:27:30+00:00","description":"Los indicadores de la serie H25 son indicadores para determinar la dureza residual o","breadcrumb":{"@id":"https:\/\/rls-wacon.de\/es\/produkt\/dureza-total-serie-h25\/#breadcrumb"},"inLanguage":"es","potentialAction":[{"@type":"ReadAction","target":["https:\/\/rls-wacon.de\/es\/produkt\/dureza-total-serie-h25\/"]}]},{"@type":"ImageObject","inLanguage":"es","@id":"https:\/\/rls-wacon.de\/es\/produkt\/dureza-total-serie-h25\/#primaryimage","url":"https:\/\/rls-wacon.de\/wp-content\/uploads\/2023\/03\/32-484155-Vorteilspackung-Indikator-H25-03-Gebinde-4-x-500-ml-scaled.jpg","contentUrl":"https:\/\/rls-wacon.de\/wp-content\/uploads\/2023\/03\/32-484155-Vorteilspackung-Indikator-H25-03-Gebinde-4-x-500-ml-scaled.jpg","width":2560,"height":1707,"caption":"32-484155 Indicador de valor H25 - 0,3 (envase 4 x 500 ml)"},{"@type":"BreadcrumbList","@id":"https:\/\/rls-wacon.de\/es\/produkt\/dureza-total-serie-h25\/#breadcrumb","itemListElement":[{"@type":"ListItem","position":1,"name":"Startseite","item":"https:\/\/rls-wacon.de\/pt-br\/"},{"@type":"ListItem","position":2,"name":"Productos","item":"https:\/\/rls-wacon.de\/shop\/"},{"@type":"ListItem","position":3,"name":"Dureza total Serie H25"}]},{"@type":"WebSite","@id":"https:\/\/rls-wacon.de\/#website","url":"https:\/\/rls-wacon.de\/","name":"RLS Wacon analytics GmbH","description":"Experts for water monitoring","publisher":{"@id":"https:\/\/rls-wacon.de\/#organization"},"potentialAction":[{"@type":"SearchAction","target":{"@type":"EntryPoint","urlTemplate":"https:\/\/rls-wacon.de\/?s={search_term_string}"},"query-input":{"@type":"PropertyValueSpecification","valueRequired":true,"valueName":"search_term_string"}}],"inLanguage":"es"},{"@type":"Organization","@id":"https:\/\/rls-wacon.de\/#organization","name":"RLS Wacon analytics GmbH","url":"https:\/\/rls-wacon.de\/","logo":{"@type":"ImageObject","inLanguage":"es","@id":"https:\/\/rls-wacon.de\/#\/schema\/logo\/image\/","url":"https:\/\/rls-wacon.de\/wp-content\/uploads\/2022\/10\/RLSWacon-analytics-Logo-BR-RZ-9_17-768x1591.png","contentUrl":"https:\/\/rls-wacon.de\/wp-content\/uploads\/2022\/10\/RLSWacon-analytics-Logo-BR-RZ-9_17-768x1591.png","width":768,"height":159,"caption":"RLS Wacon analytics GmbH"},"image":{"@id":"https:\/\/rls-wacon.de\/#\/schema\/logo\/image\/"}}]},"og_availability":"instock","product_availability":"instock","product_condition":"new"},"_links":{"self":[{"href":"https:\/\/rls-wacon.de\/es\/wp-json\/wp\/v2\/product\/29459","targetHints":{"allow":["GET"]}}],"collection":[{"href":"https:\/\/rls-wacon.de\/es\/wp-json\/wp\/v2\/product"}],"about":[{"href":"https:\/\/rls-wacon.de\/es\/wp-json\/wp\/v2\/types\/product"}],"version-history":[{"count":1,"href":"https:\/\/rls-wacon.de\/es\/wp-json\/wp\/v2\/product\/29459\/revisions"}],"predecessor-version":[{"id":29551,"href":"https:\/\/rls-wacon.de\/es\/wp-json\/wp\/v2\/product\/29459\/revisions\/29551"}],"wp:featuredmedia":[{"embeddable":true,"href":"https:\/\/rls-wacon.de\/es\/wp-json\/wp\/v2\/media\/24129"}],"wp:attachment":[{"href":"https:\/\/rls-wacon.de\/es\/wp-json\/wp\/v2\/media?parent=29459"}],"wp:term":[{"taxonomy":"product_brand","embeddable":true,"href":"https:\/\/rls-wacon.de\/es\/wp-json\/wp\/v2\/product_brand?post=29459"},{"taxonomy":"product_cat","embeddable":true,"href":"https:\/\/rls-wacon.de\/es\/wp-json\/wp\/v2\/product_cat?post=29459"},{"taxonomy":"product_tag","embeddable":true,"href":"https:\/\/rls-wacon.de\/es\/wp-json\/wp\/v2\/product_tag?post=29459"}],"curies":[{"name":"wp","href":"https:\/\/api.w.org\/{rel}","templated":true}]}}