{"id":30387,"date":"2026-03-17T14:29:35","date_gmt":"2026-03-17T13:29:35","guid":{"rendered":"https:\/\/rls-wacon.de\/produkt\/hierro-serie-fe\/"},"modified":"2026-03-18T15:26:53","modified_gmt":"2026-03-18T14:26:53","slug":"hierro-serie-fe","status":"publish","type":"product","link":"https:\/\/rls-wacon.de\/es\/produkt\/hierro-serie-fe\/","title":{"rendered":"Hierro Serie Fe"},"content":{"rendered":"<h2>Indicador hierro serie Fe<\/h2>\n<h3>\u00bfPara qu\u00e9 se mide el hierro?<\/h3>\n<p>El hierro (Fe) es uno de los elementos m\u00e1s comunes en el agua y puede ser de origen natural o entrar en el agua a trav\u00e9s de la corrosi\u00f3n de las tuber\u00edas. Controlar la concentraci\u00f3n de hierro es esencial en muchas zonas: <\/p>\n<ul class=\"feature-list\">\n<li><strong>Tratamiento del agua potable:<\/strong> El valor l\u00edmite para el agua potable es de 0,2 mg\/l de Fe (Ordenanza sobre agua potable). Los niveles elevados de hierro provocan una decoloraci\u00f3n indeseable y un sabor met\u00e1lico. <\/li>\n<li><strong>Agua de alimentaci\u00f3n de calderas:<\/strong> El hierro provoca dep\u00f3sitos en calderas y sistemas de vapor, que pueden causar da\u00f1os por corrosi\u00f3n.<\/li>\n<li><strong>Agua de refrigeraci\u00f3n:<\/strong> Los dep\u00f3sitos de hierro reducen la capacidad de transferencia de calor y obstruyen las tuber\u00edas.<\/li>\n<li><strong>Obras hidr\u00e1ulicas:<\/strong> control de la eliminaci\u00f3n del hierro: comprobar si los filtros de hierro funcionan correctamente.<\/li>\n<\/ul>\n<h3>\u00bfC\u00f3mo funciona el indicador?<\/h3>\n<p>Los indicadores de Fe son reactivos de color l\u00edquido para la determinaci\u00f3n totalmente autom\u00e1tica del hierro con el analizador SYCON Fe. El analizador toma autom\u00e1ticamente una muestra de agua, a\u00f1ade el indicador y mide el color fotom\u00e9tricamente. <\/p>\n<p>Hay dos rangos de medici\u00f3n disponibles: El indicador LRS (Low Range) para concentraciones bajas (0,01-0,5 mg\/l) y el indicador HRS (High Range) para concentraciones m\u00e1s altas (0,2-6,0 mg\/l).<\/p>\n<h3>Ventajas de la serie Fe<\/h3>\n<ul class=\"feature-list\">\n<li>Dos rangos de medici\u00f3n: LRS (0,01-0,5 mg\/l) y HRS (0,2-6,0 mg\/l)\n<p style=\"text-indent: 30px; font-style: italic;\">Medici\u00f3n precisa tanto en el rango de trazas como en concentraciones m\u00e1s altas<\/p>\n<\/li>\n<li>Valores l\u00edmite libremente configurables en el dispositivo\n<p style=\"text-indent: 30px; font-style: italic;\">Valores l\u00edmite: 0,03 \/ 0,05 \/ 0,1 \/ 0,2 \/ 0,3 \/ 0,4 \/ 0,5 \/ 0,6 mg\/l<\/p>\n<\/li>\n<li>Medici\u00f3n totalmente autom\u00e1tica con el SYCON Fe\n<p style=\"text-indent: 30px; font-style: italic;\">Vigilancia continua 24\/7<\/p>\n<\/li>\n<li>Materias primas de alta calidad y receta propia\n<p style=\"text-indent: 30px; font-style: italic;\">Fabricado por RLS Wacon &#8211; Made in Germany<\/p>\n<\/li>\n<li>Calibraci\u00f3n de lotes individuales para una calidad constante\n<p style=\"text-indent: 30px; font-style: italic;\">M\u00e1xima precisi\u00f3n en cada entrega<\/p>\n<\/li>\n<li>24 meses de caducidad\n<p style=\"text-indent: 30px; font-style: italic;\">Almacenamiento rentable<\/p>\n<\/li>\n<\/ul>\n","protected":false},"excerpt":{"rendered":"<p>Indicador hierro serie Fe \u00bfPara qu\u00e9 se mide el hierro? El hierro (Fe) es uno de los elementos m\u00e1s comunes en el agua y puede ser de origen natural o entrar en el agua a trav\u00e9s de la corrosi\u00f3n de las tuber\u00edas. Controlar la concentraci\u00f3n de hierro es esencial en muchas zonas: Tratamiento del agua [&hellip;]<\/p>\n","protected":false},"featured_media":1546,"template":"","meta":{"_acf_changed":false},"product_brand":[],"product_cat":[1328,1224],"product_tag":[2258,2256,2252,2251,2254,2249,2253,2248,2250],"class_list":{"0":"post-30387","1":"product","2":"type-product","3":"status-publish","4":"has-post-thumbnail","6":"product_cat-hierro-es","7":"product_cat-indicadores","8":"product_tag-agua-potable","9":"product_tag-aplazamiento","10":"product_tag-fe","11":"product_tag-hierro","12":"product_tag-hrs","13":"product_tag-indicador","14":"product_tag-lrs","15":"product_tag-sycon","16":"product_tag-tratamiento-del-agua","18":"first","19":"instock","20":"shipping-taxable","21":"purchasable","22":"product-type-variable"},"exclude_global_add_ons":[],"addons":[],"acf":[],"yoast_head":"<!-- This site is optimized with the Yoast SEO Premium plugin v27.3 (Yoast SEO v27.4) - https:\/\/yoast.com\/product\/yoast-seo-premium-wordpress\/ -->\n<title>Indicador Hierro Serie Fe | Analizador SYCON Fe | RLS Wacon<\/title>\n<meta name=\"description\" content=\"Indicador de la serie Fe para la determinaci\u00f3n autom\u00e1tica del hierro con el SYCON Fe. Dos rangos de medici\u00f3n: LRS (0,01-0,5 mg\/l) y HRS (0,2-6 mg\/l). Fabricado en Alemania.\" \/>\n<meta name=\"robots\" content=\"index, follow, max-snippet:-1, max-image-preview:large, max-video-preview:-1\" \/>\n<link rel=\"canonical\" href=\"https:\/\/rls-wacon.de\/es\/produkt\/hierro-serie-fe\/\" \/>\n<meta property=\"og:locale\" content=\"es_ES\" \/>\n<meta property=\"og:type\" content=\"article\" \/>\n<meta property=\"og:title\" content=\"Hierro Serie Fe\" \/>\n<meta property=\"og:description\" content=\"Indicador de la serie Fe para la determinaci\u00f3n autom\u00e1tica del hierro con el SYCON Fe. Dos rangos de medici\u00f3n: LRS (0,01-0,5 mg\/l) y HRS (0,2-6 mg\/l). Fabricado en Alemania.\" \/>\n<meta property=\"og:url\" content=\"https:\/\/rls-wacon.de\/es\/produkt\/hierro-serie-fe\/\" \/>\n<meta property=\"og:site_name\" content=\"RLS Wacon analytics\" \/>\n<meta property=\"article:modified_time\" content=\"2026-03-18T14:26:53+00:00\" \/>\n<meta property=\"og:image\" content=\"https:\/\/rls-wacon.de\/wp-content\/uploads\/2023\/03\/indikator-fe-lrs-scaled.jpg\" \/>\n\t<meta property=\"og:image:width\" content=\"2560\" \/>\n\t<meta property=\"og:image:height\" content=\"1707\" \/>\n\t<meta property=\"og:image:type\" content=\"image\/jpeg\" \/>\n<meta name=\"twitter:card\" content=\"summary_large_image\" \/>\n<meta name=\"twitter:label1\" content=\"Disponibilidad\" \/>\n\t<meta name=\"twitter:data1\" content=\"Disponible\" \/>\n<script type=\"application\/ld+json\" class=\"yoast-schema-graph\">{\"@context\":\"https:\\\/\\\/schema.org\",\"@graph\":[{\"@type\":\"WebPage\",\"@id\":\"https:\\\/\\\/rls-wacon.de\\\/es\\\/produkt\\\/hierro-serie-fe\\\/\",\"url\":\"https:\\\/\\\/rls-wacon.de\\\/es\\\/produkt\\\/hierro-serie-fe\\\/\",\"name\":\"Indicador Hierro Serie Fe | Analizador SYCON Fe | RLS Wacon\",\"isPartOf\":{\"@id\":\"https:\\\/\\\/rls-wacon.de\\\/#website\"},\"primaryImageOfPage\":{\"@id\":\"https:\\\/\\\/rls-wacon.de\\\/es\\\/produkt\\\/hierro-serie-fe\\\/#primaryimage\"},\"image\":{\"@id\":\"https:\\\/\\\/rls-wacon.de\\\/es\\\/produkt\\\/hierro-serie-fe\\\/#primaryimage\"},\"thumbnailUrl\":\"https:\\\/\\\/rls-wacon.de\\\/wp-content\\\/uploads\\\/2023\\\/03\\\/indikator-fe-lrs-scaled.jpg\",\"datePublished\":\"2026-03-17T13:29:35+00:00\",\"dateModified\":\"2026-03-18T14:26:53+00:00\",\"description\":\"Indicador de la serie Fe para la determinaci\u00f3n autom\u00e1tica del hierro con el SYCON Fe. Dos rangos de medici\u00f3n: LRS (0,01-0,5 mg\\\/l) y HRS (0,2-6 mg\\\/l). Fabricado en Alemania.\",\"breadcrumb\":{\"@id\":\"https:\\\/\\\/rls-wacon.de\\\/es\\\/produkt\\\/hierro-serie-fe\\\/#breadcrumb\"},\"inLanguage\":\"es\",\"potentialAction\":[{\"@type\":\"ReadAction\",\"target\":[\"https:\\\/\\\/rls-wacon.de\\\/es\\\/produkt\\\/hierro-serie-fe\\\/\"]}]},{\"@type\":\"ImageObject\",\"inLanguage\":\"es\",\"@id\":\"https:\\\/\\\/rls-wacon.de\\\/es\\\/produkt\\\/hierro-serie-fe\\\/#primaryimage\",\"url\":\"https:\\\/\\\/rls-wacon.de\\\/wp-content\\\/uploads\\\/2023\\\/03\\\/indikator-fe-lrs-scaled.jpg\",\"contentUrl\":\"https:\\\/\\\/rls-wacon.de\\\/wp-content\\\/uploads\\\/2023\\\/03\\\/indikator-fe-lrs-scaled.jpg\",\"width\":2560,\"height\":1707,\"caption\":\"indikator-fe-lrs\"},{\"@type\":\"BreadcrumbList\",\"@id\":\"https:\\\/\\\/rls-wacon.de\\\/es\\\/produkt\\\/hierro-serie-fe\\\/#breadcrumb\",\"itemListElement\":[{\"@type\":\"ListItem\",\"position\":1,\"name\":\"Startseite\",\"item\":\"https:\\\/\\\/rls-wacon.de\\\/pt-br\\\/\"},{\"@type\":\"ListItem\",\"position\":2,\"name\":\"Productos\",\"item\":\"https:\\\/\\\/rls-wacon.de\\\/shop\\\/\"},{\"@type\":\"ListItem\",\"position\":3,\"name\":\"Hierro Serie Fe\"}]},{\"@type\":\"WebSite\",\"@id\":\"https:\\\/\\\/rls-wacon.de\\\/#website\",\"url\":\"https:\\\/\\\/rls-wacon.de\\\/\",\"name\":\"RLS Wacon analytics GmbH\",\"description\":\"Experts for water monitoring\",\"publisher\":{\"@id\":\"https:\\\/\\\/rls-wacon.de\\\/#organization\"},\"potentialAction\":[{\"@type\":\"SearchAction\",\"target\":{\"@type\":\"EntryPoint\",\"urlTemplate\":\"https:\\\/\\\/rls-wacon.de\\\/?s={search_term_string}\"},\"query-input\":{\"@type\":\"PropertyValueSpecification\",\"valueRequired\":true,\"valueName\":\"search_term_string\"}}],\"inLanguage\":\"es\"},{\"@type\":\"Organization\",\"@id\":\"https:\\\/\\\/rls-wacon.de\\\/#organization\",\"name\":\"RLS Wacon analytics GmbH\",\"url\":\"https:\\\/\\\/rls-wacon.de\\\/\",\"logo\":{\"@type\":\"ImageObject\",\"inLanguage\":\"es\",\"@id\":\"https:\\\/\\\/rls-wacon.de\\\/#\\\/schema\\\/logo\\\/image\\\/\",\"url\":\"https:\\\/\\\/rls-wacon.de\\\/wp-content\\\/uploads\\\/2022\\\/10\\\/RLSWacon-analytics-Logo-BR-RZ-9_17-768x1591.png\",\"contentUrl\":\"https:\\\/\\\/rls-wacon.de\\\/wp-content\\\/uploads\\\/2022\\\/10\\\/RLSWacon-analytics-Logo-BR-RZ-9_17-768x1591.png\",\"width\":768,\"height\":159,\"caption\":\"RLS Wacon analytics GmbH\"},\"image\":{\"@id\":\"https:\\\/\\\/rls-wacon.de\\\/#\\\/schema\\\/logo\\\/image\\\/\"}}]}<\/script>\n<meta property=\"og:availability\" content=\"instock\" \/>\n<meta property=\"product:availability\" content=\"instock\" \/>\n<meta property=\"product:condition\" content=\"new\" \/>\n<!-- \/ Yoast SEO Premium plugin. -->","yoast_head_json":{"title":"Indicador Hierro Serie Fe | Analizador SYCON Fe | RLS Wacon","description":"Indicador de la serie Fe para la determinaci\u00f3n autom\u00e1tica del hierro con el SYCON Fe. Dos rangos de medici\u00f3n: LRS (0,01-0,5 mg\/l) y HRS (0,2-6 mg\/l). Fabricado en Alemania.","robots":{"index":"index","follow":"follow","max-snippet":"max-snippet:-1","max-image-preview":"max-image-preview:large","max-video-preview":"max-video-preview:-1"},"canonical":"https:\/\/rls-wacon.de\/es\/produkt\/hierro-serie-fe\/","og_locale":"es_ES","og_type":"article","og_title":"Hierro Serie Fe","og_description":"Indicador de la serie Fe para la determinaci\u00f3n autom\u00e1tica del hierro con el SYCON Fe. Dos rangos de medici\u00f3n: LRS (0,01-0,5 mg\/l) y HRS (0,2-6 mg\/l). Fabricado en Alemania.","og_url":"https:\/\/rls-wacon.de\/es\/produkt\/hierro-serie-fe\/","og_site_name":"RLS Wacon analytics","article_modified_time":"2026-03-18T14:26:53+00:00","og_image":[{"width":2560,"height":1707,"url":"https:\/\/rls-wacon.de\/wp-content\/uploads\/2023\/03\/indikator-fe-lrs-scaled.jpg","type":"image\/jpeg"}],"twitter_card":"summary_large_image","twitter_misc":{"Disponibilidad":"Disponible"},"schema":{"@context":"https:\/\/schema.org","@graph":[{"@type":"WebPage","@id":"https:\/\/rls-wacon.de\/es\/produkt\/hierro-serie-fe\/","url":"https:\/\/rls-wacon.de\/es\/produkt\/hierro-serie-fe\/","name":"Indicador Hierro Serie Fe | Analizador SYCON Fe | RLS Wacon","isPartOf":{"@id":"https:\/\/rls-wacon.de\/#website"},"primaryImageOfPage":{"@id":"https:\/\/rls-wacon.de\/es\/produkt\/hierro-serie-fe\/#primaryimage"},"image":{"@id":"https:\/\/rls-wacon.de\/es\/produkt\/hierro-serie-fe\/#primaryimage"},"thumbnailUrl":"https:\/\/rls-wacon.de\/wp-content\/uploads\/2023\/03\/indikator-fe-lrs-scaled.jpg","datePublished":"2026-03-17T13:29:35+00:00","dateModified":"2026-03-18T14:26:53+00:00","description":"Indicador de la serie Fe para la determinaci\u00f3n autom\u00e1tica del hierro con el SYCON Fe. Dos rangos de medici\u00f3n: LRS (0,01-0,5 mg\/l) y HRS (0,2-6 mg\/l). Fabricado en Alemania.","breadcrumb":{"@id":"https:\/\/rls-wacon.de\/es\/produkt\/hierro-serie-fe\/#breadcrumb"},"inLanguage":"es","potentialAction":[{"@type":"ReadAction","target":["https:\/\/rls-wacon.de\/es\/produkt\/hierro-serie-fe\/"]}]},{"@type":"ImageObject","inLanguage":"es","@id":"https:\/\/rls-wacon.de\/es\/produkt\/hierro-serie-fe\/#primaryimage","url":"https:\/\/rls-wacon.de\/wp-content\/uploads\/2023\/03\/indikator-fe-lrs-scaled.jpg","contentUrl":"https:\/\/rls-wacon.de\/wp-content\/uploads\/2023\/03\/indikator-fe-lrs-scaled.jpg","width":2560,"height":1707,"caption":"indikator-fe-lrs"},{"@type":"BreadcrumbList","@id":"https:\/\/rls-wacon.de\/es\/produkt\/hierro-serie-fe\/#breadcrumb","itemListElement":[{"@type":"ListItem","position":1,"name":"Startseite","item":"https:\/\/rls-wacon.de\/pt-br\/"},{"@type":"ListItem","position":2,"name":"Productos","item":"https:\/\/rls-wacon.de\/shop\/"},{"@type":"ListItem","position":3,"name":"Hierro Serie Fe"}]},{"@type":"WebSite","@id":"https:\/\/rls-wacon.de\/#website","url":"https:\/\/rls-wacon.de\/","name":"RLS Wacon analytics GmbH","description":"Experts for water monitoring","publisher":{"@id":"https:\/\/rls-wacon.de\/#organization"},"potentialAction":[{"@type":"SearchAction","target":{"@type":"EntryPoint","urlTemplate":"https:\/\/rls-wacon.de\/?s={search_term_string}"},"query-input":{"@type":"PropertyValueSpecification","valueRequired":true,"valueName":"search_term_string"}}],"inLanguage":"es"},{"@type":"Organization","@id":"https:\/\/rls-wacon.de\/#organization","name":"RLS Wacon analytics GmbH","url":"https:\/\/rls-wacon.de\/","logo":{"@type":"ImageObject","inLanguage":"es","@id":"https:\/\/rls-wacon.de\/#\/schema\/logo\/image\/","url":"https:\/\/rls-wacon.de\/wp-content\/uploads\/2022\/10\/RLSWacon-analytics-Logo-BR-RZ-9_17-768x1591.png","contentUrl":"https:\/\/rls-wacon.de\/wp-content\/uploads\/2022\/10\/RLSWacon-analytics-Logo-BR-RZ-9_17-768x1591.png","width":768,"height":159,"caption":"RLS Wacon analytics GmbH"},"image":{"@id":"https:\/\/rls-wacon.de\/#\/schema\/logo\/image\/"}}]},"og_availability":"instock","product_availability":"instock","product_condition":"new"},"_links":{"self":[{"href":"https:\/\/rls-wacon.de\/es\/wp-json\/wp\/v2\/product\/30387","targetHints":{"allow":["GET"]}}],"collection":[{"href":"https:\/\/rls-wacon.de\/es\/wp-json\/wp\/v2\/product"}],"about":[{"href":"https:\/\/rls-wacon.de\/es\/wp-json\/wp\/v2\/types\/product"}],"version-history":[{"count":1,"href":"https:\/\/rls-wacon.de\/es\/wp-json\/wp\/v2\/product\/30387\/revisions"}],"predecessor-version":[{"id":30398,"href":"https:\/\/rls-wacon.de\/es\/wp-json\/wp\/v2\/product\/30387\/revisions\/30398"}],"wp:featuredmedia":[{"embeddable":true,"href":"https:\/\/rls-wacon.de\/es\/wp-json\/wp\/v2\/media\/1546"}],"wp:attachment":[{"href":"https:\/\/rls-wacon.de\/es\/wp-json\/wp\/v2\/media?parent=30387"}],"wp:term":[{"taxonomy":"product_brand","embeddable":true,"href":"https:\/\/rls-wacon.de\/es\/wp-json\/wp\/v2\/product_brand?post=30387"},{"taxonomy":"product_cat","embeddable":true,"href":"https:\/\/rls-wacon.de\/es\/wp-json\/wp\/v2\/product_cat?post=30387"},{"taxonomy":"product_tag","embeddable":true,"href":"https:\/\/rls-wacon.de\/es\/wp-json\/wp\/v2\/product_tag?post=30387"}],"curies":[{"name":"wp","href":"https:\/\/api.w.org\/{rel}","templated":true}]}}