{"id":30437,"date":"2026-03-17T15:56:49","date_gmt":"2026-03-17T14:56:49","guid":{"rendered":"https:\/\/rls-wacon.de\/produkt\/valor-total-serie-lhv\/"},"modified":"2026-04-16T15:32:35","modified_gmt":"2026-04-16T13:32:35","slug":"valor-total-serie-lhv","status":"publish","type":"product","link":"https:\/\/rls-wacon.de\/es\/produkt\/valor-total-serie-lhv\/","title":{"rendered":"Valor total serie LHV"},"content":{"rendered":"<h2>Indicador de dureza total Serie LHV<\/h2>\n<h3>\u00bfPor qu\u00e9 se mide la dureza total con LHV?<\/h3>\n<p>La serie LHV se ha desarrollado especialmente para la medici\u00f3n de la dureza total con analizadores de la serie LIMES. Los aparatos LIMES funcionan puramente como monitores de valores l\u00edmite y controlan continuamente si se supera o no un valor l\u00edmite de dureza definido. <\/p>\n<p>\u00c1reas t\u00edpicas de aplicaci\u00f3n:<\/p>\n<ul class=\"feature-list\">\n<li><strong>Sistemas descalcificadores:<\/strong> Control del agua de drenaje despu\u00e9s de los intercambiadores de iones: detecci\u00f3n inmediata de roturas de resina.<\/li>\n<li><strong>Agua de alimentaci\u00f3n de la caldera:<\/strong> Aseg\u00farate de que se mantiene la dureza residual requerida para evitar dep\u00f3sitos calc\u00e1reos.<\/li>\n<li><strong>Sistemas de \u00f3smosis inversa:<\/strong> Control continuo de la calidad del permeado.<\/li>\n<li><strong>Tratamiento del agua potable:<\/strong> Garant\u00eda de calidad automatizada de la dureza del agua.<\/li>\n<\/ul>\n<p>El sistema LIMES ofrece una soluci\u00f3n rentable para el control autom\u00e1tico de la dureza, que emite una alarma fiable en cuanto se supera un valor l\u00edmite.<\/p>\n<h3>\u00bfC\u00f3mo funciona el indicador?<\/h3>\n<p>Los indicadores LHV son reactivos de color l\u00edquido para el control autom\u00e1tico de los valores l\u00edmite con los analizadores LIMES (LIMES Base, LIMES Plus). El aparato toma autom\u00e1ticamente una muestra de agua, a\u00f1ade el indicador y eval\u00faa la reacci\u00f3n del color. <\/p>\n<p>A diferencia de los dispositivos de rango de medici\u00f3n, el sistema LIMES no proporciona valores medidos exactos, sino que controla si se respeta el valor l\u00edmite establecido. Si se supera el valor l\u00edmite, se emite una alarma, lo que resulta ideal para controlar de forma fiable los sistemas de descalcificaci\u00f3n de agua. <\/p>\n<h3>Ventajas de la serie LHV<\/h3>\n<ul class=\"feature-list\">\n<li>4 niveles de valor l\u00edmite de 0,1 a 7 \u00b0dH\n<p style=\"text-indent: 30px; font-style: italic;\">Sensibilidad adecuada para diferentes aplicaciones<\/p>\n<\/li>\n<li>Especialmente desarrollado para los analizadores LIMES\n<p style=\"text-indent: 30px; font-style: italic;\">Ajuste optimizado al principio de medici\u00f3n LIMES<\/p>\n<\/li>\n<li>Control fiable de los valores l\u00edmite las 24 horas del d\u00eda\n<p style=\"text-indent: 30px; font-style: italic;\">Alarma inmediata cuando se superan los valores l\u00edmite<\/p>\n<\/li>\n<li>Botellas de 750 ml: mayor volumen para una vida \u00fatil m\u00e1s larga\n<p style=\"text-indent: 30px; font-style: italic;\">Cambios de indicadores menos frecuentes<\/p>\n<\/li>\n<li>Producci\u00f3n propia y calibraci\u00f3n de lotes individuales\n<p style=\"text-indent: 30px; font-style: italic;\">Alta calidad constante &#8211; Fabricado en Alemania<\/p>\n<\/li>\n<li>24 meses de caducidad desde la producci\u00f3n\n<p style=\"text-indent: 30px; font-style: italic;\">Almacenamiento rentable<\/p>\n<\/li>\n<\/ul>\n","protected":false},"excerpt":{"rendered":"<p>Indicador de dureza total Serie LHV \u00bfPor qu\u00e9 se mide la dureza total con LHV? La serie LHV se ha desarrollado especialmente para la medici\u00f3n de la dureza total con analizadores de la serie LIMES. Los aparatos LIMES funcionan puramente como monitores de valores l\u00edmite y controlan continuamente si se supera o no un valor [&hellip;]<\/p>\n","protected":false},"featured_media":23643,"template":"","meta":{"_acf_changed":false},"product_brand":[],"product_cat":[1318,1326,1224],"product_tag":[2339,2249,2341,2342,2343,2344,2250,2340,2338],"class_list":{"0":"post-30437","1":"product","2":"type-product","3":"status-publish","4":"has-post-thumbnail","6":"product_cat-analisis-en-linea","7":"product_cat-dureza-total-es","8":"product_cat-indicadores","9":"product_tag-dureza-del-agua-2","10":"product_tag-indicador","11":"product_tag-intercambiador-de-iones","12":"product_tag-lhv","13":"product_tag-limes","14":"product_tag-suavizante","15":"product_tag-tratamiento-del-agua","16":"product_tag-valor-limite","17":"product_tag-valor-total","19":"first","20":"instock","21":"shipping-taxable","22":"purchasable","23":"product-type-variable"},"exclude_global_add_ons":[],"addons":[],"acf":[],"yoast_head":"<!-- This site is optimized with the Yoast SEO Premium plugin v27.5 (Yoast SEO v27.5) - https:\/\/yoast.com\/product\/yoast-seo-premium-wordpress\/ -->\n<title>Indicador serie LHV | LIMES supervisi\u00f3n de valores l\u00edmite valores totales | RLS Wacon<\/title>\n<meta name=\"description\" content=\"Indicador serie LHV para el control autom\u00e1tico del valor l\u00edmite de la dureza total con analizadores LIMES. 4 niveles l\u00edmite (0,1-7 \u00b0dH), 750 ml. Fabricado en Alemania.\" \/>\n<meta name=\"robots\" content=\"index, follow, max-snippet:-1, max-image-preview:large, max-video-preview:-1\" \/>\n<link rel=\"canonical\" href=\"https:\/\/rls-wacon.de\/es\/produkt\/valor-total-serie-lhv\/\" \/>\n<meta property=\"og:locale\" content=\"es_ES\" \/>\n<meta property=\"og:type\" content=\"article\" \/>\n<meta property=\"og:title\" content=\"Valor total serie LHV\" \/>\n<meta property=\"og:description\" content=\"Indicador serie LHV para el control autom\u00e1tico del valor l\u00edmite de la dureza total con analizadores LIMES. 4 niveles l\u00edmite (0,1-7 \u00b0dH), 750 ml. Fabricado en Alemania.\" \/>\n<meta property=\"og:url\" content=\"https:\/\/rls-wacon.de\/es\/produkt\/valor-total-serie-lhv\/\" \/>\n<meta property=\"og:site_name\" content=\"RLS Wacon analytics\" \/>\n<meta property=\"article:modified_time\" content=\"2026-04-16T13:32:35+00:00\" \/>\n<meta property=\"og:image\" content=\"https:\/\/rls-wacon.de\/wp-content\/uploads\/2023\/03\/indikator-lhv-0-1-scaled.jpg\" \/>\n\t<meta property=\"og:image:width\" content=\"2560\" \/>\n\t<meta property=\"og:image:height\" content=\"1707\" \/>\n\t<meta property=\"og:image:type\" content=\"image\/jpeg\" \/>\n<meta name=\"twitter:card\" content=\"summary_large_image\" \/>\n<meta name=\"twitter:label1\" content=\"Disponibilidad\" \/>\n\t<meta name=\"twitter:data1\" content=\"Disponible\" \/>\n<script type=\"application\/ld+json\" class=\"yoast-schema-graph\">{\"@context\":\"https:\\\/\\\/schema.org\",\"@graph\":[{\"@type\":\"WebPage\",\"@id\":\"https:\\\/\\\/rls-wacon.de\\\/es\\\/produkt\\\/valor-total-serie-lhv\\\/\",\"url\":\"https:\\\/\\\/rls-wacon.de\\\/es\\\/produkt\\\/valor-total-serie-lhv\\\/\",\"name\":\"Indicador serie LHV | LIMES supervisi\u00f3n de valores l\u00edmite valores totales | RLS Wacon\",\"isPartOf\":{\"@id\":\"https:\\\/\\\/rls-wacon.de\\\/#website\"},\"primaryImageOfPage\":{\"@id\":\"https:\\\/\\\/rls-wacon.de\\\/es\\\/produkt\\\/valor-total-serie-lhv\\\/#primaryimage\"},\"image\":{\"@id\":\"https:\\\/\\\/rls-wacon.de\\\/es\\\/produkt\\\/valor-total-serie-lhv\\\/#primaryimage\"},\"thumbnailUrl\":\"https:\\\/\\\/rls-wacon.de\\\/wp-content\\\/uploads\\\/2023\\\/03\\\/indikator-lhv-0-1-scaled.jpg\",\"datePublished\":\"2026-03-17T14:56:49+00:00\",\"dateModified\":\"2026-04-16T13:32:35+00:00\",\"description\":\"Indicador serie LHV para el control autom\u00e1tico del valor l\u00edmite de la dureza total con analizadores LIMES. 4 niveles l\u00edmite (0,1-7 \u00b0dH), 750 ml. Fabricado en Alemania.\",\"breadcrumb\":{\"@id\":\"https:\\\/\\\/rls-wacon.de\\\/es\\\/produkt\\\/valor-total-serie-lhv\\\/#breadcrumb\"},\"inLanguage\":\"es\",\"potentialAction\":[{\"@type\":\"ReadAction\",\"target\":[\"https:\\\/\\\/rls-wacon.de\\\/es\\\/produkt\\\/valor-total-serie-lhv\\\/\"]}]},{\"@type\":\"ImageObject\",\"inLanguage\":\"es\",\"@id\":\"https:\\\/\\\/rls-wacon.de\\\/es\\\/produkt\\\/valor-total-serie-lhv\\\/#primaryimage\",\"url\":\"https:\\\/\\\/rls-wacon.de\\\/wp-content\\\/uploads\\\/2023\\\/03\\\/indikator-lhv-0-1-scaled.jpg\",\"contentUrl\":\"https:\\\/\\\/rls-wacon.de\\\/wp-content\\\/uploads\\\/2023\\\/03\\\/indikator-lhv-0-1-scaled.jpg\",\"width\":2560,\"height\":1707,\"caption\":\"indicador-lhv-0-1\"},{\"@type\":\"BreadcrumbList\",\"@id\":\"https:\\\/\\\/rls-wacon.de\\\/es\\\/produkt\\\/valor-total-serie-lhv\\\/#breadcrumb\",\"itemListElement\":[{\"@type\":\"ListItem\",\"position\":1,\"name\":\"Startseite\",\"item\":\"https:\\\/\\\/rls-wacon.de\\\/pt-br\\\/\"},{\"@type\":\"ListItem\",\"position\":2,\"name\":\"Productos\",\"item\":\"https:\\\/\\\/rls-wacon.de\\\/shop\\\/\"},{\"@type\":\"ListItem\",\"position\":3,\"name\":\"Valor total serie LHV\"}]},{\"@type\":\"WebSite\",\"@id\":\"https:\\\/\\\/rls-wacon.de\\\/#website\",\"url\":\"https:\\\/\\\/rls-wacon.de\\\/\",\"name\":\"RLS Wacon analytics GmbH\",\"description\":\"Experts for water monitoring\",\"publisher\":{\"@id\":\"https:\\\/\\\/rls-wacon.de\\\/#organization\"},\"potentialAction\":[{\"@type\":\"SearchAction\",\"target\":{\"@type\":\"EntryPoint\",\"urlTemplate\":\"https:\\\/\\\/rls-wacon.de\\\/?s={search_term_string}\"},\"query-input\":{\"@type\":\"PropertyValueSpecification\",\"valueRequired\":true,\"valueName\":\"search_term_string\"}}],\"inLanguage\":\"es\"},{\"@type\":\"Organization\",\"@id\":\"https:\\\/\\\/rls-wacon.de\\\/#organization\",\"name\":\"RLS Wacon analytics GmbH\",\"url\":\"https:\\\/\\\/rls-wacon.de\\\/\",\"logo\":{\"@type\":\"ImageObject\",\"inLanguage\":\"es\",\"@id\":\"https:\\\/\\\/rls-wacon.de\\\/#\\\/schema\\\/logo\\\/image\\\/\",\"url\":\"https:\\\/\\\/rls-wacon.de\\\/wp-content\\\/uploads\\\/2022\\\/10\\\/RLSWacon-analytics-Logo-BR-RZ-9_17-768x1591.png\",\"contentUrl\":\"https:\\\/\\\/rls-wacon.de\\\/wp-content\\\/uploads\\\/2022\\\/10\\\/RLSWacon-analytics-Logo-BR-RZ-9_17-768x1591.png\",\"width\":768,\"height\":159,\"caption\":\"RLS Wacon analytics GmbH\"},\"image\":{\"@id\":\"https:\\\/\\\/rls-wacon.de\\\/#\\\/schema\\\/logo\\\/image\\\/\"}}]}<\/script>\n<meta property=\"og:availability\" content=\"instock\" \/>\n<meta property=\"product:availability\" content=\"instock\" \/>\n<meta property=\"product:condition\" content=\"new\" \/>\n<!-- \/ Yoast SEO Premium plugin. -->","yoast_head_json":{"title":"Indicador serie LHV | LIMES supervisi\u00f3n de valores l\u00edmite valores totales | RLS Wacon","description":"Indicador serie LHV para el control autom\u00e1tico del valor l\u00edmite de la dureza total con analizadores LIMES. 4 niveles l\u00edmite (0,1-7 \u00b0dH), 750 ml. Fabricado en Alemania.","robots":{"index":"index","follow":"follow","max-snippet":"max-snippet:-1","max-image-preview":"max-image-preview:large","max-video-preview":"max-video-preview:-1"},"canonical":"https:\/\/rls-wacon.de\/es\/produkt\/valor-total-serie-lhv\/","og_locale":"es_ES","og_type":"article","og_title":"Valor total serie LHV","og_description":"Indicador serie LHV para el control autom\u00e1tico del valor l\u00edmite de la dureza total con analizadores LIMES. 4 niveles l\u00edmite (0,1-7 \u00b0dH), 750 ml. Fabricado en Alemania.","og_url":"https:\/\/rls-wacon.de\/es\/produkt\/valor-total-serie-lhv\/","og_site_name":"RLS Wacon analytics","article_modified_time":"2026-04-16T13:32:35+00:00","og_image":[{"width":2560,"height":1707,"url":"https:\/\/rls-wacon.de\/wp-content\/uploads\/2023\/03\/indikator-lhv-0-1-scaled.jpg","type":"image\/jpeg"}],"twitter_card":"summary_large_image","twitter_misc":{"Disponibilidad":"Disponible"},"schema":{"@context":"https:\/\/schema.org","@graph":[{"@type":"WebPage","@id":"https:\/\/rls-wacon.de\/es\/produkt\/valor-total-serie-lhv\/","url":"https:\/\/rls-wacon.de\/es\/produkt\/valor-total-serie-lhv\/","name":"Indicador serie LHV | LIMES supervisi\u00f3n de valores l\u00edmite valores totales | RLS Wacon","isPartOf":{"@id":"https:\/\/rls-wacon.de\/#website"},"primaryImageOfPage":{"@id":"https:\/\/rls-wacon.de\/es\/produkt\/valor-total-serie-lhv\/#primaryimage"},"image":{"@id":"https:\/\/rls-wacon.de\/es\/produkt\/valor-total-serie-lhv\/#primaryimage"},"thumbnailUrl":"https:\/\/rls-wacon.de\/wp-content\/uploads\/2023\/03\/indikator-lhv-0-1-scaled.jpg","datePublished":"2026-03-17T14:56:49+00:00","dateModified":"2026-04-16T13:32:35+00:00","description":"Indicador serie LHV para el control autom\u00e1tico del valor l\u00edmite de la dureza total con analizadores LIMES. 4 niveles l\u00edmite (0,1-7 \u00b0dH), 750 ml. Fabricado en Alemania.","breadcrumb":{"@id":"https:\/\/rls-wacon.de\/es\/produkt\/valor-total-serie-lhv\/#breadcrumb"},"inLanguage":"es","potentialAction":[{"@type":"ReadAction","target":["https:\/\/rls-wacon.de\/es\/produkt\/valor-total-serie-lhv\/"]}]},{"@type":"ImageObject","inLanguage":"es","@id":"https:\/\/rls-wacon.de\/es\/produkt\/valor-total-serie-lhv\/#primaryimage","url":"https:\/\/rls-wacon.de\/wp-content\/uploads\/2023\/03\/indikator-lhv-0-1-scaled.jpg","contentUrl":"https:\/\/rls-wacon.de\/wp-content\/uploads\/2023\/03\/indikator-lhv-0-1-scaled.jpg","width":2560,"height":1707,"caption":"indicador-lhv-0-1"},{"@type":"BreadcrumbList","@id":"https:\/\/rls-wacon.de\/es\/produkt\/valor-total-serie-lhv\/#breadcrumb","itemListElement":[{"@type":"ListItem","position":1,"name":"Startseite","item":"https:\/\/rls-wacon.de\/pt-br\/"},{"@type":"ListItem","position":2,"name":"Productos","item":"https:\/\/rls-wacon.de\/shop\/"},{"@type":"ListItem","position":3,"name":"Valor total serie LHV"}]},{"@type":"WebSite","@id":"https:\/\/rls-wacon.de\/#website","url":"https:\/\/rls-wacon.de\/","name":"RLS Wacon analytics GmbH","description":"Experts for water monitoring","publisher":{"@id":"https:\/\/rls-wacon.de\/#organization"},"potentialAction":[{"@type":"SearchAction","target":{"@type":"EntryPoint","urlTemplate":"https:\/\/rls-wacon.de\/?s={search_term_string}"},"query-input":{"@type":"PropertyValueSpecification","valueRequired":true,"valueName":"search_term_string"}}],"inLanguage":"es"},{"@type":"Organization","@id":"https:\/\/rls-wacon.de\/#organization","name":"RLS Wacon analytics GmbH","url":"https:\/\/rls-wacon.de\/","logo":{"@type":"ImageObject","inLanguage":"es","@id":"https:\/\/rls-wacon.de\/#\/schema\/logo\/image\/","url":"https:\/\/rls-wacon.de\/wp-content\/uploads\/2022\/10\/RLSWacon-analytics-Logo-BR-RZ-9_17-768x1591.png","contentUrl":"https:\/\/rls-wacon.de\/wp-content\/uploads\/2022\/10\/RLSWacon-analytics-Logo-BR-RZ-9_17-768x1591.png","width":768,"height":159,"caption":"RLS Wacon analytics GmbH"},"image":{"@id":"https:\/\/rls-wacon.de\/#\/schema\/logo\/image\/"}}]},"og_availability":"instock","product_availability":"instock","product_condition":"new"},"_links":{"self":[{"href":"https:\/\/rls-wacon.de\/es\/wp-json\/wp\/v2\/product\/30437","targetHints":{"allow":["GET"]}}],"collection":[{"href":"https:\/\/rls-wacon.de\/es\/wp-json\/wp\/v2\/product"}],"about":[{"href":"https:\/\/rls-wacon.de\/es\/wp-json\/wp\/v2\/types\/product"}],"version-history":[{"count":2,"href":"https:\/\/rls-wacon.de\/es\/wp-json\/wp\/v2\/product\/30437\/revisions"}],"predecessor-version":[{"id":31341,"href":"https:\/\/rls-wacon.de\/es\/wp-json\/wp\/v2\/product\/30437\/revisions\/31341"}],"wp:featuredmedia":[{"embeddable":true,"href":"https:\/\/rls-wacon.de\/es\/wp-json\/wp\/v2\/media\/23643"}],"wp:attachment":[{"href":"https:\/\/rls-wacon.de\/es\/wp-json\/wp\/v2\/media?parent=30437"}],"wp:term":[{"taxonomy":"product_brand","embeddable":true,"href":"https:\/\/rls-wacon.de\/es\/wp-json\/wp\/v2\/product_brand?post=30437"},{"taxonomy":"product_cat","embeddable":true,"href":"https:\/\/rls-wacon.de\/es\/wp-json\/wp\/v2\/product_cat?post=30437"},{"taxonomy":"product_tag","embeddable":true,"href":"https:\/\/rls-wacon.de\/es\/wp-json\/wp\/v2\/product_tag?post=30437"}],"curies":[{"name":"wp","href":"https:\/\/api.w.org\/{rel}","templated":true}]}}