{"id":30456,"date":"2026-03-17T14:34:26","date_gmt":"2026-03-17T13:34:26","guid":{"rendered":"https:\/\/rls-wacon.de\/produkt\/silicato\/"},"modified":"2026-04-16T15:28:14","modified_gmt":"2026-04-16T13:28:14","slug":"silicato","status":"publish","type":"product","link":"https:\/\/rls-wacon.de\/es\/produkt\/silicato\/","title":{"rendered":"Silicato"},"content":{"rendered":"<h2>Silicato indicador<\/h2>\n<h3>\u00bfPara qu\u00e9 se mide el silicato?<\/h3>\n<p>El silicato (SiO\u2082) es un ingrediente disuelto que est\u00e1 presente en casi todas las aguas naturales. Controlar la concentraci\u00f3n de silicato es especialmente importante en las siguientes zonas: <\/p>\n<ul class=\"feature-list\">\n<li><strong>Centrales el\u00e9ctricas y generaci\u00f3n de vapor:<\/strong> A altas temperaturas y presiones, el silicato forma dep\u00f3sitos extremadamente duros, parecidos al vidrio, en los \u00e1labes de las turbinas y en las tuber\u00edas de vapor. Estos dep\u00f3sitos son casi imposibles de eliminar y provocan considerables p\u00e9rdidas de eficacia. <\/li>\n<li><strong>Agua de alimentaci\u00f3n de calderas:<\/strong> Incluso concentraciones bajas de silicatos pueden causar da\u00f1os en el rango de alta presi\u00f3n. Los valores l\u00edmite t\u00edpicos son de unos pocos \u00b5g\/litro. <\/li>\n<li><strong>Sistemas de \u00f3smosis inversa:<\/strong> el silicato puede ensuciar irreversiblemente las membranas (ensuciamiento por s\u00edlice). Controlar el permeado protege contra costosos da\u00f1os en las membranas. <\/li>\n<li><strong>Intercambiador de iones de lecho mixto:<\/strong> Control de la capacidad de intercambio &#8211; El silicato suele ser uno de los primeros par\u00e1metros que se rompen durante el agotamiento.<\/li>\n<\/ul>\n<h3>\u00bfC\u00f3mo funciona el indicador?<\/h3>\n<p>Los indicadores de silicatos consisten en un juego de reactivos con varios componentes para la determinaci\u00f3n totalmente autom\u00e1tica de silicatos con el analizador SYCON SiO\u2082. El analizador toma autom\u00e1ticamente una muestra de agua, a\u00f1ade los reactivos en el orden y la cantidad correctos y mide la coloraci\u00f3n fotom\u00e9tricamente. <\/p>\n<p>Hay dos rangos de medici\u00f3n disponibles: Rango Bajo (0,02-10 mg\/l) para el rango de trazas y Rango Alto (10-150 mg\/l) para concentraciones m\u00e1s altas.<\/p>\n<h3>Ventajas de los indicadores de silicato<\/h3>\n<ul class=\"feature-list\">\n<li>Dos rangos de medici\u00f3n: Gama baja (0,02-10 mg\/l) y Gama alta (10-150 mg\/l)\n<p style=\"text-indent: 30px; font-style: italic;\">Cubierto desde niveles traza hasta altas concentraciones<\/p>\n<\/li>\n<li>Medici\u00f3n totalmente autom\u00e1tica con el SYCON SiO\u2082\n<p style=\"text-indent: 30px; font-style: italic;\">Monitorizaci\u00f3n continua 24\/7 de los procesos cr\u00edticos<\/p>\n<\/li>\n<li>Juegos de reactivos con componentes coordinados\n<p style=\"text-indent: 30px; font-style: italic;\">Condiciones de reacci\u00f3n \u00f3ptimas para resultados precisos<\/p>\n<\/li>\n<li>Materias primas de alta calidad y receta propia\n<p style=\"text-indent: 30px; font-style: italic;\">Fabricado por RLS Wacon &#8211; Made in Germany<\/p>\n<\/li>\n<li>Calibraci\u00f3n de un solo lote\n<p style=\"text-indent: 30px; font-style: italic;\">Alta precisi\u00f3n constante en cada entrega<\/p>\n<\/li>\n<li>24 meses de caducidad\n<p style=\"text-indent: 30px; font-style: italic;\">Almacenamiento rentable<\/p>\n<\/li>\n<\/ul>\n","protected":false},"excerpt":{"rendered":"<p>Silicato indicador \u00bfPara qu\u00e9 se mide el silicato? El silicato (SiO\u2082) es un ingrediente disuelto que est\u00e1 presente en casi todas las aguas naturales. Controlar la concentraci\u00f3n de silicato es especialmente importante en las siguientes zonas: Centrales el\u00e9ctricas y generaci\u00f3n de vapor: A altas temperaturas y presiones, el silicato forma dep\u00f3sitos extremadamente duros, parecidos al [&hellip;]<\/p>\n","protected":false},"featured_media":1272,"template":"","meta":{"_acf_changed":false},"product_brand":[],"product_cat":[1224,1225],"product_tag":[2358,2362,2249,2363,2361,2359,2360,2248,2250],"class_list":{"0":"post-30456","1":"product","2":"type-product","3":"status-publish","4":"has-post-thumbnail","6":"product_cat-indicadores","7":"product_cat-silicato","8":"product_tag-agua-de-alimentacion-de-la-caldera","9":"product_tag-central-electrica","10":"product_tag-indicador","11":"product_tag-osmosis-inversa","12":"product_tag-reactivo","13":"product_tag-silicato","14":"product_tag-sio2","15":"product_tag-sycon","16":"product_tag-tratamiento-del-agua","18":"first","19":"instock","20":"shipping-taxable","21":"product-type-variable"},"exclude_global_add_ons":[],"addons":[],"acf":[],"yoast_head":"<!-- This site is optimized with the Yoast SEO Premium plugin v27.5 (Yoast SEO v27.5) - https:\/\/yoast.com\/product\/yoast-seo-premium-wordpress\/ -->\n<title>Indicador de silicatos | Analizador SYCON SiO\u2082 | RLS Wacon<\/title>\n<meta name=\"description\" content=\"Juego de reactivos para la determinaci\u00f3n autom\u00e1tica de silicatos con el SYCON SiO\u2082. Gama baja (0,02-10 mg\/l) y gama alta (10-150 mg\/l). Fabricado en Alemania.\" \/>\n<meta name=\"robots\" content=\"index, follow, max-snippet:-1, max-image-preview:large, max-video-preview:-1\" \/>\n<link rel=\"canonical\" href=\"https:\/\/rls-wacon.de\/es\/produkt\/silicato\/\" \/>\n<meta property=\"og:locale\" content=\"es_ES\" \/>\n<meta property=\"og:type\" content=\"article\" \/>\n<meta property=\"og:title\" content=\"Silicato\" \/>\n<meta property=\"og:description\" content=\"Juego de reactivos para la determinaci\u00f3n autom\u00e1tica de silicatos con el SYCON SiO\u2082. Gama baja (0,02-10 mg\/l) y gama alta (10-150 mg\/l). Fabricado en Alemania.\" \/>\n<meta property=\"og:url\" content=\"https:\/\/rls-wacon.de\/es\/produkt\/silicato\/\" \/>\n<meta property=\"og:site_name\" content=\"RLS Wacon analytics\" \/>\n<meta property=\"article:modified_time\" content=\"2026-04-16T13:28:14+00:00\" \/>\n<meta property=\"og:image\" content=\"https:\/\/rls-wacon.de\/wp-content\/uploads\/2023\/03\/32-010100-Indikatorset-Silicat-2-Flaschen-Reagenz-A-und-je-1-Flasche-B-und-C-scaled.jpg\" \/>\n\t<meta property=\"og:image:width\" content=\"2560\" \/>\n\t<meta property=\"og:image:height\" content=\"1707\" \/>\n\t<meta property=\"og:image:type\" content=\"image\/jpeg\" \/>\n<meta name=\"twitter:card\" content=\"summary_large_image\" \/>\n<meta name=\"twitter:label1\" content=\"Disponibilidad\" \/>\n\t<meta name=\"twitter:data1\" content=\"Disponible\" \/>\n<script type=\"application\/ld+json\" class=\"yoast-schema-graph\">{\"@context\":\"https:\\\/\\\/schema.org\",\"@graph\":[{\"@type\":\"WebPage\",\"@id\":\"https:\\\/\\\/rls-wacon.de\\\/es\\\/produkt\\\/silicato\\\/\",\"url\":\"https:\\\/\\\/rls-wacon.de\\\/es\\\/produkt\\\/silicato\\\/\",\"name\":\"Indicador de silicatos | Analizador SYCON SiO\u2082 | RLS Wacon\",\"isPartOf\":{\"@id\":\"https:\\\/\\\/rls-wacon.de\\\/#website\"},\"primaryImageOfPage\":{\"@id\":\"https:\\\/\\\/rls-wacon.de\\\/es\\\/produkt\\\/silicato\\\/#primaryimage\"},\"image\":{\"@id\":\"https:\\\/\\\/rls-wacon.de\\\/es\\\/produkt\\\/silicato\\\/#primaryimage\"},\"thumbnailUrl\":\"https:\\\/\\\/rls-wacon.de\\\/wp-content\\\/uploads\\\/2023\\\/03\\\/32-010100-Indikatorset-Silicat-2-Flaschen-Reagenz-A-und-je-1-Flasche-B-und-C-scaled.jpg\",\"datePublished\":\"2026-03-17T13:34:26+00:00\",\"dateModified\":\"2026-04-16T13:28:14+00:00\",\"description\":\"Juego de reactivos para la determinaci\u00f3n autom\u00e1tica de silicatos con el SYCON SiO\u2082. Gama baja (0,02-10 mg\\\/l) y gama alta (10-150 mg\\\/l). Fabricado en Alemania.\",\"breadcrumb\":{\"@id\":\"https:\\\/\\\/rls-wacon.de\\\/es\\\/produkt\\\/silicato\\\/#breadcrumb\"},\"inLanguage\":\"es\",\"potentialAction\":[{\"@type\":\"ReadAction\",\"target\":[\"https:\\\/\\\/rls-wacon.de\\\/es\\\/produkt\\\/silicato\\\/\"]}]},{\"@type\":\"ImageObject\",\"inLanguage\":\"es\",\"@id\":\"https:\\\/\\\/rls-wacon.de\\\/es\\\/produkt\\\/silicato\\\/#primaryimage\",\"url\":\"https:\\\/\\\/rls-wacon.de\\\/wp-content\\\/uploads\\\/2023\\\/03\\\/32-010100-Indikatorset-Silicat-2-Flaschen-Reagenz-A-und-je-1-Flasche-B-und-C-scaled.jpg\",\"contentUrl\":\"https:\\\/\\\/rls-wacon.de\\\/wp-content\\\/uploads\\\/2023\\\/03\\\/32-010100-Indikatorset-Silicat-2-Flaschen-Reagenz-A-und-je-1-Flasche-B-und-C-scaled.jpg\",\"width\":2560,\"height\":1707,\"caption\":\"32-010100 Indikatorset Silicat (2 Flaschen Reagenz A, und je 1 Flasche B und C)\"},{\"@type\":\"BreadcrumbList\",\"@id\":\"https:\\\/\\\/rls-wacon.de\\\/es\\\/produkt\\\/silicato\\\/#breadcrumb\",\"itemListElement\":[{\"@type\":\"ListItem\",\"position\":1,\"name\":\"Startseite\",\"item\":\"https:\\\/\\\/rls-wacon.de\\\/pt-br\\\/\"},{\"@type\":\"ListItem\",\"position\":2,\"name\":\"Productos\",\"item\":\"https:\\\/\\\/rls-wacon.de\\\/shop\\\/\"},{\"@type\":\"ListItem\",\"position\":3,\"name\":\"Silicato\"}]},{\"@type\":\"WebSite\",\"@id\":\"https:\\\/\\\/rls-wacon.de\\\/#website\",\"url\":\"https:\\\/\\\/rls-wacon.de\\\/\",\"name\":\"RLS Wacon analytics GmbH\",\"description\":\"Experts for water monitoring\",\"publisher\":{\"@id\":\"https:\\\/\\\/rls-wacon.de\\\/#organization\"},\"potentialAction\":[{\"@type\":\"SearchAction\",\"target\":{\"@type\":\"EntryPoint\",\"urlTemplate\":\"https:\\\/\\\/rls-wacon.de\\\/?s={search_term_string}\"},\"query-input\":{\"@type\":\"PropertyValueSpecification\",\"valueRequired\":true,\"valueName\":\"search_term_string\"}}],\"inLanguage\":\"es\"},{\"@type\":\"Organization\",\"@id\":\"https:\\\/\\\/rls-wacon.de\\\/#organization\",\"name\":\"RLS Wacon analytics GmbH\",\"url\":\"https:\\\/\\\/rls-wacon.de\\\/\",\"logo\":{\"@type\":\"ImageObject\",\"inLanguage\":\"es\",\"@id\":\"https:\\\/\\\/rls-wacon.de\\\/#\\\/schema\\\/logo\\\/image\\\/\",\"url\":\"https:\\\/\\\/rls-wacon.de\\\/wp-content\\\/uploads\\\/2022\\\/10\\\/RLSWacon-analytics-Logo-BR-RZ-9_17-768x1591.png\",\"contentUrl\":\"https:\\\/\\\/rls-wacon.de\\\/wp-content\\\/uploads\\\/2022\\\/10\\\/RLSWacon-analytics-Logo-BR-RZ-9_17-768x1591.png\",\"width\":768,\"height\":159,\"caption\":\"RLS Wacon analytics GmbH\"},\"image\":{\"@id\":\"https:\\\/\\\/rls-wacon.de\\\/#\\\/schema\\\/logo\\\/image\\\/\"}}]}<\/script>\n<meta property=\"og:availability\" content=\"instock\" \/>\n<meta property=\"product:availability\" content=\"instock\" \/>\n<meta property=\"product:condition\" content=\"new\" \/>\n<!-- \/ Yoast SEO Premium plugin. -->","yoast_head_json":{"title":"Indicador de silicatos | Analizador SYCON SiO\u2082 | RLS Wacon","description":"Juego de reactivos para la determinaci\u00f3n autom\u00e1tica de silicatos con el SYCON SiO\u2082. Gama baja (0,02-10 mg\/l) y gama alta (10-150 mg\/l). Fabricado en Alemania.","robots":{"index":"index","follow":"follow","max-snippet":"max-snippet:-1","max-image-preview":"max-image-preview:large","max-video-preview":"max-video-preview:-1"},"canonical":"https:\/\/rls-wacon.de\/es\/produkt\/silicato\/","og_locale":"es_ES","og_type":"article","og_title":"Silicato","og_description":"Juego de reactivos para la determinaci\u00f3n autom\u00e1tica de silicatos con el SYCON SiO\u2082. Gama baja (0,02-10 mg\/l) y gama alta (10-150 mg\/l). Fabricado en Alemania.","og_url":"https:\/\/rls-wacon.de\/es\/produkt\/silicato\/","og_site_name":"RLS Wacon analytics","article_modified_time":"2026-04-16T13:28:14+00:00","og_image":[{"width":2560,"height":1707,"url":"https:\/\/rls-wacon.de\/wp-content\/uploads\/2023\/03\/32-010100-Indikatorset-Silicat-2-Flaschen-Reagenz-A-und-je-1-Flasche-B-und-C-scaled.jpg","type":"image\/jpeg"}],"twitter_card":"summary_large_image","twitter_misc":{"Disponibilidad":"Disponible"},"schema":{"@context":"https:\/\/schema.org","@graph":[{"@type":"WebPage","@id":"https:\/\/rls-wacon.de\/es\/produkt\/silicato\/","url":"https:\/\/rls-wacon.de\/es\/produkt\/silicato\/","name":"Indicador de silicatos | Analizador SYCON SiO\u2082 | RLS Wacon","isPartOf":{"@id":"https:\/\/rls-wacon.de\/#website"},"primaryImageOfPage":{"@id":"https:\/\/rls-wacon.de\/es\/produkt\/silicato\/#primaryimage"},"image":{"@id":"https:\/\/rls-wacon.de\/es\/produkt\/silicato\/#primaryimage"},"thumbnailUrl":"https:\/\/rls-wacon.de\/wp-content\/uploads\/2023\/03\/32-010100-Indikatorset-Silicat-2-Flaschen-Reagenz-A-und-je-1-Flasche-B-und-C-scaled.jpg","datePublished":"2026-03-17T13:34:26+00:00","dateModified":"2026-04-16T13:28:14+00:00","description":"Juego de reactivos para la determinaci\u00f3n autom\u00e1tica de silicatos con el SYCON SiO\u2082. Gama baja (0,02-10 mg\/l) y gama alta (10-150 mg\/l). Fabricado en Alemania.","breadcrumb":{"@id":"https:\/\/rls-wacon.de\/es\/produkt\/silicato\/#breadcrumb"},"inLanguage":"es","potentialAction":[{"@type":"ReadAction","target":["https:\/\/rls-wacon.de\/es\/produkt\/silicato\/"]}]},{"@type":"ImageObject","inLanguage":"es","@id":"https:\/\/rls-wacon.de\/es\/produkt\/silicato\/#primaryimage","url":"https:\/\/rls-wacon.de\/wp-content\/uploads\/2023\/03\/32-010100-Indikatorset-Silicat-2-Flaschen-Reagenz-A-und-je-1-Flasche-B-und-C-scaled.jpg","contentUrl":"https:\/\/rls-wacon.de\/wp-content\/uploads\/2023\/03\/32-010100-Indikatorset-Silicat-2-Flaschen-Reagenz-A-und-je-1-Flasche-B-und-C-scaled.jpg","width":2560,"height":1707,"caption":"32-010100 Indikatorset Silicat (2 Flaschen Reagenz A, und je 1 Flasche B und C)"},{"@type":"BreadcrumbList","@id":"https:\/\/rls-wacon.de\/es\/produkt\/silicato\/#breadcrumb","itemListElement":[{"@type":"ListItem","position":1,"name":"Startseite","item":"https:\/\/rls-wacon.de\/pt-br\/"},{"@type":"ListItem","position":2,"name":"Productos","item":"https:\/\/rls-wacon.de\/shop\/"},{"@type":"ListItem","position":3,"name":"Silicato"}]},{"@type":"WebSite","@id":"https:\/\/rls-wacon.de\/#website","url":"https:\/\/rls-wacon.de\/","name":"RLS Wacon analytics GmbH","description":"Experts for water monitoring","publisher":{"@id":"https:\/\/rls-wacon.de\/#organization"},"potentialAction":[{"@type":"SearchAction","target":{"@type":"EntryPoint","urlTemplate":"https:\/\/rls-wacon.de\/?s={search_term_string}"},"query-input":{"@type":"PropertyValueSpecification","valueRequired":true,"valueName":"search_term_string"}}],"inLanguage":"es"},{"@type":"Organization","@id":"https:\/\/rls-wacon.de\/#organization","name":"RLS Wacon analytics GmbH","url":"https:\/\/rls-wacon.de\/","logo":{"@type":"ImageObject","inLanguage":"es","@id":"https:\/\/rls-wacon.de\/#\/schema\/logo\/image\/","url":"https:\/\/rls-wacon.de\/wp-content\/uploads\/2022\/10\/RLSWacon-analytics-Logo-BR-RZ-9_17-768x1591.png","contentUrl":"https:\/\/rls-wacon.de\/wp-content\/uploads\/2022\/10\/RLSWacon-analytics-Logo-BR-RZ-9_17-768x1591.png","width":768,"height":159,"caption":"RLS Wacon analytics GmbH"},"image":{"@id":"https:\/\/rls-wacon.de\/#\/schema\/logo\/image\/"}}]},"og_availability":"instock","product_availability":"instock","product_condition":"new"},"_links":{"self":[{"href":"https:\/\/rls-wacon.de\/es\/wp-json\/wp\/v2\/product\/30456","targetHints":{"allow":["GET"]}}],"collection":[{"href":"https:\/\/rls-wacon.de\/es\/wp-json\/wp\/v2\/product"}],"about":[{"href":"https:\/\/rls-wacon.de\/es\/wp-json\/wp\/v2\/types\/product"}],"version-history":[{"count":1,"href":"https:\/\/rls-wacon.de\/es\/wp-json\/wp\/v2\/product\/30456\/revisions"}],"predecessor-version":[{"id":30464,"href":"https:\/\/rls-wacon.de\/es\/wp-json\/wp\/v2\/product\/30456\/revisions\/30464"}],"wp:featuredmedia":[{"embeddable":true,"href":"https:\/\/rls-wacon.de\/es\/wp-json\/wp\/v2\/media\/1272"}],"wp:attachment":[{"href":"https:\/\/rls-wacon.de\/es\/wp-json\/wp\/v2\/media?parent=30456"}],"wp:term":[{"taxonomy":"product_brand","embeddable":true,"href":"https:\/\/rls-wacon.de\/es\/wp-json\/wp\/v2\/product_brand?post=30456"},{"taxonomy":"product_cat","embeddable":true,"href":"https:\/\/rls-wacon.de\/es\/wp-json\/wp\/v2\/product_cat?post=30456"},{"taxonomy":"product_tag","embeddable":true,"href":"https:\/\/rls-wacon.de\/es\/wp-json\/wp\/v2\/product_tag?post=30456"}],"curies":[{"name":"wp","href":"https:\/\/api.w.org\/{rel}","templated":true}]}}