{"id":30493,"date":"2026-03-17T14:31:56","date_gmt":"2026-03-17T13:31:56","guid":{"rendered":"https:\/\/rls-wacon.de\/produkt\/p-valor-serie-p25\/"},"modified":"2026-03-17T14:31:56","modified_gmt":"2026-03-17T13:31:56","slug":"p-valor-serie-p25","status":"publish","type":"product","link":"https:\/\/rls-wacon.de\/es\/produkt\/p-valor-serie-p25\/","title":{"rendered":"p-valor Serie P25"},"content":{"rendered":"<h2>Indicador p-valor Serie P25<\/h2>\n<h3>\u00bfPara qu\u00e9 se mide el valor p?<\/h3>\n<p>El valor p (tambi\u00e9n capacidad \u00e1cida hasta pH 8,2 o valor m\/alcalinidad) describe la concentraci\u00f3n de iones hidr\u00f3xido y carbonato en el agua. Es un par\u00e1metro decisivo en la qu\u00edmica del agua de calderas y del agua de refrigeraci\u00f3n: <\/p>\n<ul class=\"feature-list\">\n<li><strong>Agua de caldera:<\/strong> El valor p es un par\u00e1metro clave para una alcalinizaci\u00f3n correcta. Los valores demasiado bajos provocan corrosi\u00f3n, y los demasiado altos pueden causar problemas de espuma y desbordamiento. <\/li>\n<li><strong>Sistemas de vapor y condensado:<\/strong> El control del valor p garantiza que la alcalinizaci\u00f3n se mantiene dentro del intervalo \u00f3ptimo.<\/li>\n<li><strong>Sistemas de agua de refrigeraci\u00f3n:<\/strong> El valor p influye en el comportamiento de corrosi\u00f3n y separaci\u00f3n de la cal.<\/li>\n<li><strong>Agua de proceso industrial:<\/strong> Control de la qu\u00edmica del agua en circuitos cerrados.<\/li>\n<\/ul>\n<h3>\u00bfC\u00f3mo funciona el indicador?<\/h3>\n<p>Los indicadores P25 son reactivos de color l\u00edquido para la determinaci\u00f3n totalmente automatizada del valor p con el analizador SYCON P. El analizador toma autom\u00e1ticamente una muestra de agua, a\u00f1ade el indicador con precisi\u00f3n y mide fotom\u00e9tricamente el color resultante. <\/p>\n<p>Hay dos rangos de medici\u00f3n disponibles: P25-5 para el rango bajo (0,2-5,0 mmol\/l) y P25-20 para concentraciones m\u00e1s altas (0,8-20,0 mmol\/l).<\/p>\n<h3>Ventajas de la serie P25<\/h3>\n<ul class=\"feature-list\">\n<li>Dos rangos de medici\u00f3n: P25-5 (0,2-5 mmol\/l) y P25-20 (0,8-20 mmol\/l)\n<p style=\"text-indent: 30px; font-style: italic;\">Medici\u00f3n precisa en un amplio rango de concentraci\u00f3n<\/p>\n<\/li>\n<li>Medici\u00f3n totalmente autom\u00e1tica con el SYCON P\n<p style=\"text-indent: 30px; font-style: italic;\">Control continuo 24\/7 de la qu\u00edmica del agua de caldera<\/p>\n<\/li>\n<li>Materias primas de alta calidad y receta propia\n<p style=\"text-indent: 30px; font-style: italic;\">Fabricado por RLS Wacon &#8211; Made in Germany<\/p>\n<\/li>\n<li>Calibraci\u00f3n de un solo lote\n<p style=\"text-indent: 30px; font-style: italic;\">Alta precisi\u00f3n constante en cada entrega<\/p>\n<\/li>\n<li>Disponible en botella individual (500 ml) y en envase de valor (4 \u00d7 500 ml)\n<p style=\"text-indent: 30px; font-style: italic;\">Tama\u00f1os de envases econ\u00f3micos para cada necesidad<\/p>\n<\/li>\n<li>24 meses de caducidad\n<p style=\"text-indent: 30px; font-style: italic;\">Almacenamiento rentable<\/p>\n<\/li>\n<\/ul>\n","protected":false},"excerpt":{"rendered":"<p>Indicador p-valor Serie P25 \u00bfPara qu\u00e9 se mide el valor p? El valor p (tambi\u00e9n capacidad \u00e1cida hasta pH 8,2 o valor m\/alcalinidad) describe la concentraci\u00f3n de iones hidr\u00f3xido y carbonato en el agua. Es un par\u00e1metro decisivo en la qu\u00edmica del agua de calderas y del agua de refrigeraci\u00f3n: Agua de caldera: El valor [&hellip;]<\/p>\n","protected":false},"featured_media":1539,"template":"","meta":{"_acf_changed":false},"product_brand":[],"product_cat":[1224,1329],"product_tag":[2387,2388,2390,2389,2249,2386,2248,2250,2385],"class_list":{"0":"post-30493","1":"product","2":"type-product","3":"status-publish","4":"has-post-thumbnail","6":"product_cat-indicadores","7":"product_cat-valor-p","8":"product_tag-agua-de-la-caldera","9":"product_tag-alcalinidad","10":"product_tag-caldera-de-vapor","11":"product_tag-capacidad-acida","12":"product_tag-indicador","13":"product_tag-p25","14":"product_tag-sycon","15":"product_tag-tratamiento-del-agua","16":"product_tag-valor-p","18":"first","19":"instock","20":"shipping-taxable","21":"purchasable","22":"product-type-variable"},"exclude_global_add_ons":[],"addons":[],"acf":[],"yoast_head":"<!-- This site is optimized with the Yoast SEO Premium plugin v27.3 (Yoast SEO v27.4) - https:\/\/yoast.com\/product\/yoast-seo-premium-wordpress\/ -->\n<title>Indicador p-valor Serie P25 | Analizador SYCON P | RLS Wacon<\/title>\n<meta name=\"description\" content=\"Indicador de la serie P25 para la determinaci\u00f3n autom\u00e1tica del valor p con el SYCON P. Dos rangos de medici\u00f3n: P25-5 (0,2-5 mmol\/l) y P25-20 (0,8-20 mmol\/l). Fabricado en Alemania.\" \/>\n<meta name=\"robots\" content=\"index, follow, max-snippet:-1, max-image-preview:large, max-video-preview:-1\" \/>\n<link rel=\"canonical\" href=\"https:\/\/rls-wacon.de\/es\/produkt\/p-valor-serie-p25\/\" \/>\n<meta property=\"og:locale\" content=\"es_ES\" \/>\n<meta property=\"og:type\" content=\"article\" \/>\n<meta property=\"og:title\" content=\"p-valor Serie P25\" \/>\n<meta property=\"og:description\" content=\"Indicador de la serie P25 para la determinaci\u00f3n autom\u00e1tica del valor p con el SYCON P. Dos rangos de medici\u00f3n: P25-5 (0,2-5 mmol\/l) y P25-20 (0,8-20 mmol\/l). Fabricado en Alemania.\" \/>\n<meta property=\"og:url\" content=\"https:\/\/rls-wacon.de\/es\/produkt\/p-valor-serie-p25\/\" \/>\n<meta property=\"og:site_name\" content=\"RLS Wacon analytics\" \/>\n<meta property=\"og:image\" content=\"https:\/\/rls-wacon.de\/wp-content\/uploads\/2023\/03\/reagent-p25-5-scaled.jpg\" \/>\n\t<meta property=\"og:image:width\" content=\"2560\" \/>\n\t<meta property=\"og:image:height\" content=\"1707\" \/>\n\t<meta property=\"og:image:type\" content=\"image\/jpeg\" \/>\n<meta name=\"twitter:card\" content=\"summary_large_image\" \/>\n<meta name=\"twitter:label1\" content=\"Disponibilidad\" \/>\n\t<meta name=\"twitter:data1\" content=\"Disponible\" \/>\n<script type=\"application\/ld+json\" class=\"yoast-schema-graph\">{\"@context\":\"https:\\\/\\\/schema.org\",\"@graph\":[{\"@type\":\"WebPage\",\"@id\":\"https:\\\/\\\/rls-wacon.de\\\/es\\\/produkt\\\/p-valor-serie-p25\\\/\",\"url\":\"https:\\\/\\\/rls-wacon.de\\\/es\\\/produkt\\\/p-valor-serie-p25\\\/\",\"name\":\"Indicador p-valor Serie P25 | Analizador SYCON P | RLS Wacon\",\"isPartOf\":{\"@id\":\"https:\\\/\\\/rls-wacon.de\\\/#website\"},\"primaryImageOfPage\":{\"@id\":\"https:\\\/\\\/rls-wacon.de\\\/es\\\/produkt\\\/p-valor-serie-p25\\\/#primaryimage\"},\"image\":{\"@id\":\"https:\\\/\\\/rls-wacon.de\\\/es\\\/produkt\\\/p-valor-serie-p25\\\/#primaryimage\"},\"thumbnailUrl\":\"https:\\\/\\\/rls-wacon.de\\\/wp-content\\\/uploads\\\/2023\\\/03\\\/reagent-p25-5-scaled.jpg\",\"datePublished\":\"2026-03-17T13:31:56+00:00\",\"description\":\"Indicador de la serie P25 para la determinaci\u00f3n autom\u00e1tica del valor p con el SYCON P. Dos rangos de medici\u00f3n: P25-5 (0,2-5 mmol\\\/l) y P25-20 (0,8-20 mmol\\\/l). Fabricado en Alemania.\",\"breadcrumb\":{\"@id\":\"https:\\\/\\\/rls-wacon.de\\\/es\\\/produkt\\\/p-valor-serie-p25\\\/#breadcrumb\"},\"inLanguage\":\"es\",\"potentialAction\":[{\"@type\":\"ReadAction\",\"target\":[\"https:\\\/\\\/rls-wacon.de\\\/es\\\/produkt\\\/p-valor-serie-p25\\\/\"]}]},{\"@type\":\"ImageObject\",\"inLanguage\":\"es\",\"@id\":\"https:\\\/\\\/rls-wacon.de\\\/es\\\/produkt\\\/p-valor-serie-p25\\\/#primaryimage\",\"url\":\"https:\\\/\\\/rls-wacon.de\\\/wp-content\\\/uploads\\\/2023\\\/03\\\/reagent-p25-5-scaled.jpg\",\"contentUrl\":\"https:\\\/\\\/rls-wacon.de\\\/wp-content\\\/uploads\\\/2023\\\/03\\\/reagent-p25-5-scaled.jpg\",\"width\":2560,\"height\":1707,\"caption\":\"reagent-p25-5\"},{\"@type\":\"BreadcrumbList\",\"@id\":\"https:\\\/\\\/rls-wacon.de\\\/es\\\/produkt\\\/p-valor-serie-p25\\\/#breadcrumb\",\"itemListElement\":[{\"@type\":\"ListItem\",\"position\":1,\"name\":\"Startseite\",\"item\":\"https:\\\/\\\/rls-wacon.de\\\/pt-br\\\/\"},{\"@type\":\"ListItem\",\"position\":2,\"name\":\"Productos\",\"item\":\"https:\\\/\\\/rls-wacon.de\\\/shop\\\/\"},{\"@type\":\"ListItem\",\"position\":3,\"name\":\"p-valor Serie P25\"}]},{\"@type\":\"WebSite\",\"@id\":\"https:\\\/\\\/rls-wacon.de\\\/#website\",\"url\":\"https:\\\/\\\/rls-wacon.de\\\/\",\"name\":\"RLS Wacon analytics GmbH\",\"description\":\"Experts for water monitoring\",\"publisher\":{\"@id\":\"https:\\\/\\\/rls-wacon.de\\\/#organization\"},\"potentialAction\":[{\"@type\":\"SearchAction\",\"target\":{\"@type\":\"EntryPoint\",\"urlTemplate\":\"https:\\\/\\\/rls-wacon.de\\\/?s={search_term_string}\"},\"query-input\":{\"@type\":\"PropertyValueSpecification\",\"valueRequired\":true,\"valueName\":\"search_term_string\"}}],\"inLanguage\":\"es\"},{\"@type\":\"Organization\",\"@id\":\"https:\\\/\\\/rls-wacon.de\\\/#organization\",\"name\":\"RLS Wacon analytics GmbH\",\"url\":\"https:\\\/\\\/rls-wacon.de\\\/\",\"logo\":{\"@type\":\"ImageObject\",\"inLanguage\":\"es\",\"@id\":\"https:\\\/\\\/rls-wacon.de\\\/#\\\/schema\\\/logo\\\/image\\\/\",\"url\":\"https:\\\/\\\/rls-wacon.de\\\/wp-content\\\/uploads\\\/2022\\\/10\\\/RLSWacon-analytics-Logo-BR-RZ-9_17-768x1591.png\",\"contentUrl\":\"https:\\\/\\\/rls-wacon.de\\\/wp-content\\\/uploads\\\/2022\\\/10\\\/RLSWacon-analytics-Logo-BR-RZ-9_17-768x1591.png\",\"width\":768,\"height\":159,\"caption\":\"RLS Wacon analytics GmbH\"},\"image\":{\"@id\":\"https:\\\/\\\/rls-wacon.de\\\/#\\\/schema\\\/logo\\\/image\\\/\"}}]}<\/script>\n<meta property=\"og:availability\" content=\"instock\" \/>\n<meta property=\"product:availability\" content=\"instock\" \/>\n<meta property=\"product:condition\" content=\"new\" \/>\n<!-- \/ Yoast SEO Premium plugin. -->","yoast_head_json":{"title":"Indicador p-valor Serie P25 | Analizador SYCON P | RLS Wacon","description":"Indicador de la serie P25 para la determinaci\u00f3n autom\u00e1tica del valor p con el SYCON P. Dos rangos de medici\u00f3n: P25-5 (0,2-5 mmol\/l) y P25-20 (0,8-20 mmol\/l). Fabricado en Alemania.","robots":{"index":"index","follow":"follow","max-snippet":"max-snippet:-1","max-image-preview":"max-image-preview:large","max-video-preview":"max-video-preview:-1"},"canonical":"https:\/\/rls-wacon.de\/es\/produkt\/p-valor-serie-p25\/","og_locale":"es_ES","og_type":"article","og_title":"p-valor Serie P25","og_description":"Indicador de la serie P25 para la determinaci\u00f3n autom\u00e1tica del valor p con el SYCON P. Dos rangos de medici\u00f3n: P25-5 (0,2-5 mmol\/l) y P25-20 (0,8-20 mmol\/l). Fabricado en Alemania.","og_url":"https:\/\/rls-wacon.de\/es\/produkt\/p-valor-serie-p25\/","og_site_name":"RLS Wacon analytics","og_image":[{"width":2560,"height":1707,"url":"https:\/\/rls-wacon.de\/wp-content\/uploads\/2023\/03\/reagent-p25-5-scaled.jpg","type":"image\/jpeg"}],"twitter_card":"summary_large_image","twitter_misc":{"Disponibilidad":"Disponible"},"schema":{"@context":"https:\/\/schema.org","@graph":[{"@type":"WebPage","@id":"https:\/\/rls-wacon.de\/es\/produkt\/p-valor-serie-p25\/","url":"https:\/\/rls-wacon.de\/es\/produkt\/p-valor-serie-p25\/","name":"Indicador p-valor Serie P25 | Analizador SYCON P | RLS Wacon","isPartOf":{"@id":"https:\/\/rls-wacon.de\/#website"},"primaryImageOfPage":{"@id":"https:\/\/rls-wacon.de\/es\/produkt\/p-valor-serie-p25\/#primaryimage"},"image":{"@id":"https:\/\/rls-wacon.de\/es\/produkt\/p-valor-serie-p25\/#primaryimage"},"thumbnailUrl":"https:\/\/rls-wacon.de\/wp-content\/uploads\/2023\/03\/reagent-p25-5-scaled.jpg","datePublished":"2026-03-17T13:31:56+00:00","description":"Indicador de la serie P25 para la determinaci\u00f3n autom\u00e1tica del valor p con el SYCON P. Dos rangos de medici\u00f3n: P25-5 (0,2-5 mmol\/l) y P25-20 (0,8-20 mmol\/l). Fabricado en Alemania.","breadcrumb":{"@id":"https:\/\/rls-wacon.de\/es\/produkt\/p-valor-serie-p25\/#breadcrumb"},"inLanguage":"es","potentialAction":[{"@type":"ReadAction","target":["https:\/\/rls-wacon.de\/es\/produkt\/p-valor-serie-p25\/"]}]},{"@type":"ImageObject","inLanguage":"es","@id":"https:\/\/rls-wacon.de\/es\/produkt\/p-valor-serie-p25\/#primaryimage","url":"https:\/\/rls-wacon.de\/wp-content\/uploads\/2023\/03\/reagent-p25-5-scaled.jpg","contentUrl":"https:\/\/rls-wacon.de\/wp-content\/uploads\/2023\/03\/reagent-p25-5-scaled.jpg","width":2560,"height":1707,"caption":"reagent-p25-5"},{"@type":"BreadcrumbList","@id":"https:\/\/rls-wacon.de\/es\/produkt\/p-valor-serie-p25\/#breadcrumb","itemListElement":[{"@type":"ListItem","position":1,"name":"Startseite","item":"https:\/\/rls-wacon.de\/pt-br\/"},{"@type":"ListItem","position":2,"name":"Productos","item":"https:\/\/rls-wacon.de\/shop\/"},{"@type":"ListItem","position":3,"name":"p-valor Serie P25"}]},{"@type":"WebSite","@id":"https:\/\/rls-wacon.de\/#website","url":"https:\/\/rls-wacon.de\/","name":"RLS Wacon analytics GmbH","description":"Experts for water monitoring","publisher":{"@id":"https:\/\/rls-wacon.de\/#organization"},"potentialAction":[{"@type":"SearchAction","target":{"@type":"EntryPoint","urlTemplate":"https:\/\/rls-wacon.de\/?s={search_term_string}"},"query-input":{"@type":"PropertyValueSpecification","valueRequired":true,"valueName":"search_term_string"}}],"inLanguage":"es"},{"@type":"Organization","@id":"https:\/\/rls-wacon.de\/#organization","name":"RLS Wacon analytics GmbH","url":"https:\/\/rls-wacon.de\/","logo":{"@type":"ImageObject","inLanguage":"es","@id":"https:\/\/rls-wacon.de\/#\/schema\/logo\/image\/","url":"https:\/\/rls-wacon.de\/wp-content\/uploads\/2022\/10\/RLSWacon-analytics-Logo-BR-RZ-9_17-768x1591.png","contentUrl":"https:\/\/rls-wacon.de\/wp-content\/uploads\/2022\/10\/RLSWacon-analytics-Logo-BR-RZ-9_17-768x1591.png","width":768,"height":159,"caption":"RLS Wacon analytics GmbH"},"image":{"@id":"https:\/\/rls-wacon.de\/#\/schema\/logo\/image\/"}}]},"og_availability":"instock","product_availability":"instock","product_condition":"new"},"_links":{"self":[{"href":"https:\/\/rls-wacon.de\/es\/wp-json\/wp\/v2\/product\/30493","targetHints":{"allow":["GET"]}}],"collection":[{"href":"https:\/\/rls-wacon.de\/es\/wp-json\/wp\/v2\/product"}],"about":[{"href":"https:\/\/rls-wacon.de\/es\/wp-json\/wp\/v2\/types\/product"}],"version-history":[{"count":0,"href":"https:\/\/rls-wacon.de\/es\/wp-json\/wp\/v2\/product\/30493\/revisions"}],"wp:featuredmedia":[{"embeddable":true,"href":"https:\/\/rls-wacon.de\/es\/wp-json\/wp\/v2\/media\/1539"}],"wp:attachment":[{"href":"https:\/\/rls-wacon.de\/es\/wp-json\/wp\/v2\/media?parent=30493"}],"wp:term":[{"taxonomy":"product_brand","embeddable":true,"href":"https:\/\/rls-wacon.de\/es\/wp-json\/wp\/v2\/product_brand?post=30493"},{"taxonomy":"product_cat","embeddable":true,"href":"https:\/\/rls-wacon.de\/es\/wp-json\/wp\/v2\/product_cat?post=30493"},{"taxonomy":"product_tag","embeddable":true,"href":"https:\/\/rls-wacon.de\/es\/wp-json\/wp\/v2\/product_tag?post=30493"}],"curies":[{"name":"wp","href":"https:\/\/api.w.org\/{rel}","templated":true}]}}