{"id":30495,"date":"2026-03-17T12:27:47","date_gmt":"2026-03-17T11:27:47","guid":{"rendered":"https:\/\/rls-wacon.de\/produkt\/endurecedores-de-carbonato-serie-c25\/"},"modified":"2026-03-17T12:27:47","modified_gmt":"2026-03-17T11:27:47","slug":"endurecedores-de-carbonato-serie-c25","status":"publish","type":"product","link":"https:\/\/rls-wacon.de\/es\/produkt\/endurecedores-de-carbonato-serie-c25\/","title":{"rendered":"Endurecedores de carbonato Serie C25"},"content":{"rendered":"<h2>Indicador de valores de carbonato Serie C25<\/h2>\n<h3>\u00bfPara qu\u00e9 se mide el valor de carbonato?<\/h3>\n<p>El valor de carbonato (tambi\u00e9n conocido como valor temporal) describe la proporci\u00f3n del valor del agua causada por iones de carbonato de hidr\u00f3geno (HCO\u2083-). Controlar los niveles de carbonatos es crucial en muchos \u00e1mbitos del tratamiento del agua: <\/p>\n<ul class=\"feature-list\">\n<li><strong>Sistemas de agua de refrigeraci\u00f3n:<\/strong> Los valores de carbonato influyen directamente en el equilibrio cal-\u00e1cido carb\u00f3nico. Unos valores excesivos provocan la precipitaci\u00f3n de cal en las torres de refrigeraci\u00f3n y los intercambiadores de calor. <\/li>\n<li><strong>Agua de alimentaci\u00f3n de la caldera:<\/strong> El carbonato de hidr\u00f3geno se descompone en carbonato y CO\u2082 durante el calentamiento, lo que provoca corrosi\u00f3n en el sistema de vapor\/condensado.<\/li>\n<li><strong>Piscina y agua de ba\u00f1o:<\/strong> El valor de carbonatos es un par\u00e1metro importante para el equilibrio del agua seg\u00fan Langelier o el \u00edndice LSI.<\/li>\n<li><strong>Agua potable:<\/strong> El contenido en carbonatos influye en el sabor y en la tendencia a la formaci\u00f3n de cal en las tuber\u00edas.<\/li>\n<\/ul>\n<h3>\u00bfC\u00f3mo funciona el indicador?<\/h3>\n<p>Los indicadores C25 son reactivos de color l\u00edquido para el an\u00e1lisis totalmente autom\u00e1tico del agua con los analizadores de la serie SYCON. El analizador SYCON toma autom\u00e1ticamente una muestra de agua, a\u00f1ade el indicador con precisi\u00f3n y mide fotom\u00e9tricamente el color resultante. <\/p>\n<p>Dependiendo del modo del dispositivo, el sistema funciona como monitor de valor l\u00edmite (SYCON 2602) o como dispositivo de rango de medici\u00f3n (SYCON 2702, 2802) con salida continua de valor medido.<\/p>\n<h3>Ventajas de la serie C25<\/h3>\n<ul class=\"feature-list\">\n<li>4 niveles de concentraci\u00f3n de 1 a 3 \u00b0dKH\n<p style=\"text-indent: 30px; font-style: italic;\">Selecci\u00f3n personalizada para diferentes aplicaciones<\/p>\n<\/li>\n<li>Posibilidad de funcionamiento con valor l\u00edmite y rango de medici\u00f3n\n<p style=\"text-indent: 30px; font-style: italic;\">Uso flexible con SYCON 2602, 2702 y 2802<\/p>\n<\/li>\n<li>Medici\u00f3n totalmente autom\u00e1tica las 24 horas del d\u00eda\n<p style=\"text-indent: 30px; font-style: italic;\">Control sin fugas y sin intervenci\u00f3n manual<\/p>\n<\/li>\n<li>Materias primas de alta calidad y receta propia\n<p style=\"text-indent: 30px; font-style: italic;\">Fabricado por RLS Wacon &#8211; Made in Germany<\/p>\n<\/li>\n<li>Calibraci\u00f3n de un solo lote\n<p style=\"text-indent: 30px; font-style: italic;\">Alta precisi\u00f3n constante en cada entrega<\/p>\n<\/li>\n<li>24 meses de caducidad, 500 ml y paquete de 4 disponible\n<p style=\"text-indent: 30px; font-style: italic;\">Tama\u00f1os de envases econ\u00f3micos para cada necesidad<\/p>\n<\/li>\n<\/ul>\n","protected":false},"excerpt":{"rendered":"<p>Indicador de valores de carbonato Serie C25 \u00bfPara qu\u00e9 se mide el valor de carbonato? El valor de carbonato (tambi\u00e9n conocido como valor temporal) describe la proporci\u00f3n del valor del agua causada por iones de carbonato de hidr\u00f3geno (HCO\u2083-). Controlar los niveles de carbonatos es crucial en muchos \u00e1mbitos del tratamiento del agua: Sistemas de [&hellip;]<\/p>\n","protected":false},"featured_media":1242,"template":"","meta":{"_acf_changed":false},"product_brand":[],"product_cat":[1327,1224],"product_tag":[2358,2401,2400,2249,2398,2248,2250,2340,2399],"class_list":{"0":"post-30495","1":"product","2":"type-product","3":"status-publish","4":"has-post-thumbnail","6":"product_cat-dureza-carbonatada-es","7":"product_cat-indicadores","8":"product_tag-agua-de-alimentacion-de-la-caldera","9":"product_tag-agua-de-refrigeracion","10":"product_tag-c25","11":"product_tag-indicador","12":"product_tag-rango-de-medicion","13":"product_tag-sycon","14":"product_tag-tratamiento-del-agua","15":"product_tag-valor-limite","16":"product_tag-valores-de-carbonato","18":"first","19":"instock","20":"shipping-taxable","21":"purchasable","22":"product-type-variable"},"exclude_global_add_ons":[],"addons":[],"acf":[],"yoast_head":"<!-- This site is optimized with the Yoast SEO Premium plugin v27.3 (Yoast SEO v27.3) - https:\/\/yoast.com\/product\/yoast-seo-premium-wordpress\/ -->\n<title>Indicador de valores de carbonato Serie C25 | Analizadores SYCON | RLS Wacon<\/title>\n<meta name=\"description\" content=\"Indicador serie C25 para la determinaci\u00f3n autom\u00e1tica de los valores de carbonato con analizadores SYCON. 4 niveles de concentraci\u00f3n (1-3 \u00b0dKH), 500 ml. Fabricado en Alemania.\" \/>\n<meta name=\"robots\" content=\"index, follow, max-snippet:-1, max-image-preview:large, max-video-preview:-1\" \/>\n<link rel=\"canonical\" href=\"https:\/\/rls-wacon.de\/es\/produkt\/endurecedores-de-carbonato-serie-c25\/\" \/>\n<meta property=\"og:locale\" content=\"es_ES\" \/>\n<meta property=\"og:type\" content=\"article\" \/>\n<meta property=\"og:title\" content=\"Endurecedores de carbonato Serie C25\" \/>\n<meta property=\"og:description\" content=\"Indicador serie C25 para la determinaci\u00f3n autom\u00e1tica de los valores de carbonato con analizadores SYCON. 4 niveles de concentraci\u00f3n (1-3 \u00b0dKH), 500 ml. Fabricado en Alemania.\" \/>\n<meta property=\"og:url\" content=\"https:\/\/rls-wacon.de\/es\/produkt\/endurecedores-de-carbonato-serie-c25\/\" \/>\n<meta property=\"og:site_name\" content=\"RLS Wacon analytics\" \/>\n<meta property=\"og:image\" content=\"https:\/\/rls-wacon.de\/wp-content\/uploads\/2023\/03\/32-086125-Indikator-C25-1-500ml-scaled.jpg\" \/>\n\t<meta property=\"og:image:width\" content=\"2560\" \/>\n\t<meta property=\"og:image:height\" content=\"1707\" \/>\n\t<meta property=\"og:image:type\" content=\"image\/jpeg\" \/>\n<meta name=\"twitter:card\" content=\"summary_large_image\" \/>\n<meta name=\"twitter:label1\" content=\"Disponibilidad\" \/>\n\t<meta name=\"twitter:data1\" content=\"Disponible\" \/>\n<script type=\"application\/ld+json\" class=\"yoast-schema-graph\">{\"@context\":\"https:\\\/\\\/schema.org\",\"@graph\":[{\"@type\":\"WebPage\",\"@id\":\"https:\\\/\\\/rls-wacon.de\\\/es\\\/produkt\\\/endurecedores-de-carbonato-serie-c25\\\/\",\"url\":\"https:\\\/\\\/rls-wacon.de\\\/es\\\/produkt\\\/endurecedores-de-carbonato-serie-c25\\\/\",\"name\":\"Indicador de valores de carbonato Serie C25 | Analizadores SYCON | RLS Wacon\",\"isPartOf\":{\"@id\":\"https:\\\/\\\/rls-wacon.de\\\/#website\"},\"primaryImageOfPage\":{\"@id\":\"https:\\\/\\\/rls-wacon.de\\\/es\\\/produkt\\\/endurecedores-de-carbonato-serie-c25\\\/#primaryimage\"},\"image\":{\"@id\":\"https:\\\/\\\/rls-wacon.de\\\/es\\\/produkt\\\/endurecedores-de-carbonato-serie-c25\\\/#primaryimage\"},\"thumbnailUrl\":\"https:\\\/\\\/rls-wacon.de\\\/wp-content\\\/uploads\\\/2023\\\/03\\\/32-086125-Indikator-C25-1-500ml-scaled.jpg\",\"datePublished\":\"2026-03-17T11:27:47+00:00\",\"description\":\"Indicador serie C25 para la determinaci\u00f3n autom\u00e1tica de los valores de carbonato con analizadores SYCON. 4 niveles de concentraci\u00f3n (1-3 \u00b0dKH), 500 ml. Fabricado en Alemania.\",\"breadcrumb\":{\"@id\":\"https:\\\/\\\/rls-wacon.de\\\/es\\\/produkt\\\/endurecedores-de-carbonato-serie-c25\\\/#breadcrumb\"},\"inLanguage\":\"es\",\"potentialAction\":[{\"@type\":\"ReadAction\",\"target\":[\"https:\\\/\\\/rls-wacon.de\\\/es\\\/produkt\\\/endurecedores-de-carbonato-serie-c25\\\/\"]}]},{\"@type\":\"ImageObject\",\"inLanguage\":\"es\",\"@id\":\"https:\\\/\\\/rls-wacon.de\\\/es\\\/produkt\\\/endurecedores-de-carbonato-serie-c25\\\/#primaryimage\",\"url\":\"https:\\\/\\\/rls-wacon.de\\\/wp-content\\\/uploads\\\/2023\\\/03\\\/32-086125-Indikator-C25-1-500ml-scaled.jpg\",\"contentUrl\":\"https:\\\/\\\/rls-wacon.de\\\/wp-content\\\/uploads\\\/2023\\\/03\\\/32-086125-Indikator-C25-1-500ml-scaled.jpg\",\"width\":2560,\"height\":1707,\"caption\":\"32-086125 Indikator C25 - 1 (500ml)\"},{\"@type\":\"BreadcrumbList\",\"@id\":\"https:\\\/\\\/rls-wacon.de\\\/es\\\/produkt\\\/endurecedores-de-carbonato-serie-c25\\\/#breadcrumb\",\"itemListElement\":[{\"@type\":\"ListItem\",\"position\":1,\"name\":\"Startseite\",\"item\":\"https:\\\/\\\/rls-wacon.de\\\/pt-br\\\/\"},{\"@type\":\"ListItem\",\"position\":2,\"name\":\"Productos\",\"item\":\"https:\\\/\\\/rls-wacon.de\\\/shop\\\/\"},{\"@type\":\"ListItem\",\"position\":3,\"name\":\"Endurecedores de carbonato Serie C25\"}]},{\"@type\":\"WebSite\",\"@id\":\"https:\\\/\\\/rls-wacon.de\\\/#website\",\"url\":\"https:\\\/\\\/rls-wacon.de\\\/\",\"name\":\"RLS Wacon analytics GmbH\",\"description\":\"Experts for water monitoring\",\"publisher\":{\"@id\":\"https:\\\/\\\/rls-wacon.de\\\/#organization\"},\"potentialAction\":[{\"@type\":\"SearchAction\",\"target\":{\"@type\":\"EntryPoint\",\"urlTemplate\":\"https:\\\/\\\/rls-wacon.de\\\/?s={search_term_string}\"},\"query-input\":{\"@type\":\"PropertyValueSpecification\",\"valueRequired\":true,\"valueName\":\"search_term_string\"}}],\"inLanguage\":\"es\"},{\"@type\":\"Organization\",\"@id\":\"https:\\\/\\\/rls-wacon.de\\\/#organization\",\"name\":\"RLS Wacon analytics GmbH\",\"url\":\"https:\\\/\\\/rls-wacon.de\\\/\",\"logo\":{\"@type\":\"ImageObject\",\"inLanguage\":\"es\",\"@id\":\"https:\\\/\\\/rls-wacon.de\\\/#\\\/schema\\\/logo\\\/image\\\/\",\"url\":\"https:\\\/\\\/rls-wacon.de\\\/wp-content\\\/uploads\\\/2022\\\/10\\\/RLSWacon-analytics-Logo-BR-RZ-9_17-768x1591.png\",\"contentUrl\":\"https:\\\/\\\/rls-wacon.de\\\/wp-content\\\/uploads\\\/2022\\\/10\\\/RLSWacon-analytics-Logo-BR-RZ-9_17-768x1591.png\",\"width\":768,\"height\":159,\"caption\":\"RLS Wacon analytics GmbH\"},\"image\":{\"@id\":\"https:\\\/\\\/rls-wacon.de\\\/#\\\/schema\\\/logo\\\/image\\\/\"}}]}<\/script>\n<meta property=\"og:availability\" content=\"instock\" \/>\n<meta property=\"product:availability\" content=\"instock\" \/>\n<meta property=\"product:condition\" content=\"new\" \/>\n<!-- \/ Yoast SEO Premium plugin. -->","yoast_head_json":{"title":"Indicador de valores de carbonato Serie C25 | Analizadores SYCON | RLS Wacon","description":"Indicador serie C25 para la determinaci\u00f3n autom\u00e1tica de los valores de carbonato con analizadores SYCON. 4 niveles de concentraci\u00f3n (1-3 \u00b0dKH), 500 ml. Fabricado en Alemania.","robots":{"index":"index","follow":"follow","max-snippet":"max-snippet:-1","max-image-preview":"max-image-preview:large","max-video-preview":"max-video-preview:-1"},"canonical":"https:\/\/rls-wacon.de\/es\/produkt\/endurecedores-de-carbonato-serie-c25\/","og_locale":"es_ES","og_type":"article","og_title":"Endurecedores de carbonato Serie C25","og_description":"Indicador serie C25 para la determinaci\u00f3n autom\u00e1tica de los valores de carbonato con analizadores SYCON. 4 niveles de concentraci\u00f3n (1-3 \u00b0dKH), 500 ml. Fabricado en Alemania.","og_url":"https:\/\/rls-wacon.de\/es\/produkt\/endurecedores-de-carbonato-serie-c25\/","og_site_name":"RLS Wacon analytics","og_image":[{"width":2560,"height":1707,"url":"https:\/\/rls-wacon.de\/wp-content\/uploads\/2023\/03\/32-086125-Indikator-C25-1-500ml-scaled.jpg","type":"image\/jpeg"}],"twitter_card":"summary_large_image","twitter_misc":{"Disponibilidad":"Disponible"},"schema":{"@context":"https:\/\/schema.org","@graph":[{"@type":"WebPage","@id":"https:\/\/rls-wacon.de\/es\/produkt\/endurecedores-de-carbonato-serie-c25\/","url":"https:\/\/rls-wacon.de\/es\/produkt\/endurecedores-de-carbonato-serie-c25\/","name":"Indicador de valores de carbonato Serie C25 | Analizadores SYCON | RLS Wacon","isPartOf":{"@id":"https:\/\/rls-wacon.de\/#website"},"primaryImageOfPage":{"@id":"https:\/\/rls-wacon.de\/es\/produkt\/endurecedores-de-carbonato-serie-c25\/#primaryimage"},"image":{"@id":"https:\/\/rls-wacon.de\/es\/produkt\/endurecedores-de-carbonato-serie-c25\/#primaryimage"},"thumbnailUrl":"https:\/\/rls-wacon.de\/wp-content\/uploads\/2023\/03\/32-086125-Indikator-C25-1-500ml-scaled.jpg","datePublished":"2026-03-17T11:27:47+00:00","description":"Indicador serie C25 para la determinaci\u00f3n autom\u00e1tica de los valores de carbonato con analizadores SYCON. 4 niveles de concentraci\u00f3n (1-3 \u00b0dKH), 500 ml. Fabricado en Alemania.","breadcrumb":{"@id":"https:\/\/rls-wacon.de\/es\/produkt\/endurecedores-de-carbonato-serie-c25\/#breadcrumb"},"inLanguage":"es","potentialAction":[{"@type":"ReadAction","target":["https:\/\/rls-wacon.de\/es\/produkt\/endurecedores-de-carbonato-serie-c25\/"]}]},{"@type":"ImageObject","inLanguage":"es","@id":"https:\/\/rls-wacon.de\/es\/produkt\/endurecedores-de-carbonato-serie-c25\/#primaryimage","url":"https:\/\/rls-wacon.de\/wp-content\/uploads\/2023\/03\/32-086125-Indikator-C25-1-500ml-scaled.jpg","contentUrl":"https:\/\/rls-wacon.de\/wp-content\/uploads\/2023\/03\/32-086125-Indikator-C25-1-500ml-scaled.jpg","width":2560,"height":1707,"caption":"32-086125 Indikator C25 - 1 (500ml)"},{"@type":"BreadcrumbList","@id":"https:\/\/rls-wacon.de\/es\/produkt\/endurecedores-de-carbonato-serie-c25\/#breadcrumb","itemListElement":[{"@type":"ListItem","position":1,"name":"Startseite","item":"https:\/\/rls-wacon.de\/pt-br\/"},{"@type":"ListItem","position":2,"name":"Productos","item":"https:\/\/rls-wacon.de\/shop\/"},{"@type":"ListItem","position":3,"name":"Endurecedores de carbonato Serie C25"}]},{"@type":"WebSite","@id":"https:\/\/rls-wacon.de\/#website","url":"https:\/\/rls-wacon.de\/","name":"RLS Wacon analytics GmbH","description":"Experts for water monitoring","publisher":{"@id":"https:\/\/rls-wacon.de\/#organization"},"potentialAction":[{"@type":"SearchAction","target":{"@type":"EntryPoint","urlTemplate":"https:\/\/rls-wacon.de\/?s={search_term_string}"},"query-input":{"@type":"PropertyValueSpecification","valueRequired":true,"valueName":"search_term_string"}}],"inLanguage":"es"},{"@type":"Organization","@id":"https:\/\/rls-wacon.de\/#organization","name":"RLS Wacon analytics GmbH","url":"https:\/\/rls-wacon.de\/","logo":{"@type":"ImageObject","inLanguage":"es","@id":"https:\/\/rls-wacon.de\/#\/schema\/logo\/image\/","url":"https:\/\/rls-wacon.de\/wp-content\/uploads\/2022\/10\/RLSWacon-analytics-Logo-BR-RZ-9_17-768x1591.png","contentUrl":"https:\/\/rls-wacon.de\/wp-content\/uploads\/2022\/10\/RLSWacon-analytics-Logo-BR-RZ-9_17-768x1591.png","width":768,"height":159,"caption":"RLS Wacon analytics GmbH"},"image":{"@id":"https:\/\/rls-wacon.de\/#\/schema\/logo\/image\/"}}]},"og_availability":"instock","product_availability":"instock","product_condition":"new"},"_links":{"self":[{"href":"https:\/\/rls-wacon.de\/es\/wp-json\/wp\/v2\/product\/30495","targetHints":{"allow":["GET"]}}],"collection":[{"href":"https:\/\/rls-wacon.de\/es\/wp-json\/wp\/v2\/product"}],"about":[{"href":"https:\/\/rls-wacon.de\/es\/wp-json\/wp\/v2\/types\/product"}],"version-history":[{"count":0,"href":"https:\/\/rls-wacon.de\/es\/wp-json\/wp\/v2\/product\/30495\/revisions"}],"wp:featuredmedia":[{"embeddable":true,"href":"https:\/\/rls-wacon.de\/es\/wp-json\/wp\/v2\/media\/1242"}],"wp:attachment":[{"href":"https:\/\/rls-wacon.de\/es\/wp-json\/wp\/v2\/media?parent=30495"}],"wp:term":[{"taxonomy":"product_brand","embeddable":true,"href":"https:\/\/rls-wacon.de\/es\/wp-json\/wp\/v2\/product_brand?post=30495"},{"taxonomy":"product_cat","embeddable":true,"href":"https:\/\/rls-wacon.de\/es\/wp-json\/wp\/v2\/product_cat?post=30495"},{"taxonomy":"product_tag","embeddable":true,"href":"https:\/\/rls-wacon.de\/es\/wp-json\/wp\/v2\/product_tag?post=30495"}],"curies":[{"name":"wp","href":"https:\/\/api.w.org\/{rel}","templated":true}]}}