{"id":30909,"date":"2026-03-24T13:10:25","date_gmt":"2026-03-24T12:10:25","guid":{"rendered":"https:\/\/rls-wacon.de\/produkt\/sensor-de-precipitaciones-irss88\/"},"modified":"2026-03-24T13:10:25","modified_gmt":"2026-03-24T12:10:25","slug":"sensor-de-precipitaciones-irss88","status":"publish","type":"product","link":"https:\/\/rls-wacon.de\/es\/produkt\/sensor-de-precipitaciones-irss88\/","title":{"rendered":"Sensor de precipitaciones IRSS88"},"content":{"rendered":"<h2 style=\"color: #df0029;\">Sensores de precipitaci\u00f3n IRSS88 e IRSS88T &#8211; Detecci\u00f3n fiable de todo tipo de precipitaciones<\/h2>\n<h3 style=\"color: #df0029;\">\u00bfPor qu\u00e9 se utiliza un sensor de precipitaci\u00f3n?<\/h3>\n<p>La detecci\u00f3n fiable de precipitaciones es crucial en muchos \u00e1mbitos de aplicaci\u00f3n: desde la tecnolog\u00eda de control del tr\u00e1fico hasta las plantas de tratamiento de aguas residuales y la gesti\u00f3n de edificios.  <strong>La detecci\u00f3n incorrecta o tard\u00eda de las precipitaciones puede provocar accidentes, procesos ineficaces o da\u00f1os materiales.<\/strong><\/p>\n<p>Los sensores de precipitaciones IRSS88 e IRSS88T de RLS Wacon son detectores optoelectr\u00f3nicos de precipitaciones que se utilizan con \u00e9xito desde hace a\u00f1os en sistemas de control de tr\u00e1fico, depuradoras y gesti\u00f3n de edificios de todo el mundo. Detectan con fiabilidad todo tipo de precipitaciones atmosf\u00e9ricas -lluvia, llovizna, granizo y nieve- e impresionan por su respuesta instant\u00e1nea y su extrema robustez. El IRSS88T tambi\u00e9n ofrece medici\u00f3n de temperatura integrada con una resoluci\u00f3n de 0,1 \u00b0C, salidas de rel\u00e9 libres de potencial y una interfaz RS232.  <\/p>\n<h3 style=\"color: #df0029;\">\u00bfC\u00f3mo funcionan los sensores de precipitaci\u00f3n IRSS88 \/ IRSS88T?<\/h3>\n<p>Basados en un principio de barrera de luz con tecnolog\u00eda de infrarrojos de alto rendimiento, los sensores generan un \u00e1rea de detecci\u00f3n activa de aprox. 120 \u00d7 25 mm. Esta \u00e1rea es suficiente para detectar de forma fiable incluso densidades de precipitaci\u00f3n bajas con los tama\u00f1os de part\u00edcula m\u00e1s peque\u00f1os.<\/p>\n<p>El principio optoelectr\u00f3nico reacciona instant\u00e1neamente a las part\u00edculas que atraviesan la zona del sensor. La microelectr\u00f3nica de alta sensibilidad es insensible a cualquier tipo de luz par\u00e1sita, incluso a la luz solar intensa. La carcasa totalmente met\u00e1lica garantiza un blindaje eficaz contra las radiaciones de alta frecuencia.  <\/p>\n<h3 style=\"color: #df0029;\">Salidas de se\u00f1ales IRSS88<\/h3>\n<p>El IRSS88 tiene tres salidas de se\u00f1al:<\/p>\n<table class=\"h3-table\">\n<thead>\n<tr>\n<th style=\"background-color: #df0029; color: #ffffff;\">Salida<\/th>\n<th style=\"background-color: #df0029; color: #ffffff;\">Designaci\u00f3n<\/th>\n<th style=\"background-color: #df0029; color: #ffffff;\">Funci\u00f3n<\/th>\n<\/tr>\n<\/thead>\n<tbody>\n<tr>\n<td><strong>POUT<\/strong><\/td>\n<td>Salida de pulsos<\/td>\n<td>Salida de impulsos no ponderada &#8211; se comporta proporcionalmente al tiempo de interrupci\u00f3n del haz IR<\/td>\n<\/tr>\n<tr>\n<td><strong>SALIDA<\/strong><\/td>\n<td>Salida evaluada<\/td>\n<td>Se activa si se supera el n\u00famero de impulsos ajustado (1-15) dentro de una ventana de tiempo de aprox. 95 s<\/td>\n<\/tr>\n<tr>\n<td><strong>SACT<\/strong><\/td>\n<td>Se\u00f1al activa del sensor<\/td>\n<td>Se\u00f1ala la funcionalidad del sensor &#8211; se pone BAJA en caso de contaminaci\u00f3n u ocupaci\u00f3n permanente (&gt; 4 s)<\/td>\n<\/tr>\n<\/tbody>\n<\/table>\n<p>Todas las salidas est\u00e1n dise\u00f1adas como colectores abiertos PNP y requieren resistencias pull-down (recomendadas: 1-10 k\u03a9). Todas las salidas son a prueba de cortocircuitos. <\/p>\n<h3 style=\"color: #df0029;\">Funciones adicionales del IRSS88T<\/h3>\n<p>El IRSS88T contiene un sensor de temperatura independiente en un accesorio de aluminio en la carcasa del n\u00facleo. Esto permite medir la temperatura ambiente con una precisi\u00f3n de 0,1 \u00b0C y controlar una salida de conmutaci\u00f3n sin potencial mediante una funci\u00f3n de hist\u00e9resis de conmutaci\u00f3n. La hist\u00e9resis puede ajustarse a voluntad entre 0 \u00b0C y 9 \u00b0C mediante dos selectores giratorios.  <\/p>\n<table class=\"h3-table\">\n<thead>\n<tr>\n<th style=\"background-color: #df0029; color: #ffffff;\">Salida \/ Interfaz<\/th>\n<th style=\"background-color: #df0029; color: #ffffff;\">Funci\u00f3n<\/th>\n<\/tr>\n<\/thead>\n<tbody>\n<tr>\n<td><strong>Rel\u00e9 de temperatura<\/strong><\/td>\n<td>Salida de conmutaci\u00f3n sin potencial &#8211; se cierra cuando la temperatura cae por debajo del umbral de temperatura ajustado (T_ON), se abre cuando T_ON + D_T_OFF<\/td>\n<\/tr>\n<tr>\n<td><strong>Rel\u00e9 de precipitaci\u00f3n<\/strong><\/td>\n<td>Salida de conmutaci\u00f3n sin potencial &#8211; se cierra al detectar precipitaciones (periodo de evaluaci\u00f3n aprox. 95 s)<\/td>\n<\/tr>\n<tr>\n<td><strong>Salida anal\u00f3gica de temperatura<\/strong><\/td>\n<td>10 mV por 1 \u00b0C, referencia 2,73 V a 0 \u00b0C<\/td>\n<\/tr>\n<tr>\n<td><strong>Interfaz RS232<\/strong><\/td>\n<td>Salida serie de datos de estado en formato ASCII (9600 baudios, 8N1)<\/td>\n<\/tr>\n<\/tbody>\n<\/table>\n<h3 style=\"color: #df0029;\">Umbral de respuesta ajustable<\/h3>\n<p>El umbral de respuesta de la salida ponderada SOUT se puede ajustar de 1 a 15 impulsos por intervalo de tiempo (aprox. 95 s) mediante un interruptor giratorio en la placa de circuitos del receptor. Esto permite suprimir de forma selectiva la se\u00f1alizaci\u00f3n de cantidades insignificantes de precipitaci\u00f3n. El ajuste de f\u00e1brica es de 4 impulsos.  <\/p>\n<h3 style=\"color: #df0029;\">Ventajas de los sensores de precipitaci\u00f3n IRSS88 \/ IRSS88T<\/h3>\n<ul class=\"feature-list\">\n<li>Detecci\u00f3n fiable de todo tipo de precipitaciones\n<p style=\"text-indent: 30px; font-style: italic;\">La lluvia, la llovizna, el granizo y la nieve se detectan de forma fiable incluso con el tama\u00f1o de part\u00edcula m\u00e1s peque\u00f1o<\/p>\n<\/li>\n<li>Reacci\u00f3n sin retardo\n<p style=\"text-indent: 30px; font-style: italic;\">El principio optoelectr\u00f3nico reacciona inmediatamente a las part\u00edculas en la zona del sensor<\/p>\n<\/li>\n<li>Carcasa de acero inoxidable extremadamente robusta con clase de protecci\u00f3n IP68\n<p style=\"text-indent: 30px; font-style: italic;\">Carcasa totalmente met\u00e1lica impermeable de acero inoxidable (V2A) &#8211; adecuada para condiciones ambientales extremas<\/p>\n<\/li>\n<li>Insensible a la luz par\u00e1sita\n<p style=\"text-indent: 30px; font-style: italic;\">Funcionamiento fiable incluso con luz solar intensa gracias a la tecnolog\u00eda IR altamente selectiva<\/p>\n<\/li>\n<li>Salida de alarma por suciedad\n<p style=\"text-indent: 30px; font-style: italic;\">La salida SACT informa al operador si las ventanas del sensor est\u00e1n muy sucias o heladas<\/p>\n<\/li>\n<li>Posibilidad de cable de conexi\u00f3n de hasta 1000 m\n<p style=\"text-indent: 30px; font-style: italic;\">El amplio rango de tensi\u00f3n de funcionamiento (9-18 V CC) y el bajo consumo de corriente permiten largas tiradas de cable<\/p>\n<\/li>\n<li>Umbral de respuesta ajustable\n<p style=\"text-indent: 30px; font-style: italic;\">Conmutador giratorio para 1-15 impulsos por intervalo de tiempo &#8211; se pueden suprimir cantidades insignificantes de precipitaci\u00f3n<\/p>\n<\/li>\n<li>IRSS88T: Medici\u00f3n de temperatura integrada con resoluci\u00f3n de 0,1 \u00b0C\n<p style=\"text-indent: 30px; font-style: italic;\">Sensor de temperatura independiente con hist\u00e9resis de conmutaci\u00f3n ajustable, salida anal\u00f3gica de temperatura y protocolo de datos RS232<\/p>\n<\/li>\n<\/ul>\n","protected":false},"excerpt":{"rendered":"<p>Sensores de precipitaci\u00f3n IRSS88 e IRSS88T &#8211; Detecci\u00f3n fiable de todo tipo de precipitaciones \u00bfPor qu\u00e9 se utiliza un sensor de precipitaci\u00f3n? La detecci\u00f3n fiable de precipitaciones es crucial en muchos \u00e1mbitos de aplicaci\u00f3n: desde la tecnolog\u00eda de control del tr\u00e1fico hasta las plantas de tratamiento de aguas residuales y la gesti\u00f3n de edificios. La [&hellip;]<\/p>\n","protected":false},"featured_media":15513,"template":"","meta":{"_acf_changed":false},"product_brand":[],"product_cat":[1332],"product_tag":[2509,2510,2506,2513,2514,2512,2515,2507,2508,2505,2511],"class_list":{"0":"post-30909","1":"product","2":"type-product","3":"status-publish","4":"has-post-thumbnail","6":"product_cat-sensores-de-precipitacion","7":"product_tag-infrarrojos","8":"product_tag-ip68","9":"product_tag-irss88","10":"product_tag-irss88t","11":"product_tag-medicion-de-la-temperatura","12":"product_tag-meteorologia","13":"product_tag-rs232","14":"product_tag-sensor-de-lluvia","15":"product_tag-sensor-de-nieve","16":"product_tag-sensor-de-precipitacion","17":"product_tag-tecnologia-de-control-del-trafico","19":"first","20":"instock","21":"shipping-taxable","22":"purchasable","23":"product-type-variable"},"exclude_global_add_ons":[],"addons":[],"acf":[],"yoast_head":"<!-- This site is optimized with the Yoast SEO Premium plugin v27.3 (Yoast SEO v27.4) - https:\/\/yoast.com\/product\/yoast-seo-premium-wordpress\/ -->\n<title>Sensor de precipitaciones IRSS88 \/ IRSS88T | Acero inoxidable | RLS Wacon<\/title>\n<meta name=\"description\" content=\"Sensores de precipitaciones IRSS88 e IRSS88T: detectores optoelectr\u00f3nicos de lluvia, nieve, granizo y llovizna. Carcasa de acero inoxidable, detecci\u00f3n instant\u00e1nea. IRSS88T con medici\u00f3n de temperatura y RS232. Fabricados en Alemania.\" \/>\n<meta name=\"robots\" content=\"index, follow, max-snippet:-1, max-image-preview:large, max-video-preview:-1\" \/>\n<link rel=\"canonical\" href=\"https:\/\/rls-wacon.de\/es\/produkt\/sensor-de-precipitaciones-irss88\/\" \/>\n<meta property=\"og:locale\" content=\"es_ES\" \/>\n<meta property=\"og:type\" content=\"article\" \/>\n<meta property=\"og:title\" content=\"Sensor de precipitaciones IRSS88\" \/>\n<meta property=\"og:description\" content=\"Sensores de precipitaciones IRSS88 e IRSS88T: detectores optoelectr\u00f3nicos de lluvia, nieve, granizo y llovizna. Carcasa de acero inoxidable, detecci\u00f3n instant\u00e1nea. IRSS88T con medici\u00f3n de temperatura y RS232. Fabricados en Alemania.\" \/>\n<meta property=\"og:url\" content=\"https:\/\/rls-wacon.de\/es\/produkt\/sensor-de-precipitaciones-irss88\/\" \/>\n<meta property=\"og:site_name\" content=\"RLS Wacon analytics\" \/>\n<meta property=\"og:image\" content=\"https:\/\/rls-wacon.de\/wp-content\/uploads\/2023\/10\/IRSS88.webp\" \/>\n\t<meta property=\"og:image:width\" content=\"1417\" \/>\n\t<meta property=\"og:image:height\" content=\"1104\" \/>\n\t<meta property=\"og:image:type\" content=\"image\/webp\" \/>\n<meta name=\"twitter:card\" content=\"summary_large_image\" \/>\n<meta name=\"twitter:label1\" content=\"Disponibilidad\" \/>\n\t<meta name=\"twitter:data1\" content=\"Disponible\" \/>\n<script type=\"application\/ld+json\" class=\"yoast-schema-graph\">{\"@context\":\"https:\\\/\\\/schema.org\",\"@graph\":[{\"@type\":\"WebPage\",\"@id\":\"https:\\\/\\\/rls-wacon.de\\\/es\\\/produkt\\\/sensor-de-precipitaciones-irss88\\\/\",\"url\":\"https:\\\/\\\/rls-wacon.de\\\/es\\\/produkt\\\/sensor-de-precipitaciones-irss88\\\/\",\"name\":\"Sensor de precipitaciones IRSS88 \\\/ IRSS88T | Acero inoxidable | RLS Wacon\",\"isPartOf\":{\"@id\":\"https:\\\/\\\/rls-wacon.de\\\/#website\"},\"primaryImageOfPage\":{\"@id\":\"https:\\\/\\\/rls-wacon.de\\\/es\\\/produkt\\\/sensor-de-precipitaciones-irss88\\\/#primaryimage\"},\"image\":{\"@id\":\"https:\\\/\\\/rls-wacon.de\\\/es\\\/produkt\\\/sensor-de-precipitaciones-irss88\\\/#primaryimage\"},\"thumbnailUrl\":\"https:\\\/\\\/rls-wacon.de\\\/wp-content\\\/uploads\\\/2023\\\/10\\\/IRSS88.webp\",\"datePublished\":\"2026-03-24T12:10:25+00:00\",\"description\":\"Sensores de precipitaciones IRSS88 e IRSS88T: detectores optoelectr\u00f3nicos de lluvia, nieve, granizo y llovizna. Carcasa de acero inoxidable, detecci\u00f3n instant\u00e1nea. IRSS88T con medici\u00f3n de temperatura y RS232. Fabricados en Alemania.\",\"breadcrumb\":{\"@id\":\"https:\\\/\\\/rls-wacon.de\\\/es\\\/produkt\\\/sensor-de-precipitaciones-irss88\\\/#breadcrumb\"},\"inLanguage\":\"es\",\"potentialAction\":[{\"@type\":\"ReadAction\",\"target\":[\"https:\\\/\\\/rls-wacon.de\\\/es\\\/produkt\\\/sensor-de-precipitaciones-irss88\\\/\"]}]},{\"@type\":\"ImageObject\",\"inLanguage\":\"es\",\"@id\":\"https:\\\/\\\/rls-wacon.de\\\/es\\\/produkt\\\/sensor-de-precipitaciones-irss88\\\/#primaryimage\",\"url\":\"https:\\\/\\\/rls-wacon.de\\\/wp-content\\\/uploads\\\/2023\\\/10\\\/IRSS88.webp\",\"contentUrl\":\"https:\\\/\\\/rls-wacon.de\\\/wp-content\\\/uploads\\\/2023\\\/10\\\/IRSS88.webp\",\"width\":1417,\"height\":1104,\"caption\":\"Niederschlagssensor IRSS88\"},{\"@type\":\"BreadcrumbList\",\"@id\":\"https:\\\/\\\/rls-wacon.de\\\/es\\\/produkt\\\/sensor-de-precipitaciones-irss88\\\/#breadcrumb\",\"itemListElement\":[{\"@type\":\"ListItem\",\"position\":1,\"name\":\"Startseite\",\"item\":\"https:\\\/\\\/rls-wacon.de\\\/pt-br\\\/\"},{\"@type\":\"ListItem\",\"position\":2,\"name\":\"Productos\",\"item\":\"https:\\\/\\\/rls-wacon.de\\\/shop\\\/\"},{\"@type\":\"ListItem\",\"position\":3,\"name\":\"Sensor de precipitaciones IRSS88\"}]},{\"@type\":\"WebSite\",\"@id\":\"https:\\\/\\\/rls-wacon.de\\\/#website\",\"url\":\"https:\\\/\\\/rls-wacon.de\\\/\",\"name\":\"RLS Wacon analytics GmbH\",\"description\":\"Experts for water monitoring\",\"publisher\":{\"@id\":\"https:\\\/\\\/rls-wacon.de\\\/#organization\"},\"potentialAction\":[{\"@type\":\"SearchAction\",\"target\":{\"@type\":\"EntryPoint\",\"urlTemplate\":\"https:\\\/\\\/rls-wacon.de\\\/?s={search_term_string}\"},\"query-input\":{\"@type\":\"PropertyValueSpecification\",\"valueRequired\":true,\"valueName\":\"search_term_string\"}}],\"inLanguage\":\"es\"},{\"@type\":\"Organization\",\"@id\":\"https:\\\/\\\/rls-wacon.de\\\/#organization\",\"name\":\"RLS Wacon analytics GmbH\",\"url\":\"https:\\\/\\\/rls-wacon.de\\\/\",\"logo\":{\"@type\":\"ImageObject\",\"inLanguage\":\"es\",\"@id\":\"https:\\\/\\\/rls-wacon.de\\\/#\\\/schema\\\/logo\\\/image\\\/\",\"url\":\"https:\\\/\\\/rls-wacon.de\\\/wp-content\\\/uploads\\\/2022\\\/10\\\/RLSWacon-analytics-Logo-BR-RZ-9_17-768x1591.png\",\"contentUrl\":\"https:\\\/\\\/rls-wacon.de\\\/wp-content\\\/uploads\\\/2022\\\/10\\\/RLSWacon-analytics-Logo-BR-RZ-9_17-768x1591.png\",\"width\":768,\"height\":159,\"caption\":\"RLS Wacon analytics GmbH\"},\"image\":{\"@id\":\"https:\\\/\\\/rls-wacon.de\\\/#\\\/schema\\\/logo\\\/image\\\/\"}}]}<\/script>\n<meta property=\"og:availability\" content=\"instock\" \/>\n<meta property=\"product:availability\" content=\"instock\" \/>\n<meta property=\"product:condition\" content=\"new\" \/>\n<!-- \/ Yoast SEO Premium plugin. -->","yoast_head_json":{"title":"Sensor de precipitaciones IRSS88 \/ IRSS88T | Acero inoxidable | RLS Wacon","description":"Sensores de precipitaciones IRSS88 e IRSS88T: detectores optoelectr\u00f3nicos de lluvia, nieve, granizo y llovizna. Carcasa de acero inoxidable, detecci\u00f3n instant\u00e1nea. IRSS88T con medici\u00f3n de temperatura y RS232. Fabricados en Alemania.","robots":{"index":"index","follow":"follow","max-snippet":"max-snippet:-1","max-image-preview":"max-image-preview:large","max-video-preview":"max-video-preview:-1"},"canonical":"https:\/\/rls-wacon.de\/es\/produkt\/sensor-de-precipitaciones-irss88\/","og_locale":"es_ES","og_type":"article","og_title":"Sensor de precipitaciones IRSS88","og_description":"Sensores de precipitaciones IRSS88 e IRSS88T: detectores optoelectr\u00f3nicos de lluvia, nieve, granizo y llovizna. Carcasa de acero inoxidable, detecci\u00f3n instant\u00e1nea. IRSS88T con medici\u00f3n de temperatura y RS232. Fabricados en Alemania.","og_url":"https:\/\/rls-wacon.de\/es\/produkt\/sensor-de-precipitaciones-irss88\/","og_site_name":"RLS Wacon analytics","og_image":[{"width":1417,"height":1104,"url":"https:\/\/rls-wacon.de\/wp-content\/uploads\/2023\/10\/IRSS88.webp","type":"image\/webp"}],"twitter_card":"summary_large_image","twitter_misc":{"Disponibilidad":"Disponible"},"schema":{"@context":"https:\/\/schema.org","@graph":[{"@type":"WebPage","@id":"https:\/\/rls-wacon.de\/es\/produkt\/sensor-de-precipitaciones-irss88\/","url":"https:\/\/rls-wacon.de\/es\/produkt\/sensor-de-precipitaciones-irss88\/","name":"Sensor de precipitaciones IRSS88 \/ IRSS88T | Acero inoxidable | RLS Wacon","isPartOf":{"@id":"https:\/\/rls-wacon.de\/#website"},"primaryImageOfPage":{"@id":"https:\/\/rls-wacon.de\/es\/produkt\/sensor-de-precipitaciones-irss88\/#primaryimage"},"image":{"@id":"https:\/\/rls-wacon.de\/es\/produkt\/sensor-de-precipitaciones-irss88\/#primaryimage"},"thumbnailUrl":"https:\/\/rls-wacon.de\/wp-content\/uploads\/2023\/10\/IRSS88.webp","datePublished":"2026-03-24T12:10:25+00:00","description":"Sensores de precipitaciones IRSS88 e IRSS88T: detectores optoelectr\u00f3nicos de lluvia, nieve, granizo y llovizna. Carcasa de acero inoxidable, detecci\u00f3n instant\u00e1nea. IRSS88T con medici\u00f3n de temperatura y RS232. Fabricados en Alemania.","breadcrumb":{"@id":"https:\/\/rls-wacon.de\/es\/produkt\/sensor-de-precipitaciones-irss88\/#breadcrumb"},"inLanguage":"es","potentialAction":[{"@type":"ReadAction","target":["https:\/\/rls-wacon.de\/es\/produkt\/sensor-de-precipitaciones-irss88\/"]}]},{"@type":"ImageObject","inLanguage":"es","@id":"https:\/\/rls-wacon.de\/es\/produkt\/sensor-de-precipitaciones-irss88\/#primaryimage","url":"https:\/\/rls-wacon.de\/wp-content\/uploads\/2023\/10\/IRSS88.webp","contentUrl":"https:\/\/rls-wacon.de\/wp-content\/uploads\/2023\/10\/IRSS88.webp","width":1417,"height":1104,"caption":"Niederschlagssensor IRSS88"},{"@type":"BreadcrumbList","@id":"https:\/\/rls-wacon.de\/es\/produkt\/sensor-de-precipitaciones-irss88\/#breadcrumb","itemListElement":[{"@type":"ListItem","position":1,"name":"Startseite","item":"https:\/\/rls-wacon.de\/pt-br\/"},{"@type":"ListItem","position":2,"name":"Productos","item":"https:\/\/rls-wacon.de\/shop\/"},{"@type":"ListItem","position":3,"name":"Sensor de precipitaciones IRSS88"}]},{"@type":"WebSite","@id":"https:\/\/rls-wacon.de\/#website","url":"https:\/\/rls-wacon.de\/","name":"RLS Wacon analytics GmbH","description":"Experts for water monitoring","publisher":{"@id":"https:\/\/rls-wacon.de\/#organization"},"potentialAction":[{"@type":"SearchAction","target":{"@type":"EntryPoint","urlTemplate":"https:\/\/rls-wacon.de\/?s={search_term_string}"},"query-input":{"@type":"PropertyValueSpecification","valueRequired":true,"valueName":"search_term_string"}}],"inLanguage":"es"},{"@type":"Organization","@id":"https:\/\/rls-wacon.de\/#organization","name":"RLS Wacon analytics GmbH","url":"https:\/\/rls-wacon.de\/","logo":{"@type":"ImageObject","inLanguage":"es","@id":"https:\/\/rls-wacon.de\/#\/schema\/logo\/image\/","url":"https:\/\/rls-wacon.de\/wp-content\/uploads\/2022\/10\/RLSWacon-analytics-Logo-BR-RZ-9_17-768x1591.png","contentUrl":"https:\/\/rls-wacon.de\/wp-content\/uploads\/2022\/10\/RLSWacon-analytics-Logo-BR-RZ-9_17-768x1591.png","width":768,"height":159,"caption":"RLS Wacon analytics GmbH"},"image":{"@id":"https:\/\/rls-wacon.de\/#\/schema\/logo\/image\/"}}]},"og_availability":"instock","product_availability":"instock","product_condition":"new"},"_links":{"self":[{"href":"https:\/\/rls-wacon.de\/es\/wp-json\/wp\/v2\/product\/30909","targetHints":{"allow":["GET"]}}],"collection":[{"href":"https:\/\/rls-wacon.de\/es\/wp-json\/wp\/v2\/product"}],"about":[{"href":"https:\/\/rls-wacon.de\/es\/wp-json\/wp\/v2\/types\/product"}],"version-history":[{"count":0,"href":"https:\/\/rls-wacon.de\/es\/wp-json\/wp\/v2\/product\/30909\/revisions"}],"wp:featuredmedia":[{"embeddable":true,"href":"https:\/\/rls-wacon.de\/es\/wp-json\/wp\/v2\/media\/15513"}],"wp:attachment":[{"href":"https:\/\/rls-wacon.de\/es\/wp-json\/wp\/v2\/media?parent=30909"}],"wp:term":[{"taxonomy":"product_brand","embeddable":true,"href":"https:\/\/rls-wacon.de\/es\/wp-json\/wp\/v2\/product_brand?post=30909"},{"taxonomy":"product_cat","embeddable":true,"href":"https:\/\/rls-wacon.de\/es\/wp-json\/wp\/v2\/product_cat?post=30909"},{"taxonomy":"product_tag","embeddable":true,"href":"https:\/\/rls-wacon.de\/es\/wp-json\/wp\/v2\/product_tag?post=30909"}],"curies":[{"name":"wp","href":"https:\/\/api.w.org\/{rel}","templated":true}]}}