{"id":12066,"date":"2024-02-26T16:37:29","date_gmt":"2024-02-26T15:37:29","guid":{"rendered":"https:\/\/new.rls-wacon.de\/reprise-et-elimination-des-appareils-usages\/"},"modified":"2025-07-24T11:07:31","modified_gmt":"2025-07-24T09:07:31","slug":"reprise-et-elimination-des-appareils-usages","status":"publish","type":"page","link":"https:\/\/rls-wacon.de\/fr\/reprise-et-elimination-des-appareils-usages\/","title":{"rendered":"\u00c9limination &amp; reprise des appareils usag\u00e9s"},"content":{"rendered":"\t\t<div data-elementor-type=\"wp-page\" data-elementor-id=\"12066\" class=\"elementor elementor-12066 elementor-5263\" wpc-filter-elementor-widget=\"1\" data-elementor-post-type=\"page\">\n\t\t\t\t<div class=\"elementor-element elementor-element-2f569a7 e-con-full e-flex e-con e-parent\" data-id=\"2f569a7\" data-element_type=\"container\" data-e-type=\"container\" data-settings=\"{&quot;background_background&quot;:&quot;classic&quot;}\">\n\t\t<div class=\"elementor-element elementor-element-f88bf74 e-con-full e-flex e-con e-child\" data-id=\"f88bf74\" data-element_type=\"container\" data-e-type=\"container\" data-settings=\"{&quot;background_background&quot;:&quot;classic&quot;}\">\n\t\t\t\t<div class=\"elementor-element elementor-element-a1d3528 elementor-widget elementor-widget-heading\" data-id=\"a1d3528\" data-element_type=\"widget\" data-e-type=\"widget\" data-widget_type=\"heading.default\">\n\t\t\t\t\t<h1 class=\"elementor-heading-title elementor-size-default\">\u00c9limination des d\u00e9chets<\/h1>\t\t\t\t<\/div>\n\t\t\t\t<\/div>\n\t\t\t\t<\/div>\n\t\t<div class=\"elementor-element elementor-element-4fcf11c e-con-full e-flex e-con e-parent\" data-id=\"4fcf11c\" data-element_type=\"container\" data-e-type=\"container\" data-settings=\"{&quot;background_background&quot;:&quot;classic&quot;}\">\n\t\t\t\t<div class=\"elementor-element elementor-element-b6f5cf0 elementor-widget__width-inherit elementor-widget elementor-widget-image\" data-id=\"b6f5cf0\" data-element_type=\"widget\" data-e-type=\"widget\" data-widget_type=\"image.default\">\n\t\t\t\t\t\t\t\t\t\t\t\t\t\t\t<img fetchpriority=\"high\" decoding=\"async\" width=\"448\" height=\"640\" src=\"https:\/\/rls-wacon.de\/wp-content\/uploads\/2024\/04\/durchgestrichene_muelltonne_mit_balken-fd66d2b4.webp\" class=\"attachment-full size-full wp-image-12067\" alt=\"Reprise et \u00e9limination des appareils usag\u00e9s\" srcset=\"https:\/\/rls-wacon.de\/wp-content\/uploads\/2024\/04\/durchgestrichene_muelltonne_mit_balken-fd66d2b4.webp 448w, https:\/\/rls-wacon.de\/wp-content\/uploads\/2024\/04\/durchgestrichene_muelltonne_mit_balken-fd66d2b4-210x300.webp 210w, https:\/\/rls-wacon.de\/wp-content\/uploads\/2024\/04\/durchgestrichene_muelltonne_mit_balken-fd66d2b4-300x429.webp 300w\" sizes=\"(max-width: 448px) 100vw, 448px\" \/>\t\t\t\t\t\t\t\t\t\t\t\t\t\t\t<\/div>\n\t\t\t\t<div class=\"elementor-element elementor-element-66c9090 elementor-widget__width-inherit elementor-widget elementor-widget-text-editor\" data-id=\"66c9090\" data-element_type=\"widget\" data-e-type=\"widget\" data-widget_type=\"text-editor.default\">\n\t\t\t\t\t\t\t\t\t<div class=\"uk-panel uk-margin-remove-vertical\"><h5>Une r\u00e9paration n&rsquo;a plus de sens ?<\/h5><p>Cette page vous informe sur la proc\u00e9dure \u00e0 suivre dans l&rsquo;Union europ\u00e9enne en ce qui concerne les directives europ\u00e9ennes 2002\/96\/CE et 2008\/12\/CE relatives \u00e0 l&rsquo;\u00e9limination \u00e9cologique d&rsquo;un appareil \u00e9lectrique contenant une pile. L&rsquo;analyseur est destin\u00e9 \u00e0 \u00eatre utilis\u00e9 comme mat\u00e9riel \u00e9lectrique professionnel (B2B). Les directives ont \u00e9t\u00e9 transpos\u00e9es en droit national dans les \u00c9tats membres et peuvent diff\u00e9rer localement sur certains points. En cas de doute, veuillez vous renseigner aupr\u00e8s de votre entreprise locale de traitement des d\u00e9chets avant de proc\u00e9der \u00e0 l&rsquo;\u00e9limination.   <\/p><\/div><h5>\u00c9limination de la batterie<\/h5><div class=\"uk-panel uk-margin\"><p>Les analyseurs avec \u00e9cran contiennent une pile de type CR2032 pour stocker la date, l&rsquo;heure et les param\u00e8tres d&rsquo;\u00e9tat. Lors du remplacement de la pile, il est interdit de la jeter avec les d\u00e9chets municipaux. En outre, la pile doit \u00eatre retir\u00e9e avant que l&rsquo;appareil ne soit remis pour recyclage. Les piles vides peuvent \u00eatre d\u00e9pos\u00e9es dans des points de collecte publics. Vous pouvez \u00e9galement d\u00e9poser la pile dans n&rsquo;importe quel magasin o\u00f9 vous pouvez acheter une pile du m\u00eame type.    <\/p><\/div><p> <\/p>\t\t\t\t\t\t\t\t<\/div>\n\t\t\t\t<\/div>\n\t\t<div class=\"elementor-element elementor-element-bd8c024 e-con-full e-flex e-con e-parent\" data-id=\"bd8c024\" data-element_type=\"container\" data-e-type=\"container\" data-settings=\"{&quot;background_background&quot;:&quot;classic&quot;}\">\n\t\t\t\t<div class=\"elementor-element elementor-element-883fedf elementor-widget__width-inherit elementor-widget elementor-widget-text-editor\" data-id=\"883fedf\" data-element_type=\"widget\" data-e-type=\"widget\" data-widget_type=\"text-editor.default\">\n\t\t\t\t\t\t\t\t\t<h5>\u00c9limination des analyseurs mis hors service<\/h5><div class=\"uk-panel uk-margin\"><p>L&rsquo;obligation de mise au rebut par le fabricant d&rsquo;\u00e9quipements \u00e0 usage professionnel s&rsquo;applique aux \u00e9quipements mis sur le march\u00e9 apr\u00e8s le 13\/08\/2005.<\/p><p>Les appareils \u00e9lectriques marqu\u00e9s de ce symbole ne doivent pas \u00eatre jet\u00e9s avec les d\u00e9chets municipaux. Remettez l&rsquo;appareil aux syst\u00e8mes d&rsquo;\u00e9limination et de collecte des appareils \u00e9lectriques en vue de son recyclage. Vous pouvez \u00e9galement nous renvoyer les analyseurs hors d&rsquo;usage ou les faire recycler par votre revendeur.  <\/p><p>D\u00e9barrassez-vous de l&rsquo;appareil et de la batterie s\u00e9par\u00e9ment. Pour des raisons de confidentialit\u00e9, retirez ou effacez la carte SD de l&rsquo;appareil avant de la jeter. <\/p><\/div>\t\t\t\t\t\t\t\t<\/div>\n\t\t\t\t<\/div>\n\t\t<div class=\"elementor-element elementor-element-1f83f6a e-con-full e-flex e-con e-parent\" data-id=\"1f83f6a\" data-element_type=\"container\" data-e-type=\"container\" data-settings=\"{&quot;background_background&quot;:&quot;classic&quot;}\">\n\t\t<div class=\"elementor-element elementor-element-2af8739 e-con-full e-flex e-con e-child\" data-id=\"2af8739\" data-element_type=\"container\" data-e-type=\"container\" data-settings=\"{&quot;background_background&quot;:&quot;classic&quot;}\">\n\t\t\t\t<div class=\"elementor-element elementor-element-e0919a9 elementor-widget elementor-widget-heading\" data-id=\"e0919a9\" data-element_type=\"widget\" data-e-type=\"widget\" data-widget_type=\"heading.default\">\n\t\t\t\t\t<h1 class=\"elementor-heading-title elementor-size-default\">Reprise des appareils usag\u00e9s<\/h1>\t\t\t\t<\/div>\n\t\t\t\t<\/div>\n\t\t\t\t<\/div>\n\t\t<div class=\"elementor-element elementor-element-1893bfa e-con-full e-flex e-con e-parent\" data-id=\"1893bfa\" data-element_type=\"container\" data-e-type=\"container\" data-settings=\"{&quot;background_background&quot;:&quot;classic&quot;}\">\n\t\t\t\t<div class=\"elementor-element elementor-element-51df4a7 elementor-widget__width-inherit elementor-widget elementor-widget-text-editor\" data-id=\"51df4a7\" data-element_type=\"widget\" data-e-type=\"widget\" data-widget_type=\"text-editor.default\">\n\t\t\t\t\t\t\t\t\t<h5>Proc\u00e9dure d&rsquo;envoi des analyseurs hors service au fabricant pour \u00e9limination (RLS Wacon analytics GmbH)<\/h5><div class=\"uk-panel uk-margin\"><p><strong>1. avant d&rsquo;exp\u00e9dier vos analyseurs hors service<\/strong>, informez-nous<br>&#8211; en appelant bri\u00e8vement le <a href=\"tel:\/\/+4951212812624\"> +49 (0) 5121 28 126 24<\/a><br>&#8211; en envoyant un e-mail informel (avec le num\u00e9ro de s\u00e9rie) \u00e0 <a href=\"mailto:support@rls-wacon.de\">support@rls-wacon.de<\/a><\/p><p><strong>2. attendez une r\u00e9ponse<\/strong><br>&#8211; en cas de recours en garantie, vous recevrez une \u00e9tiquette de retour gratuite<\/p><p><strong>3. nettoyez l&rsquo;appareil avant de l&#8217;emballer<\/strong><br>&#8211; Pour la s\u00e9curit\u00e9 du personnel de transport et de nos collaborateurs, nous vous demandons de nettoyer grossi\u00e8rement les tuyaux, les pompes et les chambres de mesure des r\u00e9actifs<br>&#8211; Emballez si possible ces composants concern\u00e9s dans des sacs ind\u00e9chirables et \u00e9tanches aux liquides<\/p><p><strong>4. utilisez, si possible, l&#8217;emballage d&rsquo;origine<\/strong><br>&#8211; Si l&#8217;emballage d&rsquo;origine n&rsquo;est plus disponible, veillez \u00e0 ce que le rembourrage soit suffisant<\/p><p><strong>5. marquez votre envoi avec la mention POUR \u00c9LIMINATION ou RECUP\u00c9RATION DE VIEILS \u00c9QUIPEMENTS<br><\/strong><\/p><p><strong>6. envoyez le colis \u00e0 l&rsquo;adresse suivante :<\/strong><br>RLS Wacon analytics GmbH<br>&#8211; Entsorgungsservice<br>Schinkelstr. 11<br>D-31137 Hildesheim <\/p><\/div>\t\t\t\t\t\t\t\t<\/div>\n\t\t\t\t<\/div>\n\t\t<div class=\"elementor-element elementor-element-9d2a2c5 e-flex e-con-boxed e-con e-parent\" data-id=\"9d2a2c5\" data-element_type=\"container\" data-e-type=\"container\" data-settings=\"{&quot;background_background&quot;:&quot;classic&quot;,&quot;shape_divider_bottom&quot;:&quot;mountains&quot;}\">\n\t\t\t\t\t<div class=\"e-con-inner\">\n\t\t\t\t<div class=\"elementor-shape elementor-shape-bottom\" aria-hidden=\"true\" data-negative=\"false\">\n\t\t\t<svg xmlns=\"http:\/\/www.w3.org\/2000\/svg\" viewBox=\"0 0 1000 100\" preserveAspectRatio=\"none\">\n\t<path class=\"elementor-shape-fill\" opacity=\"0.33\" d=\"M473,67.3c-203.9,88.3-263.1-34-320.3,0C66,119.1,0,59.7,0,59.7V0h1000v59.7 c0,0-62.1,26.1-94.9,29.3c-32.8,3.3-62.8-12.3-75.8-22.1C806,49.6,745.3,8.7,694.9,4.7S492.4,59,473,67.3z\"\/>\n\t<path class=\"elementor-shape-fill\" opacity=\"0.66\" d=\"M734,67.3c-45.5,0-77.2-23.2-129.1-39.1c-28.6-8.7-150.3-10.1-254,39.1 s-91.7-34.4-149.2,0C115.7,118.3,0,39.8,0,39.8V0h1000v36.5c0,0-28.2-18.5-92.1-18.5C810.2,18.1,775.7,67.3,734,67.3z\"\/>\n\t<path class=\"elementor-shape-fill\" d=\"M766.1,28.9c-200-57.5-266,65.5-395.1,19.5C242,1.8,242,5.4,184.8,20.6C128,35.8,132.3,44.9,89.9,52.5C28.6,63.7,0,0,0,0 h1000c0,0-9.9,40.9-83.6,48.1S829.6,47,766.1,28.9z\"\/>\n<\/svg>\t\t<\/div>\n\t\t\t\t<div class=\"elementor-element elementor-element-43f0013 elementor-widget elementor-widget-spacer\" data-id=\"43f0013\" data-element_type=\"widget\" data-e-type=\"widget\" data-widget_type=\"spacer.default\">\n\t\t\t\t\t\t\t<div class=\"elementor-spacer\">\n\t\t\t<div class=\"elementor-spacer-inner\"><\/div>\n\t\t<\/div>\n\t\t\t\t\t\t<\/div>\n\t\t\t\t\t<\/div>\n\t\t\t\t<\/div>\n\t\t<div class=\"elementor-element elementor-element-e04ef99 e-con-full e-flex e-con e-parent\" data-id=\"e04ef99\" data-element_type=\"container\" data-e-type=\"container\">\n\t\t<a class=\"elementor-element elementor-element-1ac8c99 e-con-full e-flex e-con e-child\" data-id=\"1ac8c99\" data-element_type=\"container\" data-e-type=\"container\" href=\"https:\/\/rls-wacon.de\/technischer-support\/\">\n\t\t\t\t<div class=\"elementor-element elementor-element-49dfc26 elementor-widget elementor-widget-heading\" data-id=\"49dfc26\" data-element_type=\"widget\" data-e-type=\"widget\" data-widget_type=\"heading.default\">\n\t\t\t\t\t<h2 class=\"elementor-heading-title elementor-size-default\">Support technique<\/h2>\t\t\t\t<\/div>\n\t\t\t\t<div class=\"elementor-element elementor-element-6001c4a elementor-widget-divider--view-line elementor-widget elementor-widget-divider\" data-id=\"6001c4a\" data-element_type=\"widget\" data-e-type=\"widget\" data-widget_type=\"divider.default\">\n\t\t\t\t\t\t\t<div class=\"elementor-divider\">\n\t\t\t<span class=\"elementor-divider-separator\">\n\t\t\t\t\t\t<\/span>\n\t\t<\/div>\n\t\t\t\t\t\t<\/div>\n\t\t\t\t<div class=\"elementor-element elementor-element-612b00c elementor-widget elementor-widget-heading\" data-id=\"612b00c\" data-element_type=\"widget\" data-e-type=\"widget\" data-widget_type=\"heading.default\">\n\t\t\t\t\t<h2 class=\"elementor-heading-title elementor-size-default\">Vous avez besoin d'assistance pour l'un de nos produits ?<br>Contactez-nous d\u00e8s maintenant.<\/h2>\t\t\t\t<\/div>\n\t\t\t\t<\/a>\n\t\t<a class=\"elementor-element elementor-element-6a78ad0 e-con-full e-flex e-con e-child\" data-id=\"6a78ad0\" data-element_type=\"container\" data-e-type=\"container\" href=\"https:\/\/rls-wacon.de\/reparaturanfrage\/\">\n\t\t\t\t<div class=\"elementor-element elementor-element-6c21ff2 elementor-widget elementor-widget-heading\" data-id=\"6c21ff2\" data-element_type=\"widget\" data-e-type=\"widget\" data-widget_type=\"heading.default\">\n\t\t\t\t\t<h2 class=\"elementor-heading-title elementor-size-default\">Demande de r\u00e9paration<\/h2>\t\t\t\t<\/div>\n\t\t\t\t<div class=\"elementor-element elementor-element-870a2f7 elementor-widget-divider--view-line elementor-widget elementor-widget-divider\" data-id=\"870a2f7\" data-element_type=\"widget\" data-e-type=\"widget\" data-widget_type=\"divider.default\">\n\t\t\t\t\t\t\t<div class=\"elementor-divider\">\n\t\t\t<span class=\"elementor-divider-separator\">\n\t\t\t\t\t\t<\/span>\n\t\t<\/div>\n\t\t\t\t\t\t<\/div>\n\t\t\t\t<div class=\"elementor-element elementor-element-96b0384 elementor-widget elementor-widget-heading\" data-id=\"96b0384\" data-element_type=\"widget\" data-e-type=\"widget\" data-widget_type=\"heading.default\">\n\t\t\t\t\t<h2 class=\"elementor-heading-title elementor-size-default\">Vous souhaitez faire r\u00e9parer l'un de nos produits ? En savoir plus. <\/h2>\t\t\t\t<\/div>\n\t\t\t\t<\/a>\n\t\t\t\t<\/div>\n\t\t\t\t<\/div>\n\t\t","protected":false},"excerpt":{"rendered":"<p>\u00c9limination des d\u00e9chets Une r\u00e9paration n&rsquo;a plus de sens ? Cette page vous informe sur la proc\u00e9dure \u00e0 suivre dans l&rsquo;Union europ\u00e9enne en ce qui concerne les directives europ\u00e9ennes 2002\/96\/CE et 2008\/12\/CE relatives \u00e0 l&rsquo;\u00e9limination \u00e9cologique d&rsquo;un appareil \u00e9lectrique contenant une pile. L&rsquo;analyseur est destin\u00e9 \u00e0 \u00eatre utilis\u00e9 comme mat\u00e9riel \u00e9lectrique professionnel (B2B). Les directives [&hellip;]<\/p>\n","protected":false},"author":4,"featured_media":0,"parent":0,"menu_order":0,"comment_status":"closed","ping_status":"closed","template":"","meta":{"_acf_changed":false,"footnotes":""},"class_list":["post-12066","page","type-page","status-publish","hentry"],"acf":[],"yoast_head":"<!-- This site is optimized with the Yoast SEO Premium plugin v27.3 (Yoast SEO v27.3) - https:\/\/yoast.com\/product\/yoast-seo-premium-wordpress\/ -->\n<title>\u00c9limination &amp; reprise des appareils usag\u00e9s - RLS Wacon analytics<\/title>\n<meta name=\"robots\" content=\"index, follow, max-snippet:-1, max-image-preview:large, max-video-preview:-1\" \/>\n<link rel=\"canonical\" href=\"https:\/\/rls-wacon.de\/altgeraeteruecknahme\/\" \/>\n<meta property=\"og:locale\" content=\"fr_FR\" \/>\n<meta property=\"og:type\" content=\"article\" \/>\n<meta property=\"og:title\" content=\"\u00c9limination &amp; reprise des appareils usag\u00e9s\" \/>\n<meta property=\"og:description\" content=\"\u00c9limination des d\u00e9chets Une r\u00e9paration n&rsquo;a plus de sens ? Cette page vous informe sur la proc\u00e9dure \u00e0 suivre dans l&rsquo;Union europ\u00e9enne en ce qui concerne les directives europ\u00e9ennes 2002\/96\/CE et 2008\/12\/CE relatives \u00e0 l&rsquo;\u00e9limination \u00e9cologique d&rsquo;un appareil \u00e9lectrique contenant une pile. L&rsquo;analyseur est destin\u00e9 \u00e0 \u00eatre utilis\u00e9 comme mat\u00e9riel \u00e9lectrique professionnel (B2B). Les directives [&hellip;]\" \/>\n<meta property=\"og:url\" content=\"https:\/\/rls-wacon.de\/altgeraeteruecknahme\/\" \/>\n<meta property=\"og:site_name\" content=\"RLS Wacon analytics\" \/>\n<meta property=\"article:modified_time\" content=\"2025-07-24T09:07:31+00:00\" \/>\n<meta property=\"og:image\" content=\"https:\/\/rls-wacon.de\/wp-content\/uploads\/2024\/04\/durchgestrichene_muelltonne_mit_balken-fd66d2b4.webp\" \/>\n\t<meta property=\"og:image:width\" content=\"448\" \/>\n\t<meta property=\"og:image:height\" content=\"640\" \/>\n\t<meta property=\"og:image:type\" content=\"image\/webp\" \/>\n<meta name=\"twitter:card\" content=\"summary_large_image\" \/>\n<meta name=\"twitter:label1\" content=\"Temps de lecture estim\u00e9 \" \/>\n\t<meta name=\"twitter:data1\" content=\"2 minutes\" \/>\n<script type=\"application\/ld+json\" class=\"yoast-schema-graph\">{\"@context\":\"https:\\\/\\\/schema.org\",\"@graph\":[{\"@type\":\"WebPage\",\"@id\":\"https:\\\/\\\/rls-wacon.de\\\/altgeraeteruecknahme\\\/\",\"url\":\"https:\\\/\\\/rls-wacon.de\\\/altgeraeteruecknahme\\\/\",\"name\":\"\u00c9limination &amp; reprise des appareils usag\u00e9s - RLS Wacon analytics\",\"isPartOf\":{\"@id\":\"https:\\\/\\\/rls-wacon.de\\\/#website\"},\"primaryImageOfPage\":{\"@id\":\"https:\\\/\\\/rls-wacon.de\\\/altgeraeteruecknahme\\\/#primaryimage\"},\"image\":{\"@id\":\"https:\\\/\\\/rls-wacon.de\\\/altgeraeteruecknahme\\\/#primaryimage\"},\"thumbnailUrl\":\"https:\\\/\\\/rls-wacon.de\\\/wp-content\\\/uploads\\\/2024\\\/04\\\/durchgestrichene_muelltonne_mit_balken-fd66d2b4.webp\",\"datePublished\":\"2024-02-26T15:37:29+00:00\",\"dateModified\":\"2025-07-24T09:07:31+00:00\",\"breadcrumb\":{\"@id\":\"https:\\\/\\\/rls-wacon.de\\\/altgeraeteruecknahme\\\/#breadcrumb\"},\"inLanguage\":\"fr-FR\",\"potentialAction\":[{\"@type\":\"ReadAction\",\"target\":[\"https:\\\/\\\/rls-wacon.de\\\/altgeraeteruecknahme\\\/\"]}]},{\"@type\":\"ImageObject\",\"inLanguage\":\"fr-FR\",\"@id\":\"https:\\\/\\\/rls-wacon.de\\\/altgeraeteruecknahme\\\/#primaryimage\",\"url\":\"https:\\\/\\\/rls-wacon.de\\\/wp-content\\\/uploads\\\/2024\\\/04\\\/durchgestrichene_muelltonne_mit_balken-fd66d2b4.webp\",\"contentUrl\":\"https:\\\/\\\/rls-wacon.de\\\/wp-content\\\/uploads\\\/2024\\\/04\\\/durchgestrichene_muelltonne_mit_balken-fd66d2b4.webp\"},{\"@type\":\"BreadcrumbList\",\"@id\":\"https:\\\/\\\/rls-wacon.de\\\/altgeraeteruecknahme\\\/#breadcrumb\",\"itemListElement\":[{\"@type\":\"ListItem\",\"position\":1,\"name\":\"Page d'accueil\",\"item\":\"https:\\\/\\\/rls-wacon.de\\\/\"},{\"@type\":\"ListItem\",\"position\":2,\"name\":\"\u00c9limination &amp; reprise des appareils usag\u00e9s\"}]},{\"@type\":\"WebSite\",\"@id\":\"https:\\\/\\\/rls-wacon.de\\\/#website\",\"url\":\"https:\\\/\\\/rls-wacon.de\\\/\",\"name\":\"RLS Wacon analytics GmbH\",\"description\":\"Experts for water monitoring\",\"publisher\":{\"@id\":\"https:\\\/\\\/rls-wacon.de\\\/#organization\"},\"potentialAction\":[{\"@type\":\"SearchAction\",\"target\":{\"@type\":\"EntryPoint\",\"urlTemplate\":\"https:\\\/\\\/rls-wacon.de\\\/?s={search_term_string}\"},\"query-input\":{\"@type\":\"PropertyValueSpecification\",\"valueRequired\":true,\"valueName\":\"search_term_string\"}}],\"inLanguage\":\"fr-FR\"},{\"@type\":\"Organization\",\"@id\":\"https:\\\/\\\/rls-wacon.de\\\/#organization\",\"name\":\"RLS Wacon analytics GmbH\",\"url\":\"https:\\\/\\\/rls-wacon.de\\\/\",\"logo\":{\"@type\":\"ImageObject\",\"inLanguage\":\"fr-FR\",\"@id\":\"https:\\\/\\\/rls-wacon.de\\\/#\\\/schema\\\/logo\\\/image\\\/\",\"url\":\"https:\\\/\\\/rls-wacon.de\\\/wp-content\\\/uploads\\\/2022\\\/10\\\/RLSWacon-analytics-Logo-BR-RZ-9_17-768x1591.png\",\"contentUrl\":\"https:\\\/\\\/rls-wacon.de\\\/wp-content\\\/uploads\\\/2022\\\/10\\\/RLSWacon-analytics-Logo-BR-RZ-9_17-768x1591.png\",\"width\":768,\"height\":159,\"caption\":\"RLS Wacon analytics GmbH\"},\"image\":{\"@id\":\"https:\\\/\\\/rls-wacon.de\\\/#\\\/schema\\\/logo\\\/image\\\/\"}}]}<\/script>\n<!-- \/ Yoast SEO Premium plugin. -->","yoast_head_json":{"title":"\u00c9limination &amp; reprise des appareils usag\u00e9s - RLS Wacon analytics","robots":{"index":"index","follow":"follow","max-snippet":"max-snippet:-1","max-image-preview":"max-image-preview:large","max-video-preview":"max-video-preview:-1"},"canonical":"https:\/\/rls-wacon.de\/altgeraeteruecknahme\/","og_locale":"fr_FR","og_type":"article","og_title":"\u00c9limination &amp; reprise des appareils usag\u00e9s","og_description":"\u00c9limination des d\u00e9chets Une r\u00e9paration n&rsquo;a plus de sens ? Cette page vous informe sur la proc\u00e9dure \u00e0 suivre dans l&rsquo;Union europ\u00e9enne en ce qui concerne les directives europ\u00e9ennes 2002\/96\/CE et 2008\/12\/CE relatives \u00e0 l&rsquo;\u00e9limination \u00e9cologique d&rsquo;un appareil \u00e9lectrique contenant une pile. L&rsquo;analyseur est destin\u00e9 \u00e0 \u00eatre utilis\u00e9 comme mat\u00e9riel \u00e9lectrique professionnel (B2B). Les directives [&hellip;]","og_url":"https:\/\/rls-wacon.de\/altgeraeteruecknahme\/","og_site_name":"RLS Wacon analytics","article_modified_time":"2025-07-24T09:07:31+00:00","og_image":[{"width":448,"height":640,"url":"https:\/\/rls-wacon.de\/wp-content\/uploads\/2024\/04\/durchgestrichene_muelltonne_mit_balken-fd66d2b4.webp","type":"image\/webp"}],"twitter_card":"summary_large_image","twitter_misc":{"Temps de lecture estim\u00e9 ":"2 minutes"},"schema":{"@context":"https:\/\/schema.org","@graph":[{"@type":"WebPage","@id":"https:\/\/rls-wacon.de\/altgeraeteruecknahme\/","url":"https:\/\/rls-wacon.de\/altgeraeteruecknahme\/","name":"\u00c9limination &amp; reprise des appareils usag\u00e9s - RLS Wacon analytics","isPartOf":{"@id":"https:\/\/rls-wacon.de\/#website"},"primaryImageOfPage":{"@id":"https:\/\/rls-wacon.de\/altgeraeteruecknahme\/#primaryimage"},"image":{"@id":"https:\/\/rls-wacon.de\/altgeraeteruecknahme\/#primaryimage"},"thumbnailUrl":"https:\/\/rls-wacon.de\/wp-content\/uploads\/2024\/04\/durchgestrichene_muelltonne_mit_balken-fd66d2b4.webp","datePublished":"2024-02-26T15:37:29+00:00","dateModified":"2025-07-24T09:07:31+00:00","breadcrumb":{"@id":"https:\/\/rls-wacon.de\/altgeraeteruecknahme\/#breadcrumb"},"inLanguage":"fr-FR","potentialAction":[{"@type":"ReadAction","target":["https:\/\/rls-wacon.de\/altgeraeteruecknahme\/"]}]},{"@type":"ImageObject","inLanguage":"fr-FR","@id":"https:\/\/rls-wacon.de\/altgeraeteruecknahme\/#primaryimage","url":"https:\/\/rls-wacon.de\/wp-content\/uploads\/2024\/04\/durchgestrichene_muelltonne_mit_balken-fd66d2b4.webp","contentUrl":"https:\/\/rls-wacon.de\/wp-content\/uploads\/2024\/04\/durchgestrichene_muelltonne_mit_balken-fd66d2b4.webp"},{"@type":"BreadcrumbList","@id":"https:\/\/rls-wacon.de\/altgeraeteruecknahme\/#breadcrumb","itemListElement":[{"@type":"ListItem","position":1,"name":"Page d'accueil","item":"https:\/\/rls-wacon.de\/"},{"@type":"ListItem","position":2,"name":"\u00c9limination &amp; reprise des appareils usag\u00e9s"}]},{"@type":"WebSite","@id":"https:\/\/rls-wacon.de\/#website","url":"https:\/\/rls-wacon.de\/","name":"RLS Wacon analytics GmbH","description":"Experts for water monitoring","publisher":{"@id":"https:\/\/rls-wacon.de\/#organization"},"potentialAction":[{"@type":"SearchAction","target":{"@type":"EntryPoint","urlTemplate":"https:\/\/rls-wacon.de\/?s={search_term_string}"},"query-input":{"@type":"PropertyValueSpecification","valueRequired":true,"valueName":"search_term_string"}}],"inLanguage":"fr-FR"},{"@type":"Organization","@id":"https:\/\/rls-wacon.de\/#organization","name":"RLS Wacon analytics GmbH","url":"https:\/\/rls-wacon.de\/","logo":{"@type":"ImageObject","inLanguage":"fr-FR","@id":"https:\/\/rls-wacon.de\/#\/schema\/logo\/image\/","url":"https:\/\/rls-wacon.de\/wp-content\/uploads\/2022\/10\/RLSWacon-analytics-Logo-BR-RZ-9_17-768x1591.png","contentUrl":"https:\/\/rls-wacon.de\/wp-content\/uploads\/2022\/10\/RLSWacon-analytics-Logo-BR-RZ-9_17-768x1591.png","width":768,"height":159,"caption":"RLS Wacon analytics GmbH"},"image":{"@id":"https:\/\/rls-wacon.de\/#\/schema\/logo\/image\/"}}]}},"_links":{"self":[{"href":"https:\/\/rls-wacon.de\/fr\/wp-json\/wp\/v2\/pages\/12066","targetHints":{"allow":["GET"]}}],"collection":[{"href":"https:\/\/rls-wacon.de\/fr\/wp-json\/wp\/v2\/pages"}],"about":[{"href":"https:\/\/rls-wacon.de\/fr\/wp-json\/wp\/v2\/types\/page"}],"author":[{"embeddable":true,"href":"https:\/\/rls-wacon.de\/fr\/wp-json\/wp\/v2\/users\/4"}],"replies":[{"embeddable":true,"href":"https:\/\/rls-wacon.de\/fr\/wp-json\/wp\/v2\/comments?post=12066"}],"version-history":[{"count":4,"href":"https:\/\/rls-wacon.de\/fr\/wp-json\/wp\/v2\/pages\/12066\/revisions"}],"predecessor-version":[{"id":22455,"href":"https:\/\/rls-wacon.de\/fr\/wp-json\/wp\/v2\/pages\/12066\/revisions\/22455"}],"wp:attachment":[{"href":"https:\/\/rls-wacon.de\/fr\/wp-json\/wp\/v2\/media?parent=12066"}],"curies":[{"name":"wp","href":"https:\/\/api.w.org\/{rel}","templated":true}]}}