{"id":20548,"date":"2023-03-11T16:30:30","date_gmt":"2023-03-11T15:30:30","guid":{"rendered":"https:\/\/rls-wacon.de\/impression\/"},"modified":"2025-05-08T10:44:37","modified_gmt":"2025-05-08T08:44:37","slug":"impression","status":"publish","type":"page","link":"https:\/\/rls-wacon.de\/fr\/impression\/","title":{"rendered":"Impression"},"content":{"rendered":"\t\t<div data-elementor-type=\"wp-page\" data-elementor-id=\"20548\" class=\"elementor elementor-20548 elementor-11869\" wpc-filter-elementor-widget=\"1\" data-elementor-post-type=\"page\">\n\t\t\t\t<div class=\"elementor-element elementor-element-67f8b10f e-flex e-con-boxed e-con e-parent\" data-id=\"67f8b10f\" data-element_type=\"container\" data-e-type=\"container\">\n\t\t\t\t\t<div class=\"e-con-inner\">\n\t\t\t\t\t<\/div>\n\t\t\t\t<\/div>\n\t\t<div class=\"elementor-element elementor-element-f8ca9d1 e-flex e-con-boxed e-con e-parent\" data-id=\"f8ca9d1\" data-element_type=\"container\" data-e-type=\"container\">\n\t\t\t\t\t<div class=\"e-con-inner\">\n\t\t\t\t<div class=\"elementor-element elementor-element-c80dbaa elementor-widget elementor-widget-heading\" data-id=\"c80dbaa\" data-element_type=\"widget\" data-e-type=\"widget\" data-widget_type=\"heading.default\">\n\t\t\t\t\t<h2 class=\"elementor-heading-title elementor-size-default\">Impression<\/h2>\t\t\t\t<\/div>\n\t\t\t\t<div class=\"elementor-element elementor-element-c5112c4 elementor-widget elementor-widget-heading\" data-id=\"c5112c4\" data-element_type=\"widget\" data-e-type=\"widget\" data-widget_type=\"heading.default\">\n\t\t\t\t\t<h4 class=\"elementor-heading-title elementor-size-default\">Informations conform\u00e9ment \u00e0 l'article 5 du TMG<\/h4>\t\t\t\t<\/div>\n\t\t\t\t<div class=\"elementor-element elementor-element-cdc41b5 elementor-widget elementor-widget-text-editor\" data-id=\"cdc41b5\" data-element_type=\"widget\" data-e-type=\"widget\" data-widget_type=\"text-editor.default\">\n\t\t\t\t\t\t\t\t\t<p>RLS Wacon analytics GmbH<br>Gropiusstr.\n12<br>31137 Hildesheim  <\/p>\n<p>Registre du commerce : HRB 203 391<br>Tribunal d&rsquo;enregistrement : Hildesheim<\/p>\n<p><strong>Repr\u00e9sent\u00e9 par :<\/strong><br>Dr. Claudia Rudolph<br>Dr. Sascha Matern<\/p>\t\t\t\t\t\t\t\t<\/div>\n\t\t\t\t<div class=\"elementor-element elementor-element-c03e65e elementor-widget elementor-widget-heading\" data-id=\"c03e65e\" data-element_type=\"widget\" data-e-type=\"widget\" data-widget_type=\"heading.default\">\n\t\t\t\t\t<h4 class=\"elementor-heading-title elementor-size-default\">Contactez nous<\/h4>\t\t\t\t<\/div>\n\t\t\t\t<div class=\"elementor-element elementor-element-fc0f9db elementor-widget elementor-widget-text-editor\" data-id=\"fc0f9db\" data-element_type=\"widget\" data-e-type=\"widget\" data-widget_type=\"text-editor.default\">\n\t\t\t\t\t\t\t\t\t<p>T\u00e9l\u00e9phone : +49 (0)5121 28126 &#8211; 0 +49 (0)5121 28126 &#8211; 0<br>Fax : +49 (0)5121 28126 &#8211; 20<br>E-mail : <span id=\"cloakc43bf3edf550497791c35188ea2f7d3d\"><a href=\"mailto:info@rls-wacon.de\">info@rls-wacon.de<\/a><\/span><\/p>\t\t\t\t\t\t\t\t<\/div>\n\t\t\t\t<div class=\"elementor-element elementor-element-a4892ef elementor-widget elementor-widget-heading\" data-id=\"a4892ef\" data-element_type=\"widget\" data-e-type=\"widget\" data-widget_type=\"heading.default\">\n\t\t\t\t\t<h4 class=\"elementor-heading-title elementor-size-default\">Num\u00e9ro d'identification de la taxe de vente<\/h4>\t\t\t\t<\/div>\n\t\t\t\t<div class=\"elementor-element elementor-element-3d46fb1 elementor-widget elementor-widget-text-editor\" data-id=\"3d46fb1\" data-element_type=\"widget\" data-e-type=\"widget\" data-widget_type=\"text-editor.default\">\n\t\t\t\t\t\t\t\t\t<p>Num\u00e9ro d&rsquo;identification de la taxe sur la valeur ajout\u00e9e conform\u00e9ment \u00e0 l&rsquo;article 27 a de la loi sur la taxe sur la valeur ajout\u00e9e :<br>DE240123142<\/p>\t\t\t\t\t\t\t\t<\/div>\n\t\t\t\t<div class=\"elementor-element elementor-element-cf086b9 elementor-widget elementor-widget-heading\" data-id=\"cf086b9\" data-element_type=\"widget\" data-e-type=\"widget\" data-widget_type=\"heading.default\">\n\t\t\t\t\t<h4 class=\"elementor-heading-title elementor-size-default\">Responsabilit\u00e9 \u00e9ditoriale<\/h4>\t\t\t\t<\/div>\n\t\t\t\t<div class=\"elementor-element elementor-element-0ca7f9b elementor-widget elementor-widget-text-editor\" data-id=\"0ca7f9b\" data-element_type=\"widget\" data-e-type=\"widget\" data-widget_type=\"text-editor.default\">\n\t\t\t\t\t\t\t\t\t<p>Dr. Claudia Rudolph<br>Dr. Sascha Matern<\/p>\t\t\t\t\t\t\t\t<\/div>\n\t\t\t\t<div class=\"elementor-element elementor-element-532cda2 elementor-widget elementor-widget-heading\" data-id=\"532cda2\" data-element_type=\"widget\" data-e-type=\"widget\" data-widget_type=\"heading.default\">\n\t\t\t\t\t<h4 class=\"elementor-heading-title elementor-size-default\">R\u00e9solution des litiges dans l'UE<\/h4>\t\t\t\t<\/div>\n\t\t\t\t<div class=\"elementor-element elementor-element-608f348 elementor-widget elementor-widget-text-editor\" data-id=\"608f348\" data-element_type=\"widget\" data-e-type=\"widget\" data-widget_type=\"text-editor.default\">\n\t\t\t\t\t\t\t\t\t<p>La Commission europ\u00e9enne met \u00e0 disposition une plateforme de r\u00e9solution des litiges en ligne (OS) <a href=\"https:\/\/ec.europa.eu\/consumers\/odr\/\" target=\"_blank\" rel=\"noopener noreferrer\">: https:\/\/ec.europa.eu\/consumers\/odr\/.<\/a><br>Vous trouverez notre adresse \u00e9lectronique dans l&rsquo;avis juridique ci-dessus.<\/p>\t\t\t\t\t\t\t\t<\/div>\n\t\t\t\t<div class=\"elementor-element elementor-element-d80857d elementor-widget elementor-widget-heading\" data-id=\"d80857d\" data-element_type=\"widget\" data-e-type=\"widget\" data-widget_type=\"heading.default\">\n\t\t\t\t\t<h4 class=\"elementor-heading-title elementor-size-default\">R\u00e9solution des litiges de consommation\/conseil d'arbitrage universel<\/h4>\t\t\t\t<\/div>\n\t\t\t\t<div class=\"elementor-element elementor-element-9ab7ffb elementor-widget elementor-widget-text-editor\" data-id=\"9ab7ffb\" data-element_type=\"widget\" data-e-type=\"widget\" data-widget_type=\"text-editor.default\">\n\t\t\t\t\t\t\t\t\t<p>Nous ne sommes pas dispos\u00e9s \u00e0 participer \u00e0 une proc\u00e9dure de r\u00e9solution des litiges devant une commission d&rsquo;arbitrage des consommateurs et nous ne sommes pas tenus de le faire.<\/p>\n<p>Le site est une offre gratuite.\nLes commandes n\u00e9cessitent une confirmation et sont soumises aux r\u00e8gles et coutumes pr\u00e9c\u00e9dentes.  <\/p>\t\t\t\t\t\t\t\t<\/div>\n\t\t\t\t\t<\/div>\n\t\t\t\t<\/div>\n\t\t\t\t<\/div>\n\t\t","protected":false},"excerpt":{"rendered":"<p>Impression Informations conform\u00e9ment \u00e0 l&rsquo;article 5 du TMG RLS Wacon analytics GmbHGropiusstr. 1231137 Hildesheim Registre du commerce : HRB 203 391Tribunal d&rsquo;enregistrement : Hildesheim Repr\u00e9sent\u00e9 par :Dr. Claudia RudolphDr. Sascha Matern Contactez nous T\u00e9l\u00e9phone : +49 (0)5121 28126 &#8211; 0 +49 (0)5121 28126 &#8211; 0Fax : +49 (0)5121 28126 &#8211; 20E-mail : info@rls-wacon.de Num\u00e9ro d&rsquo;identification [&hellip;]<\/p>\n","protected":false},"author":4,"featured_media":0,"parent":0,"menu_order":0,"comment_status":"closed","ping_status":"closed","template":"","meta":{"_acf_changed":false,"footnotes":""},"class_list":["post-20548","page","type-page","status-publish","hentry"],"acf":[],"yoast_head":"<!-- This site is optimized with the Yoast SEO Premium plugin v27.3 (Yoast SEO v27.4) - https:\/\/yoast.com\/product\/yoast-seo-premium-wordpress\/ -->\n<title>Impression - RLS Wacon analytics<\/title>\n<meta name=\"description\" content=\"Impression Informations conform\u00e9ment \u00e0 l&#039;article 5 du TMG RLS Wacon analytics GmbH Gropiusstr. 12 31137 Hildesheim  Registre du\u2026\" \/>\n<meta name=\"robots\" content=\"index, follow, max-snippet:-1, max-image-preview:large, max-video-preview:-1\" \/>\n<link rel=\"canonical\" href=\"https:\/\/rls-wacon.de\/impressum\/\" \/>\n<meta property=\"og:locale\" content=\"fr_FR\" \/>\n<meta property=\"og:type\" content=\"article\" \/>\n<meta property=\"og:title\" content=\"Impression\" \/>\n<meta property=\"og:description\" content=\"Impression Informations conform\u00e9ment \u00e0 l&#039;article 5 du TMG RLS Wacon analytics GmbH Gropiusstr. 12 31137 Hildesheim  Registre du\u2026\" \/>\n<meta property=\"og:url\" content=\"https:\/\/rls-wacon.de\/impressum\/\" \/>\n<meta property=\"og:site_name\" content=\"RLS Wacon analytics\" \/>\n<meta property=\"article:modified_time\" content=\"2025-05-08T08:44:37+00:00\" \/>\n<meta name=\"twitter:card\" content=\"summary_large_image\" \/>\n<meta name=\"twitter:label1\" content=\"Temps de lecture estim\u00e9 \" \/>\n\t<meta name=\"twitter:data1\" content=\"1 minute\" \/>\n<script type=\"application\/ld+json\" class=\"yoast-schema-graph\">{\"@context\":\"https:\\\/\\\/schema.org\",\"@graph\":[{\"@type\":\"WebPage\",\"@id\":\"https:\\\/\\\/rls-wacon.de\\\/impressum\\\/\",\"url\":\"https:\\\/\\\/rls-wacon.de\\\/impressum\\\/\",\"name\":\"Impression - RLS Wacon analytics\",\"isPartOf\":{\"@id\":\"https:\\\/\\\/rls-wacon.de\\\/#website\"},\"datePublished\":\"2023-03-11T15:30:30+00:00\",\"dateModified\":\"2025-05-08T08:44:37+00:00\",\"description\":\"Impression Informations conform\u00e9ment \u00e0 l'article 5 du TMG RLS Wacon analytics GmbH Gropiusstr. 12 31137 Hildesheim Registre du\u2026\",\"breadcrumb\":{\"@id\":\"https:\\\/\\\/rls-wacon.de\\\/impressum\\\/#breadcrumb\"},\"inLanguage\":\"fr-FR\",\"potentialAction\":[{\"@type\":\"ReadAction\",\"target\":[\"https:\\\/\\\/rls-wacon.de\\\/impressum\\\/\"]}]},{\"@type\":\"BreadcrumbList\",\"@id\":\"https:\\\/\\\/rls-wacon.de\\\/impressum\\\/#breadcrumb\",\"itemListElement\":[{\"@type\":\"ListItem\",\"position\":1,\"name\":\"Page d'accueil\",\"item\":\"https:\\\/\\\/rls-wacon.de\\\/\"},{\"@type\":\"ListItem\",\"position\":2,\"name\":\"Impression\"}]},{\"@type\":\"WebSite\",\"@id\":\"https:\\\/\\\/rls-wacon.de\\\/#website\",\"url\":\"https:\\\/\\\/rls-wacon.de\\\/\",\"name\":\"RLS Wacon analytics GmbH\",\"description\":\"Experts for water monitoring\",\"publisher\":{\"@id\":\"https:\\\/\\\/rls-wacon.de\\\/#organization\"},\"potentialAction\":[{\"@type\":\"SearchAction\",\"target\":{\"@type\":\"EntryPoint\",\"urlTemplate\":\"https:\\\/\\\/rls-wacon.de\\\/?s={search_term_string}\"},\"query-input\":{\"@type\":\"PropertyValueSpecification\",\"valueRequired\":true,\"valueName\":\"search_term_string\"}}],\"inLanguage\":\"fr-FR\"},{\"@type\":\"Organization\",\"@id\":\"https:\\\/\\\/rls-wacon.de\\\/#organization\",\"name\":\"RLS Wacon analytics GmbH\",\"url\":\"https:\\\/\\\/rls-wacon.de\\\/\",\"logo\":{\"@type\":\"ImageObject\",\"inLanguage\":\"fr-FR\",\"@id\":\"https:\\\/\\\/rls-wacon.de\\\/#\\\/schema\\\/logo\\\/image\\\/\",\"url\":\"https:\\\/\\\/rls-wacon.de\\\/wp-content\\\/uploads\\\/2022\\\/10\\\/RLSWacon-analytics-Logo-BR-RZ-9_17-768x1591.png\",\"contentUrl\":\"https:\\\/\\\/rls-wacon.de\\\/wp-content\\\/uploads\\\/2022\\\/10\\\/RLSWacon-analytics-Logo-BR-RZ-9_17-768x1591.png\",\"width\":768,\"height\":159,\"caption\":\"RLS Wacon analytics GmbH\"},\"image\":{\"@id\":\"https:\\\/\\\/rls-wacon.de\\\/#\\\/schema\\\/logo\\\/image\\\/\"}}]}<\/script>\n<!-- \/ Yoast SEO Premium plugin. -->","yoast_head_json":{"title":"Impression - RLS Wacon analytics","description":"Impression Informations conform\u00e9ment \u00e0 l'article 5 du TMG RLS Wacon analytics GmbH Gropiusstr. 12 31137 Hildesheim  Registre du\u2026","robots":{"index":"index","follow":"follow","max-snippet":"max-snippet:-1","max-image-preview":"max-image-preview:large","max-video-preview":"max-video-preview:-1"},"canonical":"https:\/\/rls-wacon.de\/impressum\/","og_locale":"fr_FR","og_type":"article","og_title":"Impression","og_description":"Impression Informations conform\u00e9ment \u00e0 l'article 5 du TMG RLS Wacon analytics GmbH Gropiusstr. 12 31137 Hildesheim  Registre du\u2026","og_url":"https:\/\/rls-wacon.de\/impressum\/","og_site_name":"RLS Wacon analytics","article_modified_time":"2025-05-08T08:44:37+00:00","twitter_card":"summary_large_image","twitter_misc":{"Temps de lecture estim\u00e9 ":"1 minute"},"schema":{"@context":"https:\/\/schema.org","@graph":[{"@type":"WebPage","@id":"https:\/\/rls-wacon.de\/impressum\/","url":"https:\/\/rls-wacon.de\/impressum\/","name":"Impression - RLS Wacon analytics","isPartOf":{"@id":"https:\/\/rls-wacon.de\/#website"},"datePublished":"2023-03-11T15:30:30+00:00","dateModified":"2025-05-08T08:44:37+00:00","description":"Impression Informations conform\u00e9ment \u00e0 l'article 5 du TMG RLS Wacon analytics GmbH Gropiusstr. 12 31137 Hildesheim Registre du\u2026","breadcrumb":{"@id":"https:\/\/rls-wacon.de\/impressum\/#breadcrumb"},"inLanguage":"fr-FR","potentialAction":[{"@type":"ReadAction","target":["https:\/\/rls-wacon.de\/impressum\/"]}]},{"@type":"BreadcrumbList","@id":"https:\/\/rls-wacon.de\/impressum\/#breadcrumb","itemListElement":[{"@type":"ListItem","position":1,"name":"Page d'accueil","item":"https:\/\/rls-wacon.de\/"},{"@type":"ListItem","position":2,"name":"Impression"}]},{"@type":"WebSite","@id":"https:\/\/rls-wacon.de\/#website","url":"https:\/\/rls-wacon.de\/","name":"RLS Wacon analytics GmbH","description":"Experts for water monitoring","publisher":{"@id":"https:\/\/rls-wacon.de\/#organization"},"potentialAction":[{"@type":"SearchAction","target":{"@type":"EntryPoint","urlTemplate":"https:\/\/rls-wacon.de\/?s={search_term_string}"},"query-input":{"@type":"PropertyValueSpecification","valueRequired":true,"valueName":"search_term_string"}}],"inLanguage":"fr-FR"},{"@type":"Organization","@id":"https:\/\/rls-wacon.de\/#organization","name":"RLS Wacon analytics GmbH","url":"https:\/\/rls-wacon.de\/","logo":{"@type":"ImageObject","inLanguage":"fr-FR","@id":"https:\/\/rls-wacon.de\/#\/schema\/logo\/image\/","url":"https:\/\/rls-wacon.de\/wp-content\/uploads\/2022\/10\/RLSWacon-analytics-Logo-BR-RZ-9_17-768x1591.png","contentUrl":"https:\/\/rls-wacon.de\/wp-content\/uploads\/2022\/10\/RLSWacon-analytics-Logo-BR-RZ-9_17-768x1591.png","width":768,"height":159,"caption":"RLS Wacon analytics GmbH"},"image":{"@id":"https:\/\/rls-wacon.de\/#\/schema\/logo\/image\/"}}]}},"_links":{"self":[{"href":"https:\/\/rls-wacon.de\/fr\/wp-json\/wp\/v2\/pages\/20548","targetHints":{"allow":["GET"]}}],"collection":[{"href":"https:\/\/rls-wacon.de\/fr\/wp-json\/wp\/v2\/pages"}],"about":[{"href":"https:\/\/rls-wacon.de\/fr\/wp-json\/wp\/v2\/types\/page"}],"author":[{"embeddable":true,"href":"https:\/\/rls-wacon.de\/fr\/wp-json\/wp\/v2\/users\/4"}],"replies":[{"embeddable":true,"href":"https:\/\/rls-wacon.de\/fr\/wp-json\/wp\/v2\/comments?post=20548"}],"version-history":[{"count":1,"href":"https:\/\/rls-wacon.de\/fr\/wp-json\/wp\/v2\/pages\/20548\/revisions"}],"predecessor-version":[{"id":20549,"href":"https:\/\/rls-wacon.de\/fr\/wp-json\/wp\/v2\/pages\/20548\/revisions\/20549"}],"wp:attachment":[{"href":"https:\/\/rls-wacon.de\/fr\/wp-json\/wp\/v2\/media?parent=20548"}],"curies":[{"name":"wp","href":"https:\/\/api.w.org\/{rel}","templated":true}]}}