{"id":21559,"date":"2023-10-24T15:04:34","date_gmt":"2023-10-24T13:04:34","guid":{"rendered":"https:\/\/rls-wacon.de\/produkt\/eclairage-step-gap-sl800\/"},"modified":"2023-10-24T15:04:34","modified_gmt":"2023-10-24T13:04:34","slug":"eclairage-step-gap-sl800","status":"publish","type":"product","link":"https:\/\/rls-wacon.de\/fr\/produkt\/eclairage-step-gap-sl800\/","title":{"rendered":"\u00c9clairage Step gap SL800"},"content":{"rendered":"<hr class=\"system-pagebreak\" title=\"Sp\u00e9cifications\">\n<table class=\"rls-table\">\n<tbody>\n<tr>\n<td>Param\u00e8tres<\/td>\n<td>Valeur<\/td>\n<\/tr>\n<tr>\n<td>Tension d&rsquo;utilisation<\/td>\n<td>24 V C.C. +\/- 5<\/td>\n<\/tr>\n<tr>\n<td>Consommation d&rsquo;\u00e9nergie<\/td>\n<td>10 VA (max. 11 VA)<\/td>\n<\/tr>\n<tr>\n<td>Temp\u00e9rature ambiante<\/td>\n<td>-20\u00b0C \u00e0 60 \u00b0C<\/td>\n<\/tr>\n<tr>\n<td>Classe de protection<\/td>\n<td>IP 67<\/td>\n<\/tr>\n<tr>\n<td>Dimensions<\/td>\n<td>850 x 30 x 33 mm<\/td>\n<\/tr>\n<tr>\n<td>Poids<\/td>\n<td>approx. 0,2 kg <\/td>\n<\/tr>\n<\/tbody>\n<\/table>\n<p>&nbsp;<\/p>\n<table class=\"rls-table\">\n<tbody>\n<tr>\n<td>Couleur<\/td>\n<td>Occupancy<\/td>\n<\/tr>\n<tr>\n<td>red (fil 1)<\/td>\n<td>Vcc (24 V DC)<\/td>\n<\/tr>\n<tr>\n<td>blanc (fil 2)<\/td>\n<td>GND<\/td>\n<\/tr>\n<\/tbody>\n<\/table>\n","protected":false},"excerpt":{"rendered":"<p>L&rsquo;\u00e9clairage SL800-Y est install\u00e9 sous les marches dans les zones d&rsquo;entr\u00e9e et de sortie de l&rsquo;escalier et est utilis\u00e9 pour \u00e9clairer l&rsquo;espace entre les marches dans la zone de combat. Pendant le mouvement continu des marches, un effet de flash est g\u00e9n\u00e9r\u00e9 qui attire l&rsquo;attention de l&rsquo;utilisateur sur l&rsquo;escalier. <\/p>\n<p>Les caract\u00e9ristiques sp\u00e9ciales sont :<\/p>\n<ul>\n<li>48 LED SMD super lumineuses<\/li>\n<li>Faible consommation d&rsquo;\u00e9nergie<\/li>\n<li>\u00c9clairage tr\u00e8s lumineux et homog\u00e8ne<\/li>\n<li>Robuste et durable<\/li>\n<\/ul>\n<p>&nbsp;<\/p>\n<p>Le SL800-Y step gap lighting est utilis\u00e9 dans les escalators.<\/p>\n<p>&nbsp;<\/p>\n","protected":false},"featured_media":0,"template":"","meta":{"_acf_changed":false},"product_brand":[],"product_cat":[969],"product_tag":[],"class_list":{"0":"post-21559","1":"product","2":"type-product","3":"status-publish","5":"product_cat-non-classe","7":"first","8":"instock","9":"shipping-taxable","10":"purchasable","11":"product-type-simple"},"exclude_global_add_ons":[],"addons":[],"acf":[],"yoast_head":"<!-- This site is optimized with the Yoast SEO Premium plugin v27.3 (Yoast SEO v27.4) - https:\/\/yoast.com\/product\/yoast-seo-premium-wordpress\/ -->\n<title>\u00c9clairage Step gap SL800 - RLS Wacon analytics<\/title>\n<meta name=\"robots\" content=\"index, follow, max-snippet:-1, max-image-preview:large, max-video-preview:-1\" \/>\n<link rel=\"canonical\" href=\"https:\/\/rls-wacon.de\/produkt\/step-gap-lighting-sl800\/\" \/>\n<meta property=\"og:locale\" content=\"fr_FR\" \/>\n<meta property=\"og:type\" content=\"article\" \/>\n<meta property=\"og:title\" content=\"\u00c9clairage Step gap SL800\" \/>\n<meta property=\"og:description\" content=\"L&#039;\u00e9clairage SL800-Y est install\u00e9 sous les marches dans les zones d&#039;entr\u00e9e et de sortie de l&#039;escalier et est utilis\u00e9 pour \u00e9clairer l&#039;espace entre les marches dans la zone de combat. Pendant le mouvement continu des marches, un effet de flash est g\u00e9n\u00e9r\u00e9 qui attire l&#039;attention de l&#039;utilisateur sur l&#039;escalier.  Les caract\u00e9ristiques sp\u00e9ciales sont :  48 LED SMD super lumineuses  Faible consommation d&#039;\u00e9nergie  \u00c9clairage tr\u00e8s lumineux et homog\u00e8ne  Robuste et durable &nbsp; Le SL800-Y step gap lighting est utilis\u00e9 dans les escalators. &nbsp;\" \/>\n<meta property=\"og:url\" content=\"https:\/\/rls-wacon.de\/produkt\/step-gap-lighting-sl800\/\" \/>\n<meta property=\"og:site_name\" content=\"RLS Wacon analytics\" \/>\n<meta name=\"twitter:card\" content=\"summary_large_image\" \/>\n<meta name=\"twitter:label1\" content=\"Prix\" \/>\n\t<meta name=\"twitter:data1\" content=\"9.999,00&nbsp;&euro;\" \/>\n\t<meta name=\"twitter:label2\" content=\"Disponibilit\u00e9\" \/>\n\t<meta name=\"twitter:data2\" content=\"En stock\" \/>\n<script type=\"application\/ld+json\" class=\"yoast-schema-graph\">{\"@context\":\"https:\\\/\\\/schema.org\",\"@graph\":[{\"@type\":\"WebPage\",\"@id\":\"https:\\\/\\\/rls-wacon.de\\\/produkt\\\/step-gap-lighting-sl800\\\/\",\"url\":\"https:\\\/\\\/rls-wacon.de\\\/produkt\\\/step-gap-lighting-sl800\\\/\",\"name\":\"\u00c9clairage Step gap SL800 - RLS Wacon analytics\",\"isPartOf\":{\"@id\":\"https:\\\/\\\/rls-wacon.de\\\/#website\"},\"datePublished\":\"2023-10-24T13:04:34+00:00\",\"breadcrumb\":{\"@id\":\"https:\\\/\\\/rls-wacon.de\\\/produkt\\\/step-gap-lighting-sl800\\\/#breadcrumb\"},\"inLanguage\":\"fr-FR\",\"potentialAction\":[{\"@type\":\"ReadAction\",\"target\":[\"https:\\\/\\\/rls-wacon.de\\\/produkt\\\/step-gap-lighting-sl800\\\/\"]}]},{\"@type\":\"BreadcrumbList\",\"@id\":\"https:\\\/\\\/rls-wacon.de\\\/produkt\\\/step-gap-lighting-sl800\\\/#breadcrumb\",\"itemListElement\":[{\"@type\":\"ListItem\",\"position\":1,\"name\":\"Page d'accueil\",\"item\":\"https:\\\/\\\/rls-wacon.de\\\/\"},{\"@type\":\"ListItem\",\"position\":2,\"name\":\"Boutique\",\"item\":\"https:\\\/\\\/rls-wacon.de\\\/shop\\\/\"},{\"@type\":\"ListItem\",\"position\":3,\"name\":\"\u00c9clairage Step gap SL800\"}]},{\"@type\":\"WebSite\",\"@id\":\"https:\\\/\\\/rls-wacon.de\\\/#website\",\"url\":\"https:\\\/\\\/rls-wacon.de\\\/\",\"name\":\"RLS Wacon analytics GmbH\",\"description\":\"Experts for water monitoring\",\"publisher\":{\"@id\":\"https:\\\/\\\/rls-wacon.de\\\/#organization\"},\"potentialAction\":[{\"@type\":\"SearchAction\",\"target\":{\"@type\":\"EntryPoint\",\"urlTemplate\":\"https:\\\/\\\/rls-wacon.de\\\/?s={search_term_string}\"},\"query-input\":{\"@type\":\"PropertyValueSpecification\",\"valueRequired\":true,\"valueName\":\"search_term_string\"}}],\"inLanguage\":\"fr-FR\"},{\"@type\":\"Organization\",\"@id\":\"https:\\\/\\\/rls-wacon.de\\\/#organization\",\"name\":\"RLS Wacon analytics GmbH\",\"url\":\"https:\\\/\\\/rls-wacon.de\\\/\",\"logo\":{\"@type\":\"ImageObject\",\"inLanguage\":\"fr-FR\",\"@id\":\"https:\\\/\\\/rls-wacon.de\\\/#\\\/schema\\\/logo\\\/image\\\/\",\"url\":\"https:\\\/\\\/rls-wacon.de\\\/wp-content\\\/uploads\\\/2022\\\/10\\\/RLSWacon-analytics-Logo-BR-RZ-9_17-768x1591.png\",\"contentUrl\":\"https:\\\/\\\/rls-wacon.de\\\/wp-content\\\/uploads\\\/2022\\\/10\\\/RLSWacon-analytics-Logo-BR-RZ-9_17-768x1591.png\",\"width\":768,\"height\":159,\"caption\":\"RLS Wacon analytics GmbH\"},\"image\":{\"@id\":\"https:\\\/\\\/rls-wacon.de\\\/#\\\/schema\\\/logo\\\/image\\\/\"}}]}<\/script>\n<meta property=\"product:price:amount\" content=\"9999.00\" \/>\n<meta property=\"product:price:currency\" content=\"EUR\" \/>\n<meta property=\"og:availability\" content=\"instock\" \/>\n<meta property=\"product:availability\" content=\"instock\" \/>\n<meta property=\"product:condition\" content=\"new\" \/>\n<!-- \/ Yoast SEO Premium plugin. -->","yoast_head_json":{"title":"\u00c9clairage Step gap SL800 - RLS Wacon analytics","robots":{"index":"index","follow":"follow","max-snippet":"max-snippet:-1","max-image-preview":"max-image-preview:large","max-video-preview":"max-video-preview:-1"},"canonical":"https:\/\/rls-wacon.de\/produkt\/step-gap-lighting-sl800\/","og_locale":"fr_FR","og_type":"article","og_title":"\u00c9clairage Step gap SL800","og_description":"L'\u00e9clairage SL800-Y est install\u00e9 sous les marches dans les zones d'entr\u00e9e et de sortie de l'escalier et est utilis\u00e9 pour \u00e9clairer l'espace entre les marches dans la zone de combat. Pendant le mouvement continu des marches, un effet de flash est g\u00e9n\u00e9r\u00e9 qui attire l'attention de l'utilisateur sur l'escalier.  Les caract\u00e9ristiques sp\u00e9ciales sont :  48 LED SMD super lumineuses  Faible consommation d'\u00e9nergie  \u00c9clairage tr\u00e8s lumineux et homog\u00e8ne  Robuste et durable &nbsp; Le SL800-Y step gap lighting est utilis\u00e9 dans les escalators. &nbsp;","og_url":"https:\/\/rls-wacon.de\/produkt\/step-gap-lighting-sl800\/","og_site_name":"RLS Wacon analytics","twitter_card":"summary_large_image","twitter_misc":{"Prix":"9.999,00&nbsp;&euro;","Disponibilit\u00e9":"En stock"},"schema":{"@context":"https:\/\/schema.org","@graph":[{"@type":"WebPage","@id":"https:\/\/rls-wacon.de\/produkt\/step-gap-lighting-sl800\/","url":"https:\/\/rls-wacon.de\/produkt\/step-gap-lighting-sl800\/","name":"\u00c9clairage Step gap SL800 - RLS Wacon analytics","isPartOf":{"@id":"https:\/\/rls-wacon.de\/#website"},"datePublished":"2023-10-24T13:04:34+00:00","breadcrumb":{"@id":"https:\/\/rls-wacon.de\/produkt\/step-gap-lighting-sl800\/#breadcrumb"},"inLanguage":"fr-FR","potentialAction":[{"@type":"ReadAction","target":["https:\/\/rls-wacon.de\/produkt\/step-gap-lighting-sl800\/"]}]},{"@type":"BreadcrumbList","@id":"https:\/\/rls-wacon.de\/produkt\/step-gap-lighting-sl800\/#breadcrumb","itemListElement":[{"@type":"ListItem","position":1,"name":"Page d'accueil","item":"https:\/\/rls-wacon.de\/"},{"@type":"ListItem","position":2,"name":"Boutique","item":"https:\/\/rls-wacon.de\/shop\/"},{"@type":"ListItem","position":3,"name":"\u00c9clairage Step gap SL800"}]},{"@type":"WebSite","@id":"https:\/\/rls-wacon.de\/#website","url":"https:\/\/rls-wacon.de\/","name":"RLS Wacon analytics GmbH","description":"Experts for water monitoring","publisher":{"@id":"https:\/\/rls-wacon.de\/#organization"},"potentialAction":[{"@type":"SearchAction","target":{"@type":"EntryPoint","urlTemplate":"https:\/\/rls-wacon.de\/?s={search_term_string}"},"query-input":{"@type":"PropertyValueSpecification","valueRequired":true,"valueName":"search_term_string"}}],"inLanguage":"fr-FR"},{"@type":"Organization","@id":"https:\/\/rls-wacon.de\/#organization","name":"RLS Wacon analytics GmbH","url":"https:\/\/rls-wacon.de\/","logo":{"@type":"ImageObject","inLanguage":"fr-FR","@id":"https:\/\/rls-wacon.de\/#\/schema\/logo\/image\/","url":"https:\/\/rls-wacon.de\/wp-content\/uploads\/2022\/10\/RLSWacon-analytics-Logo-BR-RZ-9_17-768x1591.png","contentUrl":"https:\/\/rls-wacon.de\/wp-content\/uploads\/2022\/10\/RLSWacon-analytics-Logo-BR-RZ-9_17-768x1591.png","width":768,"height":159,"caption":"RLS Wacon analytics GmbH"},"image":{"@id":"https:\/\/rls-wacon.de\/#\/schema\/logo\/image\/"}}]},"product_price_amount":"9999.00","product_price_currency":"EUR","og_availability":"instock","product_availability":"instock","product_condition":"new"},"_links":{"self":[{"href":"https:\/\/rls-wacon.de\/fr\/wp-json\/wp\/v2\/product\/21559","targetHints":{"allow":["GET"]}}],"collection":[{"href":"https:\/\/rls-wacon.de\/fr\/wp-json\/wp\/v2\/product"}],"about":[{"href":"https:\/\/rls-wacon.de\/fr\/wp-json\/wp\/v2\/types\/product"}],"version-history":[{"count":0,"href":"https:\/\/rls-wacon.de\/fr\/wp-json\/wp\/v2\/product\/21559\/revisions"}],"wp:attachment":[{"href":"https:\/\/rls-wacon.de\/fr\/wp-json\/wp\/v2\/media?parent=21559"}],"wp:term":[{"taxonomy":"product_brand","embeddable":true,"href":"https:\/\/rls-wacon.de\/fr\/wp-json\/wp\/v2\/product_brand?post=21559"},{"taxonomy":"product_cat","embeddable":true,"href":"https:\/\/rls-wacon.de\/fr\/wp-json\/wp\/v2\/product_cat?post=21559"},{"taxonomy":"product_tag","embeddable":true,"href":"https:\/\/rls-wacon.de\/fr\/wp-json\/wp\/v2\/product_tag?post=21559"}],"curies":[{"name":"wp","href":"https:\/\/api.w.org\/{rel}","templated":true}]}}