{"id":21560,"date":"2023-10-24T15:04:35","date_gmt":"2023-10-24T15:04:35","guid":{"rendered":"https:\/\/rls-wacon.de\/produkt\/modules-de-connexion-pour-la-version-c\/"},"modified":"2026-02-16T17:56:38","modified_gmt":"2026-02-16T16:56:38","slug":"modules-de-connexion-pour-la-version-c","status":"publish","type":"product","link":"https:\/\/rls-wacon.de\/fr\/produkt\/modules-de-connexion-pour-la-version-c\/","title":{"rendered":"Modules de connexion pour la version C"},"content":{"rendered":"<p>Module d&rsquo;assemblage pour la juxtaposition de cha\u00eenes de modules pour les rideaux lumineux version C.<\/p>\n","protected":false},"excerpt":{"rendered":"<p>Caract\u00e9ristique particuli\u00e8re du module de connexion \u00c9metteur version C :<\/p>\n<ul>\n<li>Mod\u00e8le original RUDOLPH<\/li>\n<\/ul>\n","protected":false},"featured_media":19345,"template":"","meta":{"_acf_changed":false},"product_brand":[],"product_cat":[944,1055],"product_tag":[],"class_list":{"0":"post-21560","1":"product","2":"type-product","3":"status-publish","4":"has-post-thumbnail","6":"product_cat-lichtvorhang-fr","7":"product_cat-version-c","9":"first","10":"instock","11":"shipping-taxable","12":"product-type-variable"},"exclude_global_add_ons":[],"addons":[],"acf":[],"yoast_head":"<!-- This site is optimized with the Yoast SEO Premium plugin v27.3 (Yoast SEO v27.4) - https:\/\/yoast.com\/product\/yoast-seo-premium-wordpress\/ -->\n<title>Modules de connexion pour la version C - RLS Wacon analytics<\/title>\n<meta name=\"description\" content=\"Caract\u00e9ristique particuli\u00e8re du module de connexion \u00c9metteur version C : Mod\u00e8le original RUDOLPH\" \/>\n<meta name=\"robots\" content=\"index, follow, max-snippet:-1, max-image-preview:large, max-video-preview:-1\" \/>\n<link rel=\"canonical\" href=\"https:\/\/rls-wacon.de\/fr\/produkt\/modules-de-connexion-pour-la-version-c\/\" \/>\n<meta property=\"og:locale\" content=\"fr_FR\" \/>\n<meta property=\"og:type\" content=\"article\" \/>\n<meta property=\"og:title\" content=\"Modules de connexion pour la version C\" \/>\n<meta property=\"og:description\" content=\"Caract\u00e9ristique particuli\u00e8re du module de connexion \u00c9metteur version C : Mod\u00e8le original RUDOLPH\" \/>\n<meta property=\"og:url\" content=\"https:\/\/rls-wacon.de\/fr\/produkt\/modules-de-connexion-pour-la-version-c\/\" \/>\n<meta property=\"og:site_name\" content=\"RLS Wacon analytics\" \/>\n<meta property=\"article:modified_time\" content=\"2026-02-16T16:56:38+00:00\" \/>\n<meta property=\"og:image\" content=\"https:\/\/rls-wacon.de\/wp-content\/uploads\/2024\/03\/Verbindungsmodul-C-Sender.jpg\" \/>\n\t<meta property=\"og:image:width\" content=\"827\" \/>\n\t<meta property=\"og:image:height\" content=\"620\" \/>\n\t<meta property=\"og:image:type\" content=\"image\/jpeg\" \/>\n<meta name=\"twitter:card\" content=\"summary_large_image\" \/>\n<meta name=\"twitter:label1\" content=\"Disponibilit\u00e9\" \/>\n\t<meta name=\"twitter:data1\" content=\"En stock\" \/>\n<script type=\"application\/ld+json\" class=\"yoast-schema-graph\">{\"@context\":\"https:\\\/\\\/schema.org\",\"@graph\":[{\"@type\":\"WebPage\",\"@id\":\"https:\\\/\\\/rls-wacon.de\\\/fr\\\/produkt\\\/modules-de-connexion-pour-la-version-c\\\/\",\"url\":\"https:\\\/\\\/rls-wacon.de\\\/fr\\\/produkt\\\/modules-de-connexion-pour-la-version-c\\\/\",\"name\":\"Modules de connexion pour la version C - RLS Wacon analytics\",\"isPartOf\":{\"@id\":\"https:\\\/\\\/rls-wacon.de\\\/#website\"},\"primaryImageOfPage\":{\"@id\":\"https:\\\/\\\/rls-wacon.de\\\/fr\\\/produkt\\\/modules-de-connexion-pour-la-version-c\\\/#primaryimage\"},\"image\":{\"@id\":\"https:\\\/\\\/rls-wacon.de\\\/fr\\\/produkt\\\/modules-de-connexion-pour-la-version-c\\\/#primaryimage\"},\"thumbnailUrl\":\"https:\\\/\\\/rls-wacon.de\\\/wp-content\\\/uploads\\\/2024\\\/03\\\/Verbindungsmodul-C-Sender.jpg\",\"datePublished\":\"2023-10-24T15:04:35+00:00\",\"dateModified\":\"2026-02-16T16:56:38+00:00\",\"description\":\"Caract\u00e9ristique particuli\u00e8re du module de connexion \u00c9metteur version C : Mod\u00e8le original RUDOLPH\",\"breadcrumb\":{\"@id\":\"https:\\\/\\\/rls-wacon.de\\\/fr\\\/produkt\\\/modules-de-connexion-pour-la-version-c\\\/#breadcrumb\"},\"inLanguage\":\"fr-FR\",\"potentialAction\":[{\"@type\":\"ReadAction\",\"target\":[\"https:\\\/\\\/rls-wacon.de\\\/fr\\\/produkt\\\/modules-de-connexion-pour-la-version-c\\\/\"]}]},{\"@type\":\"ImageObject\",\"inLanguage\":\"fr-FR\",\"@id\":\"https:\\\/\\\/rls-wacon.de\\\/fr\\\/produkt\\\/modules-de-connexion-pour-la-version-c\\\/#primaryimage\",\"url\":\"https:\\\/\\\/rls-wacon.de\\\/wp-content\\\/uploads\\\/2024\\\/03\\\/Verbindungsmodul-C-Sender.jpg\",\"contentUrl\":\"https:\\\/\\\/rls-wacon.de\\\/wp-content\\\/uploads\\\/2024\\\/03\\\/Verbindungsmodul-C-Sender.jpg\",\"width\":827,\"height\":620},{\"@type\":\"BreadcrumbList\",\"@id\":\"https:\\\/\\\/rls-wacon.de\\\/fr\\\/produkt\\\/modules-de-connexion-pour-la-version-c\\\/#breadcrumb\",\"itemListElement\":[{\"@type\":\"ListItem\",\"position\":1,\"name\":\"Page d'accueil\",\"item\":\"https:\\\/\\\/rls-wacon.de\\\/\"},{\"@type\":\"ListItem\",\"position\":2,\"name\":\"Boutique\",\"item\":\"https:\\\/\\\/rls-wacon.de\\\/shop\\\/\"},{\"@type\":\"ListItem\",\"position\":3,\"name\":\"Modules de connexion pour la version C\"}]},{\"@type\":\"WebSite\",\"@id\":\"https:\\\/\\\/rls-wacon.de\\\/#website\",\"url\":\"https:\\\/\\\/rls-wacon.de\\\/\",\"name\":\"RLS Wacon analytics GmbH\",\"description\":\"Experts for water monitoring\",\"publisher\":{\"@id\":\"https:\\\/\\\/rls-wacon.de\\\/#organization\"},\"potentialAction\":[{\"@type\":\"SearchAction\",\"target\":{\"@type\":\"EntryPoint\",\"urlTemplate\":\"https:\\\/\\\/rls-wacon.de\\\/?s={search_term_string}\"},\"query-input\":{\"@type\":\"PropertyValueSpecification\",\"valueRequired\":true,\"valueName\":\"search_term_string\"}}],\"inLanguage\":\"fr-FR\"},{\"@type\":\"Organization\",\"@id\":\"https:\\\/\\\/rls-wacon.de\\\/#organization\",\"name\":\"RLS Wacon analytics GmbH\",\"url\":\"https:\\\/\\\/rls-wacon.de\\\/\",\"logo\":{\"@type\":\"ImageObject\",\"inLanguage\":\"fr-FR\",\"@id\":\"https:\\\/\\\/rls-wacon.de\\\/#\\\/schema\\\/logo\\\/image\\\/\",\"url\":\"https:\\\/\\\/rls-wacon.de\\\/wp-content\\\/uploads\\\/2022\\\/10\\\/RLSWacon-analytics-Logo-BR-RZ-9_17-768x1591.png\",\"contentUrl\":\"https:\\\/\\\/rls-wacon.de\\\/wp-content\\\/uploads\\\/2022\\\/10\\\/RLSWacon-analytics-Logo-BR-RZ-9_17-768x1591.png\",\"width\":768,\"height\":159,\"caption\":\"RLS Wacon analytics GmbH\"},\"image\":{\"@id\":\"https:\\\/\\\/rls-wacon.de\\\/#\\\/schema\\\/logo\\\/image\\\/\"}}]}<\/script>\n<meta property=\"og:availability\" content=\"instock\" \/>\n<meta property=\"product:availability\" content=\"instock\" \/>\n<meta property=\"product:condition\" content=\"new\" \/>\n<!-- \/ Yoast SEO Premium plugin. -->","yoast_head_json":{"title":"Modules de connexion pour la version C - RLS Wacon analytics","description":"Caract\u00e9ristique particuli\u00e8re du module de connexion \u00c9metteur version C : Mod\u00e8le original RUDOLPH","robots":{"index":"index","follow":"follow","max-snippet":"max-snippet:-1","max-image-preview":"max-image-preview:large","max-video-preview":"max-video-preview:-1"},"canonical":"https:\/\/rls-wacon.de\/fr\/produkt\/modules-de-connexion-pour-la-version-c\/","og_locale":"fr_FR","og_type":"article","og_title":"Modules de connexion pour la version C","og_description":"Caract\u00e9ristique particuli\u00e8re du module de connexion \u00c9metteur version C : Mod\u00e8le original RUDOLPH","og_url":"https:\/\/rls-wacon.de\/fr\/produkt\/modules-de-connexion-pour-la-version-c\/","og_site_name":"RLS Wacon analytics","article_modified_time":"2026-02-16T16:56:38+00:00","og_image":[{"width":827,"height":620,"url":"https:\/\/rls-wacon.de\/wp-content\/uploads\/2024\/03\/Verbindungsmodul-C-Sender.jpg","type":"image\/jpeg"}],"twitter_card":"summary_large_image","twitter_misc":{"Disponibilit\u00e9":"En stock"},"schema":{"@context":"https:\/\/schema.org","@graph":[{"@type":"WebPage","@id":"https:\/\/rls-wacon.de\/fr\/produkt\/modules-de-connexion-pour-la-version-c\/","url":"https:\/\/rls-wacon.de\/fr\/produkt\/modules-de-connexion-pour-la-version-c\/","name":"Modules de connexion pour la version C - RLS Wacon analytics","isPartOf":{"@id":"https:\/\/rls-wacon.de\/#website"},"primaryImageOfPage":{"@id":"https:\/\/rls-wacon.de\/fr\/produkt\/modules-de-connexion-pour-la-version-c\/#primaryimage"},"image":{"@id":"https:\/\/rls-wacon.de\/fr\/produkt\/modules-de-connexion-pour-la-version-c\/#primaryimage"},"thumbnailUrl":"https:\/\/rls-wacon.de\/wp-content\/uploads\/2024\/03\/Verbindungsmodul-C-Sender.jpg","datePublished":"2023-10-24T15:04:35+00:00","dateModified":"2026-02-16T16:56:38+00:00","description":"Caract\u00e9ristique particuli\u00e8re du module de connexion \u00c9metteur version C : Mod\u00e8le original RUDOLPH","breadcrumb":{"@id":"https:\/\/rls-wacon.de\/fr\/produkt\/modules-de-connexion-pour-la-version-c\/#breadcrumb"},"inLanguage":"fr-FR","potentialAction":[{"@type":"ReadAction","target":["https:\/\/rls-wacon.de\/fr\/produkt\/modules-de-connexion-pour-la-version-c\/"]}]},{"@type":"ImageObject","inLanguage":"fr-FR","@id":"https:\/\/rls-wacon.de\/fr\/produkt\/modules-de-connexion-pour-la-version-c\/#primaryimage","url":"https:\/\/rls-wacon.de\/wp-content\/uploads\/2024\/03\/Verbindungsmodul-C-Sender.jpg","contentUrl":"https:\/\/rls-wacon.de\/wp-content\/uploads\/2024\/03\/Verbindungsmodul-C-Sender.jpg","width":827,"height":620},{"@type":"BreadcrumbList","@id":"https:\/\/rls-wacon.de\/fr\/produkt\/modules-de-connexion-pour-la-version-c\/#breadcrumb","itemListElement":[{"@type":"ListItem","position":1,"name":"Page d'accueil","item":"https:\/\/rls-wacon.de\/"},{"@type":"ListItem","position":2,"name":"Boutique","item":"https:\/\/rls-wacon.de\/shop\/"},{"@type":"ListItem","position":3,"name":"Modules de connexion pour la version C"}]},{"@type":"WebSite","@id":"https:\/\/rls-wacon.de\/#website","url":"https:\/\/rls-wacon.de\/","name":"RLS Wacon analytics GmbH","description":"Experts for water monitoring","publisher":{"@id":"https:\/\/rls-wacon.de\/#organization"},"potentialAction":[{"@type":"SearchAction","target":{"@type":"EntryPoint","urlTemplate":"https:\/\/rls-wacon.de\/?s={search_term_string}"},"query-input":{"@type":"PropertyValueSpecification","valueRequired":true,"valueName":"search_term_string"}}],"inLanguage":"fr-FR"},{"@type":"Organization","@id":"https:\/\/rls-wacon.de\/#organization","name":"RLS Wacon analytics GmbH","url":"https:\/\/rls-wacon.de\/","logo":{"@type":"ImageObject","inLanguage":"fr-FR","@id":"https:\/\/rls-wacon.de\/#\/schema\/logo\/image\/","url":"https:\/\/rls-wacon.de\/wp-content\/uploads\/2022\/10\/RLSWacon-analytics-Logo-BR-RZ-9_17-768x1591.png","contentUrl":"https:\/\/rls-wacon.de\/wp-content\/uploads\/2022\/10\/RLSWacon-analytics-Logo-BR-RZ-9_17-768x1591.png","width":768,"height":159,"caption":"RLS Wacon analytics GmbH"},"image":{"@id":"https:\/\/rls-wacon.de\/#\/schema\/logo\/image\/"}}]},"og_availability":"instock","product_availability":"instock","product_condition":"new"},"_links":{"self":[{"href":"https:\/\/rls-wacon.de\/fr\/wp-json\/wp\/v2\/product\/21560","targetHints":{"allow":["GET"]}}],"collection":[{"href":"https:\/\/rls-wacon.de\/fr\/wp-json\/wp\/v2\/product"}],"about":[{"href":"https:\/\/rls-wacon.de\/fr\/wp-json\/wp\/v2\/types\/product"}],"version-history":[{"count":1,"href":"https:\/\/rls-wacon.de\/fr\/wp-json\/wp\/v2\/product\/21560\/revisions"}],"predecessor-version":[{"id":28483,"href":"https:\/\/rls-wacon.de\/fr\/wp-json\/wp\/v2\/product\/21560\/revisions\/28483"}],"wp:featuredmedia":[{"embeddable":true,"href":"https:\/\/rls-wacon.de\/fr\/wp-json\/wp\/v2\/media\/19345"}],"wp:attachment":[{"href":"https:\/\/rls-wacon.de\/fr\/wp-json\/wp\/v2\/media?parent=21560"}],"wp:term":[{"taxonomy":"product_brand","embeddable":true,"href":"https:\/\/rls-wacon.de\/fr\/wp-json\/wp\/v2\/product_brand?post=21560"},{"taxonomy":"product_cat","embeddable":true,"href":"https:\/\/rls-wacon.de\/fr\/wp-json\/wp\/v2\/product_cat?post=21560"},{"taxonomy":"product_tag","embeddable":true,"href":"https:\/\/rls-wacon.de\/fr\/wp-json\/wp\/v2\/product_tag?post=21560"}],"curies":[{"name":"wp","href":"https:\/\/api.w.org\/{rel}","templated":true}]}}