{"id":21570,"date":"2023-10-24T15:04:32","date_gmt":"2023-10-24T15:04:32","guid":{"rendered":"https:\/\/rls-wacon.de\/produkt\/emetteur-adaptateur-pour-convertir-la-version-c-en-version-e\/"},"modified":"2026-02-16T17:58:09","modified_gmt":"2026-02-16T16:58:09","slug":"emetteur-adaptateur-pour-convertir-la-version-c-en-version-e","status":"publish","type":"product","link":"https:\/\/rls-wacon.de\/fr\/produkt\/emetteur-adaptateur-pour-convertir-la-version-c-en-version-e\/","title":{"rendered":"\u00c9metteur Adaptateur pour convertir la version C en version E"},"content":{"rendered":"","protected":false},"excerpt":{"rendered":"<p>Les escaliers m\u00e9caniques \u00e9quip\u00e9s de circuits de r\u00e9tablissement version C peuvent \u00eatre modernis\u00e9s avec la version E. Pour ce faire, il existe des modules adaptateurs qui se connectent simplement aux c\u00e2bles adaptateurs d\u00e9j\u00e0 pr\u00e9sents dans la version pr\u00e9c\u00e9dente, rendant ainsi leur remplacement inutile. Il suffit d&rsquo;utiliser l&rsquo;\u00e9metteur et le r\u00e9cepteur de la nouvelle version.<\/p>\n<p>Les caract\u00e9ristiques particuli\u00e8res de l&rsquo;adaptateur d&rsquo;\u00e9metteur pour passer de la version C \u00e0 la version E sont les suivantes :<\/p>\n<ul>\n<li>pour la connexion aux c\u00e2bles adaptateurs de la version C existante<\/li>\n<li>extr\u00eamement robuste et r\u00e9sistant aux intemp\u00e9ries<\/li>\n<\/ul>\n","protected":false},"featured_media":19169,"template":"","meta":{"_acf_changed":false},"product_brand":[],"product_cat":[944,1055,1057],"product_tag":[],"class_list":{"0":"post-21570","1":"product","2":"type-product","3":"status-publish","4":"has-post-thumbnail","6":"product_cat-lichtvorhang-fr","7":"product_cat-version-c","8":"product_cat-version-e","10":"first","11":"instock","12":"shipping-taxable","13":"purchasable","14":"product-type-simple"},"exclude_global_add_ons":[],"addons":[],"acf":[],"yoast_head":"<!-- This site is optimized with the Yoast SEO Premium plugin v27.3 (Yoast SEO v27.3) - https:\/\/yoast.com\/product\/yoast-seo-premium-wordpress\/ -->\n<title>\u00c9metteur Adaptateur pour convertir la version C en version E - RLS Wacon analytics<\/title>\n<meta name=\"description\" content=\"Les escaliers m\u00e9caniques \u00e9quip\u00e9s de circuits de r\u00e9tablissement version C peuvent \u00eatre modernis\u00e9s avec la version E.\" \/>\n<meta name=\"robots\" content=\"index, follow, max-snippet:-1, max-image-preview:large, max-video-preview:-1\" \/>\n<link rel=\"canonical\" href=\"https:\/\/rls-wacon.de\/fr\/produkt\/emetteur-adaptateur-pour-convertir-la-version-c-en-version-e\/\" \/>\n<meta property=\"og:locale\" content=\"fr_FR\" \/>\n<meta property=\"og:type\" content=\"article\" \/>\n<meta property=\"og:title\" content=\"\u00c9metteur Adaptateur pour convertir la version C en version E\" \/>\n<meta property=\"og:description\" content=\"Les escaliers m\u00e9caniques \u00e9quip\u00e9s de circuits de r\u00e9tablissement version C peuvent \u00eatre modernis\u00e9s avec la version E.\" \/>\n<meta property=\"og:url\" content=\"https:\/\/rls-wacon.de\/fr\/produkt\/emetteur-adaptateur-pour-convertir-la-version-c-en-version-e\/\" \/>\n<meta property=\"og:site_name\" content=\"RLS Wacon analytics\" \/>\n<meta property=\"article:modified_time\" content=\"2026-02-16T16:58:09+00:00\" \/>\n<meta property=\"og:image\" content=\"https:\/\/rls-wacon.de\/wp-content\/uploads\/2023\/10\/Sender-Adapter-zur-Umruestung-C-auf-E.jpg\" \/>\n\t<meta property=\"og:image:width\" content=\"945\" \/>\n\t<meta property=\"og:image:height\" content=\"560\" \/>\n\t<meta property=\"og:image:type\" content=\"image\/jpeg\" \/>\n<meta name=\"twitter:card\" content=\"summary_large_image\" \/>\n<meta name=\"twitter:label1\" content=\"Prix\" \/>\n\t<meta name=\"twitter:data1\" content=\"9.999,00&nbsp;&euro;\" \/>\n\t<meta name=\"twitter:label2\" content=\"Disponibilit\u00e9\" \/>\n\t<meta name=\"twitter:data2\" content=\"En stock\" \/>\n<script type=\"application\/ld+json\" class=\"yoast-schema-graph\">{\"@context\":\"https:\\\/\\\/schema.org\",\"@graph\":[{\"@type\":\"WebPage\",\"@id\":\"https:\\\/\\\/rls-wacon.de\\\/fr\\\/produkt\\\/emetteur-adaptateur-pour-convertir-la-version-c-en-version-e\\\/\",\"url\":\"https:\\\/\\\/rls-wacon.de\\\/fr\\\/produkt\\\/emetteur-adaptateur-pour-convertir-la-version-c-en-version-e\\\/\",\"name\":\"\u00c9metteur Adaptateur pour convertir la version C en version E - RLS Wacon analytics\",\"isPartOf\":{\"@id\":\"https:\\\/\\\/rls-wacon.de\\\/#website\"},\"primaryImageOfPage\":{\"@id\":\"https:\\\/\\\/rls-wacon.de\\\/fr\\\/produkt\\\/emetteur-adaptateur-pour-convertir-la-version-c-en-version-e\\\/#primaryimage\"},\"image\":{\"@id\":\"https:\\\/\\\/rls-wacon.de\\\/fr\\\/produkt\\\/emetteur-adaptateur-pour-convertir-la-version-c-en-version-e\\\/#primaryimage\"},\"thumbnailUrl\":\"https:\\\/\\\/rls-wacon.de\\\/wp-content\\\/uploads\\\/2023\\\/10\\\/Sender-Adapter-zur-Umruestung-C-auf-E.jpg\",\"datePublished\":\"2023-10-24T15:04:32+00:00\",\"dateModified\":\"2026-02-16T16:58:09+00:00\",\"description\":\"Les escaliers m\u00e9caniques \u00e9quip\u00e9s de circuits de r\u00e9tablissement version C peuvent \u00eatre modernis\u00e9s avec la version E.\",\"breadcrumb\":{\"@id\":\"https:\\\/\\\/rls-wacon.de\\\/fr\\\/produkt\\\/emetteur-adaptateur-pour-convertir-la-version-c-en-version-e\\\/#breadcrumb\"},\"inLanguage\":\"fr-FR\",\"potentialAction\":[{\"@type\":\"ReadAction\",\"target\":[\"https:\\\/\\\/rls-wacon.de\\\/fr\\\/produkt\\\/emetteur-adaptateur-pour-convertir-la-version-c-en-version-e\\\/\"]}]},{\"@type\":\"ImageObject\",\"inLanguage\":\"fr-FR\",\"@id\":\"https:\\\/\\\/rls-wacon.de\\\/fr\\\/produkt\\\/emetteur-adaptateur-pour-convertir-la-version-c-en-version-e\\\/#primaryimage\",\"url\":\"https:\\\/\\\/rls-wacon.de\\\/wp-content\\\/uploads\\\/2023\\\/10\\\/Sender-Adapter-zur-Umruestung-C-auf-E.jpg\",\"contentUrl\":\"https:\\\/\\\/rls-wacon.de\\\/wp-content\\\/uploads\\\/2023\\\/10\\\/Sender-Adapter-zur-Umruestung-C-auf-E.jpg\",\"width\":945,\"height\":560},{\"@type\":\"BreadcrumbList\",\"@id\":\"https:\\\/\\\/rls-wacon.de\\\/fr\\\/produkt\\\/emetteur-adaptateur-pour-convertir-la-version-c-en-version-e\\\/#breadcrumb\",\"itemListElement\":[{\"@type\":\"ListItem\",\"position\":1,\"name\":\"Page d'accueil\",\"item\":\"https:\\\/\\\/rls-wacon.de\\\/\"},{\"@type\":\"ListItem\",\"position\":2,\"name\":\"Boutique\",\"item\":\"https:\\\/\\\/rls-wacon.de\\\/shop\\\/\"},{\"@type\":\"ListItem\",\"position\":3,\"name\":\"\u00c9metteur Adaptateur pour convertir la version C en version E\"}]},{\"@type\":\"WebSite\",\"@id\":\"https:\\\/\\\/rls-wacon.de\\\/#website\",\"url\":\"https:\\\/\\\/rls-wacon.de\\\/\",\"name\":\"RLS Wacon analytics GmbH\",\"description\":\"Experts for water monitoring\",\"publisher\":{\"@id\":\"https:\\\/\\\/rls-wacon.de\\\/#organization\"},\"potentialAction\":[{\"@type\":\"SearchAction\",\"target\":{\"@type\":\"EntryPoint\",\"urlTemplate\":\"https:\\\/\\\/rls-wacon.de\\\/?s={search_term_string}\"},\"query-input\":{\"@type\":\"PropertyValueSpecification\",\"valueRequired\":true,\"valueName\":\"search_term_string\"}}],\"inLanguage\":\"fr-FR\"},{\"@type\":\"Organization\",\"@id\":\"https:\\\/\\\/rls-wacon.de\\\/#organization\",\"name\":\"RLS Wacon analytics GmbH\",\"url\":\"https:\\\/\\\/rls-wacon.de\\\/\",\"logo\":{\"@type\":\"ImageObject\",\"inLanguage\":\"fr-FR\",\"@id\":\"https:\\\/\\\/rls-wacon.de\\\/#\\\/schema\\\/logo\\\/image\\\/\",\"url\":\"https:\\\/\\\/rls-wacon.de\\\/wp-content\\\/uploads\\\/2022\\\/10\\\/RLSWacon-analytics-Logo-BR-RZ-9_17-768x1591.png\",\"contentUrl\":\"https:\\\/\\\/rls-wacon.de\\\/wp-content\\\/uploads\\\/2022\\\/10\\\/RLSWacon-analytics-Logo-BR-RZ-9_17-768x1591.png\",\"width\":768,\"height\":159,\"caption\":\"RLS Wacon analytics GmbH\"},\"image\":{\"@id\":\"https:\\\/\\\/rls-wacon.de\\\/#\\\/schema\\\/logo\\\/image\\\/\"}}]}<\/script>\n<meta property=\"product:price:amount\" content=\"9999.00\" \/>\n<meta property=\"product:price:currency\" content=\"EUR\" \/>\n<meta property=\"og:availability\" content=\"instock\" \/>\n<meta property=\"product:availability\" content=\"instock\" \/>\n<meta property=\"product:condition\" content=\"new\" \/>\n<!-- \/ Yoast SEO Premium plugin. -->","yoast_head_json":{"title":"\u00c9metteur Adaptateur pour convertir la version C en version E - RLS Wacon analytics","description":"Les escaliers m\u00e9caniques \u00e9quip\u00e9s de circuits de r\u00e9tablissement version C peuvent \u00eatre modernis\u00e9s avec la version E.","robots":{"index":"index","follow":"follow","max-snippet":"max-snippet:-1","max-image-preview":"max-image-preview:large","max-video-preview":"max-video-preview:-1"},"canonical":"https:\/\/rls-wacon.de\/fr\/produkt\/emetteur-adaptateur-pour-convertir-la-version-c-en-version-e\/","og_locale":"fr_FR","og_type":"article","og_title":"\u00c9metteur Adaptateur pour convertir la version C en version E","og_description":"Les escaliers m\u00e9caniques \u00e9quip\u00e9s de circuits de r\u00e9tablissement version C peuvent \u00eatre modernis\u00e9s avec la version E.","og_url":"https:\/\/rls-wacon.de\/fr\/produkt\/emetteur-adaptateur-pour-convertir-la-version-c-en-version-e\/","og_site_name":"RLS Wacon analytics","article_modified_time":"2026-02-16T16:58:09+00:00","og_image":[{"width":945,"height":560,"url":"https:\/\/rls-wacon.de\/wp-content\/uploads\/2023\/10\/Sender-Adapter-zur-Umruestung-C-auf-E.jpg","type":"image\/jpeg"}],"twitter_card":"summary_large_image","twitter_misc":{"Prix":"9.999,00&nbsp;&euro;","Disponibilit\u00e9":"En stock"},"schema":{"@context":"https:\/\/schema.org","@graph":[{"@type":"WebPage","@id":"https:\/\/rls-wacon.de\/fr\/produkt\/emetteur-adaptateur-pour-convertir-la-version-c-en-version-e\/","url":"https:\/\/rls-wacon.de\/fr\/produkt\/emetteur-adaptateur-pour-convertir-la-version-c-en-version-e\/","name":"\u00c9metteur Adaptateur pour convertir la version C en version E - RLS Wacon analytics","isPartOf":{"@id":"https:\/\/rls-wacon.de\/#website"},"primaryImageOfPage":{"@id":"https:\/\/rls-wacon.de\/fr\/produkt\/emetteur-adaptateur-pour-convertir-la-version-c-en-version-e\/#primaryimage"},"image":{"@id":"https:\/\/rls-wacon.de\/fr\/produkt\/emetteur-adaptateur-pour-convertir-la-version-c-en-version-e\/#primaryimage"},"thumbnailUrl":"https:\/\/rls-wacon.de\/wp-content\/uploads\/2023\/10\/Sender-Adapter-zur-Umruestung-C-auf-E.jpg","datePublished":"2023-10-24T15:04:32+00:00","dateModified":"2026-02-16T16:58:09+00:00","description":"Les escaliers m\u00e9caniques \u00e9quip\u00e9s de circuits de r\u00e9tablissement version C peuvent \u00eatre modernis\u00e9s avec la version E.","breadcrumb":{"@id":"https:\/\/rls-wacon.de\/fr\/produkt\/emetteur-adaptateur-pour-convertir-la-version-c-en-version-e\/#breadcrumb"},"inLanguage":"fr-FR","potentialAction":[{"@type":"ReadAction","target":["https:\/\/rls-wacon.de\/fr\/produkt\/emetteur-adaptateur-pour-convertir-la-version-c-en-version-e\/"]}]},{"@type":"ImageObject","inLanguage":"fr-FR","@id":"https:\/\/rls-wacon.de\/fr\/produkt\/emetteur-adaptateur-pour-convertir-la-version-c-en-version-e\/#primaryimage","url":"https:\/\/rls-wacon.de\/wp-content\/uploads\/2023\/10\/Sender-Adapter-zur-Umruestung-C-auf-E.jpg","contentUrl":"https:\/\/rls-wacon.de\/wp-content\/uploads\/2023\/10\/Sender-Adapter-zur-Umruestung-C-auf-E.jpg","width":945,"height":560},{"@type":"BreadcrumbList","@id":"https:\/\/rls-wacon.de\/fr\/produkt\/emetteur-adaptateur-pour-convertir-la-version-c-en-version-e\/#breadcrumb","itemListElement":[{"@type":"ListItem","position":1,"name":"Page d'accueil","item":"https:\/\/rls-wacon.de\/"},{"@type":"ListItem","position":2,"name":"Boutique","item":"https:\/\/rls-wacon.de\/shop\/"},{"@type":"ListItem","position":3,"name":"\u00c9metteur Adaptateur pour convertir la version C en version E"}]},{"@type":"WebSite","@id":"https:\/\/rls-wacon.de\/#website","url":"https:\/\/rls-wacon.de\/","name":"RLS Wacon analytics GmbH","description":"Experts for water monitoring","publisher":{"@id":"https:\/\/rls-wacon.de\/#organization"},"potentialAction":[{"@type":"SearchAction","target":{"@type":"EntryPoint","urlTemplate":"https:\/\/rls-wacon.de\/?s={search_term_string}"},"query-input":{"@type":"PropertyValueSpecification","valueRequired":true,"valueName":"search_term_string"}}],"inLanguage":"fr-FR"},{"@type":"Organization","@id":"https:\/\/rls-wacon.de\/#organization","name":"RLS Wacon analytics GmbH","url":"https:\/\/rls-wacon.de\/","logo":{"@type":"ImageObject","inLanguage":"fr-FR","@id":"https:\/\/rls-wacon.de\/#\/schema\/logo\/image\/","url":"https:\/\/rls-wacon.de\/wp-content\/uploads\/2022\/10\/RLSWacon-analytics-Logo-BR-RZ-9_17-768x1591.png","contentUrl":"https:\/\/rls-wacon.de\/wp-content\/uploads\/2022\/10\/RLSWacon-analytics-Logo-BR-RZ-9_17-768x1591.png","width":768,"height":159,"caption":"RLS Wacon analytics GmbH"},"image":{"@id":"https:\/\/rls-wacon.de\/#\/schema\/logo\/image\/"}}]},"product_price_amount":"9999.00","product_price_currency":"EUR","og_availability":"instock","product_availability":"instock","product_condition":"new"},"_links":{"self":[{"href":"https:\/\/rls-wacon.de\/fr\/wp-json\/wp\/v2\/product\/21570","targetHints":{"allow":["GET"]}}],"collection":[{"href":"https:\/\/rls-wacon.de\/fr\/wp-json\/wp\/v2\/product"}],"about":[{"href":"https:\/\/rls-wacon.de\/fr\/wp-json\/wp\/v2\/types\/product"}],"version-history":[{"count":1,"href":"https:\/\/rls-wacon.de\/fr\/wp-json\/wp\/v2\/product\/21570\/revisions"}],"predecessor-version":[{"id":28486,"href":"https:\/\/rls-wacon.de\/fr\/wp-json\/wp\/v2\/product\/21570\/revisions\/28486"}],"wp:featuredmedia":[{"embeddable":true,"href":"https:\/\/rls-wacon.de\/fr\/wp-json\/wp\/v2\/media\/19169"}],"wp:attachment":[{"href":"https:\/\/rls-wacon.de\/fr\/wp-json\/wp\/v2\/media?parent=21570"}],"wp:term":[{"taxonomy":"product_brand","embeddable":true,"href":"https:\/\/rls-wacon.de\/fr\/wp-json\/wp\/v2\/product_brand?post=21570"},{"taxonomy":"product_cat","embeddable":true,"href":"https:\/\/rls-wacon.de\/fr\/wp-json\/wp\/v2\/product_cat?post=21570"},{"taxonomy":"product_tag","embeddable":true,"href":"https:\/\/rls-wacon.de\/fr\/wp-json\/wp\/v2\/product_tag?post=21570"}],"curies":[{"name":"wp","href":"https:\/\/api.w.org\/{rel}","templated":true}]}}