{"id":21571,"date":"2023-10-24T15:04:32","date_gmt":"2023-10-24T15:04:32","guid":{"rendered":"https:\/\/rls-wacon.de\/produkt\/capteur-radar-rms-c-v\/"},"modified":"2026-02-16T17:58:42","modified_gmt":"2026-02-16T16:58:42","slug":"capteur-radar-rms-c-v","status":"publish","type":"product","link":"https:\/\/rls-wacon.de\/fr\/produkt\/capteur-radar-rms-c-v\/","title":{"rendered":"Capteur radar RMS-C-V"},"content":{"rendered":"<hr class=\"system-pagebreak\" title=\"Sp\u00e9cifications\" \/>\n<table class=\"rls-table\">\n<tbody>\n<tr>\n<td>Param\u00e8tre<\/td>\n<td>Valeur<\/td>\n<td>min.<\/td>\n<td>typ.<\/td>\n<td>max.<\/td>\n<\/tr>\n<tr>\n<td>Tension de fonctionnement<\/td>\n<td><\/td>\n<td>10 VDC<\/td>\n<td>24 VDC<\/td>\n<td>30 VDC<\/td>\n<\/tr>\n<tr>\n<td>Consommation \u00e9lectrique<\/td>\n<td><\/td>\n<td><\/td>\n<td><\/td>\n<td>0,5 W<\/td>\n<\/tr>\n<tr>\n<td>Plage de temp\u00e9rature<\/td>\n<td><\/td>\n<td>&#8211; 20 \u00b0C<\/td>\n<td><\/td>\n<td>60 \u00b0C<\/td>\n<\/tr>\n<tr>\n<td>Classe de protection<\/td>\n<td>IP 67<\/td>\n<td><\/td>\n<td><\/td>\n<td><\/td>\n<\/tr>\n<tr>\n<td>Mat\u00e9riau du bo\u00eetier<\/td>\n<td>PC<\/td>\n<td><\/td>\n<td><\/td>\n<td><\/td>\n<\/tr>\n<tr>\n<td>Dimensions<\/td>\n<td>56 x 46 x 22 mm<\/td>\n<td><\/td>\n<td><\/td>\n<td><\/td>\n<\/tr>\n<\/tbody>\n<\/table>\n<p>&nbsp;<\/p>\n<hr class=\"system-pagebreak\" title=\"Donn\u00e9es techniques\" \/>\n<table class=\"rls-table\">\n<tbody>\n<tr>\n<td>Param\u00e8tre<\/td>\n<td>Valeur<\/td>\n<td>min.<\/td>\n<td>typ.<\/td>\n<td>max.<\/td>\n<\/tr>\n<tr>\n<td>Zone de d\u00e9tection<\/td>\n<td><\/td>\n<td>0,5 m<\/td>\n<td>2,5 m<\/td>\n<td>5,0 m<\/td>\n<\/tr>\n<tr>\n<td>Angle de faisceau, horizontal<\/td>\n<td><\/td>\n<td><\/td>\n<td>80 \u00b0<\/td>\n<td><\/td>\n<\/tr>\n<tr>\n<td>Angle de faisceau, vertical<\/td>\n<td><\/td>\n<td><\/td>\n<td>32 \u00b0<\/td>\n<td><\/td>\n<\/tr>\n<tr>\n<td>Fr\u00e9quence<\/td>\n<td><\/td>\n<td><\/td>\n<td>24 GHz<\/td>\n<td><\/td>\n<\/tr>\n<tr>\n<td>Puissance d&rsquo;\u00e9mission<\/td>\n<td><\/td>\n<td><\/td>\n<td><\/td>\n<td>15 dBm PIRE<\/td>\n<\/tr>\n<tr>\n<td>Sortie de signal<\/td>\n<td>active low, optocoupleur\/contact \u00e0 ouverture, possibilit\u00e9 de mise en cascade<\/td>\n<td><\/td>\n<td><\/td>\n<td><\/td>\n<\/tr>\n<tr>\n<td>C\u00e2ble de raccordement<\/td>\n<td>5 m de LIYY 4 x 0,25 m\u00b2<\/td>\n<td><\/td>\n<td><\/td>\n<td><\/td>\n<\/tr>\n<tr>\n<td>Direction<\/td>\n<td>approximativement<\/td>\n<td><\/td>\n<td><\/td>\n<td><\/td>\n<\/tr>\n<tr>\n<td>Orientation de l&rsquo;antenne<\/td>\n<td>0\u00b0<\/td>\n<td><\/td>\n<td><\/td>\n<td><\/td>\n<\/tr>\n<\/tbody>\n<\/table>\n<p>&nbsp;<\/p>\n<hr class=\"system-pagebreak\" title=\"Normes\" \/>\n<table class=\"rls-table\">\n<tbody>\n<tr>\n<td>Norme<\/td>\n<\/tr>\n<tr>\n<td>ETSI EN300440-1 V1.3.1 (2001-09)<\/td>\n<\/tr>\n<tr>\n<td>ETSI EN300440-2 V1.1.1 (2001-09)<\/td>\n<\/tr>\n<tr>\n<td>VDE 0848(08\/2000) Part1<\/td>\n<\/tr>\n<tr>\n<td>VDE 0848(01\/1991) Partie 2<\/td>\n<\/tr>\n<tr>\n<td>Lignes directrices de l&rsquo;ICNIRP (04\/1998)<\/td>\n<\/tr>\n<tr>\n<td>EN50 081-1<\/td>\n<\/tr>\n<tr>\n<td>EN50 082-1<\/td>\n<\/tr>\n<\/tbody>\n<\/table>\n<p>&nbsp;<\/p>\n<hr class=\"system-pagebreak\" title=\"Affectation des c\u00e2bles\" \/>\n<table class=\"rls-table\">\n<tbody>\n<tr>\n<td>Couleur<\/td>\n<td>Affectation<\/td>\n<\/tr>\n<tr>\n<td>marron<\/td>\n<td>+ 24 V DC<\/td>\n<\/tr>\n<tr>\n<td>blanc<\/td>\n<td>GND<\/td>\n<\/tr>\n<tr>\n<td>vert<\/td>\n<td>Optocoupleur de sortie &#8211;<\/td>\n<\/tr>\n<tr>\n<td>jaune<\/td>\n<td>Sortie optocoupleur +<\/td>\n<\/tr>\n<\/tbody>\n<\/table>\n","protected":false},"excerpt":{"rendered":"<p>Le capteur radar RMS-C-V sert de d\u00e9tecteur de mouvement pour les objets qui s&rsquo;approchent. La port\u00e9e de d\u00e9tection est comprise entre 0,5 m et 5,0 m environ. La port\u00e9e est r\u00e9gl\u00e9e en usine selon les besoins du client et varie en fonction de la taille, de la forme et de la vitesse des objets en mouvement.<\/p>\n<p>Les caract\u00e9ristiques particuli\u00e8res sont<\/p>\n<ul>\n<li>faible consommation d&rsquo;\u00e9nergie<\/li>\n<li>installation invisible possible<\/li>\n<li>sans entretien<\/li>\n<li>montage facile<\/li>\n<\/ul>\n<p>&nbsp;<\/p>\n<p>Le capteur radar RMS-C-V est notamment utilis\u00e9 dans les domaines suivants :<\/p>\n<ul>\n<li>Contr\u00f4le d&rsquo;acc\u00e8s<\/li>\n<li>Contr\u00f4le de porte<\/li>\n<li>Reconnaissance des personnes et des objets<\/li>\n<li>D\u00e9tection de mouvement<\/li>\n<\/ul>\n<p>&nbsp;<\/p>\n","protected":false},"featured_media":0,"template":"","meta":{"_acf_changed":false},"product_brand":[],"product_cat":[1047],"product_tag":[],"class_list":{"0":"post-21571","1":"product","2":"type-product","3":"status-publish","5":"product_cat-capteurs-radars","7":"first","8":"instock","9":"shipping-taxable","10":"purchasable","11":"product-type-simple"},"exclude_global_add_ons":[],"addons":[],"acf":[],"yoast_head":"<!-- This site is optimized with the Yoast SEO Premium plugin v27.3 (Yoast SEO v27.3) - https:\/\/yoast.com\/product\/yoast-seo-premium-wordpress\/ -->\n<title>Capteur radar RMS-C-V - RLS Wacon analytics<\/title>\n<meta name=\"description\" content=\"Le capteur radar RMS-C-V sert de d\u00e9tecteur de mouvement pour les objets qui s&#039;approchent.\" \/>\n<meta name=\"robots\" content=\"index, follow, max-snippet:-1, max-image-preview:large, max-video-preview:-1\" \/>\n<link rel=\"canonical\" href=\"https:\/\/rls-wacon.de\/fr\/produkt\/capteur-radar-rms-c-v\/\" \/>\n<meta property=\"og:locale\" content=\"fr_FR\" \/>\n<meta property=\"og:type\" content=\"article\" \/>\n<meta property=\"og:title\" content=\"Capteur radar RMS-C-V\" \/>\n<meta property=\"og:description\" content=\"Le capteur radar RMS-C-V sert de d\u00e9tecteur de mouvement pour les objets qui s&#039;approchent.\" \/>\n<meta property=\"og:url\" content=\"https:\/\/rls-wacon.de\/fr\/produkt\/capteur-radar-rms-c-v\/\" \/>\n<meta property=\"og:site_name\" content=\"RLS Wacon analytics\" \/>\n<meta property=\"article:modified_time\" content=\"2026-02-16T16:58:42+00:00\" \/>\n<meta name=\"twitter:card\" content=\"summary_large_image\" \/>\n<meta name=\"twitter:label1\" content=\"Prix\" \/>\n\t<meta name=\"twitter:data1\" content=\"9.999,00&nbsp;&euro;\" \/>\n\t<meta name=\"twitter:label2\" content=\"Disponibilit\u00e9\" \/>\n\t<meta name=\"twitter:data2\" content=\"En stock\" \/>\n<script type=\"application\/ld+json\" class=\"yoast-schema-graph\">{\"@context\":\"https:\\\/\\\/schema.org\",\"@graph\":[{\"@type\":\"WebPage\",\"@id\":\"https:\\\/\\\/rls-wacon.de\\\/fr\\\/produkt\\\/capteur-radar-rms-c-v\\\/\",\"url\":\"https:\\\/\\\/rls-wacon.de\\\/fr\\\/produkt\\\/capteur-radar-rms-c-v\\\/\",\"name\":\"Capteur radar RMS-C-V - RLS Wacon analytics\",\"isPartOf\":{\"@id\":\"https:\\\/\\\/rls-wacon.de\\\/#website\"},\"datePublished\":\"2023-10-24T15:04:32+00:00\",\"dateModified\":\"2026-02-16T16:58:42+00:00\",\"description\":\"Le capteur radar RMS-C-V sert de d\u00e9tecteur de mouvement pour les objets qui s'approchent.\",\"breadcrumb\":{\"@id\":\"https:\\\/\\\/rls-wacon.de\\\/fr\\\/produkt\\\/capteur-radar-rms-c-v\\\/#breadcrumb\"},\"inLanguage\":\"fr-FR\",\"potentialAction\":[{\"@type\":\"ReadAction\",\"target\":[\"https:\\\/\\\/rls-wacon.de\\\/fr\\\/produkt\\\/capteur-radar-rms-c-v\\\/\"]}]},{\"@type\":\"BreadcrumbList\",\"@id\":\"https:\\\/\\\/rls-wacon.de\\\/fr\\\/produkt\\\/capteur-radar-rms-c-v\\\/#breadcrumb\",\"itemListElement\":[{\"@type\":\"ListItem\",\"position\":1,\"name\":\"Page d'accueil\",\"item\":\"https:\\\/\\\/rls-wacon.de\\\/\"},{\"@type\":\"ListItem\",\"position\":2,\"name\":\"Boutique\",\"item\":\"https:\\\/\\\/rls-wacon.de\\\/shop\\\/\"},{\"@type\":\"ListItem\",\"position\":3,\"name\":\"Capteur radar RMS-C-V\"}]},{\"@type\":\"WebSite\",\"@id\":\"https:\\\/\\\/rls-wacon.de\\\/#website\",\"url\":\"https:\\\/\\\/rls-wacon.de\\\/\",\"name\":\"RLS Wacon analytics GmbH\",\"description\":\"Experts for water monitoring\",\"publisher\":{\"@id\":\"https:\\\/\\\/rls-wacon.de\\\/#organization\"},\"potentialAction\":[{\"@type\":\"SearchAction\",\"target\":{\"@type\":\"EntryPoint\",\"urlTemplate\":\"https:\\\/\\\/rls-wacon.de\\\/?s={search_term_string}\"},\"query-input\":{\"@type\":\"PropertyValueSpecification\",\"valueRequired\":true,\"valueName\":\"search_term_string\"}}],\"inLanguage\":\"fr-FR\"},{\"@type\":\"Organization\",\"@id\":\"https:\\\/\\\/rls-wacon.de\\\/#organization\",\"name\":\"RLS Wacon analytics GmbH\",\"url\":\"https:\\\/\\\/rls-wacon.de\\\/\",\"logo\":{\"@type\":\"ImageObject\",\"inLanguage\":\"fr-FR\",\"@id\":\"https:\\\/\\\/rls-wacon.de\\\/#\\\/schema\\\/logo\\\/image\\\/\",\"url\":\"https:\\\/\\\/rls-wacon.de\\\/wp-content\\\/uploads\\\/2022\\\/10\\\/RLSWacon-analytics-Logo-BR-RZ-9_17-768x1591.png\",\"contentUrl\":\"https:\\\/\\\/rls-wacon.de\\\/wp-content\\\/uploads\\\/2022\\\/10\\\/RLSWacon-analytics-Logo-BR-RZ-9_17-768x1591.png\",\"width\":768,\"height\":159,\"caption\":\"RLS Wacon analytics GmbH\"},\"image\":{\"@id\":\"https:\\\/\\\/rls-wacon.de\\\/#\\\/schema\\\/logo\\\/image\\\/\"}}]}<\/script>\n<meta property=\"product:price:amount\" content=\"9999.00\" \/>\n<meta property=\"product:price:currency\" content=\"EUR\" \/>\n<meta property=\"og:availability\" content=\"instock\" \/>\n<meta property=\"product:availability\" content=\"instock\" \/>\n<meta property=\"product:condition\" content=\"new\" \/>\n<!-- \/ Yoast SEO Premium plugin. -->","yoast_head_json":{"title":"Capteur radar RMS-C-V - RLS Wacon analytics","description":"Le capteur radar RMS-C-V sert de d\u00e9tecteur de mouvement pour les objets qui s'approchent.","robots":{"index":"index","follow":"follow","max-snippet":"max-snippet:-1","max-image-preview":"max-image-preview:large","max-video-preview":"max-video-preview:-1"},"canonical":"https:\/\/rls-wacon.de\/fr\/produkt\/capteur-radar-rms-c-v\/","og_locale":"fr_FR","og_type":"article","og_title":"Capteur radar RMS-C-V","og_description":"Le capteur radar RMS-C-V sert de d\u00e9tecteur de mouvement pour les objets qui s'approchent.","og_url":"https:\/\/rls-wacon.de\/fr\/produkt\/capteur-radar-rms-c-v\/","og_site_name":"RLS Wacon analytics","article_modified_time":"2026-02-16T16:58:42+00:00","twitter_card":"summary_large_image","twitter_misc":{"Prix":"9.999,00&nbsp;&euro;","Disponibilit\u00e9":"En stock"},"schema":{"@context":"https:\/\/schema.org","@graph":[{"@type":"WebPage","@id":"https:\/\/rls-wacon.de\/fr\/produkt\/capteur-radar-rms-c-v\/","url":"https:\/\/rls-wacon.de\/fr\/produkt\/capteur-radar-rms-c-v\/","name":"Capteur radar RMS-C-V - RLS Wacon analytics","isPartOf":{"@id":"https:\/\/rls-wacon.de\/#website"},"datePublished":"2023-10-24T15:04:32+00:00","dateModified":"2026-02-16T16:58:42+00:00","description":"Le capteur radar RMS-C-V sert de d\u00e9tecteur de mouvement pour les objets qui s'approchent.","breadcrumb":{"@id":"https:\/\/rls-wacon.de\/fr\/produkt\/capteur-radar-rms-c-v\/#breadcrumb"},"inLanguage":"fr-FR","potentialAction":[{"@type":"ReadAction","target":["https:\/\/rls-wacon.de\/fr\/produkt\/capteur-radar-rms-c-v\/"]}]},{"@type":"BreadcrumbList","@id":"https:\/\/rls-wacon.de\/fr\/produkt\/capteur-radar-rms-c-v\/#breadcrumb","itemListElement":[{"@type":"ListItem","position":1,"name":"Page d'accueil","item":"https:\/\/rls-wacon.de\/"},{"@type":"ListItem","position":2,"name":"Boutique","item":"https:\/\/rls-wacon.de\/shop\/"},{"@type":"ListItem","position":3,"name":"Capteur radar RMS-C-V"}]},{"@type":"WebSite","@id":"https:\/\/rls-wacon.de\/#website","url":"https:\/\/rls-wacon.de\/","name":"RLS Wacon analytics GmbH","description":"Experts for water monitoring","publisher":{"@id":"https:\/\/rls-wacon.de\/#organization"},"potentialAction":[{"@type":"SearchAction","target":{"@type":"EntryPoint","urlTemplate":"https:\/\/rls-wacon.de\/?s={search_term_string}"},"query-input":{"@type":"PropertyValueSpecification","valueRequired":true,"valueName":"search_term_string"}}],"inLanguage":"fr-FR"},{"@type":"Organization","@id":"https:\/\/rls-wacon.de\/#organization","name":"RLS Wacon analytics GmbH","url":"https:\/\/rls-wacon.de\/","logo":{"@type":"ImageObject","inLanguage":"fr-FR","@id":"https:\/\/rls-wacon.de\/#\/schema\/logo\/image\/","url":"https:\/\/rls-wacon.de\/wp-content\/uploads\/2022\/10\/RLSWacon-analytics-Logo-BR-RZ-9_17-768x1591.png","contentUrl":"https:\/\/rls-wacon.de\/wp-content\/uploads\/2022\/10\/RLSWacon-analytics-Logo-BR-RZ-9_17-768x1591.png","width":768,"height":159,"caption":"RLS Wacon analytics GmbH"},"image":{"@id":"https:\/\/rls-wacon.de\/#\/schema\/logo\/image\/"}}]},"product_price_amount":"9999.00","product_price_currency":"EUR","og_availability":"instock","product_availability":"instock","product_condition":"new"},"_links":{"self":[{"href":"https:\/\/rls-wacon.de\/fr\/wp-json\/wp\/v2\/product\/21571","targetHints":{"allow":["GET"]}}],"collection":[{"href":"https:\/\/rls-wacon.de\/fr\/wp-json\/wp\/v2\/product"}],"about":[{"href":"https:\/\/rls-wacon.de\/fr\/wp-json\/wp\/v2\/types\/product"}],"version-history":[{"count":1,"href":"https:\/\/rls-wacon.de\/fr\/wp-json\/wp\/v2\/product\/21571\/revisions"}],"predecessor-version":[{"id":28487,"href":"https:\/\/rls-wacon.de\/fr\/wp-json\/wp\/v2\/product\/21571\/revisions\/28487"}],"wp:attachment":[{"href":"https:\/\/rls-wacon.de\/fr\/wp-json\/wp\/v2\/media?parent=21571"}],"wp:term":[{"taxonomy":"product_brand","embeddable":true,"href":"https:\/\/rls-wacon.de\/fr\/wp-json\/wp\/v2\/product_brand?post=21571"},{"taxonomy":"product_cat","embeddable":true,"href":"https:\/\/rls-wacon.de\/fr\/wp-json\/wp\/v2\/product_cat?post=21571"},{"taxonomy":"product_tag","embeddable":true,"href":"https:\/\/rls-wacon.de\/fr\/wp-json\/wp\/v2\/product_tag?post=21571"}],"curies":[{"name":"wp","href":"https:\/\/api.w.org\/{rel}","templated":true}]}}