{"id":21642,"date":"2023-10-24T15:04:07","date_gmt":"2023-10-24T15:04:07","guid":{"rendered":"https:\/\/rls-wacon.de\/produkt\/kit-de-fixation-sp3800-avec-bague-despacement\/"},"modified":"2026-02-16T18:09:07","modified_gmt":"2026-02-16T17:09:07","slug":"kit-de-fixation-sp3800-avec-bague-despacement","status":"publish","type":"product","link":"https:\/\/rls-wacon.de\/fr\/produkt\/kit-de-fixation-sp3800-avec-bague-despacement\/","title":{"rendered":"Kit de fixation SP3800 avec bague d&rsquo;espacement"},"content":{"rendered":"<hr class=\"system-pagebreak\" title=\"Contenu\" \/>\n<table class=\"rls-table\">\n<tbody>\n<tr>\n<td>Quantit\u00e9<\/td>\n<td>D\u00e9signation<\/td>\n<\/tr>\n<tr>\n<td>2<\/td>\n<td>Vis \u00e0 t\u00eate bomb\u00e9e M5 x 25 mm<\/td>\n<\/tr>\n<tr>\n<td>2<\/td>\n<td>Manchon d&rsquo;\u00e9cartement M5 x 20 mm<\/td>\n<\/tr>\n<tr>\n<td>1<\/td>\n<td>Bride de fixation 74 mm<\/td>\n<\/tr>\n<tr>\n<td>1<\/td>\n<td>Bague d&rsquo;espacement 0,5 mm<\/td>\n<\/tr>\n<\/tbody>\n<\/table>\n","protected":false},"excerpt":{"rendered":"<p>Le kit de fixation SP3800 avec bague d&rsquo;espacement sert \u00e0 fixer un spot LED SP3800.<\/p>\n","protected":false},"featured_media":0,"template":"","meta":{"_acf_changed":false},"product_brand":[],"product_cat":[1053],"product_tag":[],"class_list":{"0":"post-21642","1":"product","2":"type-product","3":"status-publish","5":"product_cat-spots-a-led","7":"first","8":"instock","9":"shipping-taxable","10":"purchasable","11":"product-type-simple"},"exclude_global_add_ons":[],"addons":[],"acf":[],"yoast_head":"<!-- This site is optimized with the Yoast SEO Premium plugin v27.3 (Yoast SEO v27.3) - https:\/\/yoast.com\/product\/yoast-seo-premium-wordpress\/ -->\n<title>Kit de fixation SP3800 avec bague d&#039;espacement - RLS Wacon analytics<\/title>\n<meta name=\"description\" content=\"Le kit de fixation SP3800 avec bague d&#039;espacement sert \u00e0 fixer un spot LED SP3800.\" \/>\n<meta name=\"robots\" content=\"index, follow, max-snippet:-1, max-image-preview:large, max-video-preview:-1\" \/>\n<link rel=\"canonical\" href=\"https:\/\/rls-wacon.de\/fr\/produkt\/kit-de-fixation-sp3800-avec-bague-despacement\/\" \/>\n<meta property=\"og:locale\" content=\"fr_FR\" \/>\n<meta property=\"og:type\" content=\"article\" \/>\n<meta property=\"og:title\" content=\"Kit de fixation SP3800 avec bague d&#039;espacement\" \/>\n<meta property=\"og:description\" content=\"Le kit de fixation SP3800 avec bague d&#039;espacement sert \u00e0 fixer un spot LED SP3800.\" \/>\n<meta property=\"og:url\" content=\"https:\/\/rls-wacon.de\/fr\/produkt\/kit-de-fixation-sp3800-avec-bague-despacement\/\" \/>\n<meta property=\"og:site_name\" content=\"RLS Wacon analytics\" \/>\n<meta property=\"article:modified_time\" content=\"2026-02-16T17:09:07+00:00\" \/>\n<meta name=\"twitter:card\" content=\"summary_large_image\" \/>\n<meta name=\"twitter:label1\" content=\"Prix\" \/>\n\t<meta name=\"twitter:data1\" content=\"9.999,00&nbsp;&euro;\" \/>\n\t<meta name=\"twitter:label2\" content=\"Disponibilit\u00e9\" \/>\n\t<meta name=\"twitter:data2\" content=\"En stock\" \/>\n<script type=\"application\/ld+json\" class=\"yoast-schema-graph\">{\"@context\":\"https:\\\/\\\/schema.org\",\"@graph\":[{\"@type\":\"WebPage\",\"@id\":\"https:\\\/\\\/rls-wacon.de\\\/fr\\\/produkt\\\/kit-de-fixation-sp3800-avec-bague-despacement\\\/\",\"url\":\"https:\\\/\\\/rls-wacon.de\\\/fr\\\/produkt\\\/kit-de-fixation-sp3800-avec-bague-despacement\\\/\",\"name\":\"Kit de fixation SP3800 avec bague d'espacement - RLS Wacon analytics\",\"isPartOf\":{\"@id\":\"https:\\\/\\\/rls-wacon.de\\\/#website\"},\"datePublished\":\"2023-10-24T15:04:07+00:00\",\"dateModified\":\"2026-02-16T17:09:07+00:00\",\"description\":\"Le kit de fixation SP3800 avec bague d'espacement sert \u00e0 fixer un spot LED SP3800.\",\"breadcrumb\":{\"@id\":\"https:\\\/\\\/rls-wacon.de\\\/fr\\\/produkt\\\/kit-de-fixation-sp3800-avec-bague-despacement\\\/#breadcrumb\"},\"inLanguage\":\"fr-FR\",\"potentialAction\":[{\"@type\":\"ReadAction\",\"target\":[\"https:\\\/\\\/rls-wacon.de\\\/fr\\\/produkt\\\/kit-de-fixation-sp3800-avec-bague-despacement\\\/\"]}]},{\"@type\":\"BreadcrumbList\",\"@id\":\"https:\\\/\\\/rls-wacon.de\\\/fr\\\/produkt\\\/kit-de-fixation-sp3800-avec-bague-despacement\\\/#breadcrumb\",\"itemListElement\":[{\"@type\":\"ListItem\",\"position\":1,\"name\":\"Page d'accueil\",\"item\":\"https:\\\/\\\/rls-wacon.de\\\/\"},{\"@type\":\"ListItem\",\"position\":2,\"name\":\"Boutique\",\"item\":\"https:\\\/\\\/rls-wacon.de\\\/shop\\\/\"},{\"@type\":\"ListItem\",\"position\":3,\"name\":\"Kit de fixation SP3800 avec bague d&#8217;espacement\"}]},{\"@type\":\"WebSite\",\"@id\":\"https:\\\/\\\/rls-wacon.de\\\/#website\",\"url\":\"https:\\\/\\\/rls-wacon.de\\\/\",\"name\":\"RLS Wacon analytics GmbH\",\"description\":\"Experts for water monitoring\",\"publisher\":{\"@id\":\"https:\\\/\\\/rls-wacon.de\\\/#organization\"},\"potentialAction\":[{\"@type\":\"SearchAction\",\"target\":{\"@type\":\"EntryPoint\",\"urlTemplate\":\"https:\\\/\\\/rls-wacon.de\\\/?s={search_term_string}\"},\"query-input\":{\"@type\":\"PropertyValueSpecification\",\"valueRequired\":true,\"valueName\":\"search_term_string\"}}],\"inLanguage\":\"fr-FR\"},{\"@type\":\"Organization\",\"@id\":\"https:\\\/\\\/rls-wacon.de\\\/#organization\",\"name\":\"RLS Wacon analytics GmbH\",\"url\":\"https:\\\/\\\/rls-wacon.de\\\/\",\"logo\":{\"@type\":\"ImageObject\",\"inLanguage\":\"fr-FR\",\"@id\":\"https:\\\/\\\/rls-wacon.de\\\/#\\\/schema\\\/logo\\\/image\\\/\",\"url\":\"https:\\\/\\\/rls-wacon.de\\\/wp-content\\\/uploads\\\/2022\\\/10\\\/RLSWacon-analytics-Logo-BR-RZ-9_17-768x1591.png\",\"contentUrl\":\"https:\\\/\\\/rls-wacon.de\\\/wp-content\\\/uploads\\\/2022\\\/10\\\/RLSWacon-analytics-Logo-BR-RZ-9_17-768x1591.png\",\"width\":768,\"height\":159,\"caption\":\"RLS Wacon analytics GmbH\"},\"image\":{\"@id\":\"https:\\\/\\\/rls-wacon.de\\\/#\\\/schema\\\/logo\\\/image\\\/\"}}]}<\/script>\n<meta property=\"product:price:amount\" content=\"9999.00\" \/>\n<meta property=\"product:price:currency\" content=\"EUR\" \/>\n<meta property=\"og:availability\" content=\"instock\" \/>\n<meta property=\"product:availability\" content=\"instock\" \/>\n<meta property=\"product:condition\" content=\"new\" \/>\n<!-- \/ Yoast SEO Premium plugin. -->","yoast_head_json":{"title":"Kit de fixation SP3800 avec bague d'espacement - RLS Wacon analytics","description":"Le kit de fixation SP3800 avec bague d'espacement sert \u00e0 fixer un spot LED SP3800.","robots":{"index":"index","follow":"follow","max-snippet":"max-snippet:-1","max-image-preview":"max-image-preview:large","max-video-preview":"max-video-preview:-1"},"canonical":"https:\/\/rls-wacon.de\/fr\/produkt\/kit-de-fixation-sp3800-avec-bague-despacement\/","og_locale":"fr_FR","og_type":"article","og_title":"Kit de fixation SP3800 avec bague d'espacement","og_description":"Le kit de fixation SP3800 avec bague d'espacement sert \u00e0 fixer un spot LED SP3800.","og_url":"https:\/\/rls-wacon.de\/fr\/produkt\/kit-de-fixation-sp3800-avec-bague-despacement\/","og_site_name":"RLS Wacon analytics","article_modified_time":"2026-02-16T17:09:07+00:00","twitter_card":"summary_large_image","twitter_misc":{"Prix":"9.999,00&nbsp;&euro;","Disponibilit\u00e9":"En stock"},"schema":{"@context":"https:\/\/schema.org","@graph":[{"@type":"WebPage","@id":"https:\/\/rls-wacon.de\/fr\/produkt\/kit-de-fixation-sp3800-avec-bague-despacement\/","url":"https:\/\/rls-wacon.de\/fr\/produkt\/kit-de-fixation-sp3800-avec-bague-despacement\/","name":"Kit de fixation SP3800 avec bague d'espacement - RLS Wacon analytics","isPartOf":{"@id":"https:\/\/rls-wacon.de\/#website"},"datePublished":"2023-10-24T15:04:07+00:00","dateModified":"2026-02-16T17:09:07+00:00","description":"Le kit de fixation SP3800 avec bague d'espacement sert \u00e0 fixer un spot LED SP3800.","breadcrumb":{"@id":"https:\/\/rls-wacon.de\/fr\/produkt\/kit-de-fixation-sp3800-avec-bague-despacement\/#breadcrumb"},"inLanguage":"fr-FR","potentialAction":[{"@type":"ReadAction","target":["https:\/\/rls-wacon.de\/fr\/produkt\/kit-de-fixation-sp3800-avec-bague-despacement\/"]}]},{"@type":"BreadcrumbList","@id":"https:\/\/rls-wacon.de\/fr\/produkt\/kit-de-fixation-sp3800-avec-bague-despacement\/#breadcrumb","itemListElement":[{"@type":"ListItem","position":1,"name":"Page d'accueil","item":"https:\/\/rls-wacon.de\/"},{"@type":"ListItem","position":2,"name":"Boutique","item":"https:\/\/rls-wacon.de\/shop\/"},{"@type":"ListItem","position":3,"name":"Kit de fixation SP3800 avec bague d&#8217;espacement"}]},{"@type":"WebSite","@id":"https:\/\/rls-wacon.de\/#website","url":"https:\/\/rls-wacon.de\/","name":"RLS Wacon analytics GmbH","description":"Experts for water monitoring","publisher":{"@id":"https:\/\/rls-wacon.de\/#organization"},"potentialAction":[{"@type":"SearchAction","target":{"@type":"EntryPoint","urlTemplate":"https:\/\/rls-wacon.de\/?s={search_term_string}"},"query-input":{"@type":"PropertyValueSpecification","valueRequired":true,"valueName":"search_term_string"}}],"inLanguage":"fr-FR"},{"@type":"Organization","@id":"https:\/\/rls-wacon.de\/#organization","name":"RLS Wacon analytics GmbH","url":"https:\/\/rls-wacon.de\/","logo":{"@type":"ImageObject","inLanguage":"fr-FR","@id":"https:\/\/rls-wacon.de\/#\/schema\/logo\/image\/","url":"https:\/\/rls-wacon.de\/wp-content\/uploads\/2022\/10\/RLSWacon-analytics-Logo-BR-RZ-9_17-768x1591.png","contentUrl":"https:\/\/rls-wacon.de\/wp-content\/uploads\/2022\/10\/RLSWacon-analytics-Logo-BR-RZ-9_17-768x1591.png","width":768,"height":159,"caption":"RLS Wacon analytics GmbH"},"image":{"@id":"https:\/\/rls-wacon.de\/#\/schema\/logo\/image\/"}}]},"product_price_amount":"9999.00","product_price_currency":"EUR","og_availability":"instock","product_availability":"instock","product_condition":"new"},"_links":{"self":[{"href":"https:\/\/rls-wacon.de\/fr\/wp-json\/wp\/v2\/product\/21642","targetHints":{"allow":["GET"]}}],"collection":[{"href":"https:\/\/rls-wacon.de\/fr\/wp-json\/wp\/v2\/product"}],"about":[{"href":"https:\/\/rls-wacon.de\/fr\/wp-json\/wp\/v2\/types\/product"}],"version-history":[{"count":1,"href":"https:\/\/rls-wacon.de\/fr\/wp-json\/wp\/v2\/product\/21642\/revisions"}],"predecessor-version":[{"id":28504,"href":"https:\/\/rls-wacon.de\/fr\/wp-json\/wp\/v2\/product\/21642\/revisions\/28504"}],"wp:attachment":[{"href":"https:\/\/rls-wacon.de\/fr\/wp-json\/wp\/v2\/media?parent=21642"}],"wp:term":[{"taxonomy":"product_brand","embeddable":true,"href":"https:\/\/rls-wacon.de\/fr\/wp-json\/wp\/v2\/product_brand?post=21642"},{"taxonomy":"product_cat","embeddable":true,"href":"https:\/\/rls-wacon.de\/fr\/wp-json\/wp\/v2\/product_cat?post=21642"},{"taxonomy":"product_tag","embeddable":true,"href":"https:\/\/rls-wacon.de\/fr\/wp-json\/wp\/v2\/product_tag?post=21642"}],"curies":[{"name":"wp","href":"https:\/\/api.w.org\/{rel}","templated":true}]}}