{"id":21693,"date":"2023-03-11T22:13:14","date_gmt":"2023-03-11T21:13:14","guid":{"rendered":"https:\/\/rls-wacon.de\/produkt\/sycon-sio2\/"},"modified":"2026-04-14T13:32:46","modified_gmt":"2026-04-14T11:32:46","slug":"sycon-sio2","status":"publish","type":"product","link":"https:\/\/rls-wacon.de\/fr\/produkt\/sycon-sio2\/","title":{"rendered":"SYCON SiO2"},"content":{"rendered":"<h2 style=\"color: #0069b3;\">SYCON SiO2 &#8211; Analyseur en ligne pour la mesure automatique de la concentration en silicate<\/h2>\n<h3 style=\"color: #0069b3;\">Pourquoi faut-il surveiller le silicate ?<\/h3>\n<p>Le silicate (SiO\u2082) est un composant naturel de nombreuses eaux et p\u00e9n\u00e8tre dans les processus industriels via l&rsquo;eau brute. \u00c0 faible concentration, le silicate passe inaper\u00e7u &#8211; mais il suffit de quelques ppm pour que des d\u00e9p\u00f4ts vitreux et extr\u00eamement durs se forment sur les aubes des turbines, les membranes et les \u00e9changeurs de chaleur.  <strong>Ces d\u00e9p\u00f4ts sont tr\u00e8s difficiles \u00e0 \u00e9liminer et entra\u00eenent une baisse des performances, une augmentation de la consommation d&rsquo;\u00e9nergie et des arr\u00eats co\u00fbteux.<\/strong><\/p>\n<p>La surveillance du silicate est particuli\u00e8rement critique dans les centrales \u00e9lectriques, les installations d&rsquo;eau ultrapure et partout o\u00f9 des filtres \u00e0 lit m\u00e9lang\u00e9 ou des membranes d&rsquo;osmose inverse sont utilis\u00e9s. Une surveillance en ligne continue permet de d\u00e9tecter \u00e0 temps l&rsquo;\u00e9puisement des m\u00e9dias filtrants et de prot\u00e9ger les composants de l&rsquo;installation situ\u00e9s en aval. <\/p>\n<h3 style=\"color: #0069b3;\">Qu&rsquo;est-ce que le SYCON SiO2 ?<\/h3>\n<p>Le SYCON SiO2 de RLS Wacon est un analyseur en ligne enti\u00e8rement automatis\u00e9 pour la d\u00e9termination quantitative de la concentration en silicate ou en acide silicique dans les eaux de process. Il fonctionne selon la m\u00e9thode colorim\u00e9trique et couvre un large spectre avec deux plages de mesure : de la surveillance de l&rsquo;eau ultra-pure dans la plage inf\u00e9rieure des ppb jusqu&rsquo;aux eaux de process fortement charg\u00e9es avec jusqu&rsquo;\u00e0 150 ppm de SiO\u2082. <\/p>\n<p>Il offre toutes les fonctionnalit\u00e9s de la plate-forme SYCON : quatre sorties relais, Modbus RTU, sortie analogique 4-20 mA, deux entr\u00e9es num\u00e9riques et un \u00e9cran graphique en 9 langues.<\/p>\n<h3 style=\"color: #0069b3;\">Comment fonctionne le SYCON SiO2 ?<\/h3>\n<p>Le SYCON SiO2 fonctionne selon la <strong>m\u00e9thode colorim\u00e9trique<\/strong>. Un \u00e9chantillon d&rsquo;eau est automatiquement introduit dans la chambre de mesure. Les r\u00e9actifs sont ensuite ajout\u00e9s : Dans la plage de mesure LR (Low Range), trois r\u00e9actifs (Silicate-A, -B et -C) sont utilis\u00e9s, dans la plage de mesure HR (High Range), deux r\u00e9actifs (Silicate-B et -C) sont utilis\u00e9s. Les r\u00e9actifs produisent une r\u00e9action color\u00e9e dont l&rsquo;intensit\u00e9 est proportionnelle \u00e0 la concentration en silicate. Un capteur optique \u00e9value l&rsquo;intensit\u00e9 de la couleur et calcule la valeur mesur\u00e9e.    <\/p>\n<p>Avant chaque mesure, l&rsquo;appareil effectue automatiquement un r\u00e9glage du z\u00e9ro afin de compenser les facteurs perturbateurs tels que la turbidit\u00e9 ou la pollution. La dur\u00e9e de l&rsquo;analyse est d&rsquo;environ 15 minutes. Les valeurs mesur\u00e9es s&rsquo;affichent \u00e0 l&rsquo;\u00e9cran et sont automatiquement enregistr\u00e9es sur la carte SD.  <\/p>\n<h3 style=\"color: #0069b3;\">Deux plages de mesure pour diff\u00e9rentes exigences<\/h3>\n<table class=\"h3-table\">\n<thead>\n<tr>\n<th style=\"background-color: #0069b3; color: #ffffff;\">Plage de mesure<\/th>\n<th style=\"background-color: #0069b3; color: #ffffff;\">Plage<\/th>\n<th style=\"background-color: #0069b3; color: #ffffff;\">R\u00e9actifs<\/th>\n<th style=\"background-color: #0069b3; color: #ffffff;\">Application typique<\/th>\n<\/tr>\n<\/thead>\n<tbody>\n<tr>\n<td><strong>LR (gamme basse)<\/strong><\/td>\n<td>0,02-10 ppm SiO\u2082<\/td>\n<td>Silicate-A, -B, -C<\/td>\n<td>Eau ultra-pure, surveillance des filtres \u00e0 lit m\u00e9lang\u00e9, eau d&rsquo;alimentation des chaudi\u00e8res<\/td>\n<\/tr>\n<tr>\n<td><strong>HR (gamme haute)<\/strong><\/td>\n<td>10-150 ppm SiO\u2082<\/td>\n<td>Silicate-B, -C<\/td>\n<td>Surveillance de l&rsquo;eau de process, circuits de refroidissement<\/td>\n<\/tr>\n<\/tbody>\n<\/table>\n<p>La valeur mesur\u00e9e peut \u00eatre affich\u00e9e au choix en tant que silicate (Si) ou acide silicique (SiO\u2082) dans les unit\u00e9s mg\/l, ppm, \u00b5g\/l ou ppb.<\/p>\n<h3 style=\"color: #0069b3;\">Avantages de SYCON SiO2<\/h3>\n<ul class=\"feature-list\">\n<li>Large plage de mesure de 0,02 \u00e0 150 ppm SiO\u2082\n<p style=\"text-indent: 30px; font-style: italic;\">Deux gammes de mesure (LR et HR) couvrent l&rsquo;eau ultra-pure jusqu&rsquo;\u00e0 l&rsquo;eau de process hautement contamin\u00e9e<\/p>\n<\/li>\n<li>R\u00e9glage automatique du z\u00e9ro avant chaque mesure\n<p style=\"text-indent: 30px; font-style: italic;\">Compense la turbidit\u00e9, la pollution et la lumi\u00e8re parasite &#8211; r\u00e9sultats fiables m\u00eame dans des conditions difficiles<\/p>\n<\/li>\n<li>D\u00e9tection pr\u00e9coce de l&rsquo;\u00e9puisement du filtre\n<p style=\"text-indent: 30px; font-style: italic;\">Id\u00e9al pour surveiller les filtres \u00e0 lit m\u00e9lang\u00e9 &#8211; recommand\u00e9 entre le filtre principal et le filtre de police<\/p>\n<\/li>\n<li>Interface RS485 avec Modbus RTU\n<p style=\"text-indent: 30px; font-style: italic;\">Int\u00e9gration transparente dans les syst\u00e8mes PLC et SCADA pour une surveillance centralis\u00e9e des processus<\/p>\n<\/li>\n<li>4 sorties de relais sans potentiel\n<p style=\"text-indent: 30px; font-style: italic;\">Valeur limite 1, valeur limite 2, panne de l&rsquo;appareil, analyse active \/ vanne d&rsquo;eau de refroidissement \/ message de r\u00e9actif<\/p>\n<\/li>\n<li>Bo\u00eetier en plastique compact et non corrosif\n<p style=\"text-indent: 30px; font-style: italic;\">Tous les composants sont facilement accessibles &#8211; maintenance de la chambre de mesure possible sans outils<\/p>\n<\/li>\n<li>Capteur \u00e0 auto-\u00e9talonnage\n<p style=\"text-indent: 30px; font-style: italic;\">Pas d&rsquo;\u00e9talonnage manuel n\u00e9cessaire en mode normal<\/p>\n<\/li>\n<li>Affichage graphique en 9 langues avec carte SD\n<p style=\"text-indent: 30px; font-style: italic;\">Journalisation compl\u00e8te, assistant d&rsquo;installation, mises \u00e0 jour logicielles via une carte SD<\/p>\n<\/li>\n<\/ul>\n","protected":false},"excerpt":{"rendered":"<p>Le SYCON SiO2 est un analyseur permettant de contr\u00f4ler le silicate dans la gamme des ppm.<br \/>\nUn ensemble d&rsquo;indicateurs A, B et C est n\u00e9cessaire pour les mesures dans la gamme basse (LR : 0,02-10 mg\/l).<br \/>\nPour les concentrations plus \u00e9lev\u00e9es (HR : 10-150 mg\/l), un ensemble d&rsquo;indicateurs B et C est n\u00e9cessaire.<\/p>\n<p>Les caract\u00e9ristiques particuli\u00e8res de l&rsquo;analyseur SYCON SiO2 sont les suivantes<\/p>\n<ul>\n<li>Conception compacte avec des composants facilement accessibles<\/li>\n<li>Maintenance sans outil de la cellule de mesure<\/li>\n<li>Utilisation simple et intuitive gr\u00e2ce \u00e0 8 boutons et un grand \u00e9cran<\/li>\n<li>Technologie d&rsquo;analyse durable et pr\u00e9cise<\/li>\n<li>Un \u00e9quipement de s\u00e9rie tr\u00e8s complet<\/li>\n<\/ul>\n<p>Les fonctions suivantes sont affich\u00e9es de mani\u00e8re fiable par l&rsquo;analyseur de silicate SYCON :<\/p>\n<ul>\n<li>Ajustement automatique du point z\u00e9ro avant chaque mesure<\/li>\n<li>Une valeur limite r\u00e9glable individuellement pour la fonction d&rsquo;alarme via un relais<\/li>\n<li>Interfaces pour la sortie des valeurs mesur\u00e9es\n<ul>\n<li>Valeurs mesur\u00e9es et enregistrement sur la carte SD<\/li>\n<li>Modbus RTU<\/li>\n<li>Sortie analogique 4 &#8211; 20 mA pour la valeur mesur\u00e9e ou les messages d&rsquo;\u00e9tat d\u00e9taill\u00e9s<\/li>\n<li>Quatre sorties de relais pour les messages d&rsquo;alarme et d&rsquo;avertissement individuels et pour la commande d&rsquo;autres composants (par exemple, la pompe d&rsquo;\u00e9chantillonnage pour l&rsquo;eau d&rsquo;\u00e9chantillonnage non pressuris\u00e9e).<\/li>\n<\/ul>\n<\/li>\n<li>Deux entr\u00e9es num\u00e9riques programmables<\/li>\n<\/ul>\n<p>&nbsp;<\/p>\n","protected":false},"featured_media":20700,"template":"","meta":{"_acf_changed":false},"product_brand":[],"product_cat":[981,1040],"product_tag":[2709,2585,2584,2324,2712,2711,2589,2713,2590,2708,2710,2707],"class_list":{"0":"post-21693","1":"product","2":"type-product","3":"status-publish","4":"has-post-thumbnail","6":"product_cat-silicate-fr","7":"product_cat-sycon-fr","8":"product_tag-acide-silicique","9":"product_tag-analyse-de-leau","10":"product_tag-analyses-en-ligne","11":"product_tag-centrale-electrique","12":"product_tag-eau-ultra-pure","13":"product_tag-filtre-a-lit-melange","14":"product_tag-modbus-rtu","15":"product_tag-protection-des-turbines","16":"product_tag-rs485","17":"product_tag-silicate-2","18":"product_tag-silice","19":"product_tag-sycon-sio2","21":"first","22":"instock","23":"shipping-taxable","24":"purchasable","25":"product-type-variable"},"exclude_global_add_ons":[],"addons":[],"acf":[],"yoast_head":"<!-- This site is optimized with the Yoast SEO Premium plugin v27.5 (Yoast SEO v27.5) - https:\/\/yoast.com\/product\/yoast-seo-premium-wordpress\/ -->\n<title>SYCON SiO2 - RLS Wacon analytics<\/title>\n<meta name=\"description\" content=\"Le SYCON SiO2 est un analyseur en ligne enti\u00e8rement automatis\u00e9 pour la mesure de la concentration en silicate (0,02-150 ppm). M\u00e9thode colorim\u00e9trique, RS485 Modbus RTU, 4 relais. Fabriqu\u00e9 en Allemagne.\" \/>\n<meta name=\"robots\" content=\"index, follow, max-snippet:-1, max-image-preview:large, max-video-preview:-1\" \/>\n<link rel=\"canonical\" href=\"https:\/\/rls-wacon.de\/fr\/produkt\/sycon-sio2\/\" \/>\n<meta property=\"og:locale\" content=\"fr_FR\" \/>\n<meta property=\"og:type\" content=\"article\" \/>\n<meta property=\"og:title\" content=\"SYCON SiO2\" \/>\n<meta property=\"og:description\" content=\"Le SYCON SiO2 est un analyseur en ligne enti\u00e8rement automatis\u00e9 pour la mesure de la concentration en silicate (0,02-150 ppm). M\u00e9thode colorim\u00e9trique, RS485 Modbus RTU, 4 relais. Fabriqu\u00e9 en Allemagne.\" \/>\n<meta property=\"og:url\" content=\"https:\/\/rls-wacon.de\/fr\/produkt\/sycon-sio2\/\" \/>\n<meta property=\"og:site_name\" content=\"RLS Wacon analytics\" \/>\n<meta property=\"article:modified_time\" content=\"2026-04-14T11:32:46+00:00\" \/>\n<meta property=\"og:image\" content=\"https:\/\/rls-wacon.de\/wp-content\/uploads\/2023\/03\/sycon-sio2.jpg\" \/>\n\t<meta property=\"og:image:width\" content=\"1920\" \/>\n\t<meta property=\"og:image:height\" content=\"1334\" \/>\n\t<meta property=\"og:image:type\" content=\"image\/jpeg\" \/>\n<meta name=\"twitter:card\" content=\"summary_large_image\" \/>\n<meta name=\"twitter:label1\" content=\"Disponibilit\u00e9\" \/>\n\t<meta name=\"twitter:data1\" content=\"En stock\" \/>\n<script type=\"application\/ld+json\" class=\"yoast-schema-graph\">{\"@context\":\"https:\\\/\\\/schema.org\",\"@graph\":[{\"@type\":\"WebPage\",\"@id\":\"https:\\\/\\\/rls-wacon.de\\\/fr\\\/produkt\\\/sycon-sio2\\\/\",\"url\":\"https:\\\/\\\/rls-wacon.de\\\/fr\\\/produkt\\\/sycon-sio2\\\/\",\"name\":\"SYCON SiO2 - RLS Wacon analytics\",\"isPartOf\":{\"@id\":\"https:\\\/\\\/rls-wacon.de\\\/#website\"},\"primaryImageOfPage\":{\"@id\":\"https:\\\/\\\/rls-wacon.de\\\/fr\\\/produkt\\\/sycon-sio2\\\/#primaryimage\"},\"image\":{\"@id\":\"https:\\\/\\\/rls-wacon.de\\\/fr\\\/produkt\\\/sycon-sio2\\\/#primaryimage\"},\"thumbnailUrl\":\"https:\\\/\\\/rls-wacon.de\\\/wp-content\\\/uploads\\\/2023\\\/03\\\/sycon-sio2.jpg\",\"datePublished\":\"2023-03-11T21:13:14+00:00\",\"dateModified\":\"2026-04-14T11:32:46+00:00\",\"description\":\"Le SYCON SiO2 est un analyseur en ligne enti\u00e8rement automatis\u00e9 pour la mesure de la concentration en silicate (0,02-150 ppm). M\u00e9thode colorim\u00e9trique, RS485 Modbus RTU, 4 relais. Fabriqu\u00e9 en Allemagne.\",\"breadcrumb\":{\"@id\":\"https:\\\/\\\/rls-wacon.de\\\/fr\\\/produkt\\\/sycon-sio2\\\/#breadcrumb\"},\"inLanguage\":\"fr-FR\",\"potentialAction\":[{\"@type\":\"ReadAction\",\"target\":[\"https:\\\/\\\/rls-wacon.de\\\/fr\\\/produkt\\\/sycon-sio2\\\/\"]}]},{\"@type\":\"ImageObject\",\"inLanguage\":\"fr-FR\",\"@id\":\"https:\\\/\\\/rls-wacon.de\\\/fr\\\/produkt\\\/sycon-sio2\\\/#primaryimage\",\"url\":\"https:\\\/\\\/rls-wacon.de\\\/wp-content\\\/uploads\\\/2023\\\/03\\\/sycon-sio2.jpg\",\"contentUrl\":\"https:\\\/\\\/rls-wacon.de\\\/wp-content\\\/uploads\\\/2023\\\/03\\\/sycon-sio2.jpg\",\"width\":1920,\"height\":1334,\"caption\":\"sycon-sio2\"},{\"@type\":\"BreadcrumbList\",\"@id\":\"https:\\\/\\\/rls-wacon.de\\\/fr\\\/produkt\\\/sycon-sio2\\\/#breadcrumb\",\"itemListElement\":[{\"@type\":\"ListItem\",\"position\":1,\"name\":\"Page d'accueil\",\"item\":\"https:\\\/\\\/rls-wacon.de\\\/\"},{\"@type\":\"ListItem\",\"position\":2,\"name\":\"Boutique\",\"item\":\"https:\\\/\\\/rls-wacon.de\\\/shop\\\/\"},{\"@type\":\"ListItem\",\"position\":3,\"name\":\"SYCON SiO2\"}]},{\"@type\":\"WebSite\",\"@id\":\"https:\\\/\\\/rls-wacon.de\\\/#website\",\"url\":\"https:\\\/\\\/rls-wacon.de\\\/\",\"name\":\"RLS Wacon analytics GmbH\",\"description\":\"Experts for water monitoring\",\"publisher\":{\"@id\":\"https:\\\/\\\/rls-wacon.de\\\/#organization\"},\"potentialAction\":[{\"@type\":\"SearchAction\",\"target\":{\"@type\":\"EntryPoint\",\"urlTemplate\":\"https:\\\/\\\/rls-wacon.de\\\/?s={search_term_string}\"},\"query-input\":{\"@type\":\"PropertyValueSpecification\",\"valueRequired\":true,\"valueName\":\"search_term_string\"}}],\"inLanguage\":\"fr-FR\"},{\"@type\":\"Organization\",\"@id\":\"https:\\\/\\\/rls-wacon.de\\\/#organization\",\"name\":\"RLS Wacon analytics GmbH\",\"url\":\"https:\\\/\\\/rls-wacon.de\\\/\",\"logo\":{\"@type\":\"ImageObject\",\"inLanguage\":\"fr-FR\",\"@id\":\"https:\\\/\\\/rls-wacon.de\\\/#\\\/schema\\\/logo\\\/image\\\/\",\"url\":\"https:\\\/\\\/rls-wacon.de\\\/wp-content\\\/uploads\\\/2022\\\/10\\\/RLSWacon-analytics-Logo-BR-RZ-9_17-768x1591.png\",\"contentUrl\":\"https:\\\/\\\/rls-wacon.de\\\/wp-content\\\/uploads\\\/2022\\\/10\\\/RLSWacon-analytics-Logo-BR-RZ-9_17-768x1591.png\",\"width\":768,\"height\":159,\"caption\":\"RLS Wacon analytics GmbH\"},\"image\":{\"@id\":\"https:\\\/\\\/rls-wacon.de\\\/#\\\/schema\\\/logo\\\/image\\\/\"}}]}<\/script>\n<meta property=\"og:availability\" content=\"instock\" \/>\n<meta property=\"product:availability\" content=\"instock\" \/>\n<meta property=\"product:retailer_item_id\" content=\"30-000178\" \/>\n<meta property=\"product:condition\" content=\"new\" \/>\n<!-- \/ Yoast SEO Premium plugin. -->","yoast_head_json":{"title":"SYCON SiO2 - RLS Wacon analytics","description":"Le SYCON SiO2 est un analyseur en ligne enti\u00e8rement automatis\u00e9 pour la mesure de la concentration en silicate (0,02-150 ppm). M\u00e9thode colorim\u00e9trique, RS485 Modbus RTU, 4 relais. Fabriqu\u00e9 en Allemagne.","robots":{"index":"index","follow":"follow","max-snippet":"max-snippet:-1","max-image-preview":"max-image-preview:large","max-video-preview":"max-video-preview:-1"},"canonical":"https:\/\/rls-wacon.de\/fr\/produkt\/sycon-sio2\/","og_locale":"fr_FR","og_type":"article","og_title":"SYCON SiO2","og_description":"Le SYCON SiO2 est un analyseur en ligne enti\u00e8rement automatis\u00e9 pour la mesure de la concentration en silicate (0,02-150 ppm). M\u00e9thode colorim\u00e9trique, RS485 Modbus RTU, 4 relais. Fabriqu\u00e9 en Allemagne.","og_url":"https:\/\/rls-wacon.de\/fr\/produkt\/sycon-sio2\/","og_site_name":"RLS Wacon analytics","article_modified_time":"2026-04-14T11:32:46+00:00","og_image":[{"width":1920,"height":1334,"url":"https:\/\/rls-wacon.de\/wp-content\/uploads\/2023\/03\/sycon-sio2.jpg","type":"image\/jpeg"}],"twitter_card":"summary_large_image","twitter_misc":{"Disponibilit\u00e9":"En stock"},"schema":{"@context":"https:\/\/schema.org","@graph":[{"@type":"WebPage","@id":"https:\/\/rls-wacon.de\/fr\/produkt\/sycon-sio2\/","url":"https:\/\/rls-wacon.de\/fr\/produkt\/sycon-sio2\/","name":"SYCON SiO2 - RLS Wacon analytics","isPartOf":{"@id":"https:\/\/rls-wacon.de\/#website"},"primaryImageOfPage":{"@id":"https:\/\/rls-wacon.de\/fr\/produkt\/sycon-sio2\/#primaryimage"},"image":{"@id":"https:\/\/rls-wacon.de\/fr\/produkt\/sycon-sio2\/#primaryimage"},"thumbnailUrl":"https:\/\/rls-wacon.de\/wp-content\/uploads\/2023\/03\/sycon-sio2.jpg","datePublished":"2023-03-11T21:13:14+00:00","dateModified":"2026-04-14T11:32:46+00:00","description":"Le SYCON SiO2 est un analyseur en ligne enti\u00e8rement automatis\u00e9 pour la mesure de la concentration en silicate (0,02-150 ppm). M\u00e9thode colorim\u00e9trique, RS485 Modbus RTU, 4 relais. Fabriqu\u00e9 en Allemagne.","breadcrumb":{"@id":"https:\/\/rls-wacon.de\/fr\/produkt\/sycon-sio2\/#breadcrumb"},"inLanguage":"fr-FR","potentialAction":[{"@type":"ReadAction","target":["https:\/\/rls-wacon.de\/fr\/produkt\/sycon-sio2\/"]}]},{"@type":"ImageObject","inLanguage":"fr-FR","@id":"https:\/\/rls-wacon.de\/fr\/produkt\/sycon-sio2\/#primaryimage","url":"https:\/\/rls-wacon.de\/wp-content\/uploads\/2023\/03\/sycon-sio2.jpg","contentUrl":"https:\/\/rls-wacon.de\/wp-content\/uploads\/2023\/03\/sycon-sio2.jpg","width":1920,"height":1334,"caption":"sycon-sio2"},{"@type":"BreadcrumbList","@id":"https:\/\/rls-wacon.de\/fr\/produkt\/sycon-sio2\/#breadcrumb","itemListElement":[{"@type":"ListItem","position":1,"name":"Page d'accueil","item":"https:\/\/rls-wacon.de\/"},{"@type":"ListItem","position":2,"name":"Boutique","item":"https:\/\/rls-wacon.de\/shop\/"},{"@type":"ListItem","position":3,"name":"SYCON SiO2"}]},{"@type":"WebSite","@id":"https:\/\/rls-wacon.de\/#website","url":"https:\/\/rls-wacon.de\/","name":"RLS Wacon analytics GmbH","description":"Experts for water monitoring","publisher":{"@id":"https:\/\/rls-wacon.de\/#organization"},"potentialAction":[{"@type":"SearchAction","target":{"@type":"EntryPoint","urlTemplate":"https:\/\/rls-wacon.de\/?s={search_term_string}"},"query-input":{"@type":"PropertyValueSpecification","valueRequired":true,"valueName":"search_term_string"}}],"inLanguage":"fr-FR"},{"@type":"Organization","@id":"https:\/\/rls-wacon.de\/#organization","name":"RLS Wacon analytics GmbH","url":"https:\/\/rls-wacon.de\/","logo":{"@type":"ImageObject","inLanguage":"fr-FR","@id":"https:\/\/rls-wacon.de\/#\/schema\/logo\/image\/","url":"https:\/\/rls-wacon.de\/wp-content\/uploads\/2022\/10\/RLSWacon-analytics-Logo-BR-RZ-9_17-768x1591.png","contentUrl":"https:\/\/rls-wacon.de\/wp-content\/uploads\/2022\/10\/RLSWacon-analytics-Logo-BR-RZ-9_17-768x1591.png","width":768,"height":159,"caption":"RLS Wacon analytics GmbH"},"image":{"@id":"https:\/\/rls-wacon.de\/#\/schema\/logo\/image\/"}}]},"og_availability":"instock","product_availability":"instock","product_retailer_item_id":"30-000178","product_condition":"new"},"_links":{"self":[{"href":"https:\/\/rls-wacon.de\/fr\/wp-json\/wp\/v2\/product\/21693","targetHints":{"allow":["GET"]}}],"collection":[{"href":"https:\/\/rls-wacon.de\/fr\/wp-json\/wp\/v2\/product"}],"about":[{"href":"https:\/\/rls-wacon.de\/fr\/wp-json\/wp\/v2\/types\/product"}],"version-history":[{"count":5,"href":"https:\/\/rls-wacon.de\/fr\/wp-json\/wp\/v2\/product\/21693\/revisions"}],"predecessor-version":[{"id":31310,"href":"https:\/\/rls-wacon.de\/fr\/wp-json\/wp\/v2\/product\/21693\/revisions\/31310"}],"wp:featuredmedia":[{"embeddable":true,"href":"https:\/\/rls-wacon.de\/fr\/wp-json\/wp\/v2\/media\/20700"}],"wp:attachment":[{"href":"https:\/\/rls-wacon.de\/fr\/wp-json\/wp\/v2\/media?parent=21693"}],"wp:term":[{"taxonomy":"product_brand","embeddable":true,"href":"https:\/\/rls-wacon.de\/fr\/wp-json\/wp\/v2\/product_brand?post=21693"},{"taxonomy":"product_cat","embeddable":true,"href":"https:\/\/rls-wacon.de\/fr\/wp-json\/wp\/v2\/product_cat?post=21693"},{"taxonomy":"product_tag","embeddable":true,"href":"https:\/\/rls-wacon.de\/fr\/wp-json\/wp\/v2\/product_tag?post=21693"}],"curies":[{"name":"wp","href":"https:\/\/api.w.org\/{rel}","templated":true}]}}