{"id":21741,"date":"2023-09-14T13:54:44","date_gmt":"2023-09-14T13:54:44","guid":{"rendered":"https:\/\/rls-wacon.de\/produkt\/sycon-2502-en-boitier-24-vac-dc\/"},"modified":"2026-02-16T18:38:23","modified_gmt":"2026-02-16T17:38:23","slug":"sycon-2502-en-boitier-24-vac-dc","status":"publish","type":"product","link":"https:\/\/rls-wacon.de\/fr\/produkt\/sycon-2502-en-boitier-24-vac-dc\/","title":{"rendered":"SYCON 2502 en bo\u00eetier (24 VAC\/DC)"},"content":{"rendered":"<ul>\n<li>Surveillance d&rsquo;une valeur limite<\/li>\n<li>Duret\u00e9 r\u00e9siduelle, duret\u00e9 totale ou duret\u00e9 carbonat\u00e9e (capacit\u00e9 acide)<\/li>\n<li>Alarme de manque d&rsquo;indicateurs \/ fonctionnalit\u00e9 BOB<\/li>\n<li>Indicateur d&rsquo;\u00e9tat LED<\/li>\n<li>sans distinction de langue<\/li>\n<li>Fonctionnement automatique par intervalles. Temps d&rsquo;intervalle r\u00e9glable par micro-interrupteur.<\/li>\n<li>Interruption des intervalles par un interrupteur externe en dehors des heures de fonctionnement<\/li>\n<li>Connexions :\n<ul>\n<li>3 sorties libres de potentiel :\n<ul>\n<li>D\u00e9passement de la valeur limite<\/li>\n<li>Dysfonctionnement de l&rsquo;appareil<\/li>\n<li>Analyse active (ex. : vanne d&rsquo;eau de refroidissement d&rsquo;un refroidisseur d&rsquo;\u00e9chantillons)<\/li>\n<\/ul>\n<\/li>\n<li>Entr\u00e9e pour contact libre de potentiel pour le d\u00e9clenchement externe de l&rsquo;analyse ou la mise en pause de l&rsquo;intervalle d&rsquo;analyse interne<\/li>\n<\/ul>\n<\/li>\n<\/ul>\n","protected":false},"excerpt":{"rendered":"<p>Le SYCON 2502 est l&rsquo;analyseur id\u00e9al pour la surveillance des limites des adoucisseurs. Il permet un d\u00e9clenchement de la r\u00e9g\u00e9n\u00e9ration \u00e0 la demande et une surveillance du retour de condensat pour votre chaufferie. La valeur limite de l&rsquo;analyseur SYCON 2502 est d\u00e9termin\u00e9e par l&rsquo;indicateur utilis\u00e9 et contr\u00f4l\u00e9e \u00e0 intervalles de temps fixes. En cas de d\u00e9passement de la valeur limite, un signal est transmis au syst\u00e8me de contr\u00f4le.<\/p>\n","protected":false},"featured_media":20604,"template":"","meta":{"_acf_changed":false},"product_brand":[],"product_cat":[969],"product_tag":[],"class_list":{"0":"post-21741","1":"product","2":"type-product","3":"status-publish","4":"has-post-thumbnail","6":"product_cat-non-classe","8":"first","9":"instock","10":"shipping-taxable","11":"purchasable","12":"product-type-simple"},"exclude_global_add_ons":[],"addons":[],"acf":[],"yoast_head":"<!-- This site is optimized with the Yoast SEO Premium plugin v27.5 (Yoast SEO v27.5) - https:\/\/yoast.com\/product\/yoast-seo-premium-wordpress\/ -->\n<title>SYCON 2502 en bo\u00eetier (24 VAC\/DC) - RLS Wacon analytics<\/title>\n<meta name=\"description\" content=\"Le SYCON 2502 est l&#039;analyseur id\u00e9al pour la surveillance des limites des adoucisseurs.\" \/>\n<meta name=\"robots\" content=\"index, follow, max-snippet:-1, max-image-preview:large, max-video-preview:-1\" \/>\n<link rel=\"canonical\" href=\"https:\/\/rls-wacon.de\/fr\/produkt\/sycon-2502-en-boitier-24-vac-dc\/\" \/>\n<meta property=\"og:locale\" content=\"fr_FR\" \/>\n<meta property=\"og:type\" content=\"article\" \/>\n<meta property=\"og:title\" content=\"SYCON 2502 en bo\u00eetier (24 VAC\/DC)\" \/>\n<meta property=\"og:description\" content=\"Le SYCON 2502 est l&#039;analyseur id\u00e9al pour la surveillance des limites des adoucisseurs.\" \/>\n<meta property=\"og:url\" content=\"https:\/\/rls-wacon.de\/fr\/produkt\/sycon-2502-en-boitier-24-vac-dc\/\" \/>\n<meta property=\"og:site_name\" content=\"RLS Wacon analytics\" \/>\n<meta property=\"article:modified_time\" content=\"2026-02-16T17:38:23+00:00\" \/>\n<meta property=\"og:image\" content=\"https:\/\/rls-wacon.de\/wp-content\/uploads\/2023\/03\/sycon-2502.5.jpg\" \/>\n\t<meta property=\"og:image:width\" content=\"517\" \/>\n\t<meta property=\"og:image:height\" content=\"538\" \/>\n\t<meta property=\"og:image:type\" content=\"image\/jpeg\" \/>\n<meta name=\"twitter:card\" content=\"summary_large_image\" \/>\n<meta name=\"twitter:label1\" content=\"Prix\" \/>\n\t<meta name=\"twitter:data1\" content=\"9.999,00&nbsp;&euro;\" \/>\n\t<meta name=\"twitter:label2\" content=\"Disponibilit\u00e9\" \/>\n\t<meta name=\"twitter:data2\" content=\"En stock\" \/>\n<script type=\"application\/ld+json\" class=\"yoast-schema-graph\">{\"@context\":\"https:\\\/\\\/schema.org\",\"@graph\":[{\"@type\":\"WebPage\",\"@id\":\"https:\\\/\\\/rls-wacon.de\\\/fr\\\/produkt\\\/sycon-2502-en-boitier-24-vac-dc\\\/\",\"url\":\"https:\\\/\\\/rls-wacon.de\\\/fr\\\/produkt\\\/sycon-2502-en-boitier-24-vac-dc\\\/\",\"name\":\"SYCON 2502 en bo\u00eetier (24 VAC\\\/DC) - RLS Wacon analytics\",\"isPartOf\":{\"@id\":\"https:\\\/\\\/rls-wacon.de\\\/#website\"},\"primaryImageOfPage\":{\"@id\":\"https:\\\/\\\/rls-wacon.de\\\/fr\\\/produkt\\\/sycon-2502-en-boitier-24-vac-dc\\\/#primaryimage\"},\"image\":{\"@id\":\"https:\\\/\\\/rls-wacon.de\\\/fr\\\/produkt\\\/sycon-2502-en-boitier-24-vac-dc\\\/#primaryimage\"},\"thumbnailUrl\":\"https:\\\/\\\/rls-wacon.de\\\/wp-content\\\/uploads\\\/2023\\\/03\\\/sycon-2502.5.jpg\",\"datePublished\":\"2023-09-14T13:54:44+00:00\",\"dateModified\":\"2026-02-16T17:38:23+00:00\",\"description\":\"Le SYCON 2502 est l'analyseur id\u00e9al pour la surveillance des limites des adoucisseurs.\",\"breadcrumb\":{\"@id\":\"https:\\\/\\\/rls-wacon.de\\\/fr\\\/produkt\\\/sycon-2502-en-boitier-24-vac-dc\\\/#breadcrumb\"},\"inLanguage\":\"fr-FR\",\"potentialAction\":[{\"@type\":\"ReadAction\",\"target\":[\"https:\\\/\\\/rls-wacon.de\\\/fr\\\/produkt\\\/sycon-2502-en-boitier-24-vac-dc\\\/\"]}]},{\"@type\":\"ImageObject\",\"inLanguage\":\"fr-FR\",\"@id\":\"https:\\\/\\\/rls-wacon.de\\\/fr\\\/produkt\\\/sycon-2502-en-boitier-24-vac-dc\\\/#primaryimage\",\"url\":\"https:\\\/\\\/rls-wacon.de\\\/wp-content\\\/uploads\\\/2023\\\/03\\\/sycon-2502.5.jpg\",\"contentUrl\":\"https:\\\/\\\/rls-wacon.de\\\/wp-content\\\/uploads\\\/2023\\\/03\\\/sycon-2502.5.jpg\",\"width\":517,\"height\":538,\"caption\":\"sycon-2502.5\"},{\"@type\":\"BreadcrumbList\",\"@id\":\"https:\\\/\\\/rls-wacon.de\\\/fr\\\/produkt\\\/sycon-2502-en-boitier-24-vac-dc\\\/#breadcrumb\",\"itemListElement\":[{\"@type\":\"ListItem\",\"position\":1,\"name\":\"Page d'accueil\",\"item\":\"https:\\\/\\\/rls-wacon.de\\\/\"},{\"@type\":\"ListItem\",\"position\":2,\"name\":\"Boutique\",\"item\":\"https:\\\/\\\/rls-wacon.de\\\/shop\\\/\"},{\"@type\":\"ListItem\",\"position\":3,\"name\":\"SYCON 2502 en bo\u00eetier (24 VAC\\\/DC)\"}]},{\"@type\":\"WebSite\",\"@id\":\"https:\\\/\\\/rls-wacon.de\\\/#website\",\"url\":\"https:\\\/\\\/rls-wacon.de\\\/\",\"name\":\"RLS Wacon analytics GmbH\",\"description\":\"Experts for water monitoring\",\"publisher\":{\"@id\":\"https:\\\/\\\/rls-wacon.de\\\/#organization\"},\"potentialAction\":[{\"@type\":\"SearchAction\",\"target\":{\"@type\":\"EntryPoint\",\"urlTemplate\":\"https:\\\/\\\/rls-wacon.de\\\/?s={search_term_string}\"},\"query-input\":{\"@type\":\"PropertyValueSpecification\",\"valueRequired\":true,\"valueName\":\"search_term_string\"}}],\"inLanguage\":\"fr-FR\"},{\"@type\":\"Organization\",\"@id\":\"https:\\\/\\\/rls-wacon.de\\\/#organization\",\"name\":\"RLS Wacon analytics GmbH\",\"url\":\"https:\\\/\\\/rls-wacon.de\\\/\",\"logo\":{\"@type\":\"ImageObject\",\"inLanguage\":\"fr-FR\",\"@id\":\"https:\\\/\\\/rls-wacon.de\\\/#\\\/schema\\\/logo\\\/image\\\/\",\"url\":\"https:\\\/\\\/rls-wacon.de\\\/wp-content\\\/uploads\\\/2022\\\/10\\\/RLSWacon-analytics-Logo-BR-RZ-9_17-768x1591.png\",\"contentUrl\":\"https:\\\/\\\/rls-wacon.de\\\/wp-content\\\/uploads\\\/2022\\\/10\\\/RLSWacon-analytics-Logo-BR-RZ-9_17-768x1591.png\",\"width\":768,\"height\":159,\"caption\":\"RLS Wacon analytics GmbH\"},\"image\":{\"@id\":\"https:\\\/\\\/rls-wacon.de\\\/#\\\/schema\\\/logo\\\/image\\\/\"}}]}<\/script>\n<meta property=\"product:price:amount\" content=\"9999.00\" \/>\n<meta property=\"product:price:currency\" content=\"EUR\" \/>\n<meta property=\"og:availability\" content=\"instock\" \/>\n<meta property=\"product:availability\" content=\"instock\" \/>\n<meta property=\"product:condition\" content=\"new\" \/>\n<!-- \/ Yoast SEO Premium plugin. -->","yoast_head_json":{"title":"SYCON 2502 en bo\u00eetier (24 VAC\/DC) - RLS Wacon analytics","description":"Le SYCON 2502 est l'analyseur id\u00e9al pour la surveillance des limites des adoucisseurs.","robots":{"index":"index","follow":"follow","max-snippet":"max-snippet:-1","max-image-preview":"max-image-preview:large","max-video-preview":"max-video-preview:-1"},"canonical":"https:\/\/rls-wacon.de\/fr\/produkt\/sycon-2502-en-boitier-24-vac-dc\/","og_locale":"fr_FR","og_type":"article","og_title":"SYCON 2502 en bo\u00eetier (24 VAC\/DC)","og_description":"Le SYCON 2502 est l'analyseur id\u00e9al pour la surveillance des limites des adoucisseurs.","og_url":"https:\/\/rls-wacon.de\/fr\/produkt\/sycon-2502-en-boitier-24-vac-dc\/","og_site_name":"RLS Wacon analytics","article_modified_time":"2026-02-16T17:38:23+00:00","og_image":[{"width":517,"height":538,"url":"https:\/\/rls-wacon.de\/wp-content\/uploads\/2023\/03\/sycon-2502.5.jpg","type":"image\/jpeg"}],"twitter_card":"summary_large_image","twitter_misc":{"Prix":"9.999,00&nbsp;&euro;","Disponibilit\u00e9":"En stock"},"schema":{"@context":"https:\/\/schema.org","@graph":[{"@type":"WebPage","@id":"https:\/\/rls-wacon.de\/fr\/produkt\/sycon-2502-en-boitier-24-vac-dc\/","url":"https:\/\/rls-wacon.de\/fr\/produkt\/sycon-2502-en-boitier-24-vac-dc\/","name":"SYCON 2502 en bo\u00eetier (24 VAC\/DC) - RLS Wacon analytics","isPartOf":{"@id":"https:\/\/rls-wacon.de\/#website"},"primaryImageOfPage":{"@id":"https:\/\/rls-wacon.de\/fr\/produkt\/sycon-2502-en-boitier-24-vac-dc\/#primaryimage"},"image":{"@id":"https:\/\/rls-wacon.de\/fr\/produkt\/sycon-2502-en-boitier-24-vac-dc\/#primaryimage"},"thumbnailUrl":"https:\/\/rls-wacon.de\/wp-content\/uploads\/2023\/03\/sycon-2502.5.jpg","datePublished":"2023-09-14T13:54:44+00:00","dateModified":"2026-02-16T17:38:23+00:00","description":"Le SYCON 2502 est l'analyseur id\u00e9al pour la surveillance des limites des adoucisseurs.","breadcrumb":{"@id":"https:\/\/rls-wacon.de\/fr\/produkt\/sycon-2502-en-boitier-24-vac-dc\/#breadcrumb"},"inLanguage":"fr-FR","potentialAction":[{"@type":"ReadAction","target":["https:\/\/rls-wacon.de\/fr\/produkt\/sycon-2502-en-boitier-24-vac-dc\/"]}]},{"@type":"ImageObject","inLanguage":"fr-FR","@id":"https:\/\/rls-wacon.de\/fr\/produkt\/sycon-2502-en-boitier-24-vac-dc\/#primaryimage","url":"https:\/\/rls-wacon.de\/wp-content\/uploads\/2023\/03\/sycon-2502.5.jpg","contentUrl":"https:\/\/rls-wacon.de\/wp-content\/uploads\/2023\/03\/sycon-2502.5.jpg","width":517,"height":538,"caption":"sycon-2502.5"},{"@type":"BreadcrumbList","@id":"https:\/\/rls-wacon.de\/fr\/produkt\/sycon-2502-en-boitier-24-vac-dc\/#breadcrumb","itemListElement":[{"@type":"ListItem","position":1,"name":"Page d'accueil","item":"https:\/\/rls-wacon.de\/"},{"@type":"ListItem","position":2,"name":"Boutique","item":"https:\/\/rls-wacon.de\/shop\/"},{"@type":"ListItem","position":3,"name":"SYCON 2502 en bo\u00eetier (24 VAC\/DC)"}]},{"@type":"WebSite","@id":"https:\/\/rls-wacon.de\/#website","url":"https:\/\/rls-wacon.de\/","name":"RLS Wacon analytics GmbH","description":"Experts for water monitoring","publisher":{"@id":"https:\/\/rls-wacon.de\/#organization"},"potentialAction":[{"@type":"SearchAction","target":{"@type":"EntryPoint","urlTemplate":"https:\/\/rls-wacon.de\/?s={search_term_string}"},"query-input":{"@type":"PropertyValueSpecification","valueRequired":true,"valueName":"search_term_string"}}],"inLanguage":"fr-FR"},{"@type":"Organization","@id":"https:\/\/rls-wacon.de\/#organization","name":"RLS Wacon analytics GmbH","url":"https:\/\/rls-wacon.de\/","logo":{"@type":"ImageObject","inLanguage":"fr-FR","@id":"https:\/\/rls-wacon.de\/#\/schema\/logo\/image\/","url":"https:\/\/rls-wacon.de\/wp-content\/uploads\/2022\/10\/RLSWacon-analytics-Logo-BR-RZ-9_17-768x1591.png","contentUrl":"https:\/\/rls-wacon.de\/wp-content\/uploads\/2022\/10\/RLSWacon-analytics-Logo-BR-RZ-9_17-768x1591.png","width":768,"height":159,"caption":"RLS Wacon analytics GmbH"},"image":{"@id":"https:\/\/rls-wacon.de\/#\/schema\/logo\/image\/"}}]},"product_price_amount":"9999.00","product_price_currency":"EUR","og_availability":"instock","product_availability":"instock","product_condition":"new"},"_links":{"self":[{"href":"https:\/\/rls-wacon.de\/fr\/wp-json\/wp\/v2\/product\/21741","targetHints":{"allow":["GET"]}}],"collection":[{"href":"https:\/\/rls-wacon.de\/fr\/wp-json\/wp\/v2\/product"}],"about":[{"href":"https:\/\/rls-wacon.de\/fr\/wp-json\/wp\/v2\/types\/product"}],"version-history":[{"count":1,"href":"https:\/\/rls-wacon.de\/fr\/wp-json\/wp\/v2\/product\/21741\/revisions"}],"predecessor-version":[{"id":28554,"href":"https:\/\/rls-wacon.de\/fr\/wp-json\/wp\/v2\/product\/21741\/revisions\/28554"}],"wp:featuredmedia":[{"embeddable":true,"href":"https:\/\/rls-wacon.de\/fr\/wp-json\/wp\/v2\/media\/20604"}],"wp:attachment":[{"href":"https:\/\/rls-wacon.de\/fr\/wp-json\/wp\/v2\/media?parent=21741"}],"wp:term":[{"taxonomy":"product_brand","embeddable":true,"href":"https:\/\/rls-wacon.de\/fr\/wp-json\/wp\/v2\/product_brand?post=21741"},{"taxonomy":"product_cat","embeddable":true,"href":"https:\/\/rls-wacon.de\/fr\/wp-json\/wp\/v2\/product_cat?post=21741"},{"taxonomy":"product_tag","embeddable":true,"href":"https:\/\/rls-wacon.de\/fr\/wp-json\/wp\/v2\/product_tag?post=21741"}],"curies":[{"name":"wp","href":"https:\/\/api.w.org\/{rel}","templated":true}]}}