{"id":21745,"date":"2023-09-14T13:54:47","date_gmt":"2023-09-14T13:54:47","guid":{"rendered":"https:\/\/rls-wacon.de\/produkt\/refroidisseur-dechantillons-ac-100-avec-vannes\/"},"modified":"2026-02-16T18:40:36","modified_gmt":"2026-02-16T17:40:36","slug":"refroidisseur-dechantillons-ac-100-avec-vannes","status":"publish","type":"product","link":"https:\/\/rls-wacon.de\/fr\/produkt\/refroidisseur-dechantillons-ac-100-avec-vannes\/","title":{"rendered":"Refroidisseur d&rsquo;\u00e9chantillons AC 100 avec vannes"},"content":{"rendered":"<p>Le refroidisseur d&rsquo;\u00e9chantillons AC 100 est utilis\u00e9 pour pr\u00e9lever un \u00e9chantillon d&rsquo;eau \u00e0 analyser manuellement dans une conduite d&rsquo;eau chaude. En l&rsquo;installant sur la ligne d&rsquo;\u00e9chantillonnage et en y raccordant une ligne d&rsquo;eau froide, il permet de surveiller la qualit\u00e9 d&rsquo;\u00e9chantillons tels que l&rsquo;eau de chaudi\u00e8re, l&rsquo;eau d&rsquo;alimentation de la chaudi\u00e8re et le condensat. L&rsquo;analyse des \u00e9chantillons se fait ensuite, par exemple en utilisant nos kits de test CALDUR.<\/p>\n<p>Les caract\u00e9ristiques particuli\u00e8res des refroidisseurs d&rsquo;\u00e9chantillons de la s\u00e9rie PC comprennent :<\/p>\n<ul>\n<li>Conception compacte<\/li>\n<li>Utilisation d&rsquo;acier inoxydable de haute qualit\u00e9<\/li>\n<li>Pression d&rsquo;entr\u00e9e de l&rsquo;eau de refroidissement jusqu&rsquo;\u00e0 8 bar<\/li>\n<\/ul>\n<hr class=\"system-pagebreak\" title=\"Sp\u00e9cifications g\u00e9n\u00e9rales\" \/>\n<table class=\"wacon-table\">\n<tbody>\n<tr>\n<td>Param\u00e8tre<\/td>\n<td>Valeur \/ Plage<\/td>\n<\/tr>\n<tr>\n<td>Poids<\/td>\n<td>2,4 kg sans les valves \/ 2,72 kg avec les valves<\/td>\n<\/tr>\n<tr>\n<td>Dimensions<\/td>\n<td>Corps 100 x 225 mm \/ serpentin de refroidissement 2,6 m x 8 mm<\/td>\n<\/tr>\n<tr>\n<td>Mat\u00e9riau<\/td>\n<td>Acier inoxydable 1.4571, \u00e9lectropoli<\/td>\n<\/tr>\n<\/tbody>\n<\/table>\n<hr class=\"system-pagebreak\" title=\"Donn\u00e9es techniques\" \/>\n<table class=\"wacon-table\">\n<tbody>\n<tr>\n<td>Param\u00e8tre<\/td>\n<td>Valeur \/ Plage<\/td>\n<\/tr>\n<tr>\n<td>Installation<\/td>\n<td>Montage mural dans un espace clos<\/td>\n<\/tr>\n<tr>\n<td>Entr\u00e9e d&rsquo;eau de refroidissement<\/td>\n<td>8 mm<\/td>\n<\/tr>\n<tr>\n<td>Sortie d&rsquo;eau de refroidissement<\/td>\n<td>1\/2&Prime; m\u00e2le<\/td>\n<\/tr>\n<tr>\n<td>Entr\u00e9e d&rsquo;eau d&rsquo;\u00e9chantillonnage<\/td>\n<td>8 mm<\/td>\n<\/tr>\n<tr>\n<td>Sortie d&rsquo;eau d&rsquo;\u00e9chantillonnage<\/td>\n<td>8 mm<\/td>\n<\/tr>\n<tr>\n<td>Pression nominale<\/td>\n<td>8 bar (sorties ouvertes)<\/td>\n<\/tr>\n<tr>\n<td>Serpentin de refroidissement<\/td>\n<td>16 bar<\/td>\n<\/tr>\n<tr>\n<td>Fixation<\/td>\n<td>2 fois, distance 54 mm, diam\u00e8tre de vis 4 mm<\/td>\n<\/tr>\n<\/tbody>\n<\/table>\n<hr class=\"system-pagebreak\" title=\"Accessoires\" \/>\n<table class=\"wacon-table\">\n<tbody>\n<tr>\n<td>Num\u00e9ro d&rsquo;article<\/td>\n<td>D\u00e9signation de l&rsquo;article<\/td>\n<\/tr>\n<tr>\n<td>30-012110<\/td>\n<td>Vanne eau chaude type HWV 100, vanne de r\u00e9glage fin en laiton, PN 50 bar, 100\u00b0C<\/td>\n<\/tr>\n<tr>\n<td>30-012121<\/td>\n<td>Vanne d&rsquo;eau froide type KWV 150, vanne \u00e0 bille 1\/4<sup>\u00a0\u00bb <\/sup>laiton nickel\u00e9 avec raccords pour tube 8 mm<\/td>\n<\/tr>\n<tr>\n<td><\/td>\n<td><\/td>\n<\/tr>\n<\/tbody>\n<\/table>\n","protected":false},"excerpt":{"rendered":"<p>Le pr\u00e9-refroidisseur PC 200 est utilis\u00e9 pour pr\u00e9lever un \u00e9chantillon d&rsquo;eau dans une conduite d&rsquo;eau chaude. En l&rsquo;installant sur la ligne d&rsquo;\u00e9chantillonnage et en le raccordant \u00e0 une ligne d&rsquo;eau froide, il permet de surveiller automatiquement la qualit\u00e9 d&rsquo;\u00e9chantillons tels que l&rsquo;eau de chaudi\u00e8re, l&rsquo;eau d&rsquo;alimentation de la chaudi\u00e8re et le condensat. Pour d\u00e9terminer la duret\u00e9 de l&rsquo;eau, notre analyseur en ligne SYCON BOB est utilis\u00e9 en aval du refroidisseur d&rsquo;\u00e9chantillons.<\/p>\n<p>Les caract\u00e9ristiques particuli\u00e8res des refroidisseurs d&rsquo;\u00e9chantillons de la s\u00e9rie PC comprennent :<\/p>\n<ul>\n<li>Conception compacte<\/li>\n<li>parfaitement adapt\u00e9 aux analyseurs de la s\u00e9rie Sycon<\/li>\n<li>Utilisation d&rsquo;acier inoxydable de haute qualit\u00e9<\/li>\n<li>Pression d&rsquo;entr\u00e9e de l&rsquo;eau d&rsquo;\u00e9chantillonnage jusqu&rsquo;\u00e0 16 bar<\/li>\n<li>Pression d&rsquo;entr\u00e9e de l&rsquo;eau de refroidissement jusqu&rsquo;\u00e0 8 bar<\/li>\n<\/ul>\n<p>&nbsp;<\/p>\n","protected":false},"featured_media":20591,"template":"","meta":{"_acf_changed":false},"product_brand":[],"product_cat":[1009],"product_tag":[],"class_list":{"0":"post-21745","1":"product","2":"type-product","3":"status-publish","4":"has-post-thumbnail","6":"product_cat-prelevement-dechantillons-et-refroidisseur","8":"first","9":"instock","10":"shipping-taxable","11":"purchasable","12":"product-type-simple"},"exclude_global_add_ons":[],"addons":[],"acf":[],"yoast_head":"<!-- This site is optimized with the Yoast SEO Premium plugin v27.3 (Yoast SEO v27.3) - https:\/\/yoast.com\/product\/yoast-seo-premium-wordpress\/ -->\n<title>Refroidisseur d&#039;\u00e9chantillons AC 100 avec vannes - RLS Wacon analytics<\/title>\n<meta name=\"description\" content=\"Le pr\u00e9-refroidisseur PC 200 est utilis\u00e9 pour pr\u00e9lever un \u00e9chantillon d&#039;eau dans une conduite d&#039;eau chaude.\" \/>\n<meta name=\"robots\" content=\"index, follow, max-snippet:-1, max-image-preview:large, max-video-preview:-1\" \/>\n<link rel=\"canonical\" href=\"https:\/\/rls-wacon.de\/fr\/produkt\/refroidisseur-dechantillons-ac-100-avec-vannes\/\" \/>\n<meta property=\"og:locale\" content=\"fr_FR\" \/>\n<meta property=\"og:type\" content=\"article\" \/>\n<meta property=\"og:title\" content=\"Refroidisseur d&#039;\u00e9chantillons AC 100 avec vannes\" \/>\n<meta property=\"og:description\" content=\"Le pr\u00e9-refroidisseur PC 200 est utilis\u00e9 pour pr\u00e9lever un \u00e9chantillon d&#039;eau dans une conduite d&#039;eau chaude.\" \/>\n<meta property=\"og:url\" content=\"https:\/\/rls-wacon.de\/fr\/produkt\/refroidisseur-dechantillons-ac-100-avec-vannes\/\" \/>\n<meta property=\"og:site_name\" content=\"RLS Wacon analytics\" \/>\n<meta property=\"article:modified_time\" content=\"2026-02-16T17:40:36+00:00\" \/>\n<meta property=\"og:image\" content=\"https:\/\/rls-wacon.de\/wp-content\/uploads\/2023\/09\/probenkuehler-ac-100-mit-ventilen_l.jpg\" \/>\n\t<meta property=\"og:image:width\" content=\"194\" \/>\n\t<meta property=\"og:image:height\" content=\"300\" \/>\n\t<meta property=\"og:image:type\" content=\"image\/jpeg\" \/>\n<meta name=\"twitter:card\" content=\"summary_large_image\" \/>\n<meta name=\"twitter:label1\" content=\"Prix\" \/>\n\t<meta name=\"twitter:data1\" content=\"9.999,00&nbsp;&euro;\" \/>\n\t<meta name=\"twitter:label2\" content=\"Disponibilit\u00e9\" \/>\n\t<meta name=\"twitter:data2\" content=\"En stock\" \/>\n<script type=\"application\/ld+json\" class=\"yoast-schema-graph\">{\"@context\":\"https:\\\/\\\/schema.org\",\"@graph\":[{\"@type\":\"WebPage\",\"@id\":\"https:\\\/\\\/rls-wacon.de\\\/fr\\\/produkt\\\/refroidisseur-dechantillons-ac-100-avec-vannes\\\/\",\"url\":\"https:\\\/\\\/rls-wacon.de\\\/fr\\\/produkt\\\/refroidisseur-dechantillons-ac-100-avec-vannes\\\/\",\"name\":\"Refroidisseur d'\u00e9chantillons AC 100 avec vannes - RLS Wacon analytics\",\"isPartOf\":{\"@id\":\"https:\\\/\\\/rls-wacon.de\\\/#website\"},\"primaryImageOfPage\":{\"@id\":\"https:\\\/\\\/rls-wacon.de\\\/fr\\\/produkt\\\/refroidisseur-dechantillons-ac-100-avec-vannes\\\/#primaryimage\"},\"image\":{\"@id\":\"https:\\\/\\\/rls-wacon.de\\\/fr\\\/produkt\\\/refroidisseur-dechantillons-ac-100-avec-vannes\\\/#primaryimage\"},\"thumbnailUrl\":\"https:\\\/\\\/rls-wacon.de\\\/wp-content\\\/uploads\\\/2023\\\/09\\\/probenkuehler-ac-100-mit-ventilen_l.jpg\",\"datePublished\":\"2023-09-14T13:54:47+00:00\",\"dateModified\":\"2026-02-16T17:40:36+00:00\",\"description\":\"Le pr\u00e9-refroidisseur PC 200 est utilis\u00e9 pour pr\u00e9lever un \u00e9chantillon d'eau dans une conduite d'eau chaude.\",\"breadcrumb\":{\"@id\":\"https:\\\/\\\/rls-wacon.de\\\/fr\\\/produkt\\\/refroidisseur-dechantillons-ac-100-avec-vannes\\\/#breadcrumb\"},\"inLanguage\":\"fr-FR\",\"potentialAction\":[{\"@type\":\"ReadAction\",\"target\":[\"https:\\\/\\\/rls-wacon.de\\\/fr\\\/produkt\\\/refroidisseur-dechantillons-ac-100-avec-vannes\\\/\"]}]},{\"@type\":\"ImageObject\",\"inLanguage\":\"fr-FR\",\"@id\":\"https:\\\/\\\/rls-wacon.de\\\/fr\\\/produkt\\\/refroidisseur-dechantillons-ac-100-avec-vannes\\\/#primaryimage\",\"url\":\"https:\\\/\\\/rls-wacon.de\\\/wp-content\\\/uploads\\\/2023\\\/09\\\/probenkuehler-ac-100-mit-ventilen_l.jpg\",\"contentUrl\":\"https:\\\/\\\/rls-wacon.de\\\/wp-content\\\/uploads\\\/2023\\\/09\\\/probenkuehler-ac-100-mit-ventilen_l.jpg\",\"width\":194,\"height\":300,\"caption\":\"Refroidisseur d'\u00e9chantillons AC 100 avec vannes\"},{\"@type\":\"BreadcrumbList\",\"@id\":\"https:\\\/\\\/rls-wacon.de\\\/fr\\\/produkt\\\/refroidisseur-dechantillons-ac-100-avec-vannes\\\/#breadcrumb\",\"itemListElement\":[{\"@type\":\"ListItem\",\"position\":1,\"name\":\"Page d'accueil\",\"item\":\"https:\\\/\\\/rls-wacon.de\\\/\"},{\"@type\":\"ListItem\",\"position\":2,\"name\":\"Boutique\",\"item\":\"https:\\\/\\\/rls-wacon.de\\\/shop\\\/\"},{\"@type\":\"ListItem\",\"position\":3,\"name\":\"Refroidisseur d&#8217;\u00e9chantillons AC 100 avec vannes\"}]},{\"@type\":\"WebSite\",\"@id\":\"https:\\\/\\\/rls-wacon.de\\\/#website\",\"url\":\"https:\\\/\\\/rls-wacon.de\\\/\",\"name\":\"RLS Wacon analytics GmbH\",\"description\":\"Experts for water monitoring\",\"publisher\":{\"@id\":\"https:\\\/\\\/rls-wacon.de\\\/#organization\"},\"potentialAction\":[{\"@type\":\"SearchAction\",\"target\":{\"@type\":\"EntryPoint\",\"urlTemplate\":\"https:\\\/\\\/rls-wacon.de\\\/?s={search_term_string}\"},\"query-input\":{\"@type\":\"PropertyValueSpecification\",\"valueRequired\":true,\"valueName\":\"search_term_string\"}}],\"inLanguage\":\"fr-FR\"},{\"@type\":\"Organization\",\"@id\":\"https:\\\/\\\/rls-wacon.de\\\/#organization\",\"name\":\"RLS Wacon analytics GmbH\",\"url\":\"https:\\\/\\\/rls-wacon.de\\\/\",\"logo\":{\"@type\":\"ImageObject\",\"inLanguage\":\"fr-FR\",\"@id\":\"https:\\\/\\\/rls-wacon.de\\\/#\\\/schema\\\/logo\\\/image\\\/\",\"url\":\"https:\\\/\\\/rls-wacon.de\\\/wp-content\\\/uploads\\\/2022\\\/10\\\/RLSWacon-analytics-Logo-BR-RZ-9_17-768x1591.png\",\"contentUrl\":\"https:\\\/\\\/rls-wacon.de\\\/wp-content\\\/uploads\\\/2022\\\/10\\\/RLSWacon-analytics-Logo-BR-RZ-9_17-768x1591.png\",\"width\":768,\"height\":159,\"caption\":\"RLS Wacon analytics GmbH\"},\"image\":{\"@id\":\"https:\\\/\\\/rls-wacon.de\\\/#\\\/schema\\\/logo\\\/image\\\/\"}}]}<\/script>\n<meta property=\"product:price:amount\" content=\"9999.00\" \/>\n<meta property=\"product:price:currency\" content=\"EUR\" \/>\n<meta property=\"og:availability\" content=\"instock\" \/>\n<meta property=\"product:availability\" content=\"instock\" \/>\n<meta property=\"product:condition\" content=\"new\" \/>\n<!-- \/ Yoast SEO Premium plugin. -->","yoast_head_json":{"title":"Refroidisseur d'\u00e9chantillons AC 100 avec vannes - RLS Wacon analytics","description":"Le pr\u00e9-refroidisseur PC 200 est utilis\u00e9 pour pr\u00e9lever un \u00e9chantillon d'eau dans une conduite d'eau chaude.","robots":{"index":"index","follow":"follow","max-snippet":"max-snippet:-1","max-image-preview":"max-image-preview:large","max-video-preview":"max-video-preview:-1"},"canonical":"https:\/\/rls-wacon.de\/fr\/produkt\/refroidisseur-dechantillons-ac-100-avec-vannes\/","og_locale":"fr_FR","og_type":"article","og_title":"Refroidisseur d'\u00e9chantillons AC 100 avec vannes","og_description":"Le pr\u00e9-refroidisseur PC 200 est utilis\u00e9 pour pr\u00e9lever un \u00e9chantillon d'eau dans une conduite d'eau chaude.","og_url":"https:\/\/rls-wacon.de\/fr\/produkt\/refroidisseur-dechantillons-ac-100-avec-vannes\/","og_site_name":"RLS Wacon analytics","article_modified_time":"2026-02-16T17:40:36+00:00","og_image":[{"width":194,"height":300,"url":"https:\/\/rls-wacon.de\/wp-content\/uploads\/2023\/09\/probenkuehler-ac-100-mit-ventilen_l.jpg","type":"image\/jpeg"}],"twitter_card":"summary_large_image","twitter_misc":{"Prix":"9.999,00&nbsp;&euro;","Disponibilit\u00e9":"En stock"},"schema":{"@context":"https:\/\/schema.org","@graph":[{"@type":"WebPage","@id":"https:\/\/rls-wacon.de\/fr\/produkt\/refroidisseur-dechantillons-ac-100-avec-vannes\/","url":"https:\/\/rls-wacon.de\/fr\/produkt\/refroidisseur-dechantillons-ac-100-avec-vannes\/","name":"Refroidisseur d'\u00e9chantillons AC 100 avec vannes - RLS Wacon analytics","isPartOf":{"@id":"https:\/\/rls-wacon.de\/#website"},"primaryImageOfPage":{"@id":"https:\/\/rls-wacon.de\/fr\/produkt\/refroidisseur-dechantillons-ac-100-avec-vannes\/#primaryimage"},"image":{"@id":"https:\/\/rls-wacon.de\/fr\/produkt\/refroidisseur-dechantillons-ac-100-avec-vannes\/#primaryimage"},"thumbnailUrl":"https:\/\/rls-wacon.de\/wp-content\/uploads\/2023\/09\/probenkuehler-ac-100-mit-ventilen_l.jpg","datePublished":"2023-09-14T13:54:47+00:00","dateModified":"2026-02-16T17:40:36+00:00","description":"Le pr\u00e9-refroidisseur PC 200 est utilis\u00e9 pour pr\u00e9lever un \u00e9chantillon d'eau dans une conduite d'eau chaude.","breadcrumb":{"@id":"https:\/\/rls-wacon.de\/fr\/produkt\/refroidisseur-dechantillons-ac-100-avec-vannes\/#breadcrumb"},"inLanguage":"fr-FR","potentialAction":[{"@type":"ReadAction","target":["https:\/\/rls-wacon.de\/fr\/produkt\/refroidisseur-dechantillons-ac-100-avec-vannes\/"]}]},{"@type":"ImageObject","inLanguage":"fr-FR","@id":"https:\/\/rls-wacon.de\/fr\/produkt\/refroidisseur-dechantillons-ac-100-avec-vannes\/#primaryimage","url":"https:\/\/rls-wacon.de\/wp-content\/uploads\/2023\/09\/probenkuehler-ac-100-mit-ventilen_l.jpg","contentUrl":"https:\/\/rls-wacon.de\/wp-content\/uploads\/2023\/09\/probenkuehler-ac-100-mit-ventilen_l.jpg","width":194,"height":300,"caption":"Refroidisseur d'\u00e9chantillons AC 100 avec vannes"},{"@type":"BreadcrumbList","@id":"https:\/\/rls-wacon.de\/fr\/produkt\/refroidisseur-dechantillons-ac-100-avec-vannes\/#breadcrumb","itemListElement":[{"@type":"ListItem","position":1,"name":"Page d'accueil","item":"https:\/\/rls-wacon.de\/"},{"@type":"ListItem","position":2,"name":"Boutique","item":"https:\/\/rls-wacon.de\/shop\/"},{"@type":"ListItem","position":3,"name":"Refroidisseur d&#8217;\u00e9chantillons AC 100 avec vannes"}]},{"@type":"WebSite","@id":"https:\/\/rls-wacon.de\/#website","url":"https:\/\/rls-wacon.de\/","name":"RLS Wacon analytics GmbH","description":"Experts for water monitoring","publisher":{"@id":"https:\/\/rls-wacon.de\/#organization"},"potentialAction":[{"@type":"SearchAction","target":{"@type":"EntryPoint","urlTemplate":"https:\/\/rls-wacon.de\/?s={search_term_string}"},"query-input":{"@type":"PropertyValueSpecification","valueRequired":true,"valueName":"search_term_string"}}],"inLanguage":"fr-FR"},{"@type":"Organization","@id":"https:\/\/rls-wacon.de\/#organization","name":"RLS Wacon analytics GmbH","url":"https:\/\/rls-wacon.de\/","logo":{"@type":"ImageObject","inLanguage":"fr-FR","@id":"https:\/\/rls-wacon.de\/#\/schema\/logo\/image\/","url":"https:\/\/rls-wacon.de\/wp-content\/uploads\/2022\/10\/RLSWacon-analytics-Logo-BR-RZ-9_17-768x1591.png","contentUrl":"https:\/\/rls-wacon.de\/wp-content\/uploads\/2022\/10\/RLSWacon-analytics-Logo-BR-RZ-9_17-768x1591.png","width":768,"height":159,"caption":"RLS Wacon analytics GmbH"},"image":{"@id":"https:\/\/rls-wacon.de\/#\/schema\/logo\/image\/"}}]},"product_price_amount":"9999.00","product_price_currency":"EUR","og_availability":"instock","product_availability":"instock","product_condition":"new"},"_links":{"self":[{"href":"https:\/\/rls-wacon.de\/fr\/wp-json\/wp\/v2\/product\/21745","targetHints":{"allow":["GET"]}}],"collection":[{"href":"https:\/\/rls-wacon.de\/fr\/wp-json\/wp\/v2\/product"}],"about":[{"href":"https:\/\/rls-wacon.de\/fr\/wp-json\/wp\/v2\/types\/product"}],"version-history":[{"count":1,"href":"https:\/\/rls-wacon.de\/fr\/wp-json\/wp\/v2\/product\/21745\/revisions"}],"predecessor-version":[{"id":28558,"href":"https:\/\/rls-wacon.de\/fr\/wp-json\/wp\/v2\/product\/21745\/revisions\/28558"}],"wp:featuredmedia":[{"embeddable":true,"href":"https:\/\/rls-wacon.de\/fr\/wp-json\/wp\/v2\/media\/20591"}],"wp:attachment":[{"href":"https:\/\/rls-wacon.de\/fr\/wp-json\/wp\/v2\/media?parent=21745"}],"wp:term":[{"taxonomy":"product_brand","embeddable":true,"href":"https:\/\/rls-wacon.de\/fr\/wp-json\/wp\/v2\/product_brand?post=21745"},{"taxonomy":"product_cat","embeddable":true,"href":"https:\/\/rls-wacon.de\/fr\/wp-json\/wp\/v2\/product_cat?post=21745"},{"taxonomy":"product_tag","embeddable":true,"href":"https:\/\/rls-wacon.de\/fr\/wp-json\/wp\/v2\/product_tag?post=21745"}],"curies":[{"name":"wp","href":"https:\/\/api.w.org\/{rel}","templated":true}]}}