{"id":21819,"date":"2023-10-24T15:04:03","date_gmt":"2023-10-24T15:04:03","guid":{"rendered":"https:\/\/rls-wacon.de\/produkt\/cable-adaptateur-emetteur-version-d-rev\/"},"modified":"2026-02-16T18:49:57","modified_gmt":"2026-02-16T17:49:57","slug":"cable-adaptateur-emetteur-version-d-rev","status":"publish","type":"product","link":"https:\/\/rls-wacon.de\/fr\/produkt\/cable-adaptateur-emetteur-version-d-rev\/","title":{"rendered":"C\u00e2ble adaptateur \u00e9metteur version D (rev.)"},"content":{"rendered":"","protected":false},"excerpt":{"rendered":"<p>Les caract\u00e9ristiques particuli\u00e8res du c\u00e2ble adaptateur \u00e9metteur version D (rev.) sont les suivantes :<\/p>\n<ul>\n<li>pour la connexion \u00e0 l&rsquo;unit\u00e9 centrale<\/li>\n<li>Mod\u00e8le original RUDOLPH<\/li>\n<li>extr\u00eamement robuste et r\u00e9sistant aux intemp\u00e9ries<\/li>\n<li>syst\u00e8me de connexion am\u00e9lior\u00e9<\/li>\n<\/ul>\n","protected":false},"featured_media":0,"template":"","meta":{"_acf_changed":false},"product_brand":[],"product_cat":[944,1056],"product_tag":[],"class_list":{"0":"post-21819","1":"product","2":"type-product","3":"status-publish","5":"product_cat-lichtvorhang-fr","6":"product_cat-version-d","8":"first","9":"instock","10":"shipping-taxable","11":"purchasable","12":"product-type-simple"},"exclude_global_add_ons":[],"addons":[],"acf":[],"yoast_head":"<!-- This site is optimized with the Yoast SEO Premium plugin v27.3 (Yoast SEO v27.3) - https:\/\/yoast.com\/product\/yoast-seo-premium-wordpress\/ -->\n<title>C\u00e2ble adaptateur \u00e9metteur version D (rev.) - RLS Wacon analytics<\/title>\n<meta name=\"description\" content=\"Les caract\u00e9ristiques particuli\u00e8res du c\u00e2ble adaptateur \u00e9metteur version D (rev.) sont les suivantes : pour la connexion \u00e0 l&#039;unit\u00e9 centrale Mod\u00e8le\u2026\" \/>\n<meta name=\"robots\" content=\"index, follow, max-snippet:-1, max-image-preview:large, max-video-preview:-1\" \/>\n<link rel=\"canonical\" href=\"https:\/\/rls-wacon.de\/fr\/produkt\/cable-adaptateur-emetteur-version-d-rev\/\" \/>\n<meta property=\"og:locale\" content=\"fr_FR\" \/>\n<meta property=\"og:type\" content=\"article\" \/>\n<meta property=\"og:title\" content=\"C\u00e2ble adaptateur \u00e9metteur version D (rev.)\" \/>\n<meta property=\"og:description\" content=\"Les caract\u00e9ristiques particuli\u00e8res du c\u00e2ble adaptateur \u00e9metteur version D (rev.) sont les suivantes : pour la connexion \u00e0 l&#039;unit\u00e9 centrale Mod\u00e8le\u2026\" \/>\n<meta property=\"og:url\" content=\"https:\/\/rls-wacon.de\/fr\/produkt\/cable-adaptateur-emetteur-version-d-rev\/\" \/>\n<meta property=\"og:site_name\" content=\"RLS Wacon analytics\" \/>\n<meta property=\"article:modified_time\" content=\"2026-02-16T17:49:57+00:00\" \/>\n<meta name=\"twitter:card\" content=\"summary_large_image\" \/>\n<meta name=\"twitter:label1\" content=\"Prix\" \/>\n\t<meta name=\"twitter:data1\" content=\"9.999,00&nbsp;&euro;\" \/>\n\t<meta name=\"twitter:label2\" content=\"Disponibilit\u00e9\" \/>\n\t<meta name=\"twitter:data2\" content=\"En stock\" \/>\n<script type=\"application\/ld+json\" class=\"yoast-schema-graph\">{\"@context\":\"https:\\\/\\\/schema.org\",\"@graph\":[{\"@type\":\"WebPage\",\"@id\":\"https:\\\/\\\/rls-wacon.de\\\/fr\\\/produkt\\\/cable-adaptateur-emetteur-version-d-rev\\\/\",\"url\":\"https:\\\/\\\/rls-wacon.de\\\/fr\\\/produkt\\\/cable-adaptateur-emetteur-version-d-rev\\\/\",\"name\":\"C\u00e2ble adaptateur \u00e9metteur version D (rev.) - RLS Wacon analytics\",\"isPartOf\":{\"@id\":\"https:\\\/\\\/rls-wacon.de\\\/#website\"},\"datePublished\":\"2023-10-24T15:04:03+00:00\",\"dateModified\":\"2026-02-16T17:49:57+00:00\",\"description\":\"Les caract\u00e9ristiques particuli\u00e8res du c\u00e2ble adaptateur \u00e9metteur version D (rev.) sont les suivantes : pour la connexion \u00e0 l'unit\u00e9 centrale Mod\u00e8le\u2026\",\"breadcrumb\":{\"@id\":\"https:\\\/\\\/rls-wacon.de\\\/fr\\\/produkt\\\/cable-adaptateur-emetteur-version-d-rev\\\/#breadcrumb\"},\"inLanguage\":\"fr-FR\",\"potentialAction\":[{\"@type\":\"ReadAction\",\"target\":[\"https:\\\/\\\/rls-wacon.de\\\/fr\\\/produkt\\\/cable-adaptateur-emetteur-version-d-rev\\\/\"]}]},{\"@type\":\"BreadcrumbList\",\"@id\":\"https:\\\/\\\/rls-wacon.de\\\/fr\\\/produkt\\\/cable-adaptateur-emetteur-version-d-rev\\\/#breadcrumb\",\"itemListElement\":[{\"@type\":\"ListItem\",\"position\":1,\"name\":\"Page d'accueil\",\"item\":\"https:\\\/\\\/rls-wacon.de\\\/\"},{\"@type\":\"ListItem\",\"position\":2,\"name\":\"Boutique\",\"item\":\"https:\\\/\\\/rls-wacon.de\\\/shop\\\/\"},{\"@type\":\"ListItem\",\"position\":3,\"name\":\"C\u00e2ble adaptateur \u00e9metteur version D (rev.)\"}]},{\"@type\":\"WebSite\",\"@id\":\"https:\\\/\\\/rls-wacon.de\\\/#website\",\"url\":\"https:\\\/\\\/rls-wacon.de\\\/\",\"name\":\"RLS Wacon analytics GmbH\",\"description\":\"Experts for water monitoring\",\"publisher\":{\"@id\":\"https:\\\/\\\/rls-wacon.de\\\/#organization\"},\"potentialAction\":[{\"@type\":\"SearchAction\",\"target\":{\"@type\":\"EntryPoint\",\"urlTemplate\":\"https:\\\/\\\/rls-wacon.de\\\/?s={search_term_string}\"},\"query-input\":{\"@type\":\"PropertyValueSpecification\",\"valueRequired\":true,\"valueName\":\"search_term_string\"}}],\"inLanguage\":\"fr-FR\"},{\"@type\":\"Organization\",\"@id\":\"https:\\\/\\\/rls-wacon.de\\\/#organization\",\"name\":\"RLS Wacon analytics GmbH\",\"url\":\"https:\\\/\\\/rls-wacon.de\\\/\",\"logo\":{\"@type\":\"ImageObject\",\"inLanguage\":\"fr-FR\",\"@id\":\"https:\\\/\\\/rls-wacon.de\\\/#\\\/schema\\\/logo\\\/image\\\/\",\"url\":\"https:\\\/\\\/rls-wacon.de\\\/wp-content\\\/uploads\\\/2022\\\/10\\\/RLSWacon-analytics-Logo-BR-RZ-9_17-768x1591.png\",\"contentUrl\":\"https:\\\/\\\/rls-wacon.de\\\/wp-content\\\/uploads\\\/2022\\\/10\\\/RLSWacon-analytics-Logo-BR-RZ-9_17-768x1591.png\",\"width\":768,\"height\":159,\"caption\":\"RLS Wacon analytics GmbH\"},\"image\":{\"@id\":\"https:\\\/\\\/rls-wacon.de\\\/#\\\/schema\\\/logo\\\/image\\\/\"}}]}<\/script>\n<meta property=\"product:price:amount\" content=\"9999.00\" \/>\n<meta property=\"product:price:currency\" content=\"EUR\" \/>\n<meta property=\"og:availability\" content=\"instock\" \/>\n<meta property=\"product:availability\" content=\"instock\" \/>\n<meta property=\"product:condition\" content=\"new\" \/>\n<!-- \/ Yoast SEO Premium plugin. -->","yoast_head_json":{"title":"C\u00e2ble adaptateur \u00e9metteur version D (rev.) - RLS Wacon analytics","description":"Les caract\u00e9ristiques particuli\u00e8res du c\u00e2ble adaptateur \u00e9metteur version D (rev.) sont les suivantes : pour la connexion \u00e0 l'unit\u00e9 centrale Mod\u00e8le\u2026","robots":{"index":"index","follow":"follow","max-snippet":"max-snippet:-1","max-image-preview":"max-image-preview:large","max-video-preview":"max-video-preview:-1"},"canonical":"https:\/\/rls-wacon.de\/fr\/produkt\/cable-adaptateur-emetteur-version-d-rev\/","og_locale":"fr_FR","og_type":"article","og_title":"C\u00e2ble adaptateur \u00e9metteur version D (rev.)","og_description":"Les caract\u00e9ristiques particuli\u00e8res du c\u00e2ble adaptateur \u00e9metteur version D (rev.) sont les suivantes : pour la connexion \u00e0 l'unit\u00e9 centrale Mod\u00e8le\u2026","og_url":"https:\/\/rls-wacon.de\/fr\/produkt\/cable-adaptateur-emetteur-version-d-rev\/","og_site_name":"RLS Wacon analytics","article_modified_time":"2026-02-16T17:49:57+00:00","twitter_card":"summary_large_image","twitter_misc":{"Prix":"9.999,00&nbsp;&euro;","Disponibilit\u00e9":"En stock"},"schema":{"@context":"https:\/\/schema.org","@graph":[{"@type":"WebPage","@id":"https:\/\/rls-wacon.de\/fr\/produkt\/cable-adaptateur-emetteur-version-d-rev\/","url":"https:\/\/rls-wacon.de\/fr\/produkt\/cable-adaptateur-emetteur-version-d-rev\/","name":"C\u00e2ble adaptateur \u00e9metteur version D (rev.) - RLS Wacon analytics","isPartOf":{"@id":"https:\/\/rls-wacon.de\/#website"},"datePublished":"2023-10-24T15:04:03+00:00","dateModified":"2026-02-16T17:49:57+00:00","description":"Les caract\u00e9ristiques particuli\u00e8res du c\u00e2ble adaptateur \u00e9metteur version D (rev.) sont les suivantes : pour la connexion \u00e0 l'unit\u00e9 centrale Mod\u00e8le\u2026","breadcrumb":{"@id":"https:\/\/rls-wacon.de\/fr\/produkt\/cable-adaptateur-emetteur-version-d-rev\/#breadcrumb"},"inLanguage":"fr-FR","potentialAction":[{"@type":"ReadAction","target":["https:\/\/rls-wacon.de\/fr\/produkt\/cable-adaptateur-emetteur-version-d-rev\/"]}]},{"@type":"BreadcrumbList","@id":"https:\/\/rls-wacon.de\/fr\/produkt\/cable-adaptateur-emetteur-version-d-rev\/#breadcrumb","itemListElement":[{"@type":"ListItem","position":1,"name":"Page d'accueil","item":"https:\/\/rls-wacon.de\/"},{"@type":"ListItem","position":2,"name":"Boutique","item":"https:\/\/rls-wacon.de\/shop\/"},{"@type":"ListItem","position":3,"name":"C\u00e2ble adaptateur \u00e9metteur version D (rev.)"}]},{"@type":"WebSite","@id":"https:\/\/rls-wacon.de\/#website","url":"https:\/\/rls-wacon.de\/","name":"RLS Wacon analytics GmbH","description":"Experts for water monitoring","publisher":{"@id":"https:\/\/rls-wacon.de\/#organization"},"potentialAction":[{"@type":"SearchAction","target":{"@type":"EntryPoint","urlTemplate":"https:\/\/rls-wacon.de\/?s={search_term_string}"},"query-input":{"@type":"PropertyValueSpecification","valueRequired":true,"valueName":"search_term_string"}}],"inLanguage":"fr-FR"},{"@type":"Organization","@id":"https:\/\/rls-wacon.de\/#organization","name":"RLS Wacon analytics GmbH","url":"https:\/\/rls-wacon.de\/","logo":{"@type":"ImageObject","inLanguage":"fr-FR","@id":"https:\/\/rls-wacon.de\/#\/schema\/logo\/image\/","url":"https:\/\/rls-wacon.de\/wp-content\/uploads\/2022\/10\/RLSWacon-analytics-Logo-BR-RZ-9_17-768x1591.png","contentUrl":"https:\/\/rls-wacon.de\/wp-content\/uploads\/2022\/10\/RLSWacon-analytics-Logo-BR-RZ-9_17-768x1591.png","width":768,"height":159,"caption":"RLS Wacon analytics GmbH"},"image":{"@id":"https:\/\/rls-wacon.de\/#\/schema\/logo\/image\/"}}]},"product_price_amount":"9999.00","product_price_currency":"EUR","og_availability":"instock","product_availability":"instock","product_condition":"new"},"_links":{"self":[{"href":"https:\/\/rls-wacon.de\/fr\/wp-json\/wp\/v2\/product\/21819","targetHints":{"allow":["GET"]}}],"collection":[{"href":"https:\/\/rls-wacon.de\/fr\/wp-json\/wp\/v2\/product"}],"about":[{"href":"https:\/\/rls-wacon.de\/fr\/wp-json\/wp\/v2\/types\/product"}],"version-history":[{"count":1,"href":"https:\/\/rls-wacon.de\/fr\/wp-json\/wp\/v2\/product\/21819\/revisions"}],"predecessor-version":[{"id":28574,"href":"https:\/\/rls-wacon.de\/fr\/wp-json\/wp\/v2\/product\/21819\/revisions\/28574"}],"wp:attachment":[{"href":"https:\/\/rls-wacon.de\/fr\/wp-json\/wp\/v2\/media?parent=21819"}],"wp:term":[{"taxonomy":"product_brand","embeddable":true,"href":"https:\/\/rls-wacon.de\/fr\/wp-json\/wp\/v2\/product_brand?post=21819"},{"taxonomy":"product_cat","embeddable":true,"href":"https:\/\/rls-wacon.de\/fr\/wp-json\/wp\/v2\/product_cat?post=21819"},{"taxonomy":"product_tag","embeddable":true,"href":"https:\/\/rls-wacon.de\/fr\/wp-json\/wp\/v2\/product_tag?post=21819"}],"curies":[{"name":"wp","href":"https:\/\/api.w.org\/{rel}","templated":true}]}}