{"id":21835,"date":"2023-10-24T15:04:27","date_gmt":"2023-10-24T15:04:27","guid":{"rendered":"https:\/\/rls-wacon.de\/produkt\/spot-led-28-mm-avec-support\/"},"modified":"2026-02-16T18:54:27","modified_gmt":"2026-02-16T17:54:27","slug":"spot-led-28-mm-avec-support","status":"publish","type":"product","link":"https:\/\/rls-wacon.de\/fr\/produkt\/spot-led-28-mm-avec-support\/","title":{"rendered":"Spot LED 28 mm avec support"},"content":{"rendered":"<hr class=\"system-pagebreak\" title=\"Sp\u00e9cifications\" \/>\n<table class=\"rls-table\">\n<tbody>\n<tr>\n<td>Param\u00e8tre<\/td>\n<td>Valeur<\/td>\n<td>min.<\/td>\n<td>typ.<\/td>\n<td>max.<\/td>\n<\/tr>\n<tr>\n<td>Tension de fonctionnement<\/td>\n<td><\/td>\n<td>22,8 V DC<\/td>\n<td>24 V DC<\/td>\n<td>25,2 V DC<\/td>\n<\/tr>\n<tr>\n<td>Consommation \u00e9lectrique<\/td>\n<td>1,6 VA<\/td>\n<td><\/td>\n<td><\/td>\n<td><\/td>\n<\/tr>\n<tr>\n<td>Plage de temp\u00e9rature<\/td>\n<td><\/td>\n<td>-20\u00b0C<\/td>\n<td><\/td>\n<td>50\u00b0C<\/td>\n<\/tr>\n<tr>\n<td>Classe de protection<\/td>\n<td>IP 65<\/td>\n<td><\/td>\n<td><\/td>\n<td><\/td>\n<\/tr>\n<\/tbody>\n<\/table>\n<hr class=\"system-pagebreak\" title=\"Donn\u00e9es techniques\" \/>\n<table class=\"rls-table\">\n<tbody>\n<tr>\n<td>Param\u00e8tre<\/td>\n<td>Valeur<\/td>\n<td>min.<\/td>\n<td>typ.<\/td>\n<td>max.<\/td>\n<\/tr>\n<tr>\n<td>Couleur de la LED<\/td>\n<td>blanc froid<\/td>\n<td><\/td>\n<td><\/td>\n<td><\/td>\n<\/tr>\n<tr>\n<td>Flux lumineux<\/td>\n<td>168 lm<\/td>\n<td><\/td>\n<td><\/td>\n<td><\/td>\n<\/tr>\n<tr>\n<td>Temp\u00e9rature de couleur \/ CCT<\/td>\n<td><\/td>\n<td>5300 K<\/td>\n<td><\/td>\n<td>5700 K<\/td>\n<\/tr>\n<tr>\n<td>Panneau avant<\/td>\n<td>PMMA Plexiglas Cristal de glace<\/td>\n<td><\/td>\n<td><\/td>\n<td><\/td>\n<\/tr>\n<tr>\n<td>Hauteur du contour<\/td>\n<td>3 mm<\/td>\n<td><\/td>\n<td><\/td>\n<td><\/td>\n<\/tr>\n<tr>\n<td>Bo\u00eetier<\/td>\n<td>Terturan GP2<\/td>\n<td><\/td>\n<td><\/td>\n<td><\/td>\n<\/tr>\n<tr>\n<td>Profondeur d&rsquo;encastrement<\/td>\n<td>34 mm<\/td>\n<td><\/td>\n<td><\/td>\n<td><\/td>\n<\/tr>\n<tr>\n<td>Limitation du courant<\/td>\n<td><\/td>\n<td><\/td>\n<td>65 mA<\/td>\n<td>70 mA<\/td>\n<\/tr>\n<tr>\n<td>Connecteur<\/td>\n<td>Fiche plate et douille 6,3 x 0,8 mm, bleu<\/td>\n<td><\/td>\n<td><\/td>\n<td><\/td>\n<\/tr>\n<tr>\n<td>Raccordement<\/td>\n<td>2 x 350 mm, 2 x 1,5 mm\u00b2, cosses de c\u00e2ble<\/td>\n<td><\/td>\n<td><\/td>\n<td><\/td>\n<\/tr>\n<\/tbody>\n<\/table>\n<hr class=\"system-pagebreak\" title=\"Affectation des c\u00e2bles\" \/>\n<table class=\"rls-table\">\n<tbody>\n<tr>\n<td>Couleur<\/td>\n<td>Affectation<\/td>\n<\/tr>\n<tr>\n<td>marron<\/td>\n<td>+ 24 V DC<\/td>\n<\/tr>\n<tr>\n<td>bleu<\/td>\n<td>GND<\/td>\n<\/tr>\n<\/tbody>\n<\/table>\n","protected":false},"excerpt":{"rendered":"<p>Le spot LED 28 mm avec support et crochet de fixation est un \u00e9l\u00e9ment d&rsquo;\u00e9clairage avec 21 LED SMD de haute qualit\u00e9 et super lumineuses. Il est compatible avec KONE KM5070530H01.<\/p>\n<p>Les caract\u00e9ristiques particuli\u00e8res sont<\/p>\n<ul>\n<li>\u00e9clairage LED tr\u00e8s lumineux<\/li>\n<li>faible consommation d&rsquo;\u00e9nergie<\/li>\n<li>longue dur\u00e9e de vie<\/li>\n<li>montage facile<\/li>\n<li>peut \u00eatre mis en cascade<\/li>\n<\/ul>\n<p>Le spot LED 28 mm avec support et crochet de fixation est utilis\u00e9 pour \u00e9clairer la zone du socle des escaliers m\u00e9caniques.<\/p>\n","protected":false},"featured_media":0,"template":"","meta":{"_acf_changed":false},"product_brand":[],"product_cat":[1053],"product_tag":[],"class_list":{"0":"post-21835","1":"product","2":"type-product","3":"status-publish","5":"product_cat-spots-a-led","7":"first","8":"instock","9":"shipping-taxable","10":"purchasable","11":"product-type-simple"},"exclude_global_add_ons":[],"addons":[],"acf":[],"yoast_head":"<!-- This site is optimized with the Yoast SEO Premium plugin v27.3 (Yoast SEO v27.4) - https:\/\/yoast.com\/product\/yoast-seo-premium-wordpress\/ -->\n<title>Spot LED 28 mm avec support - RLS Wacon analytics<\/title>\n<meta name=\"description\" content=\"Le spot LED 28 mm avec support et crochet de fixation est un \u00e9l\u00e9ment d&#039;\u00e9clairage avec 21 LED SMD de haute qualit\u00e9 et super lumineuses.\" \/>\n<meta name=\"robots\" content=\"index, follow, max-snippet:-1, max-image-preview:large, max-video-preview:-1\" \/>\n<link rel=\"canonical\" href=\"https:\/\/rls-wacon.de\/fr\/produkt\/spot-led-28-mm-avec-support\/\" \/>\n<meta property=\"og:locale\" content=\"fr_FR\" \/>\n<meta property=\"og:type\" content=\"article\" \/>\n<meta property=\"og:title\" content=\"Spot LED 28 mm avec support\" \/>\n<meta property=\"og:description\" content=\"Le spot LED 28 mm avec support et crochet de fixation est un \u00e9l\u00e9ment d&#039;\u00e9clairage avec 21 LED SMD de haute qualit\u00e9 et super lumineuses.\" \/>\n<meta property=\"og:url\" content=\"https:\/\/rls-wacon.de\/fr\/produkt\/spot-led-28-mm-avec-support\/\" \/>\n<meta property=\"og:site_name\" content=\"RLS Wacon analytics\" \/>\n<meta property=\"article:modified_time\" content=\"2026-02-16T17:54:27+00:00\" \/>\n<meta name=\"twitter:card\" content=\"summary_large_image\" \/>\n<meta name=\"twitter:label1\" content=\"Prix\" \/>\n\t<meta name=\"twitter:data1\" content=\"9.999,00&nbsp;&euro;\" \/>\n\t<meta name=\"twitter:label2\" content=\"Disponibilit\u00e9\" \/>\n\t<meta name=\"twitter:data2\" content=\"En stock\" \/>\n<script type=\"application\/ld+json\" class=\"yoast-schema-graph\">{\"@context\":\"https:\\\/\\\/schema.org\",\"@graph\":[{\"@type\":\"WebPage\",\"@id\":\"https:\\\/\\\/rls-wacon.de\\\/fr\\\/produkt\\\/spot-led-28-mm-avec-support\\\/\",\"url\":\"https:\\\/\\\/rls-wacon.de\\\/fr\\\/produkt\\\/spot-led-28-mm-avec-support\\\/\",\"name\":\"Spot LED 28 mm avec support - RLS Wacon analytics\",\"isPartOf\":{\"@id\":\"https:\\\/\\\/rls-wacon.de\\\/#website\"},\"datePublished\":\"2023-10-24T15:04:27+00:00\",\"dateModified\":\"2026-02-16T17:54:27+00:00\",\"description\":\"Le spot LED 28 mm avec support et crochet de fixation est un \u00e9l\u00e9ment d'\u00e9clairage avec 21 LED SMD de haute qualit\u00e9 et super lumineuses.\",\"breadcrumb\":{\"@id\":\"https:\\\/\\\/rls-wacon.de\\\/fr\\\/produkt\\\/spot-led-28-mm-avec-support\\\/#breadcrumb\"},\"inLanguage\":\"fr-FR\",\"potentialAction\":[{\"@type\":\"ReadAction\",\"target\":[\"https:\\\/\\\/rls-wacon.de\\\/fr\\\/produkt\\\/spot-led-28-mm-avec-support\\\/\"]}]},{\"@type\":\"BreadcrumbList\",\"@id\":\"https:\\\/\\\/rls-wacon.de\\\/fr\\\/produkt\\\/spot-led-28-mm-avec-support\\\/#breadcrumb\",\"itemListElement\":[{\"@type\":\"ListItem\",\"position\":1,\"name\":\"Page d'accueil\",\"item\":\"https:\\\/\\\/rls-wacon.de\\\/\"},{\"@type\":\"ListItem\",\"position\":2,\"name\":\"Boutique\",\"item\":\"https:\\\/\\\/rls-wacon.de\\\/shop\\\/\"},{\"@type\":\"ListItem\",\"position\":3,\"name\":\"Spot LED 28 mm avec support\"}]},{\"@type\":\"WebSite\",\"@id\":\"https:\\\/\\\/rls-wacon.de\\\/#website\",\"url\":\"https:\\\/\\\/rls-wacon.de\\\/\",\"name\":\"RLS Wacon analytics GmbH\",\"description\":\"Experts for water monitoring\",\"publisher\":{\"@id\":\"https:\\\/\\\/rls-wacon.de\\\/#organization\"},\"potentialAction\":[{\"@type\":\"SearchAction\",\"target\":{\"@type\":\"EntryPoint\",\"urlTemplate\":\"https:\\\/\\\/rls-wacon.de\\\/?s={search_term_string}\"},\"query-input\":{\"@type\":\"PropertyValueSpecification\",\"valueRequired\":true,\"valueName\":\"search_term_string\"}}],\"inLanguage\":\"fr-FR\"},{\"@type\":\"Organization\",\"@id\":\"https:\\\/\\\/rls-wacon.de\\\/#organization\",\"name\":\"RLS Wacon analytics GmbH\",\"url\":\"https:\\\/\\\/rls-wacon.de\\\/\",\"logo\":{\"@type\":\"ImageObject\",\"inLanguage\":\"fr-FR\",\"@id\":\"https:\\\/\\\/rls-wacon.de\\\/#\\\/schema\\\/logo\\\/image\\\/\",\"url\":\"https:\\\/\\\/rls-wacon.de\\\/wp-content\\\/uploads\\\/2022\\\/10\\\/RLSWacon-analytics-Logo-BR-RZ-9_17-768x1591.png\",\"contentUrl\":\"https:\\\/\\\/rls-wacon.de\\\/wp-content\\\/uploads\\\/2022\\\/10\\\/RLSWacon-analytics-Logo-BR-RZ-9_17-768x1591.png\",\"width\":768,\"height\":159,\"caption\":\"RLS Wacon analytics GmbH\"},\"image\":{\"@id\":\"https:\\\/\\\/rls-wacon.de\\\/#\\\/schema\\\/logo\\\/image\\\/\"}}]}<\/script>\n<meta property=\"product:price:amount\" content=\"9999.00\" \/>\n<meta property=\"product:price:currency\" content=\"EUR\" \/>\n<meta property=\"og:availability\" content=\"instock\" \/>\n<meta property=\"product:availability\" content=\"instock\" \/>\n<meta property=\"product:condition\" content=\"new\" \/>\n<!-- \/ Yoast SEO Premium plugin. -->","yoast_head_json":{"title":"Spot LED 28 mm avec support - RLS Wacon analytics","description":"Le spot LED 28 mm avec support et crochet de fixation est un \u00e9l\u00e9ment d'\u00e9clairage avec 21 LED SMD de haute qualit\u00e9 et super lumineuses.","robots":{"index":"index","follow":"follow","max-snippet":"max-snippet:-1","max-image-preview":"max-image-preview:large","max-video-preview":"max-video-preview:-1"},"canonical":"https:\/\/rls-wacon.de\/fr\/produkt\/spot-led-28-mm-avec-support\/","og_locale":"fr_FR","og_type":"article","og_title":"Spot LED 28 mm avec support","og_description":"Le spot LED 28 mm avec support et crochet de fixation est un \u00e9l\u00e9ment d'\u00e9clairage avec 21 LED SMD de haute qualit\u00e9 et super lumineuses.","og_url":"https:\/\/rls-wacon.de\/fr\/produkt\/spot-led-28-mm-avec-support\/","og_site_name":"RLS Wacon analytics","article_modified_time":"2026-02-16T17:54:27+00:00","twitter_card":"summary_large_image","twitter_misc":{"Prix":"9.999,00&nbsp;&euro;","Disponibilit\u00e9":"En stock"},"schema":{"@context":"https:\/\/schema.org","@graph":[{"@type":"WebPage","@id":"https:\/\/rls-wacon.de\/fr\/produkt\/spot-led-28-mm-avec-support\/","url":"https:\/\/rls-wacon.de\/fr\/produkt\/spot-led-28-mm-avec-support\/","name":"Spot LED 28 mm avec support - RLS Wacon analytics","isPartOf":{"@id":"https:\/\/rls-wacon.de\/#website"},"datePublished":"2023-10-24T15:04:27+00:00","dateModified":"2026-02-16T17:54:27+00:00","description":"Le spot LED 28 mm avec support et crochet de fixation est un \u00e9l\u00e9ment d'\u00e9clairage avec 21 LED SMD de haute qualit\u00e9 et super lumineuses.","breadcrumb":{"@id":"https:\/\/rls-wacon.de\/fr\/produkt\/spot-led-28-mm-avec-support\/#breadcrumb"},"inLanguage":"fr-FR","potentialAction":[{"@type":"ReadAction","target":["https:\/\/rls-wacon.de\/fr\/produkt\/spot-led-28-mm-avec-support\/"]}]},{"@type":"BreadcrumbList","@id":"https:\/\/rls-wacon.de\/fr\/produkt\/spot-led-28-mm-avec-support\/#breadcrumb","itemListElement":[{"@type":"ListItem","position":1,"name":"Page d'accueil","item":"https:\/\/rls-wacon.de\/"},{"@type":"ListItem","position":2,"name":"Boutique","item":"https:\/\/rls-wacon.de\/shop\/"},{"@type":"ListItem","position":3,"name":"Spot LED 28 mm avec support"}]},{"@type":"WebSite","@id":"https:\/\/rls-wacon.de\/#website","url":"https:\/\/rls-wacon.de\/","name":"RLS Wacon analytics GmbH","description":"Experts for water monitoring","publisher":{"@id":"https:\/\/rls-wacon.de\/#organization"},"potentialAction":[{"@type":"SearchAction","target":{"@type":"EntryPoint","urlTemplate":"https:\/\/rls-wacon.de\/?s={search_term_string}"},"query-input":{"@type":"PropertyValueSpecification","valueRequired":true,"valueName":"search_term_string"}}],"inLanguage":"fr-FR"},{"@type":"Organization","@id":"https:\/\/rls-wacon.de\/#organization","name":"RLS Wacon analytics GmbH","url":"https:\/\/rls-wacon.de\/","logo":{"@type":"ImageObject","inLanguage":"fr-FR","@id":"https:\/\/rls-wacon.de\/#\/schema\/logo\/image\/","url":"https:\/\/rls-wacon.de\/wp-content\/uploads\/2022\/10\/RLSWacon-analytics-Logo-BR-RZ-9_17-768x1591.png","contentUrl":"https:\/\/rls-wacon.de\/wp-content\/uploads\/2022\/10\/RLSWacon-analytics-Logo-BR-RZ-9_17-768x1591.png","width":768,"height":159,"caption":"RLS Wacon analytics GmbH"},"image":{"@id":"https:\/\/rls-wacon.de\/#\/schema\/logo\/image\/"}}]},"product_price_amount":"9999.00","product_price_currency":"EUR","og_availability":"instock","product_availability":"instock","product_condition":"new"},"_links":{"self":[{"href":"https:\/\/rls-wacon.de\/fr\/wp-json\/wp\/v2\/product\/21835","targetHints":{"allow":["GET"]}}],"collection":[{"href":"https:\/\/rls-wacon.de\/fr\/wp-json\/wp\/v2\/product"}],"about":[{"href":"https:\/\/rls-wacon.de\/fr\/wp-json\/wp\/v2\/types\/product"}],"version-history":[{"count":1,"href":"https:\/\/rls-wacon.de\/fr\/wp-json\/wp\/v2\/product\/21835\/revisions"}],"predecessor-version":[{"id":28582,"href":"https:\/\/rls-wacon.de\/fr\/wp-json\/wp\/v2\/product\/21835\/revisions\/28582"}],"wp:attachment":[{"href":"https:\/\/rls-wacon.de\/fr\/wp-json\/wp\/v2\/media?parent=21835"}],"wp:term":[{"taxonomy":"product_brand","embeddable":true,"href":"https:\/\/rls-wacon.de\/fr\/wp-json\/wp\/v2\/product_brand?post=21835"},{"taxonomy":"product_cat","embeddable":true,"href":"https:\/\/rls-wacon.de\/fr\/wp-json\/wp\/v2\/product_cat?post=21835"},{"taxonomy":"product_tag","embeddable":true,"href":"https:\/\/rls-wacon.de\/fr\/wp-json\/wp\/v2\/product_tag?post=21835"}],"curies":[{"name":"wp","href":"https:\/\/api.w.org\/{rel}","templated":true}]}}