{"id":21836,"date":"2023-10-24T15:04:27","date_gmt":"2023-10-24T13:04:27","guid":{"rendered":"https:\/\/rls-wacon.de\/produkt\/eclairage-combine-klt102-y-a\/"},"modified":"2026-02-16T18:55:00","modified_gmt":"2026-02-16T17:55:00","slug":"eclairage-combine-klt102-y-a","status":"publish","type":"product","link":"https:\/\/rls-wacon.de\/fr\/produkt\/eclairage-combine-klt102-y-a\/","title":{"rendered":"\u00c9clairage combin\u00e9 KLT102-Y-A"},"content":{"rendered":"<hr class=\"system-pagebreak\" title=\"Sp\u00e9cifications\" \/>\n<table class=\"rls-table\">\n<tbody>\n<tr>\n<td>Param\u00e8tres<\/td>\n<td>Valeur<\/td>\n<\/tr>\n<tr>\n<td>Tension d&rsquo;utilisation<\/td>\n<td>16 &#8230; 28 V AC<\/td>\n<\/tr>\n<tr>\n<td>Consommation d&rsquo;\u00e9nergie<\/td>\n<td>4 VA<\/td>\n<\/tr>\n<tr>\n<td>Temp\u00e9rature ambiante<\/td>\n<td>-20\u00b0C \u00e0 60 \u00b0C<\/td>\n<\/tr>\n<tr>\n<td>Classe de protection<\/td>\n<td>IP 67<\/td>\n<\/tr>\n<tr>\n<td>Dimensions<\/td>\n<td>324 x 82 mm<\/td>\n<\/tr>\n<tr>\n<td>Profondeur d&rsquo;installation<\/td>\n<td>52 mm<\/td>\n<\/tr>\n<tr>\n<td>Poids<\/td>\n<td>600 g<\/td>\n<\/tr>\n<\/tbody>\n<\/table>\n<hr class=\"system-pagebreak\" title=\"Donn\u00e9es techniques\" \/>\n<table class=\"rls-table\">\n<tbody>\n<tr>\n<td>Param\u00e8tres<\/td>\n<td>Valeur<\/td>\n<\/tr>\n<tr>\n<td>Couleur de la LED<\/td>\n<td>jaune<\/td>\n<\/tr>\n<tr>\n<td>Luminosit\u00e9<\/td>\n<td>140 lx (distance de 1 m)<\/td>\n<\/tr>\n<tr>\n<td>Pare-vent<\/td>\n<td>PMMA Plexiglas ice crystal<\/td>\n<\/tr>\n<tr>\n<td>Dimensions du pare-brise<\/td>\n<td>169 x 69 mm<\/td>\n<\/tr>\n<tr>\n<td>Hauteur du contour<\/td>\n<td>2 mm<\/td>\n<\/tr>\n<tr>\n<td>Ligne d&rsquo;alimentation<\/td>\n<td>2 x 0.5 mm\u00b2, longueur 30 cm, \u00d6lflex, ferrules d&rsquo;extr\u00e9mit\u00e9 de fil<\/td>\n<\/tr>\n<\/tbody>\n<\/table>\n","protected":false},"excerpt":{"rendered":"<p>La partie visible du panneau avant de l&rsquo;\u00e9clairage combin\u00e9 KLT102-Y-A est dispos\u00e9e de mani\u00e8re asym\u00e9trique. L&rsquo;utilisation de LED dans l&rsquo;\u00e9clairage combin\u00e9 KLT102-Y-A garantit une longue dur\u00e9e de vie.<\/p>\n<p>Les caract\u00e9ristiques sp\u00e9ciales sont :<\/p>\n<ul>\n<li>\u00c9clairage LED tr\u00e8s lumineux<\/li>\n<li>Conception \u00e9lectrique extr\u00eamement robuste, pas de dommages aux LED dus aux fluctuations \u00e9lectriques<\/li>\n<li>Faible consommation d&rsquo;\u00e9nergie<\/li>\n<li>durable<\/li>\n<li>Insensible \u00e0 l&rsquo;\u00e9rosion<\/li>\n<li>IP 67<\/li>\n<\/ul>\n<p>L&rsquo;\u00e9clairage combin\u00e9 KLT102-Y-A est utilis\u00e9 dans la zone combin\u00e9e des escalators.<\/p>\n","protected":false},"featured_media":0,"template":"","meta":{"_acf_changed":false},"product_brand":[],"product_cat":[15],"product_tag":[],"class_list":{"0":"post-21836","1":"product","2":"type-product","3":"status-publish","5":"product_cat-uncategorized","7":"first","8":"instock","9":"shipping-taxable","10":"purchasable","11":"product-type-simple"},"exclude_global_add_ons":[],"addons":[],"acf":[],"yoast_head":"<!-- This site is optimized with the Yoast SEO Premium plugin v27.3 (Yoast SEO v27.4) - https:\/\/yoast.com\/product\/yoast-seo-premium-wordpress\/ -->\n<title>\u00c9clairage combin\u00e9 KLT102-Y-A - RLS Wacon analytics<\/title>\n<meta name=\"description\" content=\"La partie visible du panneau avant de l&#039;\u00e9clairage combin\u00e9 KLT102-Y-A est dispos\u00e9e de mani\u00e8re asym\u00e9trique.\" \/>\n<meta name=\"robots\" content=\"index, follow, max-snippet:-1, max-image-preview:large, max-video-preview:-1\" \/>\n<link rel=\"canonical\" href=\"https:\/\/rls-wacon.de\/fr\/produkt\/eclairage-combine-klt102-y-a\/\" \/>\n<meta property=\"og:locale\" content=\"fr_FR\" \/>\n<meta property=\"og:type\" content=\"article\" \/>\n<meta property=\"og:title\" content=\"\u00c9clairage combin\u00e9 KLT102-Y-A\" \/>\n<meta property=\"og:description\" content=\"La partie visible du panneau avant de l&#039;\u00e9clairage combin\u00e9 KLT102-Y-A est dispos\u00e9e de mani\u00e8re asym\u00e9trique.\" \/>\n<meta property=\"og:url\" content=\"https:\/\/rls-wacon.de\/fr\/produkt\/eclairage-combine-klt102-y-a\/\" \/>\n<meta property=\"og:site_name\" content=\"RLS Wacon analytics\" \/>\n<meta property=\"article:modified_time\" content=\"2026-02-16T17:55:00+00:00\" \/>\n<meta name=\"twitter:card\" content=\"summary_large_image\" \/>\n<meta name=\"twitter:label1\" content=\"Prix\" \/>\n\t<meta name=\"twitter:data1\" content=\"9.999,00&nbsp;&euro;\" \/>\n\t<meta name=\"twitter:label2\" content=\"Disponibilit\u00e9\" \/>\n\t<meta name=\"twitter:data2\" content=\"En stock\" \/>\n<script type=\"application\/ld+json\" class=\"yoast-schema-graph\">{\"@context\":\"https:\\\/\\\/schema.org\",\"@graph\":[{\"@type\":\"WebPage\",\"@id\":\"https:\\\/\\\/rls-wacon.de\\\/fr\\\/produkt\\\/eclairage-combine-klt102-y-a\\\/\",\"url\":\"https:\\\/\\\/rls-wacon.de\\\/fr\\\/produkt\\\/eclairage-combine-klt102-y-a\\\/\",\"name\":\"\u00c9clairage combin\u00e9 KLT102-Y-A - RLS Wacon analytics\",\"isPartOf\":{\"@id\":\"https:\\\/\\\/rls-wacon.de\\\/#website\"},\"datePublished\":\"2023-10-24T13:04:27+00:00\",\"dateModified\":\"2026-02-16T17:55:00+00:00\",\"description\":\"La partie visible du panneau avant de l'\u00e9clairage combin\u00e9 KLT102-Y-A est dispos\u00e9e de mani\u00e8re asym\u00e9trique.\",\"breadcrumb\":{\"@id\":\"https:\\\/\\\/rls-wacon.de\\\/fr\\\/produkt\\\/eclairage-combine-klt102-y-a\\\/#breadcrumb\"},\"inLanguage\":\"fr-FR\",\"potentialAction\":[{\"@type\":\"ReadAction\",\"target\":[\"https:\\\/\\\/rls-wacon.de\\\/fr\\\/produkt\\\/eclairage-combine-klt102-y-a\\\/\"]}]},{\"@type\":\"BreadcrumbList\",\"@id\":\"https:\\\/\\\/rls-wacon.de\\\/fr\\\/produkt\\\/eclairage-combine-klt102-y-a\\\/#breadcrumb\",\"itemListElement\":[{\"@type\":\"ListItem\",\"position\":1,\"name\":\"Page d'accueil\",\"item\":\"https:\\\/\\\/rls-wacon.de\\\/\"},{\"@type\":\"ListItem\",\"position\":2,\"name\":\"Boutique\",\"item\":\"https:\\\/\\\/rls-wacon.de\\\/shop\\\/\"},{\"@type\":\"ListItem\",\"position\":3,\"name\":\"\u00c9clairage combin\u00e9 KLT102-Y-A\"}]},{\"@type\":\"WebSite\",\"@id\":\"https:\\\/\\\/rls-wacon.de\\\/#website\",\"url\":\"https:\\\/\\\/rls-wacon.de\\\/\",\"name\":\"RLS Wacon analytics GmbH\",\"description\":\"Experts for water monitoring\",\"publisher\":{\"@id\":\"https:\\\/\\\/rls-wacon.de\\\/#organization\"},\"potentialAction\":[{\"@type\":\"SearchAction\",\"target\":{\"@type\":\"EntryPoint\",\"urlTemplate\":\"https:\\\/\\\/rls-wacon.de\\\/?s={search_term_string}\"},\"query-input\":{\"@type\":\"PropertyValueSpecification\",\"valueRequired\":true,\"valueName\":\"search_term_string\"}}],\"inLanguage\":\"fr-FR\"},{\"@type\":\"Organization\",\"@id\":\"https:\\\/\\\/rls-wacon.de\\\/#organization\",\"name\":\"RLS Wacon analytics GmbH\",\"url\":\"https:\\\/\\\/rls-wacon.de\\\/\",\"logo\":{\"@type\":\"ImageObject\",\"inLanguage\":\"fr-FR\",\"@id\":\"https:\\\/\\\/rls-wacon.de\\\/#\\\/schema\\\/logo\\\/image\\\/\",\"url\":\"https:\\\/\\\/rls-wacon.de\\\/wp-content\\\/uploads\\\/2022\\\/10\\\/RLSWacon-analytics-Logo-BR-RZ-9_17-768x1591.png\",\"contentUrl\":\"https:\\\/\\\/rls-wacon.de\\\/wp-content\\\/uploads\\\/2022\\\/10\\\/RLSWacon-analytics-Logo-BR-RZ-9_17-768x1591.png\",\"width\":768,\"height\":159,\"caption\":\"RLS Wacon analytics GmbH\"},\"image\":{\"@id\":\"https:\\\/\\\/rls-wacon.de\\\/#\\\/schema\\\/logo\\\/image\\\/\"}}]}<\/script>\n<meta property=\"product:price:amount\" content=\"9999.00\" \/>\n<meta property=\"product:price:currency\" content=\"EUR\" \/>\n<meta property=\"og:availability\" content=\"instock\" \/>\n<meta property=\"product:availability\" content=\"instock\" \/>\n<meta property=\"product:condition\" content=\"new\" \/>\n<!-- \/ Yoast SEO Premium plugin. -->","yoast_head_json":{"title":"\u00c9clairage combin\u00e9 KLT102-Y-A - RLS Wacon analytics","description":"La partie visible du panneau avant de l'\u00e9clairage combin\u00e9 KLT102-Y-A est dispos\u00e9e de mani\u00e8re asym\u00e9trique.","robots":{"index":"index","follow":"follow","max-snippet":"max-snippet:-1","max-image-preview":"max-image-preview:large","max-video-preview":"max-video-preview:-1"},"canonical":"https:\/\/rls-wacon.de\/fr\/produkt\/eclairage-combine-klt102-y-a\/","og_locale":"fr_FR","og_type":"article","og_title":"\u00c9clairage combin\u00e9 KLT102-Y-A","og_description":"La partie visible du panneau avant de l'\u00e9clairage combin\u00e9 KLT102-Y-A est dispos\u00e9e de mani\u00e8re asym\u00e9trique.","og_url":"https:\/\/rls-wacon.de\/fr\/produkt\/eclairage-combine-klt102-y-a\/","og_site_name":"RLS Wacon analytics","article_modified_time":"2026-02-16T17:55:00+00:00","twitter_card":"summary_large_image","twitter_misc":{"Prix":"9.999,00&nbsp;&euro;","Disponibilit\u00e9":"En stock"},"schema":{"@context":"https:\/\/schema.org","@graph":[{"@type":"WebPage","@id":"https:\/\/rls-wacon.de\/fr\/produkt\/eclairage-combine-klt102-y-a\/","url":"https:\/\/rls-wacon.de\/fr\/produkt\/eclairage-combine-klt102-y-a\/","name":"\u00c9clairage combin\u00e9 KLT102-Y-A - RLS Wacon analytics","isPartOf":{"@id":"https:\/\/rls-wacon.de\/#website"},"datePublished":"2023-10-24T13:04:27+00:00","dateModified":"2026-02-16T17:55:00+00:00","description":"La partie visible du panneau avant de l'\u00e9clairage combin\u00e9 KLT102-Y-A est dispos\u00e9e de mani\u00e8re asym\u00e9trique.","breadcrumb":{"@id":"https:\/\/rls-wacon.de\/fr\/produkt\/eclairage-combine-klt102-y-a\/#breadcrumb"},"inLanguage":"fr-FR","potentialAction":[{"@type":"ReadAction","target":["https:\/\/rls-wacon.de\/fr\/produkt\/eclairage-combine-klt102-y-a\/"]}]},{"@type":"BreadcrumbList","@id":"https:\/\/rls-wacon.de\/fr\/produkt\/eclairage-combine-klt102-y-a\/#breadcrumb","itemListElement":[{"@type":"ListItem","position":1,"name":"Page d'accueil","item":"https:\/\/rls-wacon.de\/"},{"@type":"ListItem","position":2,"name":"Boutique","item":"https:\/\/rls-wacon.de\/shop\/"},{"@type":"ListItem","position":3,"name":"\u00c9clairage combin\u00e9 KLT102-Y-A"}]},{"@type":"WebSite","@id":"https:\/\/rls-wacon.de\/#website","url":"https:\/\/rls-wacon.de\/","name":"RLS Wacon analytics GmbH","description":"Experts for water monitoring","publisher":{"@id":"https:\/\/rls-wacon.de\/#organization"},"potentialAction":[{"@type":"SearchAction","target":{"@type":"EntryPoint","urlTemplate":"https:\/\/rls-wacon.de\/?s={search_term_string}"},"query-input":{"@type":"PropertyValueSpecification","valueRequired":true,"valueName":"search_term_string"}}],"inLanguage":"fr-FR"},{"@type":"Organization","@id":"https:\/\/rls-wacon.de\/#organization","name":"RLS Wacon analytics GmbH","url":"https:\/\/rls-wacon.de\/","logo":{"@type":"ImageObject","inLanguage":"fr-FR","@id":"https:\/\/rls-wacon.de\/#\/schema\/logo\/image\/","url":"https:\/\/rls-wacon.de\/wp-content\/uploads\/2022\/10\/RLSWacon-analytics-Logo-BR-RZ-9_17-768x1591.png","contentUrl":"https:\/\/rls-wacon.de\/wp-content\/uploads\/2022\/10\/RLSWacon-analytics-Logo-BR-RZ-9_17-768x1591.png","width":768,"height":159,"caption":"RLS Wacon analytics GmbH"},"image":{"@id":"https:\/\/rls-wacon.de\/#\/schema\/logo\/image\/"}}]},"product_price_amount":"9999.00","product_price_currency":"EUR","og_availability":"instock","product_availability":"instock","product_condition":"new"},"_links":{"self":[{"href":"https:\/\/rls-wacon.de\/fr\/wp-json\/wp\/v2\/product\/21836","targetHints":{"allow":["GET"]}}],"collection":[{"href":"https:\/\/rls-wacon.de\/fr\/wp-json\/wp\/v2\/product"}],"about":[{"href":"https:\/\/rls-wacon.de\/fr\/wp-json\/wp\/v2\/types\/product"}],"version-history":[{"count":1,"href":"https:\/\/rls-wacon.de\/fr\/wp-json\/wp\/v2\/product\/21836\/revisions"}],"predecessor-version":[{"id":28583,"href":"https:\/\/rls-wacon.de\/fr\/wp-json\/wp\/v2\/product\/21836\/revisions\/28583"}],"wp:attachment":[{"href":"https:\/\/rls-wacon.de\/fr\/wp-json\/wp\/v2\/media?parent=21836"}],"wp:term":[{"taxonomy":"product_brand","embeddable":true,"href":"https:\/\/rls-wacon.de\/fr\/wp-json\/wp\/v2\/product_brand?post=21836"},{"taxonomy":"product_cat","embeddable":true,"href":"https:\/\/rls-wacon.de\/fr\/wp-json\/wp\/v2\/product_cat?post=21836"},{"taxonomy":"product_tag","embeddable":true,"href":"https:\/\/rls-wacon.de\/fr\/wp-json\/wp\/v2\/product_tag?post=21836"}],"curies":[{"name":"wp","href":"https:\/\/api.w.org\/{rel}","templated":true}]}}