{"id":21844,"date":"2023-10-24T15:04:29","date_gmt":"2023-10-24T15:04:29","guid":{"rendered":"https:\/\/rls-wacon.de\/produkt\/spot-a-led-sp3800\/"},"modified":"2026-02-16T18:56:42","modified_gmt":"2026-02-16T17:56:42","slug":"spot-a-led-sp3800","status":"publish","type":"product","link":"https:\/\/rls-wacon.de\/fr\/produkt\/spot-a-led-sp3800\/","title":{"rendered":"Spot \u00e0 LED SP3800"},"content":{"rendered":"<p>Version standard (1,5 VA &#8211; 24 LED)<\/p>\n<hr class=\"system-pagebreak\" title=\"Sp\u00e9cifications\" \/>\n<table class=\"rls-table\">\n<tbody>\n<tr>\n<td>Param\u00e8tre<\/td>\n<td>Valeur<\/td>\n<\/tr>\n<tr>\n<td>Tension de fonctionnement<\/td>\n<td>typ. 24 V AC\/DC, 18 &#8230; 28 V AC\/DC<\/td>\n<\/tr>\n<tr>\n<td>Consommation \u00e9lectrique<\/td>\n<td>1,5 VA<\/td>\n<\/tr>\n<tr>\n<td>Classe de protection<\/td>\n<td>IP 65<\/td>\n<\/tr>\n<\/tbody>\n<\/table>\n<hr class=\"system-pagebreak\" title=\"Donn\u00e9es techniques\" \/>\n<table class=\"rls-table\">\n<tbody>\n<tr>\n<td>Param\u00e8tre<\/td>\n<td>Valeur<\/td>\n<\/tr>\n<tr>\n<td>Couleur de la LED<\/td>\n<td>blanc<\/td>\n<\/tr>\n<tr>\n<td>Intensit\u00e9 lumineuse<\/td>\n<td>220 cd, 30<\/td>\n<\/tr>\n<tr>\n<td>Panneau avant<\/td>\n<td>PMMA Plexiglas Cristal de glace<\/td>\n<\/tr>\n<tr>\n<td>Hauteur du contour<\/td>\n<td>3 mm<\/td>\n<\/tr>\n<tr>\n<td>Profondeur d&rsquo;encastrement<\/td>\n<td>32 mm<\/td>\n<\/tr>\n<tr>\n<td>Raccordement<\/td>\n<td>2 x 1,0 m, 2 x 0,5 mm\u00b2, cosses de c\u00e2ble<\/td>\n<\/tr>\n<\/tbody>\n<\/table>\n<hr class=\"system-pagebreak\" title=\"Visserie de fixation (\u00e0 commander s\u00e9par\u00e9ment)\" \/>\n<table class=\"rls-table\">\n<tbody>\n<tr>\n<td>N\u00b0 d&rsquo;art.<\/td>\n<td>D\u00e9signation<\/td>\n<\/tr>\n<tr>\n<td>50-000027<\/td>\n<td>Kit de fixation SP3800 M5 avec bague d&rsquo;espacement<\/td>\n<\/tr>\n<tr>\n<td>50-000030<\/td>\n<td>Kit de fixation SP3800 M5 sans bague d&rsquo;espacement<\/td>\n<\/tr>\n<\/tbody>\n<\/table>\n<p>&nbsp;<\/p>\n<p>Version LP (0,5 VA &#8211; 6 LED)<\/p>\n<hr class=\"system-pagebreak\" title=\"Sp\u00e9cifications\" \/>\n<table class=\"rls-table\">\n<tbody>\n<tr>\n<td>Param\u00e8tre<\/td>\n<td>Valeur<\/td>\n<\/tr>\n<tr>\n<td>Tension de fonctionnement<\/td>\n<td>24 V CC, 23 V CC &#8230; 25,6 V DC<\/td>\n<\/tr>\n<tr>\n<td>Consommation \u00e9lectrique<\/td>\n<td>0,5 VA<\/td>\n<\/tr>\n<tr>\n<td>Classe de protection<\/td>\n<td>IP 65<\/td>\n<\/tr>\n<\/tbody>\n<\/table>\n<hr class=\"system-pagebreak\" title=\"Donn\u00e9es techniques\" \/>\n<table class=\"rls-table\">\n<tbody>\n<tr>\n<td>Param\u00e8tre<\/td>\n<td>Valeur<\/td>\n<\/tr>\n<tr>\n<td>Couleur de la LED<\/td>\n<td>blanc \/ jaune \/ bleu<\/td>\n<\/tr>\n<tr>\n<td>Panneau avant<\/td>\n<td>PMMA Plexiglas Cristal de glace<\/td>\n<\/tr>\n<tr>\n<td>Hauteur du contour<\/td>\n<td>3 mm<\/td>\n<\/tr>\n<tr>\n<td>Profondeur d&rsquo;encastrement<\/td>\n<td>32 mm<\/td>\n<\/tr>\n<tr>\n<td>Raccordement<\/td>\n<td>2 x 1,0 m, 2 x 0,5 mm\u00b2, cosses de c\u00e2ble<\/td>\n<\/tr>\n<\/tbody>\n<\/table>\n<hr class=\"system-pagebreak\" title=\"Visserie de fixation (\u00e0 commander s\u00e9par\u00e9ment)\" \/>\n<table class=\"rls-table\">\n<tbody>\n<tr>\n<td>N\u00b0 d&rsquo;art.<\/td>\n<td>D\u00e9signation<\/td>\n<\/tr>\n<tr>\n<td>50-000027<\/td>\n<td>Kit de fixation SP3800 M5 avec bague d&rsquo;espacement<\/td>\n<\/tr>\n<tr>\n<td>50-000030<\/td>\n<td>Kit de fixation SP3800 M5 sans bague d&rsquo;espacement<\/td>\n<\/tr>\n<\/tbody>\n<\/table>\n","protected":false},"excerpt":{"rendered":"<p>Le spot LED SP3800-W est un \u00e9l\u00e9ment d&rsquo;\u00e9clairage \u00e9quip\u00e9 de 24 LED haute qualit\u00e9 super lumineuses. Des modifications et des solutions sp\u00e9ciales sont r\u00e9alisables \u00e0 tout moment.<\/p>\n<p>Les caract\u00e9ristiques particuli\u00e8res sont<\/p>\n<ul>\n<li>\u00e9clairage LED tr\u00e8s lumineux<\/li>\n<li>faible consommation d&rsquo;\u00e9nergie<\/li>\n<li>robuste et durable<\/li>\n<li>peut \u00eatre mis en cascade<\/li>\n<\/ul>\n<p>Le spot LED SP3800-W permet de cr\u00e9er des accents d&rsquo;ambiance dans les escaliers m\u00e9caniques.<\/p>\n","protected":false},"featured_media":20148,"template":"","meta":{"_acf_changed":false},"product_brand":[],"product_cat":[1053],"product_tag":[],"class_list":{"0":"post-21844","1":"product","2":"type-product","3":"status-publish","4":"has-post-thumbnail","6":"product_cat-spots-a-led","7":"pa_frontscheibe-38-mm-fr","9":"first","10":"instock","11":"shipping-taxable","12":"purchasable","13":"product-type-variable"},"exclude_global_add_ons":[],"addons":[],"acf":[],"yoast_head":"<!-- This site is optimized with the Yoast SEO Premium plugin v27.3 (Yoast SEO v27.4) - https:\/\/yoast.com\/product\/yoast-seo-premium-wordpress\/ -->\n<title>Spot \u00e0 LED SP3800 - RLS Wacon analytics<\/title>\n<meta name=\"description\" content=\"Le spot LED SP3800-W est un \u00e9l\u00e9ment d&#039;\u00e9clairage \u00e9quip\u00e9 de 24 LED haute qualit\u00e9 super lumineuses.\" \/>\n<meta name=\"robots\" content=\"index, follow, max-snippet:-1, max-image-preview:large, max-video-preview:-1\" \/>\n<link rel=\"canonical\" href=\"https:\/\/rls-wacon.de\/fr\/produkt\/spot-a-led-sp3800\/\" \/>\n<meta property=\"og:locale\" content=\"fr_FR\" \/>\n<meta property=\"og:type\" content=\"article\" \/>\n<meta property=\"og:title\" content=\"Spot \u00e0 LED SP3800\" \/>\n<meta property=\"og:description\" content=\"Le spot LED SP3800-W est un \u00e9l\u00e9ment d&#039;\u00e9clairage \u00e9quip\u00e9 de 24 LED haute qualit\u00e9 super lumineuses.\" \/>\n<meta property=\"og:url\" content=\"https:\/\/rls-wacon.de\/fr\/produkt\/spot-a-led-sp3800\/\" \/>\n<meta property=\"og:site_name\" content=\"RLS Wacon analytics\" \/>\n<meta property=\"article:modified_time\" content=\"2026-02-16T17:56:42+00:00\" \/>\n<meta property=\"og:image\" content=\"https:\/\/rls-wacon.de\/wp-content\/uploads\/2023\/10\/SP3800.jpg\" \/>\n\t<meta property=\"og:image:width\" content=\"2213\" \/>\n\t<meta property=\"og:image:height\" content=\"1661\" \/>\n\t<meta property=\"og:image:type\" content=\"image\/jpeg\" \/>\n<meta name=\"twitter:card\" content=\"summary_large_image\" \/>\n<meta name=\"twitter:label1\" content=\"Disponibilit\u00e9\" \/>\n\t<meta name=\"twitter:data1\" content=\"En stock\" \/>\n<script type=\"application\/ld+json\" class=\"yoast-schema-graph\">{\"@context\":\"https:\\\/\\\/schema.org\",\"@graph\":[{\"@type\":\"WebPage\",\"@id\":\"https:\\\/\\\/rls-wacon.de\\\/fr\\\/produkt\\\/spot-a-led-sp3800\\\/\",\"url\":\"https:\\\/\\\/rls-wacon.de\\\/fr\\\/produkt\\\/spot-a-led-sp3800\\\/\",\"name\":\"Spot \u00e0 LED SP3800 - RLS Wacon analytics\",\"isPartOf\":{\"@id\":\"https:\\\/\\\/rls-wacon.de\\\/#website\"},\"primaryImageOfPage\":{\"@id\":\"https:\\\/\\\/rls-wacon.de\\\/fr\\\/produkt\\\/spot-a-led-sp3800\\\/#primaryimage\"},\"image\":{\"@id\":\"https:\\\/\\\/rls-wacon.de\\\/fr\\\/produkt\\\/spot-a-led-sp3800\\\/#primaryimage\"},\"thumbnailUrl\":\"https:\\\/\\\/rls-wacon.de\\\/wp-content\\\/uploads\\\/2023\\\/10\\\/SP3800.jpg\",\"datePublished\":\"2023-10-24T15:04:29+00:00\",\"dateModified\":\"2026-02-16T17:56:42+00:00\",\"description\":\"Le spot LED SP3800-W est un \u00e9l\u00e9ment d'\u00e9clairage \u00e9quip\u00e9 de 24 LED haute qualit\u00e9 super lumineuses.\",\"breadcrumb\":{\"@id\":\"https:\\\/\\\/rls-wacon.de\\\/fr\\\/produkt\\\/spot-a-led-sp3800\\\/#breadcrumb\"},\"inLanguage\":\"fr-FR\",\"potentialAction\":[{\"@type\":\"ReadAction\",\"target\":[\"https:\\\/\\\/rls-wacon.de\\\/fr\\\/produkt\\\/spot-a-led-sp3800\\\/\"]}]},{\"@type\":\"ImageObject\",\"inLanguage\":\"fr-FR\",\"@id\":\"https:\\\/\\\/rls-wacon.de\\\/fr\\\/produkt\\\/spot-a-led-sp3800\\\/#primaryimage\",\"url\":\"https:\\\/\\\/rls-wacon.de\\\/wp-content\\\/uploads\\\/2023\\\/10\\\/SP3800.jpg\",\"contentUrl\":\"https:\\\/\\\/rls-wacon.de\\\/wp-content\\\/uploads\\\/2023\\\/10\\\/SP3800.jpg\",\"width\":2213,\"height\":1661},{\"@type\":\"BreadcrumbList\",\"@id\":\"https:\\\/\\\/rls-wacon.de\\\/fr\\\/produkt\\\/spot-a-led-sp3800\\\/#breadcrumb\",\"itemListElement\":[{\"@type\":\"ListItem\",\"position\":1,\"name\":\"Page d'accueil\",\"item\":\"https:\\\/\\\/rls-wacon.de\\\/\"},{\"@type\":\"ListItem\",\"position\":2,\"name\":\"Boutique\",\"item\":\"https:\\\/\\\/rls-wacon.de\\\/shop\\\/\"},{\"@type\":\"ListItem\",\"position\":3,\"name\":\"Spot \u00e0 LED SP3800\"}]},{\"@type\":\"WebSite\",\"@id\":\"https:\\\/\\\/rls-wacon.de\\\/#website\",\"url\":\"https:\\\/\\\/rls-wacon.de\\\/\",\"name\":\"RLS Wacon analytics GmbH\",\"description\":\"Experts for water monitoring\",\"publisher\":{\"@id\":\"https:\\\/\\\/rls-wacon.de\\\/#organization\"},\"potentialAction\":[{\"@type\":\"SearchAction\",\"target\":{\"@type\":\"EntryPoint\",\"urlTemplate\":\"https:\\\/\\\/rls-wacon.de\\\/?s={search_term_string}\"},\"query-input\":{\"@type\":\"PropertyValueSpecification\",\"valueRequired\":true,\"valueName\":\"search_term_string\"}}],\"inLanguage\":\"fr-FR\"},{\"@type\":\"Organization\",\"@id\":\"https:\\\/\\\/rls-wacon.de\\\/#organization\",\"name\":\"RLS Wacon analytics GmbH\",\"url\":\"https:\\\/\\\/rls-wacon.de\\\/\",\"logo\":{\"@type\":\"ImageObject\",\"inLanguage\":\"fr-FR\",\"@id\":\"https:\\\/\\\/rls-wacon.de\\\/#\\\/schema\\\/logo\\\/image\\\/\",\"url\":\"https:\\\/\\\/rls-wacon.de\\\/wp-content\\\/uploads\\\/2022\\\/10\\\/RLSWacon-analytics-Logo-BR-RZ-9_17-768x1591.png\",\"contentUrl\":\"https:\\\/\\\/rls-wacon.de\\\/wp-content\\\/uploads\\\/2022\\\/10\\\/RLSWacon-analytics-Logo-BR-RZ-9_17-768x1591.png\",\"width\":768,\"height\":159,\"caption\":\"RLS Wacon analytics GmbH\"},\"image\":{\"@id\":\"https:\\\/\\\/rls-wacon.de\\\/#\\\/schema\\\/logo\\\/image\\\/\"}}]}<\/script>\n<meta property=\"og:availability\" content=\"instock\" \/>\n<meta property=\"product:availability\" content=\"instock\" \/>\n<meta property=\"product:condition\" content=\"new\" \/>\n<!-- \/ Yoast SEO Premium plugin. -->","yoast_head_json":{"title":"Spot \u00e0 LED SP3800 - RLS Wacon analytics","description":"Le spot LED SP3800-W est un \u00e9l\u00e9ment d'\u00e9clairage \u00e9quip\u00e9 de 24 LED haute qualit\u00e9 super lumineuses.","robots":{"index":"index","follow":"follow","max-snippet":"max-snippet:-1","max-image-preview":"max-image-preview:large","max-video-preview":"max-video-preview:-1"},"canonical":"https:\/\/rls-wacon.de\/fr\/produkt\/spot-a-led-sp3800\/","og_locale":"fr_FR","og_type":"article","og_title":"Spot \u00e0 LED SP3800","og_description":"Le spot LED SP3800-W est un \u00e9l\u00e9ment d'\u00e9clairage \u00e9quip\u00e9 de 24 LED haute qualit\u00e9 super lumineuses.","og_url":"https:\/\/rls-wacon.de\/fr\/produkt\/spot-a-led-sp3800\/","og_site_name":"RLS Wacon analytics","article_modified_time":"2026-02-16T17:56:42+00:00","og_image":[{"width":2213,"height":1661,"url":"https:\/\/rls-wacon.de\/wp-content\/uploads\/2023\/10\/SP3800.jpg","type":"image\/jpeg"}],"twitter_card":"summary_large_image","twitter_misc":{"Disponibilit\u00e9":"En stock"},"schema":{"@context":"https:\/\/schema.org","@graph":[{"@type":"WebPage","@id":"https:\/\/rls-wacon.de\/fr\/produkt\/spot-a-led-sp3800\/","url":"https:\/\/rls-wacon.de\/fr\/produkt\/spot-a-led-sp3800\/","name":"Spot \u00e0 LED SP3800 - RLS Wacon analytics","isPartOf":{"@id":"https:\/\/rls-wacon.de\/#website"},"primaryImageOfPage":{"@id":"https:\/\/rls-wacon.de\/fr\/produkt\/spot-a-led-sp3800\/#primaryimage"},"image":{"@id":"https:\/\/rls-wacon.de\/fr\/produkt\/spot-a-led-sp3800\/#primaryimage"},"thumbnailUrl":"https:\/\/rls-wacon.de\/wp-content\/uploads\/2023\/10\/SP3800.jpg","datePublished":"2023-10-24T15:04:29+00:00","dateModified":"2026-02-16T17:56:42+00:00","description":"Le spot LED SP3800-W est un \u00e9l\u00e9ment d'\u00e9clairage \u00e9quip\u00e9 de 24 LED haute qualit\u00e9 super lumineuses.","breadcrumb":{"@id":"https:\/\/rls-wacon.de\/fr\/produkt\/spot-a-led-sp3800\/#breadcrumb"},"inLanguage":"fr-FR","potentialAction":[{"@type":"ReadAction","target":["https:\/\/rls-wacon.de\/fr\/produkt\/spot-a-led-sp3800\/"]}]},{"@type":"ImageObject","inLanguage":"fr-FR","@id":"https:\/\/rls-wacon.de\/fr\/produkt\/spot-a-led-sp3800\/#primaryimage","url":"https:\/\/rls-wacon.de\/wp-content\/uploads\/2023\/10\/SP3800.jpg","contentUrl":"https:\/\/rls-wacon.de\/wp-content\/uploads\/2023\/10\/SP3800.jpg","width":2213,"height":1661},{"@type":"BreadcrumbList","@id":"https:\/\/rls-wacon.de\/fr\/produkt\/spot-a-led-sp3800\/#breadcrumb","itemListElement":[{"@type":"ListItem","position":1,"name":"Page d'accueil","item":"https:\/\/rls-wacon.de\/"},{"@type":"ListItem","position":2,"name":"Boutique","item":"https:\/\/rls-wacon.de\/shop\/"},{"@type":"ListItem","position":3,"name":"Spot \u00e0 LED SP3800"}]},{"@type":"WebSite","@id":"https:\/\/rls-wacon.de\/#website","url":"https:\/\/rls-wacon.de\/","name":"RLS Wacon analytics GmbH","description":"Experts for water monitoring","publisher":{"@id":"https:\/\/rls-wacon.de\/#organization"},"potentialAction":[{"@type":"SearchAction","target":{"@type":"EntryPoint","urlTemplate":"https:\/\/rls-wacon.de\/?s={search_term_string}"},"query-input":{"@type":"PropertyValueSpecification","valueRequired":true,"valueName":"search_term_string"}}],"inLanguage":"fr-FR"},{"@type":"Organization","@id":"https:\/\/rls-wacon.de\/#organization","name":"RLS Wacon analytics GmbH","url":"https:\/\/rls-wacon.de\/","logo":{"@type":"ImageObject","inLanguage":"fr-FR","@id":"https:\/\/rls-wacon.de\/#\/schema\/logo\/image\/","url":"https:\/\/rls-wacon.de\/wp-content\/uploads\/2022\/10\/RLSWacon-analytics-Logo-BR-RZ-9_17-768x1591.png","contentUrl":"https:\/\/rls-wacon.de\/wp-content\/uploads\/2022\/10\/RLSWacon-analytics-Logo-BR-RZ-9_17-768x1591.png","width":768,"height":159,"caption":"RLS Wacon analytics GmbH"},"image":{"@id":"https:\/\/rls-wacon.de\/#\/schema\/logo\/image\/"}}]},"og_availability":"instock","product_availability":"instock","product_condition":"new"},"_links":{"self":[{"href":"https:\/\/rls-wacon.de\/fr\/wp-json\/wp\/v2\/product\/21844","targetHints":{"allow":["GET"]}}],"collection":[{"href":"https:\/\/rls-wacon.de\/fr\/wp-json\/wp\/v2\/product"}],"about":[{"href":"https:\/\/rls-wacon.de\/fr\/wp-json\/wp\/v2\/types\/product"}],"version-history":[{"count":1,"href":"https:\/\/rls-wacon.de\/fr\/wp-json\/wp\/v2\/product\/21844\/revisions"}],"predecessor-version":[{"id":28586,"href":"https:\/\/rls-wacon.de\/fr\/wp-json\/wp\/v2\/product\/21844\/revisions\/28586"}],"wp:featuredmedia":[{"embeddable":true,"href":"https:\/\/rls-wacon.de\/fr\/wp-json\/wp\/v2\/media\/20148"}],"wp:attachment":[{"href":"https:\/\/rls-wacon.de\/fr\/wp-json\/wp\/v2\/media?parent=21844"}],"wp:term":[{"taxonomy":"product_brand","embeddable":true,"href":"https:\/\/rls-wacon.de\/fr\/wp-json\/wp\/v2\/product_brand?post=21844"},{"taxonomy":"product_cat","embeddable":true,"href":"https:\/\/rls-wacon.de\/fr\/wp-json\/wp\/v2\/product_cat?post=21844"},{"taxonomy":"product_tag","embeddable":true,"href":"https:\/\/rls-wacon.de\/fr\/wp-json\/wp\/v2\/product_tag?post=21844"}],"curies":[{"name":"wp","href":"https:\/\/api.w.org\/{rel}","templated":true}]}}