{"id":21953,"date":"2023-03-11T21:12:57","date_gmt":"2023-03-11T21:12:57","guid":{"rendered":"https:\/\/rls-wacon.de\/produkt\/regulateur-de-pression-avec-manometre\/"},"modified":"2026-02-16T19:01:51","modified_gmt":"2026-02-16T18:01:51","slug":"regulateur-de-pression-avec-manometre","status":"publish","type":"product","link":"https:\/\/rls-wacon.de\/fr\/produkt\/regulateur-de-pression-avec-manometre\/","title":{"rendered":"R\u00e9gulateur de pression avec manom\u00e8tre"},"content":{"rendered":"","protected":false},"excerpt":{"rendered":"<p>Un r\u00e9ducteur de pression avec filtre plac\u00e9 en amont prot\u00e8ge votre appareil des coups de b\u00e9lier et des corps \u00e9trangers dans la cellule de mesure et prolonge ainsi la dur\u00e9e de vie de l&rsquo;analyseur.<br \/>\nLe r\u00e9ducteur de pression, avec une plage de r\u00e9glage de 0 \u00e0 4 bar et un diam\u00e8tre ext\u00e9rieur de raccord de tuyau de 6 mm, est plac\u00e9 en amont de l&rsquo;analyseur pour r\u00e9duire la pression d&rsquo;entr\u00e9e de l&rsquo;\u00e9chantillon d&rsquo;eau. Notre chambre de mesure est con\u00e7ue pour une pression allant jusqu&rsquo;\u00e0 5 bar. Nous recommandons toutefois de r\u00e9duire la pression \u00e0 2 bars.<\/p>\n","protected":false},"featured_media":20758,"template":"","meta":{"_acf_changed":false},"product_brand":[],"product_cat":[1348],"product_tag":[],"class_list":{"0":"post-21953","1":"product","2":"type-product","3":"status-publish","4":"has-post-thumbnail","6":"product_cat-acessorios","8":"first","9":"instock","10":"shipping-taxable","11":"purchasable","12":"product-type-simple"},"exclude_global_add_ons":[],"addons":[],"acf":[],"yoast_head":"<!-- This site is optimized with the Yoast SEO Premium plugin v27.3 (Yoast SEO v27.3) - https:\/\/yoast.com\/product\/yoast-seo-premium-wordpress\/ -->\n<title>R\u00e9gulateur de pression avec manom\u00e8tre - RLS Wacon analytics<\/title>\n<meta name=\"description\" content=\"Un r\u00e9ducteur de pression avec filtre plac\u00e9 en amont prot\u00e8ge votre appareil des coups de b\u00e9lier et des corps \u00e9trangers dans la cellule de mesure et\u2026\" \/>\n<meta name=\"robots\" content=\"index, follow, max-snippet:-1, max-image-preview:large, max-video-preview:-1\" \/>\n<link rel=\"canonical\" href=\"https:\/\/rls-wacon.de\/fr\/produkt\/regulateur-de-pression-avec-manometre\/\" \/>\n<meta property=\"og:locale\" content=\"fr_FR\" \/>\n<meta property=\"og:type\" content=\"article\" \/>\n<meta property=\"og:title\" content=\"R\u00e9gulateur de pression avec manom\u00e8tre\" \/>\n<meta property=\"og:description\" content=\"Un r\u00e9ducteur de pression avec filtre plac\u00e9 en amont prot\u00e8ge votre appareil des coups de b\u00e9lier et des corps \u00e9trangers dans la cellule de mesure et\u2026\" \/>\n<meta property=\"og:url\" content=\"https:\/\/rls-wacon.de\/fr\/produkt\/regulateur-de-pression-avec-manometre\/\" \/>\n<meta property=\"og:site_name\" content=\"RLS Wacon analytics\" \/>\n<meta property=\"article:modified_time\" content=\"2026-02-16T18:01:51+00:00\" \/>\n<meta property=\"og:image\" content=\"https:\/\/rls-wacon.de\/wp-content\/uploads\/2023\/03\/36-001017-Druckregler-mit-Manometer-1-scaled.jpg\" \/>\n\t<meta property=\"og:image:width\" content=\"2560\" \/>\n\t<meta property=\"og:image:height\" content=\"1707\" \/>\n\t<meta property=\"og:image:type\" content=\"image\/jpeg\" \/>\n<meta name=\"twitter:card\" content=\"summary_large_image\" \/>\n<meta name=\"twitter:label1\" content=\"Prix\" \/>\n\t<meta name=\"twitter:data1\" content=\"9.999,00&nbsp;&euro;\" \/>\n\t<meta name=\"twitter:label2\" content=\"Disponibilit\u00e9\" \/>\n\t<meta name=\"twitter:data2\" content=\"En stock\" \/>\n<script type=\"application\/ld+json\" class=\"yoast-schema-graph\">{\"@context\":\"https:\\\/\\\/schema.org\",\"@graph\":[{\"@type\":\"WebPage\",\"@id\":\"https:\\\/\\\/rls-wacon.de\\\/fr\\\/produkt\\\/regulateur-de-pression-avec-manometre\\\/\",\"url\":\"https:\\\/\\\/rls-wacon.de\\\/fr\\\/produkt\\\/regulateur-de-pression-avec-manometre\\\/\",\"name\":\"R\u00e9gulateur de pression avec manom\u00e8tre - RLS Wacon analytics\",\"isPartOf\":{\"@id\":\"https:\\\/\\\/rls-wacon.de\\\/#website\"},\"primaryImageOfPage\":{\"@id\":\"https:\\\/\\\/rls-wacon.de\\\/fr\\\/produkt\\\/regulateur-de-pression-avec-manometre\\\/#primaryimage\"},\"image\":{\"@id\":\"https:\\\/\\\/rls-wacon.de\\\/fr\\\/produkt\\\/regulateur-de-pression-avec-manometre\\\/#primaryimage\"},\"thumbnailUrl\":\"https:\\\/\\\/rls-wacon.de\\\/wp-content\\\/uploads\\\/2023\\\/03\\\/36-001017-Druckregler-mit-Manometer-1-scaled.jpg\",\"datePublished\":\"2023-03-11T21:12:57+00:00\",\"dateModified\":\"2026-02-16T18:01:51+00:00\",\"description\":\"Un r\u00e9ducteur de pression avec filtre plac\u00e9 en amont prot\u00e8ge votre appareil des coups de b\u00e9lier et des corps \u00e9trangers dans la cellule de mesure et\u2026\",\"breadcrumb\":{\"@id\":\"https:\\\/\\\/rls-wacon.de\\\/fr\\\/produkt\\\/regulateur-de-pression-avec-manometre\\\/#breadcrumb\"},\"inLanguage\":\"fr-FR\",\"potentialAction\":[{\"@type\":\"ReadAction\",\"target\":[\"https:\\\/\\\/rls-wacon.de\\\/fr\\\/produkt\\\/regulateur-de-pression-avec-manometre\\\/\"]}]},{\"@type\":\"ImageObject\",\"inLanguage\":\"fr-FR\",\"@id\":\"https:\\\/\\\/rls-wacon.de\\\/fr\\\/produkt\\\/regulateur-de-pression-avec-manometre\\\/#primaryimage\",\"url\":\"https:\\\/\\\/rls-wacon.de\\\/wp-content\\\/uploads\\\/2023\\\/03\\\/36-001017-Druckregler-mit-Manometer-1-scaled.jpg\",\"contentUrl\":\"https:\\\/\\\/rls-wacon.de\\\/wp-content\\\/uploads\\\/2023\\\/03\\\/36-001017-Druckregler-mit-Manometer-1-scaled.jpg\",\"width\":2560,\"height\":1707,\"caption\":\"36-001017 R\u00e9gulateur de pression avec manom\u00e8tre\"},{\"@type\":\"BreadcrumbList\",\"@id\":\"https:\\\/\\\/rls-wacon.de\\\/fr\\\/produkt\\\/regulateur-de-pression-avec-manometre\\\/#breadcrumb\",\"itemListElement\":[{\"@type\":\"ListItem\",\"position\":1,\"name\":\"Page d'accueil\",\"item\":\"https:\\\/\\\/rls-wacon.de\\\/\"},{\"@type\":\"ListItem\",\"position\":2,\"name\":\"Boutique\",\"item\":\"https:\\\/\\\/rls-wacon.de\\\/shop\\\/\"},{\"@type\":\"ListItem\",\"position\":3,\"name\":\"R\u00e9gulateur de pression avec manom\u00e8tre\"}]},{\"@type\":\"WebSite\",\"@id\":\"https:\\\/\\\/rls-wacon.de\\\/#website\",\"url\":\"https:\\\/\\\/rls-wacon.de\\\/\",\"name\":\"RLS Wacon analytics GmbH\",\"description\":\"Experts for water monitoring\",\"publisher\":{\"@id\":\"https:\\\/\\\/rls-wacon.de\\\/#organization\"},\"potentialAction\":[{\"@type\":\"SearchAction\",\"target\":{\"@type\":\"EntryPoint\",\"urlTemplate\":\"https:\\\/\\\/rls-wacon.de\\\/?s={search_term_string}\"},\"query-input\":{\"@type\":\"PropertyValueSpecification\",\"valueRequired\":true,\"valueName\":\"search_term_string\"}}],\"inLanguage\":\"fr-FR\"},{\"@type\":\"Organization\",\"@id\":\"https:\\\/\\\/rls-wacon.de\\\/#organization\",\"name\":\"RLS Wacon analytics GmbH\",\"url\":\"https:\\\/\\\/rls-wacon.de\\\/\",\"logo\":{\"@type\":\"ImageObject\",\"inLanguage\":\"fr-FR\",\"@id\":\"https:\\\/\\\/rls-wacon.de\\\/#\\\/schema\\\/logo\\\/image\\\/\",\"url\":\"https:\\\/\\\/rls-wacon.de\\\/wp-content\\\/uploads\\\/2022\\\/10\\\/RLSWacon-analytics-Logo-BR-RZ-9_17-768x1591.png\",\"contentUrl\":\"https:\\\/\\\/rls-wacon.de\\\/wp-content\\\/uploads\\\/2022\\\/10\\\/RLSWacon-analytics-Logo-BR-RZ-9_17-768x1591.png\",\"width\":768,\"height\":159,\"caption\":\"RLS Wacon analytics GmbH\"},\"image\":{\"@id\":\"https:\\\/\\\/rls-wacon.de\\\/#\\\/schema\\\/logo\\\/image\\\/\"}}]}<\/script>\n<meta property=\"product:price:amount\" content=\"9999.00\" \/>\n<meta property=\"product:price:currency\" content=\"EUR\" \/>\n<meta property=\"og:availability\" content=\"instock\" \/>\n<meta property=\"product:availability\" content=\"instock\" \/>\n<meta property=\"product:retailer_item_id\" content=\"36-001017\" \/>\n<meta property=\"product:condition\" content=\"new\" \/>\n<!-- \/ Yoast SEO Premium plugin. -->","yoast_head_json":{"title":"R\u00e9gulateur de pression avec manom\u00e8tre - RLS Wacon analytics","description":"Un r\u00e9ducteur de pression avec filtre plac\u00e9 en amont prot\u00e8ge votre appareil des coups de b\u00e9lier et des corps \u00e9trangers dans la cellule de mesure et\u2026","robots":{"index":"index","follow":"follow","max-snippet":"max-snippet:-1","max-image-preview":"max-image-preview:large","max-video-preview":"max-video-preview:-1"},"canonical":"https:\/\/rls-wacon.de\/fr\/produkt\/regulateur-de-pression-avec-manometre\/","og_locale":"fr_FR","og_type":"article","og_title":"R\u00e9gulateur de pression avec manom\u00e8tre","og_description":"Un r\u00e9ducteur de pression avec filtre plac\u00e9 en amont prot\u00e8ge votre appareil des coups de b\u00e9lier et des corps \u00e9trangers dans la cellule de mesure et\u2026","og_url":"https:\/\/rls-wacon.de\/fr\/produkt\/regulateur-de-pression-avec-manometre\/","og_site_name":"RLS Wacon analytics","article_modified_time":"2026-02-16T18:01:51+00:00","og_image":[{"width":2560,"height":1707,"url":"https:\/\/rls-wacon.de\/wp-content\/uploads\/2023\/03\/36-001017-Druckregler-mit-Manometer-1-scaled.jpg","type":"image\/jpeg"}],"twitter_card":"summary_large_image","twitter_misc":{"Prix":"9.999,00&nbsp;&euro;","Disponibilit\u00e9":"En stock"},"schema":{"@context":"https:\/\/schema.org","@graph":[{"@type":"WebPage","@id":"https:\/\/rls-wacon.de\/fr\/produkt\/regulateur-de-pression-avec-manometre\/","url":"https:\/\/rls-wacon.de\/fr\/produkt\/regulateur-de-pression-avec-manometre\/","name":"R\u00e9gulateur de pression avec manom\u00e8tre - RLS Wacon analytics","isPartOf":{"@id":"https:\/\/rls-wacon.de\/#website"},"primaryImageOfPage":{"@id":"https:\/\/rls-wacon.de\/fr\/produkt\/regulateur-de-pression-avec-manometre\/#primaryimage"},"image":{"@id":"https:\/\/rls-wacon.de\/fr\/produkt\/regulateur-de-pression-avec-manometre\/#primaryimage"},"thumbnailUrl":"https:\/\/rls-wacon.de\/wp-content\/uploads\/2023\/03\/36-001017-Druckregler-mit-Manometer-1-scaled.jpg","datePublished":"2023-03-11T21:12:57+00:00","dateModified":"2026-02-16T18:01:51+00:00","description":"Un r\u00e9ducteur de pression avec filtre plac\u00e9 en amont prot\u00e8ge votre appareil des coups de b\u00e9lier et des corps \u00e9trangers dans la cellule de mesure et\u2026","breadcrumb":{"@id":"https:\/\/rls-wacon.de\/fr\/produkt\/regulateur-de-pression-avec-manometre\/#breadcrumb"},"inLanguage":"fr-FR","potentialAction":[{"@type":"ReadAction","target":["https:\/\/rls-wacon.de\/fr\/produkt\/regulateur-de-pression-avec-manometre\/"]}]},{"@type":"ImageObject","inLanguage":"fr-FR","@id":"https:\/\/rls-wacon.de\/fr\/produkt\/regulateur-de-pression-avec-manometre\/#primaryimage","url":"https:\/\/rls-wacon.de\/wp-content\/uploads\/2023\/03\/36-001017-Druckregler-mit-Manometer-1-scaled.jpg","contentUrl":"https:\/\/rls-wacon.de\/wp-content\/uploads\/2023\/03\/36-001017-Druckregler-mit-Manometer-1-scaled.jpg","width":2560,"height":1707,"caption":"36-001017 R\u00e9gulateur de pression avec manom\u00e8tre"},{"@type":"BreadcrumbList","@id":"https:\/\/rls-wacon.de\/fr\/produkt\/regulateur-de-pression-avec-manometre\/#breadcrumb","itemListElement":[{"@type":"ListItem","position":1,"name":"Page d'accueil","item":"https:\/\/rls-wacon.de\/"},{"@type":"ListItem","position":2,"name":"Boutique","item":"https:\/\/rls-wacon.de\/shop\/"},{"@type":"ListItem","position":3,"name":"R\u00e9gulateur de pression avec manom\u00e8tre"}]},{"@type":"WebSite","@id":"https:\/\/rls-wacon.de\/#website","url":"https:\/\/rls-wacon.de\/","name":"RLS Wacon analytics GmbH","description":"Experts for water monitoring","publisher":{"@id":"https:\/\/rls-wacon.de\/#organization"},"potentialAction":[{"@type":"SearchAction","target":{"@type":"EntryPoint","urlTemplate":"https:\/\/rls-wacon.de\/?s={search_term_string}"},"query-input":{"@type":"PropertyValueSpecification","valueRequired":true,"valueName":"search_term_string"}}],"inLanguage":"fr-FR"},{"@type":"Organization","@id":"https:\/\/rls-wacon.de\/#organization","name":"RLS Wacon analytics GmbH","url":"https:\/\/rls-wacon.de\/","logo":{"@type":"ImageObject","inLanguage":"fr-FR","@id":"https:\/\/rls-wacon.de\/#\/schema\/logo\/image\/","url":"https:\/\/rls-wacon.de\/wp-content\/uploads\/2022\/10\/RLSWacon-analytics-Logo-BR-RZ-9_17-768x1591.png","contentUrl":"https:\/\/rls-wacon.de\/wp-content\/uploads\/2022\/10\/RLSWacon-analytics-Logo-BR-RZ-9_17-768x1591.png","width":768,"height":159,"caption":"RLS Wacon analytics GmbH"},"image":{"@id":"https:\/\/rls-wacon.de\/#\/schema\/logo\/image\/"}}]},"product_price_amount":"9999.00","product_price_currency":"EUR","og_availability":"instock","product_availability":"instock","product_retailer_item_id":"36-001017","product_condition":"new"},"_links":{"self":[{"href":"https:\/\/rls-wacon.de\/fr\/wp-json\/wp\/v2\/product\/21953","targetHints":{"allow":["GET"]}}],"collection":[{"href":"https:\/\/rls-wacon.de\/fr\/wp-json\/wp\/v2\/product"}],"about":[{"href":"https:\/\/rls-wacon.de\/fr\/wp-json\/wp\/v2\/types\/product"}],"version-history":[{"count":1,"href":"https:\/\/rls-wacon.de\/fr\/wp-json\/wp\/v2\/product\/21953\/revisions"}],"predecessor-version":[{"id":28595,"href":"https:\/\/rls-wacon.de\/fr\/wp-json\/wp\/v2\/product\/21953\/revisions\/28595"}],"wp:featuredmedia":[{"embeddable":true,"href":"https:\/\/rls-wacon.de\/fr\/wp-json\/wp\/v2\/media\/20758"}],"wp:attachment":[{"href":"https:\/\/rls-wacon.de\/fr\/wp-json\/wp\/v2\/media?parent=21953"}],"wp:term":[{"taxonomy":"product_brand","embeddable":true,"href":"https:\/\/rls-wacon.de\/fr\/wp-json\/wp\/v2\/product_brand?post=21953"},{"taxonomy":"product_cat","embeddable":true,"href":"https:\/\/rls-wacon.de\/fr\/wp-json\/wp\/v2\/product_cat?post=21953"},{"taxonomy":"product_tag","embeddable":true,"href":"https:\/\/rls-wacon.de\/fr\/wp-json\/wp\/v2\/product_tag?post=21953"}],"curies":[{"name":"wp","href":"https:\/\/api.w.org\/{rel}","templated":true}]}}