{"id":21966,"date":"2023-03-11T21:13:00","date_gmt":"2023-03-11T21:13:00","guid":{"rendered":"https:\/\/rls-wacon.de\/produkt\/indicateur-fe-4\/"},"modified":"2023-03-11T21:13:00","modified_gmt":"2023-03-11T20:13:00","slug":"indicateur-fe-4","status":"publish","type":"product","link":"https:\/\/rls-wacon.de\/fr\/produkt\/indicateur-fe-4\/","title":{"rendered":"Indicateur FE 4"},"content":{"rendered":"<hr class=\"system-pagebreak\" title=\"Plage d'analyse\">\n<table class=\"wacon-table\" style=\"width: 253px; height: 105px;\">\n<tbody>\n<tr>\n<td>Plage de mesure Sycon 3000 Fe<\/td>\n<td>Unit\u00e9 de mesure<\/td>\n<\/tr>\n<tr>\n<td>0,04 &#8230; 4<\/td>\n<td>mg \/ l Fe<\/td>\n<\/tr>\n<\/tbody>\n<\/table>\n<hr class=\"system-pagebreak\" title=\"Analyseurs compatibles\">\n<table class=\"wacon-table\" style=\"width: 611px; height: 177px;\">\n<tbody>\n<tr>\n<td>Appareil<\/td>\n<td>Compatible<\/td>\n<td>Remarque<\/td>\n<\/tr>\n<tr>\n<td>Sycon 2500<\/td>\n<td>non<\/td>\n<td>Analyseur retir\u00e9 du march\u00e9, remplac\u00e9 par l&rsquo;analyseur Sycon 2502<\/td>\n<\/tr>\n<tr>\n<td>Sycon 2501<\/td>\n<td>non<\/td>\n<td>Analyseur retir\u00e9, remplac\u00e9 par l&rsquo;analyseur Sycon 2502<\/td>\n<\/tr>\n<tr>\n<td>Sycon 2502<\/td>\n<td>non<\/td>\n<td><\/td>\n<\/tr>\n<tr>\n<td>Sycon 2800<\/td>\n<td>non<\/td>\n<td><\/td>\n<\/tr>\n<tr>\n<td>Sycon 3000 Fe<\/td>\n<td>oui<\/td>\n<td> Analyseur retir\u00e9 du march\u00e9, remplac\u00e9 par l&rsquo;analyseur Sycon 2800<\/td>\n<\/tr>\n<\/tbody>\n<\/table>\n<hr class=\"system-pagebreak\" title=\"Donn\u00e9es techniques\">\n<table class=\"wacon-table\">\n<tbody>\n<tr>\n<td>Param\u00e8tre<\/td>\n<td>Valeur \/ Plage<\/td>\n<\/tr>\n<tr>\n<td>Dur\u00e9e de vie<\/td>\n<td>24 mois<\/td>\n<\/tr>\n<tr>\n<td>Quantit\u00e9<\/td>\n<td>250 ml<\/td>\n<\/tr>\n<tr>\n<td>Bouteille<\/td>\n<td>angulaire<\/td>\n<\/tr>\n<\/tbody>\n<\/table>\n","protected":false},"excerpt":{"rendered":"<p>L&rsquo;indicateur FE 4 est un indicateur de la teneur en fer destin\u00e9 \u00e0 \u00eatre utilis\u00e9 avec l&rsquo;analyseur Sycon 3000 Fe.<\/p>\n<p>Comme tous nos indicateurs pour nos propres analyseurs, le FE 4 pr\u00e9sente les caract\u00e9ristiques suivantes<\/p>\n<ul>\n<li>Utilisation de mati\u00e8res premi\u00e8res de qualit\u00e9<\/li>\n<li>Fabrication selon notre propre recette<\/li>\n<li>Dur\u00e9e de conservation de 24 mois<\/li>\n<\/ul>\n","protected":false},"featured_media":20725,"template":"","meta":{"_acf_changed":false},"product_brand":[],"product_cat":[15],"product_tag":[],"class_list":{"0":"post-21966","1":"product","2":"type-product","3":"status-publish","4":"has-post-thumbnail","6":"product_cat-uncategorized","8":"first","9":"instock","10":"shipping-taxable","11":"purchasable","12":"product-type-simple"},"exclude_global_add_ons":[],"addons":[],"acf":[],"yoast_head":"<!-- This site is optimized with the Yoast SEO Premium plugin v27.3 (Yoast SEO v27.4) - https:\/\/yoast.com\/product\/yoast-seo-premium-wordpress\/ -->\n<title>Indicateur FE 4 - RLS Wacon analytics<\/title>\n<meta name=\"robots\" content=\"index, follow, max-snippet:-1, max-image-preview:large, max-video-preview:-1\" \/>\n<link rel=\"canonical\" href=\"https:\/\/rls-wacon.de\/produkt\/indikator-fe-4\/\" \/>\n<meta property=\"og:locale\" content=\"fr_FR\" \/>\n<meta property=\"og:type\" content=\"article\" \/>\n<meta property=\"og:title\" content=\"Indicateur FE 4\" \/>\n<meta property=\"og:description\" content=\"L&#039;indicateur FE 4 est un indicateur de la teneur en fer destin\u00e9 \u00e0 \u00eatre utilis\u00e9 avec l&#039;analyseur Sycon 3000 Fe. Comme tous nos indicateurs pour nos propres analyseurs, le FE 4 pr\u00e9sente les caract\u00e9ristiques suivantes  Utilisation de mati\u00e8res premi\u00e8res de qualit\u00e9  Fabrication selon notre propre recette  Dur\u00e9e de conservation de 24 mois\" \/>\n<meta property=\"og:url\" content=\"https:\/\/rls-wacon.de\/produkt\/indikator-fe-4\/\" \/>\n<meta property=\"og:site_name\" content=\"RLS Wacon analytics\" \/>\n<meta property=\"og:image\" content=\"https:\/\/rls-wacon.de\/wp-content\/uploads\/2023\/03\/indikator-fe-4.jpg\" \/>\n\t<meta property=\"og:image:width\" content=\"1920\" \/>\n\t<meta property=\"og:image:height\" content=\"1280\" \/>\n\t<meta property=\"og:image:type\" content=\"image\/jpeg\" \/>\n<meta name=\"twitter:card\" content=\"summary_large_image\" \/>\n<meta name=\"twitter:label1\" content=\"Prix\" \/>\n\t<meta name=\"twitter:data1\" content=\"9.999,00&nbsp;&euro;\" \/>\n\t<meta name=\"twitter:label2\" content=\"Disponibilit\u00e9\" \/>\n\t<meta name=\"twitter:data2\" content=\"En stock\" \/>\n<script type=\"application\/ld+json\" class=\"yoast-schema-graph\">{\"@context\":\"https:\\\/\\\/schema.org\",\"@graph\":[{\"@type\":\"WebPage\",\"@id\":\"https:\\\/\\\/rls-wacon.de\\\/produkt\\\/indikator-fe-4\\\/\",\"url\":\"https:\\\/\\\/rls-wacon.de\\\/produkt\\\/indikator-fe-4\\\/\",\"name\":\"Indicateur FE 4 - RLS Wacon analytics\",\"isPartOf\":{\"@id\":\"https:\\\/\\\/rls-wacon.de\\\/#website\"},\"primaryImageOfPage\":{\"@id\":\"https:\\\/\\\/rls-wacon.de\\\/produkt\\\/indikator-fe-4\\\/#primaryimage\"},\"image\":{\"@id\":\"https:\\\/\\\/rls-wacon.de\\\/produkt\\\/indikator-fe-4\\\/#primaryimage\"},\"thumbnailUrl\":\"https:\\\/\\\/rls-wacon.de\\\/wp-content\\\/uploads\\\/2023\\\/03\\\/indikator-fe-4.jpg\",\"datePublished\":\"2023-03-11T21:13:00+00:00\",\"breadcrumb\":{\"@id\":\"https:\\\/\\\/rls-wacon.de\\\/produkt\\\/indikator-fe-4\\\/#breadcrumb\"},\"inLanguage\":\"fr-FR\",\"potentialAction\":[{\"@type\":\"ReadAction\",\"target\":[\"https:\\\/\\\/rls-wacon.de\\\/produkt\\\/indikator-fe-4\\\/\"]}]},{\"@type\":\"ImageObject\",\"inLanguage\":\"fr-FR\",\"@id\":\"https:\\\/\\\/rls-wacon.de\\\/produkt\\\/indikator-fe-4\\\/#primaryimage\",\"url\":\"https:\\\/\\\/rls-wacon.de\\\/wp-content\\\/uploads\\\/2023\\\/03\\\/indikator-fe-4.jpg\",\"contentUrl\":\"https:\\\/\\\/rls-wacon.de\\\/wp-content\\\/uploads\\\/2023\\\/03\\\/indikator-fe-4.jpg\",\"width\":1920,\"height\":1280,\"caption\":\"indicateur-fe-4\"},{\"@type\":\"BreadcrumbList\",\"@id\":\"https:\\\/\\\/rls-wacon.de\\\/produkt\\\/indikator-fe-4\\\/#breadcrumb\",\"itemListElement\":[{\"@type\":\"ListItem\",\"position\":1,\"name\":\"Page d'accueil\",\"item\":\"https:\\\/\\\/rls-wacon.de\\\/\"},{\"@type\":\"ListItem\",\"position\":2,\"name\":\"Boutique\",\"item\":\"https:\\\/\\\/rls-wacon.de\\\/shop\\\/\"},{\"@type\":\"ListItem\",\"position\":3,\"name\":\"Indicateur FE 4\"}]},{\"@type\":\"WebSite\",\"@id\":\"https:\\\/\\\/rls-wacon.de\\\/#website\",\"url\":\"https:\\\/\\\/rls-wacon.de\\\/\",\"name\":\"RLS Wacon analytics GmbH\",\"description\":\"Experts for water monitoring\",\"publisher\":{\"@id\":\"https:\\\/\\\/rls-wacon.de\\\/#organization\"},\"potentialAction\":[{\"@type\":\"SearchAction\",\"target\":{\"@type\":\"EntryPoint\",\"urlTemplate\":\"https:\\\/\\\/rls-wacon.de\\\/?s={search_term_string}\"},\"query-input\":{\"@type\":\"PropertyValueSpecification\",\"valueRequired\":true,\"valueName\":\"search_term_string\"}}],\"inLanguage\":\"fr-FR\"},{\"@type\":\"Organization\",\"@id\":\"https:\\\/\\\/rls-wacon.de\\\/#organization\",\"name\":\"RLS Wacon analytics GmbH\",\"url\":\"https:\\\/\\\/rls-wacon.de\\\/\",\"logo\":{\"@type\":\"ImageObject\",\"inLanguage\":\"fr-FR\",\"@id\":\"https:\\\/\\\/rls-wacon.de\\\/#\\\/schema\\\/logo\\\/image\\\/\",\"url\":\"https:\\\/\\\/rls-wacon.de\\\/wp-content\\\/uploads\\\/2022\\\/10\\\/RLSWacon-analytics-Logo-BR-RZ-9_17-768x1591.png\",\"contentUrl\":\"https:\\\/\\\/rls-wacon.de\\\/wp-content\\\/uploads\\\/2022\\\/10\\\/RLSWacon-analytics-Logo-BR-RZ-9_17-768x1591.png\",\"width\":768,\"height\":159,\"caption\":\"RLS Wacon analytics GmbH\"},\"image\":{\"@id\":\"https:\\\/\\\/rls-wacon.de\\\/#\\\/schema\\\/logo\\\/image\\\/\"}}]}<\/script>\n<meta property=\"product:price:amount\" content=\"9999.00\" \/>\n<meta property=\"product:price:currency\" content=\"EUR\" \/>\n<meta property=\"og:availability\" content=\"instock\" \/>\n<meta property=\"product:availability\" content=\"instock\" \/>\n<meta property=\"product:retailer_item_id\" content=\"32-080310\" \/>\n<meta property=\"product:condition\" content=\"new\" \/>\n<!-- \/ Yoast SEO Premium plugin. -->","yoast_head_json":{"title":"Indicateur FE 4 - RLS Wacon analytics","robots":{"index":"index","follow":"follow","max-snippet":"max-snippet:-1","max-image-preview":"max-image-preview:large","max-video-preview":"max-video-preview:-1"},"canonical":"https:\/\/rls-wacon.de\/produkt\/indikator-fe-4\/","og_locale":"fr_FR","og_type":"article","og_title":"Indicateur FE 4","og_description":"L'indicateur FE 4 est un indicateur de la teneur en fer destin\u00e9 \u00e0 \u00eatre utilis\u00e9 avec l'analyseur Sycon 3000 Fe. Comme tous nos indicateurs pour nos propres analyseurs, le FE 4 pr\u00e9sente les caract\u00e9ristiques suivantes  Utilisation de mati\u00e8res premi\u00e8res de qualit\u00e9  Fabrication selon notre propre recette  Dur\u00e9e de conservation de 24 mois","og_url":"https:\/\/rls-wacon.de\/produkt\/indikator-fe-4\/","og_site_name":"RLS Wacon analytics","og_image":[{"width":1920,"height":1280,"url":"https:\/\/rls-wacon.de\/wp-content\/uploads\/2023\/03\/indikator-fe-4.jpg","type":"image\/jpeg"}],"twitter_card":"summary_large_image","twitter_misc":{"Prix":"9.999,00&nbsp;&euro;","Disponibilit\u00e9":"En stock"},"schema":{"@context":"https:\/\/schema.org","@graph":[{"@type":"WebPage","@id":"https:\/\/rls-wacon.de\/produkt\/indikator-fe-4\/","url":"https:\/\/rls-wacon.de\/produkt\/indikator-fe-4\/","name":"Indicateur FE 4 - RLS Wacon analytics","isPartOf":{"@id":"https:\/\/rls-wacon.de\/#website"},"primaryImageOfPage":{"@id":"https:\/\/rls-wacon.de\/produkt\/indikator-fe-4\/#primaryimage"},"image":{"@id":"https:\/\/rls-wacon.de\/produkt\/indikator-fe-4\/#primaryimage"},"thumbnailUrl":"https:\/\/rls-wacon.de\/wp-content\/uploads\/2023\/03\/indikator-fe-4.jpg","datePublished":"2023-03-11T21:13:00+00:00","breadcrumb":{"@id":"https:\/\/rls-wacon.de\/produkt\/indikator-fe-4\/#breadcrumb"},"inLanguage":"fr-FR","potentialAction":[{"@type":"ReadAction","target":["https:\/\/rls-wacon.de\/produkt\/indikator-fe-4\/"]}]},{"@type":"ImageObject","inLanguage":"fr-FR","@id":"https:\/\/rls-wacon.de\/produkt\/indikator-fe-4\/#primaryimage","url":"https:\/\/rls-wacon.de\/wp-content\/uploads\/2023\/03\/indikator-fe-4.jpg","contentUrl":"https:\/\/rls-wacon.de\/wp-content\/uploads\/2023\/03\/indikator-fe-4.jpg","width":1920,"height":1280,"caption":"indicateur-fe-4"},{"@type":"BreadcrumbList","@id":"https:\/\/rls-wacon.de\/produkt\/indikator-fe-4\/#breadcrumb","itemListElement":[{"@type":"ListItem","position":1,"name":"Page d'accueil","item":"https:\/\/rls-wacon.de\/"},{"@type":"ListItem","position":2,"name":"Boutique","item":"https:\/\/rls-wacon.de\/shop\/"},{"@type":"ListItem","position":3,"name":"Indicateur FE 4"}]},{"@type":"WebSite","@id":"https:\/\/rls-wacon.de\/#website","url":"https:\/\/rls-wacon.de\/","name":"RLS Wacon analytics GmbH","description":"Experts for water monitoring","publisher":{"@id":"https:\/\/rls-wacon.de\/#organization"},"potentialAction":[{"@type":"SearchAction","target":{"@type":"EntryPoint","urlTemplate":"https:\/\/rls-wacon.de\/?s={search_term_string}"},"query-input":{"@type":"PropertyValueSpecification","valueRequired":true,"valueName":"search_term_string"}}],"inLanguage":"fr-FR"},{"@type":"Organization","@id":"https:\/\/rls-wacon.de\/#organization","name":"RLS Wacon analytics GmbH","url":"https:\/\/rls-wacon.de\/","logo":{"@type":"ImageObject","inLanguage":"fr-FR","@id":"https:\/\/rls-wacon.de\/#\/schema\/logo\/image\/","url":"https:\/\/rls-wacon.de\/wp-content\/uploads\/2022\/10\/RLSWacon-analytics-Logo-BR-RZ-9_17-768x1591.png","contentUrl":"https:\/\/rls-wacon.de\/wp-content\/uploads\/2022\/10\/RLSWacon-analytics-Logo-BR-RZ-9_17-768x1591.png","width":768,"height":159,"caption":"RLS Wacon analytics GmbH"},"image":{"@id":"https:\/\/rls-wacon.de\/#\/schema\/logo\/image\/"}}]},"product_price_amount":"9999.00","product_price_currency":"EUR","og_availability":"instock","product_availability":"instock","product_retailer_item_id":"32-080310","product_condition":"new"},"_links":{"self":[{"href":"https:\/\/rls-wacon.de\/fr\/wp-json\/wp\/v2\/product\/21966","targetHints":{"allow":["GET"]}}],"collection":[{"href":"https:\/\/rls-wacon.de\/fr\/wp-json\/wp\/v2\/product"}],"about":[{"href":"https:\/\/rls-wacon.de\/fr\/wp-json\/wp\/v2\/types\/product"}],"version-history":[{"count":0,"href":"https:\/\/rls-wacon.de\/fr\/wp-json\/wp\/v2\/product\/21966\/revisions"}],"wp:featuredmedia":[{"embeddable":true,"href":"https:\/\/rls-wacon.de\/fr\/wp-json\/wp\/v2\/media\/20725"}],"wp:attachment":[{"href":"https:\/\/rls-wacon.de\/fr\/wp-json\/wp\/v2\/media?parent=21966"}],"wp:term":[{"taxonomy":"product_brand","embeddable":true,"href":"https:\/\/rls-wacon.de\/fr\/wp-json\/wp\/v2\/product_brand?post=21966"},{"taxonomy":"product_cat","embeddable":true,"href":"https:\/\/rls-wacon.de\/fr\/wp-json\/wp\/v2\/product_cat?post=21966"},{"taxonomy":"product_tag","embeddable":true,"href":"https:\/\/rls-wacon.de\/fr\/wp-json\/wp\/v2\/product_tag?post=21966"}],"curies":[{"name":"wp","href":"https:\/\/api.w.org\/{rel}","templated":true}]}}