{"id":21981,"date":"2023-03-11T21:12:59","date_gmt":"2023-03-11T21:12:59","guid":{"rendered":"https:\/\/rls-wacon.de\/produkt\/hanna-phep-4\/"},"modified":"2026-02-16T19:05:18","modified_gmt":"2026-02-16T18:05:18","slug":"hanna-phep-4","status":"publish","type":"product","link":"https:\/\/rls-wacon.de\/fr\/produkt\/hanna-phep-4\/","title":{"rendered":"Hanna pHep 4"},"content":{"rendered":"<table class=\"wacon-table\" style=\"height: 510px; width: 544px;\">\n<tbody>\n<tr>\n<td><strong>Testeur de pH<\/strong><\/td>\n<td style=\"text-align: center;\"><strong><sup>pHep\u00ae4<\/sup><\/strong><\/td>\n<td style=\"text-align: center;\"><strong><sup>pHep\u00ae5<\/sup><\/strong><\/td>\n<\/tr>\n<tr>\n<td>Num\u00e9ro d&rsquo;article<\/td>\n<td style=\"text-align: center;\">30-078140<\/td>\n<td style=\"text-align: center;\">30-078150<\/td>\n<\/tr>\n<tr>\n<td>Plage de mesure du pH<\/td>\n<td style=\"text-align: center;\" colspan=\"2\">-2,0 \u00e0 16,0 pH<\/td>\n<\/tr>\n<tr>\n<td>Plage de mesure de la temp\u00e9rature<\/td>\n<td style=\"text-align: center;\" colspan=\"2\">-5,0 \u00e0 60,0\u00b0C<\/td>\n<\/tr>\n<tr>\n<td>R\u00e9solution pH<\/td>\n<td style=\"text-align: center;\">0,1 pH<\/td>\n<td style=\"text-align: center;\">0,01 pH<\/td>\n<\/tr>\n<tr>\n<td>R\u00e9solution temp\u00e9rature<\/td>\n<td style=\"text-align: center;\" colspan=\"2\">0,1\u00b0C<\/td>\n<\/tr>\n<tr>\n<td>Pr\u00e9cision (\u00e0 20\u00b0C) pH<\/td>\n<td style=\"text-align: center;\">\u00b10,1 pH<\/td>\n<td style=\"text-align: center;\">\u00b10,05 pH<\/td>\n<\/tr>\n<tr>\n<td>Pr\u00e9cision (\u00e0 20\u00b0C) Temp\u00e9rature<\/td>\n<td style=\"text-align: center;\" colspan=\"2\">\u00b10,5\u00b0C<\/td>\n<\/tr>\n<tr>\n<td>\u00c9talonnage du pH<\/td>\n<td style=\"text-align: center;\" colspan=\"2\">Calibrage automatique en un ou deux points avec deux jeux de tampons standard (pH 4,01 &#8211; 7,01 &#8211; 10,01 ou 4,01 &#8211; 6,86, &#8211; 9,18)<\/td>\n<\/tr>\n<\/tbody>\n<\/table>\n","protected":false},"excerpt":{"rendered":"<p>Les testeurs de pH de Hanna Instruments combinent performance et facilit\u00e9 d&rsquo;utilisation dans un format de poche. Les deux testeurs <sup>pHep\u00ae4<\/sup>et <sup>pHep\u00ae5<\/sup>sont \u00e9quip\u00e9s d&rsquo;un bo\u00eetier 100% \u00e9tanche et flottant, d&rsquo;une \u00e9lectrode interchangeable avec diaphragme textile et d&rsquo;une sonde de temp\u00e9rature int\u00e9gr\u00e9e. Ils garantissent des mesures rapides et s\u00fbres sur site et en laboratoire. La valeur du pH et la temp\u00e9rature sont affich\u00e9es simultan\u00e9ment sur l&rsquo;\u00e9cran.<\/p>\n","protected":false},"featured_media":20726,"template":"","meta":{"_acf_changed":false},"product_brand":[],"product_cat":[994],"product_tag":[],"class_list":{"0":"post-21981","1":"product","2":"type-product","3":"status-publish","4":"has-post-thumbnail","6":"product_cat-ph-metre","8":"first","9":"instock","10":"shipping-taxable","11":"purchasable","12":"product-type-simple"},"exclude_global_add_ons":[],"addons":[],"acf":[],"yoast_head":"<!-- This site is optimized with the Yoast SEO Premium plugin v27.3 (Yoast SEO v27.4) - https:\/\/yoast.com\/product\/yoast-seo-premium-wordpress\/ -->\n<title>Hanna pHep 4 - RLS Wacon analytics<\/title>\n<meta name=\"description\" content=\"Les testeurs de pH de Hanna Instruments combinent performance et facilit\u00e9 d&#039;utilisation dans un format de poche.\" \/>\n<meta name=\"robots\" content=\"index, follow, max-snippet:-1, max-image-preview:large, max-video-preview:-1\" \/>\n<link rel=\"canonical\" href=\"https:\/\/rls-wacon.de\/fr\/produkt\/hanna-phep-4\/\" \/>\n<meta property=\"og:locale\" content=\"fr_FR\" \/>\n<meta property=\"og:type\" content=\"article\" \/>\n<meta property=\"og:title\" content=\"Hanna pHep 4\" \/>\n<meta property=\"og:description\" content=\"Les testeurs de pH de Hanna Instruments combinent performance et facilit\u00e9 d&#039;utilisation dans un format de poche.\" \/>\n<meta property=\"og:url\" content=\"https:\/\/rls-wacon.de\/fr\/produkt\/hanna-phep-4\/\" \/>\n<meta property=\"og:site_name\" content=\"RLS Wacon analytics\" \/>\n<meta property=\"article:modified_time\" content=\"2026-02-16T18:05:18+00:00\" \/>\n<meta property=\"og:image\" content=\"https:\/\/rls-wacon.de\/wp-content\/uploads\/2023\/03\/30-078140-Hanna-pHep-4-scaled.jpg\" \/>\n\t<meta property=\"og:image:width\" content=\"2560\" \/>\n\t<meta property=\"og:image:height\" content=\"1707\" \/>\n\t<meta property=\"og:image:type\" content=\"image\/jpeg\" \/>\n<meta name=\"twitter:card\" content=\"summary_large_image\" \/>\n<meta name=\"twitter:label1\" content=\"Prix\" \/>\n\t<meta name=\"twitter:data1\" content=\"9.999,00&nbsp;&euro;\" \/>\n\t<meta name=\"twitter:label2\" content=\"Disponibilit\u00e9\" \/>\n\t<meta name=\"twitter:data2\" content=\"En stock\" \/>\n<script type=\"application\/ld+json\" class=\"yoast-schema-graph\">{\"@context\":\"https:\\\/\\\/schema.org\",\"@graph\":[{\"@type\":\"WebPage\",\"@id\":\"https:\\\/\\\/rls-wacon.de\\\/fr\\\/produkt\\\/hanna-phep-4\\\/\",\"url\":\"https:\\\/\\\/rls-wacon.de\\\/fr\\\/produkt\\\/hanna-phep-4\\\/\",\"name\":\"Hanna pHep 4 - RLS Wacon analytics\",\"isPartOf\":{\"@id\":\"https:\\\/\\\/rls-wacon.de\\\/#website\"},\"primaryImageOfPage\":{\"@id\":\"https:\\\/\\\/rls-wacon.de\\\/fr\\\/produkt\\\/hanna-phep-4\\\/#primaryimage\"},\"image\":{\"@id\":\"https:\\\/\\\/rls-wacon.de\\\/fr\\\/produkt\\\/hanna-phep-4\\\/#primaryimage\"},\"thumbnailUrl\":\"https:\\\/\\\/rls-wacon.de\\\/wp-content\\\/uploads\\\/2023\\\/03\\\/30-078140-Hanna-pHep-4-scaled.jpg\",\"datePublished\":\"2023-03-11T21:12:59+00:00\",\"dateModified\":\"2026-02-16T18:05:18+00:00\",\"description\":\"Les testeurs de pH de Hanna Instruments combinent performance et facilit\u00e9 d'utilisation dans un format de poche.\",\"breadcrumb\":{\"@id\":\"https:\\\/\\\/rls-wacon.de\\\/fr\\\/produkt\\\/hanna-phep-4\\\/#breadcrumb\"},\"inLanguage\":\"fr-FR\",\"potentialAction\":[{\"@type\":\"ReadAction\",\"target\":[\"https:\\\/\\\/rls-wacon.de\\\/fr\\\/produkt\\\/hanna-phep-4\\\/\"]}]},{\"@type\":\"ImageObject\",\"inLanguage\":\"fr-FR\",\"@id\":\"https:\\\/\\\/rls-wacon.de\\\/fr\\\/produkt\\\/hanna-phep-4\\\/#primaryimage\",\"url\":\"https:\\\/\\\/rls-wacon.de\\\/wp-content\\\/uploads\\\/2023\\\/03\\\/30-078140-Hanna-pHep-4-scaled.jpg\",\"contentUrl\":\"https:\\\/\\\/rls-wacon.de\\\/wp-content\\\/uploads\\\/2023\\\/03\\\/30-078140-Hanna-pHep-4-scaled.jpg\",\"width\":2560,\"height\":1707,\"caption\":\"30-078140 Hanna pHep 4\"},{\"@type\":\"BreadcrumbList\",\"@id\":\"https:\\\/\\\/rls-wacon.de\\\/fr\\\/produkt\\\/hanna-phep-4\\\/#breadcrumb\",\"itemListElement\":[{\"@type\":\"ListItem\",\"position\":1,\"name\":\"Page d'accueil\",\"item\":\"https:\\\/\\\/rls-wacon.de\\\/\"},{\"@type\":\"ListItem\",\"position\":2,\"name\":\"Boutique\",\"item\":\"https:\\\/\\\/rls-wacon.de\\\/shop\\\/\"},{\"@type\":\"ListItem\",\"position\":3,\"name\":\"Hanna pHep 4\"}]},{\"@type\":\"WebSite\",\"@id\":\"https:\\\/\\\/rls-wacon.de\\\/#website\",\"url\":\"https:\\\/\\\/rls-wacon.de\\\/\",\"name\":\"RLS Wacon analytics GmbH\",\"description\":\"Experts for water monitoring\",\"publisher\":{\"@id\":\"https:\\\/\\\/rls-wacon.de\\\/#organization\"},\"potentialAction\":[{\"@type\":\"SearchAction\",\"target\":{\"@type\":\"EntryPoint\",\"urlTemplate\":\"https:\\\/\\\/rls-wacon.de\\\/?s={search_term_string}\"},\"query-input\":{\"@type\":\"PropertyValueSpecification\",\"valueRequired\":true,\"valueName\":\"search_term_string\"}}],\"inLanguage\":\"fr-FR\"},{\"@type\":\"Organization\",\"@id\":\"https:\\\/\\\/rls-wacon.de\\\/#organization\",\"name\":\"RLS Wacon analytics GmbH\",\"url\":\"https:\\\/\\\/rls-wacon.de\\\/\",\"logo\":{\"@type\":\"ImageObject\",\"inLanguage\":\"fr-FR\",\"@id\":\"https:\\\/\\\/rls-wacon.de\\\/#\\\/schema\\\/logo\\\/image\\\/\",\"url\":\"https:\\\/\\\/rls-wacon.de\\\/wp-content\\\/uploads\\\/2022\\\/10\\\/RLSWacon-analytics-Logo-BR-RZ-9_17-768x1591.png\",\"contentUrl\":\"https:\\\/\\\/rls-wacon.de\\\/wp-content\\\/uploads\\\/2022\\\/10\\\/RLSWacon-analytics-Logo-BR-RZ-9_17-768x1591.png\",\"width\":768,\"height\":159,\"caption\":\"RLS Wacon analytics GmbH\"},\"image\":{\"@id\":\"https:\\\/\\\/rls-wacon.de\\\/#\\\/schema\\\/logo\\\/image\\\/\"}}]}<\/script>\n<meta property=\"product:price:amount\" content=\"9999.00\" \/>\n<meta property=\"product:price:currency\" content=\"EUR\" \/>\n<meta property=\"og:availability\" content=\"instock\" \/>\n<meta property=\"product:availability\" content=\"instock\" \/>\n<meta property=\"product:retailer_item_id\" content=\"30-078140\" \/>\n<meta property=\"product:condition\" content=\"new\" \/>\n<!-- \/ Yoast SEO Premium plugin. -->","yoast_head_json":{"title":"Hanna pHep 4 - RLS Wacon analytics","description":"Les testeurs de pH de Hanna Instruments combinent performance et facilit\u00e9 d'utilisation dans un format de poche.","robots":{"index":"index","follow":"follow","max-snippet":"max-snippet:-1","max-image-preview":"max-image-preview:large","max-video-preview":"max-video-preview:-1"},"canonical":"https:\/\/rls-wacon.de\/fr\/produkt\/hanna-phep-4\/","og_locale":"fr_FR","og_type":"article","og_title":"Hanna pHep 4","og_description":"Les testeurs de pH de Hanna Instruments combinent performance et facilit\u00e9 d'utilisation dans un format de poche.","og_url":"https:\/\/rls-wacon.de\/fr\/produkt\/hanna-phep-4\/","og_site_name":"RLS Wacon analytics","article_modified_time":"2026-02-16T18:05:18+00:00","og_image":[{"width":2560,"height":1707,"url":"https:\/\/rls-wacon.de\/wp-content\/uploads\/2023\/03\/30-078140-Hanna-pHep-4-scaled.jpg","type":"image\/jpeg"}],"twitter_card":"summary_large_image","twitter_misc":{"Prix":"9.999,00&nbsp;&euro;","Disponibilit\u00e9":"En stock"},"schema":{"@context":"https:\/\/schema.org","@graph":[{"@type":"WebPage","@id":"https:\/\/rls-wacon.de\/fr\/produkt\/hanna-phep-4\/","url":"https:\/\/rls-wacon.de\/fr\/produkt\/hanna-phep-4\/","name":"Hanna pHep 4 - RLS Wacon analytics","isPartOf":{"@id":"https:\/\/rls-wacon.de\/#website"},"primaryImageOfPage":{"@id":"https:\/\/rls-wacon.de\/fr\/produkt\/hanna-phep-4\/#primaryimage"},"image":{"@id":"https:\/\/rls-wacon.de\/fr\/produkt\/hanna-phep-4\/#primaryimage"},"thumbnailUrl":"https:\/\/rls-wacon.de\/wp-content\/uploads\/2023\/03\/30-078140-Hanna-pHep-4-scaled.jpg","datePublished":"2023-03-11T21:12:59+00:00","dateModified":"2026-02-16T18:05:18+00:00","description":"Les testeurs de pH de Hanna Instruments combinent performance et facilit\u00e9 d'utilisation dans un format de poche.","breadcrumb":{"@id":"https:\/\/rls-wacon.de\/fr\/produkt\/hanna-phep-4\/#breadcrumb"},"inLanguage":"fr-FR","potentialAction":[{"@type":"ReadAction","target":["https:\/\/rls-wacon.de\/fr\/produkt\/hanna-phep-4\/"]}]},{"@type":"ImageObject","inLanguage":"fr-FR","@id":"https:\/\/rls-wacon.de\/fr\/produkt\/hanna-phep-4\/#primaryimage","url":"https:\/\/rls-wacon.de\/wp-content\/uploads\/2023\/03\/30-078140-Hanna-pHep-4-scaled.jpg","contentUrl":"https:\/\/rls-wacon.de\/wp-content\/uploads\/2023\/03\/30-078140-Hanna-pHep-4-scaled.jpg","width":2560,"height":1707,"caption":"30-078140 Hanna pHep 4"},{"@type":"BreadcrumbList","@id":"https:\/\/rls-wacon.de\/fr\/produkt\/hanna-phep-4\/#breadcrumb","itemListElement":[{"@type":"ListItem","position":1,"name":"Page d'accueil","item":"https:\/\/rls-wacon.de\/"},{"@type":"ListItem","position":2,"name":"Boutique","item":"https:\/\/rls-wacon.de\/shop\/"},{"@type":"ListItem","position":3,"name":"Hanna pHep 4"}]},{"@type":"WebSite","@id":"https:\/\/rls-wacon.de\/#website","url":"https:\/\/rls-wacon.de\/","name":"RLS Wacon analytics GmbH","description":"Experts for water monitoring","publisher":{"@id":"https:\/\/rls-wacon.de\/#organization"},"potentialAction":[{"@type":"SearchAction","target":{"@type":"EntryPoint","urlTemplate":"https:\/\/rls-wacon.de\/?s={search_term_string}"},"query-input":{"@type":"PropertyValueSpecification","valueRequired":true,"valueName":"search_term_string"}}],"inLanguage":"fr-FR"},{"@type":"Organization","@id":"https:\/\/rls-wacon.de\/#organization","name":"RLS Wacon analytics GmbH","url":"https:\/\/rls-wacon.de\/","logo":{"@type":"ImageObject","inLanguage":"fr-FR","@id":"https:\/\/rls-wacon.de\/#\/schema\/logo\/image\/","url":"https:\/\/rls-wacon.de\/wp-content\/uploads\/2022\/10\/RLSWacon-analytics-Logo-BR-RZ-9_17-768x1591.png","contentUrl":"https:\/\/rls-wacon.de\/wp-content\/uploads\/2022\/10\/RLSWacon-analytics-Logo-BR-RZ-9_17-768x1591.png","width":768,"height":159,"caption":"RLS Wacon analytics GmbH"},"image":{"@id":"https:\/\/rls-wacon.de\/#\/schema\/logo\/image\/"}}]},"product_price_amount":"9999.00","product_price_currency":"EUR","og_availability":"instock","product_availability":"instock","product_retailer_item_id":"30-078140","product_condition":"new"},"_links":{"self":[{"href":"https:\/\/rls-wacon.de\/fr\/wp-json\/wp\/v2\/product\/21981","targetHints":{"allow":["GET"]}}],"collection":[{"href":"https:\/\/rls-wacon.de\/fr\/wp-json\/wp\/v2\/product"}],"about":[{"href":"https:\/\/rls-wacon.de\/fr\/wp-json\/wp\/v2\/types\/product"}],"version-history":[{"count":1,"href":"https:\/\/rls-wacon.de\/fr\/wp-json\/wp\/v2\/product\/21981\/revisions"}],"predecessor-version":[{"id":28600,"href":"https:\/\/rls-wacon.de\/fr\/wp-json\/wp\/v2\/product\/21981\/revisions\/28600"}],"wp:featuredmedia":[{"embeddable":true,"href":"https:\/\/rls-wacon.de\/fr\/wp-json\/wp\/v2\/media\/20726"}],"wp:attachment":[{"href":"https:\/\/rls-wacon.de\/fr\/wp-json\/wp\/v2\/media?parent=21981"}],"wp:term":[{"taxonomy":"product_brand","embeddable":true,"href":"https:\/\/rls-wacon.de\/fr\/wp-json\/wp\/v2\/product_brand?post=21981"},{"taxonomy":"product_cat","embeddable":true,"href":"https:\/\/rls-wacon.de\/fr\/wp-json\/wp\/v2\/product_cat?post=21981"},{"taxonomy":"product_tag","embeddable":true,"href":"https:\/\/rls-wacon.de\/fr\/wp-json\/wp\/v2\/product_tag?post=21981"}],"curies":[{"name":"wp","href":"https:\/\/api.w.org\/{rel}","templated":true}]}}